{"id":587,"date":"2020-06-26T13:06:07","date_gmt":"2020-06-26T11:06:07","guid":{"rendered":"http:\/\/mmstudies.com\/atb\/?page_id=587"},"modified":"2022-04-28T17:45:41","modified_gmt":"2022-04-28T15:45:41","slug":"diagnos","status":"publish","type":"page","link":"http:\/\/mmstudies.com\/atb\/diagnos\/","title":{"rendered":"PAPPAN S\u00c4TTER DEN SEDVANLIGA &#8221;DIAGNOSEN&#8221;  P\u00c5 MAMMAN OCH S\u00d6KER EFTER EN GR\u00c4VANDE JOURNALIST"},"content":{"rendered":"\n\n\t<p>PAPPAN S\u00c4TTER DEN SEDVANLIGA &#8221;DIAGNOSEN&#8221; P\u00c5 MAMMAN OCH ANNONSERAR EFTER EN GR\u00c4VANDE JOURNALIST\u00a0p\u00e5 Facebook den 26 okt 2018<\/p>\n<p>&nbsp;<\/p>\n<p><strong>Lista med l\u00e4nkar till alla hemsidor p\u00e5 denna site finns l\u00e4ngst ner p\u00e5 sidan!<\/strong><\/p>\n<p>&nbsp;<\/p>\n\t\t\t\t<img loading=\"lazy\" decoding=\"async\" src=\"http:\/\/mmstudies.com\/atb\/wp-content\/uploads\/sites\/18\/2020\/06\/IMG-9515-1.jpg\" alt=\"IMG-9515\" itemprop=\"image\" height=\"933\" width=\"713\" title=\"IMG-9515\" onerror=\"this.style.display='none'\"  \/>\n\t\t\t\t<img loading=\"lazy\" decoding=\"async\" src=\"http:\/\/mmstudies.com\/atb\/wp-content\/uploads\/sites\/18\/2020\/06\/IMG-9516.jpg\" alt=\"IMG-9516\" itemprop=\"image\" height=\"1005\" width=\"715\" title=\"IMG-9516\" onerror=\"this.style.display='none'\"  \/>\n\t\t\t\t<img loading=\"lazy\" decoding=\"async\" src=\"http:\/\/mmstudies.com\/atb\/wp-content\/uploads\/sites\/18\/2020\/06\/IMG-9517.jpg\" alt=\"IMG-9517\" itemprop=\"image\" height=\"1002\" width=\"718\" title=\"IMG-9517\" onerror=\"this.style.display='none'\"  \/>\n\t\t\t\t<img loading=\"lazy\" decoding=\"async\" src=\"http:\/\/mmstudies.com\/atb\/wp-content\/uploads\/sites\/18\/2020\/06\/IMG-9518.jpg\" alt=\"IMG-9518\" itemprop=\"image\" height=\"1022\" width=\"719\" title=\"IMG-9518\" onerror=\"this.style.display='none'\"  \/>\n\t\t\t\t<img loading=\"lazy\" decoding=\"async\" src=\"http:\/\/mmstudies.com\/atb\/wp-content\/uploads\/sites\/18\/2020\/06\/IMG-9519.jpg\" alt=\"IMG-9519\" itemprop=\"image\" height=\"1000\" width=\"729\" title=\"IMG-9519\" onerror=\"this.style.display='none'\"  \/>\n\t\t\t\t<img loading=\"lazy\" decoding=\"async\" src=\"http:\/\/mmstudies.com\/atb\/wp-content\/uploads\/sites\/18\/2020\/08\/100939151_2715366695371435_5661870341945819136_n-1-1.jpg\" alt=\"100939151_2715366695371435_5661870341945819136_n-1-1\" itemprop=\"image\" height=\"1016\" width=\"1024\" title=\"100939151_2715366695371435_5661870341945819136_n-1-1\" onerror=\"this.style.display='none'\"  \/>\n\t<h1>Och h\u00e4r \u00e4r beviset p\u00e5 att pappan under de tv\u00e5 f\u00f6rsta \u00e5ren fr\u00e5n det att han blev anm\u00e4ld f\u00f6r brott mot barnet aldrig ens blivit f\u00f6rh\u00f6rd.<\/h1>\n\t\t\t\t<img loading=\"lazy\" decoding=\"async\" src=\"http:\/\/mmstudies.com\/atb\/wp-content\/uploads\/sites\/18\/2022\/04\/75580071_10156965663953121_5771276258625191936_n-1-1.jpg\" alt=\"75580071_10156965663953121_5771276258625191936_n-1\" itemprop=\"image\" height=\"960\" width=\"540\" title=\"75580071_10156965663953121_5771276258625191936_n-1\" onerror=\"this.style.display='none'\"  \/>\n\t\t\t\t<img loading=\"lazy\" decoding=\"async\" src=\"http:\/\/mmstudies.com\/atb\/wp-content\/uploads\/sites\/18\/2022\/04\/75553091_10156965663948121_8790782011678654464_n.jpg\" alt=\"75553091_10156965663948121_8790782011678654464_n\" itemprop=\"image\" height=\"1280\" width=\"720\" title=\"75553091_10156965663948121_8790782011678654464_n\" onerror=\"this.style.display='none'\"  \/>\n\t<p>&nbsp;<\/p>\n<p><a href=\"http:\/\/mmstudies.com\/atb\/vem-ar-jag\/\">ABOUT<\/a><\/p>\n<p>&nbsp;<\/p>\n<p><strong>ANALYS AV SVT:s DOKUMENT\u00c4RSERIE:\u00a0<\/strong><\/p>\n<p><strong>ATT R\u00c4DDA ETT BARN<\/strong><\/p>\n<p>&nbsp;<\/p>\n<p><a href=\"http:\/\/mmstudies.com\/atb\/radda\">R\u00c4DDA M\u00c4N ELLER BARN?<\/a><\/p>\n<p>Redog\u00f6relse f\u00f6r det bedr\u00e4gliga uppl\u00e4gget kring tillkomsten av &#8221;dokument\u00e4rserien&#8221;: ATT R\u00c4DDA ETT BARN och den ideologiskt kunskapsfientliga agenda den ing\u00e5r i, som SVT Dokument inifr\u00e5n anslutit sig till i sina tidigare produktioner sen &#8221;K\u00f6nskriget&#8221; s\u00e4ndes 2005<\/p>\n<p>&nbsp;<\/p>\n<p><a href=\"http:\/\/mmstudies.com\/atb\/karta\">KARTA OCH KOMPASS TILL DRAMATURGIN<\/a><\/p>\n<p>&nbsp;<\/p>\n<h3><a href=\"https:\/\/www.svtplay.se\/video\/26863673\/dokument-inifran-att-radda-ett-barn\/dokument-inifran-att-radda-ett-barn-sasong-1-morka-krafter?start=auto\">DEL 1: M\u00d6RKA KRAFTER<\/a><\/h3>\n<p>&nbsp;<\/p>\n<p>PROLOG:<\/p>\n<p><a href=\"http:\/\/mmstudies.com\/atb\/prolog\">1:1 FAKTA ELLER FICTION<\/a><\/p>\n<p>&nbsp;<\/p>\n<p><a href=\"https:\/\/mmstudies.com\/atb\/agneta\">1:2 ROLLFIGUR NR 1: UPPVIGLARE MOT LAG OCH ORDNING<\/a><\/p>\n<p>&nbsp;<\/p>\n<p><a href=\"http:\/\/mmstudies.com\/atb\/lannes\">1:3 ROLLFIGUR nr 2 OCH 3 &#8211; UPPVIGLARENS ADJUTANTER OCH &#8221;CIVILISATIONENS&#8221; FIENDER<\/a><\/p>\n<p>&nbsp;<\/p>\n<p><a href=\"http:\/\/mmstudies.com\/atb\/sanning\">1:4 ROLLFIGURERNA 4 OCH 5: &#8221;CIVILISATIONENS&#8221; UTPOST MOT FIENDEN &#8211; DEN GODA F\u00c9N \/ SIBYLLAN OCH MODER SVEA\u00a0<\/a><\/p>\n<p>&nbsp;<\/p>\n<p>1:5 <a href=\"http:\/\/mmstudies.com\/atb\/filmade\/\">FILMADE DOKUMENT IST\u00c4LLET F\u00d6R GRANSKADE<\/a><\/p>\n<p>&nbsp;<\/p>\n<p><a href=\"http:\/\/mmstudies.com\/atb\/fejk\">1:6 FAKTA ELLER FEJK OM BARNETS VITTNESM\u00c5L?<\/a><\/p>\n<p>&nbsp;<\/p>\n<p><a href=\"http:\/\/mmstudies.com\/atb\/diagnos\">PAPPAN S\u00c4TTER DIAGNOS P\u00c5 MAMMAN OCH S\u00d6KER EFTER EN GR\u00c4VANDE JOURNALIST<\/a><\/p>\n<p>&nbsp;<\/p>\n<p>EPILOG:<\/p>\n<p><a href=\"\"http:\/\/mmstudies.com\/atb\/korruption\"\">1:7 &#8221;KONSPIRATIONSTEORIER&#8221; &#8211; ELLER V\u00c4LGRUNDADE MISSTANKAR OM KORRUPTION?<\/a><\/p>\n<p>&nbsp;<\/p>\n<h3><a href=\"https:\/\/www.svtplay.se\/video\/26929241\/dokument-inifran-att-radda-ett-barn\/dokument-inifran-att-radda-ett-barn-sasong-1-en-ny-maktig-motstandare?start=auto\">Del 2: EN NY M\u00c4KTIG MOTST\u00c5NDARE \u00bb<\/a><\/h3>\n<p>&nbsp;<\/p>\n<p><a href=\"http:\/\/mmstudies.com\/atb\/spar\/\">2:1 VILSELEDANDE SP\u00c5R I WALLRAFFANDET<\/a><\/p>\n<p>&nbsp;<\/p>\n<p><a href=\"http:\/\/mmstudies.com\/atb\/vem\/\">2:2\u00a0ROLLFIGUR nr 6: DEN VILSELEDDA BARMH\u00c4RTIGA SAMARITEN<\/a><\/p>\n<p>&nbsp;<\/p>\n<p><a href=\"http:\/\/mmstudies.com\/atb\/solberg\/\">2:3 ROLLFIGUR nr 7: \u00a0DEN SKUMMA INFILTRAT\u00d6REN OCH UPPVIGLAREN MOT LAG OCH ORDNING &#8211; MAMMANS OMBUD \u00a0<\/a><\/p>\n<p>&nbsp;<\/p>\n<p><a href=\"http:\/\/mmstudies.com\/atb\/fen\/\">2:4 MODER SVEA OCH DEN GODA F\u00c9N VALLAR DE VILSEG\u00c5NGNA TILLBAKA I F\u00c5LLAN IGEN<\/a><\/p>\n<p>&nbsp;<\/p>\n<h3><a href=\"https:\/\/www.svtplay.se\/video\/27017013\/dokument-inifran-att-radda-ett-barn\/dokument-inifran-att-radda-ett-barn-sasong-1-natverkets-makt?start=auto\">Del 3: ETT M\u00c4KTIGT N\u00c4TVERK<\/a><\/h3>\n<p>&nbsp;<\/p>\n<p><a href=\"http:\/\/mmstudies.com\/atb\/saga\/\">3:1 SAGANS SANNING\u00a0<\/a><\/p>\n<p>&nbsp;<\/p>\n<p><a href=\"http:\/\/mmstudies.com\/atb\/riddare\/\">3:2 LJUSETS RIDDARE &#8221;AVSL\u00d6JADE&#8221; SOM M\u00d6RKRETS<\/a><\/p>\n<p>&nbsp;<\/p>\n<p><a href=\"http:\/\/mmstudies.com\/atb\/troll\">3:3 DAGS F\u00d6R OFFENTLIG AVR\u00c4TTNING AV BRY-H\u00c4XANS ADJUTANT &#8211; DEN HORNF\u00d6RSEDDA BRY-TROLLGUBBEN\u00a0<\/a>\u00bb<\/p>\n<p>&nbsp;<\/p>\n<p><a href=\"http:\/\/mmstudies.com\/atb\/lista\">LISTA MED FAKTAFEL<\/a><\/p>\n\n<p>REFERENSER TILL FAKTA OCH SAKKUNSKAP SOM MYNDIGHETERNA OCH SVT \/ BO-G\u00d6RAN BODIN NEGLIGERAR<\/p>\n<p>&nbsp;<\/p>\n<p><a href=\"http:\/\/mmstudies.com\/atb\/fakta1\">FAKTA I FALLET ANNA &amp; ELIAS nr 1 \u00bb<\/a><\/p>\n<p>&nbsp;<\/p>\n<p><a href=\"http:\/\/mmstudies.com\/atb\/fakta2\">FAKTA I FALLET ANNA &amp; ELIAS nr 2 \u00bb<\/a><\/p>\n<p>&nbsp;<\/p>\n<p><a href=\"http:\/\/mmstudies.com\/atb\/amator\">EXPERTER SOM DISKVALIFICERAS AV AMAT\u00d6RER \u00bb<\/a><\/p>\n<p>&nbsp;<\/p>\n<p><a href=\"http:\/\/mmstudies.com\/atb\/metodik\/\">STOR OKUNSKAP OM GRUNDL\u00c4GGANDE UTREDNINGSMETODIK<\/a> \u00bb<\/p>\n<p>&nbsp;<\/p>\n<p><a href=\"http:\/\/mmstudies.com\/atb\/barn\/\">STOR OKUNSKAP OM BARNF\u00d6RH\u00d6R \u00bb<\/a><\/p>\n<p>&nbsp;<\/p>\n<p><a href=\"http:\/\/mmstudies.com\/atb\/erinran\">MAMMANS ADVOKAT ANNA EDELHJELM I OHELIG ALLIANS MED ATSUB \u00bb<\/a><\/p>\n<p>&nbsp;<\/p>\n<p><a href=\"http:\/\/mmstudies.com\/atb\/jo\/\">KOLLEKTIV JO-ANM\u00c4LAN TILL\u00a0CHEFS-JO ELISABETH RYNNING \u00bb<\/a><\/p>\n<p>&nbsp;<\/p>\n<p><a href=\"http:\/\/mmstudies.com\/atb\/diagnos\">PAPPAN S\u00c4TTER DIAGNOS P\u00c5 MAMMAN OCH S\u00d6KER EFTER EN GR\u00c4VANDE JOURNALIST\u00bb<\/a><\/p>\n\t<p>&nbsp;<\/p>\n<p><a href=\"http:\/\/mmstudies.com\/atb\/vem-ar-jag\/\">ABOUT<\/a><\/p>\n<p>&nbsp;<\/p>\n<p><strong>ANALYS AV SVT:s DOKUMENT\u00c4RSERIE:\u00a0<\/strong><\/p>\n<p><strong>ATT R\u00c4DDA ETT BARN<\/strong><\/p>\n<p>&nbsp;<\/p>\n<p><a href=\"http:\/\/mmstudies.com\/atb\/radda\">R\u00c4DDA M\u00c4N ELLER BARN?<\/a><\/p>\n<p>Redog\u00f6relse f\u00f6r det bedr\u00e4gliga uppl\u00e4gget kring tillkomsten av &#8221;dokument\u00e4rserien&#8221;: ATT R\u00c4DDA ETT BARN och den ideologiskt kunskapsfientliga agenda den ing\u00e5r i, som SVT Dokument inifr\u00e5n anslutit sig till i sina tidigare produktioner sen &#8221;K\u00f6nskriget&#8221; s\u00e4ndes 2005<\/p>\n<p>&nbsp;<\/p>\n<p><a href=\"http:\/\/mmstudies.com\/atb\/karta\">KARTA OCH KOMPASS TILL DRAMATURGIN<\/a><\/p>\n<p>&nbsp;<\/p>\n<h3><a href=\"https:\/\/www.svtplay.se\/video\/26863673\/dokument-inifran-att-radda-ett-barn\/dokument-inifran-att-radda-ett-barn-sasong-1-morka-krafter?start=auto\">DEL 1: M\u00d6RKA KRAFTER<\/a><\/h3>\n<p>&nbsp;<\/p>\n<p>PROLOG:<\/p>\n<p><a href=\"http:\/\/mmstudies.com\/atb\/prolog\">1:1 FAKTA ELLER FICTION<\/a><\/p>\n<p>&nbsp;<\/p>\n<p><a href=\"https:\/\/mmstudies.com\/atb\/agneta\">1:2 ROLLFIGUR NR 1: UPPVIGLARE MOT LAG OCH ORDNING<\/a><\/p>\n<p>&nbsp;<\/p>\n<p><a href=\"http:\/\/mmstudies.com\/atb\/lannes\">1:3 ROLLFIGUR nr 2 OCH 3 &#8211; UPPVIGLARENS ADJUTANTER OCH &#8221;CIVILISATIONENS&#8221; FIENDER<\/a><\/p>\n<p>&nbsp;<\/p>\n<p><a href=\"http:\/\/mmstudies.com\/atb\/sanning\">1:4 ROLLFIGURERNA 4 OCH 5: &#8221;CIVILISATIONENS&#8221; UTPOST MOT FIENDEN &#8211; DEN GODA F\u00c9N \/ SIBYLLAN OCH MODER SVEA\u00a0<\/a><\/p>\n<p>&nbsp;<\/p>\n<p>1:5 <a href=\"http:\/\/mmstudies.com\/atb\/filmade\/\">FILMADE DOKUMENT IST\u00c4LLET F\u00d6R GRANSKADE<\/a><\/p>\n<p>&nbsp;<\/p>\n<p><a href=\"http:\/\/mmstudies.com\/atb\/fejk\">1:6 FAKTA ELLER FEJK OM BARNETS VITTNESM\u00c5L?<\/a><\/p>\n<p>&nbsp;<\/p>\n<p><a href=\"http:\/\/mmstudies.com\/atb\/diagnos\">PAPPAN S\u00c4TTER DIAGNOS P\u00c5 MAMMAN OCH S\u00d6KER EFTER EN GR\u00c4VANDE JOURNALIST<\/a><\/p>\n<p>&nbsp;<\/p>\n<p>EPILOG:<\/p>\n<p><a href=\"\"http:\/\/mmstudies.com\/atb\/korruption\"\">1:7 &#8221;KONSPIRATIONSTEORIER&#8221; &#8211; ELLER V\u00c4LGRUNDADE MISSTANKAR OM KORRUPTION?<\/a><\/p>\n<p>&nbsp;<\/p>\n<h3><a href=\"https:\/\/www.svtplay.se\/video\/26929241\/dokument-inifran-att-radda-ett-barn\/dokument-inifran-att-radda-ett-barn-sasong-1-en-ny-maktig-motstandare?start=auto\">Del 2: EN NY M\u00c4KTIG MOTST\u00c5NDARE \u00bb<\/a><\/h3>\n<p>&nbsp;<\/p>\n<p><a href=\"http:\/\/mmstudies.com\/atb\/spar\/\">2:1 VILSELEDANDE SP\u00c5R I WALLRAFFANDET<\/a><\/p>\n<p>&nbsp;<\/p>\n<p><a href=\"http:\/\/mmstudies.com\/atb\/vem\/\">2:2\u00a0ROLLFIGUR nr 6: DEN VILSELEDDA BARMH\u00c4RTIGA SAMARITEN<\/a><\/p>\n<p>&nbsp;<\/p>\n<p><a href=\"http:\/\/mmstudies.com\/atb\/solberg\/\">2:3 ROLLFIGUR nr 7: \u00a0DEN SKUMMA INFILTRAT\u00d6REN OCH UPPVIGLAREN MOT LAG OCH ORDNING &#8211; MAMMANS OMBUD \u00a0<\/a><\/p>\n<p>&nbsp;<\/p>\n<p><a href=\"http:\/\/mmstudies.com\/atb\/fen\/\">2:4 MODER SVEA OCH DEN GODA F\u00c9N VALLAR DE VILSEG\u00c5NGNA TILLBAKA I F\u00c5LLAN IGEN<\/a><\/p>\n<p>&nbsp;<\/p>\n<h3><a href=\"https:\/\/www.svtplay.se\/video\/27017013\/dokument-inifran-att-radda-ett-barn\/dokument-inifran-att-radda-ett-barn-sasong-1-natverkets-makt?start=auto\">Del 3: ETT M\u00c4KTIGT N\u00c4TVERK<\/a><\/h3>\n<p>&nbsp;<\/p>\n<p><a href=\"http:\/\/mmstudies.com\/atb\/saga\/\">3:1 SAGANS SANNING\u00a0<\/a><\/p>\n<p>&nbsp;<\/p>\n<p><a href=\"http:\/\/mmstudies.com\/atb\/riddare\/\">3:2 LJUSETS RIDDARE &#8221;AVSL\u00d6JADE&#8221; SOM M\u00d6RKRETS<\/a><\/p>\n<p>&nbsp;<\/p>\n<p><a href=\"http:\/\/mmstudies.com\/atb\/troll\">3:3 DAGS F\u00d6R OFFENTLIG AVR\u00c4TTNING AV BRY-H\u00c4XANS ADJUTANT &#8211; DEN HORNF\u00d6RSEDDA BRY-TROLLGUBBEN\u00a0<\/a>\u00bb<\/p>\n<p>&nbsp;<\/p>\n<p><a href=\"http:\/\/mmstudies.com\/atb\/lista\">LISTA MED FAKTAFEL<\/a><\/p>\n\n<p>REFERENSER TILL FAKTA OCH SAKKUNSKAP SOM MYNDIGHETERNA OCH SVT \/ BO-G\u00d6RAN BODIN NEGLIGERAR<\/p>\n<p>&nbsp;<\/p>\n<p><a href=\"http:\/\/mmstudies.com\/atb\/fakta1\">FAKTA I FALLET ANNA &amp; ELIAS nr 1 \u00bb<\/a><\/p>\n<p>&nbsp;<\/p>\n<p><a href=\"http:\/\/mmstudies.com\/atb\/fakta2\">FAKTA I FALLET ANNA &amp; ELIAS nr 2 \u00bb<\/a><\/p>\n<p>&nbsp;<\/p>\n<p><a href=\"http:\/\/mmstudies.com\/atb\/amator\">EXPERTER SOM DISKVALIFICERAS AV AMAT\u00d6RER \u00bb<\/a><\/p>\n<p>&nbsp;<\/p>\n<p><a href=\"http:\/\/mmstudies.com\/atb\/metodik\/\">STOR OKUNSKAP OM GRUNDL\u00c4GGANDE UTREDNINGSMETODIK<\/a> \u00bb<\/p>\n<p>&nbsp;<\/p>\n<p><a href=\"http:\/\/mmstudies.com\/atb\/barn\/\">STOR OKUNSKAP OM BARNF\u00d6RH\u00d6R \u00bb<\/a><\/p>\n<p>&nbsp;<\/p>\n<p><a href=\"http:\/\/mmstudies.com\/atb\/erinran\">MAMMANS ADVOKAT ANNA EDELHJELM I OHELIG ALLIANS MED ATSUB \u00bb<\/a><\/p>\n<p>&nbsp;<\/p>\n<p><a href=\"http:\/\/mmstudies.com\/atb\/jo\/\">KOLLEKTIV JO-ANM\u00c4LAN TILL\u00a0CHEFS-JO ELISABETH RYNNING \u00bb<\/a><\/p>\n<p>&nbsp;<\/p>\n<p><a href=\"http:\/\/mmstudies.com\/atb\/diagnos\">PAPPAN S\u00c4TTER DIAGNOS P\u00c5 MAMMAN OCH S\u00d6KER EFTER EN GR\u00c4VANDE JOURNALIST\u00bb<\/a><\/p>\n\n","protected":false},"excerpt":{"rendered":"<p>PAPPAN S\u00c4TTER DEN SEDVANLIGA &#8221;DIAGNOSEN&#8221; P\u00c5 MAMMAN OCH ANNONSERAR EFTER EN GR\u00c4VANDE JOURNALIST\u00a0p\u00e5 Facebook den 26 okt 2018 &nbsp; Lista med l\u00e4nkar till alla hemsidor p\u00e5 denna site finns l\u00e4ngst ner p\u00e5 sidan! &nbsp; Och h\u00e4r \u00e4r beviset p\u00e5 att pappan under de tv\u00e5 f\u00f6rsta \u00e5ren fr\u00e5n det att han blev anm\u00e4ld f\u00f6r brott mot&#8230;<\/p>\n","protected":false},"author":1,"featured_media":0,"parent":0,"menu_order":0,"comment_status":"closed","ping_status":"closed","template":"full-width-page.php","meta":{"footnotes":""},"class_list":["post-587","page","type-page","status-publish","hentry"],"_links":{"self":[{"href":"http:\/\/mmstudies.com\/atb\/wp-json\/wp\/v2\/pages\/587","targetHints":{"allow":["GET"]}}],"collection":[{"href":"http:\/\/mmstudies.com\/atb\/wp-json\/wp\/v2\/pages"}],"about":[{"href":"http:\/\/mmstudies.com\/atb\/wp-json\/wp\/v2\/types\/page"}],"author":[{"embeddable":true,"href":"http:\/\/mmstudies.com\/atb\/wp-json\/wp\/v2\/users\/1"}],"replies":[{"embeddable":true,"href":"http:\/\/mmstudies.com\/atb\/wp-json\/wp\/v2\/comments?post=587"}],"version-history":[{"count":26,"href":"http:\/\/mmstudies.com\/atb\/wp-json\/wp\/v2\/pages\/587\/revisions"}],"predecessor-version":[{"id":3058,"href":"http:\/\/mmstudies.com\/atb\/wp-json\/wp\/v2\/pages\/587\/revisions\/3058"}],"wp:attachment":[{"href":"http:\/\/mmstudies.com\/atb\/wp-json\/wp\/v2\/media?parent=587"}],"curies":[{"name":"wp","href":"https:\/\/api.w.org\/{rel}","templated":true}]}}