{"id":1450,"date":"2019-06-29T12:29:47","date_gmt":"2019-06-29T12:29:47","guid":{"rendered":"http:\/\/mmstudies.com\/eftervaldet\/?page_id=1450"},"modified":"2023-01-31T11:40:48","modified_gmt":"2023-01-31T11:40:48","slug":"boss","status":"publish","type":"page","link":"http:\/\/mmstudies.com\/eftervaldet\/boss\/","title":{"rendered":"MATS SJ\u00d6STEN &#8211; BOSS \u00d6VER V\u00c5RDNADSM\u00c5L SEDAN 90-talet"},"content":{"rendered":"\n\n\t<h1>BRUTALISTEN MATS SJ\u00d6STEN &#8211; BOSS \u00d6VER V\u00c5RDNADSM\u00c5L SEDAN 90-talet<\/h1>\n\t\t\t\t<img loading=\"lazy\" decoding=\"async\" src=\"http:\/\/mmstudies.com\/eftervaldet\/wp-content\/uploads\/sites\/12\/2019\/03\/1462357234-1.jpeg\" alt=\"1462357234\" itemprop=\"image\" height=\"545\" width=\"444\" title=\"1462357234\" onerror=\"this.style.display='none'\"  \/>\n\t<p>Lagman Mats Sj\u00f6sten vid Varbergs tingsr\u00e4tt<\/p>\n\t<h1><a href=\"https:\/\/www.dn.se\/arkiv\/ledare\/misshandlade-barn-utan-lagligt-skydd\/\">Misshandlade barn utan lagligt skydd<\/a><\/h1>\n<h2>Vem \u00e4r det som best\u00e4mmer &#8211; Sveriges riksdag och regering eller Mats Sj\u00f6sten?<\/h2>\n\t<p><a href=\"https:\/\/www.dn.se\/ledare\/\"><b>Ledare<\/b><\/a><\/p>\n<h2>OBS! Ledaren publicerades i DN 2003. Och l\u00e4get \u00e4r of\u00f6r\u00e4ndrat sedan dess.<\/h2>\n<p><a href=\"https:\/\/facebook.com\/sharer.php?u=https%3A%2F%2Fwww.dn.se%2Farkiv%2Fledare%2Fmisshandlade-barn-utan-lagligt-skydd%2F\">Dela p\u00e5 Facebook<\/a><\/p>\n<p><a href=\"https:\/\/twitter.com\/share?url=https%3A%2F%2Fwww.dn.se%2Farkiv%2Fledare%2Fmisshandlade-barn-utan-lagligt-skydd%2F&amp;text=Misshandlade%20barn%20utan%20lagligt%20skydd%20-%20DN.SE\">Dela p\u00e5 Twitter<\/a><\/p>\n<p>&nbsp;<\/p>\n<p>MARIA CARLSHAMRE<\/p>\n<p>V\u00c5RDNADSTVISTER<\/p>\n<h2><em>Bakgrunden \u00e4r tv\u00e5delad. Dels en alldeles legitim \u00f6nskan att \u00f6ka pappors engagemang f\u00f6r sina barn. Dels den infekterade debatt som i b\u00f6rjan av 1990-talet skapade bilden att f\u00e4der som anklagas f\u00f6r att vara pedofiler \u00e4r oskyldiga. Allt detta bidrog till 1998 \u00e5rs lag som \u00f6ppnade f\u00f6r en djupt olycklig r\u00e4ttslig hantering av dessa viktiga fr\u00e5gor.<\/em><\/h2>\n<p>&nbsp;<\/p>\n<p>Ett mycket stort antal l\u00e4sare har h\u00f6rt av sig och undrat om det verkligen kan vara sant. Inte f\u00e5r v\u00e4l m\u00e4n d\u00f6mda f\u00f6r v\u00e5ldsbrott eller incest v\u00e5rdnaden om barn<\/p>\n<p>Det \u00e4r ju strikt reglerat att den som s\u00f6ker arbete p\u00e5 exempelvis en f\u00f6rskola m\u00e5ste visa utdrag ur straffregistret att man inte har d\u00f6mts f\u00f6r dessa brott.<\/p>\n<p>Jag har stor f\u00f6rst\u00e5else f\u00f6r denna reaktion. Det som \u00e4r osannolikt \u00e4r sv\u00e5rt att ta till sig och d\u00e4rf\u00f6r blir den f\u00f6rsta reaktionen ofta: &#8221;Detta kan inte vara sant!&#8221;<\/p>\n<p>Men i det h\u00e4r fallet \u00e4r det tyv\u00e4rr sant. I svenska domstolar i dag utg\u00e5r man fr\u00e5n att <strong>barn m\u00e5r bra av umg\u00e4nge ocks\u00e5 med en f\u00f6r\u00e4lder som har f\u00f6rgripit sig p\u00e5 barnet.<\/strong> Halvsm\u00e4lta amat\u00f6rpsykologiska spekulationer om att barnet annars bygger upp en mycket hemskare bild av den fr\u00e5nvarande f\u00f6r\u00e4ldern bildar utg\u00e5ngspunkt n\u00e4r barnet av domstolen d\u00f6ms att umg\u00e5s med f\u00f6r\u00e4ldern\/f\u00f6r\u00f6varen.<strong> Vad barnet sj\u00e4lvt anser, k\u00e4nner och vill tillm\u00e4ts ingen betydelse<\/strong>. Och vi talar h\u00e4r ocks\u00e5 om barn som har fyllt elva \u00e5r.<\/p>\n<p>Men forskningen visar entydigt att barn inte har behov av att tr\u00e4ffa en f\u00f6r\u00e4lder som ocks\u00e5 \u00e4r f\u00f6r\u00f6vare. Barn som efter sexuella \u00f6vergrepp ofta har symtom av posttraumatisk stress kan tv\u00e4rtom erfara en s\u00e5 kallad <strong>retraumatisering<\/strong> ocks\u00e5 vid en gles kontakt. Och d\u00e5 borde givetvis totalt umg\u00e4ngesstopp vara aktuellt. Men i Sverige \u00e4r gemensam v\u00e5rdnad och delat umg\u00e4nge en dogm.<\/p>\n<p>I Sverige uppfattar vi oss g\u00e4rna som barnv\u00e4nliga. Vi var f\u00f6rst med lagstiftning mot barnaga: barns r\u00e4ttigheter och barns s\u00e4kerhet ges i v\u00e5rt land stor betydelse. Just d\u00e4rf\u00f6r \u00e4r det m\u00e4rkligt att l\u00e4get f\u00f6r utsatta barn kraftigt f\u00f6rs\u00e4mrades med den nya lag om v\u00e5rdnad och umg\u00e4nge som kom 1998. I praktiken har den nya lagen inneburit att m\u00e5nga barn st\u00e5r helt utan lagligt skydd. <strong>Lagen skyddar f\u00f6r\u00f6varna.<\/strong><\/p>\n<p>Hur kunde det bli s\u00e5 h\u00e4r?<\/p>\n<p>Bakgrunden \u00e4r tv\u00e5delad. Dels en alldeles legitim \u00f6nskan att \u00f6ka pappors engagemang f\u00f6r sina barn. Dels den infekterade debatt som i b\u00f6rjan av 1990-talet skapade bilden att f\u00e4der som anklagas f\u00f6r att vara pedofiler \u00e4r oskyldiga. Allt detta bidrog till 1998 \u00e5rs lag som \u00f6ppnade f\u00f6r en djupt olycklig r\u00e4ttslig hantering av dessa viktiga fr\u00e5gor.<\/p>\n<p><strong>En nyckelperson i den h\u00e4r utvecklingen \u00e4r chefsr\u00e5dman Mats Sj\u00f6sten i G\u00f6teborg.<\/strong> N\u00e4r det g\u00e4ller den juridiska hanteringen av v\u00e5rdnadstvister \u00e4r hans ord lag, bokstavligen. Det \u00e4r hans penna, hans faktainsamling och hans slutsatser som ligger bakom dagens lagstiftning. Han var sekreterare i SOU 1995:79 &#8221;V\u00e5rdnad, boende, umg\u00e4nge&#8221;, och han har ock\u00e5 skrivit en handbok som domare och jurister anv\u00e4nder i sin praktiska ut\u00f6vning.<\/p>\n<p>D\u00e4rf\u00f6r \u00e4r det anm\u00e4rkningsv\u00e4rt att han dessutom \u00e4r <strong>expert i regeringens v\u00e5rdnadskommitt\u00e9, som har i uppdrag att utv\u00e4rdera 1998 \u00e5rs lag.<\/strong> Den lag vars utformning han sj\u00e4lv hade ett avg\u00f6rande inflytande \u00f6ver.<\/p>\n<p>I den nyutkomna &#8221;R\u00e4tten till ett barn&#8221; g\u00f6r journalisterna Anna-Carin Pihl och Tina Thunander en utm\u00e4rkt och nyanserad genomg\u00e5ng av den nya lagen och hur den har p\u00e5verkat svenska v\u00e5rdnadstvister. I boken finns ocks\u00e5 en <strong>intervju med Mats Sj\u00f6sten<\/strong>, d\u00e4r han bland annat kommenterar v\u00e5rdnadskommitt\u00e9ns direktiv. Enligt direktiven har kommitt\u00e9n bland annat i uppdrag \u00f6verv\u00e4ga om automatisk pr\u00f6vning av v\u00e5rdnaden ska g\u00f6ras om en f\u00f6r\u00e4lder d\u00f6mts f\u00f6r misshandel. Men det \u00e4r ingen bra id\u00e9, tycker Mats Sj\u00f6sten.<\/p>\n<p>&#8211; Hur skulle det g\u00e5 till<\/p>\n<p>Det finns olika grader av misshandel. Av en <strong>&#8221;lusing&#8221;,<\/strong> som vi s\u00e4ger p\u00e5 sk\u00e5nska, kan man inte dra i g\u00e5ng en s\u00e5 stor apparat som automatisk pr\u00f6vning av alla fall. Litet mer misshandel m\u00e5ste allt kr\u00e4vas f\u00f6r det.<\/p>\n<p>Med denna l\u00e4ttvindiga inst\u00e4llning till direktiven visar Sj\u00f6sten f\u00f6rv\u00e5nansv\u00e4rt bristf\u00e4lliga kunskaper om fakta och statistik p\u00e5 omr\u00e5det. F\u00f6r Sj\u00f6sten personligen kan ett slag vara okej, men direktiven talar faktiskt om f\u00f6r\u00e4ldrar som d\u00f6mts f\u00f6r misshandel. I dag vet man ocks\u00e5 att ett enda slag kan r\u00e4cka f\u00f6r att kuva en m\u00e4nniska f\u00f6r l\u00e5ng tid.<\/p>\n<p><strong>Sj\u00f6stens personliga uppfattning \u00e4r d\u00e4rut\u00f6ver att det \u00e4r ovanligt att en v\u00e5ldsam make \u00e4ven \u00e4r v\u00e5ldsam mot barnen.<\/strong> Men statistiken visar att minst varannan man som misshandlat sin fru ocks\u00e5 ger sig p\u00e5 barnen. <strong>Hans personliga uppfattning \u00e4r ocks\u00e5 att falska incestanklagelser \u00e4r mycket vanliga.<\/strong> Men internationell forskning visar att de i sj\u00e4lva verket \u00e4r relativt ovanliga. Unders\u00f6kningar fr\u00e5n USA och Australien har kommit fram till att omkring 90 procent av dem som anklagats var skyldiga.<\/p>\n<p><strong>Sj\u00f6sten har ett unikt inflytande \u00f6ver r\u00e4ttssystemet som nu och fram\u00f6ver ska hantera v\u00e5rdnadstvister.<\/strong><\/p>\n<p>Redan inf\u00f6r 1998 \u00e5rs lag var dock lagutskottet entydigt:<\/p>\n<p>&#8221;D\u00e4rf\u00f6r vill utskottet som sin mening framh\u00e5lla att i de fall d\u00e4r den ena f\u00f6r\u00e4ldern uts\u00e4tter en familjemedlem f\u00f6r v\u00e5ld, trakasserier eller annan kr\u00e4nkande behandling, gemensam v\u00e5rdnad mot en f\u00f6r\u00e4lders vilja b\u00f6r vara utesluten.&#8221; (Bet\u00e4nkande 97\/98:LU12 s 30)<\/p>\n<p>Men Mats Sj\u00f6sten gillar inte lagutskottet:<\/p>\n<p>&#8211; Lagutskottet s\u00e5gar alla f\u00f6r\u00e4ldrar som n\u00e5gon g\u00e5ng anv\u00e4nt v\u00e5ld eller gjort sig skyldiga till trakasserier eller n\u00e5gon annan kr\u00e4nkande behandling. Om domarna lyssnade p\u00e5 lagutskottet skulle vi aldrig kunna g\u00f6ra individuella bed\u00f6mningar.<\/p>\n<p><strong>Bakom Sj\u00f6stens formulering om individuella bed\u00f6mningar g\u00f6mmer sig i sj\u00e4lva verket r\u00e4ttsl\u00f6st godtycke<\/strong>. <strong>Men den avg\u00f6rande fr\u00e5gan \u00e4r: Vem \u00e4r det som best\u00e4mmer &#8211; Sveriges riksdag och regering eller Mats Sj\u00f6sten<\/strong><\/p>\n<p>Maria Carlshamre \u00e4r ledarskibent<\/p>\n<p>maria.carlshamre@dn.se<\/p>\n\t<blockquote data-secret=\"GsF0v2lmyH\"><p><a href=\"http:\/\/mmstudies.com\/eftervaldet\/statliga\/\">DE STATLIGA V\u00c5RDNADSUTREDNINGARNA<\/a><\/p><\/blockquote>\n<p><iframe loading=\"lazy\" title=\"&#8221;DE STATLIGA V\u00c5RDNADSUTREDNINGARNA&#8221; &#8212; #efterv\u00e5ldet\" sandbox=\"allow-scripts\" security=\"restricted\" src=\"http:\/\/mmstudies.com\/eftervaldet\/statliga\/embed\/#?secret=GsF0v2lmyH\" data-secret=\"GsF0v2lmyH\" width=\"600\" height=\"338\" frameborder=\"0\" marginwidth=\"0\" marginheight=\"0\" scrolling=\"no\"><\/iframe><\/p>\n<blockquote data-secret=\"Ut638AiSNl\"><p><a href=\"http:\/\/mmstudies.com\/eftervaldet\/lambertz\/\">MAILV\u00c4XLING MED LAGMAN MATS SJ\u00d6STEN OCH HOVR\u00c4TTSASSESSOR KARIN LAMBERTZ<\/a><\/p><\/blockquote>\n<p><iframe loading=\"lazy\" title=\"&#8221;MAILV\u00c4XLING MED LAGMAN MATS SJ\u00d6STEN OCH HOVR\u00c4TTSASSESSOR KARIN LAMBERTZ&#8221; &#8212; #efterv\u00e5ldet\" sandbox=\"allow-scripts\" security=\"restricted\" src=\"http:\/\/mmstudies.com\/eftervaldet\/lambertz\/embed\/#?secret=Ut638AiSNl\" data-secret=\"Ut638AiSNl\" width=\"600\" height=\"338\" frameborder=\"0\" marginwidth=\"0\" marginheight=\"0\" scrolling=\"no\"><\/iframe><\/p>\n<blockquote data-secret=\"0jnpw4NNxd\"><p><a href=\"http:\/\/mmstudies.com\/eftervaldet\/granskning-ms\/\">AVSL\u00d6JANDE GRANSKNING AV MATS SJ\u00d6STENS DOM I VARBERG-FALLET<\/a><\/p><\/blockquote>\n<p><iframe loading=\"lazy\" title=\"&#8221;AVSL\u00d6JANDE GRANSKNING AV MATS SJ\u00d6STENS DOM I VARBERG-FALLET&#8221; &#8212; #efterv\u00e5ldet\" sandbox=\"allow-scripts\" security=\"restricted\" src=\"http:\/\/mmstudies.com\/eftervaldet\/granskning-ms\/embed\/#?secret=0jnpw4NNxd\" data-secret=\"0jnpw4NNxd\" width=\"600\" height=\"338\" frameborder=\"0\" marginwidth=\"0\" marginheight=\"0\" scrolling=\"no\"><\/iframe><\/p>\n<blockquote data-secret=\"mG3sCYuLmQ\"><p><a href=\"http:\/\/mmstudies.com\/eftervaldet\/framsta-expert\/\">LANDETS FR\u00c4MSTA EXPERT P\u00c5 V\u00c5RDNADSM\u00c5L?<\/a><\/p><\/blockquote>\n<p><iframe loading=\"lazy\" title=\"&#8221;LANDETS FR\u00c4MSTA EXPERT P\u00c5 V\u00c5RDNADSM\u00c5L?&#8221; &#8212; #efterv\u00e5ldet\" sandbox=\"allow-scripts\" security=\"restricted\" src=\"http:\/\/mmstudies.com\/eftervaldet\/framsta-expert\/embed\/#?secret=mG3sCYuLmQ\" data-secret=\"mG3sCYuLmQ\" width=\"600\" height=\"338\" frameborder=\"0\" marginwidth=\"0\" marginheight=\"0\" scrolling=\"no\"><\/iframe><\/p>\n<blockquote data-secret=\"vrQZyM3kX6\"><p><a href=\"http:\/\/mmstudies.com\/mammamanualen\/mail\/\">Mailv\u00e4xling med landets tingsr\u00e4tter<\/a><\/p><\/blockquote>\n<p><iframe loading=\"lazy\" title=\"&#8221;Mailv\u00e4xling med landets tingsr\u00e4tter&#8221; &#8212; Mamma-Manualen\" sandbox=\"allow-scripts\" security=\"restricted\" src=\"http:\/\/mmstudies.com\/mammamanualen\/mail\/embed\/#?secret=vrQZyM3kX6\" data-secret=\"vrQZyM3kX6\" width=\"600\" height=\"338\" frameborder=\"0\" marginwidth=\"0\" marginheight=\"0\" scrolling=\"no\"><\/iframe><\/p>\n<blockquote data-secret=\"jcPig1TWhY\"><p><a href=\"http:\/\/mmstudies.com\/mammamanualen\/anefur\/\">R\u00e5dman Petter Anefur d\u00f6mer barn till tv\u00e5ngsumg\u00e4nge med f\u00f6r\u00f6vare<\/a><\/p><\/blockquote>\n<p><iframe loading=\"lazy\" title=\"&#8221;R\u00e5dman Petter Anefur d\u00f6mer barn till tv\u00e5ngsumg\u00e4nge med f\u00f6r\u00f6vare&#8221; &#8212; Mamma-Manualen\" sandbox=\"allow-scripts\" security=\"restricted\" src=\"http:\/\/mmstudies.com\/mammamanualen\/anefur\/embed\/#?secret=jcPig1TWhY\" data-secret=\"jcPig1TWhY\" width=\"600\" height=\"338\" frameborder=\"0\" marginwidth=\"0\" marginheight=\"0\" scrolling=\"no\"><\/iframe><\/p>\n<blockquote data-secret=\"HZ5zNlUjpX\"><p><a href=\"http:\/\/mmstudies.com\/mammamanualen\/linn-pantzar\/\">JO-anm\u00e4lan av r\u00e5dman Linn Pantzar f\u00f6r grova tj\u00e4nstefel<\/a><\/p><\/blockquote>\n<p><iframe loading=\"lazy\" title=\"&#8221;JO-anm\u00e4lan av r\u00e5dman Linn Pantzar f\u00f6r grova tj\u00e4nstefel&#8221; &#8212; Mamma-Manualen\" sandbox=\"allow-scripts\" security=\"restricted\" src=\"http:\/\/mmstudies.com\/mammamanualen\/linn-pantzar\/embed\/#?secret=HZ5zNlUjpX\" data-secret=\"HZ5zNlUjpX\" width=\"600\" height=\"338\" frameborder=\"0\" marginwidth=\"0\" marginheight=\"0\" scrolling=\"no\"><\/iframe><\/p>\n<blockquote data-secret=\"HPiSX3yoAo\"><p><a href=\"http:\/\/mmstudies.com\/mammamanualen\/mats-sjosten\/\">LAGMAN MATS SJ\u00d6STEN &#8211; EXPERT P\u00c5 V\u00c5RDNADSM\u00c5L<\/a><\/p><\/blockquote>\n<p><iframe loading=\"lazy\" title=\"&#8221;LAGMAN MATS SJ\u00d6STEN &#8211; EXPERT P\u00c5 V\u00c5RDNADSM\u00c5L&#8221; &#8212; Mamma-Manualen\" sandbox=\"allow-scripts\" security=\"restricted\" src=\"http:\/\/mmstudies.com\/mammamanualen\/mats-sjosten\/embed\/#?secret=HPiSX3yoAo\" data-secret=\"HPiSX3yoAo\" width=\"600\" height=\"338\" frameborder=\"0\" marginwidth=\"0\" marginheight=\"0\" scrolling=\"no\"><\/iframe><\/p>\n\t<p>&nbsp;<\/p>\n<p><em><a href=\"http:\/\/mmstudies.com\/eftervaldet\/\">AKTION #efterv\u00e5ldet mot samh\u00e4llsfarlig myndighetsut\u00f6vning<\/a><\/em><\/p>\n<p>&nbsp;<\/p>\n<p><em><a href=\"http:\/\/mmstudies.com\/eftervaldet\/\">KRITIK M\u00c5LS\u00c4TTNING OCH KRAV<\/a><\/em><\/p>\n<p>&nbsp;<\/p>\n<p><em><a href=\"http:\/\/mmstudies.con\/eftervaldet\/definition\">Efterv\u00e5ld &#8211; definition<\/a><\/em><\/p>\n<p>&nbsp;<\/p>\n<p><a href=\"http:\/\/mmstudies.com\/eftervaldet\/presentation\"><em>PRESENTATION AV #efterv\u00e5ldets \u00d6VERGRIPANDE UPPL\u00c4GG, KRITK, \u00a0FAKTA OCH KUNSKAPSUNDERLAG<\/em><\/a><\/p>\n<p>&nbsp;<\/p>\n<p><a href=\"http:\/\/mmstudies.com\/eftervaldet\/ipe-analys\/\"><em>IDEOLOGISK, POLITISK, EKONOMISK ANALYS<\/em><\/a><\/p>\n<p>&nbsp;<\/p>\n<p><em><a href=\"http:\/\/mmstudies.com\/eftervaldet\/falsk-varu\/\">MYNDIGHETSUT\u00d6VNING MED FALSK VARUDEKLARATION<\/a><\/em><\/p>\n<p>&nbsp;<\/p>\n<p><a href=\"http:\/\/mmstudies.com\/eftervaldet\/hum-faltet\/\"><em>1) Bristande kompetens att hantera komplext systemrelaterade problemst\u00e4llningar inom det humanvetenskapliga f\u00e4ltet<\/em><\/a><\/p>\n<p>&nbsp;<\/p>\n<p><em><a href=\"http:\/\/mmstudies.com\/eftervaldet\/spraklig\/\">2) Bristande spr\u00e5klig precisering, avgr\u00e4nsning och stringens<\/a><\/em><\/p>\n<p>&nbsp;<\/p>\n<p><a href=\"http:\/\/mmstudies.com\/eftervaldet\/tllampning\/\"><em>3) Bristande omd\u00f6me i fr\u00e5ga om till\u00e4mpningen av g\u00e4llande lag i F\u00f6r\u00e4ldrabalken och FN:s barnkonvention<\/em><\/a><\/p>\n<p>&nbsp;<\/p>\n<p><a href=\"http:\/\/mmstudies.com\/eftervaldet\/fakta\/\"><em>FAKTA-OCH KUNSKAPSUNDERLAG<\/em><\/a><\/p>\n<p>&nbsp;<\/p>\n<p><a href=\"http:\/\/mmstudies.com\/eftervaldet\/forbigas\/\"><em>ANGEL\u00c4GEN FORSKNING OCH VETENSKAP SOM F\u00d6RBIG\u00c5S<\/em><\/a><\/p>\n<p>&nbsp;<\/p>\n<p><a href=\"http:\/\/mmstudies.com\/eftervaldet\/enkatsvar\"><em>ENK\u00c4TSVAR fr\u00e5n 16 f\u00f6r\u00e4ldrar utsatta f\u00f6r DV \/ AC &amp; EFTERV\u00c5LD<\/em><\/a><\/p>\n<p>&nbsp;<\/p>\n<p><a href=\"http:\/\/mmstudies.com\/eftervaldet\/granskning-domar\/\"><em>SAMMANFATTNING AV MARIA KARLSSONS GRANSKNING AV DOMAR<\/em><\/a><\/p>\n<p>&nbsp;<\/p>\n<p><a href=\"http:\/\/mmstudies.com\/eftervaldet\/domar-vsnr\/\"><em>Domar vari pappor gjort sig skyldiga till DV \/ AC\u00a0<\/em><\/a><\/p>\n<p>&nbsp;<\/p>\n<p><em><a href=\"http:\/\/mmstudies.com\/eftervaldet\/pavarka\/\">Domar vari mammor tros &#8221;p\u00e5verka&#8221;, &#8221;dra in barn i konflikten&#8221;, inte kunna &#8221;samarbeta&#8221; pga att &#8221;ha fel inst\u00e4llning till pappan&#8221;, etc<\/a><\/em><\/p>\n<p>&nbsp;<\/p>\n<p><em><a href=\"http:\/\/mmstudies.com\/eftervaldet\/boss\/\">BRUTALISTEN MATS SJ\u00d6STEN &#8211; BOSS<\/a> <a href=\"http:\/\/mmstudies.com\/eftervaldet\/boss\/\">\u00d6VER V\u00c5RDNADSM\u00c5L SEDAN 90-talet<\/a><\/em><\/p>\n<p>&nbsp;<\/p>\n<p><a href=\"http:\/\/mmstudies.com\/eftervaldet\/statliga\/\"><em>DE STATLIGA V\u00c5RDNADSUTEDNINGARNA<\/em><\/a><\/p>\n<p>&nbsp;<\/p>\n<p><a href=\"http:\/\/mmstudies.com\/eftervaldet\/framsta-expert\/\"><em>LANDETS FR\u00c4MSTA EXPERT P\u00c5 V\u00c5RDNADSM\u00c5L<\/em><\/a><\/p>\n<p>&nbsp;<\/p>\n<p><a href=\"http:\/\/mmstudies.com\/eftervaldet\/granskning-ms\/\"><em>AVSL\u00d6JANDE GRANSKNING AV MATS SJ\u00d6STENS DOM I VARBERGFALLET<\/em><\/a><\/p>\n<p>&nbsp;<\/p>\n<p><a href=\"http:\/\/mmstudies.com\/eftervaldet\/lambertz\/\"><em>MAILV\u00c4XLING MED LAGMAN MATS SJ\u00d6STEN OCH HOVR\u00c4TTSASSESSOR KARIN LAMBERTZ<\/em><\/a><\/p>\n<p>&nbsp;<\/p>\n<p><a href=\"http:\/\/mmstudies.com\/eftervaldet\/fallet-maria2\/\"><em>Varbergsm\u00e5let:<\/em><\/a><\/p>\n<p>&nbsp;<\/p>\n<p><a href=\"http:\/\/mmstudies.com\/eftervaldet\/artiklar\"><em>ARTIKLAR<\/em><\/a><\/p>\n<p>&nbsp;<\/p>\n<p><a href=\"http:\/\/mmstudies.com\/eftervaldet\/jenny-orn\"><i>1. Jenny \u00d6rns fall<\/i><\/a><\/p>\n<p><i>2 .<\/i><a href=\"http:\/\/mmstudies.com\/eftervaldet\/maria-a-artikel\"><i>F\u00f6r\u00e4ldern Maria A:s fall publicerad i Aftonbladet 2017.<\/i><\/a><i>\u00a0<\/i><\/p>\n<p><a href=\"http:\/\/mmstudies.com\/eftervaldet\/lenas-fall\/\"><i>3.Trebarnsmamman Lenas fall<\/i><\/a><\/p>\n<p><a href=\"http:\/\/mmstudies.com\/eftervaldet\/svea-hovratt\/\"><i>4. Svea Hovr\u00e4ttsm\u00e5let med Thomas Bodstr\u00f6m som mammans ombud<\/i><\/a><\/p>\n<p><i>5. <\/i><a href=\"http:\/\/mmstudies.com\/eftervaldet\/fallet-maria2\/\"><i>V\u00e5rdnadsm\u00e5let vid \u00a0Varbergs tings\u00e4tt och Mats Sj\u00f6sten som domare<\/i><\/a><\/p>\n<p><a href=\"http:\/\/mmstudies.com\/eftervaldet\/suicidal\/\"><i>6) 12-\u00e5rig suicidal pojke tv\u00e5ngsf\u00f6rflyttas till sin f\u00f6r\u00f6vare<\/i><\/a><\/p>\n<p><a href=\"http:\/\/mmstudies.com\/eftervaldet\/anna-elias\/\"><i>7) Fallet Anna och Elias<\/i><\/a><\/p>\n<p><em><a href=\"http:\/\/mmstudies.com\/eftervaldet\/enkatsvar\/\">Mammors rapporter i 16 enk\u00e4tsvar<\/a><\/em><\/p>\n<p>&nbsp;<\/p>\n<p><a href=\"http:\/\/mmstudies.com\/eftervaldet\/bk\/\"><em>OM FN:s BARKONVENTION<\/em><\/a><\/p>\n<p>&nbsp;<\/p>\n\n","protected":false},"excerpt":{"rendered":"<p>BRUTALISTEN MATS SJ\u00d6STEN &#8211; BOSS \u00d6VER V\u00c5RDNADSM\u00c5L SEDAN 90-talet Lagman Mats Sj\u00f6sten vid Varbergs tingsr\u00e4tt Misshandlade barn utan lagligt skydd Vem \u00e4r det som best\u00e4mmer &#8211; Sveriges riksdag och regering eller Mats Sj\u00f6sten? Ledare OBS! Ledaren publicerades i DN 2003. Och l\u00e4get \u00e4r of\u00f6r\u00e4ndrat sedan dess. Dela p\u00e5 Facebook Dela p\u00e5 Twitter &nbsp; MARIA CARLSHAMRE&#8230;<\/p>\n","protected":false},"author":1,"featured_media":0,"parent":0,"menu_order":0,"comment_status":"closed","ping_status":"closed","template":"full-width-page.php","meta":{"footnotes":""},"class_list":["post-1450","page","type-page","status-publish","hentry"],"_links":{"self":[{"href":"http:\/\/mmstudies.com\/eftervaldet\/wp-json\/wp\/v2\/pages\/1450","targetHints":{"allow":["GET"]}}],"collection":[{"href":"http:\/\/mmstudies.com\/eftervaldet\/wp-json\/wp\/v2\/pages"}],"about":[{"href":"http:\/\/mmstudies.com\/eftervaldet\/wp-json\/wp\/v2\/types\/page"}],"author":[{"embeddable":true,"href":"http:\/\/mmstudies.com\/eftervaldet\/wp-json\/wp\/v2\/users\/1"}],"replies":[{"embeddable":true,"href":"http:\/\/mmstudies.com\/eftervaldet\/wp-json\/wp\/v2\/comments?post=1450"}],"version-history":[{"count":15,"href":"http:\/\/mmstudies.com\/eftervaldet\/wp-json\/wp\/v2\/pages\/1450\/revisions"}],"predecessor-version":[{"id":4404,"href":"http:\/\/mmstudies.com\/eftervaldet\/wp-json\/wp\/v2\/pages\/1450\/revisions\/4404"}],"wp:attachment":[{"href":"http:\/\/mmstudies.com\/eftervaldet\/wp-json\/wp\/v2\/media?parent=1450"}],"curies":[{"name":"wp","href":"https:\/\/api.w.org\/{rel}","templated":true}]}}