{"id":3182,"date":"2019-10-15T19:53:28","date_gmt":"2019-10-15T19:53:28","guid":{"rendered":"http:\/\/mmstudies.com\/eftervaldet\/?page_id=3182"},"modified":"2020-06-13T01:50:38","modified_gmt":"2020-06-13T01:50:38","slug":"lindas-brev","status":"publish","type":"page","link":"http:\/\/mmstudies.com\/eftervaldet\/lindas-brev\/","title":{"rendered":"LINDAS BREV TILL SVERIGE"},"content":{"rendered":"\n\t13-\u00c5RIGA LINDAS ROP<br \/>\nP\u00c5\u00a0HJ\u00c4LP\u00a0TILL SVERIGE\n\t\t\t\t<img loading=\"lazy\" decoding=\"async\" src=\"http:\/\/mmstudies.com\/eftervaldet\/wp-content\/uploads\/sites\/12\/2018\/02\/IMG_3187.jpg\" alt=\"IMG_3187\" itemprop=\"image\" height=\"768\" width=\"978\" title=\"IMG_3187\" onerror=\"this.style.display='none'\"  \/>\n\t<p>&nbsp;<\/p>\n<p>MITT LIV SOM BARN<\/p>\n<p>September 2019<\/p>\n<p>&nbsp;<\/p>\n<p><em>N\u00e4r jag var 6 \u00e5r skildes mina f\u00f6r\u00e4ldrar. N\u00e4r dom n\u00e4mnde de gick mitt liv i bitar. Tanken jag t\u00e4nkte var att vi var den lyckligaste familjen. Men idag \u00e4r jag glad att det h\u00e4nde. Jag skall ber\u00e4tta varf\u00f6r.<\/em><\/p>\n<p><em>N\u00e4r jag var 6\/7 \u00e5r ville jag bara en sak bo med min mamma och min syster. Men s\u00e5 blev det inte.<\/em><\/p>\n<p><em>Jag blev tvungen att k\u00e4mpa f\u00f6r de jag \u00e4lskade min mamma och hennes underbara sl\u00e4kt. Det h\u00e4r minnet som jag skall s\u00e4ga nu har f\u00f6rf\u00f6ljt mig.<\/em><\/p>\n<p><em>En dag n\u00e4r pappa skulle h\u00e4mta mig. Det var vinter, jag sa s\u00e5 h\u00e4r, mamma lovade att vi skulle \u00e5ka skridskor.<\/em><\/p>\n<p><em>Det var inte sant. Men hur annars skulle jag komma till mamma n\u00e4r han h\u00f6ll i mina skor s\u00e5 jag inte kunde g\u00e5 n\u00e5gonstans. Det \u00e4r ett minne jag b\u00e4r med mig. Sen kom alla domare och gjorde det v\u00e4rre.<\/em><\/p>\n<p><em>Alla sa att du m\u00e5ste \u00e5ka till din pappa men ingen f\u00f6rst\u00e5r att jag har alltid blivit illa till honom men mamma sa ocks\u00e5 till att jag skulle \u00e5ka men jag v\u00e4grade.<\/em><\/p>\n<p><em>Jag t\u00e4nker inte \u00e5ka till en person, som l\u00e5ter en person som har misshandlat sina egna barn och bara prioriterar sig sj\u00e4lv, sl\u00e5ss stj\u00e4l fr\u00e5n att man v\u00e4grar ta p\u00e5 sig en viss sko som att st\u00e4nga in i tv\u00e4ttstugan.<\/em><\/p>\n<p><em><b>Jag kan ber\u00e4tta en av g\u00e5ngerna det var min f\u00f6delsedag. Pappa och en av mina l\u00e4rare drog i mina f\u00f6tter och armar, f\u00f6r jag fick inte \u00e5ka till mamma till slut gav jag upp. Han t\u00e4nkte ta min v\u00e4ska.<\/b><\/em><\/p>\n<p><em>Jag hade f\u00e5tt den av mormor i present. S\u00e5 sm\u00e5 saker betyder mycket f\u00f6r mig. Efter det s\u00e5 tog det mig 3 veckor att v\u00e5ga sticka.<\/em><\/p>\n<p><em>Som vanligt jobbade pappa han var s\u00e5 upptagen med jobbet s\u00e5 han la inte m\u00e4rke till att jag f\u00f6rsvann genom ytterd\u00f6rren och stack.<\/em><\/p>\n<p><em>D\u00e5 gjorde jag det ordentligt, jag stack till Britta mormors kusin. Hon sa att vi var tvungna att g\u00e5 till polisstationen. Det tog tid f\u00f6r mig att samla mod men till slut gjorde vi de. Det \u00e5ngrar jag nu. <b>Jag polisanm\u00e4lde honom och l\u00e4raren. <\/b>Det h\u00e4nde inget som med allt annat. Jag fick \u00e5ka hem till honom.<\/em><\/p>\n<p><em>Jag minns det tydligt polisen sa att han var d\u00e4r. N\u00e4r jag klev ut ur rummet alla tittade p\u00e5 mig.<\/em><\/p>\n<p><em>N\u00e4r startskottet g\u00e5tt var det inte sv\u00e5rt att sticka. Men efter det som h\u00e4nde p\u00e5 skolan k\u00e4ndes det som f\u00f6rsta g\u00e5ngen f\u00f6r <b>den g\u00e5ngen rasade livet i spillror.<\/b><\/em><\/p>\n<p><em><b>Jag fick sj\u00e4lvmordstankar men de beh\u00f6ll jag f\u00f6r mig sj\u00e4lv. F\u00f6r vad \u00e4r grejen att leva n\u00e4r man inte f\u00e5r vara med dem man \u00e4lskar? Man blir ifr\u00e5ntagen allt du h\u00e5ller k\u00e4rt.<\/b><\/em><\/p>\n<p><em><b>Jag kunde inte hitta den och det kan jag inte \u00e4n i dag. Man kan inte \u00e4lska en person du tvingas vara med. Det \u00e4r inte s\u00e5 k\u00e4rlek skapas.men det vet inte pappa, han tror att det g\u00e5r att tvinga fram.<\/b><\/em><\/p>\n<p><em>Efter de s\u00e5 tog pappa mig till en annan stad. Det var en fredag tror jag, det var en dag som vi skulle \u00e5ka till mamma efter skolan. Det hade domstolen best\u00e4mt. Men vid f\u00f6rmiddagen kom han. Jag ville inte f\u00f6lja med honom och v\u00e4grade. <b>Men min svenskl\u00e4rare kom och hotade mig med att f\u00f6ljde jag inte med s\u00e5 skulle dom dra ut mig<\/b><\/em><\/p>\n<p><em><b>Jag var 10 \u00e5r men hot fr\u00e5n socialtj\u00e4nsten domstolen skolan och min pappa var rena vardagen f\u00f6r mig. <\/b>Men jag f\u00f6ljde med. Skammen att bli dragen tanken var motbjudande f\u00f6r mig. Han sa d\u00e5 att vi skulle \u00e5ka till\u00a0 V-ort och tr\u00e4ffa polisen.<\/em><\/p>\n<p><em>Men vi skulle till min farmor, n\u00e4r jag fick reda p\u00e5 de ringde jag polisen. F\u00f6r mig blev jag kidnappad men eftersom han \u00e4r v\u00e5rdnadshavare s\u00e5 kunde de inget g\u00f6ra. Men vi pratade l\u00e4nge och min pappa var inte glad att jag ringde 112.<\/em><\/p>\n<p><em>Senare p\u00e5 kv\u00e4llen f\u00f6rs\u00f6kte jag f\u00e5 hj\u00e4lp. Jag kontaktade min handledare i skolan. Jag skrev ett l\u00e5ngt sms om vad som h\u00e4nt men hon kunde inget g\u00f6ra. Men n\u00e4r hennes svar kom s\u00e5 tittade pappa i min telefon sen fick jag inte anv\u00e4nda den mer \u00e4n en g\u00e5ng i veckan. D\u00e5 jag fick ringa mamma och mormor. Det var den b\u00e4sta saken i hela veckan. Men efter 40 minuter fick jag inte prata mer.<\/em><\/p>\n<p><em>Men efter n\u00e5gra veckor s\u00e5 rymde jag till mormors kompis dotter jag kom dit men inte l\u00e4ngre det var en av de v\u00e4rsta dagarna i mitt liv.<\/em><\/p>\n<p><em>Men s\u00e5 fort jag kom till Y-ort s\u00e5 stack jag. Jag minns tydligt, jag ser mamma framf\u00f6r mig med en lila morgonrock med en silvrig dragkedja och uppsatt h\u00e5r. Vi kramade som aldrig f\u00f6rr, vi hade aldrig varit fr\u00e5n varandra s\u00e5 l\u00e4nge som 12 veckor f\u00f6rr. Vi missade 2 veckor i skolan jag har alltid f\u00e5tt g\u00e5 till skolan utom de dagar d\u00e5 en f\u00f6r\u00e4lder tvingar sin barn att vara hemma.N\u00e4r jag varit hos mamma har hon tjatat p\u00e5 mig att jag skall g\u00e5. Men jag vill inte \u00e5ka till min pappa.<\/em><\/p>\n<p><em>Som n\u00e4r jag var 10 \u00e5r d\u00e5 tog han bilder p\u00e5 oss n\u00e4r vi \u00e4r nakna. D\u00e5 s\u00e4ger han att om inte jag g\u00e5r och l\u00e4gger mig s\u00e5 skickar han de till mina kompisar. <b>Som inte nog med de som n\u00e4r man v\u00e4grar \u00e5ka till honom s\u00e5 drar han ut en ur bilen. <\/b>Nu skall jag s\u00e4ga det v\u00e4rsta ni kommer inte att tro era \u00f6ron.<\/em><\/p>\n<p>&nbsp;<\/p>\n\t\t\t\t<img loading=\"lazy\" decoding=\"async\" src=\"http:\/\/mmstudies.com\/eftervaldet\/wp-content\/uploads\/sites\/12\/2019\/10\/69300173_2462119854018655_1970766600130789376_o.jpg\" alt=\"69300173_2462119854018655_1970766600130789376_o\" itemprop=\"image\" height=\"1571\" width=\"2048\" title=\"69300173_2462119854018655_1970766600130789376_o\" onerror=\"this.style.display='none'\"  \/>\n\t<p><em><b>Det hade kommit en ny dom som jag fruktat l\u00e4nge. Den sa att jag skulle placeras i fosterhem n\u00e4r jag fick veta det s\u00e5 br\u00f6t jag ihop f\u00f6r n\u00e5gra sekunder s\u00e5 var jag beredd att ta mitt liv. Varf\u00f6r skall jag leva varf\u00f6r blev jag till. Varf\u00f6r m\u00e5ste det vara just jag.<\/b><\/em><\/p>\n<p><em><b>Det var min mardr\u00f6m som h\u00e4nde.<\/b><\/em><\/p>\n<p><em><b>Det var s\u00e5 hemskt jag trodde ingen kunde vara s\u00e5 elak, ingen empati jag hade inte v\u00e5gat tro att det skulle h\u00e4nda.<\/b><\/em><\/p>\n<p><em>Jag var sj\u00e4lv hemma jag stack till min mormor, utan henne och min mamma vet jag inte vad jag skulle g\u00f6ra. Dom har f\u00f6rs\u00f6kt i domstolen f\u00f6r mig. <b>Enligt mig \u00e4r min pappa en psykopat. <\/b>Jag lyckades rymma till min mormor men sen satt jag inl\u00e5st p\u00e5 toan han tjatade men till slut gav han upp och gick d\u00e4rifr\u00e5n jag klarade mig v\u00e4ldigt l\u00e4nge men han kom med j\u00e4mna mellanrum och f\u00f6rs\u00f6kte.<\/em><\/p>\n<p><em><b>Men efter ett tag s\u00e5 blev skolan inkopplad. Skolan hade tidigare st\u00e5tt p\u00e5 pappas sida men s\u00e5 blev det en ny rektor som hette Peter han gjorde skolan b\u00e4ttre f\u00f6r elever.<\/b><b> <\/b><b>En stj\u00e4rna till<\/b><b> <\/b><b>honom.<\/b><\/em><\/p>\n<p><em>Men hur som helst s\u00e5 sa skolan att vi kunde tr\u00e4ffas p\u00e5 X-orts kommunhus. Det var ju s\u00e5 att X-orts socialtj\u00e4nst skulle varit inblandade.<\/em><\/p>\n<p><em>Vi tr\u00e4ffades 2 ggr i veckan och jag fick uppgifter att ta med hem det gick bra. Jag gick ocks\u00e5 p\u00e5 innebandy. Jag spelade i \u00c5-orts innebandy-lag. Dom sa inget till pappa s\u00e5 jag fick spela det betydde mycket f\u00f6r mig att ha en frizon. S\u00e5 en till stj\u00e4rna till dom.<\/em><\/p>\n<p><em><b>Men sen kom m\u00f6rkret jag var tvungen att tr\u00e4ffa en medlare. Det \u00e4r det v\u00e4rsta jag gjort. Jag ber\u00e4ttade allt jag skrivit. Till slut sa han att han kontaktat min pappa. Jag som en reflex hoppade till reste mig och sprang. Han sa stanna och jag ins\u00e5g att d\u00f6rren var l\u00e5st. Min pappa kom upp och vi pratade till slut h\u00e4ngde jag i en bil som jag inte visste var jag skulle. Under hela bilf\u00e4rden t\u00e4nkte jag p\u00e5 tv\u00e5 saker medlaren sa att jag inte fick grina.<\/b><\/em><\/p>\n<p><em>Jag sa aldrig hej d\u00e5 till mamma och mormor och mina tv\u00e5 katter. Till slut kom jag fram till ett rosa hus i Z-ort. Vi pratade en timme sen gick vi och la oss klockan var<\/em><\/p>\n<p><em>23.00 det var en torsdag tror jag 2-3.maj 2018.<\/em><\/p>\n<p><em>Jag och min pappa sov i samma rum jag p\u00e5 en s\u00e4ng och han p\u00e5 en madrass.<\/em><\/p>\n<p><em>N\u00e4sta morgon vaknade jag han hade \u00e5kt. Jag l\u00e5g kvar i s\u00e4ngen till minst 11.00 tills en \u00e4ldre kvinna kom som kallas Asta hon sa att jag m\u00e5ste g\u00e5 upp men jag l\u00e5g och tryckte mot v\u00e4ggen intill kanten.<\/em><\/p>\n<p><em>Efter att kvinnan kommit upp n\u00e5gra g\u00e5nger s\u00e5 kom en man som heter Valter upp, jag gjorde samma sak. Efter n\u00e5gra timmar fr\u00e5gade jag om vatten men de sa att jag fick h\u00e4mta sj\u00e4lv. Men jag l\u00e5g kvar hela dagen inte \u00e5t inte drack var inte p\u00e5 toa. Jag gjorde inget av de. Andra dagen gick jag upp klockan 11 .00 d\u00e5 pappa kom. Han sa om du inte g\u00e5r upp till skolan f\u00e5r du inte tr\u00e4ffa Sara min syster 14 \u00e5r nu.<\/em><\/p>\n<p><em>Jag gick d\u00e5 till skolan f\u00f6r hon var den enda jag h\u00f6ll k\u00e4r som jag fick tr\u00e4ffa. Jag \u00e4lskar min syster hon \u00e4r bland det b\u00e4sta jag har.<\/em><\/p>\n<p><em>Jag gick till skolan, men det var tv\u00e5 saker jag sk\u00e4mdes \u00f6ver\u00a0<\/em><em>ett var att Asta f\u00f6ljde med mig tv\u00e5 s\u00e5 strejkade jag genom att inte tv\u00e4tta mig.<\/em><\/p>\n<p><em>Jag trivdes i skolan det blev min fristad. Men det ville jag inte visa. Socialtj\u00e4nsten kom ibland men jag pratade inte med dom. Men det enda jag kunde t\u00e4nka p\u00e5 var min mamma och s\u00e5 \u00e4r det fortfarande.<\/em><\/p>\n<p><em>Men sen skulle jag och fosterfamiljen p\u00e5 en husvagnssemester, det var helt ok men min l\u00e4ngtan \u00e4r f\u00f6r stor till min mamma. Efter de skulle jag p\u00e5 semester med min syster och min pappa. Jag och pappa gick i bergen i tv\u00e5 dar sen skulle vi till Kreta och Liseberg som var mammas tradition som han tog.<\/em><\/p>\n<p><em>Det var rolig att vara med min syster Sara n\u00e4r det var \u00f6ver s\u00e5 hade pappa en 50 \u00e5rsfest d\u00e5 kom inte Sara.<\/em><\/p>\n<p><em><b>Nu har det g\u00e5tt 13 m\u00e5nader sen jag var nu sj\u00e4lv ingen att prata med ingen att \u00e4lska jag ville ta livet nu mer \u00e4n n\u00e5gonsin.<\/b><\/em><\/p>\n<p><em><b>Tack vare domstolen vill vill en 13 \u00e5ring ta sitt liv. Varf\u00f6r skall jag leva ? Varf\u00f6r?<\/b><\/em><\/p>\n<p><em>Sen var sommaren slut och vintern kom vi var i Spanien jag var tvungen att sova med en annan tjej.<\/em><\/p>\n<p><em>Efter den resan var vi p\u00e5 en till husvagnssemester n\u00e4sta sommar. Men innan de hade dom gjort en t\u00e5rta f\u00f6r att fira att jag varit d\u00e4r ett \u00e5r men f\u00f6r mig s\u00e5 var det en sorg f\u00f6r att jag varit fr\u00e5n dom jag \u00e4lskar i ett \u00e5r.<\/em><\/p>\n<p><em>Men n\u00e4r jag b\u00f6rjade ta plats s\u00e5 k\u00e4ndes det ensamt och det var inte lukten jag hade b\u00f6rjat tv\u00e4tta mig.<\/em><\/p>\n<p><em>Jag k\u00e4nde mig utanf\u00f6r och det blev bara s\u00e4mre.n\u00e4r jag b\u00f6rjade p\u00e5 en ny skola med mina kompisar fr\u00e5n den f\u00f6rra blev det s\u00e4mre jag k\u00e4nde att jag inte fick plats. Jag sa inget men n\u00e4r jag b\u00f6rjade p\u00e5 den nya skolan s\u00e5 saknade jag min mamma mer jag fick ocks\u00e5 n\u00e4rmare till stan. <b>D\u00e5 fick jag mer ovett tex jag gl\u00f6mmer att s\u00e4tta p\u00e5 ljudet p\u00e5 telefon n\u00e4r jag \u00e4r ute och g\u00e5r och dom tror att jag ska sticka.<\/b><\/em><\/p>\n<p><em>Jag k\u00f6per en Loka p\u00e5 Coop f\u00f6r jag \u00e4r t\u00f6rstig d\u00e5 har jag k\u00f6pt en l\u00e4sk i deras \u00f6gon. Jag k\u00f6per en macka n\u00e4r jag \u00e4r ute med mina kompisar p\u00e5 stan n\u00e4r dom andra k\u00f6per fika. <b>Men en sak som jag gjorde mot min pappa var att jag spr\u00e4ckte hans bilruta f\u00f6r han tvingade mig att \u00e5ka till farmor i \u00d6-ort som han vet att jag hatar.<\/b><\/em><\/p>\n<p><em>Men tillbaka till Lokan jag k\u00e4nner att man \u00e4r inte fri. Det var en annan g\u00e5ng jag var ute och gick som dom m\u00e5ste h\u00f6rt att jag pratade i telefon med en kompis. N\u00e4r jag \u00e4r hemma f\u00e5r jag fr\u00e5gan vem pratade du med? Eller idag n\u00e4r jag gick upp och l\u00e4ste vad g\u00f6r du p\u00e5 telefonen?<\/em><\/p>\n<p><em>Sen n\u00e4r man hittat ett roligt s\u00e4tt att l\u00e4ra sig engelska s\u00e5 \u00e4r det jag tror inte att du l\u00e4r dig n\u00e5got. <\/em><\/p>\n<p><em>N\u00e4r jag g\u00f6r n\u00e5got dom ber mig om s\u00e5 duger det\u00a0 inte inte. inte. Men nu skall ni f\u00e5 veta n\u00e5got viktigt som jag gl\u00f6mde.<\/em><\/p>\n<p><em><b>Det var jultid och jag skulle vara hos min pappa, men han var borta s\u00e5 jag hade min farmor som barnvakt<\/b><\/em><\/p>\n<p><em>Vi skulle baka pepparkakor och lussekatter och jag gick f\u00f6rst med nyckeln men min syster sprang ifatt mig och talade om att vi inte fick baka pepparkakor men jag och min syster l\u00e5ste ut farmor och d\u00e4r stod hon i en halvtimme s\u00e5 att jag och min syster hann plocka fram. <b>Men n\u00e4r vi sl\u00e4ppte in henne tog hon tag i min syster h\u00e5r och i mitt och drog. <\/b><\/em><\/p>\n<p><em><b>Det blev en anm\u00e4lan av de och hon blev d\u00f6md.<\/b><\/em><\/p>\n<p><em>Det var allt jag kommer ih\u00e5g. Anledningen att jag skriver \u00e4r att jag beh\u00f6ver hj\u00e4lp att komma till min mamma jag har f\u00f6rs\u00f6kt i 6 \u00e5r men det funkar inte. S\u00e5 nu ber jag er i Sverige. Jag kan inte skicka detta p\u00e5 mobilen f\u00f6r den kollar min pappa. Jag riskerar allt eller inget, s\u00e5 kan jag f\u00e5 hj\u00e4lp.<\/em><\/p>\n<p><em>Jag sitteer i min s\u00e4ng och skriver med v\u00e4ckarklockan som ljus s\u00e5 ingen vet.<\/em><\/p>\n<p><em>Jag ber er som l\u00e4ser detta eller lyssnar p\u00e5 detta hj\u00e4lp mig stoppa socialtj\u00e4nsten och min pappa, att h\u00e5lla mig f\u00e5ngen h\u00e4r. <\/em><\/p>\n<p>&nbsp;<\/p>\n<p><b><i>Alla beh\u00f6ver Sverige n\u00e5gon g\u00e5ng och jag beh\u00f6ver er nu. <\/i><\/b><\/p>\n<p>&nbsp;<\/p>\n<p><b><i>Mitt liv vilar i era h\u00e4nder &#8211; ni \u00e4r mitt sista hopp.<\/i><\/b><\/p>\n<p>&nbsp;<\/p>\n<p><b><i>HJ\u00c4LP!<\/i><\/b><\/p>\n\t\t\t\t<img loading=\"lazy\" decoding=\"async\" src=\"http:\/\/mmstudies.com\/eftervaldet\/wp-content\/uploads\/sites\/12\/2019\/10\/2012-01-31-15.07.13.jpg\" alt=\"2012-01-31-15.07.13\" itemprop=\"image\" height=\"1689\" width=\"1337\" title=\"2012-01-31-15.07.13\" onerror=\"this.style.display='none'\"  \/>\n\t<h1>Klippt ur socialtj\u00e4nstens beslut att ge pappan r\u00e4tt att bortf\u00f6ra och kvarh\u00e5lla Linda p\u00e5 ok\u00e4nd ort och att h\u00e5lla henne d\u00e4r som v\u00e4l\u00f6vervakad f\u00e5nge utan m\u00f6jlighet till kontakt med mamma, mormor syster eller sitt \u00f6vriga sociala n\u00e4tverk i ett och ett halvt \u00e5r:<\/h1>\n<p>&#8221;Linda ska inte tvingas \u00a0<strong>v\u00e4lja bort n\u00e5gon f\u00f6r\u00e4lder<\/strong> oavsett var hon bor. Det g\u00f6r det l\u00e4ttare f\u00f6r b\u00e5da f\u00f6r\u00e4ldrarna att sl\u00e4ppa <strong>dragkampen<\/strong> om Linda s\u00e5 att hon m\u00e5r b\u00e4ttre och f\u00e5r en lugnare vardag n\u00e4r hon kommer tillbaka.<\/p>\n<p>D\u00e5 mamma inte accepterar en frivillig placering ser socialtj\u00e4nsten en s\u00e5dan insats som sv\u00e5r att genomf\u00f6ras &#8211; b\u00e5de n\u00e4r det g\u00e4ller att f\u00e5 Linda med och att stanna kvar.<\/p>\n<p>Vad g\u00e4ller andra frivilliga insatser har mamman s\u00f6kt <strong>st\u00f6d i form av en person som medverkar till \u00f6verl\u00e4mningarna.<\/strong> Hon har h\u00e4nvisat till familjer\u00e4tten f\u00f6r detta. <strong>Socialtj\u00e4nsten bed\u00f6mer dock inte att en s\u00e5dan insats l\u00f6ser problemet eftersom Linda rymmer fr\u00e5n pappa \u00e4ven efter \u00f6verl\u00e4mningarna<\/strong>. D\u00e4rmed bed\u00f6ms alla frivilliga insatser provade.<\/p>\n<p>Pappa \u00f6nskar att Linda placeras i en familj med st\u00f6d av LVU, lagen om v\u00e5rd av unga.<\/p>\n<p><strong>Motivering:<\/strong><\/p>\n<p>F\u00f6r att skapa en varaktig f\u00f6rb\u00e4ttring f\u00f6r Linda bed\u00f6mer socialtj\u00e4nsten att hon beh\u00f6ver placeras i en<strong> neutral milj\u00f6<\/strong> utanf\u00f6r hemmet. Det \u00e4r n\u00f6dv\u00e4ndigt f\u00f6r att Linda ska f\u00e5 en vardag som andra elva\u00e5ringar har, <strong>f\u00f6r att hon ska uppleva sunda vuxna relationer<\/strong> och <strong>f\u00e5 gr\u00e4nss\u00e4ttning och v\u00e4gledning som hon har r\u00e4tt till.<\/strong> I en neutral milj\u00f6 f\u00e5r Stina m\u00f6jlighet till behandling f\u00f6r att <strong>bryta den k\u00e4nslom\u00e4ssiga blockeringen mot pappa<\/strong> och <strong>bygga trygga relationer till b\u00e5da sina f\u00f6r\u00e4ldrar<\/strong>. Mamma samtycker inte till placering. Socialtj\u00e4nsten bed\u00f6mer inte att det finns grunder f\u00f6r att ans\u00f6ka om LVU. <strong>Pappa som \u00e4r enskild v\u00e5rdnadshavare \u00f6nskar jourfamiljehemsplacering och han \u00e4r \u00f6vertygad om att han kan tillse att Linda kommer till jourfamiljehemmet.\u00a0<\/strong><\/p>\n<p>F\u00f6rslag till beslut<\/p>\n<p>Socialf\u00f6rvaltningen i XX-ort tar beslutet efter avslutad utredning enligt 11 kap 1 \u00a7 socialtj\u00e4nstlagen att enligt 4 kap 1 \u00a7 socialtj\u00e4nstlagen bevilja Linda jourfamiljehemsplacering i tre m\u00e5nader efter att ett jourfamiljehem presenterats f\u00f6r familjen. Om insatserna ej kunnat verkst\u00e4llas inom 3 m\u00e5nader skall nytt beslut fattas.<\/p>\n<p>2017 &#8211; 12 &#8211; 08<\/p>\n<p>Handl\u00e4ggare AP<\/p>\n<p>Undertecknat av verksamhetschef f\u00f6r f\u00f6rvaltningen CO.<\/p>\n","protected":false},"excerpt":{"rendered":"<p>13-\u00c5RIGA LINDAS ROP P\u00c5\u00a0HJ\u00c4LP\u00a0TILL SVERIGE &nbsp; MITT LIV SOM BARN September 2019 &nbsp; N\u00e4r jag var 6 \u00e5r skildes mina f\u00f6r\u00e4ldrar. N\u00e4r dom n\u00e4mnde de gick mitt liv i bitar. Tanken jag t\u00e4nkte var att vi var den lyckligaste familjen. Men idag \u00e4r jag glad att det h\u00e4nde. Jag skall ber\u00e4tta varf\u00f6r. N\u00e4r jag var&#8230;<\/p>\n","protected":false},"author":1,"featured_media":0,"parent":0,"menu_order":0,"comment_status":"closed","ping_status":"closed","template":"full-width-page.php","meta":{"footnotes":""},"class_list":["post-3182","page","type-page","status-publish","hentry"],"_links":{"self":[{"href":"http:\/\/mmstudies.com\/eftervaldet\/wp-json\/wp\/v2\/pages\/3182","targetHints":{"allow":["GET"]}}],"collection":[{"href":"http:\/\/mmstudies.com\/eftervaldet\/wp-json\/wp\/v2\/pages"}],"about":[{"href":"http:\/\/mmstudies.com\/eftervaldet\/wp-json\/wp\/v2\/types\/page"}],"author":[{"embeddable":true,"href":"http:\/\/mmstudies.com\/eftervaldet\/wp-json\/wp\/v2\/users\/1"}],"replies":[{"embeddable":true,"href":"http:\/\/mmstudies.com\/eftervaldet\/wp-json\/wp\/v2\/comments?post=3182"}],"version-history":[{"count":22,"href":"http:\/\/mmstudies.com\/eftervaldet\/wp-json\/wp\/v2\/pages\/3182\/revisions"}],"predecessor-version":[{"id":3625,"href":"http:\/\/mmstudies.com\/eftervaldet\/wp-json\/wp\/v2\/pages\/3182\/revisions\/3625"}],"wp:attachment":[{"href":"http:\/\/mmstudies.com\/eftervaldet\/wp-json\/wp\/v2\/media?parent=3182"}],"curies":[{"name":"wp","href":"https:\/\/api.w.org\/{rel}","templated":true}]}}