{"id":3432,"date":"2020-02-14T11:58:45","date_gmt":"2020-02-14T11:58:45","guid":{"rendered":"http:\/\/mmstudies.com\/eftervaldet\/?page_id=3432"},"modified":"2022-05-14T18:12:49","modified_gmt":"2022-05-14T18:12:49","slug":"inforlivat","status":"publish","type":"page","link":"http:\/\/mmstudies.com\/eftervaldet\/inforlivat\/","title":{"rendered":"BEGREPPET &#8221;EFTERV\u00c5LD&#8221; INF\u00d6RLIVAT I DEN OFFENTLIGA DISKURSEN"},"content":{"rendered":"\n\n\t\t\t\t<img loading=\"lazy\" decoding=\"async\" src=\"http:\/\/mmstudies.com\/eftervaldet\/wp-content\/uploads\/sites\/12\/2020\/02\/86392575_619752185234749_1359895811097362432_n.jpg\" alt=\"86392575_619752185234749_1359895811097362432_n\" itemprop=\"image\" height=\"960\" width=\"645\" title=\"86392575_619752185234749_1359895811097362432_n\" onerror=\"this.style.display='none'\"  \/>\n\t<p>BARN &#8211; OCH KVINNOR\u00c4TTSAKTIVISTEN FIA SANDER \u00c4R DEN SOM SKA HA \u00c4RAN AV ATT HA MYNTAT BEGREPPET <strong><a href=\"http:\/\/mmstudies.com\/eftervaldet\/definition\">&#8221;E F T E R V \u00c5 L D&#8221;<\/a><\/strong>\u00a0&#8211; H\u00c4R I HENNES F\u00d6RORD TILL VERONIKA AXELSSONS ANDRA UTG\u00c5VA I SERIEN: DET H\u00c4NDER INTE MIG &#8211; \u00a0SEPARATIONEN<\/p>\n<p>&nbsp;<\/p>\n<p>Det \u00e4r gl\u00e4djande att notera, att nu, ett \u00e5r efter att vi startade v\u00e5rt upprop \u00a0<strong><a href=\"http:\/\/mmstudies.com\/eftervaldet\/upprop\/\">AKTION #efterv\u00e5ldet<\/a>,<\/strong>\u00a0begreppet <a href=\"http:\/\/mmstudies.com\/eftervaldet\/definition\/\">&#8221;<strong>efterv\u00e5ld&#8221;<\/strong><\/a> kommit att bli allm\u00e4nt vedertaget i offentliga media. S\u00e5 tex \u00a0nyligen i januari 2020, i en serie om <strong><a href=\"https:\/\/sverigesradio.se\/avsnitt\/1438002?fbclid=IwAR0kPDjfEw-KbmAHvu0vzBwygOKWK7eM4D7XCcEH-YWFMwioaRgU0HfeF-k\">tre reportage i SR P1:S TENDENS<\/a>\u00a0<\/strong>av Jenny Hallberg om efterv\u00e5ldets h\u00e4rjningar i v\u00e5ldsutsatta kvinnors \/ mammors liv.<\/p>\n<p>Och Idag den 14 februari 2020 har v\u00e5rt arbete i <a href=\"http:\/\/mmstudies.com\/eftervaldet\/\">AKTION#efterv\u00e5ldet<\/a> gett ringar p\u00e5 vattnet i ytterligare ett reportage i medierna, n\u00e4mligen detta p\u00e5 hemsidan <strong>Allas.se av Lovisa Svedlund<\/strong> med rubriken:\u00a0<strong><em><a href=\"https:\/\/www.allas.se\/samhalle\/sara-lamnade-valdsamma-maken--anda-fortsatte-terrorn\/220760?fbclid=IwAR3Ep2it2Yg7wazECs4v9NJ2w82wSm69J6c7EQlM7bNkFtouVxCVeX01LKI\">Sara l\u00e4mnade v\u00e5ldsamma maken &#8211; \u00e4nd\u00e5 fortsatte terrorn <\/a><\/em><\/strong>vari \u00e5terigen begreppet &#8221;efterv\u00e5ld&#8221; tagits i bruk, och vi dessutom blir omn\u00e4mnda i den faktaruta som bifogats reportaget. Nu blev det inte alldeles r\u00e4tt i den, eftersom det \u00e4r <strong><a href=\"https:\/\/www.facebook.com\/fia.sander\">Fia Sander<\/a> <\/strong><a href=\"https:\/\/www.facebook.com\/fia.sander\">s<\/a>om ska ha \u00e4ran av att ha myntat begreppet, medan \u00f6vriga gruppmedlemmar i #efterv\u00e5ldet, utefter deras egna konkreta erfarenheter samarbetat om att utarbeta och fylla p\u00e5 listan med dess m\u00e5nga olikartade uttryck. Listan har visserligen redigerats och bantats ner r\u00e4tt h\u00e5rt. Men det f\u00e5r v\u00e4l antas ha sin orsak i att \u00a0 en faktaruta inte kan g\u00f6ras alltf\u00f6r l\u00e5ng.<\/p>\n<p>I detta f\u00f6rord fr\u00e5n\u00a02015-10-19 till <strong>f\u00f6rfattaren Veronika Axelssons<\/strong> andra utg\u00e5va i den sj\u00e4lvbiografiska serien: <strong><a href=\"https:\/\/www.adlibris.com\/se\/e-bok\/det-hander-inte-mig-2---separationen-9789188231178\"><em>Det h\u00e4nder inte mig, 2 &#8211; separationen,<\/em><\/a><\/strong> anv\u00e4nde Fia Sander f\u00f6r f\u00f6rsta g\u00e5ngen det begrepp hon sj\u00e4lv hade myntat: <strong>&#8221;efterv\u00e5ld&#8221;.<\/strong> Ett ord som snart skulle visa sig \u00a0finna geh\u00f6r hos de m\u00e5nga mammor som utsatts f\u00f6r den <strong>vardagsterror<\/strong> som tidigare osynliggjorts och belagts med munkavle och backats upp av ansvarig myndighetsut\u00f6vning i ohelig allians med de utsatta v\u00e5ldsbrottsoffrens f\u00f6r\u00f6vare.<\/p>\n<p>&nbsp;<\/p>\n<p><em>Gunilla Madeg\u00e5rd<\/em><\/p>\n<p><em>Frilansskribent, forskare, barn &#8211; och kvinnor\u00e4ttsaktivist och <\/em><\/p>\n<p><em>talesperson f\u00f6r f\u00f6r\u00e4ldrar och morf\u00f6r\u00e4ldrar i <a href=\"http:\/\/mmstudies.com\/eftervaldet\/\">AKTION #efterv\u00e5ldet mot SAMH\u00c4LLSSKADLIG MYNDIGHETSUT\u00d6VNING<\/a>\u00a0\u00a0<\/em><\/p>\n<em>Oll Matts gata 28<\/em><br \/>\n<em>38791 Borgholm<\/em><br \/>\ntel<em>: 070 258 48 39<\/em>\n<p>&nbsp;<\/p>\n<p><a href=\"https:\/\/upperroomforlag.se\/utgivningar\/dethanderintemig.html?fbclid=IwAR16LYDuAQ-MgLIA4olWUSzMtCLMs66oyPcLBdfBbM5L40TffV5r_RR4ySM\"><em><strong>Du kan l\u00e4sa mer omVeronika Axelssons\u00a0<\/strong><\/em><em><strong>bokserie h\u00e4r \u00bb<\/strong><\/em><\/a><\/p>\n\t\t\t\t<a href=\"https:\/\/upperroomforlag.se\/utgivningar\/dethanderintemig.html?fbclid=IwAR16LYDuAQ-MgLIA4olWUSzMtCLMs66oyPcLBdfBbM5L40TffV5r_RR4ySM\" target=\"_self\" itemprop=\"url\" rel=\"noopener\">\n\t\t\t\t<img loading=\"lazy\" decoding=\"async\" src=\"http:\/\/mmstudies.com\/eftervaldet\/wp-content\/uploads\/sites\/12\/2020\/02\/86467860_251360745854785_1264103493342330880_n.jpg\" alt=\"86467860_251360745854785_1264103493342330880_n\" itemprop=\"image\" height=\"94\" width=\"638\" title=\"86467860_251360745854785_1264103493342330880_n\" onerror=\"this.style.display='none'\"  \/>\n\t\t\t\t<\/a>\n\t<p><em><strong><a href=\"https:\/\/www.elle.se\/lat-en-kvinna-leva-veronika-overlevde-valdet\/?fbclid=IwAR02tJaUGpN2LRAYL4cJD39o-XjiHG-NE8rsVz3LGcfIr52d0Mkv9w_B3Xc\">Och h\u00e4r finns en recension i ELLE \u00a0<\/a><a href=\"https:\/\/www.elle.se\/lat-en-kvinna-leva-veronika-overlevde-valdet\/?fbclid=IwAR02tJaUGpN2LRAYL4cJD39o-XjiHG-NE8rsVz3LGcfIr52d0Mkv9w_B3Xc\">\u00bb<\/a><\/strong><\/em><\/p>\n\t<p>&nbsp;<\/p>\n<p><em><strong>Ur f\u00f6rordet till Det H\u00e4nder inte Mig; Separationen:<\/strong><\/em><\/p>\n<p>&nbsp;<\/p>\n<p>&#8221;M\u00e5nga \u00e4r det, som genomlever ett regelr\u00e4tt krig och dessutom f\u00e5r se sina bevis hemligst\u00e4mplas och f\u00f6rsvinna under sekretess. M\u00e5nga som f\u00f6rs\u00f6ker protestera f\u00f6r d\u00f6va \u00f6ron, f\u00f6rs\u00f6ker st\u00e5 fast vid att se och verka f\u00f6r barnen och barnens behov. M\u00e5nga av dessa klarar sig inte. B\u00e5de barn och vuxna d\u00f6r, vissa m\u00f6rdas, m\u00e5nga f\u00e5r se sina anh\u00f6riga m\u00f6rdas, m\u00e5nga barn slits ifr\u00e5n sin enda trygghet &#8211; sin beskyddande f\u00f6r\u00e4lder. M\u00e5nga f\u00e5r best\u00e5ende skador, antingen av v\u00e5ldet, <strong>efterv\u00e5ldet<\/strong> och\/eller av stressen. \/&#8230;\/ Dessa b\u00e4r p\u00e5 krigsskildringar som beh\u00f6ver ut, som \u00e4r en del av den sekretessbelagda l\u00f6sningen. Under sj\u00e4lva kriget \u00e4r det i princip om\u00f6jligt att lyckas bevara bevis f\u00f6r de brott och de tj\u00e4nstefel som beg\u00e5s, det <strong>efterv\u00e5ld<\/strong> som p\u00e5g\u00e5r, och efter\u00e5t \u00e4r bevisen som sagt sekretessbelagda.<\/p>\n<p>\/&#8230;\/<\/p>\n<p>Ekonomiskt v\u00e5ld<\/p>\n<p>Verbal misshandel<\/p>\n<p>V\u00e4lspelat offerskap<\/p>\n<p>Konkurrens- och vinnarlystnad<\/p>\n\t<p><strong>Sverige har l\u00e4nge haft ett gynnsamt klimat f\u00f6r efterv\u00e5ld.<\/strong> R\u00e4ttss\u00e4kerheten och v\u00e5rt sociala skyddsn\u00e4t f\u00f6r barn \u00e4r byggt p\u00e5 patriarkala strukturer, och vedertagna begrepp som &#8221;umg\u00e4ngessabotage&#8221;, &#8221;f\u00f6r\u00e4ldrakonflikt&#8221;, &#8221;v\u00e5ld i n\u00e4ra relation&#8221; har uppfunnits, f\u00f6rankrats, normaliserats. &#8221;Indragna i vuxenkonflikt, &#8221;p\u00e5verkar barnen negativt&#8221;, &#8221;f\u00f6r\u00e4lderns bakgrund och problematik&#8221;, &#8221;\u00f6verf\u00f6r sina k\u00e4nslor p\u00e5 barnet&#8221;, &#8221;moderns psykiska m\u00e5ende&#8221; och n\u00e5gra hundratal andra underfundiga projiceringar av grundproblemet &#8211; v\u00e5ld &#8211; alla uppr\u00e4tth\u00e5ller de systemet och l\u00e4mnar en individ ensam med ansvaret, m\u00e5 det b\u00e4ra eller brista. L\u00e4mnar barnen helt utan skydd.<\/p>\n<p>&nbsp;<\/p>\n<p><strong>Fia Sander<\/strong><\/p>\n<p><strong>2015-10-19<\/strong><\/p>\n\t\t\t\t<img loading=\"lazy\" decoding=\"async\" src=\"http:\/\/mmstudies.com\/eftervaldet\/wp-content\/uploads\/sites\/12\/2020\/02\/71549860_10221200022495914_4269000928750731264_n-1.jpg\" alt=\"71549860_10221200022495914_4269000928750731264_n\" itemprop=\"image\" height=\"318\" width=\"958\" title=\"71549860_10221200022495914_4269000928750731264_n\" onerror=\"this.style.display='none'\"  \/>\n\t<p>L\u00c4NKAR TILL SIDOR P\u00c5 DENNA HEMSIDA &amp; \u00d6VRIGA<\/p>\n<p>&nbsp;<\/p>\n<p><em><a href=\"http:\/\/mmstudies.com\/atb\/\">ABOUT<\/a><\/em><\/p>\n<p>&nbsp;<\/p>\n<p><em><a href=\"http:\/\/mmstudies.com\/eftervaldet\/\">AKTION #efterv\u00e5ldet mot samh\u00e4llsskadlig myndighetsut\u00f6vning<\/a><\/em><\/p>\n<p>&nbsp;<\/p>\n<p><em><a href=\"http:\/\/mmstudies.com\/eftervaldet\/\">KRITIK M\u00c5LS\u00c4TTNING OCH KRAV<\/a><\/em><\/p>\n<p>&nbsp;<\/p>\n<p><em><a href=\"http:\/\/mmstudies.con\/eftervaldet\/definition\">EFTERV\u00c5LD &#8211; DEFINITION <\/a><\/em><\/p>\n<p>&nbsp;<\/p>\n<p><em><a href=\"http:\/\/mmstudies.com\/eftervaldet\/inforlivat\/\">BEGREPPET EFTERV\u00c5LD INF\u00d6RLIVAT I DEN DEN OFFENTLIGA DISKURSEN<\/a><\/em><\/p>\n<p>&nbsp;<\/p>\n<p><em><a href=\"http:\/\/mmstudies.com\/eftervaldet\/upprop\">AKTION #efterv\u00e5ldets UPPROP<\/a><\/em><\/p>\n<p>&nbsp;<\/p>\n<p><em><a href=\"http:\/\/mmstudies.com\/eftervaldet\/roster\/\">R\u00d6STER FR\u00c5N AKTION #efterv\u00e5ldets UPPROP<\/a><\/em><\/p>\n<p>&nbsp;<\/p>\n<p><em><a href=\"http:\/\/mmstudies.com\/eftervaldet\/soc\/\">UTSKICK TILL SOCIALUTSKOTTET<\/a><\/em><\/p>\n<p>&nbsp;<\/p>\n<p><a href=\"http:\/\/mmstudies.com\/eftervaldet\/presentation\"><em>PRESENTATION AV #efterv\u00e5ldets \u00d6VERGRIPANDE UPPL\u00c4GG, KRITK, \u00a0FAKTA OCH KUNSKAPSUNDERLAG<\/em><\/a><\/p>\n<p>&nbsp;<\/p>\n<p><a href=\"http:\/\/mmstudies.com\/eftervaldet\/enkatsvar\"><em>ENK\u00c4TSVAR fr\u00e5n 16 f\u00f6r\u00e4ldrar utsatta f\u00f6r VSNR &amp; EFTERV\u00c5LD<\/em><\/a><\/p>\n<p>&nbsp;<\/p>\n<p><a href=\"http:\/\/mmstudies.com\/eftervaldet\/ipe-analys\/\"><em>IDEOLOGISK, POLITISK, EKONOMISK ANALYS<\/em><\/a><\/p>\n<p>&nbsp;<\/p>\n<p><em><a href=\"http:\/\/mmstudies.com\/eftervaldet\/falsk-varu\/\">MYNDIGHETSUT\u00d6VNING MED FALSK VARUDEKLARATION<\/a><\/em><\/p>\n<p>&nbsp;<\/p>\n<p><a href=\"http:\/\/mmstudies.com\/eftervaldet\/hum-faltet\/\"><em>1) Bristande kompetens att hantera komplext systemrelaterade problemst\u00e4llningar inom det humanvetenskapliga f\u00e4ltet<\/em><\/a><\/p>\n<p>&nbsp;<\/p>\n<p><em><a href=\"http:\/\/mmstudies.com\/eftervaldet\/spraklig\/\">2) Bristande spr\u00e5klig precisering, avgr\u00e4nsning och stringens<\/a><\/em><\/p>\n<p>&nbsp;<\/p>\n<p><a href=\"http:\/\/mmstudies.com\/eftervaldet\/tllampning\/\"><em>3) Bristande omd\u00f6me i fr\u00e5ga om till\u00e4mpningen av g\u00e4llande lag i F\u00f6r\u00e4ldrabalken och FN:s barnkonvention<\/em><\/a><\/p>\n<p>&nbsp;<\/p>\n<p><a href=\"http:\/\/mmstudies.com\/eftervaldet\/fakta\/\"><em>FAKTA-OCH KUNSKAPSUNDERLAG<\/em><\/a><\/p>\n<p>&nbsp;<\/p>\n<p><a href=\"http:\/\/mmstudies.com\/eftervaldet\/forbigas\/\"><em>ANGEL\u00c4GEN FORSKNING OCH VETENSKAP SOM F\u00d6RBIG\u00c5S<\/em><\/a><\/p>\n<p>&nbsp;<\/p>\n<p><a href=\"http:\/\/mmstudies.com\/eftervaldet\/granskning-domar\/\"><em>SAMMANFATTNING AV MARIA KARLSSONS GRANSKNING AV DOMAR<\/em><\/a><\/p>\n<p>&nbsp;<\/p>\n<p><a href=\"http:\/\/mmstudies.com\/eftervaldet\/domar-vsnr\/\"><em>Domar vari pappor gjort sig skyldiga till DV \/ AC<\/em><\/a><\/p>\n<p>&nbsp;<\/p>\n<p><em><a href=\"http:\/\/mmstudies.com\/eftervaldet\/pavarka\/\">Domar vari mammor tros &#8221;p\u00e5verka&#8221;, &#8221;dra in barn i konflikten&#8221;, inte kunna &#8221;samarbeta&#8221; pga att &#8221;ha fel inst\u00e4llning till pappan&#8221;, etc<\/a><\/em><\/p>\n<p>&nbsp;<\/p>\n<p><em><a href=\"http:\/\/mmstudies.com\/eftervaldet\/boss\/\">BRUTALISTEN MATS SJ\u00d6STEN &#8211; BOSS<\/a> <a href=\"http:\/\/mmstudies.com\/eftervaldet\/boss\/\">\u00d6VER V\u00c5RDNADSM\u00c5L SEDAN 90-talet<\/a><\/em><\/p>\n<p>&nbsp;<\/p>\n<p><a href=\"http:\/\/mmstudies.com\/eftervaldet\/statliga\/\"><em>DE STATLIGA V\u00c5RDNADSUTEDNINGARNA<\/em><\/a><\/p>\n<p>&nbsp;<\/p>\n<p><a href=\"http:\/\/mmstudies.com\/eftervaldet\/framsta-expert\/\"><em>LANDETS FR\u00c4MSTA EXPERT P\u00c5 V\u00c5RDNADSM\u00c5L<\/em><\/a><\/p>\n<p>&nbsp;<\/p>\n<p><a href=\"http:\/\/mmstudies.com\/eftervaldet\/granskning-ms\/\"><em>AVSL\u00d6JANDE GRANSKNING AV MATS SJ\u00d6STENS DOM I VARBERGFALLET<\/em><\/a><\/p>\n<p>&nbsp;<\/p>\n<p><em><a href=\"http:\/\/mmstudies.com\/eftervaldet\/fallet-maria2\/\">Varbergsm\u00e5let:<\/a><\/em><\/p>\n<p>&nbsp;<\/p>\n<p><a href=\"http:\/\/mmstudies.com\/eftervaldet\/lambertz\/\"><em>MAILV\u00c4XLING MED LAGMAN MATS SJ\u00d6STEN OCH HOVR\u00c4TTSASSESSOR KARIN LAMBERTZ<\/em><\/a><\/p>\n<p>&nbsp;<\/p>\n<p><em><a href=\"http:\/\/mmstudies.com\/eftervaldet\/bk\/\">MATS SJ\u00d6STEN OM FN:s BARNKONVENTION<\/a><\/em><\/p>\n<p>&nbsp;<\/p>\n<p><em><a href=\"http:\/\/mmstudies.com\/eftervaldet\/kopta\">K\u00d6PTA S.K. UTREDARE \/ MEDLARE och VITTNESPSYKOLOGER <\/a><a href=\"http:\/\/mmstudies.com\/eftervaldet\/kopta\">MED FALSK VARUDEKLARATION<\/a><\/em><\/p>\n<p>&nbsp;<\/p>\n<p><a href=\"http:\/\/mmstudies.com\/eftervaldet\/ful\/\"><em>LENA HELLBLOM SJ\u00d6GRENS FALSKA RETORIK<\/em><\/a><\/p>\n<p>&nbsp;<\/p>\n<p><a href=\"http:\/\/mmstudies.com\/eftervaldet\/fsr\/\"><em>Lobbar Familjer\u00e4ttssocionomernas Riksf\u00f6rbund f\u00f6r PA(S) i hemlighet?<\/em><\/a><\/p>\n<p>&nbsp;<\/p>\n<p><em><a href=\"http:\/\/mmstudies.com\/eftervaldet\/robson\/\">Carolin Robsons hemst\u00e4llan till myndigheterna ang\u00e5ende PA(S)-relaterad myndighetsut\u00f6vning<\/a><\/em><\/p>\n<p><em>\u00a0<\/em><\/p>\n<p><em><a href=\"http:\/\/mmstudies.com\/eftervaldet\/pas-manualen\/\">PA(S)-MANUALEN<\/a><\/em><\/p>\n<p>&nbsp;<\/p>\n<p><em><a href=\"http:\/\/mmstudies.com\/eftervaldet\/vic\">DEN 7-\u00e5rige VICTORS FALL &#8211; \u00c4NNU ETT FALL MED LENA HELLBLOM SJ\u00d6GRENS INBLANDNING\u00a0<\/a><\/em><\/p>\n<p>&nbsp;<\/p>\n<p><a href=\"http:\/\/mmstudies.com\/eftervaldet\/artiklar\"><em>ARTIKLAR<\/em><\/a><\/p>\n<p>&nbsp;<\/p>\n<p><a href=\"http:\/\/mmstudies.com\/eftervaldet\/jenny-orn\"><i>1. Jenny \u00d6rns fall<\/i><\/a><\/p>\n<p><i>2 .<\/i><a href=\"http:\/\/mmstudies.com\/eftervaldet\/maria-a-artikel\"><i>F\u00f6r\u00e4ldern Maria A:s fall publicerad i Aftonbladet 2017.<\/i><\/a><i>\u00a0<\/i><\/p>\n<p><a href=\"http:\/\/mmstudies.com\/eftervaldet\/lenas-fall\/\"><i>3.Trebarnsmamman Lenas fall<\/i><\/a><\/p>\n<p><a href=\"http:\/\/mmstudies.com\/eftervaldet\/svea-hovratt\/\"><i>4. Svea Hovr\u00e4ttsm\u00e5let med Thomas Bodstr\u00f6m som mammans ombud<\/i><\/a><\/p>\n<p><i>5. <\/i><a href=\"http:\/\/mmstudies.com\/eftervaldet\/fallet-maria2\/\"><i>V\u00e5rdnadsm\u00e5let vid \u00a0Varbergs tings\u00e4tt och Mats Sj\u00f6sten som domare<\/i><\/a><\/p>\n<p><a href=\"http:\/\/mmstudies.com\/eftervaldet\/suicidal\/\"><i>6) 12-\u00e5rig suicidal pojke tv\u00e5ngsf\u00f6rflyttas till sin f\u00f6r\u00f6vare<\/i><\/a><\/p>\n<p><a href=\"http:\/\/mmstudies.com\/eftervaldet\/anna-elias\/\"><i>7) Fallet Anna och Elias<\/i><\/a><\/p>\n<p><em>8) Den 7-\u00e5rige Victors fall<\/em><\/p>\n<p><em><a href=\"http:\/\/mmstudies.com\/eftervaldet\/enkatsvar\/\">Mammors rapporter i 16 enk\u00e4tsvar<\/a><\/em><\/p>\n<p>&nbsp;<\/p>\n<p><em><a href=\"http:\/\/mmstudies.com\/eftervaldet\/vic\/\">DEN 7-\u00e5rige VICTORS FALL &#8211; \u00c4NNU ETT FALL MED LENA HELLBLOM SJ\u00d6GRENS INBLANDNING\u00a0<\/a><\/em><\/p>\n<p>&nbsp;<\/p>\n<p><em><a href=\"http:\/\/mmstudies.com\/eftervaldet\/lindas-brev\/\">LINDAS BREV RILL SVERIGE<\/a><\/em><\/p>\n<p>&nbsp;<\/p>\n<p><em><a href=\"http:\/\/mmstudies.com\/eftervaldet\/bodin\/\">17 L\u00d6GNER I SVT \/ \u00a0BO G\u00d6RAN BODIN \/ BR\u00c5NSTADS \u00a0&#8221;ATT R\u00c4DDA ETT BARN&#8221;, INKLUSIVE UNDANH\u00c5LLANDE OCH SELEKTIVT URVAL AV FAKTA<\/a><\/em><\/p>\n<p>&nbsp;<\/p>\n<p><em><a href=\"http:\/\/mmstudies.com\/eftervaldet\/sjalv\/\">SJ\u00c4LVBIOGRAFIER AV UTGIVNA AV F\u00d6R\u00c4LDRAR UTSATTA F\u00d6R DV \/ CA &amp;\u00a0EFTERV\u00c5LD<\/a><\/em><\/p>\n<p>&nbsp;<\/p>\n<p><em><a href=\"http:\/\/mmstudies.com\/eftervaldet\/veronica\/\">VERONICA AXELSSON &#8211; DET H\u00c4NDER INTE MIG<\/a><\/em><\/p>\n<p>&nbsp;<\/p>\n<p><em>___________________________________<\/em><\/p>\n\n<p>&nbsp;<\/p>\n<p><strong><em>\u00d6VRIGA HEMSIDOR:<\/em><\/strong><\/p>\n<p>&nbsp;<\/p>\n<p><strong><em><a href=\"http:\/\/mmstudies.com\/sallberg\">JUSTITIEMORDET P\u00c5 CARINA S\u00c4LLBERG<\/a><\/em><\/strong><\/p>\n<p>&nbsp;<\/p>\n<p><strong><em><a href=\"http:\/\/mmstudies.com\/radda\">ANALYS AV SVT \/ BODINS &#8221;ATT R\u00c4DDA ETT BARN&#8221;<\/a><\/em><\/strong><\/p>\n<p>&nbsp;<\/p>\n<p><strong><em><a href=\"http:\/\/mmstudies.com\/sol\">TON\u00c5RSFLICKORNA SARA OCH LINDAS BER\u00c4TTELSE<\/a><\/em><\/strong><\/p>\n<p>&nbsp;<\/p>\n<p><strong><em><a href=\"http:\/\/mmstudies.com\/mammamanualen\">MAMMA-MANUALEN<\/a><\/em><\/strong><\/p>\n\t<p>L\u00c4NKAR TILL SIDOR P\u00c5 DENNA HEMSIDA &amp; \u00d6VRIGA<\/p>\n<p>&nbsp;<\/p>\n<p><em><a href=\"http:\/\/mmstudies.com\/atb\/\">ABOUT<\/a><\/em><\/p>\n<p>&nbsp;<\/p>\n<p><em><a href=\"http:\/\/mmstudies.com\/eftervaldet\/\">AKTION #efterv\u00e5ldet mot samh\u00e4llsskadlig myndighetsut\u00f6vning<\/a><\/em><\/p>\n<p>&nbsp;<\/p>\n<p><em><a href=\"http:\/\/mmstudies.com\/eftervaldet\/\">KRITIK M\u00c5LS\u00c4TTNING OCH KRAV<\/a><\/em><\/p>\n<p>&nbsp;<\/p>\n<p><em><a href=\"http:\/\/mmstudies.con\/eftervaldet\/definition\">EFTERV\u00c5LD &#8211; DEFINITION <\/a><\/em><\/p>\n<p>&nbsp;<\/p>\n<p><em><a href=\"http:\/\/mmstudies.com\/eftervaldet\/inforlivat\/\">BEGREPPET EFTERV\u00c5LD INF\u00d6RLIVAT I DEN DEN OFFENTLIGA DISKURSEN<\/a><\/em><\/p>\n<p>&nbsp;<\/p>\n<p><em><a href=\"http:\/\/mmstudies.com\/eftervaldet\/upprop\">AKTION #efterv\u00e5ldets UPPROP<\/a><\/em><\/p>\n<p>&nbsp;<\/p>\n<p><em><a href=\"http:\/\/mmstudies.com\/eftervaldet\/roster\/\">R\u00d6STER FR\u00c5N AKTION #efterv\u00e5ldets UPPROP<\/a><\/em><\/p>\n<p>&nbsp;<\/p>\n<p><em><a href=\"http:\/\/mmstudies.com\/eftervaldet\/soc\/\">UTSKICK TILL SOCIALUTSKOTTET<\/a><\/em><\/p>\n<p>&nbsp;<\/p>\n<p><a href=\"http:\/\/mmstudies.com\/eftervaldet\/presentation\"><em>PRESENTATION AV #efterv\u00e5ldets \u00d6VERGRIPANDE UPPL\u00c4GG, KRITK, \u00a0FAKTA OCH KUNSKAPSUNDERLAG<\/em><\/a><\/p>\n<p>&nbsp;<\/p>\n<p><a href=\"http:\/\/mmstudies.com\/eftervaldet\/enkatsvar\"><em>ENK\u00c4TSVAR fr\u00e5n 16 f\u00f6r\u00e4ldrar utsatta f\u00f6r DV \/ CA &amp; EFTERV\u00c5LD<\/em><\/a><\/p>\n<p>&nbsp;<\/p>\n<p><a href=\"http:\/\/mmstudies.com\/eftervaldet\/ipe-analys\/\"><em>IDEOLOGISK, POLITISK, EKONOMISK ANALYS<\/em><\/a><\/p>\n<p>&nbsp;<\/p>\n<p><em><a href=\"http:\/\/mmstudies.com\/eftervaldet\/falsk-varu\/\">MYNDIGHETSUT\u00d6VNING MED FALSK VARUDEKLARATION<\/a><\/em><\/p>\n<p>&nbsp;<\/p>\n<p><a href=\"http:\/\/mmstudies.com\/eftervaldet\/hum-faltet\/\"><em>1) Bristande kompetens att hantera komplext systemrelaterade problemst\u00e4llningar inom det humanvetenskapliga f\u00e4ltet<\/em><\/a><\/p>\n<p>&nbsp;<\/p>\n<p><em><a href=\"http:\/\/mmstudies.com\/eftervaldet\/spraklig\/\">2) Bristande spr\u00e5klig precisering, avgr\u00e4nsning och stringens<\/a><\/em><\/p>\n<p>&nbsp;<\/p>\n<p><a href=\"http:\/\/mmstudies.com\/eftervaldet\/tllampning\/\"><em>3) Bristande omd\u00f6me i fr\u00e5ga om till\u00e4mpningen av g\u00e4llande lag i F\u00f6r\u00e4ldrabalken och FN:s barnkonvention<\/em><\/a><\/p>\n<p>&nbsp;<\/p>\n<p><a href=\"http:\/\/mmstudies.com\/eftervaldet\/fakta\/\"><em>FAKTA-OCH KUNSKAPSUNDERLAG<\/em><\/a><\/p>\n<p>&nbsp;<\/p>\n<p><a href=\"http:\/\/mmstudies.com\/eftervaldet\/forbigas\/\"><em>ANGEL\u00c4GEN FORSKNING OCH VETENSKAP SOM F\u00d6RBIG\u00c5S<\/em><\/a><\/p>\n<p>&nbsp;<\/p>\n<p><a href=\"http:\/\/mmstudies.com\/eftervaldet\/granskning-domar\/\"><em>SAMMANFATTNING AV MARIA KARLSSONS GRANSKNING AV DOMAR<\/em><\/a><\/p>\n<p>&nbsp;<\/p>\n<p><a href=\"http:\/\/mmstudies.com\/eftervaldet\/domar-vsnr\/\"><em>Domar vari pappor gjort sig skyldiga till DV \/ AC<\/em><\/a><\/p>\n<p>&nbsp;<\/p>\n<p><em><a href=\"http:\/\/mmstudies.com\/eftervaldet\/pavarka\/\">Domar vari mammor tros &#8221;p\u00e5verka&#8221;, &#8221;dra in barn i konflikten&#8221;, inte kunna &#8221;samarbeta&#8221; pga att &#8221;ha fel inst\u00e4llning till pappan&#8221;, etc<\/a><\/em><\/p>\n<p>&nbsp;<\/p>\n<p><em><a href=\"http:\/\/mmstudies.com\/eftervaldet\/boss\/\">BRUTALISTEN MATS SJ\u00d6STEN &#8211; BOSS<\/a> <a href=\"http:\/\/mmstudies.com\/eftervaldet\/boss\/\">\u00d6VER V\u00c5RDNADSM\u00c5L SEDAN 90-talet<\/a><\/em><\/p>\n<p>&nbsp;<\/p>\n<p><a href=\"http:\/\/mmstudies.com\/eftervaldet\/statliga\/\"><em>DE STATLIGA V\u00c5RDNADSUTEDNINGARNA<\/em><\/a><\/p>\n<p>&nbsp;<\/p>\n<p><a href=\"http:\/\/mmstudies.com\/eftervaldet\/framsta-expert\/\"><em>LANDETS FR\u00c4MSTA EXPERT P\u00c5 V\u00c5RDNADSM\u00c5L<\/em><\/a><\/p>\n<p>&nbsp;<\/p>\n<p><a href=\"http:\/\/mmstudies.com\/eftervaldet\/granskning-ms\/\"><em>AVSL\u00d6JANDE GRANSKNING AV MATS SJ\u00d6STENS DOM I VARBERGFALLET<\/em><\/a><\/p>\n<p>&nbsp;<\/p>\n<p><em><a href=\"http:\/\/mmstudies.com\/eftervaldet\/fallet-maria2\/\">Varbergsm\u00e5let:<\/a><\/em><\/p>\n<p>&nbsp;<\/p>\n<p><a href=\"http:\/\/mmstudies.com\/eftervaldet\/lambertz\/\"><em>MAILV\u00c4XLING MED LAGMAN MATS SJ\u00d6STEN OCH HOVR\u00c4TTSASSESSOR KARIN LAMBERTZ<\/em><\/a><\/p>\n<p>&nbsp;<\/p>\n<p><em><a href=\"http:\/\/mmstudies.com\/eftervaldet\/bk\/\">MATS SJ\u00d6STEN OM FN:s BARNKONVENTION<\/a><\/em><\/p>\n<p>&nbsp;<\/p>\n<p><em><a href=\"http:\/\/mmstudies.com\/eftervaldet\/kopta\">K\u00d6PTA S.K. UTREDARE \/ MEDLARE och VITTNESPSYKOLOGER <\/a><a href=\"http:\/\/mmstudies.com\/eftervaldet\/kopta\">MED FALSK VARUDEKLARATION<\/a><\/em><\/p>\n<p>&nbsp;<\/p>\n<p><a href=\"http:\/\/mmstudies.com\/eftervaldet\/ful\/\"><em>LENA HELLBLOM SJ\u00d6GRENS FALSKA RETORIK<\/em><\/a><\/p>\n<p>&nbsp;<\/p>\n<p><a href=\"http:\/\/mmstudies.com\/eftervaldet\/fsr\/\"><em>Lobbar Familjer\u00e4ttssocionomernas Riksf\u00f6rbund f\u00f6r PA(S) i hemlighet?<\/em><\/a><\/p>\n<p>&nbsp;<\/p>\n<p><em><a href=\"http:\/\/mmstudies.com\/eftervaldet\/robson\/\">Carolin Robsons hemst\u00e4llan till myndigheterna ang\u00e5ende PA(S)-relaterad myndighetsut\u00f6vning<\/a><\/em><\/p>\n<p><em>\u00a0<\/em><\/p>\n<p><em><a href=\"http:\/\/mmstudies.com\/eftervaldet\/pas-manualen\/\">PA(S)-MANUALEN<\/a><\/em><\/p>\n<p>&nbsp;<\/p>\n<p><em><a href=\"http:\/\/mmstudies.com\/eftervaldet\/vic\">DEN 7-\u00e5rige VICTORS FALL &#8211; \u00c4NNU ETT FALL MED LENA HELLBLOM SJ\u00d6GRENS INBLANDNING\u00a0<\/a><\/em><\/p>\n<p>&nbsp;<\/p>\n<p><a href=\"http:\/\/mmstudies.com\/eftervaldet\/artiklar\"><em>ARTIKLAR<\/em><\/a><\/p>\n<p>&nbsp;<\/p>\n<p><a href=\"http:\/\/mmstudies.com\/eftervaldet\/jenny-orn\"><i>1. Jenny \u00d6rns fall<\/i><\/a><\/p>\n<p><i>2 .<\/i><a href=\"http:\/\/mmstudies.com\/eftervaldet\/maria-a-artikel\"><i>F\u00f6r\u00e4ldern Maria A:s fall publicerad i Aftonbladet 2017.<\/i><\/a><i>\u00a0<\/i><\/p>\n<p><a href=\"http:\/\/mmstudies.com\/eftervaldet\/lenas-fall\/\"><i>3.Trebarnsmamman Lenas fall<\/i><\/a><\/p>\n<p><a href=\"http:\/\/mmstudies.com\/eftervaldet\/svea-hovratt\/\"><i>4. Svea Hovr\u00e4ttsm\u00e5let med Thomas Bodstr\u00f6m som mammans ombud<\/i><\/a><\/p>\n<p><i>5. <\/i><a href=\"http:\/\/mmstudies.com\/eftervaldet\/fallet-maria2\/\"><i>V\u00e5rdnadsm\u00e5let vid \u00a0Varbergs tings\u00e4tt och Mats Sj\u00f6sten som domare<\/i><\/a><\/p>\n<p><a href=\"http:\/\/mmstudies.com\/eftervaldet\/suicidal\/\"><i>6) 12-\u00e5rig suicidal pojke tv\u00e5ngsf\u00f6rflyttas till sin f\u00f6r\u00f6vare<\/i><\/a><\/p>\n<p><a href=\"http:\/\/mmstudies.com\/eftervaldet\/anna-elias\/\"><i>7) Fallet Anna och Elias<\/i><\/a><\/p>\n<p><em>8) Den 7-\u00e5rige Victors fall<\/em><\/p>\n<p><em><a href=\"http:\/\/mmstudies.com\/eftervaldet\/enkatsvar\/\">Mammors rapporter i 16 enk\u00e4tsvar<\/a><\/em><\/p>\n<p>&nbsp;<\/p>\n<p><em><a href=\"http:\/\/mmstudies.com\/eftervaldet\/vic\/\">DEN 7-\u00e5rige VICTORS FALL &#8211; \u00c4NNU ETT FALL MED LENA HELLBLOM SJ\u00d6GRENS INBLANDNING\u00a0<\/a><\/em><\/p>\n<p>&nbsp;<\/p>\n<p><em><a href=\"http:\/\/mmstudies.com\/eftervaldet\/lindas-brev\/\">LINDAS BREV RILL SVERIGE<\/a><\/em><\/p>\n<p>&nbsp;<\/p>\n<p><em><a href=\"http:\/\/mmstudies.com\/eftervaldet\/bodin\/\">17 L\u00d6GNER I SVT \/ \u00a0BO G\u00d6RAN BODIN \/ BR\u00c5NSTADS \u00a0&#8221;ATT R\u00c4DDA ETT BARN&#8221;, INKLUSIVE UNDANH\u00c5LLANDE OCH SELEKTIVT URVAL AV FAKTA<\/a><\/em><\/p>\n<p>&nbsp;<\/p>\n<p><em><a href=\"http:\/\/mmstudies.com\/eftervaldet\/sjalv\/\">SJ\u00c4LVBIOGRAFIER AV UTGIVNA AV F\u00d6R\u00c4LDRAR UTSATTA F\u00d6R DV \/ CA &amp;\u00a0EFTERV\u00c5LD<\/a><\/em><\/p>\n<p>&nbsp;<\/p>\n<p><em><a href=\"http:\/\/mmstudies.com\/eftervaldet\/veronica\/\">VERONICA AXELSSON &#8211; DET H\u00c4NDER INTE MIG<\/a><\/em><\/p>\n<p>&nbsp;<\/p>\n<p><em>___________________________________<\/em><\/p>\n\n<p>&nbsp;<\/p>\n<p><strong><em>\u00d6VRIGA HEMSIDOR:<\/em><\/strong><\/p>\n<p>&nbsp;<\/p>\n<p><strong><em><a href=\"http:\/\/mmstudies.com\/sallberg\">JUSTITIEMORDET P\u00c5 CARINA S\u00c4LLBERG<\/a><\/em><\/strong><\/p>\n<p>&nbsp;<\/p>\n<p><strong><em><a href=\"http:\/\/mmstudies.com\/radda\">ANALYS AV SVT \/ BODINS &#8221;ATT R\u00c4DDA ETT BARN&#8221;<\/a><\/em><\/strong><\/p>\n<p>&nbsp;<\/p>\n<p><strong><em><a href=\"http:\/\/mmstudies.com\/sol\">TON\u00c5RSFLICKORNA SARA OCH LINDAS BER\u00c4TTELSE <\/a><\/em><\/strong><\/p>\n<p>&nbsp;<\/p>\n<p><strong><em><a href=\"http:\/\/mmstudies.com\/mammamanualen\">MAMMA-MANUALEN<\/a><\/em><\/strong><\/p>\n\n","protected":false},"excerpt":{"rendered":"<p>BARN &#8211; OCH KVINNOR\u00c4TTSAKTIVISTEN FIA SANDER \u00c4R DEN SOM SKA HA \u00c4RAN AV ATT HA MYNTAT BEGREPPET &#8221;E F T E R V \u00c5 L D&#8221;\u00a0&#8211; H\u00c4R I HENNES F\u00d6RORD TILL VERONIKA AXELSSONS ANDRA UTG\u00c5VA I SERIEN: DET H\u00c4NDER INTE MIG &#8211; \u00a0SEPARATIONEN &nbsp; Det \u00e4r gl\u00e4djande att notera, att nu, ett \u00e5r efter att&#8230;<\/p>\n","protected":false},"author":1,"featured_media":0,"parent":0,"menu_order":0,"comment_status":"closed","ping_status":"closed","template":"full-width-page.php","meta":{"footnotes":""},"class_list":["post-3432","page","type-page","status-publish","hentry"],"_links":{"self":[{"href":"http:\/\/mmstudies.com\/eftervaldet\/wp-json\/wp\/v2\/pages\/3432","targetHints":{"allow":["GET"]}}],"collection":[{"href":"http:\/\/mmstudies.com\/eftervaldet\/wp-json\/wp\/v2\/pages"}],"about":[{"href":"http:\/\/mmstudies.com\/eftervaldet\/wp-json\/wp\/v2\/types\/page"}],"author":[{"embeddable":true,"href":"http:\/\/mmstudies.com\/eftervaldet\/wp-json\/wp\/v2\/users\/1"}],"replies":[{"embeddable":true,"href":"http:\/\/mmstudies.com\/eftervaldet\/wp-json\/wp\/v2\/comments?post=3432"}],"version-history":[{"count":45,"href":"http:\/\/mmstudies.com\/eftervaldet\/wp-json\/wp\/v2\/pages\/3432\/revisions"}],"predecessor-version":[{"id":4292,"href":"http:\/\/mmstudies.com\/eftervaldet\/wp-json\/wp\/v2\/pages\/3432\/revisions\/4292"}],"wp:attachment":[{"href":"http:\/\/mmstudies.com\/eftervaldet\/wp-json\/wp\/v2\/media?parent=3432"}],"curies":[{"name":"wp","href":"https:\/\/api.w.org\/{rel}","templated":true}]}}