{"id":3462,"date":"2020-02-14T15:02:38","date_gmt":"2020-02-14T15:02:38","guid":{"rendered":"http:\/\/mmstudies.com\/eftervaldet\/?page_id=3462"},"modified":"2023-05-18T15:02:44","modified_gmt":"2023-05-18T15:02:44","slug":"veronica","status":"publish","type":"page","link":"http:\/\/mmstudies.com\/eftervaldet\/veronica\/","title":{"rendered":"VERONIKA AXELSSONS: &#8221;DET H\u00c4NDER INTE MIG&#8221;"},"content":{"rendered":"\n\n\tVERONIKA AXELSSON:<br \/>\n<strong><a href=\"https:\/\/upperroomforlag.se\/utgivningar\/dethanderintemig.html?fbclid=IwAR16LYDuAQ-MgLIA4olWUSzMtCLMs66oyPcLBdfBbM5L40TffV5r_RR4ySM\">D E T \u00a0 H \u00c4 N D E R \u00a0 I N T E \u00a0 M I G\u00a0<\/a><\/strong>\n<p>SJ\u00c4LVBIOGRAFI I FYRA DELAR<\/p>\n<p>&nbsp;<\/p>\n<p><img loading=\"lazy\" decoding=\"async\" src=\"http:\/\/mmstudies.com\/eftervaldet\/wp-content\/uploads\/sites\/12\/2020\/02\/86467860_251360745854785_1264103493342330880_n-300x44.jpg\" alt=\"\" width=\"300\" height=\"44\" \/><\/p>\n\t\t\t\t<img loading=\"lazy\" decoding=\"async\" src=\"http:\/\/mmstudies.com\/eftervaldet\/wp-content\/uploads\/sites\/12\/2020\/02\/71549860_10221200022495914_4269000928750731264_n-1.jpg\" alt=\"71549860_10221200022495914_4269000928750731264_n\" itemprop=\"image\" height=\"318\" width=\"958\" title=\"71549860_10221200022495914_4269000928750731264_n\" onerror=\"this.style.display='none'\"  \/>\n\t<p>Jag kan varmt rekommendera <strong><a href=\"https:\/\/www.elle.se\/lat-en-kvinna-leva-veronika-overlevde-valdet\/?fbclid=IwAR02tJaUGpN2LRAYL4cJD39o-XjiHG-NE8rsVz3LGcfIr52d0Mkv9w_B3Xc\">Veronika Axelssons sp\u00e4nnande och l\u00e4rorika sj\u00e4lvbiografi i fyra delar.<\/a><\/strong>\u00a0Har l\u00e5nat hem dem alla och l\u00e4ser med stor sp\u00e4nning n\u00e5gra sidor varje kv\u00e4ll &#8211; som en gastkramande thriller.<\/p>\n\tMan blir som fastnaglad i skr\u00e4ckblandad fascination \u00f6ver hur l\u00e5ngt socialsekreteraren Melin och personalen p\u00e5 utredningshemmet Brog\u00e5rden kan g\u00e5 i att \u00f6vertr\u00e4ffa sig sj\u00e4lva i dumhet. Under n\u00e4rmare ett \u00e5r blir mamman och hennes fyra yngsta barn utsatta f\u00f6r ett Kafkaliknande skr\u00e4ckv\u00e4lde p\u00e5 detta utredningshem i form av en petimetrande n\u00e4rgranskning in i minsta detalj i deras vardagliga rutiner och samlevnad, f\u00f6r en anklagelse om brott, som var helt absurd och som om den hade g\u00e4llt en pappa hade lagts ner med v\u00e4ndande post.\n\t<p>Anklagelsen visar sig dessutom ganska omg\u00e5ende sakna grund, men \u00e4nd\u00e5 h\u00e5lls mamman och barnen kvar f\u00f6r en &#8221;utredning&#8221; som ingen f\u00e5r vetskap om vilka brister den egentligen ska utreda och hur de i s\u00e5 fall b\u00f6r \u00e5tg\u00e4rdas. Allting \u00e4r s\u00e5 allm\u00e4nt h\u00e5llet att det saknas n\u00e5gon egentlig substans att f\u00f6rh\u00e5lla sig till. Vilka sm\u00e5 bagateller som helst kan bl\u00e5sas upp till verkligt allvarliga f\u00f6rseelser i mammans f\u00f6r\u00e4ldra\u00e5taganden och de dubbla budskapen haglar. Allt mamman g\u00f6r kan lika g\u00e4rna tolkas som r\u00e4tt eller fel, enligt den godtyckligt Kafka-artade agenda som g\u00e4ller.<\/p>\n<p>mmm<\/p>\n<p>Som tur \u00e4r har man vetskap om att historien slutar lyckligt och v\u00e4l med att den sjuka pappan man\u00f6vreras ut genom ett skickligt navigerande mellan blindsk\u00e4ren i det rent juridiska spelet av den skarpa advokaten. Detta \u00e4r inte bara sp\u00e4nnande till tusen utan \u00e4ven v\u00e4ldigt l\u00e4rorikt d\u00e5 f\u00f6rfattaren f\u00f6ljt upp hela h\u00e4ndelseutvecklingen med en v\u00e4l belagd dokumentation.<\/p>\n<p>mmm<\/p>\n<p>Dantes nedstigning i helvetet kunde knappast vara v\u00e4rre \u00e4n de \u00e5r som mamman tvingats tampas med de huvud-o hj\u00e4rtl\u00f6sa om\u00e4nniskornas avhumaniserade myndighetsut\u00f6vning.<\/p>\n<p>&nbsp;<\/p>\n<p>Gunilla Madeg\u00e5rd<\/p>\n<p>Frilansskribent, forskare, barnr\u00e4ttsf\u00f6retr\u00e4dare \u00a0&#8211; och \u00a0talesperson f\u00f6r f\u00f6r\u00e4ldrar och morf\u00f6r\u00e4ldrar i <strong><a href=\"http:\/\/mmstudies.cm\/eftervaldet\">AKTION #efterv\u00e5ldet<\/a>\u00a0<\/strong><\/p>\n<p>Oll Matts gata 28<\/p>\n<p>38791 Borgholm<\/p>\n<p>tel: 070 258 48 39<\/p>\n<p>&nbsp;<\/p>\n<p><strong><a href=\"https:\/\/upperroomforlag.se\/utgivningar\/dethanderintemig.html?fbclid=IwAR16LYDuAQ-MgLIA4olWUSzMtCLMs66oyPcLBdfBbM5L40TffV5r_RR4ySM\">Du kan l\u00e4sa mer om Veronika Axelssons\u00a0bokserie h\u00e4r \u00bb\u00a0<\/a><\/strong><\/p>\n<p><img loading=\"lazy\" decoding=\"async\" src=\"http:\/\/mmstudies.com\/eftervaldet\/wp-content\/uploads\/sites\/12\/2020\/02\/86467860_251360745854785_1264103493342330880_n-300x44.jpg\" alt=\"\" width=\"300\" height=\"44\" \/><\/p>\n<p>&nbsp;<\/p>\n<p><strong><a href=\"https:\/\/www.elle.se\/lat-en-kvinna-leva-veronika-overlevde-valdet\/?fbclid=IwAR02tJaUGpN2LRAYL4cJD39o-XjiHG-NE8rsVz3LGcfIr52d0Mkv9w_B3Xc\">Och h\u00e4r finns en recension i ELLE \u00bb<\/a><\/strong><\/p>\n\t<p>Ur f\u00f6rordet till Det H\u00e4nder inte Mig; F\u00f6rr\u00e4deriet:<\/p>\n<p><a href=\"http:\/\/mmstudies.com\/eftervaldet\/pas-manualen\">PAS &#8211; orsak eller symptom?<\/a><\/p>\n<p>\/&#8230;\/ Vi har en brottsbalk som definierar barnmisshandel och v\u00e4larbetade f\u00f6rarbeten, kriterier och straffskalor f\u00f6r s\u00e5dan brottslighet. Att f\u00f6rtala, hota, kr\u00e4nka, neds\u00e4tta b\u00e5de barn och deras anh\u00f6riga definieras som v\u00e5ld. Att tvinga eller f\u00f6rm\u00e5 barn i beroendest\u00e4llning att agera p\u00e5 \u00f6nskv\u00e4rt vis under just hotbild definieras ocks\u00e5 som v\u00e5ld. Att villkora barns grundl\u00e4ggande behov &#8211; och f\u00f6rbjuda dessa behov som straff &#8211; \u00e4r ocks\u00e5 v\u00e5ld.<\/p>\n<p>\/&#8230;\/\u00a0Yrkesverksamma inom det ber\u00f6rda samverkansomr\u00e5det tolkar barnens tydliga reaktioner p\u00e5 v\u00e5ldsutsatthet som problematik antingen hos barnet eller beskyddande f\u00f6r\u00e4ldern. Dessa reaktioner \u00e4r avg\u00f6rande f\u00f6r barnens h\u00e4lsa.<\/p>\n<p>Att beh\u00f6va ha facit i hand, tilldra sig negativ uppm\u00e4rksamhet, kontrollbehov, ha negativa f\u00f6rv\u00e4ntningar, skada sig sj\u00e4lv eller upptr\u00e4da mots\u00e4gelsefullt \u00e4r n\u00e5gra f\u00e5 exempel p\u00e5 v\u00e5ldsutsatta barns symptom &#8211; och exempel p\u00e5 vad samh\u00e4llet straffar barn f\u00f6r. Dessa \u00e4r \u00f6verlevnadsfunktioner som barnet l\u00e4rt sig f\u00f6r att ern\u00e5 grundl\u00e4ggande behov &#8211; och orsaken till att samh\u00e4llet ber\u00f6var barnet just grundl\u00e4ggande behov.<\/p>\n<p>\/&#8230;\/ Vi &#8211; och v\u00e5rt r\u00e4ttsv\u00e4sende &#8211; ska kunna ha f\u00f6rtroende f\u00f6r att barns intressen framkommer genom deras f\u00f6retr\u00e4dare s\u00e5som socialtj\u00e4nst, skolpersonal och sjukv\u00e5rdspersonal. Veronikas b\u00f6cker avsl\u00f6jar att det inte har funnits tillstymmelsen av en chans till att ha ett s\u00e5dant f\u00f6rtroende.\u00a0I tredje och avslutande delen om familjen Axelsson f\u00e5r vi ta del av de sm\u00e5 och ofattbara detaljer som m\u00f6jligg\u00f6r och uppr\u00e4tth\u00e5ller goda f\u00f6ruts\u00e4ttningar f\u00f6r v\u00e5ld&#8221;.<\/p>\n<p>&nbsp;<\/p>\n<p><strong>Fia Sander<\/strong><\/p>\n<p><strong>2019-09-03<\/strong><\/p>\n<p>&nbsp;<\/p>\n<p>Ur Slutdiskussionen:<\/p>\n\/&#8230;\/ Veronika och barnen h\u00e5ller stadigt fast vid, och f\u00f6rs\u00f6ker boken igenom uppn\u00e5, vad de beh\u00f6ver; f\u00e5\u00a0vara ifred och i trygghet f\u00f6r att kunna p\u00e5b\u00f6rja sina l\u00e4keprocesser. Veronika n\u00e4mner ocks\u00e5 vilken tur\u00a0de verkar ha haft, n\u00e4r hon b\u00f6rjar inse vidden av det samh\u00e4llsproblem hon m\u00f6ter. De kom ut\u00a0helskinnade, b\u00e5de som familj och individer. Reportrarna Kerstin Weigl och Kristina Edblom som\u00a0sedan ca 10 \u00e5r har dokumenterat mord p\u00e5 kvinnor har nyligen givit ut en antologi \u00f6ver de d\u00f6dade\u00a0kvinnornas liv. Samh\u00e4llets hj\u00e4lp s\u00f6ktes i n\u00e4rap\u00e5 samtliga dessa fall.\n\u00c4nd\u00e5 t\u00e4cker de 10 \u00e5rens mediabevakning bara en br\u00e5kdel. L\u00e4gg till de barn som d\u00f6r i samh\u00e4llsv\u00e5rd,\u00a0f\u00e5r livshotande f\u00f6ljdsjukdomar eller skador av samh\u00e4llsv\u00e5rden, de f\u00f6r\u00e4ldrar som klarar sig\u00a0helskinnade ur b\u00e5de v\u00e5ldet och efterv\u00e5ldet men d\u00f6r av f\u00f6ljdskador och f\u00f6ljdsjukdomar. Veronikas\u00a0slutsats \u00e4r n\u00e4mligen korrekt; traumautsatta individer kan inte p\u00e5b\u00f6rja l\u00e4kandeprocessen f\u00f6rr\u00e4n de \u00e4r\u00a0i trygghet. En hotbild om separation fr\u00e5n anknytningspersoner, tv\u00e5ngsumg\u00e4nge med sin f\u00f6r\u00f6vare\u00a0eller andra repressalier \u00e4r inte trygghet. Den vetskapen finns hos b\u00e5de individerna sj\u00e4lva,\u00a0sjukv\u00e5rden, r\u00e4ttsv\u00e4sendet och socialv\u00e5rden.\n<p>\/&#8230;\/I Veronikas f\u00f6rsta bok, Det h\u00e4nder inte mig &#8211; F\u00f6rh\u00e5llandet, m\u00f6ter vi en ensam v\u00e5ldsverkare. I andra\u00a0boken, Det h\u00e4nder inte mig &#8211; Separationen, st\u00e4lldes fr\u00e5gan om v\u00e5ldsstrukturerna kunde h\u00e5llas tryggt\u00a0projicerade mot offret inf\u00f6r en bredare publik, och vi fick ta del av uppbyggnaden av en s\u00e5dan\u00a0f\u00f6rest\u00e4llning. I sista delen m\u00f6ter vi en verklighet som kan vara f\u00f6r sv\u00e5r att tro p\u00e5. Bokserien\u00a0presenterar i tur och ordning lager av ett felbygge; v\u00e5ldsstrukturerna i samh\u00e4llet&#8221;.<\/p>\n<p>&nbsp;<\/p>\n<p><strong>Fia Sander<\/strong><\/p>\n<p><strong>Charlotta Uhler Von Arnold<\/strong><\/p>\n<p><strong>2019-09-03<\/strong><\/p>\nF\u00f6rordet till andra delen i serien <a href=\"https:\/\/www.adlibris.com\/se\/e-bok\/det-hander-inte-mig-2---separationen-9789188231178\"><strong>Det h\u00e4nder inte mig 2 &#8211; separationen <\/strong><\/a>hittar du p\u00e5 denna sida \u00bb\n\n","protected":false},"excerpt":{"rendered":"<p>VERONIKA AXELSSON: D E T \u00a0 H \u00c4 N D E R \u00a0 I N T E \u00a0 M I G\u00a0 SJ\u00c4LVBIOGRAFI I FYRA DELAR &nbsp; Jag kan varmt rekommendera Veronika Axelssons sp\u00e4nnande och l\u00e4rorika sj\u00e4lvbiografi i fyra delar.\u00a0Har l\u00e5nat hem dem alla och l\u00e4ser med stor sp\u00e4nning n\u00e5gra sidor varje kv\u00e4ll &#8211; som en&#8230;<\/p>\n","protected":false},"author":1,"featured_media":0,"parent":0,"menu_order":0,"comment_status":"closed","ping_status":"closed","template":"full-width-page.php","meta":{"footnotes":""},"class_list":["post-3462","page","type-page","status-publish","hentry"],"_links":{"self":[{"href":"http:\/\/mmstudies.com\/eftervaldet\/wp-json\/wp\/v2\/pages\/3462","targetHints":{"allow":["GET"]}}],"collection":[{"href":"http:\/\/mmstudies.com\/eftervaldet\/wp-json\/wp\/v2\/pages"}],"about":[{"href":"http:\/\/mmstudies.com\/eftervaldet\/wp-json\/wp\/v2\/types\/page"}],"author":[{"embeddable":true,"href":"http:\/\/mmstudies.com\/eftervaldet\/wp-json\/wp\/v2\/users\/1"}],"replies":[{"embeddable":true,"href":"http:\/\/mmstudies.com\/eftervaldet\/wp-json\/wp\/v2\/comments?post=3462"}],"version-history":[{"count":53,"href":"http:\/\/mmstudies.com\/eftervaldet\/wp-json\/wp\/v2\/pages\/3462\/revisions"}],"predecessor-version":[{"id":4487,"href":"http:\/\/mmstudies.com\/eftervaldet\/wp-json\/wp\/v2\/pages\/3462\/revisions\/4487"}],"wp:attachment":[{"href":"http:\/\/mmstudies.com\/eftervaldet\/wp-json\/wp\/v2\/media?parent=3462"}],"curies":[{"name":"wp","href":"https:\/\/api.w.org\/{rel}","templated":true}]}}