{"id":653,"date":"2019-05-12T12:09:30","date_gmt":"2019-05-12T12:09:30","guid":{"rendered":"http:\/\/mmstudies.com\/eftervaldet\/?page_id=653"},"modified":"2024-11-24T16:55:19","modified_gmt":"2024-11-24T16:55:19","slug":"svea-hovratt","status":"publish","type":"page","link":"http:\/\/mmstudies.com\/eftervaldet\/svea-hovratt\/","title":{"rendered":"SVEA HOVR\u00c4TTSM\u00c5LET med BODSTR\u00d6M SOM OMBUD"},"content":{"rendered":"\n\n\t<h1>SVEA HOVR\u00c4TTSM\u00c5LET MED THOMAS BODSTR\u00d6M SOM MAMMANS OMBUD<\/h1>\n\t<h4 data-test-id=\"headline\">Man som \u00e4r d\u00f6md f\u00f6r misshandel f\u00e5r ensam v\u00e5rdnad om sina barn<\/h4>\n<h2 data-test-tag=\"@spp\/ui-subtitle\">Hovr\u00e4ttens dom v\u00e4cker starka k\u00e4nslor p\u00e5 sociala medier<\/h2>\n<p>Artikel av Gustav Tronarp i AB 5 febr. 2019<\/p>\n\t<p>Mannen \u00e4r d\u00f6md f\u00f6r att ha misshandlat sina tv\u00e5 s\u00f6ner &#8211; och han har inte tr\u00e4ffat dem p\u00e5 \u00f6ver fyra \u00e5r.<\/p>\n<p>\u00c4nd\u00e5 beslutar Svea hovr\u00e4tt att pappan ska ha ensam v\u00e5rdnad om barnen. Detta eftersom mamman anses ha saboterat deras umg\u00e4nge.<\/p>\n<p>&#8211; Jag \u00e4r f\u00f6rkrossad och barnen \u00e4r livr\u00e4dda f\u00f6r vad som kommer att h\u00e4nda nu, s\u00e4ger mamma Frida.<\/p>\n<p>I ett konferensrum p\u00e5 den v\u00e4lk\u00e4nda advokaten <a href=\"https:\/\/www.aftonbladet.se\/tagg\/530209634ff8fcfe926ad1d5cfc63f5d04ec71c9\">Thomas Bodstr\u00f6ms<\/a> kontor i centrala Stockholm sitter Frida med en lunta papper som v\u00e4nt tillvaron uppochner.<\/p>\n<p>&#8211; Hela livet har rasat samman. Sedan domen kom s\u00e5 v\u00e5gar min \u00e4ldsta son inte g\u00e5 till skolan. De \u00e4r livr\u00e4dda f\u00f6r vad som kommer att h\u00e4nda nu. Det g\u00f6r mig helt f\u00f6rkrossad.<\/p>\n\t<p>Det hon har framf\u00f6r sig \u00e4r ett avg\u00f6rande fr\u00e5n <a href=\"https:\/\/www.aftonbladet.se\/tagg\/1e554e10-081e-49e7-aa65-17f9a3cb08c4\">Svea hovr\u00e4tt<\/a>. D\u00e4r sl\u00e5r domstolen fast att hennes ex-man ska ha ensam v\u00e5rdnad om de tv\u00e5 s\u00f6nerna, tolv respektive \u00e5tta \u00e5r gamla. Detta trots att han 2014 d\u00f6mdes till tre m\u00e5naders f\u00e4ngelse f\u00f6r att slagit barnen.<\/p>\n<p>&#8211; Pojkarna vill inte vara hos honom. De har inte tr\u00e4ffat honom p\u00e5 4,5 \u00e5r. N\u00e4r vi har haft avtalade umg\u00e4ngestillf\u00e4llen s\u00e5 har jag gjort allt f\u00f6r att f\u00f6rbereda och uppmuntra dem, men de har v\u00e4grat.<\/p>\n<p>Har bott enbart hos mamman<\/p>\n<p>Frida och mannen separerade 2011. De f\u00f6rsta \u00e5ren efter uppbrottet s\u00e5 vistades s\u00f6nerna b\u00e5de hos henne och pappan. Alltsedan misshandelsdomen har de dock uteslutande bott hos Frida.<\/p>\n<p>I b\u00f6rjan av 2017 l\u00e4mnade ex-maken in en st\u00e4mningsans\u00f6kan d\u00e4r han kr\u00e4vde att s\u00f6nerna skulle flytta till honom. \u00a0Tingsr\u00e4tten avslog hans beg\u00e4ran.<\/p>\n<p>Det \u00e4r detta avg\u00f6rande som hovr\u00e4tten nu river upp. I domen, som v\u00e4ckt starka k\u00e4nslor p\u00e5 sociala medier, skriver r\u00e4tten:<\/p>\n<p>&#8221;Bed\u00f6mningen av vad som \u00e4r b\u00e4st f\u00f6r ett barn ska g\u00f6ras med beaktande av deras behov av en n\u00e4ra och god kontakt med b\u00e5da f\u00f6r\u00e4ldrarna. Enligt hovr\u00e4tten \u00e4r NN (pappans namn, reds. anm) den av parterna som har b\u00e4st f\u00f6ruts\u00e4ttningar att tillgodose det behovet&#8221;.<\/p>\n<h2 data-test-tag=\"@spp\/ui-subheading\">Advokaten: &#8221;En uppr\u00e4ttelse&#8221;<\/h2>\n<p>I domslutet framg\u00e5r att r\u00e4tten ser tv\u00e5 huvudsakliga risker f\u00f6r barnen: Faran att de p\u00e5 nytt misshandlas av pappan, och hotet att mamman h\u00e5ller dem borta fr\u00e5n umg\u00e4nge med honom.<\/p>\n<p>G\u00e4llande \u00e5terfallsrisken s\u00e5 ansluter sig hovr\u00e4tten till tingsr\u00e4ttens tidigare linje. Den l\u00e4gre instansen har bed\u00f6mt faran som liten, bland annat eftersom mannen &#8221;arbetat med sig sj\u00e4lv och g\u00e5tt i terapi&#8221;.<\/p>\n<p>Sannolikheten att Frida skulle exkludera pappan fr\u00e5n barnens liv \u00e4r betydligt st\u00f6rre, enligt domstolen.<\/p>\n<p>&#8221;Hovr\u00e4tten g\u00f6r bed\u00f6mningen att Frida inte har gjort allt hon kunnat f\u00f6r att f\u00f6rm\u00e5 barnen att umg\u00e5s med NN. Frida har h\u00e4nvisat till att barnen inte vill tr\u00e4ffa honom. I en s\u00e5 avg\u00f6rande fr\u00e5ga som barnens relation till en f\u00f6r\u00e4lder \u00e4r det dock inte m\u00f6jligt att \u00f6verl\u00e5ta best\u00e4mmander\u00e4tten till sm\u00e5 barn&#8221;.<\/p>\n<p>Mannen f\u00f6retr\u00e4ds av advokat Shantu Wahlgren. Hon h\u00e4vdar att Frida har stor p\u00e5verkan p\u00e5 barnens inst\u00e4llning till sin pappa.<\/p>\n<p>&#8211; Fr\u00e5n mamman och hennes familj har det m\u00e5lats upp en v\u00e4ldigt negativ bild av min klient. Mot den bakgrunden \u00e4r det inte konstigt att de s\u00e4ger att de inte vill tr\u00e4ffa honom.<\/p>\n<p>&#8211; Det ligger ett stort ansvar p\u00e5 mamman att motivera barnen. Men det har hon inte gjort. I st\u00e4llet har hon \u00e4gnat sig \u00e5t umg\u00e4ngessabotage. Det konstaterades redan 2016.<\/p>\n<p>Den bilden delar dock inte Frida.<\/p>\n<p>&#8211; Allt jag vill \u00e4r att mina barn ska f\u00e5 en trygg och bra uppv\u00e4xt. Jag kan inte tvinga dem att g\u00f6ra n\u00e5got som de inte vill.<\/p>\n<p>Shantu Wahlgren uppger att pappan reagerade v\u00e4ldigt positivt n\u00e4r han n\u00e5ddes av hovr\u00e4ttens besked.<\/p>\n<p>&#8211; Det \u00e4r en uppr\u00e4ttelse f\u00f6r honom efter flera \u00e5rs kamp, s\u00e4ger hon.<\/p>\n<p>&#8211; Jag tycker att det \u00e4r en v\u00e4lmotiverad och v\u00e4lskriven dom d\u00e4r man fokuserar p\u00e5 det som \u00e4r l\u00e5ngsiktigt b\u00e4st f\u00f6r barnen. S\u00e5 sm\u00e5 barn som det \u00e4r fr\u00e5gan om h\u00e4r har sv\u00e5rt att inse konsekvenserna av att bli ber\u00f6vade en av sina f\u00f6r\u00e4ldrar.<\/p>\n\t<h2 data-test-tag=\"@spp\/ui-subheading\">Ska \u00f6verklaga till HD<\/h2>\n<p>Advokat Thomas Bodstr\u00f6m \u00e4r Fridas nya ombud. Han \u00e4r mycket kritisk till domen.<\/p>\n<p>&#8211; Normalt sett brukar det r\u00e4cka med att man g\u00f6r sig skyldig till ett fall av misshandel f\u00f6r att man ska f\u00f6rlora umg\u00e4ngesr\u00e4tten, men h\u00e4r g\u00f6r r\u00e4tten en annan bed\u00f6mning trots att det \u00e4r fr\u00e5ga om upprepad brottslighet.<\/p>\n<p>&#8211; Jag har aldrig sett n\u00e5got liknande under hela min karri\u00e4r.<\/p>\n<p>P\u00e5 grund av den stora f\u00f6r\u00e4ndringen som beslutet inneb\u00e4r i pojkarnas liv s\u00e5 har hovr\u00e4tten best\u00e4mt att det inte ska g\u00e4lla interimistiskt, allts\u00e5 tills dess att domen vunnit laga kraft. Det inneb\u00e4r att s\u00f6nerna i nul\u00e4get kommer att bo kvar hos Frida.<\/p>\n<p>&#8211; Vi har redan b\u00f6rjat f\u00f6rbereda \u00f6verklagandet till H\u00f6gsta domstolen. Det borde vara av stort intresse att f\u00e5 en v\u00e4gledande dom i det h\u00e4r fallet, s\u00e4ger Thomas Bodstr\u00f6m.<\/p>\n<p>Aftonbladet har utan framg\u00e5ng s\u00f6kt hovr\u00e4ttsr\u00e5den Joakim Zetterstedt och Christina Brobacke, som avgjort \u00e4rendet.<\/p>\n<p>Gustaf Tronarp<\/p>\n\t<p>UTFALLET AV DOMEN:<\/p>\n<p>Precis som i de flesta fall d\u00e4r misst\u00e4nkta eller d\u00f6mda pappor f\u00e5r enskild v\u00e5rdnad pga att r\u00e4tten antar att de b\u00e4ttre \u00e4n m\u00f6drarna ska tillse barnets \/ barnens behov av<em><strong> b\u00e5da<\/strong><\/em> sina f\u00f6r\u00e4ldrar, har s\u00f6nerna i detta fall mer eller mindre helt f\u00f6rlorat kontakten med mamma, mormor och morfar sedan boendet \/ v\u00e5rdnaden flyttades \u00f6ver till pappan. Enligt morfadern har de slutat med sin tidigare intensiva fotbollstr\u00e4ning och den \u00e4ldsta sonen kraftigt g\u00e5tt upp i vikt och det ser inte l\u00e4ngre ut att g\u00e5 lika bra f\u00f6r dem i skolan som tidigare. Det \u00e4r s\u00e5 det rapporteras om de flesta av de barn som uts\u00e4tts f\u00f6r chansartade domar av detta slag. Eftersom de som tar s\u00e5dana beslut i r\u00e4tten inte har n\u00e5gon uppf\u00f6ljningsplikt, har de heller ingen aning om hur utfallet av deras beslut ser ut. Det st\u00e4mmer dessutom inte med fakta i m\u00e5let att det skulle vara mamman som f\u00f6rhindrat s\u00f6nerna umg\u00e4nge med pappan, utan det \u00e4r de sj\u00e4lva som v\u00e4grat kliva ur bilen n\u00e4r mamman k\u00f6rt dem till de \u00f6vervakade umg\u00e4ngena med pappan. Det vet dessutom alla eftersom assisterande personal fr\u00e5n socialtj\u00e4nsten inte heller lyckades f\u00e5 ut dem ur bilen och d\u00e4rf\u00f6r tvingades ge upp f\u00f6rs\u00f6ket att f\u00e5 till st\u00e5nd dessa ung\u00e4ngen. Det \u00e4r helt barockt att utifr\u00e5n dessa omst\u00e4ndigheter misst\u00e4nkligg\u00f6ra mamman f\u00f6r att vara den som st\u00e4ller sig hindrande i v\u00e4gen f\u00f6r s\u00f6nernas kontakt med deras pappa. Men det \u00e4r p\u00e5 s\u00e5dana l\u00f6sa boliner som barn mister sina trygga och skyddande f\u00f6r\u00e4ldrar i detta land.<\/p>\n\t<blockquote data-secret=\"IuDrrVGOYZ\"><p><a href=\"http:\/\/mmstudies.com\/eftervaldet\/artiklar\/\">ARTIKLAR OM ENSKILDA FALL<\/a><\/p><\/blockquote>\n<p><iframe loading=\"lazy\" title=\"&#8221;ARTIKLAR OM ENSKILDA FALL&#8221; &#8212; #efterv\u00e5ldet\" sandbox=\"allow-scripts\" security=\"restricted\" src=\"http:\/\/mmstudies.com\/eftervaldet\/artiklar\/embed\/#?secret=IuDrrVGOYZ\" data-secret=\"IuDrrVGOYZ\" width=\"600\" height=\"338\" frameborder=\"0\" marginwidth=\"0\" marginheight=\"0\" scrolling=\"no\"><\/iframe><\/p>\n<blockquote data-secret=\"ebNhIMbPEM\"><p><a href=\"http:\/\/mmstudies.com\/eftervaldet\/jenny\/\">JENNY \u00d6RNS FALL<\/a><\/p><\/blockquote>\n<p><iframe loading=\"lazy\" title=\"&#8221;JENNY \u00d6RNS FALL&#8221; &#8212; #efterv\u00e5ldet\" sandbox=\"allow-scripts\" security=\"restricted\" src=\"http:\/\/mmstudies.com\/eftervaldet\/jenny\/embed\/#?secret=ebNhIMbPEM\" data-secret=\"ebNhIMbPEM\" width=\"600\" height=\"338\" frameborder=\"0\" marginwidth=\"0\" marginheight=\"0\" scrolling=\"no\"><\/iframe><\/p>\n<blockquote data-secret=\"dqlP71qDPp\"><p><a href=\"http:\/\/mmstudies.com\/eftervaldet\/maria-a-artikel\/\">Maria A:s fall<\/a><\/p><\/blockquote>\n<p><iframe loading=\"lazy\" title=\"&#8221;Maria A:s fall&#8221; &#8212; #efterv\u00e5ldet\" sandbox=\"allow-scripts\" security=\"restricted\" src=\"http:\/\/mmstudies.com\/eftervaldet\/maria-a-artikel\/embed\/#?secret=dqlP71qDPp\" data-secret=\"dqlP71qDPp\" width=\"600\" height=\"338\" frameborder=\"0\" marginwidth=\"0\" marginheight=\"0\" scrolling=\"no\"><\/iframe><\/p>\n<blockquote data-secret=\"hbnpYE7elE\"><p><a href=\"http:\/\/mmstudies.com\/eftervaldet\/lenas-fall\/\">TREBARNSMAMMAN LENAS FALL<\/a><\/p><\/blockquote>\n<p><iframe loading=\"lazy\" title=\"&#8221;TREBARNSMAMMAN LENAS FALL&#8221; &#8212; #efterv\u00e5ldet\" sandbox=\"allow-scripts\" security=\"restricted\" src=\"http:\/\/mmstudies.com\/eftervaldet\/lenas-fall\/embed\/#?secret=hbnpYE7elE\" data-secret=\"hbnpYE7elE\" width=\"600\" height=\"338\" frameborder=\"0\" marginwidth=\"0\" marginheight=\"0\" scrolling=\"no\"><\/iframe><\/p>\n<blockquote data-secret=\"eCuAeDV7Vo\"><p><a href=\"http:\/\/mmstudies.com\/eftervaldet\/fallet-maria2\/\">V\u00c5RDNADSM\u00c5LET VID VARBERGS TINGSR\u00c4TT<\/a><\/p><\/blockquote>\n<p><iframe loading=\"lazy\" title=\"&#8221;V\u00c5RDNADSM\u00c5LET VID VARBERGS TINGSR\u00c4TT&#8221; &#8212; #efterv\u00e5ldet\" sandbox=\"allow-scripts\" security=\"restricted\" src=\"http:\/\/mmstudies.com\/eftervaldet\/fallet-maria2\/embed\/#?secret=eCuAeDV7Vo\" data-secret=\"eCuAeDV7Vo\" width=\"600\" height=\"338\" frameborder=\"0\" marginwidth=\"0\" marginheight=\"0\" scrolling=\"no\"><\/iframe><\/p>\n<p>&nbsp;<\/p>\n<blockquote data-secret=\"5V9lh2Iajk\"><p><a href=\"http:\/\/mmstudies.com\/eftervaldet\/svea-hovratt\/\">SVEA HOVR\u00c4TTSM\u00c5LET med BODSTR\u00d6M SOM OMBUD<\/a><\/p><\/blockquote>\n<p><iframe loading=\"lazy\" title=\"&#8221;SVEA HOVR\u00c4TTSM\u00c5LET med BODSTR\u00d6M SOM OMBUD&#8221; &#8212; #efterv\u00e5ldet\" sandbox=\"allow-scripts\" security=\"restricted\" src=\"http:\/\/mmstudies.com\/eftervaldet\/svea-hovratt\/embed\/#?secret=5V9lh2Iajk\" data-secret=\"5V9lh2Iajk\" width=\"600\" height=\"338\" frameborder=\"0\" marginwidth=\"0\" marginheight=\"0\" scrolling=\"no\"><\/iframe><\/p>\n<blockquote data-secret=\"W2WkaQjZem\"><p><a href=\"http:\/\/mmstudies.com\/eftervaldet\/suicidal\/\">12-\u00e5rig traumatiserad och suicidal pojke tv\u00e5ngsf\u00f6rflyttas till sin f\u00f6r\u00f6vare<\/a><\/p><\/blockquote>\n<p><iframe loading=\"lazy\" title=\"&#8221;12-\u00e5rig traumatiserad och suicidal pojke tv\u00e5ngsf\u00f6rflyttas till sin f\u00f6r\u00f6vare&#8221; &#8212; #efterv\u00e5ldet\" sandbox=\"allow-scripts\" security=\"restricted\" src=\"http:\/\/mmstudies.com\/eftervaldet\/suicidal\/embed\/#?secret=W2WkaQjZem\" data-secret=\"W2WkaQjZem\" width=\"600\" height=\"338\" frameborder=\"0\" marginwidth=\"0\" marginheight=\"0\" scrolling=\"no\"><\/iframe><\/p>\n<blockquote data-secret=\"5luP0KIMpQ\"><p><a href=\"http:\/\/mmstudies.com\/eftervaldet\/anna-elias\/\">FALLET ANNA OCH ELIAS<\/a><\/p><\/blockquote>\n<p><iframe loading=\"lazy\" title=\"&#8221;FALLET ANNA OCH ELIAS&#8221; &#8212; #efterv\u00e5ldet\" sandbox=\"allow-scripts\" security=\"restricted\" src=\"http:\/\/mmstudies.com\/eftervaldet\/anna-elias\/embed\/#?secret=5luP0KIMpQ\" data-secret=\"5luP0KIMpQ\" width=\"600\" height=\"338\" frameborder=\"0\" marginwidth=\"0\" marginheight=\"0\" scrolling=\"no\"><\/iframe><\/p>\n\t<p>&nbsp;<\/p>\n<p><em><a href=\"http:\/\/mmstudies.com\/eftervaldet\/\">AKTION #efterv\u00e5ldet mot samh\u00e4llsfarlig myndighetsut\u00f6vning<\/a><\/em><\/p>\n<p>&nbsp;<\/p>\n<p><em><a href=\"http:\/\/mmstudies.com\/eftervaldet\/\">KRITIK M\u00c5LS\u00c4TTNING OCH KRAV<\/a><\/em><\/p>\n<p>&nbsp;<\/p>\n<p><em><a href=\"http:\/\/mmstudies.con\/eftervaldet\/definition\">Efterv\u00e5ld &#8211; definition<\/a><\/em><\/p>\n<p>&nbsp;<\/p>\n<p><a href=\"http:\/\/mmstudies.com\/eftervaldet\/presentation\"><em>PRESENTATION AV #efterv\u00e5ldets \u00d6VERGRIPANDE UPPL\u00c4GG, KRITK, \u00a0FAKTA OCH KUNSKAPSUNDERLAG<\/em><\/a><\/p>\n<p>&nbsp;<\/p>\n<p><a href=\"http:\/\/mmstudies.com\/eftervaldet\/ipe-analys\/\"><em>IDEOLOGISK, POLITISK, EKONOMISK ANALYS<\/em><\/a><\/p>\n<p>&nbsp;<\/p>\n<p><em><a href=\"http:\/\/mmstudies.com\/eftervaldet\/falsk-varu\/\">MYNDIGHETSUT\u00d6VNING MED FALSK VARUDEKLARATION<\/a><\/em><\/p>\n<p>&nbsp;<\/p>\n<p><a href=\"http:\/\/mmstudies.com\/eftervaldet\/hum-faltet\/\"><em>1) Bristande kompetens att hantera komplext systemrelaterade problemst\u00e4llningar inom det humanvetenskapliga f\u00e4ltet<\/em><\/a><\/p>\n<p>&nbsp;<\/p>\n<p><em><a href=\"http:\/\/mmstudies.com\/eftervaldet\/spraklig\/\">2) Bristande spr\u00e5klig precisering, avgr\u00e4nsning och stringens<\/a><\/em><\/p>\n<p>&nbsp;<\/p>\n<p><a href=\"http:\/\/mmstudies.com\/eftervaldet\/tllampning\/\"><em>3) Bristande omd\u00f6me i fr\u00e5ga om till\u00e4mpningen av g\u00e4llande lag i F\u00f6r\u00e4ldrabalken och FN:s barnkonvention<\/em><\/a><\/p>\n<p>&nbsp;<\/p>\n<p><a href=\"http:\/\/mmstudies.com\/eftervaldet\/fakta\/\"><em>FAKTA-OCH KUNSKAPSUNDERLAG<\/em><\/a><\/p>\n<p>&nbsp;<\/p>\n<p><a href=\"http:\/\/mmstudies.com\/eftervaldet\/forbigas\/\"><em>ANGEL\u00c4GEN FORSKNING OCH VETENSKAP SOM F\u00d6RBIG\u00c5S<\/em><\/a><\/p>\n<p>&nbsp;<\/p>\n<p><a href=\"http:\/\/mmstudies.com\/eftervaldet\/enkatsvar\"><em>ENK\u00c4TSVAR fr\u00e5n 16 f\u00f6r\u00e4ldrar utsatta f\u00f6r VSNR &amp; EFTERV\u00c5LD<\/em><\/a><\/p>\n<p>&nbsp;<\/p>\n<p><a href=\"http:\/\/mmstudies.com\/eftervaldet\/granskning-domar\/\"><em>SAMMANFATTNING AV MARIA KARLSSONS GRANSKNING AV DOMAR<\/em><\/a><\/p>\n<p>&nbsp;<\/p>\n<p><a href=\"http:\/\/mmstudies.com\/eftervaldet\/domar-vsnr\/\"><em>Domar vari pappor gjort sig skyldiga till VSNR<\/em><\/a><\/p>\n<p>&nbsp;<\/p>\n<p><em><a href=\"http:\/\/mmstudies.com\/eftervaldet\/pavarka\/\">Domar vari mammor tros &#8221;p\u00e5verka&#8221;, &#8221;dra in barn i konflikten&#8221;, inte kunna &#8221;samarbeta&#8221; pga att &#8221;ha fel inst\u00e4llning till pappan&#8221;, etc<\/a><\/em><\/p>\n<p>&nbsp;<\/p>\n<p><em><a href=\"http:\/\/mmstudies.com\/eftervaldet\/boss\/\">BRUTALISTEN MATS SJ\u00d6STEN &#8211; BOSS<\/a> <a href=\"http:\/\/mmstudies.com\/eftervaldet\/boss\/\">\u00d6VER V\u00c5RDNADSM\u00c5L SEDAN 90-talet<\/a><\/em><\/p>\n<p>&nbsp;<\/p>\n<p><a href=\"http:\/\/mmstudies.com\/eftervaldet\/statliga\/\"><em>DE STATLIGA V\u00c5RDNADSUTEDNINGARNA<\/em><\/a><\/p>\n<p>&nbsp;<\/p>\n<p><a href=\"http:\/\/mmstudies.com\/eftervaldet\/framsta-expert\/\"><em>LANDETS FR\u00c4MSTA EXPERT P\u00c5 V\u00c5RDNADSM\u00c5L<\/em><\/a><\/p>\n<p>&nbsp;<\/p>\n<p><a href=\"http:\/\/mmstudies.com\/eftervaldet\/granskning-ms\/\"><em>AVSL\u00d6JANDE GRANSKNING AV MATS SJ\u00d6STENS DOM I VARBERGFALLET<\/em><\/a><\/p>\n<p>&nbsp;<\/p>\n<p><a href=\"http:\/\/mmstudies.com\/eftervaldet\/lambertz\/\"><em>MAILV\u00c4XLING MED LAGMAN MATS SJ\u00d6STEN OCH HOVR\u00c4TTSASSESSOR KARIN LAMBERTZ<\/em><\/a><\/p>\n<p>&nbsp;<\/p>\n<p><a href=\"http:\/\/mmstudies.com\/eftervaldet\/fallet-maria2\/\"><em>Varbergsm\u00e5let:<\/em><\/a><\/p>\n<p>&nbsp;<\/p>\n<p><a href=\"http:\/\/mmstudies.com\/eftervaldet\/artiklar\"><em>ARTIKLAR<\/em><\/a><\/p>\n<p>&nbsp;<\/p>\n<p><a href=\"http:\/\/mmstudies.com\/eftervaldet\/jenny-orn\"><i>1. Jenny \u00d6rns fall<\/i><\/a><\/p>\n<p><i>2 .<\/i><a href=\"http:\/\/mmstudies.com\/eftervaldet\/maria-a-artikel\"><i>F\u00f6r\u00e4ldern Maria A:s fall publicerad i Aftonbladet 2017.<\/i><\/a><i>\u00a0<\/i><\/p>\n<p><a href=\"http:\/\/mmstudies.com\/eftervaldet\/lenas-fall\/\"><i>3.Trebarnsmamman Lenas fall<\/i><\/a><\/p>\n<p><a href=\"http:\/\/mmstudies.com\/eftervaldet\/svea-hovratt\/\"><i>4. Svea Hovr\u00e4ttsm\u00e5let med Thomas Bodstr\u00f6m som mammans ombud<\/i><\/a><\/p>\n<p><i>5. <\/i><a href=\"http:\/\/mmstudies.com\/eftervaldet\/fallet-maria2\/\"><i>V\u00e5rdnadsm\u00e5let vid \u00a0Varbergs tings\u00e4tt och Mats Sj\u00f6sten som domare<\/i><\/a><\/p>\n<p><a href=\"http:\/\/mmstudies.com\/eftervaldet\/suicidal\/\"><i>6) 12-\u00e5rig suicidal pojke tv\u00e5ngsf\u00f6rflyttas till sin f\u00f6r\u00f6vare<\/i><\/a><\/p>\n<p><a href=\"http:\/\/mmstudies.com\/eftervaldet\/anna-elias\/\"><i>7) Fallet Anna och Elias<\/i><\/a><\/p>\n<p><em><a href=\"http:\/\/mmstudies.com\/eftervaldet\/enkatsvar\/\">Mammors rapporter i 16 enk\u00e4tsvar<\/a><\/em><\/p>\n<p>&nbsp;<\/p>\n<p><a href=\"http:\/\/mmstudies.com\/eftervaldet\/bk\/\"><em>OM FN:s BARKONVENTION<\/em><\/a><\/p>\n<p>&nbsp;<\/p>\n\n","protected":false},"excerpt":{"rendered":"<p>SVEA HOVR\u00c4TTSM\u00c5LET MED THOMAS BODSTR\u00d6M SOM MAMMANS OMBUD Man som \u00e4r d\u00f6md f\u00f6r misshandel f\u00e5r ensam v\u00e5rdnad om sina barn Hovr\u00e4ttens dom v\u00e4cker starka k\u00e4nslor p\u00e5 sociala medier Artikel av Gustav Tronarp i AB 5 febr. 2019 Mannen \u00e4r d\u00f6md f\u00f6r att ha misshandlat sina tv\u00e5 s\u00f6ner &#8211; och han har inte tr\u00e4ffat dem p\u00e5&#8230;<\/p>\n","protected":false},"author":1,"featured_media":0,"parent":0,"menu_order":0,"comment_status":"closed","ping_status":"closed","template":"full-width-page.php","meta":{"footnotes":""},"class_list":["post-653","page","type-page","status-publish","hentry"],"_links":{"self":[{"href":"http:\/\/mmstudies.com\/eftervaldet\/wp-json\/wp\/v2\/pages\/653","targetHints":{"allow":["GET"]}}],"collection":[{"href":"http:\/\/mmstudies.com\/eftervaldet\/wp-json\/wp\/v2\/pages"}],"about":[{"href":"http:\/\/mmstudies.com\/eftervaldet\/wp-json\/wp\/v2\/types\/page"}],"author":[{"embeddable":true,"href":"http:\/\/mmstudies.com\/eftervaldet\/wp-json\/wp\/v2\/users\/1"}],"replies":[{"embeddable":true,"href":"http:\/\/mmstudies.com\/eftervaldet\/wp-json\/wp\/v2\/comments?post=653"}],"version-history":[{"count":21,"href":"http:\/\/mmstudies.com\/eftervaldet\/wp-json\/wp\/v2\/pages\/653\/revisions"}],"predecessor-version":[{"id":4552,"href":"http:\/\/mmstudies.com\/eftervaldet\/wp-json\/wp\/v2\/pages\/653\/revisions\/4552"}],"wp:attachment":[{"href":"http:\/\/mmstudies.com\/eftervaldet\/wp-json\/wp\/v2\/media?parent=653"}],"curies":[{"name":"wp","href":"https:\/\/api.w.org\/{rel}","templated":true}]}}