{"id":728,"date":"2019-05-13T19:59:28","date_gmt":"2019-05-13T19:59:28","guid":{"rendered":"http:\/\/mmstudies.com\/eftervaldet\/?page_id=728"},"modified":"2021-05-03T15:23:55","modified_gmt":"2021-05-03T15:23:55","slug":"bk","status":"publish","type":"page","link":"http:\/\/mmstudies.com\/eftervaldet\/bk\/","title":{"rendered":"OM FN:s BARNKONVENTION"},"content":{"rendered":"\n\n\t<h1>OM FN:s BARNKONVENTION<\/h1>\n<h2><a href=\"https:\/\/sverigesradio.se\/sida\/artikel.aspx?programid=1650&amp;artikel=6731784\"><em>Barnkonventionen kan bli svensk lag<\/em><\/a><\/h2>\n<h2><em>Intervju i SR P1 publicerat m\u00e5ndag 3 juli 2017 kl 19.05<\/em><\/h2>\n\n<p>&nbsp;<\/p>\n<h2><em>Samma intervju s\u00e4nds sedan i repris den 13 mars 2019<\/em><\/h2>\n\t<h2 data-block=\"true\" data-editor=\"cuh0e\" data-offset-key=\"2qigq-0-0\"><a href=\"https:\/\/sverigesradio.se\/sida\/artikel.aspx?programid=83&amp;artikel=7173443&amp;fbclid=IwAR3oeHCZZtKzVSDapZHloJZI2v0gXXCqzvlDptAPIA4R3KoUav86Ka1AfIw\"><em>INTERVJU MED LAGMAN MATS SJ\u00d6STEN VID VARBERGS TINGSR\u00c4TT &#8211; EXPERT P\u00c5 V\u00c5RDNADSM\u00c5L<\/em><\/a><\/h2>\n<em>Av Alexander Gagliano<\/em>\n<em>(K\u00e4llkritik: L\u00e4s eller lyssna noga! Vad \u00e4r det han egentligen S\u00c4GER?)<\/em>\n<em>\u00a0<\/em>\n<em><a href=\"https:\/\/sverigesradio.se\/sida\/artikel.aspx?programid=83&amp;artikel=7173443&amp;fbclid=IwAR3oeHCZZtKzVSDapZHloJZI2v0gXXCqzvlDptAPIA4R3KoUav86Ka1AfIw\">Sveriges Radio P1 Ekonyheternas reportage<\/a> den 13 mars 2019 med anledning av att regeringen den 14 mars 2019 l\u00e4gger fram ett f\u00f6rslag till Lagr\u00e5det om att Barnkonventionen ska g\u00f6ras till svenske lag<\/em>\n<em>\u00a0<\/em>\n<em>\u00a0<\/em>\n<h2 data-offset-key=\"ccgcr-0-0\"><em>CITAT:<\/em><\/h2>\n<em>\u00a0<\/em>\n<em>SR: Trots att Sverige lovat att f\u00f6lja FN:s Barnkonvention som inf\u00f6rdes f\u00f6r 30 \u00e5r sedan, s\u00e5 r\u00e4cker inte det, anser regeringen, som p\u00e5 torsdag l\u00e4gger ett f\u00f6rslag om att BK ska bli till svensk lag vidare till lagr\u00e5det och att tr\u00e4da i kraft 2020<\/em>\n<em>\u00a0<\/em>\n<em>Samtidigt varnar flera jurister f\u00f6r att BK \u00e4r f\u00f6r otydlig f\u00f6r att bli lagstiftning i Sverige.<\/em>\n<em>\u00a0<\/em>\n<em>Fd generalsekreteraren i R\u00e4dda barnen Thomas Hammarberg, som sj\u00e4lv varit med och utarbetat BK, v\u00e4lkomnar dock f\u00f6rslaget och p\u00e5talar att BK iofs redan g\u00e4ller i den svenska lagstiftningen i o m att Sverige har ratificerat den, men att den har brustit i sj\u00e4lva r\u00e4ttsut\u00f6vningen och betonar d\u00e4rf\u00f6r vikten av att den uppm\u00e4rksammas och diskuteras mer i den allm\u00e4nna debatten, f\u00f6r att r\u00e4ttsv\u00e4sendets akt\u00f6rer; domare, \u00e5klagare och f\u00f6rsvarare verkligen ska bygga sina beslut och pl\u00e4deringar p\u00e5 BK. Det \u00e4r v\u00e4ldigt f\u00e5 domar som h\u00e4nvisat till den n\u00e4mligen.<\/em>\n<em>\u00a0<\/em>\n<em>BO: ordf\u00f6rande Anna Karin Hildingsson Bokvist v\u00e4lkomnar ocks\u00e5 beslutet att g\u00f6ra BK till lag. <\/em>\n<em>\u00a0<\/em>\n<em>&#8221;Det \u00e4r viktigt att det tydligg\u00f6rs f\u00f6r barn och unga som befinner sig i utsatta situationer vilka r\u00e4ttigheter de faktiskt har. Vi har ju sett en hel del brister i r\u00e4ttsut\u00f6vningen som tex se till deras delaktighet och juridiska r\u00e4ttigheter, Vi har m\u00f6tt barn som inte f\u00e5r tr\u00e4ffa sina syskon utan att f\u00e5 ngt sk\u00e4l f\u00f6r det, barn som inte f\u00e5 information om att de ska byta familjehem, tv\u00e5ngs\u00e5tg\u00e4rder som anv\u00e4nds som bestraffning tex.&#8221;<\/em>\n<em>\u00a0<\/em>\n<em>SR: Vad \u00e4r det som skiljer BK ifr\u00e5n hur lagstiftningen ser ut idag?<\/em>\n<em>\u00a0<\/em>\n<em>BO: den har ett tydligt r\u00e4ttighetsperspektiv som barn och unga ocks\u00e5 kan ta till sig.<\/em>\n<em>\u00a0<\/em>\n<em>SR: Vad tror du att det blir f\u00f6r konsekvenser av att BK g\u00f6rs till lag?<\/em>\n<em>\u00a0<\/em>\n<em>BO Jag tror att det kan leda till stora f\u00f6r\u00e4ndringar, f\u00f6r den utredning som har gjorts p\u00e5 det h\u00e4r, har p\u00e5visat att det finns stora brister framf\u00f6r allt n\u00e4r det g\u00e4ller barns delaktighet och att barn har isolerats f\u00f6r l\u00e4nge i h\u00e4kte &#8230;<\/em>\n<em>\u00a0<\/em>\n<em>3:49 Vi har ocks\u00e5 med oss Mats Sj\u00f6sten lagman vid Varbergs Tingsr\u00e4tt. Vad tror du skulle bli konsekvenserna f\u00f6r det svenska r\u00e4ttssystemet om BK blir lag, som regeringen vill?<\/em>\n<em>\u00a0<\/em>\n<h2 data-offset-key=\"525o3-0-0\"><em>(Lagmannen har ett anm\u00e4rkningsv\u00e4rt sluddrigt tal, som tycks avspegla samma brist p\u00e5 f\u00f6rm\u00e5ga till artikulation och precision i tankeg\u00e5ngen!)<\/em><\/h2>\n<em>\u00a0<\/em>\n<em>MS: <strong>Asm..lagstiftning ska ju inf\u00f6ras inte f\u00f6r att skapa en debatt utnfrs att \u00e5stadkomma f\u00f6r\u00e4ndring och effekter. BK \u00e4r ju skriven inte f\u00f6r individer utan f\u00f6r stater&#8230;<\/strong> den talar ju om att konventionsstater ska tillf\u00f6rs\u00e4kra barn olika r\u00e4ttigheter och olika skydd och det \u00e4r bra&#8230; det \u00e4r ingenting att erinra mot&#8230; men den \u00e4r inte skriven f\u00f6r att till\u00e4mpas i domstolar. <\/em>\n<em>\u00a0<\/em>\n<h2 data-offset-key=\"75siu-0-0\"><em>(Nej det var just det som Tomas Hammarberg p\u00e5pekade att den inte hade gjorts &#8211; till\u00e4mpats i domstolarna, allts\u00e5! Att det inte ligger Mats Sj\u00f6sten s\u00e4rskilt varmt om hj\u00e4rtat att det f\u00f6rs en samh\u00e4llelig debatt och att allm\u00e4nheten har f\u00f6rv\u00e4ntningar p\u00e5 att r\u00e4ttsut\u00f6vningen grundar sig p\u00e5 fakta, vetenskap och v\u00e4l bepr\u00f6vad erfarenhet, framg\u00e5r med all \u00f6nskv\u00e4rd tydlighet i det mail vari han besvarar fr\u00e5gan som st\u00e4lls till honom i ett <a href=\"http:\/\/mmstudies.com\/mammamanualen\/mail\">utskick till landets alla tingsr\u00e4tter<\/a> om den saken.)<\/em><\/h2>\n<em>\u00a0<\/em>\n<em>\u00a0<\/em>\n<em>SR: Ja men om den blir lag nu vad kommer det att f\u00e5 f\u00f6r konsekvenser tror du? <\/em>\n<em>\u00a0<\/em>\n<em>MS: <strong>Ja det \u00e4r v\u00e4ldigt sv\u00e5rt att s\u00e4ga &#8211; det kan leda till os\u00e4kerhet och of\u00f6rutsebarhet eftersom det inte finns n\u00e5gra f\u00f6rarbeten som \u00e4r traditionell i svensk lag. Det finns heller inte n\u00e5n \u00f6verstatlig organisation som Europakonventionen d\u00e4r vi har Europadomstolen som d\u00e5 kan pr\u00f6va och s\u00e4ga vad som ska g\u00e4llas vid oklarheter<\/strong><\/em>\n<em>\u00a0<\/em>\n<em>SR: Men vilken typ av \u00e4renden kommer fr\u00e4mst att p\u00e5verkas tror du?<\/em>\n<em>\u00a0<\/em>\n<em>MS: Ja jask&#8230; om de som kommer p\u00e5verkas s\u00e5 \u00e4r det nog det som har p\u00e5verk&#8230; p\u00e5pekats fr\u00e5n BO i sociala fr\u00e5gor f\u00f6r att i m\u00e5nga andra fr\u00e5gor&#8230; en typ som jag vill d\u00e5 framh\u00e5lla s\u00e4rskilt i f\u00f6r\u00e4ldrabalken.. d\u00e4r finns ju \u00e4v(en) redan dom artiklar i barnkonventionen tex barnets r\u00e4tt som ska g\u00e4lla&#8230; dom finns transformerade in i lagen och g\u00e4ller &#8230; <strong>s\u00e5 i domstolar h\u00e4nvisar man till barnets b\u00e4sta och det framg\u00e5r d\u00e5 i F\u00f6r\u00e4ldrabalken men SKRIVER inte barnkonventionen utan skriver att det st\u00e5r i f\u00f6r\u00e4ldrabalken, men det \u00e4r samma sak<\/strong><\/em>\n<em>\u00a0<\/em>\n<em>SR: vad s\u00e4ger du BO om det?<\/em>\n<em>\u00a0<\/em>\n<em>BO: Ja jag t\u00e4nker att vi har ju transformerat in artiklar fr\u00e5n BK i den befintliga lagstiftningen, men det utredningen har visat \u00e4r ju att det inte \u00e4r tillr\u00e4ckligt&#8230; att barn inte kommer till tals i tillr\u00e4cklig utstr\u00e4ckning och vi har olika situationer, sociala barnav\u00e5rden \u00e4r en och vi har m\u00f6tt barn i som isolerats i h\u00e4ktet i 22 timmar, som FN:s barnr\u00e4ttskommitt\u00e9 har kritiserat.<\/em>\n<em>\u00a0<\/em>\n<em>SR: Vad s\u00e4ger du Mats Sj\u00f6sten r\u00e4cker inte lagen som den ser ut idag?<\/em>\n<em>\u00a0<\/em>\n<em>6:26 MS: Ah det \u00e4r ju som vi h\u00f6rt fr\u00e5n BO d\u00e4r att lagen finns ju redan.. de j ifr\u00e5ga om till\u00e4mpningen&#8230; och f\u00f6rtist\u00e5nd en annan till\u00e4mpning genom att barnkonventionen till lag, d\u00e5 undrar jag om det \u00e4r r\u00e4tt s\u00e4tt, det \u00e4r nog andra \u00e5tg\u00e4rder somsk g\u00f6&#8230; g\u00f6ras i (inandning) s.. s\u00e5 fall. En \u00e5tg\u00e4rd som man d\u00e5 ka&#8230; straffr\u00e4ttens omr\u00e5de, barnr\u00e4ttighetsutredningen som \u00e4h &#8230; vars f\u00f6rslag d\u00e4nu regeringen g\u00e5 vidare mepeka p\u00e5 sd\u00e4h\u00e4 s\u00e4rskilt n\u00e4r det g\u00e4ller misshandel av barn &#8230; och d\u00e4r s\u00e5 \u00e4r det ju s\u00e5 att m\u00e5&#8230; i m\u00e5nga fall s\u00e5 \u00e4r det ogillade domar f\u00f6r att d\u00e5.. d\u00e4 hante kunnat styrkas att p\u00e5 grund av att barnet inte kanske kan prata att n\u00e5got som typiskt s\u00e4tt har gjort ont ha v\u00e5llat sm\u00e4rta och det vill ju barnr\u00e4ttighetsutredningen ska komma till r\u00e4tta p\u00e5att&#8230; p\u00e5att.. att i.. inf\u00f6ra ett speciellt brott: misshandel av barn, somatt det skante ph\u00f6vas bevisat att just det enskilda slaget som typiskt sett leder till sm\u00e4rta \u00e4nd\u00e5 ska kunna leda till en f\u00e4llande dom. <\/em>\n<em>\u00a0<\/em>\n<h2 data-offset-key=\"ca2so-0-0\"><em>(H\u00e4r kan noteras att talarens puls \u00f6kar och ger upphov till en viss andn\u00f6d och darr p\u00e5 r\u00f6sten och att \u00e4mnet s\u00e5ledes kan antas ge upphov till uppflammande inre drivkrafter. S\u00e5na som n\u00e4r tex kvinnliga socialsekreterare kritiseras kallas f\u00f6r &#8221;k\u00e4nslor&#8221;)<\/em><\/h2>\n<em>\u00a0<\/em>\n<em>SR: Men om nu regeringen f\u00e5r igenom \u00e5ret h\u00e4r det blir en lag 2020 vill dom, vad beh\u00f6vs nu fram till 2020 f\u00f6r att det ska landa v\u00e4l i domstolarna?<\/em>\n<em>\u00a0<\/em>\n<em>7:20 MS Ja domstolarna \u00e4r ju beredda p\u00e5 att ta emot den h\u00e4r lagstiftningen som det \u00e4r &#8230; Det viktiga \u00e4r ju att under den h\u00e4r tiden&#8230; att dd\u00e4&#8230; \u00e4 g\u00f6rs en genomg\u00e5ng av dom lagar&#8230; man kan naturligtvis inte g\u00f6ra alla&#8230; men dom som har prim\u00e4rt och oftast till\u00e4mpas och s\u00e5 s\u00e4ga att dom nu och i vart fall fram till 2020 \u00e4r s\u00e5 skrivna att d\u00e4 av lagtexten framg\u00e5r att dom r\u00e4ttigheter som barn tillf\u00f6rs\u00e4kras i BK att dom finns inne i lagen, satt lagen kan till\u00e4mpas .. f\u00f6ti yttermera visso s\u00e5 bled\u00e4 ju s\u00e5attt \u00e4 d\u00e4 oklarheter eller \u00e4 d\u00e4 s\u00e5 att det blir spretande r\u00e4ttstill\u00e4mpning pga att det inte finns f\u00f6rarbete eller tidigare r\u00e4ttspraxis och s\u00e5 blir d\u00e4 ju \u00d6verr\u00e4tten, H\u00f6gsta domstolen f\u00f6r allm\u00e4nna domstolar, H\u00f6gsta f\u00f6rvaltningsdomstolen f\u00f6r f\u00f6rvaltningsdomstolar som f\u00e5r s\u00e4tta ner foten och s\u00e4ga att i det h\u00e4r fallet ska lagen BK till\u00e4mpas p\u00e5 det s\u00e4ttet, och d\u00e4r har vi ju ett exempel, som jag menar p\u00e5 att det kommer att fungera forr domstolorna och h\u00f6gsta f\u00f6rvaltningsdomstolen har ju direkt till\u00e4mpat Europakonventionen n\u00e4r det g\u00e4ller vissa skadest\u00e5ndsfr\u00e5gor i fo&#8230; mellan enskilda och staten.<\/em>\n<em>\u00a0<\/em>\n<em>Slut citat.<\/em>\n<em>_________________________________________________________<\/em>\n<em>\u00a0<\/em>\n<h2 data-offset-key=\"497gr-0-0\"><em>KOMMENTAR TILL MATS SJ\u00d6STENS BIDRAG TILL DEBATTEN:<\/em><\/h2>\n<em>\u00a0<\/em>\n<em>F\u00f6rs\u00f6ker Mats Sj\u00f6sten redan p\u00e5 f\u00f6rhand, innan det l\u00e4ggs ytterligare tyngd vid att barns r\u00e4ttigheter respekteras, gardera sig med undanflykter genom att h\u00e4nvisa till problem med &#8221;os\u00e4kerhet och of\u00f6rutsebarhet&#8221; i BK, i avsikten att ge legitimitet \u00e5t att \u00e4ven forts\u00e4ttningsvis kunna ut\u00f6va sin h\u00f6gst godtyckligt subjektiva, partiskt osakliga och ibland tom direkt l\u00f6gnaktiga, s\u00e5v\u00e4l som auktorit\u00e4rt nedl\u00e5tande och m\u00e4strande typ av &#8221;r\u00e4ttsut\u00f6vning&#8221;? <\/em>\n<em>\u00a0<\/em>\n<em>(Praktexemplet d\u00e4rp\u00e5 \u00e4r hans dom i Linda Nor\u00e9ns fall! Och inte mycket b\u00e4ttre \u00e4r det i &#8221;Marias&#8221; som blivit omskrivet ett flertal g\u00e5nger i AB och nu senast \u00e4ven p\u00e5 samma hemsida p\u00e5 SR P1 Ekonyheterna, som ljudfilen till ovanst\u00e5ende intervju!)<\/em>\n<em>\u00a0<\/em>\n<em>F\u00f6r om nu vissa artiklar i BK redan \u00c4R transformerade in i lagen, och det inte utgjort n\u00e5gra problem med otydligheter, vad \u00e4r d\u00e5 egentligen problemet med att det st\u00e4lls st\u00f6rre krav p\u00e5 att de verkligen efterf\u00f6ljs? Slutsatsen att det kan leda till &#8221;os\u00e4kerhet och of\u00f6rutsebarhet&#8221; pga att det &#8221;inte finns n\u00e5gra f\u00f6rarbeten som \u00e4r traditionell i svensk lag&#8221;, \u00e4r m\u00e4rkligt mots\u00e4gelsefullt, om BK, som Mats Sj\u00f6sten sj\u00e4lv slagit, redan \u00e4r transformerad in i den. <\/em>\n<em>\u00a0<\/em>\n<h2 data-offset-key=\"mdpt-0-0\"><em>Eller vad ska &#8221;TRADITIONELL SVENSK LAG&#8221; annars betyda?<\/em><\/h2>\n<em>\u00a0<\/em>\n<h2 data-offset-key=\"cnh9a-0-0\"><em>Kanske detta &#8211; eller vad?<\/em><\/h2>\n<em>\u00a0<\/em>\n<em>Citat fr\u00e5n en studie av Annika Rejmer, fil dr i r\u00e4ttssociologi fr\u00e5n 2003: <a href=\"http:\/\/lup.lub.lu.se\/refmole\/detail\/52599704-eb48-41b9-ba6c-2918436eacfd?style=mla\">V\u00e5rdnadstvister: en r\u00e4ttssociologisk studie av tingsr\u00e4tts funktion vid handl\u00e4ggning av v\u00e5rdnadskonflikter med utg\u00e5ngspunkt fr\u00e5n barnets b\u00e4sta.<\/a><\/em>\n<em>\u00a0<\/em>\n<h2 data-offset-key=\"66g3a-0-0\"><em>&#8221;Avseende tingsr\u00e4tts handl\u00e4ggningsordning p\u00e5visas att handl\u00e4ggningsordningen f\u00f6r v\u00e5rdnadskonflikter \u00e4r i stort sett densamma som p\u00e5 1920-talet, d\u00e4remot har samh\u00e4llets syn p\u00e5 f\u00f6r\u00e4ldrarollen, barnet, samlevnad och konflikter f\u00f6r\u00e4ndrats.&#8221;<\/em><\/h2>\n<em>\u00a0<\/em>\n\t<h3><em>L\u00e4nkar till alla sidor p\u00e5 denna hemsida:<\/em><\/h3>\n<p>&nbsp;<\/p>\n\n<p>&nbsp;<\/p>\n\n<p>&nbsp;<\/p>\n\n<p>&nbsp;<\/p>\n\n<p>&nbsp;<\/p>\n\n<p>&nbsp;<\/p>\n\n\n\n<p>&nbsp;<\/p>\n\n<p>&nbsp;<\/p>\n\n<p>&nbsp;<\/p>\n\n<p>&nbsp;<\/p>\n\n<p>&nbsp;<\/p>\n\n<p>&nbsp;<\/p>\n\n<p>&nbsp;<\/p>\n\n<p>&nbsp;<\/p>\n\n<p>&nbsp;<\/p>\n\n<p>&nbsp;<\/p>\n\n<p>&nbsp;<\/p>\n\n<p>&nbsp;<\/p>\n\n<p>&nbsp;<\/p>\n\n<p>&nbsp;<\/p>\n\n<p>&nbsp;<\/p>\n\n<p>&nbsp;<\/p>\n\n<p>&nbsp;<\/p>\n\n<p>&nbsp;<\/p>\n\n<p>&nbsp;<\/p>\n\n<p>&nbsp;<\/p>\n\n<p>&nbsp;<\/p>\n\n<p>&nbsp;<\/p>\n\n<p>&nbsp;<\/p>\n\n<p>&nbsp;<\/p>\n\n\n\n<p>&nbsp;<\/p>\n\n<p>&nbsp;<\/p>\n\n<p>&nbsp;<\/p>\n\n\n\n\n\n\n\n\n\n<p>&nbsp;<\/p>\n\n<p>&nbsp;<\/p>\n\n<p>&nbsp;<\/p>\n\n<p>&nbsp;<\/p>\n\n<p>&nbsp;<\/p>\n\n<p>&nbsp;<\/p>\n\n<h2><\/h2>\n<p>&nbsp;<\/p>\n\n<p>&nbsp;<\/p>\n\n<p>&nbsp;<\/p>\n\n<p>&nbsp;<\/p>\n\n<p>&nbsp;<\/p>\n<strong><em><a href=\"http:\/\/mmstudies.com\/mammamanualen\">MAMMA-MANUALEN<\/a><\/em><\/strong><br \/>\n________________________________\n\t<p>&nbsp;<\/p>\n\n<p>&nbsp;<\/p>\n\n<p>&nbsp;<\/p>\n\n<p>&nbsp;<\/p>\n\n<p>&nbsp;<\/p>\n\n<p>&nbsp;<\/p>\n\n<p>&nbsp;<\/p>\n\n<p>&nbsp;<\/p>\n\n<p>&nbsp;<\/p>\n\n<p>&nbsp;<\/p>\n\n<p>&nbsp;<\/p>\n\n<p>&nbsp;<\/p>\n\n<p>&nbsp;<\/p>\n\n<p>&nbsp;<\/p>\n\n<p>&nbsp;<\/p>\n\n<p>&nbsp;<\/p>\n\n<p>&nbsp;<\/p>\n\n<p>&nbsp;<\/p>\n\n<p>&nbsp;<\/p>\n\n<p>&nbsp;<\/p>\n\n<p>&nbsp;<\/p>\n\n<p>&nbsp;<\/p>\n\n<p>&nbsp;<\/p>\n\n\n\n\n\n\n\n\n<p>&nbsp;<\/p>\n\n<p>&nbsp;<\/p>\n\n","protected":false},"excerpt":{"rendered":"<p>OM FN:s BARNKONVENTION Barnkonventionen kan bli svensk lag Intervju i SR P1 publicerat m\u00e5ndag 3 juli 2017 kl 19.05 &nbsp; Samma intervju s\u00e4nds sedan i repris den 13 mars 2019 INTERVJU MED LAGMAN MATS SJ\u00d6STEN VID VARBERGS TINGSR\u00c4TT &#8211; EXPERT P\u00c5 V\u00c5RDNADSM\u00c5L Av Alexander Gagliano (K\u00e4llkritik: L\u00e4s eller lyssna noga! Vad \u00e4r det han egentligen&#8230;<\/p>\n","protected":false},"author":1,"featured_media":0,"parent":0,"menu_order":0,"comment_status":"closed","ping_status":"closed","template":"full-width-page.php","meta":{"footnotes":""},"class_list":["post-728","page","type-page","status-publish","hentry"],"_links":{"self":[{"href":"http:\/\/mmstudies.com\/eftervaldet\/wp-json\/wp\/v2\/pages\/728","targetHints":{"allow":["GET"]}}],"collection":[{"href":"http:\/\/mmstudies.com\/eftervaldet\/wp-json\/wp\/v2\/pages"}],"about":[{"href":"http:\/\/mmstudies.com\/eftervaldet\/wp-json\/wp\/v2\/types\/page"}],"author":[{"embeddable":true,"href":"http:\/\/mmstudies.com\/eftervaldet\/wp-json\/wp\/v2\/users\/1"}],"replies":[{"embeddable":true,"href":"http:\/\/mmstudies.com\/eftervaldet\/wp-json\/wp\/v2\/comments?post=728"}],"version-history":[{"count":15,"href":"http:\/\/mmstudies.com\/eftervaldet\/wp-json\/wp\/v2\/pages\/728\/revisions"}],"predecessor-version":[{"id":3864,"href":"http:\/\/mmstudies.com\/eftervaldet\/wp-json\/wp\/v2\/pages\/728\/revisions\/3864"}],"wp:attachment":[{"href":"http:\/\/mmstudies.com\/eftervaldet\/wp-json\/wp\/v2\/media?parent=728"}],"curies":[{"name":"wp","href":"https:\/\/api.w.org\/{rel}","templated":true}]}}