{"id":762,"date":"2019-05-14T16:50:39","date_gmt":"2019-05-14T16:50:39","guid":{"rendered":"http:\/\/mmstudies.com\/eftervaldet\/?page_id=762"},"modified":"2023-08-07T12:53:34","modified_gmt":"2023-08-07T12:53:34","slug":"ipe-analys","status":"publish","type":"page","link":"http:\/\/mmstudies.com\/eftervaldet\/ipe-analys\/","title":{"rendered":"IDEOLOGISK \/ POLITISK \/ EKONOMISK  ANALYS"},"content":{"rendered":"\n\n\t<p>&nbsp;<\/p>\n<p>IDEOLOGISK \/ POLITISK \/ EKONOMISK \u00a0ANALYS<\/p>\n<p>&nbsp;<\/p>\n<p><strong>DV \/ AC<\/strong> = Domestic Violence \/ Child B buse = v\u00e5ld och \/ eller sexuella \u00f6vergrepp i n\u00e4ra relationer<\/p>\n<p><strong>&#8221;Efterv\u00e5ld&#8221;<\/strong> \u00e4r ett bra samlande och f\u00f6rtydligande begrepp p\u00e5 vad som f\u00f6rsigg\u00e5r under ytan p\u00e5 den TYSTNADSKULTUR och f\u00f6rljugna verklighetsborttr\u00e4ngning som m\u00f6jligg\u00f6rs genom en samverkan p\u00e5 b\u00e5de privat personlig, samh\u00e4llelig och psyko-social \/ kulturell niv\u00e5.<\/p>\n<p><a href=\"http:\/\/mmstudies.com\/eftervaldet\/definition\">En mer specificerad redog\u00f6relse f\u00f6r hur efterv\u00e5ldets olika former av vardagsterror kan se ut har du h\u00e4r \u00bb<\/a><\/p>\n\t<p>L\u00e4r av historien vad som h\u00e4nder de kvinnor som \u00f6ppet talar om m\u00e4ns v\u00e5ld mot kvinnor och avsl\u00f6jar dess faktiska utbredning och upphovsm\u00e4n, ist\u00e4llet f\u00f6r att \u00e5terf\u00f6ra problemet p\u00e5 kvinnorna sj\u00e4lva:<\/p>\n<p>Hur m\u00e5nga har inte blivit drabbade av h\u00e4xjakten?<\/p>\n<p>Eva Lundgren<\/p>\n<p>Jenny Westerstrand<\/p>\n<p>Monica Dahlstr\u00f6m-Lannes<\/p>\n<p>Carina S\u00e4llberg<\/p>\n<p>Maria Robsahm<\/p>\n<p>Och hur m\u00e5nga fler?<\/p>\n\t<p>Den f\u00f6rmyndaraktigt paternalistiska h\u00e5llning \u00a0som dagligdags ges uttryck \u00e5t i just v\u00e5rdnadsm\u00e5l och brottm\u00e5l med en grund i VSN och vari kvinnor \/ mammor rutinm\u00e4ssigt antas <a href=\"http:\/\/mmstudies.com\/eftervaldet\/enkatsvar\/\">vara mindre redbara och trov\u00e4rdiga \u00e4n deras manipulativt f\u00f6rljugna f\u00f6r\u00f6vare<\/a> \u00e4r n\u00e4rmast skrattretande otidsenlig och \u00f6vertr\u00e4ffas inte ens i ofrivillig komik av Moli\u00e9res l\u00f6jev\u00e4ckande preci\u00f6ser i Tartyffe \u00a0eller den patetiska gubbigheten i Hustruskolan. Inte heller \u00e4r den ett dugg mindre i otakt med tiden och svensk lagstiftning \u00e4n den som de islamistiska n\u00e4mndem\u00e4nnen i skandaldomen i Solna gav prov p\u00e5 och v\u00e4ckte ett ramaskri som ekade i veckorna tv\u00e5 i landets samtliga medier.<\/p>\n\t<p>Det i v\u00e5rdnadsm\u00e5len rutinm\u00e4ssigt och \u00e5terkommande bruket av begreppen <strong>&#8221;konflikt&#8221;<\/strong><strong>,<\/strong> \u00a0<strong>&#8221;p\u00e5verkan&#8221;<\/strong>, \u00a0&#8221;<strong>fel inst\u00e4llning till pappan&#8221;<\/strong>,\u00a0<strong>&#8221;drar in barnen i konflikten&#8221;\u00a0<\/strong>och <strong>&#8221;umg\u00e4ngessabotage&#8221;<\/strong>, som dessutom inte heller underbyggs med bevis i form av specificering av n\u00e4r, var och hur dessa f\u00f6reteelser skulle ha varit vid handen, fyller funktionen att osynligg\u00f6ra det faktum att den ena f\u00f6r\u00e4ldern \u00e4r utsatt f\u00f6r den andras samarbetssabotage och <a href=\"http:\/\/mmstudies.com\/eftervaldet\/definition\">\u00a0efterv\u00e5ld<\/a> och s\u00e5ledes utg\u00f6r en brottsproblematik.<\/p>\n<h3>Fenomenet &#8221;efterv\u00e5ld&#8221; \u00e4r dessutom inte ok\u00e4nt, utan identifierat och kartlagt \u00a0i Linnea Brunos avhandling:<\/h3>\n<p><a href=\"https:\/\/docplayer.se\/32405608-Ofridstid-faders-vald-staten-och-den-separerande-familjen-linnea-bruno-doktorand-i-sociologi.html\">OFRIDSTID F\u00e4ders v\u00e5ld, staten och den separerande familjen. Linn\u00e9a Bruno Doktorand i sociologi<\/a><\/p>\n<p>&#8221;Genom att manipulera myndigheter och anv\u00e4nda sin ekonomiska makt kan en v\u00e5ldsam pappa forts\u00e4tta ofreda mamman och barnet \u00e4ven om de har l\u00e4mnat honom. F\u00f6r en man med h\u00f6g social status och ett svenskklingande namn \u00e4r \u00f6vertaget \u00e4nnu st\u00f6rre. Det visar Linn\u00e9a Bruno i en ny avhandling.&#8221;<\/p>\n<p><a href=\"https:\/\/www.etc.se\/inrikes\/mannens-fortryck-fortsatter-aven-om-kvinnan-gor-slut\">Mannens f\u00f6rtryck forts\u00e4tter &#8211; \u00e4ven om kvinnan g\u00f6r slut 2016<\/a><\/p>\n<p><a href=\"https:\/\/feministisktperspektiv.se\/2016\/02\/19\/ofriden-tar-inte-slut-nar-kvinnor-lamnar-mannen-som-slar\/?\">Ofriden tar inte slut n\u00e4r kvinnor l\u00e4mnar m\u00e4nnen som sl\u00e5r<\/a><\/p>\n<p>Antingen det beror p\u00e5 de ansvarigas bristande kunskaper om hur skickliga gravt personlighetsst\u00f6rda individer kan manipulera verkligheten att se ut som sin egen motsats, eller de l\u00e5tit verksamheten bli <a href=\"http:\/\/www.politism.se\/genusfolket\/papparattsrorelsen-for-dummies-vilka-ar-pas-foresprakarna\/\">infiltrerad av PA(S)-konceptet<\/a>, vittnar denna typ av klassisk projicering, skuld\u00f6verf\u00f6ring och upp-o nerv\u00e4nd ansvarsf\u00f6rdelning om en syn p\u00e5 j\u00e4mst\u00e4lldhet som \u00e4r f\u00f6ga uppdaterad efter modernt demokratiska ideal.<\/p>\n<p>Tv\u00e4rtom mer om gamla nattst\u00e5ndna vidskepligheter fr\u00e5n gammaltestamentlig kontext och de metoder som kom till bruk under h\u00e4xprocessernas tid,\u00a0<a href=\"http:\/\/mmstudies.com\/eftervaldet\/forbigas\/\">ist\u00e4llet f\u00f6r en modernt j\u00e4mst\u00e4lld och vetenskapligt uppdaterad och evidensbaserad praxis.<\/a><\/p>\n<p>F\u00f6r\u00f6vare som inte kan\/vill sl\u00e4ppa greppet sina offer f\u00e5r dessutom god hj\u00e4lp fr\u00e5n de m\u00e5nga advokater och &#8221;utredare&#8221; som anslutit sig till den lukrativa business som frodas i som PA(S)-lobbyismen och pappar\u00e4ttsr\u00f6relsens sp\u00e5r, i hur de de b\u00e4st ska g\u00e5 till v\u00e4ga f\u00f6r att l\u00e4gga fram sin sak inf\u00f6r socialen och r\u00e4tten och f\u00f6rs\u00e4tta mammorna i en s\u00e5dan vanmaktsst\u00e4llning, att de till slut tvingas ge upp kampen f\u00f6r sina barn.<\/p>\n<p><a href=\"http:\/\/www.politism.se\/genusfolket\/papparattsrorelsen-for-dummies-vilka-ar-pas-foresprakarna\/\">Citat fr\u00e5n webbsidan PAS for dummies:<\/a><\/p>\n<p>&#8221;Lynne Harne \u00e4r forskare fr\u00e5n Storbritanien som framf\u00f6rallt har fokuserat p\u00e5 familjelagstiftning i sin forskning. I unders\u00f6kningen &#8221;Violent fathering and the risks to children: the need for change&#8221; intervjuade hon 20 v\u00e5ldsamma f\u00e4der om deras f\u00f6r\u00e4ldraskap. Genom kvalitativa djupstudier ville hon ta reda p\u00e5 hur v\u00e5ldsd\u00f6mda pappor sj\u00e4lva s\u00e5g p\u00e5 hur deras v\u00e5ld p\u00e5verkat barnen. Studien visade att att det fanns ett p\u00e5tagligt f\u00f6rnekande av v\u00e5ldets inverkan p\u00e5 barnen hos de v\u00e5ldsamma papporna. En av de medverkande i studien fick sj\u00e4lv beskriva vad han hade ut\u00f6vat f\u00f6r v\u00e5ld inf\u00f6r sitt barn. Han ber\u00e4ttade om att han hade tryckt upp mamman mot v\u00e4ggar, slagit henne med knutn\u00e4varna, skrek, sk\u00e4llt, f\u00f6rgripit sig sexuellt p\u00e5 henne och hotat med att skada barnen. Men pappan f\u00f6rnekade att detta skulle ha p\u00e5verkat sonen. En annan pappa erk\u00e4nde att han sett sin son gr\u00e5ta som konsekvens av v\u00e5ldet men eftersom han \u00e4lskade sina barn &#8221;j\u00e4mnade det ut sig&#8221;.<\/p>\n<p>Och precis som i studien \u00e5terfinns retoriken n\u00e4r pappar\u00e4ttsaktivister beskriver sina v\u00e5rdnadstvister. Det finns alltid n\u00e5gon annan f\u00f6rklaring till v\u00e5ldet, n\u00e5gon annan som \u00e4r ansvarig och en v\u00e5ldsam pappa \u00e4r b\u00e4ttre \u00e4n ingen pappa alls. Lynne Harne konstaterat att papporna i studien utgick fr\u00e5n att barnen alltid \u00e4lskar dem.<\/p>\n<blockquote>\n<h3>&#8221;De t\u00e4nker inte p\u00e5 barnets \u00f6nskningar, k\u00e4nslor eller att barnet \u00e4r mycket r\u00e4dd f\u00f6r dem. En pappa sa att varje g\u00e5ng han skulle h\u00e4mta barnet f\u00f6r umg\u00e4nge sprang barnet till grannen och g\u00f6mde sig. Han f\u00f6rklarade detta med att &#8217;det \u00e4r mamman som manipulerat barnet&#8217;. Han skyllde p\u00e5 PAS och ville inte erk\u00e4nna barnets r\u00e4dsla.&#8221;<\/h3>\n<\/blockquote>\n\t<p>En sant &#8221;k\u00f6nsneutral&#8221; agenda grundas i fakta, vetenskap och v\u00e4l bepr\u00f6vad erfarenhet och v\u00e4jer inte f\u00f6r s\u00e5dana fakta \u00a0som talar f\u00f6r eller emot det ena k\u00f6nets l\u00e4mplighet som f\u00f6r\u00e4lder, eller \u00e4gnar sig \u00e5t m\u00f6rkl\u00e4ggning och begreppsf\u00f6rvirring i samma avsikt. Problem med j\u00e4mst\u00e4lldheten mellan k\u00f6nen kan inte l\u00f6sas p\u00e5 barnens bekostnad utan enbart f\u00f6rebyggas p\u00e5 ett <a href=\"http:\/\/mmstudies.com\/mammamanualen\/emotionella-arvet\">tidigt utvecklingsstadium under barndomen.<\/a><\/p>\n\t<p>Men de myndighetsut\u00f6vare som till\u00e4mpar en s\u00e5dan praxis, som \u00e4ven om de inte skulle erk\u00e4nna det h\u00f6gt, tydligtvis utg\u00e5r ifr\u00e5n den\u00a0<a href=\"http:\/\/mmstudies.com\/mammamanualen\/pas\/\">\u00a0PA(S)-relaterade tolkningsmanualen<\/a> som inte getts Socialstyrelsens godk\u00e4nnande, framh\u00e4rdar \u00e4n mer h\u00e5rdnackat att f\u00f6lja detta koncept, ju fler kritiska r\u00f6ster som h\u00f6js \u00f6ver att barn under <a href=\"http:\/\/mmdstudies.com\/eftervaldet\/suicidal\">h\u00e4nsynsl\u00f6st uppslitande former<\/a> tvingas till v\u00e5rdnad \/ boende eller umg\u00e4nge med sina f\u00f6r\u00f6vare.<\/p>\n<p>De enda som uttrycker sitt fulla gillande \u00e5t denna alltmer illavarslande trend \u00e4r de h\u00f6gr\u00f6stade f\u00f6retr\u00e4dare f\u00f6r pappar\u00e4ttsr\u00f6relsen, som under de senaste \u00e5rtiondena tagit \u00f6ver tolkningsf\u00f6retr\u00e4det \u00f6ver begrepp som &#8221;j\u00e4mst\u00e4lldhet&#8221; \u00a0och &#8221;Barnets B\u00e4sta&#8221;. M\u00e5nga av dem sj\u00e4lva f\u00f6r\u00f6vare, som f\u00e5tt r\u00e4ttsv\u00e4sendets fulla uppbackning \u00e4nda upp i JO f\u00f6r sin sak och tom skadest\u00e5nd f\u00f6r n\u00e5gon litet bagatellartad formalitet i socialtj\u00e4nstens regi, som annars i mammornas fall \u00e4r legio.<\/p>\n<p>De kvinnor som sedan 70-80-talen p\u00e5 mer eller mindre \u00a0id\u00e9ell basis tillsammans med kunniga forskare byggt upp en kunskapsbank kring problematiken VSN, har under tiden f\u00f6rpassats ut i marginalen.<\/p>\n<p>Att arbeta f\u00f6r ROKS eller ngn annan kvinnojoursverksamhet har av pappar\u00e4ttsaktivister och PA(S)-lobbyister skammats som lika kriminellt som att i sociala medier starta upp egna mammagrupper i sociala eller att uttrycka sig i feministiska termer. Det \u00e4r bara pappor som f\u00e5r kallas &#8221;pappor&#8221;. Mammor ska kallas &#8221;f\u00f6r\u00e4ldrar&#8221;.<\/p>\n<p>Begrepp som &#8221;m\u00e4ns v\u00e5ld mot kvinnor och barn&#8221; eller &#8221;patriarkala system&#8221; \u00e4r lika bannlysta som det tidigare varit att sv\u00e4ra i kyrkan och f\u00f6rneka Guds existens. Spr\u00e5kbruket ska vara anpassat efter en s\u00e5n &#8221;k\u00f6nsneutral&#8221; agenda, vari g\u00e4llande k\u00f6nsmaktsordning f\u00f6rpassats till ett avl\u00e4gset f\u00f6rflutet och \/ eller de d\u00e4r &#8221;andra&#8221;, och kvinnor och m\u00e4n ska antas vara &#8221;j\u00e4mst\u00e4llda&#8221; i s\u00e5 m\u00e5tto att b\u00e5dadera ut\u00f6var lika mycket v\u00e5ld mot det andra k\u00f6net.<\/p>\n\t<p>Grundat p\u00e5 denna <a href=\"http:\/\/lup.lub.lu.se\/refmole\/detail\/52599704-eb48-41b9-ba6c-2918436eacfd?style=mla\">agenda, n\u00e4rmare hundra \u00e5r efter v\u00e5r tid<\/a> och ett halv\u00e5r innan FN:s barnkonvention \u00e4r planerad att implementerasi svensk lag, g\u00e5r det inte l\u00e4ngre att blunda f\u00f6r att \u00a0justitiedepertementets tills\u00e4ttning av sakkunnig expertis till de statliga v\u00e5rdnadsutredningarna \u00e4r anm\u00e4rkningsv\u00e4rt inkompatibel med den f\u00f6regivna m\u00e5ls\u00e4ttningen att v\u00e4rna om barns \u00a0m\u00e4nskliga r\u00e4ttigheter och r\u00e4ttss\u00e4kerhet.<\/p>\n<p>Detta med anledning av att denna expertis f\u00f6r det f\u00f6rsta i absolut \u00f6verv\u00e4gande majoritet utg\u00f6rs av jurister i f\u00f6rh\u00e5llande till en klar minoritet av barnsakkunnig expertis representerad av en eller tv\u00e5, varav ingen av dem p\u00e5 forskarniv\u00e5. <\/p>\n<p>F\u00f6r det andra kan det inte med tanke p\u00e5 ovan n\u00e4mnda politisk \/ ideologiska vindkantring uteslutas att det ut\u00f6vats utomparlamentariska p\u00e5tryckningar som resulterat i att ett flertal av de jurister som anlitats, sj\u00e4lva i sin egen yrkesm\u00e4ssiga praxis till\u00e4mpar just en s\u00e5dan PA(S)-relaterad tolkningsmodell som uts\u00e4tter barn f\u00f6r stora risker genom att ta d\u00e5ligt underbyggda och \u00a0chansartade beslut att l\u00e4mna \u00f6ver dem i v\u00e5rdnaden hos \u00a0f\u00f6r\u00f6vare som st\u00e5r misst\u00e4nkta, \u00e5talade eller tom \u00e4r d\u00f6mda f\u00f6r att ha utsatt dem f\u00f6r v\u00e5ld och sexuella \u00f6vergrepp..<\/p>\n\t<p>&nbsp;<\/p>\n<p><em><a href=\"http:\/\/mmstudies.com\/eftervaldet\/\">AKTION #efterv\u00e5ldet mot samh\u00e4llsfarlig myndighetsut\u00f6vning<\/a><\/em><\/p>\n<p>&nbsp;<\/p>\n<p><em><a href=\"http:\/\/mmstudies.com\/eftervaldet\/\">KRITIK M\u00c5LS\u00c4TTNING OCH KRAV<\/a><\/em><\/p>\n<p>&nbsp;<\/p>\n<p><em><a href=\"http:\/\/mmstudies.com\/eftervaldet\/definition\">Efterv\u00e5ld &#8211; definition<\/a><\/em><\/p>\n<p>&nbsp;<\/p>\n<p><a href=\"http:\/\/mmstudies.com\/eftervaldet\/presentation\"><em>PRESENTATION AV #efterv\u00e5ldets \u00d6VERGRIPANDE UPPL\u00c4GG, KRITK, \u00a0FAKTA OCH KUNSKAPSUNDERLAG<\/em><\/a><\/p>\n<p>&nbsp;<\/p>\n<p><a href=\"http:\/\/mmstudies.com\/eftervaldet\/ipe-analys\/\"><em>IDEOLOGISK, POLITISK, EKONOMISK ANALYS<\/em><\/a><\/p>\n<p>&nbsp;<\/p>\n<p><em><a href=\"http:\/\/mmstudies.com\/eftervaldet\/falsk-varu\/\">MYNDIGHETSUT\u00d6VNING MED FALSK VARUDEKLARATION<\/a><\/em><\/p>\n<p>&nbsp;<\/p>\n<p><a href=\"http:\/\/mmstudies.com\/eftervaldet\/hum-faltet\/\"><em>1) Bristande kompetens att hantera komplext systemrelaterade problemst\u00e4llningar inom det humanvetenskapliga f\u00e4ltet<\/em><\/a><\/p>\n<p>&nbsp;<\/p>\n<p><em><a href=\"http:\/\/mmstudies.com\/eftervaldet\/spraklig\/\">2) Bristande spr\u00e5klig precisering, avgr\u00e4nsning och stringens<\/a><\/em><\/p>\n<p>&nbsp;<\/p>\n<p><a href=\"http:\/\/mmstudies.com\/eftervaldet\/tllampning\/\"><em>3) Bristande omd\u00f6me i fr\u00e5ga om till\u00e4mpningen av g\u00e4llande lag i F\u00f6r\u00e4ldrabalken och FN:s barnkonvention<\/em><\/a><\/p>\n<p>&nbsp;<\/p>\n<p><a href=\"http:\/\/mmstudies.com\/eftervaldet\/fakta\/\"><em>FAKTA-OCH KUNSKAPSUNDERLAG<\/em><\/a><\/p>\n<p>&nbsp;<\/p>\n<p><a href=\"http:\/\/mmstudies.com\/eftervaldet\/forbigas\/\"><em>ANGEL\u00c4GEN FORSKNING OCH VETENSKAP SOM F\u00d6RBIG\u00c5S<\/em><\/a><\/p>\n<p>&nbsp;<\/p>\n<p><a href=\"http:\/\/mmstudies.com\/eftervaldet\/enkatsvar\"><em>ENK\u00c4TSVAR fr\u00e5n 16 f\u00f6r\u00e4ldrar utsatta f\u00f6r VSN \u00a0&amp; EFTERV\u00c5LD<\/em><\/a><\/p>\n<p>&nbsp;<\/p>\n<p><a href=\"http:\/\/mmstudies.com\/eftervaldet\/granskning-domar\/\"><em>SAMMANFATTNING AV MARIA KARLSSONS GRANSKNING AV DOMAR<\/em><\/a><\/p>\n<p>&nbsp;<\/p>\n<p><a href=\"http:\/\/mmstudies.com\/eftervaldet\/domar-vsnr\/\"><em>Domar vari pappor gjort sig skyldiga till DV \/ AC<\/em><\/a><\/p>\n<p>&nbsp;<\/p>\n<p><em><a href=\"http:\/\/mmstudies.com\/eftervaldet\/pavarka\/\">Domar vari mammor tros &#8221;p\u00e5verka&#8221;, &#8221;dra in barn i konflikten&#8221;, inte kunna &#8221;samarbeta&#8221; pga att &#8221;ha fel inst\u00e4llning till pappan&#8221;, etc<\/a><\/em><\/p>\n<p>&nbsp;<\/p>\n<p><em><a href=\"http:\/\/mmstudies.com\/eftervaldet\/boss\/\">BRUTALISTEN MATS SJ\u00d6STEN &#8211; BOSS<\/a> <a href=\"http:\/\/mmstudies.com\/eftervaldet\/boss\/\">\u00d6VER V\u00c5RDNADSM\u00c5L SEDAN 90-talet<\/a><\/em><\/p>\n<p>&nbsp;<\/p>\n<p><a href=\"http:\/\/mmstudies.com\/eftervaldet\/statliga\/\"><em>DE STATLIGA V\u00c5RDNADSUTEDNINGARNA<\/em><\/a><\/p>\n<p>&nbsp;<\/p>\n<p><a href=\"http:\/\/mmstudies.com\/eftervaldet\/framsta-expert\/\"><em>LANDETS FR\u00c4MSTA EXPERT P\u00c5 V\u00c5RDNADSM\u00c5L<\/em><\/a><\/p>\n<p>&nbsp;<\/p>\n<p><a href=\"http:\/\/mmstudies.com\/eftervaldet\/granskning-ms\/\"><em>AVSL\u00d6JANDE GRANSKNING AV MATS SJ\u00d6STENS DOM I VARBERGFALLET<\/em><\/a><\/p>\n<p>&nbsp;<\/p>\n<p><a href=\"http:\/\/mmstudies.com\/eftervaldet\/lambertz\/\"><em>MAILV\u00c4XLING MED LAGMAN MATS SJ\u00d6STEN OCH HOVR\u00c4TTSASSESSOR KARIN LAMBERTZ<\/em><\/a><\/p>\n<p>&nbsp;<\/p>\n<p><a href=\"http:\/\/mmstudies.com\/eftervaldet\/fallet-maria2\/\"><em>Varbergsm\u00e5let:<\/em><\/a><\/p>\n<p>&nbsp;<\/p>\n<p><a href=\"http:\/\/mmstudies.com\/eftervaldet\/artiklar\"><em>ARTIKLAR<\/em><\/a><\/p>\n<p>&nbsp;<\/p>\n<p><a href=\"http:\/\/mmstudies.com\/eftervaldet\/jenny-orn\"><i>1. Jenny \u00d6rns fall<\/i><\/a><\/p>\n<p><i>2 .<\/i><a href=\"http:\/\/mmstudies.com\/eftervaldet\/maria-a-artikel\"><i>F\u00f6r\u00e4ldern Maria A:s fall publicerad i Aftonbladet 2017.<\/i><\/a><i>\u00a0<\/i><\/p>\n<p><a href=\"http:\/\/mmstudies.com\/eftervaldet\/lenas-fall\/\"><i>3.Trebarnsmamman Lenas fall<\/i><\/a><\/p>\n<p><a href=\"http:\/\/mmstudies.com\/eftervaldet\/svea-hovratt\/\"><i>4. Svea Hovr\u00e4ttsm\u00e5let med Thomas Bodstr\u00f6m som mammans ombud<\/i><\/a><\/p>\n<p><i>5. <\/i><a href=\"http:\/\/mmstudies.com\/eftervaldet\/fallet-maria2\/\"><i>V\u00e5rdnadsm\u00e5let vid \u00a0Varbergs tings\u00e4tt och Mats Sj\u00f6sten som domare<\/i><\/a><\/p>\n<p><a href=\"http:\/\/mmstudies.com\/eftervaldet\/suicidal\/\"><i>6) 12-\u00e5rig suicidal pojke tv\u00e5ngsf\u00f6rflyttas till sin f\u00f6r\u00f6vare<\/i><\/a><\/p>\n<p><a href=\"http:\/\/mmstudies.com\/eftervaldet\/anna-elias\/\"><i>7) Fallet Anna och Elias<\/i><\/a><\/p>\n<p><em><a href=\"http:\/\/mmstudies.com\/eftervaldet\/enkatsvar\/\">Mammors rapporter i 16 enk\u00e4tsvar<\/a><\/em><\/p>\n<p>&nbsp;<\/p>\n\t<p>&nbsp;<\/p>\n<p><em><a href=\"http:\/\/mmstudies.com\/eftervaldet\/\">AKTION #efterv\u00e5ldet mot samh\u00e4llsfarlig myndighetsut\u00f6vning<\/a><\/em><\/p>\n<p>&nbsp;<\/p>\n<p><em><a href=\"http:\/\/mmstudies.com\/eftervaldet\/\">KRITIK M\u00c5LS\u00c4TTNING OCH KRAV<\/a><\/em><\/p>\n<p>&nbsp;<\/p>\n<p><em><a href=\"http:\/\/mmstudies.com\/eftervaldet\/definition\">Efterv\u00e5ld &#8211; definition<\/a><\/em><\/p>\n<p>&nbsp;<\/p>\n<p><a href=\"http:\/\/mmstudies.com\/eftervaldet\/presentation\"><em>PRESENTATION AV #efterv\u00e5ldets \u00d6VERGRIPANDE UPPL\u00c4GG, KRITK, \u00a0FAKTA OCH KUNSKAPSUNDERLAG<\/em><\/a><\/p>\n<p>&nbsp;<\/p>\n<p><a href=\"http:\/\/mmstudies.com\/eftervaldet\/ipe-analys\/\"><em>IDEOLOGISK, POLITISK, EKONOMISK ANALYS<\/em><\/a><\/p>\n<p>&nbsp;<\/p>\n<p><em><a href=\"http:\/\/mmstudies.com\/eftervaldet\/falsk-varu\/\">MYNDIGHETSUT\u00d6VNING MED FALSK VARUDEKLARATION<\/a><\/em><\/p>\n<p>&nbsp;<\/p>\n<p><a href=\"http:\/\/mmstudies.com\/eftervaldet\/hum-faltet\/\"><em>1) Bristande kompetens att hantera komplext systemrelaterade problemst\u00e4llningar inom det humanvetenskapliga f\u00e4ltet<\/em><\/a><\/p>\n<p>&nbsp;<\/p>\n<p><em><a href=\"http:\/\/mmstudies.com\/eftervaldet\/spraklig\/\">2) Bristande spr\u00e5klig precisering, avgr\u00e4nsning och stringens<\/a><\/em><\/p>\n<p>&nbsp;<\/p>\n<p><a href=\"http:\/\/mmstudies.com\/eftervaldet\/tllampning\/\"><em>3) Bristande omd\u00f6me i fr\u00e5ga om till\u00e4mpningen av g\u00e4llande lag i F\u00f6r\u00e4ldrabalken och FN:s barnkonvention<\/em><\/a><\/p>\n<p>&nbsp;<\/p>\n<p><a href=\"http:\/\/mmstudies.com\/eftervaldet\/fakta\/\"><em>FAKTA-OCH KUNSKAPSUNDERLAG<\/em><\/a><\/p>\n<p>&nbsp;<\/p>\n<p><a href=\"http:\/\/mmstudies.com\/eftervaldet\/forbigas\/\"><em>ANGEL\u00c4GEN FORSKNING OCH VETENSKAP SOM F\u00d6RBIG\u00c5S<\/em><\/a><\/p>\n<p>&nbsp;<\/p>\n<p><a href=\"http:\/\/mmstudies.com\/eftervaldet\/enkatsvar\"><em>ENK\u00c4TSVAR fr\u00e5n 16 f\u00f6r\u00e4ldrar utsatta f\u00f6r VSN \u00a0&amp; EFTERV\u00c5LD<\/em><\/a><\/p>\n<p>&nbsp;<\/p>\n<p><a href=\"http:\/\/mmstudies.com\/eftervaldet\/granskning-domar\/\"><em>SAMMANFATTNING AV MARIA KARLSSONS GRANSKNING AV DOMAR<\/em><\/a><\/p>\n<p>&nbsp;<\/p>\n<p><a href=\"http:\/\/mmstudies.com\/eftervaldet\/domar-vsnr\/\"><em>Domar vari pappor gjort sig skyldiga till DV \/ AC<\/em><\/a><\/p>\n<p>&nbsp;<\/p>\n<p><em><a href=\"http:\/\/mmstudies.com\/eftervaldet\/pavarka\/\">Domar vari mammor tros &#8221;p\u00e5verka&#8221;, &#8221;dra in barn i konflikten&#8221;, inte kunna &#8221;samarbeta&#8221; pga att &#8221;ha fel inst\u00e4llning till pappan&#8221;, etc<\/a><\/em><\/p>\n<p>&nbsp;<\/p>\n<p><em><a href=\"http:\/\/mmstudies.com\/eftervaldet\/boss\/\">BRUTALISTEN MATS SJ\u00d6STEN &#8211; BOSS<\/a> <a href=\"http:\/\/mmstudies.com\/eftervaldet\/boss\/\">\u00d6VER V\u00c5RDNADSM\u00c5L SEDAN 90-talet<\/a><\/em><\/p>\n<p>&nbsp;<\/p>\n<p><a href=\"http:\/\/mmstudies.com\/eftervaldet\/statliga\/\"><em>DE STATLIGA V\u00c5RDNADSUTEDNINGARNA<\/em><\/a><\/p>\n<p>&nbsp;<\/p>\n<p><a href=\"http:\/\/mmstudies.com\/eftervaldet\/framsta-expert\/\"><em>LANDETS FR\u00c4MSTA EXPERT P\u00c5 V\u00c5RDNADSM\u00c5L<\/em><\/a><\/p>\n<p>&nbsp;<\/p>\n<p><a href=\"http:\/\/mmstudies.com\/eftervaldet\/granskning-ms\/\"><em>AVSL\u00d6JANDE GRANSKNING AV MATS SJ\u00d6STENS DOM I VARBERGFALLET<\/em><\/a><\/p>\n<p>&nbsp;<\/p>\n<p><a href=\"http:\/\/mmstudies.com\/eftervaldet\/lambertz\/\"><em>MAILV\u00c4XLING MED LAGMAN MATS SJ\u00d6STEN OCH HOVR\u00c4TTSASSESSOR KARIN LAMBERTZ<\/em><\/a><\/p>\n<p>&nbsp;<\/p>\n<p><a href=\"http:\/\/mmstudies.com\/eftervaldet\/fallet-maria2\/\"><em>Varbergsm\u00e5let:<\/em><\/a><\/p>\n<p>&nbsp;<\/p>\n<p><a href=\"http:\/\/mmstudies.com\/eftervaldet\/artiklar\"><em>ARTIKLAR<\/em><\/a><\/p>\n<p>&nbsp;<\/p>\n<p><a href=\"http:\/\/mmstudies.com\/eftervaldet\/jenny-orn\"><i>1. Jenny \u00d6rns fall<\/i><\/a><\/p>\n<p><i>2 .<\/i><a href=\"http:\/\/mmstudies.com\/eftervaldet\/maria-a-artikel\"><i>F\u00f6r\u00e4ldern Maria A:s fall publicerad i Aftonbladet 2017.<\/i><\/a><i>\u00a0<\/i><\/p>\n<p><a href=\"http:\/\/mmstudies.com\/eftervaldet\/lenas-fall\/\"><i>3.Trebarnsmamman Lenas fall<\/i><\/a><\/p>\n<p><a href=\"http:\/\/mmstudies.com\/eftervaldet\/svea-hovratt\/\"><i>4. Svea Hovr\u00e4ttsm\u00e5let med Thomas Bodstr\u00f6m som mammans ombud<\/i><\/a><\/p>\n<p><i>5. <\/i><a href=\"http:\/\/mmstudies.com\/eftervaldet\/fallet-maria2\/\"><i>V\u00e5rdnadsm\u00e5let vid \u00a0Varbergs tings\u00e4tt och Mats Sj\u00f6sten som domare<\/i><\/a><\/p>\n<p><a href=\"http:\/\/mmstudies.com\/eftervaldet\/suicidal\/\"><i>6) 12-\u00e5rig suicidal pojke tv\u00e5ngsf\u00f6rflyttas till sin f\u00f6r\u00f6vare<\/i><\/a><\/p>\n<p><a href=\"http:\/\/mmstudies.com\/eftervaldet\/anna-elias\/\"><i>7) Fallet Anna och Elias<\/i><\/a><\/p>\n<p><em><a href=\"http:\/\/mmstudies.com\/eftervaldet\/enkatsvar\/\">Mammors rapporter i 16 enk\u00e4tsvar<\/a><\/em><\/p>\n<p>&nbsp;<\/p>\n<p><a href=\"http:\/\/mmstudies.com\/eftervaldet\/bk\/\"><em>OM FN:s BARKONVENTION<\/em><\/a><\/p>\n<p>&nbsp;<\/p>\n\n","protected":false},"excerpt":{"rendered":"<p>&nbsp; IDEOLOGISK \/ POLITISK \/ EKONOMISK \u00a0ANALYS &nbsp; DV \/ AC = Domestic Violence \/ Child B buse = v\u00e5ld och \/ eller sexuella \u00f6vergrepp i n\u00e4ra relationer &#8221;Efterv\u00e5ld&#8221; \u00e4r ett bra samlande och f\u00f6rtydligande begrepp p\u00e5 vad som f\u00f6rsigg\u00e5r under ytan p\u00e5 den TYSTNADSKULTUR och f\u00f6rljugna verklighetsborttr\u00e4ngning som m\u00f6jligg\u00f6rs genom en samverkan p\u00e5 b\u00e5de&#8230;<\/p>\n","protected":false},"author":1,"featured_media":0,"parent":0,"menu_order":0,"comment_status":"closed","ping_status":"closed","template":"full-width-page.php","meta":{"footnotes":""},"class_list":["post-762","page","type-page","status-publish","hentry"],"_links":{"self":[{"href":"http:\/\/mmstudies.com\/eftervaldet\/wp-json\/wp\/v2\/pages\/762","targetHints":{"allow":["GET"]}}],"collection":[{"href":"http:\/\/mmstudies.com\/eftervaldet\/wp-json\/wp\/v2\/pages"}],"about":[{"href":"http:\/\/mmstudies.com\/eftervaldet\/wp-json\/wp\/v2\/types\/page"}],"author":[{"embeddable":true,"href":"http:\/\/mmstudies.com\/eftervaldet\/wp-json\/wp\/v2\/users\/1"}],"replies":[{"embeddable":true,"href":"http:\/\/mmstudies.com\/eftervaldet\/wp-json\/wp\/v2\/comments?post=762"}],"version-history":[{"count":41,"href":"http:\/\/mmstudies.com\/eftervaldet\/wp-json\/wp\/v2\/pages\/762\/revisions"}],"predecessor-version":[{"id":4496,"href":"http:\/\/mmstudies.com\/eftervaldet\/wp-json\/wp\/v2\/pages\/762\/revisions\/4496"}],"wp:attachment":[{"href":"http:\/\/mmstudies.com\/eftervaldet\/wp-json\/wp\/v2\/media?parent=762"}],"curies":[{"name":"wp","href":"https:\/\/api.w.org\/{rel}","templated":true}]}}