{"id":841,"date":"2019-05-19T23:21:06","date_gmt":"2019-05-19T23:21:06","guid":{"rendered":"http:\/\/mmstudies.com\/eftervaldet\/?page_id=841"},"modified":"2022-05-09T20:32:12","modified_gmt":"2022-05-09T20:32:12","slug":"hum-faltet","status":"publish","type":"page","link":"http:\/\/mmstudies.com\/eftervaldet\/hum-faltet\/","title":{"rendered":"1) Bristande kompetens att hantera komplext systemrelaterade problemst\u00e4llningar inom det humanvetenskapliga f\u00e4ltet"},"content":{"rendered":"\n\n\t<p>De som vill veta mer om hermeneutik och systemteoretisk ansats har en bra pedagogisk genomg\u00e5ng av det p\u00e5 den numera h\u00e4dang\u00e5ngna <a href=\"http:\/\/erland-lagerroths-hemsida-doc.webnode.se\">folkbildaren Erland Lageroths hemsida<\/a>. Kan varmt rekommenderas! Voffarna bel\u00f6nade visserligen 1998 hans folkbildningsm\u00f6dor med sitt f\u00f6rnedrarpris. Men det var tio \u00e5r innan alla redan satt i g\u00e5ng att forska p\u00e5 just systemteoretisk basis &#8211; som tex inte minst evolutionsteoretikern \/ zoologen Patrik Lindenfors, numera g\u00f6r med flera.<\/p>\n\t<h2>1) Bristande kompetens att hantera komplext systemrelaterade problemst\u00e4llningar inom det humanvetenskapliga f\u00e4ltet<\/h2>\n\t<p>F\u00f6r att hantera psykosociala inter &#8211; eller intrapersonella problemst\u00e4llningar inom det humanvetenskapliga f\u00e4ltet, erfordras en kvalitativt systemteoretiskt orienterad ansats och <strong>problematisering av den egna sk &#8221;f\u00f6rf\u00f6rst\u00e5elsen&#8221; eller underliggande ideologin<\/strong> &#8211;\u00a0dvs\u00a0att man genom introspektion och metakognition medvetandeg\u00f6r inf\u00f6r sig sj\u00e4lv de obearbetade f\u00f6rdomar, f\u00f6rutfattade meningar och sociokulturellt betingade f\u00f6rgivettaganden och f\u00f6rest\u00e4llningar, \u00a0emotionella l\u00e5sningar och trauman som blir styrande p\u00e5 tolkningen och ligger i v\u00e4gen f\u00f6r mesta m\u00f6jliga opartiskt objektiva bed\u00f6mning.<\/p>\n<p>Bristen p\u00e5 medvetenhet om betydelsen av den egna f\u00f6rf\u00f6rst\u00e5elsens utfall p\u00e5 tolkningen, f\u00e5r \u00f6desdigra konsekvenser n\u00e4r myndighetsut\u00f6vares underliggande ideologiska agenda och \/ eller emotionella l\u00e5sningar kommer p\u00e5 kollisionskurs med de lagstadgade kraven p\u00e5 demokrati, yttrandefrihet, j\u00e4mst\u00e4lldhet i form av kvinnors och m\u00e4ns likhet inf\u00f6r lagen och att barns m\u00e4nskliga r\u00e4ttigheter respekteras, som finns uttryckta i Grundlag, F\u00f6rvaltningslag och F\u00f6r\u00e4ldrabalken. S\u00e4rskilt problematiskt kan det bli n\u00e4r ansvariga som exponeras inf\u00f6r andras lidande och utsatthet som offer f\u00f6r f\u00f6r v\u00e5ld och sexuella \u00f6vergrepp i n\u00e4ra relation, sj\u00e4lva lider av eventuella emotionella l\u00e5sningar \/ st\u00f6rningar som blockerar f\u00f6rm\u00e5ga till empati.<\/p>\n<p>Hos det ledande skiktet av landets domark\u00e5r \u00e4r avsaknaden av en medvetandegjord f\u00f6rf\u00f6rst\u00e5else s\u00e5 stor att dess medlemmar aktiv avs\u00e4ger sig s\u00e5dan vidareutbildning som erbjuditss dem av barnsakkunnig expertis och dessutom utlovades av <a href=\"http:\/\/mmstudies.com\/eftervaldet\/presentation\/\">d\u00e5varande JO G\u00f6ran Lambertz inf\u00f6r implementeringen av v\u00e5rdnadsreformen fr\u00e5n 1998<\/a> eller den sk &#8221;Pappalagen&#8221;. Jag s\u00e5g i ett avsnitt av UG fr\u00e5n b\u00f6rjan av seklet hur de betackade sig s\u00e5dan med motiveringen att det skulle inverka menligt p\u00e5 deras juridiska <strong>&#8221;objektivitet&#8221;.<\/strong><\/p>\n\t<h2>N\u00e4r man f\u00f6rv\u00e4xlar sin egen obearbetade och obekanta inre kompass med &#8221;objektiviteten&#8221; sj\u00e4lv, d\u00e5 \u00e4r det riktigt stora och illavarslande\u00a0kunskapsluckor det handlar om.<\/h2>\n<p>\u2217<\/p>\n<h2>En oreflekterat otidsenligt auktorit\u00e4r maktordning p\u00e5 kollisionskurs med de modernt demokratiska idealen \u00a0<\/h2>\n<p>Efter diverse efterforskningar kring hur den juridiska diskurs och omedvetandegjorda ideologiska f\u00f6rf\u00f6rst\u00e5else kan t\u00e4nkas se ut som ligger till grund till f\u00f6r den illavarslande trend i alltmer tilltagande, att ge <a href=\"http:\/\/mmstudies.com\/eftervaldet\/domar-vsnr\/\">enskild v\u00e5rdnad till pappor under tiden de st\u00e5r \u00e5talade f\u00f6r eller tom \u00e4r d\u00f6mda f\u00f6r VSN <\/a>gentemot mamman och \/ eller barnen och det tom minder\u00e5riga barn som sm\u00e5 som tv\u00e5-tre\u00e5ringar, tycks den snarare utg\u00f6ras av en gammaltestamentligt auktorit\u00e4r maktordning h\u00e4mtad fr\u00e5n f\u00f6rra \u00e5rhundradet, \u00e4n den som f\u00f6retr\u00e4ds i nuvarande lagstiftning.<\/p>\n<p>Dock kan ifr\u00e5gas\u00e4ttas om denna trend skulle bygga p\u00e5 att ber\u00f6rda myndighetsut\u00f6vare skulle vara s\u00e5 fullkomligt omedvetna om hur galet efter sin tid de i s\u00e5 fall \u00e4r, och om det inte snarare i dess st\u00e4lle kan antas ligga andra, mindre rumsrena politisk \/ekonomiska eller personligt psykologiska drivkrafter i botten och grumla om i apparaten.<\/p>\n<p>Det medvetna anv\u00e4ndandet av offentlig skakning i avsikten att framst\u00e4lla oskyldigt anklagade kvinnor \/ mammor som samh\u00e4llsfientliga terrorister eller gangsters, talar f\u00f6r det senare alternativet.<\/p>\n<p>I vilket fall f\u00e5r det \u00f6dersdigra implikationer p\u00e5 tolkningen och implementeringen av lagen, n\u00e4r en s\u00e5dant otidsenligt auktorit\u00e4r maktordning upph\u00f6js till norm, genom att ikl\u00e4s en orwellsk spr\u00e5kdr\u00e4kt, av att representera modernt demokratiska v\u00e4rden som <strong>&#8221;j\u00e4mst\u00e4lldhet&#8221;<\/strong> och <strong>&#8221;Barnets B\u00e4sta&#8221;<\/strong> i form av en &#8221;n\u00e4ra och god kontakt med b\u00e5da sina f\u00f6r\u00e4ldrar&#8221;.<\/p>\n<p>\u2217<\/p>\n\t<p>Det framkommer titt som t\u00e4tt i den ena domen efter den andra och kanske som mest uttalat \u00a0i<a href=\"http:\/\/mmstudies.com\/sallberg\/historia\/\"> Carina S\u00e4llbergs<\/a> och <a href=\"http:\/\/mmstudies.com\/eftervaldet\/anna-elias\/\">&#8221;Anna &#8211; och Elias&#8221;<\/a> fall s\u00e5v\u00e4l som i det omtalade <a href=\"http:\/\/mmstudies.com\/eftervaldet\/granskning-ms\">Varbergsfall som lagman Mats Sj\u00f6sten<\/a> handlagt, att \u00a0fakta som inte talar f\u00f6r den redan uppst\u00e4llda hypotesen hamnar i &#8221;slasken&#8221;, med motiveringen att de &#8221;inte beh\u00f6vs&#8221; och \/ eller att de inte \u00e4r aktuella i tid f\u00f6r det aktuella m\u00e5let. N\u00e4r dessa fakta utg\u00f6r n\u00f6dv\u00e4ndiga pusselbitar f\u00f6r att kunna bilda sig en uppfattning om f\u00f6r\u00f6varens grundl\u00e4ggande karakt\u00e4r, trov\u00e4rdighet och allm\u00e4nna beteende och de faktiska h\u00e4ndelser som legat till grund f\u00f6r den uppkomna sk &#8221;konflikten&#8221;, utesluts m\u00f6jligheten att bilda sig en v\u00e4lgrundad uppfattning om helheten i det pussel, vari alla bitarna m\u00e5ste vara p\u00e5 plats.<\/p>\n<p>I de r\u00e4ttsfall som representeras av v\u00e5rt faktamaterial till\u00e4mpas dock motsatt princip, att de delar som inte st\u00e4mmer \u00f6verens med den f\u00f6rhandsint\u00e4llda hypotesen plockas bort.<\/p>\n<h2><strong>Ett s\u00e5nt f\u00f6rfaringss\u00e4tt g\u00e5r helt emot grunderna i kvalitativ tolkningsbaserad ansats, vari alla delarna i pusslet m\u00e5ste tas med, \u00a0f\u00f6r att en r\u00e4ttvisande helhetsbild ska kunna uppn\u00e5s och bygger ist\u00e4llet p\u00e5 att redan p\u00e5 f\u00f6rhand uppst\u00e4llda hypoteser inte ska st\u00f6ras av ov\u00e4lkomna fakta och alternativa hypoteser.<\/strong><\/h2>\n<h2><strong>Eller med ett andra ord: &#8221;ad hoc&#8221;\u00a0eller &#8221;cirkelbevisf\u00f6ring&#8221; och strider d\u00e4rmed markant mot grunderna f\u00f6r den lagstadgade\u00a0utredningsplikten.<\/strong><\/h2>\n<h2><strong>Likv\u00e4l ligger en s\u00e5 anm\u00e4rkningsv\u00e4rt oprofessionell h\u00e5llning till grund f\u00f6r den form av juridisk praxis som till\u00e4mpas i brott &#8211; och tvistem\u00e5l \u00a0med \u00a0grund i v\u00e5ld och sexuella \u00f6vergrepp i n\u00e4ra relation. Utan att det m\u00e4rks ett sp\u00e5r av sj\u00e4lvkritik \u00f6ver ett s\u00e5 bristf\u00e4lligt utredningsf\u00f6rfarande hos den lagman som anlitas som experten av experter i handl\u00e4ggningen av v\u00e5rdnadsm\u00e5l: n\u00e4mligen Mats Sj\u00f6sten vid Varbergs tingsr\u00e4tt, anf\u00f6r han f\u00f6ljande n\u00e4r han i domen fr\u00e5n juni 2019 i det <\/strong><a href=\"http:\/\/mmstudies.com\/eftervaldet\/fallet-maria2\/\">Varbergsm\u00e5l<\/a>,<strong>vari det st\u00e5r utom alla tvivel att socialens utredningar medvetet undanh\u00e5llit fakta som inte talar till ena partens f\u00f6rdel:<\/strong><\/h2>\n<h2>&#8221;Socialn\u00e4mndens utredning i m\u00e5let har varit s\u00e4rskilt omfattande och skett under l\u00e5ng\u00a0tid. De observationer som gjorts av parterna p\u00e5 HVB-hemmet XXXX har d\u00e4rtill\u00a0varit sammanh\u00e4ngande och under flera veckors tid, vilket annars \u00e4r s\u00e4llsynt i\u00a0v\u00e5rdnadsutredningar. En sammanst\u00e4llning av observationer som gjorts under ett och ett\u00a0halvt \u00e5rs tid kan och b\u00f6r inte vara helt\u00e4ckande i den mening att en fullst\u00e4ndig\u00a0redog\u00f6relse f\u00f6r allt underliggande material presenteras. Det \u00e4r s\u00e5ledes rimligt att\u00a0endast h\u00e4ndelser som har s\u00e4rskild betydelse f\u00f6r den \u00f6vergripande bed\u00f6mningen lyfts\u00a0fram. Vad som ska anses vara av s\u00e4rskild betydelse avg\u00f6rs av ansvarig utredare. Att\u00a0viss information som enligt en av parterna \u00e4r s\u00e4rskilt viktig har l\u00e4mnats utanf\u00f6r\u00a0rapporten medf\u00f6r inte att utredningen d\u00e4rav saknar objektivitet.&#8221;<\/h2>\n<p>\u2217<\/p>\n\t<h2>Det brister \u00e4ven h\u00f6gst v\u00e4sentligt i respekten f\u00f6r <a href=\"http:\/\/mmstudies.com\/eftervaldet\/forbigas\/\">barnsakkunnig expertis<\/a> som tex denna som mamman i Varbergsm\u00e5llet anlitat, professor i Kjerstin Almqvist vid G\u00f6teborgs universitet och NKC i Uppsala:<\/h2>\n\t\t\t\t<img loading=\"lazy\" decoding=\"async\" src=\"http:\/\/mmstudies.com\/eftervaldet\/wp-content\/uploads\/sites\/12\/2019\/08\/Sk\u00e4rmklipp-2019-08-10-23.32.34.png\" alt=\"Sk\u00e4rmklipp 2019-08-10 23.32.34\" itemprop=\"image\" height=\"761\" width=\"874\" title=\"Sk\u00e4rmklipp 2019-08-10 23.32.34\" onerror=\"this.style.display='none'\"  \/>\n\t<p>&nbsp;<\/p>\n<p><em><a href=\"http:\/\/mmstudies.com\/eftervaldet\/\">AKTION #efterv\u00e5ldet mot samh\u00e4llsfarlig myndighetsut\u00f6vning<\/a><\/em><\/p>\n<p>&nbsp;<\/p>\n<p><em><a href=\"http:\/\/mmstudies.com\/eftervaldet\/\">KRITIK M\u00c5LS\u00c4TTNING OCH KRAV<\/a><\/em><\/p>\n<p>&nbsp;<\/p>\n<p><em><a href=\"http:\/\/mmstudies.com\/eftervaldet\/definition\">Efterv\u00e5ld &#8211; definition<\/a><\/em><\/p>\n<p>&nbsp;<\/p>\n<p><a href=\"http:\/\/mmstudies.com\/eftervaldet\/presentation\"><em>PRESENTATION AV #efterv\u00e5ldets \u00d6VERGRIPANDE UPPL\u00c4GG, KRITK, \u00a0FAKTA OCH KUNSKAPSUNDERLAG<\/em><\/a><\/p>\n<p>&nbsp;<\/p>\n<p><a href=\"http:\/\/mmstudies.com\/eftervaldet\/ipe-analys\/\"><em>IDEOLOGISK, POLITISK, EKONOMISK ANALYS<\/em><\/a><\/p>\n<p>&nbsp;<\/p>\n<p><em><a href=\"http:\/\/mmstudies.com\/eftervaldet\/falsk-varu\/\">MYNDIGHETSUT\u00d6VNING MED FALSK VARUDEKLARATION<\/a><\/em><\/p>\n<p>&nbsp;<\/p>\n<p><a href=\"http:\/\/mmstudies.com\/eftervaldet\/hum-faltet\/\"><em>1) Bristande kompetens att hantera komplext systemrelaterade problemst\u00e4llningar inom det humanvetenskapliga f\u00e4ltet<\/em><\/a><\/p>\n<p>&nbsp;<\/p>\n<p><em><a href=\"http:\/\/mmstudies.com\/eftervaldet\/spraklig\/\">2) Bristande spr\u00e5klig precisering, avgr\u00e4nsning och stringens<\/a><\/em><\/p>\n<p>&nbsp;<\/p>\n<p><a href=\"http:\/\/mmstudies.com\/eftervaldet\/tllampning\/\"><em>3) Bristande omd\u00f6me i fr\u00e5ga om till\u00e4mpningen av g\u00e4llande lag i F\u00f6r\u00e4ldrabalken och FN:s barnkonvention<\/em><\/a><\/p>\n<p>&nbsp;<\/p>\n<p><a href=\"http:\/\/mmstudies.com\/eftervaldet\/fakta\/\"><em>FAKTA-OCH KUNSKAPSUNDERLAG<\/em><\/a><\/p>\n<p>&nbsp;<\/p>\n<p><a href=\"http:\/\/mmstudies.com\/eftervaldet\/forbigas\/\"><em>ANGEL\u00c4GEN FORSKNING OCH VETENSKAP SOM F\u00d6RBIG\u00c5S<\/em><\/a><\/p>\n<p>&nbsp;<\/p>\n<p><a href=\"http:\/\/mmstudies.com\/eftervaldet\/enkatsvar\"><em>ENK\u00c4TSVAR fr\u00e5n 16 f\u00f6r\u00e4ldrar utsatta f\u00f6r VSN &amp; EFTERV\u00c5LD<\/em><\/a><\/p>\n<p>&nbsp;<\/p>\n<p><a href=\"http:\/\/mmstudies.com\/eftervaldet\/granskning-domar\/\"><em>SAMMANFATTNING AV MARIA KARLSSONS GRANSKNING AV DOMAR<\/em><\/a><\/p>\n<p>&nbsp;<\/p>\n<p><a href=\"http:\/\/mmstudies.com\/eftervaldet\/domar-vsnr\/\"><em>Domar vari pappor gjort sig skyldiga till DV \/ AC<\/em><\/a><\/p>\n<p>&nbsp;<\/p>\n<p><em><a href=\"http:\/\/mmstudies.com\/eftervaldet\/pavarka\/\">Domar vari mammor tros &#8221;p\u00e5verka&#8221;, &#8221;dra in barn i konflikten&#8221;, inte kunna &#8221;samarbeta&#8221; pga att &#8221;ha fel inst\u00e4llning till pappan&#8221;, etc<\/a><\/em><\/p>\n<p>&nbsp;<\/p>\n<p><em><a href=\"http:\/\/mmstudies.com\/eftervaldet\/boss\/\">BRUTALISTEN MATS SJ\u00d6STEN &#8211; BOSS<\/a> <a href=\"http:\/\/mmstudies.com\/eftervaldet\/boss\/\">\u00d6VER V\u00c5RDNADSM\u00c5L SEDAN 90-talet<\/a><\/em><\/p>\n<p>&nbsp;<\/p>\n<p><a href=\"http:\/\/mmstudies.com\/eftervaldet\/statliga\/\"><em>DE STATLIGA V\u00c5RDNADSUTEDNINGARNA<\/em><\/a><\/p>\n<p>&nbsp;<\/p>\n<p><a href=\"http:\/\/mmstudies.com\/eftervaldet\/framsta-expert\/\"><em>LANDETS FR\u00c4MSTA EXPERT P\u00c5 V\u00c5RDNADSM\u00c5L<\/em><\/a><\/p>\n<p>&nbsp;<\/p>\n<p><a href=\"http:\/\/mmstudies.com\/eftervaldet\/granskning-ms\/\"><em>AVSL\u00d6JANDE GRANSKNING AV MATS SJ\u00d6STENS DOM I VARBERGFALLET<\/em><\/a><\/p>\n<p>&nbsp;<\/p>\n<p><a href=\"http:\/\/mmstudies.com\/eftervaldet\/lambertz\/\"><em>MAILV\u00c4XLING MED LAGMAN MATS SJ\u00d6STEN OCH HOVR\u00c4TTSASSESSOR KARIN LAMBERTZ<\/em><\/a><\/p>\n<p>&nbsp;<\/p>\n<p><a href=\"http:\/\/mmstudies.com\/eftervaldet\/fallet-maria2\/\"><em>Varbergsm\u00e5let:<\/em><\/a><\/p>\n<p>&nbsp;<\/p>\n<p><a href=\"http:\/\/mmstudies.com\/eftervaldet\/artiklar\"><em>ARTIKLAR<\/em><\/a><\/p>\n<p>&nbsp;<\/p>\n<p><a href=\"http:\/\/mmstudies.com\/eftervaldet\/jenny-orn\"><i>1. Jenny \u00d6rns fall<\/i><\/a><\/p>\n<p><i>2 .<\/i><a href=\"http:\/\/mmstudies.com\/eftervaldet\/maria-a-artikel\"><i>F\u00f6r\u00e4ldern Maria A:s fall publicerad i Aftonbladet 2017.<\/i><\/a><i>\u00a0<\/i><\/p>\n<p><a href=\"http:\/\/mmstudies.com\/eftervaldet\/lenas-fall\/\"><i>3.Trebarnsmamman Lenas fall<\/i><\/a><\/p>\n<p><a href=\"http:\/\/mmstudies.com\/eftervaldet\/svea-hovratt\/\"><i>4. Svea Hovr\u00e4ttsm\u00e5let med Thomas Bodstr\u00f6m som mammans ombud<\/i><\/a><\/p>\n<p><i>5. <\/i><a href=\"http:\/\/mmstudies.com\/eftervaldet\/fallet-maria2\/\"><i>V\u00e5rdnadsm\u00e5let vid \u00a0Varbergs tings\u00e4tt och Mats Sj\u00f6sten som domare<\/i><\/a><\/p>\n<p><a href=\"http:\/\/mmstudies.com\/eftervaldet\/suicidal\/\"><i>6) 12-\u00e5rig suicidal pojke tv\u00e5ngsf\u00f6rflyttas till sin f\u00f6r\u00f6vare<\/i><\/a><\/p>\n<p><a href=\"http:\/\/mmstudies.com\/eftervaldet\/anna-elias\/\"><i>7) Fallet Anna och Elias<\/i><\/a><\/p>\n<p><em><a href=\"http:\/\/mmstudies.com\/eftervaldet\/enkatsvar\/\">Mammors rapporter i 16 enk\u00e4tsvar<\/a><\/em><\/p>\n<p>&nbsp;<\/p>\n<p><a href=\"http:\/\/mmstudies.com\/eftervaldet\/bk\/\"><em>OM FN:s BARKONVENTION<\/em><\/a><\/p>\n<p>&nbsp;<\/p>\n\n","protected":false},"excerpt":{"rendered":"<p>De som vill veta mer om hermeneutik och systemteoretisk ansats har en bra pedagogisk genomg\u00e5ng av det p\u00e5 den numera h\u00e4dang\u00e5ngna folkbildaren Erland Lageroths hemsida. Kan varmt rekommenderas! Voffarna bel\u00f6nade visserligen 1998 hans folkbildningsm\u00f6dor med sitt f\u00f6rnedrarpris. Men det var tio \u00e5r innan alla redan satt i g\u00e5ng att forska p\u00e5 just systemteoretisk basis &#8211;&#8230;<\/p>\n","protected":false},"author":1,"featured_media":0,"parent":0,"menu_order":0,"comment_status":"closed","ping_status":"closed","template":"full-width-page.php","meta":{"footnotes":""},"class_list":["post-841","page","type-page","status-publish","hentry"],"_links":{"self":[{"href":"http:\/\/mmstudies.com\/eftervaldet\/wp-json\/wp\/v2\/pages\/841","targetHints":{"allow":["GET"]}}],"collection":[{"href":"http:\/\/mmstudies.com\/eftervaldet\/wp-json\/wp\/v2\/pages"}],"about":[{"href":"http:\/\/mmstudies.com\/eftervaldet\/wp-json\/wp\/v2\/types\/page"}],"author":[{"embeddable":true,"href":"http:\/\/mmstudies.com\/eftervaldet\/wp-json\/wp\/v2\/users\/1"}],"replies":[{"embeddable":true,"href":"http:\/\/mmstudies.com\/eftervaldet\/wp-json\/wp\/v2\/comments?post=841"}],"version-history":[{"count":39,"href":"http:\/\/mmstudies.com\/eftervaldet\/wp-json\/wp\/v2\/pages\/841\/revisions"}],"predecessor-version":[{"id":4222,"href":"http:\/\/mmstudies.com\/eftervaldet\/wp-json\/wp\/v2\/pages\/841\/revisions\/4222"}],"wp:attachment":[{"href":"http:\/\/mmstudies.com\/eftervaldet\/wp-json\/wp\/v2\/media?parent=841"}],"curies":[{"name":"wp","href":"https:\/\/api.w.org\/{rel}","templated":true}]}}