{"id":1025,"date":"2018-10-08T10:55:47","date_gmt":"2018-10-08T10:55:47","guid":{"rendered":"http:\/\/mmstudies.com\/mammamanualen\/?page_id=1025"},"modified":"2024-09-21T10:17:45","modified_gmt":"2024-09-21T10:17:45","slug":"emotionella-arvet","status":"publish","type":"page","link":"http:\/\/mmstudies.com\/mammamanualen\/emotionella-arvet\/","title":{"rendered":"V\u00c4GEN VI ALDRIG TOG  &#8211; ELLER DET EMOTIONELLA ARVET \/ artikel av Eva Moberg"},"content":{"rendered":"\n\n\tE V A \u00a0 M O B E R G<br \/>\nom\u00a0det emotionella arvet\n<p>&nbsp;<\/p>\n\t<p>Eva Mobergs g\u00e4rning som vetenskapsjournalist sp\u00e4nde \u00f6ver ett stort f\u00e4lt och var helt unik.<\/p>\n<p>Och s\u00e5 h\u00e4r m\u00e5nga \u00e5r efter hennes \u00a0bortg\u00e5ng kan l\u00e4tt konstateras att ingen tagit hennes plats inom den svenska vetenskapsjournalistiken eller som f\u00f6retr\u00e4dare f\u00f6r den ekofeminism som var unik f\u00f6r v\u00e5rt land och grundlades av Elin W\u00e4gner.<\/p>\n<p>Det skulle i s\u00e5 fall kanske vara <a href=\"http:\/\/mmstudies.com\/garnlund\">Helena Granlund<\/a>!<\/p>\n<p>Ingen hade en lika rapp och vass penna \u00a0som Eva Moberg, och ingen var lika v\u00e4l p\u00e5l\u00e4st inom vitt skilda omr\u00e5den som fr\u00e5n k\u00e4rnkraftsproblematiken till \u00a0vetenskapsteori, fr\u00e5n antropologisk forskning om alternativa samh\u00e4llsbildningar \/ matriarkat till senaste tidens forskning i utvecklingspsykologi \/anknytningsteori som tex hon visade prov p\u00e5 i denna artikel (scrolla ner!) \u00a0<strong>&#8221;Det emotionella arvet&#8221;<\/strong>\u00a0publicerad i <strong>ORDFRONT MAGASIN<\/strong> nr 12 \/2012 och d\u00e4refter i hennes samlingsvolym <strong>PRIMA MATERIA<\/strong> utgiven 2003 p\u00e5 Ordfronts f\u00f6rlag.<\/p>\n<p>I den <a href=\"http:\/\/mmstudies.com\/about4\/\">forskningsf\u00f6rberedande utbildning i musikpsykologi<\/a> som jag bevistade i slutet p\u00e5 90-talet\u00a0hade sj\u00e4lv tagit del av denna nya teoribildning i Daniel Sterns och Colwyn Trevhartens forskning, grundad p\u00e5 experimentella studier av sp\u00e4dbarns reaktioner p\u00e5 stimuli, \u00a0och var f\u00f6rtrogen med dess t\u00e4mligen ogenomtr\u00e4ngligt fackvetenskapliga diskurs och omfattande textmassor. Jag skickade d\u00e4rf\u00f6r in en ins\u00e4ndare till ORDFRONT f\u00f6r att tacka Eva Moberg f\u00f6r hennes imponerande insats.<\/p>\n<p>Det kom sedan att resultera i en fortsatt kontakt med Eva vari jag blev erbjuden ov\u00e4rderliga tips till mitt fortsatta s\u00f6kande efter kunskap utanf\u00f6r den male-streamvetenskapliga hegemonin, inte minst i form av att bli introducerad i den moderna forskning om forntida och nutida matriarkat, vari en helt ny otroligt sp\u00e4nnande och fascinerande v\u00e4rld \u00f6ppnades f\u00f6r mig och min f\u00f6rst\u00e5else av det manligt \/ kvinnligt \/ m\u00e4nskliga vidgades h\u00f6gst betydligt.<\/p>\n<p>&nbsp;<\/p>\n<h2>P\u00e5 hennes hemsida ser jag att hon d\u00e4refter h\u00e5llit f\u00f6redrag i \u00e4mnet med rubriken:<br \/>\nV\u00c4GEN VI ALDRIG TOG &#8211;<br \/>\nELLER DET EMOTIONELLA ARVET<\/h2>\n<p>&nbsp;<\/p>\n<h2>S\u00e5 ja! Vart tog all denna h\u00f6gst lovande och sp\u00e4nnande kunskap v\u00e4gen?<\/h2>\n\n<h2>Citat Eva Moberg fr\u00e5n hennes hemsida:<\/h2>\n<p>&nbsp;<\/p>\n<h2>V\u00e4gen vi aldrig tog eller Det emotionella arvet<\/h2>\n<p>Inneb\u00f6rden av den nya sp\u00e4dbarnsforskningen har inte p\u00e5 allvar tr\u00e4ngt ut till allm\u00e4nheten, \u00e4n mindre gett avtryck i politik och ekonomi. Det \u00e4r pionj\u00e4rinsatser som bedrivits med helt ny n\u00e4rhet till sp\u00e4dbarnet i varje sekund, med nya metoder och ny f\u00f6ruts\u00e4ttningsl\u00f6shet. R\u00f6nen visar klart att m\u00e4nniskans potential ifr\u00e5ga om k\u00e4nslom\u00e4ssig utveckling och mognad, och d\u00e4rmed en framtid utan krig och folkmord, \u00e4r betydligt st\u00f6rre \u00e4n vi tidigare v\u00e5gat tro. V\u00e5r \u00f6desfr\u00e5ga \u00e4r: n\u00e4r ska vi b\u00f6rja prioritera BARNET p\u00e5 allvar? Och inte bara &#8221;barnfamiljerna&#8221; i st\u00f6rsta allm\u00e4nhet, som ju politiker g\u00e4rna \u00e5beropar.<\/p>\n<p>&nbsp;<\/p>\n<h2>2000-talets feminism &#8211; en fr\u00e5ga om m\u00e4n eller \u00c5tert\u00e5gets hj\u00e4ltar<\/h2>\n<p>Jag har h\u00e5llit detta f\u00f6redrag i m\u00e5nga l\u00e4nder, fr\u00e4mst som initiativtagare till The Initiative Group for a UN Conference on Male Society and Male Norms, en grupp som i tio \u00e5r arbetade f\u00f6r att fr\u00e4mja id\u00e9n om en stor FN-konferens om patriarkatet och de manliga normerna. De \u00e4r n\u00e4mligen avg\u00f6rande faktorer i allt som FN har att k\u00e4mpa med. Denna f\u00f6r m\u00e5nga sj\u00e4lvklara slutsats \u00e4r alltj\u00e4mt ot\u00e4nkbar i m\u00e5nga FN-l\u00e4nder. I arbetet att v\u00e4cka m\u00e4ns engagemang och insikter i den h\u00e4r fr\u00e5gan \u00e4r utmaningen att vara brutalt uppriktig och samtidigt undvika att skuldbel\u00e4gga den enskilde mannen, s\u00e5 att han bara v\u00e4nder sig bort. Det h\u00e4r f\u00f6redraget f\u00f6rs\u00f6ker klara den utmaningen.<\/p>\n\t<iframe loading=\"lazy\" width=\"700\" height=\"394\" src=\"https:\/\/www.youtube.com\/embed\/HLl_tB60hqM?feature=oembed\" frameborder=\"0\" allow=\"autoplay; encrypted-media\" allowfullscreen><\/iframe>\n\t<h1>FAKTARUTA<\/h1>\n<a href=\"https:\/\/blog.oup.com\/2014\/01\/remembering-daniel-stern-developmental-psychologist\/\">Daniel Stern utvecklade tillsammans med Colwyn Trevharten<\/a> en banbrytande forskningsinsats byggd p\u00e5 experimentella studier av sp\u00e4dbarns reaktioner p\u00e5 stimuli inom utvecklingspsykologin, som sedan kommit att ligga till grund f\u00f6r den forskning inom neuropsykologin och anknytningsteorierna som sedan dess vuxit ut \u00f6ver alla bredder. De utforskade det omr\u00e5de som jag sj\u00e4lv \u00e4gnade mitt vetenskapliga arbete \u00e5t: <a href=\"http:\/\/mmstudies.com\/about-us\/uppsats\/\">BARNS MUSISKA EKOLOGI och den hela analoga gestalten<\/a>, \u00a0dvs den bas som ligger till grund f\u00f6r anknytningen mellan mor \u00a0\/ v\u00e5rdnadshavare \/ barn genom dess preverbalt kroppsspr\u00e5kliga och r\u00f6strelaterade kommunikation. Och s\u00e5 sm\u00e5ningom ocks\u00e5 under det fortsatta livet utg\u00f6r grunden f\u00f6r de mest ursprungliga samh\u00e4llsformernas sammanh\u00e5llande band, enligt senaste decenniernas forskning i <a href=\"http:\/\/mmstudies.com\/matriarchies\/bayaka\">RAG<\/a> och <a href=\"http:\/\/mmstudies.com\">Modern Matriarchal studies<\/a>. \u00a0<br \/>\n\u2028<br \/>\n<a href=\"https:\/\/en.wikipedia.org\/wiki\/Colwyn_Trevarthen\">Colwyn Trevarthen\u00a0is Professor Emeritus of Child Psychology and Psychobiology at the University of Edinburgh, UK,<\/a> and a close colleague of Daniel Stern for over forty years. He is co-editor of\u00a0Communicative Musicality: Exploring the basis of human companionship\u00a0published by Oxford University Press.<br \/>\n\u2028<br \/>\nhttps:\/\/www.youtube.com\/watch?v=HLl_tB60hqM<br \/>\n\u2028\n<p><a href=\"https:\/\/blog.oup.com\/2014\/01\/remembering-daniel-stern-developmental-psychologist\/\">Colwyn Trevharten about Daniel Stern<\/a>:<\/p>\n<p>&#8221;A distinguished child psychiatrist and psychoanalyst and a world-famous developmental psychologist, he transformed ideas of human nature in infancy and he made important contributions to his last days. He gave us a theory of how we create and share imaginative stories by rhythmic movements, which he called &#8217;forms of vitality,&#8217; a domain that draws satisfaction and regulation from all sensory modalities in a consciousness of movement, and which, &#8221;distinct from the domains of emotion, sensation, or cognition,&#8221; gives life to all our ventures.&#8221;<\/p>\n\t<p>&nbsp;<\/p>\n<p>&nbsp;<\/p>\n<p><em><a href=\"http:\/\/mmstudies.com\/mammamanualen\/therese\/\">THERESE ANDERSSONS FALL<\/a><\/em><\/p>\n<p>&nbsp;<\/p>\n<p><em><a href=\"http:\/\/mmstudies.com\/mammamanualen\/berattelser\/\">Ber\u00e4ttelser ur verkliga live<\/a>t<\/em><\/p>\n<p><i>_________________________________________<\/i><\/p>\n<p><em><a href=\"http:\/\/mmstudies.com\/mammamanualen\/artiklar\/\">MONICA DAHLSTR\u00d6M-LANNES \/ artiklar<\/a><\/em><\/p>\n<p>&nbsp;<\/p>\n<p><em><a href=\"http:\/\/mmstudies.com\/mammamanualen\/eskilstunamodellen\/\">ESKILSTUNAMODELLEN<\/a><\/em><\/p>\n<p>&nbsp;<\/p>\n<p><em><a href=\"http:\/\/mmstudies.com\/mammamanualen\/lambertz\/\">MONICA DAHLSTR\u00d6M-LANNES \/ skrivelse till JK G\u00f6ran Lambertz<\/a><\/em><\/p>\n<p><em>&#8212;&#8212;&#8212;&#8212;&#8212;&#8211;<\/em><\/p>\n<p><em><a href=\"http:\/\/mmstudies.com\/mammamanualen\/pas\/\">FAKTA OM PAS-Parental Alienation Syndrome<\/a><\/em><\/p>\n<p>&nbsp;<\/p>\n<p><em><a href=\"http:\/\/mmstudies.com\/mammamanualen\/gardner\/\">RICHARD GARDNER &#8211; upphovsmannen till PAS -konceptet<\/a><\/em><\/p>\n<p>&nbsp;<\/p>\n<p><em><a href=\"http:\/\/mmstudies.com\/mammamanualen\/foresprakare\/\">PAS-f\u00f6respr\u00e5kare p\u00e5 hemmaplan<\/a><\/em><\/p>\n<p><em>__________________________________________<\/em><\/p>\n<p><em><a href=\"http:\/\/mmstudies.com\/mammamanualen\/lastips\/\">L\u00c4STIPS<\/a><\/em><\/p>\n<p>&nbsp;<\/p>\n<p><em><a href=\"http:\/\/mmstudies.com\/mammamanualen\/hello-world\/\">BLOGG<\/a><\/em><\/p>\n<p>________________________________________<\/p>\n<p><em><a href=\"http:\/\/mmstudies.com\/mammamanualen\/sou-2017\/\">SOU 2017 Se barnet!<\/a><\/em><\/p>\n<p>&nbsp;<\/p>\n<p><em>REMISSYTTRANDEN:<\/em><\/p>\n<p>&nbsp;<\/p>\n<p><em><a href=\"http:\/\/mmstudies.com\/mammamanualen\/brys-remiss\/\">BRY:s yttrande \u00f6ver bet\u00e4nkandet\u00a0Se barnet! (SOU 2017:6)<\/a><\/em><\/p>\n<p><em><a href=\"http:\/\/mmstudies.com\/mammamanualen\/kvinnofronten\/\">Kvinnofrontens Yttrande\u00a0\u00f6ver SOU 2017:6 &#8211; &#8221;Se barnet&#8221; &#8211; Dnr. Ju2017\/01226\/L2<\/a><\/em><\/p>\n<p><em><a href=\"http:\/\/mmstudies.com\/mammamanualen\/roks-remiss\/\">Roks remissvar, SE barnet SOU 20017:6<\/a><\/em><\/p>\n<p><em><a href=\"http:\/\/mmstudies.com\/mammamanualen\/unizon\/\">Unizons remissvar p\u00e5 bet\u00e4nkandet Se barnet SOU 2017:6.<\/a><\/em><\/p>\n<p><em><a href=\"http:\/\/mmstudies.com\/mammamanualen\/bos-remiss\/\">BARNOMBUDSMANNENS\u00a0REMISSVAR 2017-05-29\u00a0Dnr 3.9:0203\/17<\/a><\/em><\/p>\n<p><em><a href=\"http:\/\/mmstudies.com\/mammamanualen\/pappa-barns-remiss\/\">PappaBarns yttrande<\/a><\/em><\/p>\n<p>___________________________________________<\/p>\n<p><a href=\"http:\/\/mmstudies.com\/mammamanualen\/mail\/\"><em>Mailv\u00e4xling med landets tingsr\u00e4tter<\/em><\/a><\/p>\n<p><em>_____________________________________________<\/em><\/p>\n<p><a href=\"http:\/\/mmstudies.com\/mammamanualen\/lhs-cv\/\"><em>Leg. psykolog (?) Lena Hellblom Sj\u00f6grens CV<\/em><\/a><\/p>\n<p><a href=\"http:\/\/mmstudies.com\/mammamanualen\/lhs-kritik\/\"><em>Lena Hellblom Sj\u00f6gren \/ Kritik<\/em><\/a><\/p>\n<p><em>____________________________________________<\/em><\/p>\n<p><a href=\"http:\/\/mmstudies.com\/mammamanualen\/mats-sjosten\/\"><em>LAGMAN MATS SJ\u00d6STEN &#8211; EXPERT P\u00c5 V\u00c5RDNADSM\u00c5L<\/em><\/a><\/p>\n<p>&nbsp;<\/p>\n<p><a href=\"http:\/\/mmstudies.com\/mammamanualen\/linn-pantzar\/\"><em>JO-anm\u00e4lan av r\u00e5dman Linn Pantzar f\u00f6r grova tj\u00e4nstefel<\/em><\/a><\/p>\n<p>&nbsp;<\/p>\n<p><a href=\"http:\/\/mmstudies.com\/mammamanualen\/anefur\/\"><em>R\u00e5dman Petter Anefur d\u00f6mer barn till tv\u00e5ngsumg\u00e4nge med f\u00f6r\u00f6vare<\/em><\/a><\/p>\n<p><em>___________________________________________<\/em><\/p>\n<p><a href=\"http:\/\/mmstudies.com\/mammamanualen\/emotionella-arvet\/\"><em>V\u00c4GEN VI ALDRIG TOG\u00a0 &#8211; ELLER DET EMOTIONELLA ARVET \/ artikel av Eva Moberg<\/em><\/a><\/p>\n<p>&nbsp;<\/p>\n\t\t\t\t<img loading=\"lazy\" decoding=\"async\" src=\"http:\/\/mmstudies.com\/mammamanualen\/wp-content\/uploads\/sites\/11\/2018\/10\/DEt-emotionella-Arvet-foto-1a.jpeg\" alt=\"DEt emotionella Arvet foto 1a\" itemprop=\"image\" height=\"1024\" width=\"748\" title=\"DEt emotionella Arvet foto 1a\" onerror=\"this.style.display='none'\"  \/>\n\t\t\t\t<img loading=\"lazy\" decoding=\"async\" src=\"http:\/\/mmstudies.com\/mammamanualen\/wp-content\/uploads\/sites\/11\/2018\/10\/DEt-emotionella-Arvet-foto-3.jpeg\" alt=\"DEt emotionella Arvet foto 3\" itemprop=\"image\" height=\"1024\" width=\"753\" title=\"DEt emotionella Arvet foto 3\" onerror=\"this.style.display='none'\"  \/>\n\t\t\t\t<img loading=\"lazy\" decoding=\"async\" src=\"http:\/\/mmstudies.com\/mammamanualen\/wp-content\/uploads\/sites\/11\/2018\/10\/DEt-emotionella-Arvet-s-36-1.jpeg\" alt=\"DEt emotionella Arvet s 36\" itemprop=\"image\" height=\"614\" width=\"1280\" title=\"DEt emotionella Arvet s 36\" onerror=\"this.style.display='none'\"  \/>\n\t\t\t\t<img loading=\"lazy\" decoding=\"async\" src=\"http:\/\/mmstudies.com\/mammamanualen\/wp-content\/uploads\/sites\/11\/2018\/10\/DEt-emotionella-Arvet-s-36-a.jpeg\" alt=\"DEt emotionella Arvet s 36 a\" itemprop=\"image\" height=\"482\" width=\"1280\" title=\"DEt emotionella Arvet s 36 a\" onerror=\"this.style.display='none'\"  \/>\n\t\t\t\t<img loading=\"lazy\" decoding=\"async\" src=\"http:\/\/mmstudies.com\/mammamanualen\/wp-content\/uploads\/sites\/11\/2018\/10\/DEt-emotionella-Arvet-s-36-b.jpeg\" alt=\"DEt emotionella Arvet s 36 b\" itemprop=\"image\" height=\"543\" width=\"1280\" title=\"DEt emotionella Arvet s 36 b\" onerror=\"this.style.display='none'\"  \/>\n\t\t\t\t<img loading=\"lazy\" decoding=\"async\" src=\"http:\/\/mmstudies.com\/mammamanualen\/wp-content\/uploads\/sites\/11\/2018\/10\/DEt-emotionella-Arvet-s-37-2.jpeg\" alt=\"DEt emotionella Arvet s 37\" itemprop=\"image\" height=\"488\" width=\"1280\" title=\"DEt emotionella Arvet s 37\" onerror=\"this.style.display='none'\"  \/>\n\t\t\t\t<img loading=\"lazy\" decoding=\"async\" src=\"http:\/\/mmstudies.com\/mammamanualen\/wp-content\/uploads\/sites\/11\/2018\/10\/DEt-emotionella-Arvet-s-37c.jpeg\" alt=\"DEt emotionella Arvet s 37c\" itemprop=\"image\" height=\"582\" width=\"1280\" title=\"DEt emotionella Arvet s 37c\" onerror=\"this.style.display='none'\"  \/>\n\t\t\t\t<img loading=\"lazy\" decoding=\"async\" src=\"http:\/\/mmstudies.com\/mammamanualen\/wp-content\/uploads\/sites\/11\/2018\/10\/DEt-emotionella-Arvet-s-37d.jpeg\" alt=\"DEt emotionella Arvet s 37d\" itemprop=\"image\" height=\"507\" width=\"1280\" title=\"DEt emotionella Arvet s 37d\" onerror=\"this.style.display='none'\"  \/>\n\t\t\t\t<img loading=\"lazy\" decoding=\"async\" src=\"http:\/\/mmstudies.com\/mammamanualen\/wp-content\/uploads\/sites\/11\/2018\/10\/DEt-emotionella-Arvet-s-38-2.jpeg\" alt=\"DEt emotionella Arvet s 38\" itemprop=\"image\" height=\"544\" width=\"1274\" title=\"DEt emotionella Arvet s 38\" onerror=\"this.style.display='none'\"  \/>\n\t\t\t\t<img loading=\"lazy\" decoding=\"async\" src=\"http:\/\/mmstudies.com\/mammamanualen\/wp-content\/uploads\/sites\/11\/2018\/10\/DEt-emotionella-Arvet-s-38a-kopia.jpeg\" alt=\"DEt emotionella Arvet s 38a kopia\" itemprop=\"image\" height=\"582\" width=\"1280\" title=\"DEt emotionella Arvet s 38a kopia\" onerror=\"this.style.display='none'\"  \/>\n\t\t\t\t<img loading=\"lazy\" decoding=\"async\" src=\"http:\/\/mmstudies.com\/mammamanualen\/wp-content\/uploads\/sites\/11\/2018\/10\/DEt-emotionella-Arvet-s-38b.jpeg\" alt=\"DEt emotionella Arvet s 38b\" itemprop=\"image\" height=\"617\" width=\"1280\" title=\"DEt emotionella Arvet s 38b\" onerror=\"this.style.display='none'\"  \/>\n\t\t\t\t<img loading=\"lazy\" decoding=\"async\" src=\"http:\/\/mmstudies.com\/mammamanualen\/wp-content\/uploads\/sites\/11\/2018\/10\/DEt-emotionella-Arvet-s-39-a.jpeg\" alt=\"DEt emotionella Arvet s 39 a\" itemprop=\"image\" height=\"459\" width=\"1280\" title=\"DEt emotionella Arvet s 39 a\" onerror=\"this.style.display='none'\"  \/>\n\t\t\t\t<img loading=\"lazy\" decoding=\"async\" src=\"http:\/\/mmstudies.com\/mammamanualen\/wp-content\/uploads\/sites\/11\/2018\/10\/DEt-emotionella-Arvet-s-39-c.jpeg\" alt=\"DEt emotionella Arvet s 39 c\" itemprop=\"image\" height=\"599\" width=\"1280\" title=\"DEt emotionella Arvet s 39 c\" onerror=\"this.style.display='none'\"  \/>\n\t\t\t\t<img loading=\"lazy\" decoding=\"async\" src=\"http:\/\/mmstudies.com\/mammamanualen\/wp-content\/uploads\/sites\/11\/2018\/10\/DEt-emotionella-Arvet-s-39-kopia.jpeg\" alt=\"DEt emotionella Arvet s 39 kopia\" itemprop=\"image\" height=\"344\" width=\"1280\" title=\"DEt emotionella Arvet s 39 kopia\" onerror=\"this.style.display='none'\"  \/>\n\t\t\t\t<img loading=\"lazy\" decoding=\"async\" src=\"http:\/\/mmstudies.com\/mammamanualen\/wp-content\/uploads\/sites\/11\/2018\/10\/DEt-emotionella-Arvet-s-39a.jpeg\" alt=\"DEt emotionella Arvet s 39a\" itemprop=\"image\" height=\"314\" width=\"1280\" title=\"DEt emotionella Arvet s 39a\" onerror=\"this.style.display='none'\"  \/>\n\t\t\t\t<img loading=\"lazy\" decoding=\"async\" src=\"http:\/\/mmstudies.com\/mammamanualen\/wp-content\/uploads\/sites\/11\/2018\/10\/DEt-emotionella-Arvet-s-39-a-1.jpeg\" alt=\"DEt emotionella Arvet s 39 a\" itemprop=\"image\" height=\"459\" width=\"1280\" title=\"DEt emotionella Arvet s 39 a\" onerror=\"this.style.display='none'\"  \/>\n\t\t\t\t<img loading=\"lazy\" decoding=\"async\" src=\"http:\/\/mmstudies.com\/mammamanualen\/wp-content\/uploads\/sites\/11\/2018\/10\/DEt-emotionella-Arvet-s-40-1.jpeg\" alt=\"DEt emotionella Arvet s 40\" itemprop=\"image\" height=\"930\" width=\"1280\" title=\"DEt emotionella Arvet s 40\" onerror=\"this.style.display='none'\"  \/>\n\t\t\t\t<img loading=\"lazy\" decoding=\"async\" src=\"http:\/\/mmstudies.com\/mammamanualen\/wp-content\/uploads\/sites\/11\/2018\/10\/DEt-emotionella-Arvet-s-40-kopia-5.jpeg\" alt=\"DEt emotionella Arvet s 40 kopia\" itemprop=\"image\" height=\"364\" width=\"1226\" title=\"DEt emotionella Arvet s 40 kopia\" onerror=\"this.style.display='none'\"  \/>\n\t\t\t\t<img loading=\"lazy\" decoding=\"async\" src=\"http:\/\/mmstudies.com\/mammamanualen\/wp-content\/uploads\/sites\/11\/2018\/10\/DEt-emotionella-Arvet-s-40a.jpeg\" alt=\"DEt emotionella Arvet s 40a\" itemprop=\"image\" height=\"464\" width=\"1280\" title=\"DEt emotionella Arvet s 40a\" onerror=\"this.style.display='none'\"  \/>\n\t\t\t\t<img loading=\"lazy\" decoding=\"async\" src=\"http:\/\/mmstudies.com\/mammamanualen\/wp-content\/uploads\/sites\/11\/2018\/10\/DEt-emotionella-Arvet-s-41.jpeg\" alt=\"DEt emotionella Arvet s 41\" itemprop=\"image\" height=\"562\" width=\"1280\" title=\"DEt emotionella Arvet s 41\" onerror=\"this.style.display='none'\"  \/>\n\t\t\t\t<img loading=\"lazy\" decoding=\"async\" src=\"http:\/\/mmstudies.com\/mammamanualen\/wp-content\/uploads\/sites\/11\/2018\/10\/DEt-emotionella-Arvet-s-41-a.jpeg\" alt=\"DEt emotionella Arvet s 41 a\" itemprop=\"image\" height=\"575\" width=\"1280\" title=\"DEt emotionella Arvet s 41 a\" onerror=\"this.style.display='none'\"  \/>\n\t\t\t\t<img loading=\"lazy\" decoding=\"async\" src=\"http:\/\/mmstudies.com\/mammamanualen\/wp-content\/uploads\/sites\/11\/2018\/10\/DEt-emotionella-Arvet-s-41-b.jpeg\" alt=\"DEt emotionella Arvet s 41 b\" itemprop=\"image\" height=\"613\" width=\"1280\" title=\"DEt emotionella Arvet s 41 b\" onerror=\"this.style.display='none'\"  \/>\n\n","protected":false},"excerpt":{"rendered":"<p>E V A \u00a0 M O B E R G om\u00a0det emotionella arvet &nbsp; Eva Mobergs g\u00e4rning som vetenskapsjournalist sp\u00e4nde \u00f6ver ett stort f\u00e4lt och var helt unik. Och s\u00e5 h\u00e4r m\u00e5nga \u00e5r efter hennes \u00a0bortg\u00e5ng kan l\u00e4tt konstateras att ingen tagit hennes plats inom den svenska vetenskapsjournalistiken eller som f\u00f6retr\u00e4dare f\u00f6r den ekofeminism som&#8230;<\/p>\n","protected":false},"author":1,"featured_media":0,"parent":0,"menu_order":0,"comment_status":"closed","ping_status":"closed","template":"full-width-page.php","meta":{"footnotes":""},"class_list":["post-1025","page","type-page","status-publish","hentry"],"_links":{"self":[{"href":"http:\/\/mmstudies.com\/mammamanualen\/wp-json\/wp\/v2\/pages\/1025","targetHints":{"allow":["GET"]}}],"collection":[{"href":"http:\/\/mmstudies.com\/mammamanualen\/wp-json\/wp\/v2\/pages"}],"about":[{"href":"http:\/\/mmstudies.com\/mammamanualen\/wp-json\/wp\/v2\/types\/page"}],"author":[{"embeddable":true,"href":"http:\/\/mmstudies.com\/mammamanualen\/wp-json\/wp\/v2\/users\/1"}],"replies":[{"embeddable":true,"href":"http:\/\/mmstudies.com\/mammamanualen\/wp-json\/wp\/v2\/comments?post=1025"}],"version-history":[{"count":31,"href":"http:\/\/mmstudies.com\/mammamanualen\/wp-json\/wp\/v2\/pages\/1025\/revisions"}],"predecessor-version":[{"id":2479,"href":"http:\/\/mmstudies.com\/mammamanualen\/wp-json\/wp\/v2\/pages\/1025\/revisions\/2479"}],"wp:attachment":[{"href":"http:\/\/mmstudies.com\/mammamanualen\/wp-json\/wp\/v2\/media?parent=1025"}],"curies":[{"name":"wp","href":"https:\/\/api.w.org\/{rel}","templated":true}]}}