{"id":2085,"date":"2019-08-15T09:48:16","date_gmt":"2019-08-15T09:48:16","guid":{"rendered":"http:\/\/mmstudies.com\/mammamanualen\/?page_id=2085"},"modified":"2019-08-15T11:22:02","modified_gmt":"2019-08-15T11:22:02","slug":"startsida","status":"publish","type":"page","link":"http:\/\/mmstudies.com\/mammamanualen\/","title":{"rendered":"Startsida"},"content":{"rendered":"\n\t\t\t\t<img loading=\"lazy\" decoding=\"async\" src=\"http:\/\/mmstudies.com\/mammamanualen\/wp-content\/uploads\/sites\/11\/2019\/08\/26903725_2064386130458698_8484871375309935975_n.jpg\" alt=\"26903725_2064386130458698_8484871375309935975_n\" itemprop=\"image\" height=\"1024\" width=\"652\" title=\"26903725_2064386130458698_8484871375309935975_n\" onerror=\"this.style.display='none'\"  \/>\n\t<p>&nbsp;<\/p>\n<p><em>Vi st\u00f6djer BRY:s krav p\u00e5 en BARNDOMSTOL<\/em><\/p>\n<p>&nbsp;<\/p>\n<p>&nbsp;<\/p>\n<p><em>Regeringen har beslutat att barnkonventionen ska bli lag 2020, men BRY \u2013 Barns R\u00e4ttsskydd kritiserar detta. Vi har redan de lagar som beh\u00f6vs f\u00f6r att skydda utsatta barn. Problemet \u00e4r att de inte anv\u00e4nds.<\/em><\/p>\n<p>&nbsp;<\/p>\n<p><em>Barn som ber\u00e4ttar, eller visar tecken p\u00e5 att vara utsatta f\u00f6r sexuella \u00f6vergrepp blir inte tagna p\u00e5 allvar. Den som f\u00f6rgriper sig p\u00e5 barnen kommer undan alltf\u00f6r lindrigt. Antingen frias de helt eller f\u00e5r l\u00e5ga straff.<\/em><\/p>\n<p>&nbsp;<\/p>\n<p><em>Vi kr\u00e4ver att regeringen ist\u00e4llet inr\u00e4ttar en s\u00e4rskild barndomstol med specialutbildade \u00e5klagare och domare, d\u00e4r handl\u00e4ggningen sker skyndsamt.<\/em><\/p>\n<p>&nbsp;<\/p>\n<p>&nbsp;<\/p>\n<h2><em>Detta kommer att st\u00e4rka barns r\u00e4ttsskydd i Sverige!<\/em><\/h2>\n\t<h2><em><a href=\"http:\/\/www.barnsrattsskydd.se\">L\u00e4s mer h\u00e4r \u00bb<\/a><\/em><\/h2>\n\t<h2><\/h2>\n<h2><em><a href=\"http:\/\/mmstudies.com\/mammamanualen\/brys-remiss\">L\u00e4s ocks\u00e5 BRY:s Agneta Bravelius\u00b4 och Carolin Robsons\u00a0remiss-yttrande \u00f6ver\u00a0h\u00e4r\u00a0SOU 2017 \u00bb<\/a><\/em><\/h2>\n\t<p>&nbsp;<\/p>\n<p>&nbsp;<\/p>\n<p><em><a href=\"http:\/\/mmstudies.com\/mammamanualen\/therese\/\">THERESE ANDERSSONS FALL<\/a><\/em><\/p>\n<p>&nbsp;<\/p>\n<p><em><a href=\"http:\/\/mmstudies.com\/mammamanualen\/berattelser\/\">Ber\u00e4ttelser ur verkliga live<\/a>t<\/em><\/p>\n<p><i>_________________________________________<\/i><\/p>\n<p><em><a href=\"http:\/\/mmstudies.com\/mammamanualen\/artiklar\/\">MONICA DAHLSTR\u00d6M-LANNES \/ artiklar<\/a><\/em><\/p>\n<p>&nbsp;<\/p>\n<p><em><a href=\"http:\/\/mmstudies.com\/mammamanualen\/eskilstunamodellen\/\">ESKILSTUNAMODELLEN<\/a><\/em><\/p>\n<p>&nbsp;<\/p>\n<p><em><a href=\"http:\/\/mmstudies.com\/mammamanualen\/lambertz\/\">MONICA DAHLSTR\u00d6M-LANNES \/ skrivelse till JK G\u00f6ran Lambertz<\/a><\/em><\/p>\n<p><em>\u2014\u2014\u2014\u2014\u2014\u2014\u2014\u2014\u2014\u2014\u2014\u2014\u2014\u2014\u2014\u2014\u2014<\/em><\/p>\n<p><em><a href=\"http:\/\/mmstudies.com\/mammamanualen\/pas\/\">FAKTA OM PAS-Parental Alienation Syndrome<\/a><\/em><\/p>\n<p>&nbsp;<\/p>\n<p><em><a href=\"http:\/\/mmstudies.com\/mammamanualen\/gardner\/\">RICHARD GARDNER &#8211; upphovsmannen till PAS -konceptet<\/a><\/em><\/p>\n<p>&nbsp;<\/p>\n<p><em><a href=\"http:\/\/mmstudies.com\/mammamanualen\/foresprakare\/\">PAS-f\u00f6respr\u00e5kare p\u00e5 hemmaplan<\/a><\/em><\/p>\n<p><em>__________________________________________<\/em><\/p>\n<p><em><a href=\"http:\/\/mmstudies.com\/mammamanualen\/lastips\/\">L\u00c4STIPS<\/a><\/em><\/p>\n<p>&nbsp;<\/p>\n<p><em><a href=\"http:\/\/mmstudies.com\/mammamanualen\/hello-world\/\">BLOGG<\/a><\/em><\/p>\n<p>________________________________________<\/p>\n<p><em><a href=\"http:\/\/mmstudies.com\/mammamanualen\/sou-2017\/\">SOU 2017 Se barnet!<\/a><\/em><\/p>\n<p>&nbsp;<\/p>\n<p><em>REMISSYTTRANDEN:<\/em><\/p>\n<p>&nbsp;<\/p>\n<p><em><a href=\"http:\/\/mmstudies.com\/mammamanualen\/brys-remiss\/\">BRY:s yttrande \u00f6ver bet\u00e4nkandet\u00a0Se barnet! (SOU 2017:6)<\/a><\/em><\/p>\n<p><em><a href=\"http:\/\/mmstudies.com\/mammamanualen\/kvinnofronten\/\">Kvinnofrontens Yttrande\u00a0\u00f6ver SOU 2017:6 \u2013 \u201dSe barnet\u201d \u2013 Dnr. Ju2017\/01226\/L2<\/a><\/em><\/p>\n<p><em><a href=\"http:\/\/mmstudies.com\/mammamanualen\/roks-remiss\/\">Roks remissvar, SE barnet SOU 20017:6<\/a><\/em><\/p>\n<p><em><a href=\"http:\/\/mmstudies.com\/mammamanualen\/unizon\/\">Unizons remissvar p\u00e5 bet\u00e4nkandet Se barnet SOU 2017:6.<\/a><\/em><\/p>\n<p><em><a href=\"http:\/\/mmstudies.com\/mammamanualen\/bos-remiss\/\">BARNOMBUDSMANNENS\u00a0REMISSVAR 2017-05-29\u00a0Dnr 3.9:0203\/17<\/a><\/em><\/p>\n<p><em><a href=\"http:\/\/mmstudies.com\/mammamanualen\/pappa-barns-remiss\/\">PappaBarns yttrande<\/a><\/em><\/p>\n<p>___________________________________________<\/p>\n<p><a href=\"http:\/\/mmstudies.com\/mammamanualen\/mail\/\"><em>Mailv\u00e4xling med landets tingsr\u00e4tter<\/em><\/a><\/p>\n<p><em>_____________________________________________<\/em><\/p>\n<p><a href=\"http:\/\/mmstudies.com\/mammamanualen\/lhs-cv\/\"><em>Leg. psykolog (?) Lena Hellblom Sj\u00f6grens CV<\/em><\/a><\/p>\n<p><a href=\"http:\/\/mmstudies.com\/mammamanualen\/lhs-kritik\/\"><em>Lena Hellblom Sj\u00f6gren \/ Kritik<\/em><\/a><\/p>\n<p><em>____________________________________________<\/em><\/p>\n<p><a href=\"http:\/\/mmstudies.com\/mammamanualen\/mats-sjosten\/\"><em>LAGMAN MATS SJ\u00d6STEN &#8211; EXPERT P\u00c5 V\u00c5RDNADSM\u00c5L<\/em><\/a><\/p>\n<p>&nbsp;<\/p>\n<p><a href=\"http:\/\/mmstudies.com\/mammamanualen\/jenny-klefbom\/\"><em>Anm\u00e4lan till IVO av PSYKOLOGEN JENNY KLEFBOM f\u00f6r grova tj\u00e4nstefel av Leg.psykolog och Leg, psykoterapeut Stefan Widell<\/em><\/a><\/p>\n<p>&nbsp;<\/p>\n<p><a href=\"http:\/\/mmstudies.com\/mammamanualen\/linn-pantzar\/\"><em>JO-anm\u00e4lan av r\u00e5dman Linn Pantzar f\u00f6r grova tj\u00e4nstefel<\/em><\/a><\/p>\n<p>&nbsp;<\/p>\n<p><a href=\"http:\/\/mmstudies.com\/mammamanualen\/anefur\/\"><em>R\u00e5dman Petter Anefur d\u00f6mer barn till tv\u00e5ngsumg\u00e4nge med f\u00f6r\u00f6vare<\/em><\/a><\/p>\n<p><em>___________________________________________<\/em><\/p>\n<p><a href=\"http:\/\/mmstudies.com\/mammamanualen\/emotionella-arvet\/\"><em>V\u00c4GEN VI ALDRIG TOG\u00a0 &#8211; ELLER DET EMOTIONELLA ARVET \/ artikel av Eva Moberg<\/em><\/a><\/p>\n<p>&nbsp;<\/p>\n","protected":false},"excerpt":{"rendered":"<p>&nbsp; Vi st\u00f6djer BRY:s krav p\u00e5 en BARNDOMSTOL &nbsp; &nbsp; Regeringen har beslutat att barnkonventionen ska bli lag 2020, men BRY \u2013 Barns R\u00e4ttsskydd kritiserar detta. Vi har redan de lagar som beh\u00f6vs f\u00f6r att skydda utsatta barn. Problemet \u00e4r att de inte anv\u00e4nds. &nbsp; Barn som ber\u00e4ttar, eller visar tecken p\u00e5 att vara utsatta&#8230;<\/p>\n","protected":false},"author":1,"featured_media":0,"parent":0,"menu_order":0,"comment_status":"closed","ping_status":"closed","template":"full-width-page.php","meta":{"footnotes":""},"class_list":["post-2085","page","type-page","status-publish","hentry"],"_links":{"self":[{"href":"http:\/\/mmstudies.com\/mammamanualen\/wp-json\/wp\/v2\/pages\/2085","targetHints":{"allow":["GET"]}}],"collection":[{"href":"http:\/\/mmstudies.com\/mammamanualen\/wp-json\/wp\/v2\/pages"}],"about":[{"href":"http:\/\/mmstudies.com\/mammamanualen\/wp-json\/wp\/v2\/types\/page"}],"author":[{"embeddable":true,"href":"http:\/\/mmstudies.com\/mammamanualen\/wp-json\/wp\/v2\/users\/1"}],"replies":[{"embeddable":true,"href":"http:\/\/mmstudies.com\/mammamanualen\/wp-json\/wp\/v2\/comments?post=2085"}],"version-history":[{"count":16,"href":"http:\/\/mmstudies.com\/mammamanualen\/wp-json\/wp\/v2\/pages\/2085\/revisions"}],"predecessor-version":[{"id":2104,"href":"http:\/\/mmstudies.com\/mammamanualen\/wp-json\/wp\/v2\/pages\/2085\/revisions\/2104"}],"wp:attachment":[{"href":"http:\/\/mmstudies.com\/mammamanualen\/wp-json\/wp\/v2\/media?parent=2085"}],"curies":[{"name":"wp","href":"https:\/\/api.w.org\/{rel}","templated":true}]}}