{"id":280,"date":"2018-02-20T18:31:52","date_gmt":"2018-02-20T18:31:52","guid":{"rendered":"http:\/\/mmstudies.com\/mammamanualen\/?page_id=280"},"modified":"2023-08-07T12:46:39","modified_gmt":"2023-08-07T12:46:39","slug":"foresprakare","status":"publish","type":"page","link":"http:\/\/mmstudies.com\/mammamanualen\/foresprakare\/","title":{"rendered":"PAS-f\u00f6respr\u00e5kare p\u00e5 hemmaplan"},"content":{"rendered":"\n\n\t<p>PAS-f\u00f6respr\u00e5kare p\u00e5 hemmaplan<\/p>\n\t\t\t\t<img loading=\"lazy\" decoding=\"async\" src=\"http:\/\/mmstudies.com\/mammamanualen\/wp-content\/uploads\/sites\/11\/2018\/02\/Gubballiansen.jpg\" alt=\"Gubballiansen\" itemprop=\"image\" height=\"2504\" width=\"3408\" title=\"Gubballiansen\" onerror=\"this.style.display='none'\"  \/>\n\t<h2>PAS-F\u00d6RESPR\u00c5KARE SOM \u00c4R ALLIERAD MED DEN AV R\u00c4TTEN FLITIGT ANLITADE &#8221;MEDLAREN&#8221; OCH F\u00d6REDRAGSH\u00c5LLAREN HANS RUDOPLHIS DELLEN\u00c4NG<\/h2>\nG\u00e4rningsmammor : eller v\u00e5rdnads- och umg\u00e4ngestvister i verkligheten<br \/>\nav Hans Carlbring<br \/>\nH\u00c4FTAD, Svenska, 2010-05-10<br \/>\nSluts\u00e5ld\n<p>&#8221;\u00c4r det egentligen en v\u00e5rdnads- eller umg\u00e4ngestvist n\u00e4r den ene f\u00f6r\u00e4ldern anklagar den andre f\u00f6r att inte se till barnens b\u00e4sta? Eller v\u00e4grar alla former av samarbete kring barnen. M\u00e5ste man inte vara minst tv\u00e5 f\u00f6r att det ska bli en tvist?<\/p>\n<p><img loading=\"lazy\" decoding=\"async\" src=\"http:\/\/mmstudies.com\/mammamanualen\/wp-content\/uploads\/sites\/11\/2018\/02\/5HCngcEqzY6q0DLaLEguIw-199x300.jpg\" alt=\"\" width=\"290\" height=\"437\" \/><\/p>\n<p>Det \u00e4r fr\u00e5gor som G\u00e4rningsmammor f\u00f6rs\u00f6ker belysa. Boken bygger p\u00e5 en rad intervjuer med f\u00f6r\u00e4ldrar som har upplevt PAS, eller Parental Alienation Syndrome som \u00e4r den term som psykologer anv\u00e4nder, och inneh\u00e5ller \u00e4ven en hel del faktainslag och referenser till litteratur och webbsidor i \u00e4mnet.&#8221;<\/p>\n<p>&nbsp;<\/p>\n<p>Hans Carlbring \u00e4r involverad i en f\u00f6rening som h\u00e5ller p\u00e5 med psykosyntes och verkar ha genomg\u00e5tt ngn form av utbildning d\u00e4r.<\/p>\n<p>Och den som h\u00e4r citeras i Carlbrings bok, \u00e4r ingen mindre \u00e4n nyss n\u00e4mnde Mats Rudoplhis Dellen\u00e4ng, som inte heller han innehar ngn professionellt sakkunnig kompetens inom psykologi \/ psykiatri.<\/p>\n<p>&#8221;N\u00e4r mammor k\u00f6r med PAS handlar det antingen om att hon anklagar pappan f\u00f6r v\u00e5ld eller att han har pillat lilla Lisa i rumpan. N\u00e4r pappor g\u00f6r det laddar de hela artilleriet, oftast med att mamman \u00e4r psykiskt sjuk&#8221;.<\/p>\n<p>&nbsp;<\/p>\n<p>&nbsp;<\/p>\n<p>https:\/\/www.bokus.com\/bok\/9789174370461\/ garningsmammor-eller-vardnads-och-umgange stvister-i-verkligheten\/<\/p>\n\t\t\t\t<img decoding=\"async\" src=\"http:\/\/mmstudies.com\/mammamanualen\/wp-content\/plugins\/beaver-builder-lite-version\/img\/pixel.png\" alt=\"\" itemprop=\"image\" onerror=\"this.style.display='none'\"  \/>\n\t<h2>Ytterligare en PAS-anh\u00e4ngare \u00e4r familjer\u00e5dgivaren Hans Rudolphis Dellen\u00e4ng.<\/h2>\n<p>Han uttrycker sig om saken i f\u00f6ljande termer:<\/p>\n<p><em>&#8221;N\u00e4r mammor k\u00f6r med PAS handlar det antingen om att hon anklagar pappan f\u00f6r v\u00e5ld eller att han har pillat lilla Lisa i rumpan. N\u00e4r pappor g\u00f6r det laddar de hela artilleriet, oftast med att mamman \u00e4r psykiskt sjuk&#8221;.<\/em><\/p>\n<p>\u00a0Det \u00e4r sv\u00e5rt att tro att v\u00e5r svenska myndighetsut\u00f6vning och r\u00e4ttsv\u00e4sende skulle vila p\u00e5 s\u00e5 pseudovetenskaplig grund, men det ser dessv\u00e4rre inte b\u00e4ttre ut eftersom \u00a0Dellen\u00e4ng verkar vara en betrodd man b\u00e5de som familjer\u00e5dgivare och r\u00e4ttssocionom, samt flitigt anlitad av advokatsamfundet som medlade, och samtalspartner med barn i v\u00e5rdnadstvister.\u00a0<\/p>\n\t<p>L\u00e4s och begrunda vad Dellen\u00e4ng har att \u00a0\u00e5l\u00e4gga mamman till en son som inte l\u00e4ngre vill \u00e5ka till sin pappa, som \u00e4r en v\u00e4lk\u00e4nd v\u00e5ldsverkare, d\u00f6md f\u00f6r ett flertal fall av grov misshandel mot mamman och barnets \u00e4ldre syskon .<\/p>\n<h2>\u2217<\/h2>\n<h2>Mats Rudolphis Dellen\u00e4ng<br \/>\n F\u00f6r\u00e4ldramedlare \/akut familjer\u00e4ttssocionom<\/h2>\nRedovisning av uppdrag enligt 21kap 2\u00a7 f\u00f6r\u00e4ldrabalken<br \/>\n2016-00-00 erh\u00f6ll UT i uppdrag av Stocholms tingsr\u00e4tt att verka f\u00f6r att NN (modern till A) frivilligt fullg\u00f6r vad som \u00e5ligger henne.\n<p>&#8221;Jag har genomf\u00f6rt ett samtal med respektive f\u00f6r\u00e4lder samt med barnet A. I m\u00f6tet med modern n\u00e4rvarade \u00e4ven NN som enligt moder var hennes personliga st\u00f6d och ombud<\/p>\n<p>I m\u00f6tet med fadern betonade han att det inte finns n\u00e5gra hinder f\u00f6r umg\u00e4nge mellan sonen A och honom. Sista umg\u00e4nget fungerade v\u00e4l. Han beskrev A som en fin kille som det \u00e4r l\u00e4tt att prata med. Han gillar dataspel och de brukar g\u00e5 till simhallen tillsammans. Vid senaste umg\u00e4nget k\u00f6rde de \u00e4ven en dr\u00f6nare tillsammans &#8211; de hade trevligt. A brukar krama honom och han vet att fadern \u00e4lskar honom.<\/p>\n<p>I m\u00f6tet med modern \u00e4r hon av best\u00e4md uppfattning att A inte vill tr\u00e4ffa fadern. Han \u00e4r r\u00e4dd f\u00f6r honom. A m\u00e5r d\u00e5ligt \u00f6ver vad han har varit med om hos pappan. Fadern \u00e4r en h\u00f6griskfaktor och skulle kunna beg\u00e5 brott mot modern och A. Han har slagit A d\u00e5 A var tre \u00e5r gammal. A har i flera perioder inte tr\u00e4ffat pappa. Senaste umg\u00e4nget med pappa var i januari i \u00e5r. A var med sin kompis L d\u00e5 hos sin pappa. Pappan hade slagit och boxat en kvinna medan A s\u00e5g p\u00e5. A gr\u00e4t n\u00e4r han d\u00e4refter kom hem till modern. A tycker om sin pappa men tycker det \u00e4r obehagligt att vara ensam med sin pappa. F\u00f6r tv\u00e5 \u00e5r sedan l\u00e5ste A in sig p\u00e5 toaletten hemmas hos sin pappa, efter att han sett sin pappa sl\u00e5 en kvinna; V. A fick \u00f6ppna sina julklappar sj\u00e4lv medan pappan satt vid datorn. Om A vill tr\u00e4ffa sin pappa har modern f\u00f6r avsikt att medverka till att det blir umg\u00e4nge. I nul\u00e4get medverkar hon inte till att tvinga A till umg\u00e4nge med fadern. A orkar inte med personer som gapar och skriker. Pappan \u00e4r inte kapabel att f\u00f6ra samtal med barn.<\/p>\n<p>I samtal med A ber\u00e4ttar han att han g\u00e5r i klass 4 och \u00e4r tio \u00e5r. Han gillar engelska i skolan samt datateknik. Han programmerar egna dataspel. &#8221;Pappa \u00e4r bra p\u00e5 datorer. Vi brukar g\u00e5 ut och g\u00e5 ibland. Jag brukar leka med Kalle n\u00e4r jag \u00e4r hos pappa. \u00a0pappa och pappa \u00e4r kompisar. Pappa har sagt att han inte skaffar rum till mig om jag inte t\u00e4nker komma till honom. Jag tror han skulle g\u00f6ra det om jag kommer till honom. Jag vill bo hos mamma. Jag skulle vilja best\u00e4mma n\u00e4r jag ska \u00e5ka till honom &#8230; vilja ha en kalender p\u00e5 mitt rum d\u00e4r jag kunde best\u00e4mma n\u00e4r jag ska till pappa. I nul\u00e4get vill jag inte \u00e5ka till honom n\u00e4r han slutat f\u00f6rst\u00f6ra f\u00f6r oss alla hemma s\u00e5 att vi inte kan g\u00f6ra n\u00e5nting. Mamma m\u00e5ste betala mycket pengar s\u00e5 att vi inte kan g\u00f6ra roliga saker. Jag vet det \u00e4r s\u00e5 eftersom jag brukar prata med mamma om det. Jag brukar ringa mamma fr\u00e5n skola och s\u00e4ga att jag vill ha det bra&#8230; att allting skulle bli bra. Jag m\u00e5ste s\u00e4ga stopp f\u00f6r det han g\u00f6r. Han har slagit och kastat ut sin f\u00f6re detta tjej fr\u00e5n l\u00e4genheten. Han tog tag i axlarna och kastade ut henne genom d\u00f6rren. Jag h\u00f6rde henne skrika genom postl\u00e5dan. Jag l\u00e5g och sov och h\u00f6rde skriket. D\u00e5 sprang jag och l\u00e5ste in mig p\u00e5 toaletten. Jag var nog sju&#8230; \u00e5tta eller nio \u00e5r d\u00e5. Pappa kom och knackade p\u00e5 d\u00f6rren och sa att allt vara bra och sen gick vi och la oss. Det v\u00e4rsta han gjort var n\u00e4r han kastade en tr\u00f6ja p\u00e5 marken n\u00e4r han blev elak och jag k\u00e4nde hur den \u00e5kte f\u00f6rbi mig i luften. Sista g\u00e5ngen jag var hos pappa fick jg en X-box en spelkonsoll. Jag hade \u00f6nskat det. Mormor ringde ig\u00e5r till mamma och sa att hon skulle vara vittnesm\u00e5l till pappa p\u00e5 hans sida. Mamma s\u00e4ger att jag m\u00e5ste s\u00e4ga allt till familjer\u00e4tten.<\/p>\n<p>Jag kan \u00e5ka till pappa om han lyssnar p\u00e5 mig n\u00e4r jag vill komna till honom och om n\u00e5gon k\u00f6r mig till Uppsala t\u00e5gstation. D\u00e5 kan jag \u00e5ka till pappa. F\u00f6rra sommaren var jag i sex veckor i rad hos pappa. Jag vill ta det i mitt race n\u00e4r jag ska \u00e5ka det &#8211; d\u00e5 \u00e5ker jag dit. Jag har sagt det en g\u00e5ng till pappa och d\u00e5 blev han sur. Eftersom han inte l\u00e4gger av n\u00e5nting s\u00e5 att om han inte kan \u00e4ndra sig sm\u00e5 vill jag inte dit. Han kan ringa och fr\u00e5ga mig om jag vill \u00e5ka till honom och inte via r\u00e4tten d\u00e5 kan jag \u00e5ka dit i sommar. Om han slutar med r\u00e4tten s\u00e5 att mamma inte beh\u00f6ver betala 7000 kr och fr\u00e5gar mig n\u00e4r jag vill komma till honom &#8230; d\u00e5 vill jag. Jag vill inte ha kontakt med honom i nul\u00e4get. Nu svarar jag i telefon och kan ha den p\u00e5 om han ringer till nog. n\u00e4r jag tr\u00e4ffar honom s\u00e5 cvill jag f\u00f6rst och fr\u00e4mst g\u00f6ra n\u00e5t kul&#8230; simma och g\u00f6ra roliga saker. Mamma har sagt att om jag inte \u00e5ker dit m\u00e5ste tom betala 7000 kr. Mamma vill ta k\u00f6rkort men jag vet inte om det kommer att h\u00e4nda n\u00e4r hon m\u00e5ste betala pengar.<\/p>\n<p>Jag har l\u00e4st dom. Mamma brukar s\u00e4ga att jag ska l\u00e4sa dom s\u00e5 jagf\u00f6rst\u00e5r hur han \u00e4r mot henne och s\u00e5nt.&#8221;<\/p>\n<p>A slutar samtalet med &#8221;du har h\u00f6rt vad jag har sagt. Det h\u00e4r \u00e4r exakt vad jag har sagt tidigare. Det var bra och prata med dig.&#8221;<\/p>\n<p>Av ovanst\u00e5ende redovisning kan konstateras att modern inte fullgjort vad som \u00e5ligger henne. Barnet A \u00e4r v\u00e4l medveten om sina f\u00f6r\u00e4ldrars bristande samarbetsf\u00f6rm\u00e5ga. Han \u00e4lskar sin pappa och vill sj\u00e4lv avg\u00f6ra n\u00e4r han skall tr\u00e4ffa fadern. Hans \u00f6nskem\u00e5l om att f\u00e5 best\u00e4mma sj\u00e4lv n\u00e4r han skall till fadern \u00e4r med sannolikhet ett inslag p\u00e5 hands utvecklingsfas \u00f6ver att sj\u00e4lv vilja best\u00e4mma. Han beskriver b\u00e5de positiva och negativa erfarenheter hos tidigare umg\u00e4ngestillf\u00e4llen hos fadern. A har r\u00e4tt till en trygg och fin kontakt med sina b\u00e5da f\u00f6r\u00e4ldrar. A har beskrivit en gr\u00e4nsl\u00f6shet hos b\u00e5da f\u00f6r\u00e4ldrarna som omg\u00e5ende m\u00e5ste ta slut. V\u00e5ld hos fadern som ut\u00f6vats mot en annan vuxen person samt modern som pratar negativt om fadern &#8211; b\u00e5da exemplen \u00e4r totalf\u00f6rbjudna.<\/p>\n<p>Om dessa l\u00f6ften infrias av f\u00f6r\u00e4ldrarna r\u00e5der inga hinder f\u00f6r umg\u00e4nge med fadern. I mitt m\u00f6te med A var det l\u00e4tt att f\u00e5 kontakt med honom och jag uppfattade honom som mogen f\u00f6r sin \u00e5lder &#8211; en fin pojke.&#8221;<\/p>\n\t\t\t\t<img loading=\"lazy\" decoding=\"async\" src=\"http:\/\/mmstudies.com\/mammamanualen\/wp-content\/uploads\/sites\/11\/2018\/02\/2013-05-06-11.18.15-2.jpg\" alt=\"2013-05-06 11.18.15 2\" itemprop=\"image\" height=\"1636\" width=\"2246\" title=\"2013-05-06 11.18.15 2\" onerror=\"this.style.display='none'\"  \/>\n\t<h2>P\u00c4R STR\u00d6MS HYLLNING TILL PAS-GUBBARNAS BOK OM G\u00c4RNINGSMAMMOR<\/h2>\nIdag sl\u00e4pps bok om g\u00e4rningsmammor<br \/>\nRecension av P\u00e4r Str\u00f6m\n<p>Idag sl\u00e4pps boken G\u00e4rningsmammor, som handlar om PAS &#8211; att den ena f\u00f6r\u00e4ldern (vanligen mamman) f\u00f6rs\u00f6ker st\u00e4nga ute den andra f\u00f6r\u00e4ldern ur barnens liv. F\u00f6rfattare \u00e4r Hans Carlbring. S\u00e5 h\u00e4r beskriver han sin bok:<\/p>\n&#8221;G\u00e4rningsmammor \u00e4r ber\u00e4ttelsen om Gunnars kamp f\u00f6r att f\u00e5 vara kvar i sina barns liv. En mycket personlig och gripande ber\u00e4ttelse om de or\u00e4ttvisor som han som pappa upplevde under en sv\u00e5r v\u00e5rdnads- och umg\u00e4ngeskonflikt, hur vi \u00f6verf\u00f6r v\u00e5ra vuxenkonflikter p\u00e5 v\u00e5ra barn och hur sv\u00e5rt det \u00e4r att s\u00e4rskilja sina egna ego-behov fr\u00e5n barnens b\u00e4sta. Boken inneh\u00e5ller \u00e4ven en rad intervjuer med andra f\u00f6r\u00e4ldrar som har upplevt PAS, eller Parental Alienation Syndrome som \u00e4r den term som psykologer anv\u00e4nder, och inneh\u00e5ller \u00e4ven en hel del faktainslag och referenser till litteratur och webbsidor i \u00e4mnet.&#8221;<br \/>\nL\u00e4s mer, och best\u00e4ll, h\u00e4r.<br \/>\n\u00c4r det n\u00e5gon bloggl\u00e4sare som har erfarenhet av PAS? Ber\u00e4tta\/kommentera g\u00e4rna.\n\t\t\t\t<img decoding=\"async\" src=\"http:\/\/mmstudies.com\/mammamanualen\/wp-content\/plugins\/beaver-builder-lite-version\/img\/pixel.png\" alt=\"\" itemprop=\"image\" onerror=\"this.style.display='none'\"  \/>\n\t<h2>DEN SVENSKA PAS-SEKTENS FADER; NILS-G\u00d6RAN ARESKOUG<\/h2>\n<p>N\u00e4r jag tog del av uppgifter som en pappar\u00e4ttsaktivist hade lagt ut om en PAS-f\u00f6respr\u00e5kare som heter Nils G\u00f6ran Areskoug och b\u00f6rjade googla p\u00e5 honom fick jag en sm\u00e4rre \u00a0chock.<\/p>\n<p>Denne man, av somliga utn\u00e4mnts till PAS-sektens guru h\u00e4r p\u00e5 hemmaplan, utrustad med h\u00f6ga akademiska meriter, som av sektmedlemmarna antas borga f\u00f6r den vetenskapliga kvalit\u00e9n, visar sig ha ungef\u00e4r samma bakgrund som jag, som musiker med intresse f\u00f6r psykologi, estetik och vetenskapsteori, studier i musikologi och musikpsykologi (som bla bygger p\u00e5 neurologi i tv\u00e4rvetenskaplig samverkan med psykologi \/ anknytningsteori \/ experimentella studier av foster och sp\u00e4dbarns reaktioner p\u00e5 akustiska stimulin \/ musik \/ dans \/ estetik \/ sociologi \/ antropologi \/ musikologi = studiet av djurs reaktioner p\u00e5 akustiska stimulin, kliniska studier av olika former av psykiatriska st\u00f6rningar i relation till det akustiska f\u00e4ltet och hj\u00e4rnans reaktionsm\u00f6nster p\u00e5 det osv). Och ju mer uppgifter jag fick fram om honom, desto mer \u00a0blev jag varse konturerna av en man som jag redan l\u00e4rt k\u00e4nna en g\u00e5ng n\u00e4r jag var ung f\u00f6r mycket l\u00e4nge sen.<\/p>\n<p>Efter en stunds grubblande sm\u00f6g sig minnet p\u00e5 ungef\u00e4r p\u00e5 samma s\u00e4tt som ett fotografi l\u00e5ngsamt framtr\u00e4der vid framkallning, f\u00f6rst kornigt och otydligt och sen alltmer klart i konturerna &#8211; och pl\u00f6tsligt steg minnet fram av ansiktet p\u00e5 den unga beg\u00e5vade kyrko-musiker som jag l\u00e4rde k\u00e4nna i V\u00e4xj\u00f6 n\u00e4r jag var runt 20 och pluggade tyska p\u00e5 U-filialen d\u00e4r.<\/p>\n<p>&nbsp;<\/p>\n<p>&nbsp;<\/p>\n<p>Han var lagd \u00e5t det djupsinniga, s\u00e5 vi kom att tr\u00e4ffas en del och snacka om invecklade ting som musik, filosofi, estetik, psykologi och vetenskapsteori, samma \u00e4mnen som vi d\u00e4refter var och en kommit att vidareutveckla fast \u00e5t minst sagt olika h\u00e5ll.<\/p>\n<p>Som jag minns, var han h\u00f6gkyrklig och hade en l\u00e4tt \u00f6versp\u00e4nd framtoning.<\/p>\n<p>De kvasivetenskapligr resonemang han framf\u00f6r i denna text, \u00e4r verkligen mer \u00e4n lovligt flummiga och grundade i en urmodig kvinnosyn sen Aristoteles dagar. Han drar sig inte ens f\u00f6r att h\u00e4nvisa till den antika Medea-myten f\u00f6r att framst\u00e4lla m\u00f6drar som notoriskt svartsjuka och skadliga f\u00f6r sina barn.<\/p>\n<p>F \u00f6 saknar han all form av erforderlig kompetens inom utvecklingspsykologi och anknytningsteori och har enbart f\u00f6rfattat n\u00e5n gammal inaktuell avhandling om en opponent till Freud som ligger och dammar \u00a0i arkiven p\u00e5 Lunds Universitet, och opponent till den var \u00a0ingen mindre \u00e4n den male streamade misogynisten och voffaren Germund Hesslow.<\/p>\n<p>F\u00f6r\u00e4ldraalienation och Psykosocial Barnmisshandel, in: Inre och Yttre Verklighet, in: Acta Academiae Stromstadiensis, AAS-1, Antologi 2011, Str\u00f6mstad akademi, pages 36-49, editors: Aadu Ott, Anders Steene och Gunnar Windahl, and Lars Broman, layout, Str\u00f6mstad, Sweden, ISBN 978-91-86607-01-2.<\/p>\n<p><a href=\"https:\/\/l.facebook.com\/l.php?u=http%3A%2F%2Fwww.stromstadakademi.se%2Fsa_pdf%2FAAS-1.pdf&amp;h=ATNty1Y_hbrMNs6PzEDxXHnoJol8mf3kgwR7CTtWkjvwFRXDZmNceJMPdQ6LeZ6LLvV94dw_uKaum1_Der86lCD9cFFJZfs5s9bBrqsJWsQlgFiZWZBLsF5gbNGOoEzdasETng8ojLjrMAIkveKcvo6R3Ccs9CIzTPzKWKmoePtwVSoukeKFeS-eV-5guOfcRrGfSteihj5kIjUgJRKzRC9r-xUsZyGhsqT5iMWId15XXA\" target=\"_blank\" rel=\"noopener noreferrer\">http:\/\/www.stromstadakademi.se\/sa_pdf\/AAS-1.pdf<\/a><\/p>\n\t\t\t\t<img loading=\"lazy\" decoding=\"async\" src=\"http:\/\/mmstudies.com\/mammamanualen\/wp-content\/uploads\/sites\/11\/2018\/02\/22520202_1549574371747315_1940749729332265136_o.jpg\" alt=\"22520202_1549574371747315_1940749729332265136_o\" itemprop=\"image\" height=\"703\" width=\"1024\" title=\"22520202_1549574371747315_1940749729332265136_o\" onerror=\"this.style.display='none'\"  \/>\n\t<p>&nbsp;<\/p>\n<p>&nbsp;<\/p>\n<p><em><a href=\"http:\/\/mmstudies.com\/mammamanualen\/therese\/\">THERESE ANDERSSONS FALL<\/a><\/em><\/p>\n<p>&nbsp;<\/p>\n<p><em><a href=\"http:\/\/mmstudies.com\/mammamanualen\/berattelser\/\">Ber\u00e4ttelser ur verkliga live<\/a>t<\/em><\/p>\n<p><i>_________________________________________<\/i><\/p>\n<p><em><a href=\"http:\/\/mmstudies.com\/mammamanualen\/artiklar\/\">MONICA DAHLSTR\u00d6M-LANNES \/ artiklar<\/a><\/em><\/p>\n<p>&nbsp;<\/p>\n<p><em><a href=\"http:\/\/mmstudies.com\/mammamanualen\/eskilstunamodellen\/\">ESKILSTUNAMODELLEN<\/a><\/em><\/p>\n<p>&nbsp;<\/p>\n<p><em><a href=\"http:\/\/mmstudies.com\/mammamanualen\/lambertz\/\">MONICA DAHLSTR\u00d6M-LANNES \/ skrivelse till JK G\u00f6ran Lambertz<\/a><\/em><\/p>\n<p><em>&#8212;&#8212;&#8212;&#8212;&#8212;&#8211;<\/em><\/p>\n<p><em><a href=\"http:\/\/mmstudies.com\/mammamanualen\/pas\/\">FAKTA OM PAS-Parental Alienation Syndrome<\/a><\/em><\/p>\n<p>&nbsp;<\/p>\n<p><em><a href=\"http:\/\/mmstudies.com\/mammamanualen\/gardner\/\">RICHARD GARDNER &#8211; upphovsmannen till PAS -konceptet<\/a><\/em><\/p>\n<p>&nbsp;<\/p>\n<p><em><a href=\"http:\/\/mmstudies.com\/mammamanualen\/foresprakare\/\">PAS-f\u00f6respr\u00e5kare p\u00e5 hemmaplan<\/a><\/em><\/p>\n<p><em>__________________________________________<\/em><\/p>\n<p><em><a href=\"http:\/\/mmstudies.com\/mammamanualen\/lastips\/\">L\u00c4STIPS<\/a><\/em><\/p>\n<p>&nbsp;<\/p>\n<p><em><a href=\"http:\/\/mmstudies.com\/mammamanualen\/hello-world\/\">BLOGG<\/a><\/em><\/p>\n<p>________________________________________<\/p>\n<p><em><a href=\"http:\/\/mmstudies.com\/mammamanualen\/sou-2017\/\">SOU 2017 Se barnet!<\/a><\/em><\/p>\n<p>&nbsp;<\/p>\n<p><em>REMISSYTTRANDEN:<\/em><\/p>\n<p>&nbsp;<\/p>\n<p><em><a href=\"http:\/\/mmstudies.com\/mammamanualen\/brys-remiss\/\">BRY:s yttrande \u00f6ver bet\u00e4nkandet\u00a0Se barnet! (SOU 2017:6)<\/a><\/em><\/p>\n<p><em><a href=\"http:\/\/mmstudies.com\/mammamanualen\/kvinnofronten\/\">Kvinnofrontens Yttrande\u00a0\u00f6ver SOU 2017:6 &#8211; &#8221;Se barnet&#8221; &#8211; Dnr. Ju2017\/01226\/L2<\/a><\/em><\/p>\n<p><em><a href=\"http:\/\/mmstudies.com\/mammamanualen\/roks-remiss\/\">Roks remissvar, SE barnet SOU 20017:6<\/a><\/em><\/p>\n<p><em><a href=\"http:\/\/mmstudies.com\/mammamanualen\/unizon\/\">Unizons remissvar p\u00e5 bet\u00e4nkandet Se barnet SOU 2017:6.<\/a><\/em><\/p>\n<p><em><a href=\"http:\/\/mmstudies.com\/mammamanualen\/bos-remiss\/\">BARNOMBUDSMANNENS\u00a0REMISSVAR 2017-05-29\u00a0Dnr 3.9:0203\/17<\/a><\/em><\/p>\n<p><em><a href=\"http:\/\/mmstudies.com\/mammamanualen\/pappa-barns-remiss\/\">PappaBarns yttrande<\/a><\/em><\/p>\n<p>___________________________________________<\/p>\n<p><a href=\"http:\/\/mmstudies.com\/mammamanualen\/mail\/\"><em>Mailv\u00e4xling med landets tingsr\u00e4tter<\/em><\/a><\/p>\n<p><em>_____________________________________________<\/em><\/p>\n<p><a href=\"http:\/\/mmstudies.com\/mammamanualen\/lhs-cv\/\"><em>Leg. psykolog (?) Lena Hellblom Sj\u00f6grens CV<\/em><\/a><\/p>\n<p><a href=\"http:\/\/mmstudies.com\/mammamanualen\/lhs-kritik\/\"><em>Lena Hellblom Sj\u00f6gren \/ Kritik<\/em><\/a><\/p>\n<p><em>____________________________________________<\/em><\/p>\n<p><a href=\"http:\/\/mmstudies.com\/mammamanualen\/mats-sjosten\/\"><em>LAGMAN MATS SJ\u00d6STEN &#8211; EXPERT P\u00c5 V\u00c5RDNADSM\u00c5L<\/em><\/a><\/p>\n<p>&nbsp;<\/p>\n<p><a href=\"http:\/\/mmstudies.com\/mammamanualen\/linn-pantzar\/\"><em>JO-anm\u00e4lan av r\u00e5dman Linn Pantzar f\u00f6r grova tj\u00e4nstefel<\/em><\/a><\/p>\n<p>&nbsp;<\/p>\n<p><a href=\"http:\/\/mmstudies.com\/mammamanualen\/anefur\/\"><em>R\u00e5dman Petter Anefur d\u00f6mer barn till tv\u00e5ngsumg\u00e4nge med f\u00f6r\u00f6vare<\/em><\/a><\/p>\n<p><em>___________________________________________<\/em><\/p>\n<p><a href=\"http:\/\/mmstudies.com\/mammamanualen\/emotionella-arvet\/\"><em>V\u00c4GEN VI ALDRIG TOG\u00a0 &#8211; ELLER DET EMOTIONELLA ARVET \/ artikel av Eva Moberg<\/em><\/a><\/p>\n<p>&nbsp;<\/p>\n\n","protected":false},"excerpt":{"rendered":"<p>PAS-f\u00f6respr\u00e5kare p\u00e5 hemmaplan PAS-F\u00d6RESPR\u00c5KARE SOM \u00c4R ALLIERAD MED DEN AV R\u00c4TTEN FLITIGT ANLITADE &#8221;MEDLAREN&#8221; OCH F\u00d6REDRAGSH\u00c5LLAREN HANS RUDOPLHIS DELLEN\u00c4NG G\u00e4rningsmammor : eller v\u00e5rdnads- och umg\u00e4ngestvister i verkligheten av Hans Carlbring H\u00c4FTAD, Svenska, 2010-05-10 Sluts\u00e5ld &#8221;\u00c4r det egentligen en v\u00e5rdnads- eller umg\u00e4ngestvist n\u00e4r den ene f\u00f6r\u00e4ldern anklagar den andre f\u00f6r att inte se till barnens b\u00e4sta?&#8230;<\/p>\n","protected":false},"author":1,"featured_media":0,"parent":0,"menu_order":0,"comment_status":"closed","ping_status":"closed","template":"full-width-page.php","meta":{"footnotes":""},"class_list":["post-280","page","type-page","status-publish","hentry"],"_links":{"self":[{"href":"http:\/\/mmstudies.com\/mammamanualen\/wp-json\/wp\/v2\/pages\/280","targetHints":{"allow":["GET"]}}],"collection":[{"href":"http:\/\/mmstudies.com\/mammamanualen\/wp-json\/wp\/v2\/pages"}],"about":[{"href":"http:\/\/mmstudies.com\/mammamanualen\/wp-json\/wp\/v2\/types\/page"}],"author":[{"embeddable":true,"href":"http:\/\/mmstudies.com\/mammamanualen\/wp-json\/wp\/v2\/users\/1"}],"replies":[{"embeddable":true,"href":"http:\/\/mmstudies.com\/mammamanualen\/wp-json\/wp\/v2\/comments?post=280"}],"version-history":[{"count":38,"href":"http:\/\/mmstudies.com\/mammamanualen\/wp-json\/wp\/v2\/pages\/280\/revisions"}],"predecessor-version":[{"id":2441,"href":"http:\/\/mmstudies.com\/mammamanualen\/wp-json\/wp\/v2\/pages\/280\/revisions\/2441"}],"wp:attachment":[{"href":"http:\/\/mmstudies.com\/mammamanualen\/wp-json\/wp\/v2\/media?parent=280"}],"curies":[{"name":"wp","href":"https:\/\/api.w.org\/{rel}","templated":true}]}}