{"id":561,"date":"2018-03-03T23:35:03","date_gmt":"2018-03-03T23:35:03","guid":{"rendered":"http:\/\/mmstudies.com\/mammamanualen\/?page_id=561"},"modified":"2019-08-14T12:21:39","modified_gmt":"2019-08-14T12:21:39","slug":"folkhalsa","status":"publish","type":"page","link":"http:\/\/mmstudies.com\/mammamanualen\/folkhalsa\/","title":{"rendered":"STATISTIK \u00f6ver v\u00e5ld \/ folkh\u00e4lsa"},"content":{"rendered":"\n<h1><\/h1>\n\t<h2>S55 Allm\u00e4nna barnahusets enk\u00e4tfr\u00e5gor till 15-\u00e5ringar visar i den senaste unders\u00f6kningen 2011 att n\u00e4ra 14 procent uppgav att de blivit slagna n\u00e5gon g\u00e5ng av en vuxen i hemmet under uppv\u00e4xten, varav tre procent uppgav att det hade intr\u00e4ffat m\u00e5nga g\u00e5nger.<\/h2>\n\t<h2><\/h2>\n<h2>BRY \/ Nationellt Centrum f\u00f6r<\/h2>\n<h2>Kvinnofrid, NCK rapport V\u00e5ld och h\u00e4lsa<\/h2>\n<p>&nbsp;<\/p>\n<h3>Brottsf\u00f6rebyggande r\u00e5det (Br\u00e5) har unders\u00f6kt hur m\u00e5nga anm\u00e4lningar i vissa brottskoder som var en upprepad anm\u00e4lan. En upprepad anm\u00e4lan innebar att samma f\u00f6r\u00f6vare begick ett brott mot samma m\u00e5ls\u00e4gande inom 12 m\u00e5nader efter f\u00f6rsta anm\u00e4lan.6<\/h3>\n<h3>Br\u00e5:s studie visar att runt 30 procent av alla anm\u00e4lningar i de utvalda brottskoderna var en upprepad anm\u00e4lan. Med tanke p\u00e5 att m\u00e5nga sannolikt inte anm\u00e4ler alla upprepade brott g\u00f6r Br\u00e5 bed\u00f6mningen att risken f\u00f6r upprepad utsatthet i praktiken \u00e4r \u00e4nnu h\u00f6gre. (BRYs kommentar \u2013 besparingen domstolarna tror sig g\u00f6ra genom att slippa v\u00e5rdnadsm\u00e5l blir en ytterligare kostnad genom fler brottm\u00e5l)<\/h3>\n<h3>S250 Motivera f\u00f6r\u00f6vare till f\u00f6r\u00e4ndring. Motiverande insatser i akuta situationer. Precis som en polisanm\u00e4lan inneb\u00e4r ett unikt tillf\u00e4lle att f\u00e5 den v\u00e5ldsutsatta att vilja \u00e5stadkomma en f\u00f6r\u00e4ndring, ger det polisen en m\u00f6jlighet att p\u00e5verka v\u00e5ldsut\u00f6varen.<\/h3>\n<h3>BRY anser det \u00e4r en brist att Nationellt Centrum f\u00f6r Kvinnofrid, NCK rapport V\u00e5ld och h\u00e4lsa, en befolkningsunders\u00f6kning om kvinnors och m\u00e4ns v\u00e5ldsutsatthet samt kopplingen till h\u00e4lsa (Rapport 2014:1) om konsekvenser av v\u00e5ld i familjen inte finns redovisad i f\u00f6religgande utredning.<br \/>\nNCK \u00e4r ett kunskaps- och resurscentrum vid Uppsala universitet som arbetar p\u00e5 regeringens uppdrag. P\u00e5 sidan 64 i rapporten st\u00e5r:<\/h3>\n\t<h2>Studien som omfattar 5 681 kvinnor och 4 654 m\u00e4n i \u00e5ldern 18 \u2013 74 \u00e5r visar f\u00f6ljande om utsatthet f\u00f6r v\u00e5ld i barndomen:<\/h2>\n<h2><\/h2>\n<h2>32 procent av kvinnorna och 25 procent av m\u00e4nnen hade varit utsatta f\u00f6r n\u00e5gon form av allvarligt v\u00e5ld f\u00f6re 18 \u00e5rs \u00e5lder<\/h2>\n<h2><\/h2>\n<h2>14 procent av kvinnorna och 17 procent av m\u00e4nnen hade erfarenheter och minnen av upprepad utsatthet f\u00f6r fysiskt v\u00e5ld i sin barndom<\/h2>\n<h2><\/h2>\n<h2>36 procent av kvinnorna och 54 procent av m\u00e4nnen uppgav att de f\u00f6re sin 15-\u00e5rsdag hade varit utsatta f\u00f6r n\u00e5gon form av faktiskt fysiskt v\u00e5ld<\/h2>\n<h2><\/h2>\n<h2>33 respektive 58 procent uppgav att de hade varit utsatta f\u00f6r hot om fysiskt v\u00e5ld<\/h2>\n<h2><\/h2>\n<h2>46 procent av alla kvinnorna och 69 procent av m\u00e4nnen b\u00e4r med sig erfarenheter av att under sin barndom ha blivit utsatta f\u00f6r fysiskt v\u00e5ld eller hot om fysiskt v\u00e5ld<\/h2>\n<h2><\/h2>\n<h2>14 procent av kvinnorna och drygt 17 procent av m\u00e4nnen b\u00e4r med sig erfarenheter och minnen av upprepad utsatthet f\u00f6r fysiskt v\u00e5ld under sin barndom.<\/h2>\n<h2><\/h2>\n<h2>Omr\u00e4knat till befolkningsniv\u00e5 inneb\u00e4r det drygt 468 000 kvinnor och n\u00e4rmare 581 000 m\u00e4n i 18 \u2013 74-\u00e5rs\u00e5ldern<\/h2>\n<h2><\/h2>\n<h2>15 procent av kvinnorna och 13 procent av m\u00e4nnen hade erfarenheter och minnen av att under sin uppv\u00e4xt ha sett eller h\u00f6rt v\u00e5ld mellan f\u00f6r\u00e4ldrarna<\/h2>\n<h2><\/h2>\n<h2>25 procent av b\u00e5de kvinnor och m\u00e4n hade under sin barndom utsatts f\u00f6r upprepat psykiskt v\u00e5ld i termer av f\u00f6rnedring, kr\u00e4nkning, mobbning eller liknande<\/h2>\n<h2><\/h2>\n<h2>Omr\u00e4knat till ett befolkningsperspektiv skulle det inneb\u00e4ra att cirka 501 000 kvinnor och cirka 444 000 m\u00e4n i 18 \u2013 74-\u00e5rs\u00e5ldern \u00e5r 2012 levde med erfarenheter och minnen av att i sin barndom ha sett eller h\u00f6rt fysiskt v\u00e5ld mellan sina f\u00f6r\u00e4ldrar.<\/h2>\n<h2><\/h2>\n<h2><\/h2>\n\t<h3>Sammanf\u00f6rs erfarenheterna av utsatthet f\u00f6r kr\u00e4nkande behandling, f\u00f6rnedring och f\u00f6rtryck med erfarenheter av att ha sett eller h\u00f6rt v\u00e5ld mellan f\u00f6r\u00e4ldrarna uppg\u00e5r andelen kvinnor som under sin barndom n\u00e5gon g\u00e5ng utsatts f\u00f6r psykiskt v\u00e5ld till 57 procent och andelen m\u00e4n till 61 procent. Inkluderas utsatthet f\u00f6r hot om fysiskt v\u00e5ld uppg\u00e5r dessa andelar till 61 respektive 71 procent (s52).<\/h3>\n<h3>Studien visar att 65 procent av kvinnorna och 71 procent av m\u00e4nnen som barn hade varit utsatta f\u00f6r n\u00e5gon form av sexuellt, fysiskt eller psykiskt v\u00e5ld.<\/h3>\n<h3>Totalt sett hade 75 procent av kvinnorna och 77 procent av m\u00e4nnen vid ett eller flera tillf\u00e4llen som barn utsatts f\u00f6r n\u00e5gon av de typer av sexuellt, fysiskt och psykiskt v\u00e5ld (s62). Studien visar att \u00e4ven de som varit utsatta f\u00f6r mindre allvarliga former av v\u00e5ld uppvisar en \u00f6verrepresentation av b\u00e5de psykisk och fysisk oh\u00e4lsa (s73).<\/h3>\n<h3>Utsatthet f\u00f6r allvarligt fysiskt v\u00e5ld under barndomen var \u00e4ven tydligt kopplat till sj\u00e4lvskadebeteende. Bland de kvinnor som utsatts f\u00f6r allvarligt fysiskt v\u00e5ld i sin barndom var det cirka tre g\u00e5nger s\u00e5 vanligt att n\u00e5gon g\u00e5ng i livet medvetet ha skadat sig sj\u00e4lv, j\u00e4mf\u00f6rt med bland \u00f6vriga kvinnor.<\/h3>\n<h3>Bland de utsatta m\u00e4nnen var sj\u00e4lvskadebeteende fyra g\u00e5nger s\u00e5 vanligt f\u00f6rekommande som bland m\u00e4n som inte hade utsatts f\u00f6r allvarligt fysiskt v\u00e5ld under sin barndom.<\/h3>\n<h3>Riskbruk av alkohol var ocks\u00e5 betydligt vanligare bland b\u00e5de kvinnor och m\u00e4n som varit utsatta f\u00f6r allvarligt fysiskt v\u00e5ld under sin barndom (24 respektive 30 procent) j\u00e4mf\u00f6rt med bland de kvinnor och m\u00e4n som inte hade utsatts (17 respektive 20 procent).<\/h3>\n<h3>\u00c4ven vad g\u00e4ller psykosomatiska symtom var \u00f6verrepresentationen av fysisk oh\u00e4lsa tydlig bland dem som hade utsatts f\u00f6r allvarligt fysiskt v\u00e5ld i barndomen. De utsatta kvinnorna rapporterade psykosomatiska symtom i mer \u00e4n tre g\u00e5nger s\u00e5 h\u00f6g utstr\u00e4ckning som de kvinnor som inte hade erfarenheter av allvarligt fysiskt v\u00e5ld i barndomen (23 respektive 7 procent) (s81).<\/h3>\n<h3>Samma m\u00f6nster s\u00e5gs f\u00f6r de m\u00e4n som hade upplevt allvarligt v\u00e5ld som barn. De kvinnor i \u00e5ldern 56 \u2013 74 \u00e5r som hade utsatts f\u00f6r allvarligt fysiskt v\u00e5ld i barndomen hade i dubbelt s\u00e5 h\u00f6g utstr\u00e4ckning (1,1 procent) som \u00f6vriga kvinnor i samma \u00e5ldersintervall (0,6 procent) r\u00e5kat ut f\u00f6r hj\u00e4rtinfarkt de senaste fem \u00e5ren (s82).<\/h3>\n<h3>I likhet med de resultat som presenterats vad g\u00e4llde utsatthet f\u00f6r allvarligt sexuellt och allvarligt fysiskt v\u00e5ld ses tydliga samband mellan utsatthet f\u00f6r allvarligt psykiskt v\u00e5ld i barndomen.<\/h3>\n<h3>Bland de kvinnor och m\u00e4n som varit utsatta f\u00f6r allvarligt psykiskt v\u00e5ld under barndomen var det mellan tre och fem g\u00e5nger s\u00e5 vanligt med indikationer p\u00e5 aktuella PTSD symtom j\u00e4mf\u00f6rt med bland dem som inte varit utsatta som barn. <\/h3>\n<h3>De som utsatts f\u00f6r allvarligt psykiskt v\u00e5ld under barndomen uppgav ocks\u00e5 i betydligt h\u00f6gre utstr\u00e4ckning riskbruk av alkohol under det senaste \u00e5ret. <\/h3>\n<h3>Totalt bland de utsatta hade var fj\u00e4rde kvinna och man ett riskbruk j\u00e4mf\u00f6rt med var sj\u00e4tte kvinna och var femte man i gruppen som inte varit utsatt (s83). B\u00e5de kvinnor och m\u00e4n som utsatts f\u00f6r allvarligt psykiskt v\u00e5ld under barndomen uppgav i ungef\u00e4r dubbelt s\u00e5 stor utstr\u00e4ckning att de hade aktuell fysisk oh\u00e4lsa j\u00e4mf\u00f6rt med \u00f6vriga kvinnor och m\u00e4n. <\/h3>\n<h3>Vidare var f\u00f6rekomsten av psykosomatiska symtom n\u00e4stan tre g\u00e5nger s\u00e5 h\u00f6g hos de utsatta kvinnorna j\u00e4mf\u00f6rt med \u00f6vriga kvinnor, en koppling som var \u00e4nnu starkare bland m\u00e4n (fyra g\u00e5nger). Bland kvinnor i \u00e5ldern 56 \u2013 74 \u00e5r som varit utsatta f\u00f6r allvarligt psykiskt v\u00e5ld i barndomen var hj\u00e4rtinfarkt de senaste fem \u00e5ren tre g\u00e5nger s\u00e5 vanligt som bland de kvinnor som inte varit utsatta f\u00f6r allvarligt psykiskt v\u00e5ld i barndomen. Bland m\u00e4nnen var hj\u00e4rtinfarkt dock mindre vanligt inom den utsatta gruppen (s84).<\/h3>\n","protected":false},"excerpt":{"rendered":"<p>S55 Allm\u00e4nna barnahusets enk\u00e4tfr\u00e5gor till 15-\u00e5ringar visar i den senaste unders\u00f6kningen 2011 att n\u00e4ra 14 procent uppgav att de blivit slagna n\u00e5gon g\u00e5ng av en vuxen i hemmet under uppv\u00e4xten, varav tre procent uppgav att det hade intr\u00e4ffat m\u00e5nga g\u00e5nger. BRY \/ Nationellt Centrum f\u00f6r Kvinnofrid, NCK rapport V\u00e5ld och h\u00e4lsa &nbsp; Brottsf\u00f6rebyggande r\u00e5det (Br\u00e5)&#8230;<\/p>\n","protected":false},"author":1,"featured_media":0,"parent":0,"menu_order":0,"comment_status":"closed","ping_status":"closed","template":"full-width-page.php","meta":{"footnotes":""},"class_list":["post-561","page","type-page","status-publish","hentry"],"_links":{"self":[{"href":"http:\/\/mmstudies.com\/mammamanualen\/wp-json\/wp\/v2\/pages\/561","targetHints":{"allow":["GET"]}}],"collection":[{"href":"http:\/\/mmstudies.com\/mammamanualen\/wp-json\/wp\/v2\/pages"}],"about":[{"href":"http:\/\/mmstudies.com\/mammamanualen\/wp-json\/wp\/v2\/types\/page"}],"author":[{"embeddable":true,"href":"http:\/\/mmstudies.com\/mammamanualen\/wp-json\/wp\/v2\/users\/1"}],"replies":[{"embeddable":true,"href":"http:\/\/mmstudies.com\/mammamanualen\/wp-json\/wp\/v2\/comments?post=561"}],"version-history":[{"count":8,"href":"http:\/\/mmstudies.com\/mammamanualen\/wp-json\/wp\/v2\/pages\/561\/revisions"}],"predecessor-version":[{"id":1961,"href":"http:\/\/mmstudies.com\/mammamanualen\/wp-json\/wp\/v2\/pages\/561\/revisions\/1961"}],"wp:attachment":[{"href":"http:\/\/mmstudies.com\/mammamanualen\/wp-json\/wp\/v2\/media?parent=561"}],"curies":[{"name":"wp","href":"https:\/\/api.w.org\/{rel}","templated":true}]}}