{"id":593,"date":"2018-03-08T09:43:13","date_gmt":"2018-03-08T09:43:13","guid":{"rendered":"http:\/\/mmstudies.com\/mammamanualen\/?page_id=593"},"modified":"2019-08-14T22:44:59","modified_gmt":"2019-08-14T22:44:59","slug":"medborgarforslag","status":"publish","type":"page","link":"http:\/\/mmstudies.com\/mammamanualen\/medborgarforslag\/","title":{"rendered":"Medborgarf\u00f6rslag"},"content":{"rendered":"\n<h1>Mamma-Manualen<br \/>\n<\/h1>\n\t<h1>Medborgarf\u00f6rslag ang\u00e5ende v\u00e5rdnadsutredningar<\/h1>\n<h2><\/h2>\n<h2><\/h2>\n<h2>Medborgarf\u00f6rslag om v\u00e5rdnadsutredningar, g\u00e4llande krav p\u00e5 framtagning av statistik \u00f6ver utredningarnas f\u00f6rslag och dess publicering.<\/h2>\n<p>Publiceras inte detta skall socialn\u00e4mnden f\u00e5 ta del av detsamma.<\/p>\n<p>&nbsp;<\/p>\n<h2>\u00c4rendebeskrivning:<\/h2>\n<p>Medborgarf\u00f6rslaget inneb\u00e4r att socialtj\u00e4nsten ska ta fram statistik om utfallet av de v\u00e5rdnadsutredningar som gjorts de senaste tre \u00e5ren och \u00e4ven forts\u00e4ttningsvis p\u00e5 \u00e5rlig basis.<\/p>\n<h2>\u00a0<\/h2>\n<h2>Statistiken ska avse:<\/h2>\n<h2><\/h2>\n\t<h2><\/h2>\n<h3>V\u00e5rdnad: ensam v\u00e5rdnad och i s\u00e5 fall f\u00f6r vem, eller gemensam v\u00e5rdnad.<\/h3>\n<h3>Umg\u00e4nge: hur mycket tid barnet ska vara med respektive f\u00f6r\u00e4lder<\/h3>\n<h3>Boende: beslut om boende hos hos modern eller fadern<\/h3>\n<h3>\u00d6vervakat umg\u00e4nge som beslutats av tingsr\u00e4tt:<br \/>\nVem verkst\u00e4llde, tingsr\u00e4ttens orsak, tidsperiod, uppf\u00f6ljning f\u00f6r att st\u00f6det inte verkar l\u00e4ngre \u00e4n n\u00f6dv\u00e4ndigt.<\/h3>\n<h3>Kontaktpersoner vid v\u00e5rdnadstvist:<br \/>\nVilken orsak till st\u00f6d, kontaktpersonens uppgift, tidsperiod, utv\u00e4rdering.<\/h3>\n<h3>F\u00f6rekomsten av v\u00e5ld i v\u00e5rdnadsm\u00e5l<\/h3>\n<h3>Samarbetssamtal: vem deltar; pappa och \/ eller mamma och \/ eller barn?<\/h3>\n<h3>Vilka deltar i en BBIC: f\u00f6r\u00e4ldrar, syskon, morf\u00f6r\u00e4ldrar eller andra?<\/h3>\n<h3>Statistik fr\u00e5n Tingsr\u00e4tt; vad parterna yrkar, samt utfallet i tingsr\u00e4tten<\/h3>\n<p>&nbsp;<\/p>\n<p>Detta utg\u00f6r viktiga data f\u00f6r utv\u00e4rdering, kvalitetss\u00e4kring och verksamhetsutveckling av denna dom\u00e4n i f\u00f6rvaltningen. Enligt bet\u00e4nkandet i SOU 2017 har v\u00e5rdnadstvisterna kommit att \u00f6ka kraftigt sedan 2006. Det torde d\u00e4rf\u00f6r utg\u00f6ra en viktig del av Kommunens ansvarsomr\u00e5de avseende hur dess verksamhet mest optimalt b\u00f6r utvecklas i f\u00f6rh\u00e5llande till denna trend. F\u00f6r att kunna kvalitetss\u00e4kra utvecklingsarbetet \u00e4r grundl\u00e4ggande statistiska data av detta slag oumb\u00e4rliga. .Man b\u00f6r f\u00f6r det \u00e4ndam\u00e5let samordna statistisk fr\u00e5n varje Tingsr\u00e4tt som kommunerna tillh\u00f6r, i enlighet med f\u00f6reskrifterna i SOSFS 2012:4 kap 20.<\/p>\n<p>&nbsp;<\/p>\n<h2>Undertecknas:<\/h2>\n<p>&nbsp;<\/p>\n<p>&nbsp;<\/p>\n<p>&nbsp;<\/p>\n<p>&nbsp;<\/p>\n<p>&nbsp;<\/p>\n\t\t\t\t<img loading=\"lazy\" decoding=\"async\" src=\"http:\/\/mmstudies.com\/mammamanualen\/wp-content\/uploads\/sites\/11\/2018\/03\/26903725_2064386130458698_8484871375309935975_n.jpg\" alt=\"26903725_2064386130458698_8484871375309935975_n\" itemprop=\"image\" height=\"768\" width=\"489\" title=\"26903725_2064386130458698_8484871375309935975_n\" onerror=\"this.style.display='none'\"  \/>\n","protected":false},"excerpt":{"rendered":"<p>Mamma-Manualen Medborgarf\u00f6rslag ang\u00e5ende v\u00e5rdnadsutredningar Medborgarf\u00f6rslag om v\u00e5rdnadsutredningar, g\u00e4llande krav p\u00e5 framtagning av statistik \u00f6ver utredningarnas f\u00f6rslag och dess publicering. Publiceras inte detta skall socialn\u00e4mnden f\u00e5 ta del av detsamma. &nbsp; \u00c4rendebeskrivning: Medborgarf\u00f6rslaget inneb\u00e4r att socialtj\u00e4nsten ska ta fram statistik om utfallet av de v\u00e5rdnadsutredningar som gjorts de senaste tre \u00e5ren och \u00e4ven forts\u00e4ttningsvis p\u00e5 \u00e5rlig&#8230;<\/p>\n","protected":false},"author":1,"featured_media":0,"parent":0,"menu_order":0,"comment_status":"closed","ping_status":"closed","template":"full-width-page.php","meta":{"footnotes":""},"class_list":["post-593","page","type-page","status-publish","hentry"],"_links":{"self":[{"href":"http:\/\/mmstudies.com\/mammamanualen\/wp-json\/wp\/v2\/pages\/593","targetHints":{"allow":["GET"]}}],"collection":[{"href":"http:\/\/mmstudies.com\/mammamanualen\/wp-json\/wp\/v2\/pages"}],"about":[{"href":"http:\/\/mmstudies.com\/mammamanualen\/wp-json\/wp\/v2\/types\/page"}],"author":[{"embeddable":true,"href":"http:\/\/mmstudies.com\/mammamanualen\/wp-json\/wp\/v2\/users\/1"}],"replies":[{"embeddable":true,"href":"http:\/\/mmstudies.com\/mammamanualen\/wp-json\/wp\/v2\/comments?post=593"}],"version-history":[{"count":11,"href":"http:\/\/mmstudies.com\/mammamanualen\/wp-json\/wp\/v2\/pages\/593\/revisions"}],"predecessor-version":[{"id":2070,"href":"http:\/\/mmstudies.com\/mammamanualen\/wp-json\/wp\/v2\/pages\/593\/revisions\/2070"}],"wp:attachment":[{"href":"http:\/\/mmstudies.com\/mammamanualen\/wp-json\/wp\/v2\/media?parent=593"}],"curies":[{"name":"wp","href":"https:\/\/api.w.org\/{rel}","templated":true}]}}