{"id":117,"date":"2021-02-24T12:51:16","date_gmt":"2021-02-24T11:51:16","guid":{"rendered":"http:\/\/mmstudies.com\/pas\/?page_id=117"},"modified":"2021-08-17T00:25:36","modified_gmt":"2021-08-16T22:25:36","slug":"lars","status":"publish","type":"page","link":"http:\/\/mmstudies.com\/pas\/lars\/","title":{"rendered":"LYTSY INTERVJU: LARS H. GUSTAVSSON"},"content":{"rendered":"\n\n\t\t\t\t<img loading=\"lazy\" decoding=\"async\" src=\"http:\/\/mmstudies.com\/pas\/wp-content\/uploads\/sites\/19\/2021\/03\/DANS-MASK-MYT.jpg\" alt=\"DANS, MASK MYT\" itemprop=\"image\" height=\"697\" width=\"1064\" title=\"DANS, MASK MYT\" onerror=\"this.style.display='none'\"  \/>\n\t<p>Konstverk av Issa<\/p>\n<p>Sammstanst\u00e4llning, inledning och kommentarer av<\/p>\n\n\t<p>LYTSY: INTERVJU MED BARNL\u00c4KAREN OCH F\u00d6RFATTAREN LARS H. GUSTAVSSON<\/p>\n<p>&nbsp;<\/p>\n<p><strong>Barnl\u00e4karen R. H Gustavsson<\/strong> som \u00e4r en av de 10 professionellt verksamma som tilldelas ett kapitel med intervju i Anna Lytsy och Christina Bergensteins utg\u00e5va p\u00e5 Nordstedts f\u00f6rlag 2019: <strong><em>&#8221;Barn som tvingas v\u00e4lja bort en f\u00f6r\u00e4lder<\/em><\/strong>&#8221; ger en bra bild av hur sn\u00e5rigt komplexa fall som definierats handla om \u00a0sk &#8221;f\u00f6r\u00e4ldraalienation&#8221; kan vara att komma tillr\u00e4tta med, utifr\u00e5n sin erfarenhet att tillsammans med sin fru, <strong>psykologen Agneta Lindqvist<\/strong>, ha utarbetat en specialdesignad metod att ta sig an fall som \u00f6vriga inom socialtj\u00e4nsten g\u00e5tt bet p\u00e5 och i vilka barn s\u00e5 kraftigt tagit avst\u00e5nd fr\u00e5n den ena f\u00f6r\u00e4ldern att det klassats som abnormt.<\/p>\n<p>Men \u00e4ven han delger att han fr\u00e5n b\u00f6rjan varit \u00a0inl\u00e4st p\u00e5 R. H. Gardners id\u00e9er och s\u00e5ledes d\u00e4rf\u00f6r kan misst\u00e4nkas bortse fr\u00e5n den alternativa hypotesen att barnens avst\u00e5ndstagande kan ha bottnat i faktisk utsatthet f\u00f6r v\u00e5ld eller \u00f6vergrepp, som pga att de inte blivit utredda l\u00e4ggs mammorna till last som hittep\u00e5 och uttryck f\u00f6r PA(S).\u00a0<\/p>\n<p>P\u00e5 sid 235 framg\u00e5r att Lars H Gustavsson h\u00e5ller sig till samma missvisande\u00a0indelning av Domestic Violence som ocks\u00e5 \u00e4r den som ligger till grund f\u00f6r PA(S)-lobbyismen &#8211; \u00a0n\u00e4mligen i de tv\u00e5 grov v\u00e4ldigt grova \u00a0kategorierna PA(S) \u00e5 ena sidan och sk &#8221;vanligt v\u00e5ld&#8221; \u00e5 den andra:<\/p>\n<p>&nbsp;<\/p>\n\n<p>&nbsp;<\/p>\n<p>P\u00e5 hemsidan <a href=\"http:\/\/mmstudies.com\/pas\/vetenskap\">Vetenskap eller vidskepliga f\u00f6rvillelser<\/a> har jag analyserat vilka konsekvenser det f\u00e5r att &#8221;f\u00f6r\u00e4ldraalienatin&#8221; lyfts ut ur kategorin Domestic Violence f\u00f6r att bilda en egen kategori f\u00f6r sig och hur \u00f6vrigt v\u00e5ld trivialiseras som &#8221;vanligt&#8221; och l\u00e4mnas d\u00e4rh\u00e4n \u00e5t n\u00e5gon annan instans att utreda och varna f\u00f6r.<\/p>\n<p>&nbsp;<\/p>\n<p>Citat sid 237:<\/p>\n<p>&nbsp;<\/p>\n<h3>Lytsy:<\/h3>\n<p>-S\u00e5 varf\u00f6r \u00e4r det s\u00e5 sv\u00e5rt f\u00f6r f\u00f6r\u00e4ldrar i alienationsfamiljer att bara &#8221;sluta br\u00e5ka&#8221;? Varf\u00f6r klarar vissa inte det, utan ist\u00e4llet uts\u00e4tter sina barn f\u00f6r den <strong>psykiska misshandel som f\u00f6r\u00e4ldraalienation \u00e4r<\/strong>?<\/p>\n<p>&nbsp;<\/p>\n<h3>LHG:<\/h3>\n<h4><em>-Agneta och jag pratade mycket om var gr\u00e4nsen egentligen g\u00e5r, s\u00e4ger Lars H Gustavsson. Om exakt n\u00e4r det blir alienation. Vid de flesta skilsm\u00e4ssor och separationer finns det ju mycket besvikelse och kanske en del hat i omlopp hos b\u00e5da f\u00f6r\u00e4ldrarna, och kanske mer hos den ena.\u00a0<\/em><\/h4>\n<p>&nbsp;<\/p>\n<h3>Lytsy:<\/h3>\n<p>-De l\u00e4ste ocks\u00e5 in sig p\u00e5 dem som skrivit om f\u00f6r\u00e4ldraalienation vid den tiden, vilket framf\u00f6r allt var den amerikanska psykiatriprofessorn <strong>Richard Gardner<\/strong>, och fann att en del av det han kommit fram till var anv\u00e4ndbart.<\/p>\n<p>&nbsp;<\/p>\n<h3>Min kommentar:<\/h3>\n<h3>Det kan ju ocks\u00e5 t\u00e4nkas vara f\u00f6rklaringen till att paret endast kunnat komma till r\u00e4tta med h\u00e4lften av de fall som delegerats dem efter att socialtj\u00e4nst och sjukv\u00e5rd gett upp.<\/h3>\n<p>&nbsp;<\/p>\n<p>P\u00e5 sid 238 rapporteras vidare att:<\/p>\n<p>&nbsp;<\/p>\n<h3>Lytsy:<\/h3>\n<p>-Lars H Gustavsson s\u00e4ger att det finns familjer d\u00e4r alienationstendenserna finns lika starkt hos b\u00e5da f\u00f6r\u00e4ldrarna, som d\u00e5 b\u00e5da g\u00f6r vad de kan f\u00f6r att misskreditera varandra.<\/p>\n<p>&nbsp;<\/p>\n<h3>LHG:<\/h3>\n<h3><em>-Det finna naturligtvis alla varianter, men den vanligaste \u00e4r i s\u00e5dana fall, enligt min erfarenhet, mammor som beskyller papporna f\u00f6r att ha beg\u00e5tt sexuella \u00f6vergrepp, och pappor som beskyller mammorna f\u00f6r att ha alkoholproblem.&#8221;<\/em><\/h3>\n<p>&nbsp;<\/p>\n<h3>Lytsy:<\/h3>\n<p>-Men ofta \u00e4r det en f\u00f6r\u00e4lder som \u00e4r drivande.<\/p>\n<p>&nbsp;<\/p>\n<h3>LHG:<\/h3>\n<h3><em>-Fr\u00e5n b\u00f6rjan kunde det se ut som om b\u00e5da var lika goda k\u00e5lsupare i m\u00e5nga fall vi arbetade med, men s\u00e5 sm\u00e5ningom visade det sig att det var en som drev alienationen, inte s\u00e4llan h\u00e5rt.<\/em><\/h3>\n<h3><em>-Det blev ofta tydligt att det var s\u00e5 n\u00e4r vi hade kommit ganska l\u00e5ngt i arbetet, n\u00e4r det fanns \u00f6ppningar och m\u00f6jligheter och den ena f\u00f6r\u00e4ldern kunde se det och b\u00f6rjade arbeta konstruktivt f\u00f6r en l\u00f6sning, medan den andra fortsatte att driva p\u00e5 alienationen.<\/em><\/h3>\n<h3><em>-Min bed\u00f6mning \u00e4r att det \u00e4r uppenbart att en del av f\u00f6r\u00e4ldrarna i alienationsfamiljer har n\u00e5gon slags personlighetsst\u00f6rning eller liknande som g\u00f6r att det inte g\u00e5r att arbeta fram en l\u00f6sning. En s\u00e5dan f\u00f6r\u00e4lder \u00e4r inte kapabel att se och s\u00e4tta sina barns behov f\u00f6re sina egna k\u00e4nslor av att ha blivit sviken eller kr\u00e4nkt.<\/em><\/h3>\n<p>&nbsp;<\/p>\n<h3>Lytsy:<\/h3>\n<p>I n\u00e5gra fall fick Lars H. Gustavsson och Agneta Lindqvist ge upp.<\/p>\n<p>&nbsp;<\/p>\n<h3>LHG:<\/h3>\n<h3><em>-Vi m\u00e4rkte att det arbete vi f\u00f6rs\u00f6kte g\u00f6ra bara f\u00f6rst\u00e4rkte problemen. I s\u00e5dana fall tror jag det enda som \u00e5terst\u00e5r \u00e4r att domstolen tar \u00f6ver och g\u00f6r en s\u00e5 kallad h\u00e5rd dom, det vill s\u00e4ga en extremt tydlig dom som sl\u00e5r fast vad som ska g\u00e4lla i framtiden. &#8221;Nu kommer vi inte l\u00e4ngre s\u00e5 nu \u00e4r det s\u00e5 h\u00e4r det blir&#8221;.<\/em><\/h3>\n<p>&nbsp;<\/p>\n<p>Sid: 243<\/p>\n<h3>Lytsy:<\/h3>\n<p>-Lars H Gustavsson tror att han och Agneta Lindqvist \u00e4nd\u00e5 var f\u00f6r tidigt ute n\u00e4r de b\u00f6rjade arbeta med alienerade familjer f\u00f6r ungef\u00e4r 20 \u00e5r sedan.<\/p>\n<p>&nbsp;<\/p>\n<h3>LHG:<br \/>\n<em>-Ja vi stod liksom f\u00f6r undantagen, f\u00f6r det som det inte fanns resurser till p\u00e5 de flesta st\u00e4llen. Men jag tror tiden \u00e4r mogen nu n\u00e4r det \u00e4r s\u00e5 m\u00e5nga professionella som st\u00f6ter p\u00e5 det h\u00e4r och inte vet hur de sk hantera det. Men om det b\u00f6rjar anv\u00e4ndas modeller som f\u00f6refaller fungera ute i kommunerna och som sedan b\u00f6rjar sprida sig s\u00e5 kommer det att st\u00e4llas krav p\u00e5 n\u00e5n sorts riktlinjer.<\/em><\/h3>\n<p>&nbsp;<\/p>\n<h3>Lytsy:<\/h3>\n<p>Lars H Gustavsson tror ocks\u00e5 att det g\u00e5r att f\u00f6rebygga alienation n\u00e4r man sett att en f\u00f6r\u00e4lder har s\u00e5dana tendenser.<\/p>\n<p>&nbsp;<\/p>\n<h3>LHG:<\/h3>\n<h3><em>-Om det finns en personlighetsst\u00f6rning i botten g\u00e5r det inte, men om det inte g\u00f6r det s\u00e5 kan man klara s\u00e5dant h\u00e4r med klokskap, resurser och ett barnorienterat syns\u00e4tt i botten.<\/em><\/h3>\n<h3><em>-Det spelar ju naturligtvis ocks\u00e5 roll att fenomenet blir allm\u00e4nt k\u00e4nt och begripligt och g\u00e5r att prata om och f\u00f6rst\u00e5s av gemene man.<\/em><\/h3>\n<h3><\/h3>\n<h3>Min kommentar:<\/h3>\n<h3>Men det \u00e4r ju knappast Lars R Gustavssons Agneta Lindkvists\u00a0 typ av f\u00f6rsiktigt ink\u00e4nnande och utforskande behandling som Lena Hellblom Sj\u00f6gren f\u00f6respr\u00e5kar.<\/h3>\n<h3>Och inte heller h\u00e4r ber\u00f6rs ens fr\u00e5gan om n\u00e5gon av f\u00f6r\u00e4ldrarna faktiskt kan t\u00e4nkas <em><strong>ha<\/strong> <\/em>brukat \u00f6vrigt v\u00e5ld mot den andre och eller barnet \/ barnen, men som den andra i s\u00e5 fall tvingas tiga om f\u00f6r att inte riskera att mista v\u00e5rdnaden till f\u00f6r\u00f6varen.<\/h3>\n<h3><\/h3>\n<h3>Och med LH Gustavssons slutkl\u00e4m blir det \u00e4n en g\u00e5ng tydligt att Lytsys urval av intervjupersoner gjorts utefter den underliggande m\u00e5ls\u00e4ttningen att lobba f\u00f6r PA(S)-relaterade tolkningsmodeller till grund f\u00f6r handl\u00e4ggningen av v\u00e5rdnads\u00e4renden.<\/h3>\n<h3><\/h3>\n<p>Hade hon ist\u00e4llet v\u00e4nt sig till landets sakkunniga expertis p\u00e5 omr\u00e5det, n\u00e4mligen professor Anders Broberg, professor Kjerstin Almqvist, <a href=\"http:\/\/mmstudies.com\/pas\/widell\">leg psykolog och leg psykoterapeut Stefan Widell<\/a> och\u00a0<a href=\"http:\/\/mmstudies.com\/pas\/brynge\">Anders Brynge, \u00d6verl\u00e4kare, Specialist i Barn- och Ungdomspsykiatri, Psykoterapeut, Fil kand i psykologi<\/a>. hade det med all s\u00e4kerhet st\u00e4llt sig betydligt sv\u00e5rare att f\u00e5 sitt f\u00f6r budskap utpr\u00e5nglat.<\/p>\n<p>&nbsp;<\/p>\n\t<h2>L\u00c4NKLISTA:<\/h2>\n<p>&nbsp;<\/p>\n<h3><em><a href=\"http:\/\/mmstudies.com\/pas\/\">I ) VAD \u00c4R\u00a0 PA(S)?<\/a><\/em><\/h3>\n<h3>I ) VAD \u00c4R PA(S)mmmm<\/h3>\n\n<h3>mmmm<\/h3>\n\n<p>&nbsp;<\/p>\n\n<p>&nbsp;<\/p>\n\n<p>&nbsp;<\/p>\n\n<h3><\/h3>\n<h3>mmmm<\/h3>\n<h3><em><a href=\"http:\/\/mmstudies.com\/pas\/vetenskap\">II ) VETENSKAP ELLER VIDSKEPLIGA F\u00d6RVILLELSER<\/a><\/em><\/h3>\n<p>&nbsp;<\/p>\n\n<p>&nbsp;<\/p>\n\n<p>&nbsp;<\/p>\n\n<p>&nbsp;<\/p>\n\n<p>&nbsp;<\/p>\n\n<p>&nbsp;<\/p>\n<h3><em><a href=\"http:\/\/mmstudies.com\/pas\/lytsy\">III ) LYTSY \/ BERGENSTEIN: BARN SOM TVINGAS V\u00c4LJA BORT EN F\u00d6R\u00c4LDER<\/a><\/em><\/h3>\n<p>&nbsp;<\/p>\n\n<p>&nbsp;<\/p>\n\n<p>&nbsp;<\/p>\n\n<p>&nbsp;<\/p>\n\n<h3>mmmm<\/h3>\n<h3><em><a href=\"http:\/\/mmstudies.com\/pas\/gift\">IV ) NUTIDA INTERNATIONELL FORSKNING SOM ENH\u00c4LLIGT VEDERL\u00c4GGER PA(S)-KONCEPTET SOM OVETENSKAPLIGT<\/a><\/em><\/h3>\n<h3>mmmm<\/h3>\n\n<p>&nbsp;<\/p>\n\n<p>&nbsp;<\/p>\n<h3><em><a href=\"http:\/\/mmstudies.com\/pas\/svenska\">V ) SVENSKA KRITIKER AV PA(S)<\/a><\/em><\/h3>\n<p>&nbsp;<\/p>\n\n<p>&nbsp;<\/p>\n\n<p>&nbsp;<\/p>\n\n<p>&nbsp;<\/p>\n<h3><em><a href=\"http:\/\/mmstudies.com\/pas\/nutida\">VI ) NUTIDA SVENSKA PA(S)-LOBBYISTER<\/a><\/em><\/h3>\n<p>&nbsp;<\/p>\n\n<p>&nbsp;<\/p>\n\n<p>&nbsp;<\/p>\n\n<p>&nbsp;<\/p>\n<h3><em><a href=\"http:\/\/mmstudies.com\/pas\/praxis\">VII ) GENOMG\u00c5NG AV PRAXIS I SVENSKA DOMSTOLAR G\u00c4LLANDE BROTT &#8211; OCH TVISTEM\u00c5L MED GRUND I DOMESTIC VIOLENCE OCH \/ ELLER CHILD ABUSE<\/a><\/em><\/h3>\n<p>&nbsp;<\/p>\n\n<p>&nbsp;<\/p>\n\n<p>&nbsp;<\/p>\n\n<p>&nbsp;<\/p>\n\n<p>&nbsp;<\/p>\n\n<p>&nbsp;<\/p>\n<h3><em><a href=\"http:\/\/mmstudies.com\/pas\/byra\">VIII ) H\u00d6GKVALITATIV SVENSK FORSKNING SOM L\u00c4GGS I BYR\u00c5L\u00c5DORNA<\/a><\/em><\/h3>\n<p>&nbsp;<\/p>\n\n<p>&nbsp;<\/p>\n\n<p>&nbsp;<\/p>\n\t<h2>L\u00c4NKLISTA:<\/h2>\n<p>&nbsp;<\/p>\n<h3><em><a href=\"http:\/\/mmstudies.com\/pas\/\">I ) VAD \u00c4R\u00a0 PA(S)?<\/a><\/em><\/h3>\n<h3>I ) VAD \u00c4R PA(S)mmmm<\/h3>\n\n<h3>mmmm<\/h3>\n\n<p>&nbsp;<\/p>\n\n<p>&nbsp;<\/p>\n\n<p>&nbsp;<\/p>\n\n<h3><\/h3>\n<h3>mmmm<\/h3>\n<h3><em><a href=\"http:\/\/mmstudies.com\/pas\/vetenskap\">II ) VETENSKAP ELLER VIDSKEPLIGA F\u00d6RVILLELSER<\/a><\/em><\/h3>\n<p>&nbsp;<\/p>\n\n<p>&nbsp;<\/p>\n\n<p>&nbsp;<\/p>\n\n<p>&nbsp;<\/p>\n\n<p>&nbsp;<\/p>\n\n<p>&nbsp;<\/p>\n<h3><em><a href=\"http:\/\/mmstudies.com\/pas\/lytsy\">III ) LYTSY \/ BERGENSTEIN: BARN SOM TVINGAS V\u00c4LJA BORT EN F\u00d6R\u00c4LDER<\/a><\/em><\/h3>\n<p>&nbsp;<\/p>\n\n<p>&nbsp;<\/p>\n\n<p>&nbsp;<\/p>\n\n<p>&nbsp;<\/p>\n\n<h3>mmmm<\/h3>\n<h3><em><a href=\"http:\/\/mmstudies.com\/pas\/gift\">IV ) NUTIDA INTERNATIONELL FORSKNING SOM ENH\u00c4LLIGT VEDERL\u00c4GGER PA(S)-KONCEPTET SOM OVETENSKAPLIGT<\/a><\/em><\/h3>\n<h3>mmmm<\/h3>\n\n<p>&nbsp;<\/p>\n\n<p>&nbsp;<\/p>\n<h3><em><a href=\"http:\/\/mmstudies.com\/pas\/svenska\">V ) SVENSKA KRITIKER AV PA(S)<\/a><\/em><\/h3>\n<p>&nbsp;<\/p>\n\n<p>&nbsp;<\/p>\n\n<p>&nbsp;<\/p>\n\n<p>&nbsp;<\/p>\n<h3><em><a href=\"http:\/\/mmstudies.com\/pas\/nutida\">VI ) NUTIDA SVENSKA PA(S)-LOBBYISTER<\/a><\/em><\/h3>\n<p>&nbsp;<\/p>\n\n<p>&nbsp;<\/p>\n\n<p>&nbsp;<\/p>\n\n<p>&nbsp;<\/p>\n<h3><em><a href=\"http:\/\/mmstudies.com\/pas\/praxis\">VII ) GENOMG\u00c5NG AV PRAXIS I SVENSKA DOMSTOLAR G\u00c4LLANDE BROTT &#8211; OCH TVISTEM\u00c5L MED GRUND I DOMESTIC VIOLENCE OCH \/ ELLER CHILD ABUSE<\/a><\/em><\/h3>\n<p>&nbsp;<\/p>\n\n<p>&nbsp;<\/p>\n\n<p>&nbsp;<\/p>\n\n<p>&nbsp;<\/p>\n\n<p>&nbsp;<\/p>\n\n<p>&nbsp;<\/p>\n<h3><em><a href=\"http:\/\/mmstudies.com\/pas\/byra\">VIII ) H\u00d6GKVALITATIV SVENSK FORSKNING SOM L\u00c4GGS I BYR\u00c5L\u00c5DORNA<\/a><\/em><\/h3>\n<p>&nbsp;<\/p>\n\n<p>&nbsp;<\/p>\n\n<p>&nbsp;<\/p>\n\n","protected":false},"excerpt":{"rendered":"<p>Konstverk av Issa Sammstanst\u00e4llning, inledning och kommentarer av LYTSY: INTERVJU MED BARNL\u00c4KAREN OCH F\u00d6RFATTAREN LARS H. GUSTAVSSON &nbsp; Barnl\u00e4karen R. H Gustavsson som \u00e4r en av de 10 professionellt verksamma som tilldelas ett kapitel med intervju i Anna Lytsy och Christina Bergensteins utg\u00e5va p\u00e5 Nordstedts f\u00f6rlag 2019: &#8221;Barn som tvingas v\u00e4lja bort en f\u00f6r\u00e4lder&#8221; ger&#8230;<\/p>\n","protected":false},"author":1,"featured_media":0,"parent":0,"menu_order":0,"comment_status":"closed","ping_status":"closed","template":"full-width-page.php","meta":{"footnotes":""},"class_list":["post-117","page","type-page","status-publish","hentry"],"_links":{"self":[{"href":"http:\/\/mmstudies.com\/pas\/wp-json\/wp\/v2\/pages\/117","targetHints":{"allow":["GET"]}}],"collection":[{"href":"http:\/\/mmstudies.com\/pas\/wp-json\/wp\/v2\/pages"}],"about":[{"href":"http:\/\/mmstudies.com\/pas\/wp-json\/wp\/v2\/types\/page"}],"author":[{"embeddable":true,"href":"http:\/\/mmstudies.com\/pas\/wp-json\/wp\/v2\/users\/1"}],"replies":[{"embeddable":true,"href":"http:\/\/mmstudies.com\/pas\/wp-json\/wp\/v2\/comments?post=117"}],"version-history":[{"count":14,"href":"http:\/\/mmstudies.com\/pas\/wp-json\/wp\/v2\/pages\/117\/revisions"}],"predecessor-version":[{"id":1331,"href":"http:\/\/mmstudies.com\/pas\/wp-json\/wp\/v2\/pages\/117\/revisions\/1331"}],"wp:attachment":[{"href":"http:\/\/mmstudies.com\/pas\/wp-json\/wp\/v2\/media?parent=117"}],"curies":[{"name":"wp","href":"https:\/\/api.w.org\/{rel}","templated":true}]}}