{"id":294,"date":"2021-03-01T11:04:10","date_gmt":"2021-03-01T10:04:10","guid":{"rendered":"http:\/\/mmstudies.com\/pas\/?page_id=294"},"modified":"2021-04-07T18:47:38","modified_gmt":"2021-04-07T16:47:38","slug":"svenska","status":"publish","type":"page","link":"http:\/\/mmstudies.com\/pas\/svenska\/","title":{"rendered":"SVENSKA KRITIKER AV PA(S)"},"content":{"rendered":"\n\n\t\t\t\t<img loading=\"lazy\" decoding=\"async\" src=\"http:\/\/mmstudies.com\/pas\/wp-content\/uploads\/sites\/19\/2021\/03\/FAMILJ-PA-MARCH-FRAMAT.jpg\" alt=\"FAMILJ P\u00c5 MARCH FRAM\u00c5T\" itemprop=\"image\" height=\"712\" width=\"1024\" title=\"FAMILJ P\u00c5 MARCH FRAM\u00c5T\" onerror=\"this.style.display='none'\"  \/>\n\t<p>Konstverk av Issa<\/p>\n\n<h3><\/h3>\n\t<h2>SVENSKA KRITIKER AV PA(S)<\/h2>\n\t<h2><a href=\"http:\/\/mmstudies.com\/mammamanualen\/lhs-kritik\">JENNY WESTERSTRAND \u00bb<\/a><\/h2>\n<h2><a href=\"http:\/\/mmstudies.com\/mammamanualen\/lambertz\/?fbclid=IwAR2rBIESiooomxB7ZJsn-bwFhkNqiZt4BCpzCGWVgYAcfSOB4ojTSup_yyw\">MONICA DAHLSTR\u00d6M-LANNES \u00bb<\/a><\/h2>\n<h2><a href=\"http:\/\/mmstudies.com\/eftervaldet\/robson\">CAROLIN ROBSON \u00bb<\/a><\/h2>\n<h2>STEFAN WIDELL \u00bb<\/h2>\n<h2><a href=\"https:\/\/feministisktperspektiv.se\/2011\/11\/04\/barns-rattssakerhet-forsamras\/\">KONFERENS OM PAS ANORDNAD AV ROKS 2011 \u00bb<\/a><\/h2>\n<h2><a href=\"http:\/\/mmstudies.com\/pas\/brynge\">ANDERS BRYNGE \u00bb<\/a><\/h2>\n<p>&nbsp;<\/p>\n<h2><a href=\"http:\/\/mmstudies.com\/pas\/gift\">Samtliga av dessa svenska kritiker uttrycker samma sorts kritik som p\u00e5 internationell forskarniv\u00e5 riktats mot PA(S)-konceptet och underk\u00e4nt det som ovetenskapligt \u00bb<\/a><\/h2>\n<p>&nbsp;<\/p>\n<p>Se s\u00e4rskilt:<\/p>\n<h3><a href=\"http:\/\/www.leadershipcouncil.org\/docs\/Hoult.pdf\">The Evidentiary Admissibility of Parental Alienation Syndrome: Science, Law, and Policy<\/a> \u00bb<\/h3>\n<h3>Artikel av Jennifer Hoult J.D i Childrens Legal Rights Journal, Vol. 26\u00a0 No. 1\u00a0 Spring 2006<\/h3>\n\t<h2>L\u00c4NKLISTA:<\/h2>\n<p>&nbsp;<\/p>\n<h3><em><a href=\"http:\/\/mmstudies.com\/pas\/\">I ) VAD \u00c4R\u00a0 PA(S)?<\/a><\/em><\/h3>\n<h3>I ) VAD \u00c4R PA(S)mmmm<\/h3>\n\n<h3>mmmm<\/h3>\n\n<p>&nbsp;<\/p>\n\n<p>&nbsp;<\/p>\n\n<p>&nbsp;<\/p>\n\n<h3><\/h3>\n<h3>mmmm<\/h3>\n<h3><em><a href=\"http:\/\/mmstudies.com\/pas\/vetenskap\">II ) VETENSKAP ELLER VIDSKEPLIGA F\u00d6RVILLELSER<\/a><\/em><\/h3>\n<p>&nbsp;<\/p>\n\n<p>&nbsp;<\/p>\n\n<p>&nbsp;<\/p>\n\n<p>&nbsp;<\/p>\n\n<p>&nbsp;<\/p>\n\n<p>&nbsp;<\/p>\n<h3><em><a href=\"http:\/\/mmstudies.com\/pas\/lytsy\">III ) LYTSY \/ BERGENSTEIN: BARN SOM TVINGAS V\u00c4LJA BORT EN F\u00d6R\u00c4LDER<\/a><\/em><\/h3>\n<p>&nbsp;<\/p>\n\n<p>&nbsp;<\/p>\n\n<p>&nbsp;<\/p>\n\n<p>&nbsp;<\/p>\n\n<h3>mmmm<\/h3>\n<h3><em><a href=\"http:\/\/mmstudies.com\/pas\/gift\">IV ) NUTIDA INTERNATIONELL FORSKNING SOM ENH\u00c4LLIGT VEDERL\u00c4GGER PA(S)-KONCEPTET SOM OVETENSKAPLIGT<\/a><\/em><\/h3>\n<h3>mmmm<\/h3>\n\n<p>&nbsp;<\/p>\n\n<p>&nbsp;<\/p>\n<h3><em><a href=\"http:\/\/mmstudies.com\/pas\/svenska\">V ) SVENSKA KRITIKER AV PA(S)<\/a><\/em><\/h3>\n<p>&nbsp;<\/p>\n\n<p>&nbsp;<\/p>\n\n<p>&nbsp;<\/p>\n\n<p>&nbsp;<\/p>\n<h3><em><a href=\"http:\/\/mmstudies.com\/pas\/nutida\">VI ) NUTIDA SVENSKA PA(S)-LOBBYISTER<\/a><\/em><\/h3>\n<p>&nbsp;<\/p>\n\n<p>&nbsp;<\/p>\n\n<p>&nbsp;<\/p>\n\n<p>&nbsp;<\/p>\n<h3><em><a href=\"http:\/\/mmstudies.com\/pas\/praxis\">VII ) GENOMG\u00c5NG AV PRAXIS I SVENSKA DOMSTOLAR G\u00c4LLANDE BROTT &#8211; OCH TVISTEM\u00c5L MED GRUND I DOMESTIC VIOLENCE OCH \/ ELLER CHILD ABUSE<\/a><\/em><\/h3>\n<p>&nbsp;<\/p>\n\n<p>&nbsp;<\/p>\n\n<p>&nbsp;<\/p>\n\n<p>&nbsp;<\/p>\n\n<p>&nbsp;<\/p>\n\n<p>&nbsp;<\/p>\n<h3><em><a href=\"http:\/\/mmstudies.com\/pas\/byra\">VIII ) H\u00d6GKVALITATIV SVENSK FORSKNING SOM L\u00c4GGS I BYR\u00c5L\u00c5DORNA<\/a><\/em><\/h3>\n<p>&nbsp;<\/p>\n\n<p>&nbsp;<\/p>\n\n<p>&nbsp;<\/p>\n\t<h3>L\u00c4NKLISTA:<\/h3>\n<p>&nbsp;<\/p>\n<h3><em><a href=\"http:\/\/mmstudies.com\/pas\/\">I ) VAD \u00c4R\u00a0 PA(S)?<\/a><\/em><\/h3>\n<h3>I ) VAD \u00c4R PA(S)mmmm<\/h3>\n\n<h3>mmmm<\/h3>\n\n<p>&nbsp;<\/p>\n\n<p>&nbsp;<\/p>\n\n<p>&nbsp;<\/p>\n\n<h3><\/h3>\n<h3>mmmm<\/h3>\n<h3><em><a href=\"http:\/\/mmstudies.com\/pas\/vetenskap\">II ) VETENSKAP ELLER VIDSKEPLIGA F\u00d6RVILLELSER<\/a><\/em><\/h3>\n<p>&nbsp;<\/p>\n\n<p>&nbsp;<\/p>\n\n<p>&nbsp;<\/p>\n\n<p>&nbsp;<\/p>\n\n<p>&nbsp;<\/p>\n\n<p>&nbsp;<\/p>\n<h3><em><a href=\"http:\/\/mmstudies.com\/pas\/lytsy\">III ) LYTSY \/ BERGENSTEIN: BARN SOM TVINGAS V\u00c4LJA BORT EN F\u00d6R\u00c4LDER<\/a><\/em><\/h3>\n<p>&nbsp;<\/p>\n\n<p>&nbsp;<\/p>\n\n<p>&nbsp;<\/p>\n\n<p>&nbsp;<\/p>\n\n<h3>mmmm<\/h3>\n<h3><em><a href=\"http:\/\/mmstudies.com\/pas\/gift\">IV ) NUTIDA INTERNATIONELL FORSKNING SOM ENH\u00c4LLIGT VEDERL\u00c4GGER PA(S)-KONCEPTET SOM OVETENSKAPLIGT<\/a><\/em><\/h3>\n<h3>mmmm<\/h3>\n\n<p>&nbsp;<\/p>\n\n<p>&nbsp;<\/p>\n<h3><em><a href=\"http:\/\/mmstudies.com\/pas\/svenska\">V ) SVENSKA KRITIKER AV PA(S)<\/a><\/em><\/h3>\n<p>&nbsp;<\/p>\n\n<p>&nbsp;<\/p>\n\n<p>&nbsp;<\/p>\n\n<p>&nbsp;<\/p>\n<h3><em><a href=\"http:\/\/mmstudies.com\/pas\/nutida\">VI ) NUTIDA SVENSKA PA(S)-LOBBYISTER<\/a><\/em><\/h3>\n<p>&nbsp;<\/p>\n\n<p>&nbsp;<\/p>\n\n<p>&nbsp;<\/p>\n\n<p>&nbsp;<\/p>\n<h3><em><a href=\"http:\/\/mmstudies.com\/pas\/praxis\">VII ) GENOMG\u00c5NG AV PRAXIS I SVENSKA DOMSTOLAR G\u00c4LLANDE BROTT &#8211; OCH TVISTEM\u00c5L MED GRUND I DOMESTIC VIOLENCE OCH \/ ELLER CHILD ABUSE<\/a><\/em><\/h3>\n<p>&nbsp;<\/p>\n\n<p>&nbsp;<\/p>\n\n<p>&nbsp;<\/p>\n\n<p>&nbsp;<\/p>\n\n<p>&nbsp;<\/p>\n\n<p>&nbsp;<\/p>\n<h3><em><a href=\"http:\/\/mmstudies.com\/pas\/byra\">VIII ) H\u00d6GKVALITATIV SVENSK FORSKNING SOM L\u00c4GGS I BYR\u00c5L\u00c5DORNA<\/a><\/em><\/h3>\n<p>&nbsp;<\/p>\n\n<p>&nbsp;<\/p>\n\n<p>&nbsp;<\/p>\n\n","protected":false},"excerpt":{"rendered":"<p>Konstverk av Issa SVENSKA KRITIKER AV PA(S) JENNY WESTERSTRAND \u00bb MONICA DAHLSTR\u00d6M-LANNES \u00bb CAROLIN ROBSON \u00bb STEFAN WIDELL \u00bb KONFERENS OM PAS ANORDNAD AV ROKS 2011 \u00bb ANDERS BRYNGE \u00bb &nbsp; Samtliga av dessa svenska kritiker uttrycker samma sorts kritik som p\u00e5 internationell forskarniv\u00e5 riktats mot PA(S)-konceptet och underk\u00e4nt det som ovetenskapligt \u00bb &nbsp; Se&#8230;<\/p>\n","protected":false},"author":1,"featured_media":0,"parent":0,"menu_order":0,"comment_status":"closed","ping_status":"closed","template":"full-width-page.php","meta":{"footnotes":""},"class_list":["post-294","page","type-page","status-publish","hentry"],"_links":{"self":[{"href":"http:\/\/mmstudies.com\/pas\/wp-json\/wp\/v2\/pages\/294","targetHints":{"allow":["GET"]}}],"collection":[{"href":"http:\/\/mmstudies.com\/pas\/wp-json\/wp\/v2\/pages"}],"about":[{"href":"http:\/\/mmstudies.com\/pas\/wp-json\/wp\/v2\/types\/page"}],"author":[{"embeddable":true,"href":"http:\/\/mmstudies.com\/pas\/wp-json\/wp\/v2\/users\/1"}],"replies":[{"embeddable":true,"href":"http:\/\/mmstudies.com\/pas\/wp-json\/wp\/v2\/comments?post=294"}],"version-history":[{"count":9,"href":"http:\/\/mmstudies.com\/pas\/wp-json\/wp\/v2\/pages\/294\/revisions"}],"predecessor-version":[{"id":1172,"href":"http:\/\/mmstudies.com\/pas\/wp-json\/wp\/v2\/pages\/294\/revisions\/1172"}],"wp:attachment":[{"href":"http:\/\/mmstudies.com\/pas\/wp-json\/wp\/v2\/media?parent=294"}],"curies":[{"name":"wp","href":"https:\/\/api.w.org\/{rel}","templated":true}]}}