{"id":307,"date":"2021-03-01T20:32:43","date_gmt":"2021-03-01T19:32:43","guid":{"rendered":"http:\/\/mmstudies.com\/pas\/?page_id=307"},"modified":"2021-05-07T21:59:40","modified_gmt":"2021-05-07T19:59:40","slug":"brynge","status":"publish","type":"page","link":"http:\/\/mmstudies.com\/pas\/brynge\/","title":{"rendered":"BRYNGE: L\u00c4S LENA HELLBLOM SJ\u00d6GRENS ARTIKEL SOM EN SAGA"},"content":{"rendered":"\n<img loading=\"lazy\" decoding=\"async\" src=\"http:\/\/mmstudies.com\/pas\/wp-content\/uploads\/sites\/19\/2021\/03\/NERE-ANTA-WALI.jpeg\" alt=\"NERE ANTA WALI\" itemprop=\"image\" height=\"800\" width=\"1130\" title=\"NERE ANTA WALI\" onerror=\"this.style.display='none'\">\n\t<p>Konstverk av Issa<\/p>\n\t<p>\u00d6VERL\u00c4KARE ANDERS BRYNGE, SPECIALIST I BARN-OCH UNGDOMSPSYKIATRI&nbsp;&nbsp;<\/p>\n\t\n\n<p>Artikel av Anders Brynge,\u00d6verl\u00e4kare, Specialist i Barn- och Ungdomspsykiatri, Psykoterapeut, Fil kand i psykologi.<\/p>\n<p>&nbsp;<\/p>\n<p>Begreppet PAS skymmer sikten f\u00f6r en klinisk helhetsbed\u00f6mning av omst\u00e4ndigheterna kring en f\u00f6r barnet sv\u00e5r skilsm\u00e4ssokonflikt. Det skriver Anders Brynge om Lena Hellblom Sj\u00f6grens artikel &#8221;Beh\u00f6ver psykologen bry sig om PAS?&#8221; i Psykologtidningen nr 8\/08<\/p>\n<p>Hellbom Sj\u00f6grens artikel \u00e4r uppbyggd enligt modell f\u00f6r att vinna en opinion trots svagt sakligt underst\u00f6d. I f\u00f6rsta avsnittet pekar hon p\u00e5 oantastlig solid forskning som st\u00f6der tanken att barn b\u00f6r ha kontakt med b\u00e5da sina f\u00f6r\u00e4ldrar efter skilsm\u00e4ssa. Hon f\u00e5r l\u00e4saren p\u00e5 sin sida. Om l\u00e4saren k\u00f6per detta k\u00f6per han\/hon ocks\u00e5 l\u00e4ttare n\u00e4sta. D\u00e4refter hoppar hon snabbt in p\u00e5 suggestionshypotesen. Hon uppeh\u00e5ller sig endast vid den och presenterar inga andra f\u00f6rklaringsmodeller till att barn mots\u00e4tter sig en f\u00f6r\u00e4lder vid skilsm\u00e4ssokonflikt. Sedan f\u00f6r hon in PAS som ett samlande begrepp som f\u00e5r f\u00f6rklara dessa situationer. Hon n\u00e4mner endast unders\u00f6kningar som st\u00f6der detta p\u00e5st\u00e5ende.<\/p>\n<p>Hon n\u00e4mner inte det faktum att American Psychological Association bland andra officiella professionella organisationer, medicinska och juridiska, tar direkt avst\u00e5nd fr\u00e5n detta \u00f6verf\u00f6renklande begrepp som hittills saknar empiriskt st\u00f6d. Hon n\u00e4mner att PAS st\u00e5r p\u00e5 v\u00e4ntelista till DSM-V men n\u00e4mner inte att chansen att komma med \u00e4r minimal d\u00e5 ingen enighet f\u00f6religger kring existensen av begreppet, och d\u00e5 klinisk forskning p\u00e5 omr\u00e5det hittills varit mycket mager. Det enda forskningscitat, som omfattar mer \u00e4n ett anekdotiskt material, och som g\u00e5r att finna p\u00e5 PubMed p\u00e5 Parental Alienation Syndrome, finns i den av mig bifogade referensen [2]. D\u00e4r f\u00f6rs en mer sansad diskussion kring sv\u00e5righeterna att finna generella l\u00f6sningar p\u00e5 dessa sv\u00e5ra situationer. Jag citerar: &#8221;Rejection of a parent has multiple determinants, with both the aligned and rejected parents contributing to the problem, in addition to vulnerabilities within children themselves.&#8221;<\/p>\n<p>Mot slutet av artikeln n\u00e4r l\u00e4saren \u00e4r vunnen hj\u00e4lper Hellbom Sj\u00f6gren denne ytterligare med tv\u00e5 illustrativa typfall och instruktioner f\u00f6r hur man ska uppt\u00e4cka syndromet. Ingen diskussion f\u00f6rs kring differentialdiagnostik. Barnets vilja \u00e4r inte dess egen utan barnet kan endast r\u00e4ddas av domstolen med PAS som instrument &#8211; en v\u00e4djan till de hj\u00e4lpar- och r\u00e4ddarinstinkter vi ska vakta oss f\u00f6r n\u00e4r vi s\u00f6ker h\u00e5lla huvudet kallt och hj\u00e4rtat varmt i kliniska sammanhang.<\/p>\n<p>Eftersom begreppet saknar empirisk f\u00f6rankring \u00e4r det oanv\u00e4ndbart juridiskt. Att f\u00f6rlora sig i spekulationer om st\u00f6rd narcissistisk sj\u00e4lvbild hos ena parten i en skilsm\u00e4ssotvist \u00e4r inte en m\u00f6jlig argumentationslinje i en r\u00e4ttssal. Begreppet skymmer sikten f\u00f6r en klinisk helhetsbed\u00f6mning av omst\u00e4ndigheterna kring en f\u00f6r barnet sv\u00e5r skilsm\u00e4ssokonflikt.<\/p>\n<p>Till sist visar ocks\u00e5 Hellbom Sj\u00f6grens referenser p\u00e5 det magra st\u00f6det f\u00f6r hypotesen &#8211; mycket \u00e4r gamla citat utom hennes egna.<\/p>\n<p>S\u00e5 jag t\u00e4nker vi ska l\u00e4sa detta som en saga men inte tro p\u00e5 att den skildrar verkligheten.<\/p>\n<p>Anders Brynge, \u00d6verl\u00e4kare, Specialist i Barn- och Ungdomspsykiatri, Psykoterapeut, Fil kand i psykologi.<\/p>\n<p>&nbsp;<\/p>\n<p>REFERENSER:<\/p>\n<p>(1) Falco E &#8221;Commentary: Children and Divorce&#8221; J Am Acad Psychiatry Law. 2003;31(2): 171-172<\/p>\n<p>(2) Johnston JR. &#8221;Parental alignments and rejection: an empirical study of alienation in children of divorce.&#8221; J Am Acad Psychiatry Law. 2003;31(2):158-70.<\/p>\n","protected":false},"excerpt":{"rendered":"<p>Konstverk av Issa \u00d6VERL\u00c4KARE ANDERS BRYNGE, SPECIALIST I BARN-OCH UNGDOMSPSYKIATRI&nbsp;&nbsp; Artikel av Anders Brynge,\u00d6verl\u00e4kare, Specialist i Barn- och Ungdomspsykiatri, Psykoterapeut, Fil kand i psykologi. &nbsp; Begreppet PAS skymmer sikten f\u00f6r en klinisk helhetsbed\u00f6mning av omst\u00e4ndigheterna kring en f\u00f6r barnet sv\u00e5r skilsm\u00e4ssokonflikt. Det skriver Anders Brynge om Lena Hellblom Sj\u00f6grens artikel &#8221;Beh\u00f6ver psykologen bry sig om&#8230;<\/p>\n","protected":false},"author":1,"featured_media":0,"parent":0,"menu_order":0,"comment_status":"closed","ping_status":"closed","template":"full-width-page.php","meta":{"footnotes":""},"class_list":["post-307","page","type-page","status-publish","hentry"],"_links":{"self":[{"href":"http:\/\/mmstudies.com\/pas\/wp-json\/wp\/v2\/pages\/307","targetHints":{"allow":["GET"]}}],"collection":[{"href":"http:\/\/mmstudies.com\/pas\/wp-json\/wp\/v2\/pages"}],"about":[{"href":"http:\/\/mmstudies.com\/pas\/wp-json\/wp\/v2\/types\/page"}],"author":[{"embeddable":true,"href":"http:\/\/mmstudies.com\/pas\/wp-json\/wp\/v2\/users\/1"}],"replies":[{"embeddable":true,"href":"http:\/\/mmstudies.com\/pas\/wp-json\/wp\/v2\/comments?post=307"}],"version-history":[{"count":11,"href":"http:\/\/mmstudies.com\/pas\/wp-json\/wp\/v2\/pages\/307\/revisions"}],"predecessor-version":[{"id":1301,"href":"http:\/\/mmstudies.com\/pas\/wp-json\/wp\/v2\/pages\/307\/revisions\/1301"}],"wp:attachment":[{"href":"http:\/\/mmstudies.com\/pas\/wp-json\/wp\/v2\/media?parent=307"}],"curies":[{"name":"wp","href":"https:\/\/api.w.org\/{rel}","templated":true}]}}