{"id":332,"date":"2021-03-02T18:09:11","date_gmt":"2021-03-02T17:09:11","guid":{"rendered":"http:\/\/mmstudies.com\/pas\/?page_id=332"},"modified":"2023-08-09T14:26:43","modified_gmt":"2023-08-09T12:26:43","slug":"gp","status":"publish","type":"page","link":"http:\/\/mmstudies.com\/pas\/gp\/","title":{"rendered":"STEFAN WIDELLS ARTIKEL OM PAS I GP 2011"},"content":{"rendered":"\n\n\t<h1><a href=\"https:\/\/www.gp.se\/debatt\/irrl\u00e4ra-riskerar-att-fria-skyldiga-pedofiler-1.836722\">Irrl\u00e4ra riskerar att fria skyldiga pedofiler<\/a><\/h1>\n<p><b>Debatt<\/b><\/p>\n<p><b>Det finns fall d\u00e4r svenska domstolar l\u00e5ter sig p\u00e5verkas av falsk vetenskap. F\u00f6rest\u00e4ll dig en r\u00e4tteg\u00e5ng d\u00e4r det brottsutsatta barnets ber\u00e4ttelse ignoreras och i st\u00e4llet kommer att handla om vem som \u00e4r mest trov\u00e4rdig &#8211; mamma eller pappa. Detta \u00e4r en verklighet f\u00f6r alltf\u00f6r m\u00e5nga svenska barn \u00e5r 2011, skriver Stefan Widell.<\/b><\/p>\n\t<p>06:00 &#8211; 19 jul, 2011<\/p>\n<p>F\u00f6rest\u00e4ll dig hur ett barn tar mod till sig och ber\u00e4ttar f\u00f6r vuxenv\u00e4rlden om sexuella \u00f6vergrepp av en f\u00f6r\u00e4lder. F\u00f6rest\u00e4ll dig en r\u00e4tteg\u00e5ng d\u00e4r det brottsutsatta barnets ber\u00e4ttelse ignoreras och r\u00e4tteg\u00e5ngen i st\u00e4llet kommer att handla om vem som \u00e4r mest trov\u00e4rdig &#8211; mamma eller pappa. Detta \u00e4r en verklighet f\u00f6r alltf\u00f6r m\u00e5nga svenska barn \u00e5r 2011.<\/p>\n<p>Det finns fall d\u00e4r svenska domstolar l\u00e5ter sig p\u00e5verkas av falsk vetenskap och d\u00e4rigenom kan barnens ber\u00e4ttelser bortf\u00f6rklaras. Det vanligaste exemplet p\u00e5 detta \u00e4r PAS &#8211; Parental Alienation Syndrome, i Sverige \u00e4ven kallat f\u00f6r\u00e4ldraalienation eller f\u00f6r\u00e4ldrap\u00e5verkan. Enligt denna irrl\u00e4ra s\u00e5 beror barns ber\u00e4ttelser om sexuella \u00f6vergrepp p\u00e5 att den ena f\u00f6r\u00e4ldern pressar sitt barn att rikta ogrundade anklagelser mot den andra f\u00f6r\u00e4ldern &#8211; och denna press beh\u00f6ver inte ens ske medvetet.<\/p>\n<p>&nbsp;<\/p>\n<h3>Ren\u00e4ssans senaste \u00e5ren<\/h3>\n<p>Dessa bisarra f\u00f6rest\u00e4llningar har f\u00e5tt en ren\u00e4ssans i Sverige de senaste \u00e5ren, trots att forskning vid bland annat G\u00f6teborgs Universitet tv\u00e4rtom visar att barn mycket s\u00e4llan ber\u00e4ttar om \u00f6vergrepp som inte \u00e4gt rum, utan till och med underrapporterar \u00f6vergrepp som bevisligen \u00e4gt rum (Lina Leander, 2007). Ytterligare forskning visar att sexualbrott mot barn i huvudsak beg\u00e5s av familjemedlemmar och andra bekanta till offret (Grubin 1998, Finkelhor 2009). Den mest aktiva PAS-f\u00f6retr\u00e4daren i Sverige \u00e4r psykologen Lena Hellblom Sj\u00f6gren, som skrivit och f\u00f6rel\u00e4st i \u00e4mnet f\u00f6r svenska domare och \u00e4ven anlitats som sakkunnig i domstolar. I G\u00f6teborg finns psykologen Eva Landm\u00e9r, som\u00a0bland annat anv\u00e4nds som konsult av socialtj\u00e4nsten i Kungsbacka och i sitt arbete till\u00e4mpar PAS.<\/p>\n<p>Begreppet PAS uppfanns av den amerikanske psykiatern Richard A. Gardner. Han gjorde sig \u00e4ven k\u00e4nd f\u00f6r att han:<\/p>\n<p>l propagerade f\u00f6r \u00f6kad f\u00f6rst\u00e5else och acceptans f\u00f6r incest och pedofili, vilket han s\u00e5g som naturliga f\u00f6reteelser.<\/p>\n<p>l studerade barns sexualitet &#8211; han h\u00e4vdade bland annat att det snarare \u00e4r barn som f\u00f6rf\u00f6r vuxna \u00e4n tv\u00e4rtom.<\/p>\n<p>l anlitades flitigt som f\u00f6rsvarsvittne i brottm\u00e5l g\u00e4llande \u00f6vergrepp mot barn, d\u00e4r han kategoriskt h\u00e4vdade PAS.<\/p>\n<p>En dom med tydliga PAS-influenser avkunnades i Varbergs tingsr\u00e4tt s\u00e5 sent som den 7 juni. R\u00e4tten friar en Kungsbackapappa fr\u00e5n misstankar om sexuella \u00f6vergrepp mot sin d\u00e5 4-\u00e5riga dotter och konstaterar: Det finns \u00e5 andra sidan ett betydande utrymme f\u00f6r att [mamman] medvetet eller omedvetet p\u00e5verkat [flickan], inte minst det f\u00f6rh\u00e5llandet att [mamman] uppgivit att hon anv\u00e4nder ordet mus\/musen n\u00e4r hon och [flickan] talar om [flickans] k\u00f6nsorgan.<\/p>\n<p>Det som h\u00e4vdas i domen \u00e4r allts\u00e5 att mamman f\u00f6rs\u00f6kt s\u00e4tta dit pappan f\u00f6r sexuella \u00f6vergrepp han inte beg\u00e5tt, och utnyttjat sitt eget barn f\u00f6r detta syfte. Trots dessa allvarliga anklagelser har det inte varit tal om att lagf\u00f6ra mamman f\u00f6r detta. Den psykolog, som anm\u00e4lde de sexuella \u00f6vergreppen till sociala myndigheter i Kungsbacka och till polismyndigheten i Halland, kallades aldrig som vittne i r\u00e4tteg\u00e5ngen.<\/p>\n<p>&nbsp;<\/p>\n<h3>Kommer hon tala igen?<\/h3>\n<p>Att irrl\u00e4ror som PAS marknadsf\u00f6rts och nu anv\u00e4nds inom svenskt r\u00e4ttsv\u00e4sende f\u00f6rs\u00e4tter barn och unga i en r\u00e4ttsl\u00f6s situation.<\/p>\n<p>Flickan \u00e4r i dag 7 \u00e5r gammal. Hon har f\u00e5tt v\u00e4nta i 3 \u00e5r p\u00e5 r\u00e4tteg\u00e5ng efter att hon ber\u00e4ttade om sina upplevelser f\u00f6r psykolog, polis och sin mamma. Nu f\u00e5r hon veta att det hon ber\u00e4ttat inte \u00e4r tillf\u00f6rlitligt. Vuxenv\u00e4rlden har talat. Kommer denna flicka n\u00e5gonsin att tala igen? Enligt forskningen \u00e4r sannolikheten f\u00f6r det liten.<\/p>\n<p>&nbsp;<\/p>\n<p>&nbsp;<\/p>\n<p>Stefan Widell<\/p>\n<p>leg psykolog och psykoterapeut. Tidigare tf socialchef, institutionschef samt \u00f6ppenv\u00e5rdschef.<\/p>\n\n","protected":false},"excerpt":{"rendered":"<p>Irrl\u00e4ra riskerar att fria skyldiga pedofiler Debatt Det finns fall d\u00e4r svenska domstolar l\u00e5ter sig p\u00e5verkas av falsk vetenskap. F\u00f6rest\u00e4ll dig en r\u00e4tteg\u00e5ng d\u00e4r det brottsutsatta barnets ber\u00e4ttelse ignoreras och i st\u00e4llet kommer att handla om vem som \u00e4r mest trov\u00e4rdig &#8211; mamma eller pappa. Detta \u00e4r en verklighet f\u00f6r alltf\u00f6r m\u00e5nga svenska barn \u00e5r&#8230;<\/p>\n","protected":false},"author":1,"featured_media":0,"parent":0,"menu_order":0,"comment_status":"closed","ping_status":"closed","template":"full-width-page.php","meta":{"footnotes":""},"class_list":["post-332","page","type-page","status-publish","hentry"],"_links":{"self":[{"href":"http:\/\/mmstudies.com\/pas\/wp-json\/wp\/v2\/pages\/332","targetHints":{"allow":["GET"]}}],"collection":[{"href":"http:\/\/mmstudies.com\/pas\/wp-json\/wp\/v2\/pages"}],"about":[{"href":"http:\/\/mmstudies.com\/pas\/wp-json\/wp\/v2\/types\/page"}],"author":[{"embeddable":true,"href":"http:\/\/mmstudies.com\/pas\/wp-json\/wp\/v2\/users\/1"}],"replies":[{"embeddable":true,"href":"http:\/\/mmstudies.com\/pas\/wp-json\/wp\/v2\/comments?post=332"}],"version-history":[{"count":6,"href":"http:\/\/mmstudies.com\/pas\/wp-json\/wp\/v2\/pages\/332\/revisions"}],"predecessor-version":[{"id":1766,"href":"http:\/\/mmstudies.com\/pas\/wp-json\/wp\/v2\/pages\/332\/revisions\/1766"}],"wp:attachment":[{"href":"http:\/\/mmstudies.com\/pas\/wp-json\/wp\/v2\/media?parent=332"}],"curies":[{"name":"wp","href":"https:\/\/api.w.org\/{rel}","templated":true}]}}