{"id":649,"date":"2021-03-16T01:05:50","date_gmt":"2021-03-16T00:05:50","guid":{"rendered":"http:\/\/mmstudies.com\/pas\/?page_id=649"},"modified":"2021-08-23T06:53:22","modified_gmt":"2021-08-23T04:53:22","slug":"hot","status":"publish","type":"page","link":"http:\/\/mmstudies.com\/pas\/hot\/","title":{"rendered":"MAMMORS BESKYDDARINSTINKT &#8211; ETT HOT MOT BARN?"},"content":{"rendered":"\n\n\t\t\t\t<img loading=\"lazy\" decoding=\"async\" src=\"http:\/\/mmstudies.com\/pas\/wp-content\/uploads\/sites\/19\/2021\/03\/MAMMA-BARN-1.jpg\" alt=\"MAMMA-BARN\" itemprop=\"image\" height=\"640\" width=\"407\" title=\"MAMMA-BARN\" onerror=\"this.style.display='none'\"  \/>\n\t<h4>Bild av Issa<\/h4>\n<h4>Text av en r\u00e4ttsl\u00f6s mamma<\/h4>\n\t<h1>MAMMORS BESKYDDARINSTINKT &#8211; ETT HOT MOT BARN?<\/h1>\n<h3><\/h3>\n\t<p>En mammas ber\u00e4ttelser om en alltmer absurd verklighet<\/p>\n<p>Gemensam grund \u00e4r att ett gott f\u00f6r\u00e4ldraskap ska l\u00e4ra barnen att kv\u00e4va sin r\u00e4dsla f\u00f6r v\u00e5ld och \u00f6vergrepp.<\/p>\n<p>&nbsp;<\/p>\n\n\n\n\n\n\n\n\n\n\n\n\n\n\n\n\n\n\n\n\n\n<p>&nbsp;<\/p>\n<h2><em>Att detta inte \u00e4r fantasi utan en illustrativ beskrivning av hur v\u00e5rdnadstvister handl\u00e4ggs i dagens Sverige, kan kanske bekr\u00e4ftas av det som <a href=\"http:\/\/mmstudies.com\/pas\/praxis\">juristen, journalisten och fd socialn\u00e4mndsordf\u00f6randen Johanna Parikka Altenstedt redog\u00f6r f\u00f6r under punkt 4 p\u00e5 denna hemsida\u00bb<\/a><\/em><\/h2>\n\t<h2>L\u00c4NKLISTA:<\/h2>\n<p>&nbsp;<\/p>\n<h3><em><a href=\"http:\/\/mmstudies.com\/pas\/\">I ) VAD \u00c4R\u00a0 PA(S)?<\/a><\/em><\/h3>\n<h3>I ) VAD \u00c4R PA(S)mmmm<\/h3>\n\n<h3><\/h3>\n\n<p>&nbsp;<\/p>\n\n<p>&nbsp;<\/p>\n\n<p>&nbsp;<\/p>\n\n<h3><\/h3>\n<h3>mmmm<\/h3>\n<h3><em><a href=\"http:\/\/mmstudies.com\/pas\/vetenskap\">II ) VETENSKAP ELLER VIDSKEPLIGA F\u00d6RVILLELSER<\/a><\/em><\/h3>\n<p>&nbsp;<\/p>\n\n<p>&nbsp;<\/p>\n\n<p>&nbsp;<\/p>\n\n<p>&nbsp;<\/p>\n\n<p>&nbsp;<\/p>\n\n<p>&nbsp;<\/p>\n<h3><em><a href=\"http:\/\/mmstudies.com\/pas\/lytsy\">III ) LYTSY \/ BERGENSTEIN: BARN SOM TVINGAS V\u00c4LJA BORT EN F\u00d6R\u00c4LDER<\/a><\/em><\/h3>\n<p>&nbsp;<\/p>\n\n<p>&nbsp;<\/p>\n\n<p>&nbsp;<\/p>\n\n<p>&nbsp;<\/p>\n\n<h3>mmmm<\/h3>\n<h3><em><a href=\"http:\/\/mmstudies.com\/pas\/gift\">IV ) NUTIDA INTERNATIONELL FORSKNING SOM ENH\u00c4LLIGT VEDERL\u00c4GGER PA(S)-KONCEPTET SOM OVETENSKAPLIGT<\/a><\/em><\/h3>\n<h3>mmmm<\/h3>\n\n<p>&nbsp;<\/p>\n\n<p>&nbsp;<\/p>\n<h3><em><a href=\"http:\/\/mmstudies.com\/pas\/svenska\">V ) SVENSKA KRITIKER AV PA(S)<\/a><\/em><\/h3>\n<p>&nbsp;<\/p>\n\n<p>&nbsp;<\/p>\n\n<p>&nbsp;<\/p>\n\n<p>&nbsp;<\/p>\n<h3><em><a href=\"http:\/\/mmstudies.com\/pas\/nutida\">VI ) NUTIDA SVENSKA PA(S)-LOBBYISTER<\/a><\/em><\/h3>\n<p>&nbsp;<\/p>\n\n<p>&nbsp;<\/p>\n\n<p>&nbsp;<\/p>\n\n<p>&nbsp;<\/p>\n<h3><em><a href=\"http:\/\/mmstudies.com\/pas\/praxis\">VII ) GENOMG\u00c5NG AV PRAXIS I SVENSKA DOMSTOLAR G\u00c4LLANDE BROTT &#8211; OCH TVISTEM\u00c5L MED GRUND I DOMESTIC VIOLENCE OCH \/ ELLER CHILD ABUSE<\/a><\/em><\/h3>\n<p>&nbsp;<\/p>\n\n<p>&nbsp;<\/p>\n\n<p>&nbsp;<\/p>\n\n<p>&nbsp;<\/p>\n\n<p>&nbsp;<\/p>\n\n<p>&nbsp;<\/p>\n<h3><em><a href=\"http:\/\/mmstudies.com\/pas\/byra\">VIII ) H\u00d6GKVALITATIV SVENSK FORSKNING SOM L\u00c4GGS I BYR\u00c5L\u00c5DORNA<\/a><\/em><\/h3>\n<p>&nbsp;<\/p>\n\n<p>&nbsp;<\/p>\n\n<p>&nbsp;<\/p>\n\t<h2>L\u00c4NKLISTA:<\/h2>\n<p>&nbsp;<\/p>\n<h3><em><a href=\"http:\/\/mmstudies.com\/pas\/\">I ) VAD \u00c4R\u00a0 PA(S)?<\/a><\/em><\/h3>\n<h3>I ) VAD \u00c4R PA(S)mmmm<\/h3>\n\n<h3><\/h3>\n\n<p>&nbsp;<\/p>\n\n<p>&nbsp;<\/p>\n\n<p>&nbsp;<\/p>\n\n<h3><\/h3>\n<h3>mmmm<\/h3>\n<h3><em><a href=\"http:\/\/mmstudies.com\/pas\/vetenskap\">II ) VETENSKAP ELLER VIDSKEPLIGA F\u00d6RVILLELSER<\/a><\/em><\/h3>\n<p>&nbsp;<\/p>\n\n<p>&nbsp;<\/p>\n\n<p>&nbsp;<\/p>\n\n<p>&nbsp;<\/p>\n\n<p>&nbsp;<\/p>\n\n<p>&nbsp;<\/p>\n<h3><em><a href=\"http:\/\/mmstudies.com\/pas\/lytsy\">III ) LYTSY \/ BERGENSTEIN: BARN SOM TVINGAS V\u00c4LJA BORT EN F\u00d6R\u00c4LDER<\/a><\/em><\/h3>\n<p>&nbsp;<\/p>\n\n<p>&nbsp;<\/p>\n\n<p>&nbsp;<\/p>\n\n<p>&nbsp;<\/p>\n\n<h3>mmmm<\/h3>\n<h3><em><a href=\"http:\/\/mmstudies.com\/pas\/gift\">IV ) NUTIDA INTERNATIONELL FORSKNING SOM ENH\u00c4LLIGT VEDERL\u00c4GGER PA(S)-KONCEPTET SOM OVETENSKAPLIGT<\/a><\/em><\/h3>\n<h3>mmmm<\/h3>\n\n<p>&nbsp;<\/p>\n\n<p>&nbsp;<\/p>\n<h3><em><a href=\"http:\/\/mmstudies.com\/pas\/svenska\">V ) SVENSKA KRITIKER AV PA(S)<\/a><\/em><\/h3>\n<p>&nbsp;<\/p>\n\n<p>&nbsp;<\/p>\n\n<p>&nbsp;<\/p>\n\n<p>&nbsp;<\/p>\n<h3><em><a href=\"http:\/\/mmstudies.com\/pas\/nutida\">VI ) NUTIDA SVENSKA PA(S)-LOBBYISTER<\/a><\/em><\/h3>\n<p>&nbsp;<\/p>\n\n<p>&nbsp;<\/p>\n\n<p>&nbsp;<\/p>\n\n<p>&nbsp;<\/p>\n<h3><em><a href=\"http:\/\/mmstudies.com\/pas\/praxis\">VII ) GENOMG\u00c5NG AV PRAXIS I SVENSKA DOMSTOLAR G\u00c4LLANDE BROTT &#8211; OCH TVISTEM\u00c5L MED GRUND I DOMESTIC VIOLENCE OCH \/ ELLER CHILD ABUSE<\/a><\/em><\/h3>\n<p>&nbsp;<\/p>\n\n<p>&nbsp;<\/p>\n\n<p>&nbsp;<\/p>\n\n<p>&nbsp;<\/p>\n\n<p>&nbsp;<\/p>\n\n<p>&nbsp;<\/p>\n<h3><em><a href=\"http:\/\/mmstudies.com\/pas\/byra\">VIII ) H\u00d6GKVALITATIV SVENSK FORSKNING SOM L\u00c4GGS I BYR\u00c5L\u00c5DORNA<\/a><\/em><\/h3>\n<p>&nbsp;<\/p>\n\n<p>&nbsp;<\/p>\n\n<p>&nbsp;<\/p>\n\n","protected":false},"excerpt":{"rendered":"<p>Bild av Issa Text av en r\u00e4ttsl\u00f6s mamma MAMMORS BESKYDDARINSTINKT &#8211; ETT HOT MOT BARN? En mammas ber\u00e4ttelser om en alltmer absurd verklighet Gemensam grund \u00e4r att ett gott f\u00f6r\u00e4ldraskap ska l\u00e4ra barnen att kv\u00e4va sin r\u00e4dsla f\u00f6r v\u00e5ld och \u00f6vergrepp. &nbsp; &nbsp; Att detta inte \u00e4r fantasi utan en illustrativ beskrivning av hur v\u00e5rdnadstvister&#8230;<\/p>\n","protected":false},"author":1,"featured_media":0,"parent":0,"menu_order":0,"comment_status":"closed","ping_status":"closed","template":"full-width-page.php","meta":{"footnotes":""},"class_list":["post-649","page","type-page","status-publish","hentry"],"_links":{"self":[{"href":"http:\/\/mmstudies.com\/pas\/wp-json\/wp\/v2\/pages\/649","targetHints":{"allow":["GET"]}}],"collection":[{"href":"http:\/\/mmstudies.com\/pas\/wp-json\/wp\/v2\/pages"}],"about":[{"href":"http:\/\/mmstudies.com\/pas\/wp-json\/wp\/v2\/types\/page"}],"author":[{"embeddable":true,"href":"http:\/\/mmstudies.com\/pas\/wp-json\/wp\/v2\/users\/1"}],"replies":[{"embeddable":true,"href":"http:\/\/mmstudies.com\/pas\/wp-json\/wp\/v2\/comments?post=649"}],"version-history":[{"count":16,"href":"http:\/\/mmstudies.com\/pas\/wp-json\/wp\/v2\/pages\/649\/revisions"}],"predecessor-version":[{"id":1427,"href":"http:\/\/mmstudies.com\/pas\/wp-json\/wp\/v2\/pages\/649\/revisions\/1427"}],"wp:attachment":[{"href":"http:\/\/mmstudies.com\/pas\/wp-json\/wp\/v2\/media?parent=649"}],"curies":[{"name":"wp","href":"https:\/\/api.w.org\/{rel}","templated":true}]}}