{"id":700,"date":"2021-03-23T13:49:50","date_gmt":"2021-03-23T12:49:50","guid":{"rendered":"http:\/\/mmstudies.com\/pas\/?page_id=700"},"modified":"2021-04-07T19:21:41","modified_gmt":"2021-04-07T17:21:41","slug":"citat","status":"publish","type":"page","link":"http:\/\/mmstudies.com\/pas\/citat\/","title":{"rendered":"RICHARD A. GARDNER &#8211; CITAT"},"content":{"rendered":"\n\n\t\t\t\t<img loading=\"lazy\" decoding=\"async\" src=\"http:\/\/mmstudies.com\/pas\/wp-content\/uploads\/sites\/19\/2021\/03\/KREATIVT-KAOS-I-PARADISET-1.jpeg\" alt=\"KREATIVT KAOS I PARADISET\" itemprop=\"image\" height=\"826\" width=\"1143\" title=\"KREATIVT KAOS I PARADISET\" onerror=\"this.style.display='none'\"  \/>\n\t<h1>RICHARD A. GARDNER &#8211; CITAT<\/h1>\n<h2><\/h2>\n<h2>HISTORISK, MYTOLOGISK OCH RELIG\u00d6S \u00a0KONTEXT TILL GARDNERS VILLLOL\u00c4ROR<\/h2>\n<p>F\u00f6r att komma Gardners s\u00e4tt att t\u00e4nka och kvinno-barnsyn litet n\u00e4rmre in p\u00e5 livet \u00e4r det till stor hj\u00e4lp att bekanta sig med hur hans egna uttalanden gestaltar sig, som tex dessa som inte kan definieras som annat \u00e4n rent ut sagt barbariska:<\/p>\n<p>Det \u00e4r dessutom uppenbart att Gardner hade f\u00f6r sig att det existerat samh\u00e4llen d\u00e4r pedofili varit fullt ut normaliserad. Men \u00e4ven om pedofila och andra sexuella excesser varit flitigt i bruk i vissa \u00f6vre priviligierade klerikala, statsmannam\u00e4ssiga och adliga kretsar i de patriarkala system som v\u00e4xte fram runt 3-2000 \u00e5r f. Kr. har det aldrig, mig veterligen betraktats som normalt vedertagna sedv\u00e4njor och bruk f\u00f6r gemene man eller sanktionerats i n\u00e5gon patriarkal eller annan religi\u00f6s kontext.<\/p>\n<p>Ej\u00a0 heller har det enligt vad som kommit till min k\u00e4nnedom under \u00e5ratal av djupdykning i \u00e4mnet, p\u00e5funnits s\u00e5dana sexuella utsv\u00e4vningar i de f\u00f6rpatriarkala eller mer r\u00e4ttvisande; matriarkala system, vari det varit de \u00e4ldsta matriarkerna som sett till att h\u00e5lla samh\u00e4llsskicken i sans och balans och sedesskicken i styr. Allts\u00e5 torde det ha varit f\u00f6renat med stora insatser i form av psykiskt och fysiskt v\u00e5ld och repressalier att jaga bort dessa inflytelserika matriarker fr\u00e5n den offentliga arenan och avv\u00e4pna deras, s\u00e5v\u00e4l som \u00f6vriga m\u00f6drars, f\u00f6r\u00e4ldraauktoritet.<\/p>\n<h3><\/h3>\n<h3>RICHARD\u00a0A. GARDNER:<br \/>\nIN\u00a0HIS\u00a0OWN\u00a0WORDS<\/h3>\n<p>&#8221;At the present time, the sexually abused child is generally considered to be the victim,&#8221; though the child may initiate sexual encounters by &#8217;seducing&#8217; the adult.&#8221;<\/p>\n<ul>\n<li>Gardner, Richard A., Child Custody Litigation (1986), p.93<\/li>\n<\/ul>\n<p>Sexualizing children can have procreative purposes, because a sexualized child is more likely to reproduce at an earlier age. &#8221;The younger the survival machine at the time sexual urges appear, the longer will be the span of procreative capacity, and the greater the likelihood the individual will create more survival machines in the next generation.&#8221;<\/p>\n<ul>\n<li>Gardner, Richard A., True and False Accusations of Child Sex Abuse (1992), pp.24-25<\/li>\n<\/ul>\n<p>&#8221;It is of interest that of all the ancient peoples it may very well be that the Jews were the only ones who were punitive toward pedophiles.&#8221;<\/p>\n<ul>\n<li>Ibid. pp.46-47<\/li>\n<\/ul>\n<p>Many child advocates are &#8221;charlatans, and\/or psychopaths, and\/or incompetents.&#8221;<\/p>\n<ul>\n<li>Ibid. p.526<\/li>\n<\/ul>\n<p>&#8221;It is <i>extremely<\/i> important for therapists to appreciate that the child who has been genuinely abused may <i>not<\/i> need psychotherapeutic intervention.&#8221;<\/p>\n<ul>\n<li>Ibid. p.535<\/li>\n<\/ul>\n<p>&#8221;There is a whole continuum that must be considered here, from those children who were coerced and who gained no pleasure (and might even be considered to have been raped) to those who enjoyed immensely (with orgastic responses) the sexual activities.&#8221;<\/p>\n<ul>\n<li>Ibid. p.548<\/li>\n<\/ul>\n<p>&#8221;Older children may be helped to appreciate that sexual encounters between an adult and a child are not universally considered to be reprehensible act. The child might be told about other societies in which such behavior was and is considered normal. The child might be helped to appreciate the wisdom of Shakespeare&#8217;s Hamlet, who said, &#8217;Nothing&#8217;s either good or bad, but thinking makes it so.&#8217; In such discussions the child has to be helped to appreciate that we have in our society an exaggeratedly punitive and moralistic attitude about adult-child sexual encounters.&#8221;<\/p>\n<ul>\n<li>Ibid. p.549<\/li>\n<\/ul>\n<p>&#8221;If the mother has reacted to the abuse in a hysterical fashion, or used it as an excuse for a campaign of denigration of the father, then the therapist does well to try and &#8217;sober her up&#8217;&#8230; Her hysterics&#8230; will contribute to the child&#8217;s feeling that a heinous crime has been committed and will thereby lessen the likelihood of any kind of rapproachment with the father. One has to do everything possible to help her put the &#8217;crime&#8217; in proper perspective. She has to be helped to appreciate that in most societies in the history of the world, such behavior was ubiquitous, and this is still the case.&#8221;<\/p>\n<ul>\n<li>Ibid. p.584-585<\/li>\n<\/ul>\n<p>&#8221;Mothers who have been sexually abused as children may have residual anger toward her molesting father or other sexual molester, and this may be interfering with her relationship with her husband. This should be explored in depth, and she should be helped to reduce such residual anger&#8230; Perhaps she can be helped to appreciate that in the history of the world his behavior has probably been more common than the restrained behavior of those who do not sexually abuse their children.&#8221;<\/p>\n<ul>\n<li>Ibid. p.585<\/li>\n<\/ul>\n<p>&#8221;It is likely that the mother has sexual problems&#8230; In many cases she herself was sexually molested as a child&#8230; She may never have achieved an orgasm &#8212; in spite of the fact that she was sexually molested, in spite of the fact that she had many lovers, and in spite of the fact that she is now married. The therapist, then, does well to try to help her achieve such gratification. Verbal statements about the pleasures of orgastic response are not likely to prove very useful. One has to encourage experiences, under proper situations of relaxation, which will enable her to achieve the goal of orgastic response&#8230; Vibrators can be extremely useful in this regard, and one must try to overcome any inhibition she may have with regard to their use&#8230; her own diminished guilt over masturbation will make it easier for her to encourage the practice in her daughter, if this is warranted. And her increased sexuality may lessen the need for her husband to return to their daughter for sexual gratification.&#8221;<\/p>\n<ul>\n<li>Ibid. pp.584-585<\/li>\n<\/ul>\n<p>&#8221;If he [the molesting father] doesn&#8217;t know this already, he has to be helped to appreciate that pedophilia has been considered the norm by the vast majority of individuals in the history of the world. He has to be helped to appreciate that, even today, it is a widespread and accepted practice among literally billions of people. He has to appreciate that in our Western society especially, we take a very punitive and moralistic attitude toward such inclinations&#8230; He has had a certain amount of back [sic] luck with regard to the place and time he was born with regard to social attitudes toward pedophilia. However, these are not reasons to condemn himself.&#8221;<\/p>\n<ul>\n<li>Ibid. pp.593<\/li>\n<\/ul>\n<p>&#8221;Of relevance here is the belief by many of these therapists that a sexual encounter between an adult and a child &#8212; no matter how short, no matter how tender, loving, and non-painful &#8212; automatically and predictably <i>must <\/i>be psychologically traumatic to the child&#8230; The determinant as to whether the experience will be traumatic is the social attitude toward these encounters.&#8221;<\/p>\n<ul>\n<li>Ibid. pp.670-71<\/li>\n<\/ul>\n<p>&#8221;I believe it is reasonable to say that at this time there are millions of people in the United States who are either directly accusing or supporting false sex-abuse accusations and\/or are reacting in an extremely exaggerated fashion to situations in which <i>bona fide<\/i> sex abuse has occurred.&#8221;<\/p>\n<ul>\n<li>Ibid. p.688<\/li>\n<\/ul>\n<p>Mandated reporting of child abuse has resulted in the &#8221;reporting of the most frivolous and absurd accusations by two- and three-year-olds, vengeful former wives, hysterical mothers of nursery school children, and severely disturbed women against their elderly fathers.&#8221;<\/p>\n<ul>\n<li>Gardner, Richard A., Issues in Child Abuse Accusations, 5(1), p.26<\/li>\n<\/ul>\n<p>&#8221;We need well-publicized civil lawsuits against incompetent and\/or overzealous psychologists, psychiatrists, social workers, child protection workers, &#8217;child advocates,&#8217; police, and detectives whose ineptitude has promulgated a false accusation.&#8221;<\/p>\n<ul>\n<li>Ibid. p.26<\/li>\n<\/ul>\n\t<h2>L\u00c4NKLISTA:<\/h2>\n<p>&nbsp;<\/p>\n<h3><em><a href=\"http:\/\/mmstudies.com\/pas\/\">I ) VAD \u00c4R\u00a0 PA(S)?<\/a><\/em><\/h3>\n<h3>I ) VAD \u00c4R PA(S)mmmm<\/h3>\n\n<h3>mmmm<\/h3>\n\n<p>&nbsp;<\/p>\n\n<p>&nbsp;<\/p>\n\n<p>&nbsp;<\/p>\n\n<h3><\/h3>\n<h3>mmmm<\/h3>\n<h3><em><a href=\"http:\/\/mmstudies.com\/pas\/vetenskap\">II ) VETENSKAP ELLER VIDSKEPLIGA F\u00d6RVILLELSER<\/a><\/em><\/h3>\n<p>&nbsp;<\/p>\n\n<p>&nbsp;<\/p>\n\n<p>&nbsp;<\/p>\n\n<p>&nbsp;<\/p>\n\n<p>&nbsp;<\/p>\n\n<p>&nbsp;<\/p>\n<h3><em><a href=\"http:\/\/mmstudies.com\/pas\/lytsy\">III ) LYTSY \/ BERGENSTEIN: BARN SOM TVINGAS V\u00c4LJA BORT EN F\u00d6R\u00c4LDER<\/a><\/em><\/h3>\n<p>&nbsp;<\/p>\n\n<p>&nbsp;<\/p>\n\n<p>&nbsp;<\/p>\n\n<p>&nbsp;<\/p>\n\n<h3>mmmm<\/h3>\n<h3><em><a href=\"http:\/\/mmstudies.com\/pas\/gift\">IV ) NUTIDA INTERNATIONELL FORSKNING SOM ENH\u00c4LLIGT VEDERL\u00c4GGER PA(S)-KONCEPTET SOM OVETENSKAPLIGT<\/a><\/em><\/h3>\n<h3>mmmm<\/h3>\n\n<p>&nbsp;<\/p>\n\n<p>&nbsp;<\/p>\n<h3><em><a href=\"http:\/\/mmstudies.com\/pas\/svenska\">V ) SVENSKA KRITIKER AV PA(S)<\/a><\/em><\/h3>\n<p>&nbsp;<\/p>\n\n<p>&nbsp;<\/p>\n\n<p>&nbsp;<\/p>\n\n<p>&nbsp;<\/p>\n<h3><em><a href=\"http:\/\/mmstudies.com\/pas\/nutida\">VI ) NUTIDA SVENSKA PA(S)-LOBBYISTER<\/a><\/em><\/h3>\n<p>&nbsp;<\/p>\n\n<p>&nbsp;<\/p>\n\n<p>&nbsp;<\/p>\n\n<p>&nbsp;<\/p>\n<h3><em><a href=\"http:\/\/mmstudies.com\/pas\/praxis\">VII ) GENOMG\u00c5NG AV PRAXIS I SVENSKA DOMSTOLAR G\u00c4LLANDE BROTT &#8211; OCH TVISTEM\u00c5L MED GRUND I DOMESTIC VIOLENCE OCH \/ ELLER CHILD ABUSE<\/a><\/em><\/h3>\n<p>&nbsp;<\/p>\n\n<p>&nbsp;<\/p>\n\n<p>&nbsp;<\/p>\n\n<p>&nbsp;<\/p>\n\n<p>&nbsp;<\/p>\n\n<p>&nbsp;<\/p>\n<h3><em><a href=\"http:\/\/mmstudies.com\/pas\/byra\">VIII ) H\u00d6GKVALITATIV SVENSK FORSKNING SOM L\u00c4GGS I BYR\u00c5L\u00c5DORNA<\/a><\/em><\/h3>\n<p>&nbsp;<\/p>\n\n<p>&nbsp;<\/p>\n\n<p>&nbsp;<\/p>\n\t<h2>L\u00c4NKLISTA:<\/h2>\n<p>&nbsp;<\/p>\n<h3><em><a href=\"http:\/\/mmstudies.com\/pas\/\">I ) VAD \u00c4R\u00a0 PA(S)?<\/a><\/em><\/h3>\n<h3>I ) VAD \u00c4R PA(S)mmmm<\/h3>\n\n<h3>mmmm<\/h3>\n\n<p>&nbsp;<\/p>\n\n<p>&nbsp;<\/p>\n\n<p>&nbsp;<\/p>\n\n<h3><\/h3>\n<h3>mmmm<\/h3>\n<h3><em><a href=\"http:\/\/mmstudies.com\/pas\/vetenskap\">II ) VETENSKAP ELLER VIDSKEPLIGA F\u00d6RVILLELSER<\/a><\/em><\/h3>\n<p>&nbsp;<\/p>\n\n<p>&nbsp;<\/p>\n\n<p>&nbsp;<\/p>\n\n<p>&nbsp;<\/p>\n\n<p>&nbsp;<\/p>\n\n<p>&nbsp;<\/p>\n<h3><em><a href=\"http:\/\/mmstudies.com\/pas\/lytsy\">III ) LYTSY \/ BERGENSTEIN: BARN SOM TVINGAS V\u00c4LJA BORT EN F\u00d6R\u00c4LDER<\/a><\/em><\/h3>\n<p>&nbsp;<\/p>\n\n<p>&nbsp;<\/p>\n\n<p>&nbsp;<\/p>\n\n<p>&nbsp;<\/p>\n\n<h3>mmmm<\/h3>\n<h3><em><a href=\"http:\/\/mmstudies.com\/pas\/gift\">IV ) NUTIDA INTERNATIONELL FORSKNING SOM ENH\u00c4LLIGT VEDERL\u00c4GGER PA(S)-KONCEPTET SOM OVETENSKAPLIGT<\/a><\/em><\/h3>\n<h3>mmmm<\/h3>\n\n<p>&nbsp;<\/p>\n\n<p>&nbsp;<\/p>\n<h3><em><a href=\"http:\/\/mmstudies.com\/pas\/svenska\">V ) SVENSKA KRITIKER AV PA(S)<\/a><\/em><\/h3>\n<p>&nbsp;<\/p>\n\n<p>&nbsp;<\/p>\n\n<p>&nbsp;<\/p>\n\n<p>&nbsp;<\/p>\n<h3><em><a href=\"http:\/\/mmstudies.com\/pas\/nutida\">VI ) NUTIDA SVENSKA PA(S)-LOBBYISTER<\/a><\/em><\/h3>\n<p>&nbsp;<\/p>\n\n<p>&nbsp;<\/p>\n\n<p>&nbsp;<\/p>\n\n<p>&nbsp;<\/p>\n<h3><em><a href=\"http:\/\/mmstudies.com\/pas\/praxis\">VII ) GENOMG\u00c5NG AV PRAXIS I SVENSKA DOMSTOLAR G\u00c4LLANDE BROTT &#8211; OCH TVISTEM\u00c5L MED GRUND I DOMESTIC VIOLENCE OCH \/ ELLER CHILD ABUSE<\/a><\/em><\/h3>\n<p>&nbsp;<\/p>\n\n<p>&nbsp;<\/p>\n\n<p>&nbsp;<\/p>\n\n<p>&nbsp;<\/p>\n\n<p>&nbsp;<\/p>\n\n<p>&nbsp;<\/p>\n<h3><em><a href=\"http:\/\/mmstudies.com\/pas\/byra\">VIII ) H\u00d6GKVALITATIV SVENSK FORSKNING SOM L\u00c4GGS I BYR\u00c5L\u00c5DORNA<\/a><\/em><\/h3>\n<p>&nbsp;<\/p>\n\n<p>&nbsp;<\/p>\n\n<p>&nbsp;<\/p>\n\n","protected":false},"excerpt":{"rendered":"<p>RICHARD A. GARDNER &#8211; CITAT HISTORISK, MYTOLOGISK OCH RELIG\u00d6S \u00a0KONTEXT TILL GARDNERS VILLLOL\u00c4ROR F\u00f6r att komma Gardners s\u00e4tt att t\u00e4nka och kvinno-barnsyn litet n\u00e4rmre in p\u00e5 livet \u00e4r det till stor hj\u00e4lp att bekanta sig med hur hans egna uttalanden gestaltar sig, som tex dessa som inte kan definieras som annat \u00e4n rent ut sagt&#8230;<\/p>\n","protected":false},"author":1,"featured_media":0,"parent":0,"menu_order":0,"comment_status":"closed","ping_status":"closed","template":"full-width-page.php","meta":{"footnotes":""},"class_list":["post-700","page","type-page","status-publish","hentry"],"_links":{"self":[{"href":"http:\/\/mmstudies.com\/pas\/wp-json\/wp\/v2\/pages\/700","targetHints":{"allow":["GET"]}}],"collection":[{"href":"http:\/\/mmstudies.com\/pas\/wp-json\/wp\/v2\/pages"}],"about":[{"href":"http:\/\/mmstudies.com\/pas\/wp-json\/wp\/v2\/types\/page"}],"author":[{"embeddable":true,"href":"http:\/\/mmstudies.com\/pas\/wp-json\/wp\/v2\/users\/1"}],"replies":[{"embeddable":true,"href":"http:\/\/mmstudies.com\/pas\/wp-json\/wp\/v2\/comments?post=700"}],"version-history":[{"count":3,"href":"http:\/\/mmstudies.com\/pas\/wp-json\/wp\/v2\/pages\/700\/revisions"}],"predecessor-version":[{"id":1182,"href":"http:\/\/mmstudies.com\/pas\/wp-json\/wp\/v2\/pages\/700\/revisions\/1182"}],"wp:attachment":[{"href":"http:\/\/mmstudies.com\/pas\/wp-json\/wp\/v2\/media?parent=700"}],"curies":[{"name":"wp","href":"https:\/\/api.w.org\/{rel}","templated":true}]}}