{"id":741,"date":"2021-03-23T23:26:24","date_gmt":"2021-03-23T22:26:24","guid":{"rendered":"http:\/\/mmstudies.com\/pas\/?page_id=741"},"modified":"2021-07-16T15:46:45","modified_gmt":"2021-07-16T13:46:45","slug":"logik","status":"publish","type":"page","link":"http:\/\/mmstudies.com\/pas\/logik\/","title":{"rendered":"T\u00c4NK OM &#8211; T\u00c4NK TV\u00c4RTOM!"},"content":{"rendered":"\n\n\t\t\t\t<img loading=\"lazy\" decoding=\"async\" src=\"http:\/\/mmstudies.com\/pas\/wp-content\/uploads\/sites\/19\/2021\/03\/BAKGRUND-6.jpg\" alt=\"BAKGRUND 6\" itemprop=\"image\" height=\"818\" width=\"1024\" title=\"BAKGRUND 6\" onerror=\"this.style.display='none'\"  \/>\n\t<p>Bild av Issa<\/p>\n\n\t<h1>T\u00c4NK OM &#8211; T\u00c4NK TV\u00c4RTOM!<\/h1>\n<h2>L\u00e4r dig att r\u00e4tt kunna tolka tv\u00e4rtomt\u00e4nkets omv\u00e4nda logik!<\/h2>\n<h2><\/h2>\n<h2>En manual f\u00f6r identifiering av den typiska f\u00f6r\u00f6varmentalitet, som under 2000-talet utgjort doktrin inom systemet<\/h2>\n\t<p>Var finns logiken, st\u00e4ller sig den f.d kriminalinspekt\u00f6ren och idoga barnr\u00e4ttsk\u00e4mpem Monica Dahlstr\u00f6m-Lannes fr\u00e5gan i en artikel i AB debatt och Eskilstunakuriren fr\u00e5n \u00e5r 2013 med rubriken: <em><a href=\"https:\/\/ekuriren.se\/ledareasikter\/insandare\/1.1990684-logiken-haltar\">Logiken haltar &#8211;\u00a0V\u00e5ldsverkares egna barn b\u00f6r ocks\u00e5 skyddas<\/a><\/em>, ang\u00e5ende den m\u00e4rkliga tv\u00e4rtom-logik som g\u00e4ller i svensk r\u00e4ttsut\u00f6vning i fr\u00e5ga om v\u00e5rdnadsm\u00e5l. Men svaret lyser med sin fr\u00e5nvaro och ekar likar \u00f6dsligt mot en tom rymd, d\u00e5 som nu sju \u00e5r senare.<\/p>\n<h4><em>&#8221;En person som \u00e4r d\u00f6md f\u00f6r mord, v\u00e5lds- eller sexualbrott f\u00e5r inte arbeta med andras barn till exempel inom sjukv\u00e5rd, skola och barnomsorg. Men samme person kan f\u00e5 hela v\u00e5rdnaden om sina egna barn.&#8221;<\/em><\/h4>\n<h4><em>Borde inte ut\u00f6kad registerkontroll ocks\u00e5 g\u00e4lla f\u00f6r\u00e4ldrar?<\/em><\/h4>\n<h3>Monica Dahlstr\u00f6m-Lannes<\/h3>\n<p>P\u00e5 motsvarande s\u00e4tt kan man ocks\u00e5 fr\u00e5ga sig, var logiken finns i att underk\u00e4nna de utsatta m\u00f6drars f\u00f6r\u00e4ldraf\u00f6rm\u00e5ga, som \u00e4r utbildade och verksamma just inom skola och omsorg, som l\u00e4rare, rektorer, sjuksk\u00f6terskor, kuratorer, psykologer och psykiatriker\u00a0mm, och som s\u00e5dana s\u00e5ledes utrustade med betydligt mycket mer sakkunskap om och erfarenhet av barn och barns behov, \u00e4n de socialsekreterare, domare \u00a0och n\u00e4mndem\u00e4n, som \u00e4r satta att ta beslut \u00f6ver dem och deras barns liv. De anses allts\u00e5 betrodda att handha <em>andras<\/em> barn, men inte sina <em>egna,<\/em> och\u00a0inte lika betrodda som deras och \/ eller deras barns misst\u00e4nkta f\u00f6r\u00f6vare.<\/p>\n<p>De myndighetsut\u00f6vare, i vars h\u00e4nder v\u00e5ldsutsatta f\u00f6r\u00e4ldrars och barns liv h\u00e4nger och dinglar, sv\u00e4var h\u00f6gt \u00f6ver deras huvuden i en on\u00e5bar rymd av obegripliga mystifikationer, d\u00e4r b\u00e5de fakta och logik bytts ut mot sin egen motsats. L\u00f6gn = sanning,\u00a0 svart = vitt och vitt = svart. Orsak har f\u00e5tt byta plats med verkan och offer med f\u00f6r\u00f6vare.<\/p>\n<p>N\u00e4stan allt vad de sj\u00e4lvupph\u00f6jda v\u00e4sen g\u00f6r, t\u00e4nker och s\u00e4ger, som vistas i den Orwellska tv\u00e4rsom-v\u00e4rldens h\u00f6gre boningar betyder motsatsen till det de g\u00f6r, t\u00e4nker och s\u00e4ger.<\/p>\n\n<p>Man skulle ocks\u00e5 kunna tro att de f\u00f6r\u00e4ldrar som ensamma blir tilld\u00f6mda v\u00e5rdnaden, och d\u00e4rmed f\u00f6rses med all makt, ocks\u00e5 f<em>\u00f6rv\u00e4ntades kunna ta ansvar<\/em>, \u00e5tminstone f\u00f6r sig sj\u00e4lva.<\/p>\n\n<p><em>S\u00e5<\/em> l\u00e5ngt b\u00f6rjar man alltmer inse faktum, att det som i tv\u00e4rtom-logiken ben\u00e4mns som <em>&#8221;barnets b\u00e4sta&#8221;<\/em> inte alls betyder det, utan tv\u00e4rtom <em>den f\u00f6r\u00e4lderns b\u00e4sta<\/em> som tar <em>minst ansvar<\/em> f\u00f6r det som \u00e4r b\u00e4st f\u00f6r barnet och <em>beter sig som ett ansvarsl\u00f6st barn sj\u00e4lv.<\/em> Ofta i skriande behov av den andra f\u00f6r\u00e4lderns vuxna omsorger, inte minst i form av de intonande och ink\u00e4nnande och milt \u00f6verseende och hj\u00e4lpande modersomsorger, som d\u00e4remot inte godk\u00e4nns i f\u00f6rh\u00e5llande till barn, som ju, som sagt, ist\u00e4llet ska <em>p\u00e5verkas<\/em>. Och det antagligen f\u00f6r att r\u00e4tt kunna ge den hj\u00e4lpbeh\u00f6vande vuxne de omsorger, som f\u00f6rsvann med den andra f\u00f6r\u00e4ldern.<\/p>\n<p>N\u00e4r man v\u00e4l uppn\u00e5tt s\u00e5 mycket insikt i hur tv\u00e4rtom-logikens grundl\u00e4ggande principer ser ut, blir det genast mycket enklare att med dess hj\u00e4lp orientera sig och g\u00f6ra de korrekta \u00f6vers\u00e4ttningarna av budskapen som f\u00f6rmedlas. Det \u00e4r helt enkelt bara att v\u00e4nda dem 180\u00b0 om till sin egen motsats.<\/p>\n<p>Om en f\u00f6r\u00e4lder tex ut\u00f6vat grovt psykiskt, fysiskt v\u00e5ld och sexuella \u00f6vergrepp gentemot \u00a0barnen och dito den andra f\u00f6r\u00e4ldern, borde det, enligt normalv\u00e4rldens s\u00e4tt att se p\u00e5 saken, bed\u00f6mas utg\u00f6ra tillr\u00e4ckligt starka riskfaktorer, f\u00f6r att underl\u00e5ta att tilld\u00f6ma densamma v\u00e5rdnaden, utan kanske ist\u00e4llet i b\u00e4sta fall enbart \u00f6vervakat umg\u00e4nge, om ens det.<\/p>\n<p>Men si, s\u00e5 fungerar det inte heller alls i tv\u00e4rtom-v\u00e4rldens omv\u00e4nda logik, utan tv\u00e4rtom \u00e4r det naturligtvis &#8211; och nu b\u00f6rjar ni kanske redan ana vart\u00e5t det lutar &#8211; just de f\u00f6r\u00e4ldrar som tyckt sig haft anledning att skydda barnen mot v\u00e5ldsut\u00f6vningen, som kriminaliseras som de<em>\u00a0verkliga<\/em> brottslingarna och d\u00e4rmed blir av med v\u00e5rdnaden &#8211; till sina skyddslingars f\u00f6r\u00f6vare.<\/p>\n<p>Det f\u00f6ruts\u00e4tts n\u00e4mligen, att just den f\u00f6r\u00e4lder som <em>p\u00e5verkar<\/em> barn, dvs uts\u00e4tter det f\u00f6r hot, psykiskt och fysiskt v\u00e5ld, utpressning och maktmedel mot den andra f\u00f6r\u00e4ldern, \u00e4r den som b\u00e4st kan antas s\u00f6rja f\u00f6r deras behov av en n\u00e4ra och god kontakt med <em>b\u00e5da<\/em> sina f\u00f6r\u00e4ldrar.<\/p>\n\n<p>I synnerhet som det tillh\u00f6r numera v\u00e4l dokumenterad kunskap i normalv\u00e4rlden, att f\u00f6r\u00e4ldrar som ut\u00f6var v\u00e5ld och \/ eller sexuella \u00f6vergrepp gentemot barn, ocks\u00e5 alltsomoftast lider av ett sjukligt kontrollbehov, vari de sm\u00e5, s\u00e4rskilt under tiden <em>efter<\/em> separationen, brukar komma v\u00e4l till pass som spelbrickor f\u00f6r att h\u00e5lla den andra f\u00f6r\u00e4ldern kvar i r\u00e4tt ruta p\u00e5 schackbr\u00e4det. Allts\u00e5 ser denna typ av f\u00f6r\u00e4ldrar nogsamt till att umg\u00e4nget minskas ner till ett minimum eller inhiberas till noll och intet. S\u00e4rskilt om de &#8221;obstruerar&#8221; gentemot tv\u00e4rtom-t\u00e4nkets inneboende logik genom att &#8221;br\u00e5ka&#8221; med anm\u00e4lningar om att barnen alieneras fr\u00e5n dem. F\u00f6r det anses uts\u00e4tta barnen f\u00f6r nya faror att &#8221;dras in i konflikten&#8221; osv.<\/p>\n<p>Det \u00e4r i varje fall vad dom som befinner sig i den undre normalv\u00e4rlden bara alltf\u00f6r ofta tvingas erfara, men som inga av de fr\u00e5nvarande myndighetsv\u00e4sen som bor i h\u00f6jden tycks intressera sig f\u00f6r. De har inte ens \u00a0en aning om hur det katastrofala el\u00e4nde som deras tv\u00e4rtom-principer st\u00e4llt till det f\u00f6r de barn, vars r\u00e4ttsskydd de \u00e4r satta att f\u00f6rsvara.<\/p>\n<p>Dom tycks ha trasslat in sig i s\u00e5na gudomligt ouppn\u00e5eliga tv\u00e4rtom-principer att dom tappat \u00a0 b\u00e5de karta, kompassa ochmarkkontakt.<\/p>\n<p>Men det \u00e4r inte s\u00e5 konstigt eftersom deras luftslottsbygge, inte heller, precis som <a href=\"http:\/\/mmstudies.com\/pas\/singer\">professorn i civilr\u00e4tt, Anna Singer, konstaterat<\/a>\u00a0har n\u00e5gonting med verkligheten att g\u00f6ra och att det \u00e4r just d\u00e4rf\u00f6r som fru Justitia har en bindel f\u00f6r \u00f6gonen.<\/p>\n<p>S\u00e5 vad finns f\u00f6r svar p\u00e5 Monica Dahlstr\u00f6ms fr\u00e5ga i dag?<\/p>\n\n<p>&nbsp;<\/p>\n<p>&nbsp;<\/p>\n\t<h2>L\u00c4NKLISTA:<\/h2>\n<p>&nbsp;<\/p>\n<h3><em><a href=\"http:\/\/mmstudies.com\/pas\/\">I ) VAD \u00c4R\u00a0 PA(S)?<\/a><\/em><\/h3>\n<h3>I ) VAD \u00c4R PA(S)mmmm<\/h3>\n\n<h3>mmmm<\/h3>\n\n<p>&nbsp;<\/p>\n\n<p>&nbsp;<\/p>\n\n<p>&nbsp;<\/p>\n\n<h3><\/h3>\n<h3>mmmm<\/h3>\n<h3><em><a href=\"http:\/\/mmstudies.com\/pas\/vetenskap\">II ) VETENSKAP ELLER VIDSKEPLIGA F\u00d6RVILLELSER<\/a><\/em><\/h3>\n<p>&nbsp;<\/p>\n\n<p>&nbsp;<\/p>\n\n<p>&nbsp;<\/p>\n\n<p>&nbsp;<\/p>\n\n<p>&nbsp;<\/p>\n\n<p>&nbsp;<\/p>\n<h3><em><a href=\"http:\/\/mmstudies.com\/pas\/lytsy\">III ) LYTSY \/ BERGENSTEIN: BARN SOM TVINGAS V\u00c4LJA BORT EN F\u00d6R\u00c4LDER<\/a><\/em><\/h3>\n<p>&nbsp;<\/p>\n\n<p>&nbsp;<\/p>\n\n<p>&nbsp;<\/p>\n\n<p>&nbsp;<\/p>\n\n<h3>mmmm<\/h3>\n<h3><em><a href=\"http:\/\/mmstudies.com\/pas\/gift\">IV ) NUTIDA INTERNATIONELL FORSKNING SOM ENH\u00c4LLIGT VEDERL\u00c4GGER PA(S)-KONCEPTET SOM OVETENSKAPLIGT<\/a><\/em><\/h3>\n<h3>mmmm<\/h3>\n\n<p>&nbsp;<\/p>\n\n<p>&nbsp;<\/p>\n<h3><em><a href=\"http:\/\/mmstudies.com\/pas\/svenska\">V ) SVENSKA KRITIKER AV PA(S)<\/a><\/em><\/h3>\n<p>&nbsp;<\/p>\n\n<p>&nbsp;<\/p>\n\n<p>&nbsp;<\/p>\n\n<p>&nbsp;<\/p>\n<h3><em><a href=\"http:\/\/mmstudies.com\/pas\/nutida\">VI ) NUTIDA SVENSKA PA(S)-LOBBYISTER<\/a><\/em><\/h3>\n<p>&nbsp;<\/p>\n\n<p>&nbsp;<\/p>\n\n<p>&nbsp;<\/p>\n\n<p>&nbsp;<\/p>\n<h3><em><a href=\"http:\/\/mmstudies.com\/pas\/praxis\">VII ) GENOMG\u00c5NG AV PRAXIS I SVENSKA DOMSTOLAR G\u00c4LLANDE BROTT &#8211; OCH TVISTEM\u00c5L MED GRUND I DOMESTIC VIOLENCE OCH \/ ELLER CHILD ABUSE<\/a><\/em><\/h3>\n<p>&nbsp;<\/p>\n\n<p>&nbsp;<\/p>\n\n<p>&nbsp;<\/p>\n\n<p>&nbsp;<\/p>\n\n<p>&nbsp;<\/p>\n\n<p>&nbsp;<\/p>\n<h3><em><a href=\"http:\/\/mmstudies.com\/pas\/byra\">VIII ) H\u00d6GKVALITATIV SVENSK FORSKNING SOM L\u00c4GGS I BYR\u00c5L\u00c5DORNA<\/a><\/em><\/h3>\n<p>&nbsp;<\/p>\n\n<p>&nbsp;<\/p>\n\n<p>&nbsp;<\/p>\n\t<h2>L\u00c4NKLISTA:<\/h2>\n<p>&nbsp;<\/p>\n<h3><em><a href=\"http:\/\/mmstudies.com\/pas\/\">I ) VAD \u00c4R\u00a0 PA(S)?<\/a><\/em><\/h3>\n<h3>I ) VAD \u00c4R PA(S)mmmm<\/h3>\n\n<h3>mmmm<\/h3>\n\n<p>&nbsp;<\/p>\n\n<p>&nbsp;<\/p>\n\n<p>&nbsp;<\/p>\n\n<h3><\/h3>\n<h3>mmmm<\/h3>\n<h3><em><a href=\"http:\/\/mmstudies.com\/pas\/vetenskap\">II ) VETENSKAP ELLER VIDSKEPLIGA F\u00d6RVILLELSER<\/a><\/em><\/h3>\n<p>&nbsp;<\/p>\n\n<p>&nbsp;<\/p>\n\n<p>&nbsp;<\/p>\n\n<p>&nbsp;<\/p>\n\n<p>&nbsp;<\/p>\n\n<p>&nbsp;<\/p>\n<h3><em><a href=\"http:\/\/mmstudies.com\/pas\/lytsy\">III ) LYTSY \/ BERGENSTEIN: BARN SOM TVINGAS V\u00c4LJA BORT EN F\u00d6R\u00c4LDER<\/a><\/em><\/h3>\n<p>&nbsp;<\/p>\n\n<p>&nbsp;<\/p>\n\n<p>&nbsp;<\/p>\n\n<p>&nbsp;<\/p>\n\n<h3>mmmm<\/h3>\n<h3><em><a href=\"http:\/\/mmstudies.com\/pas\/gift\">IV ) NUTIDA INTERNATIONELL FORSKNING SOM ENH\u00c4LLIGT VEDERL\u00c4GGER PA(S)-KONCEPTET SOM OVETENSKAPLIGT<\/a><\/em><\/h3>\n<h3>mmmm<\/h3>\n\n<p>&nbsp;<\/p>\n\n<p>&nbsp;<\/p>\n<h3><em><a href=\"http:\/\/mmstudies.com\/pas\/svenska\">V ) SVENSKA KRITIKER AV PA(S)<\/a><\/em><\/h3>\n<p>&nbsp;<\/p>\n\n<p>&nbsp;<\/p>\n\n<p>&nbsp;<\/p>\n\n<p>&nbsp;<\/p>\n<h3><em><a href=\"http:\/\/mmstudies.com\/pas\/nutida\">VI ) NUTIDA SVENSKA PA(S)-LOBBYISTER<\/a><\/em><\/h3>\n<p>&nbsp;<\/p>\n\n<p>&nbsp;<\/p>\n\n<p>&nbsp;<\/p>\n\n<p>&nbsp;<\/p>\n<h3><em><a href=\"http:\/\/mmstudies.com\/pas\/praxis\">VII ) GENOMG\u00c5NG AV PRAXIS I SVENSKA DOMSTOLAR G\u00c4LLANDE BROTT &#8211; OCH TVISTEM\u00c5L MED GRUND I DOMESTIC VIOLENCE OCH \/ ELLER CHILD ABUSE<\/a><\/em><\/h3>\n<p>&nbsp;<\/p>\n\n<p>&nbsp;<\/p>\n\n<p>&nbsp;<\/p>\n\n<p>&nbsp;<\/p>\n\n<p>&nbsp;<\/p>\n\n<p>&nbsp;<\/p>\n<h3><em><a href=\"http:\/\/mmstudies.com\/pas\/byra\">VIII ) H\u00d6GKVALITATIV SVENSK FORSKNING SOM L\u00c4GGS I BYR\u00c5L\u00c5DORNA<\/a><\/em><\/h3>\n<p>&nbsp;<\/p>\n\n<p>&nbsp;<\/p>\n\n<p>&nbsp;<\/p>\n\n","protected":false},"excerpt":{"rendered":"<p>Bild av Issa T\u00c4NK OM &#8211; T\u00c4NK TV\u00c4RTOM! L\u00e4r dig att r\u00e4tt kunna tolka tv\u00e4rtomt\u00e4nkets omv\u00e4nda logik! En manual f\u00f6r identifiering av den typiska f\u00f6r\u00f6varmentalitet, som under 2000-talet utgjort doktrin inom systemet Var finns logiken, st\u00e4ller sig den f.d kriminalinspekt\u00f6ren och idoga barnr\u00e4ttsk\u00e4mpem Monica Dahlstr\u00f6m-Lannes fr\u00e5gan i en artikel i AB debatt och Eskilstunakuriren fr\u00e5n&#8230;<\/p>\n","protected":false},"author":1,"featured_media":0,"parent":0,"menu_order":0,"comment_status":"closed","ping_status":"closed","template":"full-width-page.php","meta":{"footnotes":""},"class_list":["post-741","page","type-page","status-publish","hentry"],"_links":{"self":[{"href":"http:\/\/mmstudies.com\/pas\/wp-json\/wp\/v2\/pages\/741","targetHints":{"allow":["GET"]}}],"collection":[{"href":"http:\/\/mmstudies.com\/pas\/wp-json\/wp\/v2\/pages"}],"about":[{"href":"http:\/\/mmstudies.com\/pas\/wp-json\/wp\/v2\/types\/page"}],"author":[{"embeddable":true,"href":"http:\/\/mmstudies.com\/pas\/wp-json\/wp\/v2\/users\/1"}],"replies":[{"embeddable":true,"href":"http:\/\/mmstudies.com\/pas\/wp-json\/wp\/v2\/comments?post=741"}],"version-history":[{"count":23,"href":"http:\/\/mmstudies.com\/pas\/wp-json\/wp\/v2\/pages\/741\/revisions"}],"predecessor-version":[{"id":1321,"href":"http:\/\/mmstudies.com\/pas\/wp-json\/wp\/v2\/pages\/741\/revisions\/1321"}],"wp:attachment":[{"href":"http:\/\/mmstudies.com\/pas\/wp-json\/wp\/v2\/media?parent=741"}],"curies":[{"name":"wp","href":"https:\/\/api.w.org\/{rel}","templated":true}]}}