{"id":982,"date":"2021-03-28T13:07:19","date_gmt":"2021-03-28T11:07:19","guid":{"rendered":"http:\/\/mmstudies.com\/pas\/?page_id=982"},"modified":"2023-05-03T15:57:53","modified_gmt":"2023-05-03T13:57:53","slug":"svenskt","status":"publish","type":"page","link":"http:\/\/mmstudies.com\/pas\/svenskt\/","title":{"rendered":"SVENSKT AVST\u00c5NDSTSGANDE TILL PA(S)"},"content":{"rendered":"\n\n\t\t\t\t<img loading=\"lazy\" decoding=\"async\" src=\"http:\/\/mmstudies.com\/pas\/wp-content\/uploads\/sites\/19\/2021\/03\/86766312_2624650224432283_142010362043039744_o.jpg\" alt=\"86766312_2624650224432283_142010362043039744_o\" itemprop=\"image\" height=\"826\" width=\"1139\" title=\"86766312_2624650224432283_142010362043039744_o\" onerror=\"this.style.display='none'\"  \/>\n\t<p>SVENSKT AVST\u00c5NDSTAGANDE TILL PAS \/ F\u00d6R\u00c4LDRAALIENATION<\/p>\n<h3>MMMMM<\/h3>\n<p><a href=\"http:\/\/mmstudies.com\/eftervaldet\/robson\">Lista sammanst\u00e4lld av juristen Carolin Robson till sin hemst\u00e4llan till regeringen och myndigheterna 2013 \u00bb<\/a><\/p>\n<h4>mmmmm<\/h4>\n<p>Riksdagen avslagit (M) motion om att inf\u00f6ra PAS som ett begrepp svensk r\u00e4tt (2008\/09:C455)<\/p>\n<p>&nbsp;<\/p>\n<p>Regeringen uttalat att syftet med PAS \u00e4r att ifr\u00e5gas\u00e4tta barnets ber\u00e4ttelse om \u00f6vergrepp eller kr\u00e4nkningar och att inget barn ska tvingas erfara att de ber\u00e4ttat f\u00f6r personer eller myndigheter om kr\u00e4nkningar utan att ha blivit tagen p\u00e5 allvar; utan att ha blivit hj\u00e4lpt (S2012\/8441\/Sr, S2009\/8690\/Sr)<\/p>\n<p>&nbsp;<\/p>\n<p>Socialstyrelsen uttalat att PAS-modellen inte \u00e4r en evidensbaserad bed\u00f6mningsmetod vid v\u00e5rdnadstvister (Dnr 2-3160\/2010)<\/p>\n<p>&nbsp;<\/p>\n<p>Barnombudsmannen uttalat att anv\u00e4ndning av PAS i utredningar avseende v\u00e5rdnad, boende och umg\u00e4nge \u00e4r ol\u00e4mpligt (Dnr 2.1: 0321\/11)<\/p>\n<p>&nbsp;<\/p>\n<p>R\u00e4dda Barnen uttalat att PAS och liknande icke evidensbaserade metoder anv\u00e4nds f\u00f6r att bortse fr\u00e5n barns ber\u00e4ttelser om hot, v\u00e5ld och andra \u00f6vergrepp (Riksm\u00f6tet 2012)<\/p>\n<p>&nbsp;<\/p>\n<p>BRIS uttalat man inte vill bli sammankopplad med PAS<\/p>\n<p>&nbsp;<\/p>\n<p>Specialisten i Barn- och ungdomspsykiatri \u00f6verl\u00e4karen Anders Brynge uttalat att begreppet PAS\/f\u00f6r\u00e4ldraalienation saknar empirisk f\u00f6rankring och d\u00e4rf\u00f6r \u00e4r oanv\u00e4ndbart juridiskt &#8211; &#8221;Att f\u00f6rlora sig i spekulationer om st\u00f6rd narcissistisk sj\u00e4lvbild hos den ena parten i en skilsm\u00e4ssotvist \u00e4r inte en m\u00f6jlig argumentations linje i en r\u00e4ttssal.&#8221; (Psykologtidningen 8\/08)<\/p>\n<p>&nbsp;<\/p>\n<p>Psykologf\u00f6rbundet har motiverat uteslutningen av Lena Hellblom Sj\u00f6gren med att hon allvarligt handlat i strid med de yrkesetiska principerna, hennes agerande tillsammans med of\u00f6rm\u00e5gan till etisk diskussion \u00e4r till skada f\u00f6r professionen, genom att undergr\u00e4va tilltron till psykologisk opartiskhet som expert i domstolar s\u00e5 forts\u00e4tter domstol och familjer\u00e4tt att \u00e5beropa PAS f\u00f6r att avf\u00e4rda barns ber\u00e4ttelser om hot, v\u00e5ld och \u00f6vergrepp.<\/p>\n<p>&nbsp;<\/p>\n<p>Domstolars st\u00e4llningstagande mot PAS och dess f\u00f6retr\u00e4dare:<\/p>\n<p>&nbsp;<\/p>\n<p>Svea Hovr\u00e4tt (B 2274\/92); Titeln vittnespsykolog \u00e4r inte heller lagligt skyddad. Alla vittnespsykologer \u00e4r inte legitimerade psykologer. Det \u00e4r dock Lena Hellblom-Sj\u00f6gren som dessutom \u00e4r filosofie doktor. Det l\u00e5ter \u00f6vertygande, men juristerna informeras inte om att hon erh\u00e5llit sin doktorstitel i \u00e4mnet &#8221;demokratin inom arbetarr\u00f6relsen&#8221; och inte alls i det \u00e4mne hon f\u00f6rs\u00f6ker f\u00e5 domstolarna att tro.<\/p>\n<p>&nbsp;<\/p>\n<p>Svea Hovr\u00e4tt (B 2066\/97); B\u00e5de det skriftliga utl\u00e5tandet och p\u00e5 det s\u00e4tt p\u00e5 vilket Lena Hellbom- Sj\u00f6gren uttalat sig i hovr\u00e4tten ger enligt hovr\u00e4ttens mening anledning att ifr\u00e5gas\u00e4tta hennes opartiskhet.<\/p>\n<p>&nbsp;<\/p>\n<p>\u00d6stersunds tingsr\u00e4tt (B 2988-08); Tingsr\u00e4tten konstaterar d\u00e4rvid att den utredning som presenterats av Hellblom Sj\u00f6gren, som saknar forskarkompetens inom omr\u00e5det och inte heller synes arbeta kliniskt med aktuella fr\u00e5gor, framst\u00e5r som vetenskapligt sett ohederlig.<\/p>\n<p>&nbsp;<\/p>\n<p>Svea hovr\u00e4tt (B 2915\/09); r\u00e4tten delar emellertid inte Lena Hellbloms uppfattning varken betr\u00e4ffande hennes bed\u00f6mning av uppgifternas detaljrikedom eller hennes tolkning av uppkomstbetingelserna. Hon har i sin bed\u00f6mning av m\u00e5ls\u00e4gandens uppgifter generellt utg\u00e5tt fr\u00e5n vuxenv\u00e4rldens tolkning.<\/p>\n\t<h2>L\u00c4NKLISTA:<\/h2>\n<p>&nbsp;<\/p>\n<h3><em><a href=\"http:\/\/mmstudies.com\/pas\/\">I ) VAD \u00c4R\u00a0 PA(S)?<\/a><\/em><\/h3>\n<h3>I ) VAD \u00c4R PA(S)mmmm<\/h3>\n<p><em><a href=\"http:\/\/mmstudies.com\/pas\/svenskt\">SVENSKT AVST\u00c5NDSTAGANDE TILL PAS<\/a><\/em><\/p>\n<h3>mmmm<\/h3>\n<p><em><a href=\"http:\/\/mmstudies.com\/pas\/8\">R. A. GARDNERS 8 KRITERIER P\u00c5 UTSATTHET F\u00d6R PA(S)<\/a><\/em><\/p>\n<p>&nbsp;<\/p>\n<p><em><a href=\"http:\/\/mmstudies.com\/pas\/citat\">R.A. GARDNER &#8211; CITAT<\/a><\/em><\/p>\n<p>&nbsp;<\/p>\n<p><em><a href=\"http:\/\/mmstudies.com\/pas\/kontext\">HISTORISK \/ ANTROPOLOGISK \/ MYTOLOGISK \/ RELIGI\u00d6S KONTEXT TILL PA(S)<\/a><\/em><\/p>\n<p>&nbsp;<\/p>\n<p><em><a href=\"http:\/\/mmstudies.com\/pas\/reform\">JU FLER REFORMER &#8211; DESTO MER URHOLKAT R\u00c4TTSSKYDD<\/a><\/em><\/p>\n\n<h3>mmmm<\/h3>\n<h3><em><a href=\"http:\/\/mmstudies.com\/pas\/vetenskap\">II ) VETENSKAP ELLER VIDSKEPLIGA F\u00d6RVILLELSER<\/a><\/em><\/h3>\n<p>&nbsp;<\/p>\n<p><em><a href=\"http:\/\/mmstudies.com\/pas\/detekt\">DETEKTERING AV PA(S)<\/a><\/em><\/p>\n<p>&nbsp;<\/p>\n<p><em><a href=\"http:\/\/mmstudies.com\/pas\/darvo\">F\u00d6R\u00d6VARSTRATEGIERNA DARVO<\/a><\/em><\/p>\n<p>&nbsp;<\/p>\n<p><em><a href=\"http:\/\/mmstudies.com\/pas\/logik\">T\u00c4NK OM &#8211;\u00a0T\u00c4NK TV\u00c4RTOM<\/a><\/em><\/p>\n<p>&nbsp;<\/p>\n<p><em><a href=\"http:\/\/mmstudies.com\/pas\/rora\">EN TYDLIGG\u00d6RANDE BEGREPPSAPPARAT F\u00d6R ATT ST\u00c4DA UPP I PA(S)-LOBBYISMENS BEGREPPSR\u00d6RA<\/a><\/em><\/p>\n<p>&nbsp;<\/p>\n<p><em><a href=\"http:\/\/mmstudies.com\/pas\/kamp\">&#8221;K\u00d6NSKRIG&#8221; &#8211; ELLER KAMP F\u00d6R KVINNORS OCH BARNS M\u00c4NSKLIGA R\u00c4TTIGHETER<\/a><\/em><\/p>\n<p>&nbsp;<\/p>\n<h3><em><a href=\"http:\/\/mmstudies.com\/pas\/lytsy\">III ) LYTSY \/ BERGENSTEIN: BARN SOM TVINGAS V\u00c4LJA BORT EN F\u00d6R\u00c4LDER<\/a><\/em><\/h3>\n<p>&nbsp;<\/p>\n<p><em><a href=\"http:\/\/mmstudies.com\/pas\/rejmer\">ANNIKA REJMER &#8211; F\u00c5GEL ELLER FISK?<\/a><\/em><\/p>\n<p>&nbsp;<\/p>\n<p><em><a href=\"http:\/\/mmstudies.com\/pas\/singer\">FRU JUSTITIAS FAKTARESISTENS = &#8221;OBJEKTIVITET&#8221; ? INTERVJU MED ANNA SINGER<\/a><\/em><\/p>\n<p>&nbsp;<\/p>\n<p><em><a href=\"http:\/\/mmstudies.com\/pas\/sjosten\">LYTSYS INTERVJU MED LAGMAN MATS SJ\u00d6STEN\u00a0<\/a><\/em><\/p>\n<p>&nbsp;<\/p>\n<p><em><a href=\"http:\/\/mmstudies.com\/pas\/lars\">LYTSYS INTERVJU MED BARNL\u00c4KAREN LARS H. GUSTAVSSON<\/a><\/em><\/p>\n<h3>mmmm<\/h3>\n<h3><em><a href=\"http:\/\/mmstudies.com\/pas\/gift\">IV ) NUTIDA INTERNATIONELL FORSKNING SOM ENH\u00c4LLIGT VEDERL\u00c4GGER PA(S)-KONCEPTET SOM OVETENSKAPLIGT<\/a><\/em><\/h3>\n<h3>mmmm<\/h3>\n<p><em><a href=\"http:\/\/mmstudies.com\/pas\/hoult\">JENNIFER HOULTS OMFATTANDE GENOMG\u00c5NG AV PAS-LOBBYISMENS OHEDERLIGA METODER<\/a><\/em><\/p>\n<p>&nbsp;<\/p>\n<p><em><a href=\"http:\/\/mmstudies.com\/pas\/joan\">M\u00d6DRAR DISKRIMINERAS TILL F\u00d6RM\u00c5N F\u00d6R V\u00c5LDSUT\u00d6VANDE F\u00c4DER\u00a0 MED HJ\u00c4LP AV\u00a0PA(S)<\/a><\/em><\/p>\n<p>&nbsp;<\/p>\n<h3><em><a href=\"http:\/\/mmstudies.com\/pas\/svenska\">V ) SVENSKA KRITIKER AV PA(S)<\/a><\/em><\/h3>\n<p>&nbsp;<\/p>\n<p><em><a href=\"http:\/\/mmstudies.com\/pas\/widell\">STEFAN WIDELLS BREV 2011 TILL POL. SAKKUNNIG U. LINDGREN OCH HANS \u00a0GODDA YXSKAFT- SVAR<\/a><\/em><\/p>\n<p>&nbsp;<\/p>\n<p><em><a href=\"http:\/\/mmstudies.com\/pas\/gp\">STEFAN WIDELLS ARTIKEL OM PAS I GP 2011<\/a><\/em><\/p>\n<p>&nbsp;<\/p>\n<p><em><a href=\"http:\/\/mmstudies.com\/pas\/brynge\">BRYNGE: L\u00c4S LENA HELLBLOM SJ\u00d6GRENS ARTIKELN SOM EN SAGA<\/a><\/em><\/p>\n<p>&nbsp;<\/p>\n<h3><em><a href=\"http:\/\/mmstudies.com\/pas\/nutida\">VI ) NUTIDA SVENSKA PA(S)-LOBBYISTER<\/a><\/em><\/h3>\n<p>&nbsp;<\/p>\n<p><em><a href=\"http:\/\/mmstudies.com\/pas\/sikstrom\">PROFESSOR SVERKER SIKSTR\u00d6M UPPFINNER HJULET P\u00c5 NYTT<\/a><\/em><\/p>\n<p>&nbsp;<\/p>\n<p><em><a href=\"http:\/\/mmstudies.com\/pas\/leo\">LEKTOR LEONARD NGAOSUVAN<\/a><\/em><\/p>\n<p>&nbsp;<\/p>\n<p><em><a href=\"http:\/\/mmstudies.com\/pas\/magee\">F D. JURIDIKSTUD. NIKLAS MAGEE MATELUNA<\/a><\/em><\/p>\n<p>&nbsp;<\/p>\n<h3><em><a href=\"http:\/\/mmstudies.com\/pas\/praxis\">VII ) GENOMG\u00c5NG AV PRAXIS I SVENSKA DOMSTOLAR G\u00c4LLANDE BROTT &#8211; OCH TVISTEM\u00c5L MED GRUND I DOMESTIC VIOLENCE OCH \/ ELLER CHILD ABUSE<\/a><\/em><\/h3>\n<p>&nbsp;<\/p>\n<p><em><a href=\"http:\/\/mmstudies.com\/pas\/ansvar\/\">REGERINGEN AVSV\u00c4R SIG ANSVAR F\u00d6R DOMARK\u00c5RENS KOMPETENSUTVECKLING<\/a><\/em><\/p>\n<p>&nbsp;<\/p>\n<p><em><a href=\"http:\/\/mmstudies.com\/pas\/medling\">SAMARBETSSAMTAL OCH MEDLING<\/a><\/em><\/p>\n<p>&nbsp;<\/p>\n<p><em><a href=\"http:\/\/mmstudies.com\/pas\/hanthe\">ULV I F\u00c5RAKL\u00c4DER &#8211; &#8221;MEDLAREN&#8221; PETER HANTHE<\/a><\/em><\/p>\n<p>&nbsp;<\/p>\n<p><em><a href=\"http:\/\/mmstudies.com\/pas\/bo\">BO:s YTTRANDE \u00d6VER 2002 \u00c5RS V\u00c5RDNADSKOMMITT\u00c9<\/a><\/em><\/p>\n<p>&nbsp;<\/p>\n<p><em><a href=\"http:\/\/mmstudies.com\/pas\/hot\">MAMMORS BESKYDDARINSTINKT &#8211; ETT HOT MOT BARN?<\/a><\/em><\/p>\n<p>&nbsp;<\/p>\n<h3><em><a href=\"http:\/\/mmstudies.com\/pas\/byra\">VIII ) H\u00d6GKVALITATIV SVENSK FORSKNING SOM L\u00c4GGS I BYR\u00c5L\u00c5DORNA<\/a><\/em><\/h3>\n<p>&nbsp;<\/p>\n<p><em><a href=\"http:\/\/mmstudies.com\/pas\/dam\">Forskningsrapport av Eva Lundgren, Gun Heimer, Jenny Westerstrand, Anne-Marie Kalliokoski \/\u00a0 n\u00e5gra inledande avsnitt<\/a><\/em><\/p>\n<p>&nbsp;<\/p>\n<p><em><a href=\"http:\/\/mmstudies.com\/pas\/dam2\">Forskningsrapport av Eva Lundgren, Gun Heimer, Jenny Westerstrand, Anne-Marie Kalliokoski\/ sammanfattning &amp; kommentarhttp:\/\/mmstudies.com\/pas\/<\/a><\/em><\/p>\n<p>&nbsp;<\/p>\n\t<h2>L\u00c4NKLISTA:<\/h2>\n<p>&nbsp;<\/p>\n<h3><em><a href=\"http:\/\/mmstudies.com\/pas\/\">I ) VAD \u00c4R\u00a0 PA(S)?<\/a><\/em><\/h3>\n<h3>I ) VAD \u00c4R PA(S)mmmm<\/h3>\n<p><em><a href=\"http:\/\/mmstudies.com\/pas\/svenskt\">SVENSKT AVST\u00c5NDSTAGANDE TILL PAS<\/a><\/em><\/p>\n<h3>mmmm<\/h3>\n<p><em><a href=\"http:\/\/mmstudies.com\/pas\/8\">R. A. GARDNERS 8 KRITERIER P\u00c5 UTSATTHET F\u00d6R PA(S)<\/a><\/em><\/p>\n<p>&nbsp;<\/p>\n<p><em><a href=\"http:\/\/mmstudies.com\/pas\/citat\">R.A. GARDNER &#8211; CITAT<\/a><\/em><\/p>\n<p>&nbsp;<\/p>\n<p><em><a href=\"http:\/\/mmstudies.com\/pas\/kontext\">HISTORISK \/ ANTROPOLOGISK \/ MYTOLOGISK \/ RELIGI\u00d6S KONTEXT TILL PA(S)<\/a><\/em><\/p>\n<p>&nbsp;<\/p>\n<p><em><a href=\"http:\/\/mmstudies.com\/pas\/reform\">JU FLER REFORMER &#8211; DESTO MER URHOLKAT R\u00c4TTSSKYDD<\/a><\/em><\/p>\n\n<h3>mmmm<\/h3>\n<h3><em><a href=\"http:\/\/mmstudies.com\/pas\/vetenskap\">II ) VETENSKAP ELLER VIDSKEPLIGA F\u00d6RVILLELSER<\/a><\/em><\/h3>\n<p>&nbsp;<\/p>\n<p><em><a href=\"http:\/\/mmstudies.com\/pas\/detekt\">DETEKTERING AV PA(S)<\/a><\/em><\/p>\n<p>&nbsp;<\/p>\n<p><em><a href=\"http:\/\/mmstudies.com\/pas\/darvo\">F\u00d6R\u00d6VARSTRATEGIERNA DARVO<\/a><\/em><\/p>\n<p>&nbsp;<\/p>\n<p><em><a href=\"http:\/\/mmstudies.com\/pas\/logik\">T\u00c4NK OM &#8211;\u00a0T\u00c4NK TV\u00c4RTOM<\/a><\/em><\/p>\n<p>&nbsp;<\/p>\n<p><em><a href=\"http:\/\/mmstudies.com\/pas\/rora\">EN TYDLIGG\u00d6RANDE BEGREPPSAPPARAT F\u00d6R ATT ST\u00c4DA UPP I PA(S)-LOBBYISMENS BEGREPPSR\u00d6RA<\/a><\/em><\/p>\n<p>&nbsp;<\/p>\n<p><em><a href=\"http:\/\/mmstudies.com\/pas\/kamp\">&#8221;K\u00d6NSKRIG&#8221; &#8211; ELLER KAMP F\u00d6R KVINNORS OCH BARNS M\u00c4NSKLIGA R\u00c4TTIGHETER<\/a><\/em><\/p>\n<p>&nbsp;<\/p>\n<h3><em><a href=\"http:\/\/mmstudies.com\/pas\/lytsy\">III ) LYTSY \/ BERGENSTEIN: BARN SOM TVINGAS V\u00c4LJA BORT EN F\u00d6R\u00c4LDER<\/a><\/em><\/h3>\n<p>&nbsp;<\/p>\n<p><em><a href=\"http:\/\/mmstudies.com\/pas\/rejmer\">ANNIKA REJMER &#8211; F\u00c5GEL ELLER FISK?<\/a><\/em><\/p>\n<p>&nbsp;<\/p>\n<p><em><a href=\"http:\/\/mmstudies.com\/pas\/singer\">FRU JUSTITIAS FAKTARESISTENS = &#8221;OBJEKTIVITET&#8221; ? INTERVJU MED ANNA SINGER<\/a><\/em><\/p>\n<p>&nbsp;<\/p>\n<p><em><a href=\"http:\/\/mmstudies.com\/pas\/sjosten\">LYTSYS INTERVJU MED LAGMAN MATS SJ\u00d6STEN\u00a0<\/a><\/em><\/p>\n<p>&nbsp;<\/p>\n<p><em><a href=\"http:\/\/mmstudies.com\/pas\/lars\">LYTSYS INTERVJU MED BARNL\u00c4KAREN LARS H. GUSTAVSSON<\/a><\/em><\/p>\n<h3>mmmm<\/h3>\n<h3><em><a href=\"http:\/\/mmstudies.com\/pas\/gift\">IV ) NUTIDA INTERNATIONELL FORSKNING SOM ENH\u00c4LLIGT VEDERL\u00c4GGER PA(S)-KONCEPTET SOM OVETENSKAPLIGT<\/a><\/em><\/h3>\n<h3>mmmm<\/h3>\n<p><em><a href=\"http:\/\/mmstudies.com\/pas\/hoult\">JENNIFER HOULTS OMFATTANDE GENOMG\u00c5NG AV PAS-LOBBYISMENS OHEDERLIGA METODER<\/a><\/em><\/p>\n<p>&nbsp;<\/p>\n<p><em><a href=\"http:\/\/mmstudies.com\/pas\/joan\">M\u00d6DRAR DISKRIMINERAS TILL F\u00d6RM\u00c5N F\u00d6R V\u00c5LDSUT\u00d6VANDE F\u00c4DER\u00a0 MED HJ\u00c4LP AV\u00a0PA(S)<\/a><\/em><\/p>\n<p>&nbsp;<\/p>\n<h3><em><a href=\"http:\/\/mmstudies.com\/pas\/svenska\">V ) SVENSKA KRITIKER AV PA(S)<\/a><\/em><\/h3>\n<p>&nbsp;<\/p>\n<p><em><a href=\"http:\/\/mmstudies.com\/pas\/widell\">STEFAN WIDELLS BREV 2011 TILL POL. SAKKUNNIG U. LINDGREN OCH HANS \u00a0GODDA YXSKAFT- SVAR<\/a><\/em><\/p>\n<p>&nbsp;<\/p>\n<p><em><a href=\"http:\/\/mmstudies.com\/pas\/gp\">STEFAN WIDELLS ARTIKEL OM PAS I GP 2011<\/a><\/em><\/p>\n<p>&nbsp;<\/p>\n<p><em><a href=\"http:\/\/mmstudies.com\/pas\/brynge\">BRYNGE: L\u00c4S LENA HELLBLOM SJ\u00d6GRENS ARTIKELN SOM EN SAGA<\/a><\/em><\/p>\n<p>&nbsp;<\/p>\n<h3><em><a href=\"http:\/\/mmstudies.com\/pas\/nutida\">VI ) NUTIDA SVENSKA PA(S)-LOBBYISTER<\/a><\/em><\/h3>\n<p>&nbsp;<\/p>\n<p><em><a href=\"http:\/\/mmstudies.com\/pas\/sikstrom\">PROFESSOR SVERKER SIKSTR\u00d6M UPPFINNER HJULET P\u00c5 NYTT<\/a><\/em><\/p>\n<p>&nbsp;<\/p>\n<p><em><a href=\"http:\/\/mmstudies.com\/pas\/leo\">LEKTOR LEONARD NGAOSUVAN<\/a><\/em><\/p>\n<p>&nbsp;<\/p>\n<p><em><a href=\"http:\/\/mmstudies.com\/pas\/magee\">F D. JURIDIKSTUD. NIKLAS MAGEE MATELUNA<\/a><\/em><\/p>\n<p>&nbsp;<\/p>\n<h3><em><a href=\"http:\/\/mmstudies.com\/pas\/praxis\">VII ) GENOMG\u00c5NG AV PRAXIS I SVENSKA DOMSTOLAR G\u00c4LLANDE BROTT &#8211; OCH TVISTEM\u00c5L MED GRUND I DOMESTIC VIOLENCE OCH \/ ELLER CHILD ABUSE<\/a><\/em><\/h3>\n<p>&nbsp;<\/p>\n<p><em><a href=\"http:\/\/mmstudies.com\/pas\/ansvar\/\">REGERINGEN AVSV\u00c4R SIG ANSVAR F\u00d6R DOMARK\u00c5RENS KOMPETENSUTVECKLING<\/a><\/em><\/p>\n<p>&nbsp;<\/p>\n<p><em><a href=\"http:\/\/mmstudies.com\/pas\/medling\">SAMARBETSSAMTAL OCH MEDLING<\/a><\/em><\/p>\n<p>&nbsp;<\/p>\n<p><em><a href=\"http:\/\/mmstudies.com\/pas\/hanthe\">ULV I F\u00c5RAKL\u00c4DER &#8211; &#8221;MEDLAREN&#8221; PETER HANTHE<\/a><\/em><\/p>\n<p>&nbsp;<\/p>\n<p><em><a href=\"http:\/\/mmstudies.com\/pas\/bo\">BO:s YTTRANDE \u00d6VER 2002 \u00c5RS V\u00c5RDNADSKOMMITT\u00c9<\/a><\/em><\/p>\n<p>&nbsp;<\/p>\n<p><em><a href=\"http:\/\/mmstudies.com\/pas\/hot\">MAMMORS BESKYDDARINSTINKT &#8211; ETT HOT MOT BARN?<\/a><\/em><\/p>\n<p>&nbsp;<\/p>\n<h3><em><a href=\"http:\/\/mmstudies.com\/pas\/byra\">VIII ) H\u00d6GKVALITATIV SVENSK FORSKNING SOM L\u00c4GGS I BYR\u00c5L\u00c5DORNA<\/a><\/em><\/h3>\n<p>&nbsp;<\/p>\n<p><em><a href=\"http:\/\/mmstudies.com\/pas\/dam\">Forskningsrapport av Eva Lundgren, Gun Heimer, Jenny Westerstrand, Anne-Marie Kalliokoski \/\u00a0 n\u00e5gra inledande avsnitt<\/a><\/em><\/p>\n<p>&nbsp;<\/p>\n<p><em><a href=\"http:\/\/mmstudies.com\/pas\/dam2\">Forskningsrapport av Eva Lundgren, Gun Heimer, Jenny Westerstrand, Anne-Marie Kalliokoski\/ sammanfattning &amp; kommentarhttp:\/\/mmstudies.com\/pas\/<\/a><\/em><\/p>\n<p>&nbsp;<\/p>\n\n","protected":false},"excerpt":{"rendered":"<p>SVENSKT AVST\u00c5NDSTAGANDE TILL PAS \/ F\u00d6R\u00c4LDRAALIENATION MMMMM Lista sammanst\u00e4lld av juristen Carolin Robson till sin hemst\u00e4llan till regeringen och myndigheterna 2013 \u00bb mmmmm Riksdagen avslagit (M) motion om att inf\u00f6ra PAS som ett begrepp svensk r\u00e4tt (2008\/09:C455) &nbsp; Regeringen uttalat att syftet med PAS \u00e4r att ifr\u00e5gas\u00e4tta barnets ber\u00e4ttelse om \u00f6vergrepp eller kr\u00e4nkningar och att&#8230;<\/p>\n","protected":false},"author":1,"featured_media":0,"parent":0,"menu_order":0,"comment_status":"closed","ping_status":"closed","template":"full-width-page.php","meta":{"footnotes":""},"class_list":["post-982","page","type-page","status-publish","hentry"],"_links":{"self":[{"href":"http:\/\/mmstudies.com\/pas\/wp-json\/wp\/v2\/pages\/982","targetHints":{"allow":["GET"]}}],"collection":[{"href":"http:\/\/mmstudies.com\/pas\/wp-json\/wp\/v2\/pages"}],"about":[{"href":"http:\/\/mmstudies.com\/pas\/wp-json\/wp\/v2\/types\/page"}],"author":[{"embeddable":true,"href":"http:\/\/mmstudies.com\/pas\/wp-json\/wp\/v2\/users\/1"}],"replies":[{"embeddable":true,"href":"http:\/\/mmstudies.com\/pas\/wp-json\/wp\/v2\/comments?post=982"}],"version-history":[{"count":8,"href":"http:\/\/mmstudies.com\/pas\/wp-json\/wp\/v2\/pages\/982\/revisions"}],"predecessor-version":[{"id":1738,"href":"http:\/\/mmstudies.com\/pas\/wp-json\/wp\/v2\/pages\/982\/revisions\/1738"}],"wp:attachment":[{"href":"http:\/\/mmstudies.com\/pas\/wp-json\/wp\/v2\/media?parent=982"}],"curies":[{"name":"wp","href":"https:\/\/api.w.org\/{rel}","templated":true}]}}