{"id":1160,"date":"2018-08-05T11:42:12","date_gmt":"2018-08-05T11:42:12","guid":{"rendered":"http:\/\/mmstudies.com\/sallberg\/?page_id=1160"},"modified":"2022-06-04T10:23:12","modified_gmt":"2022-06-04T10:23:12","slug":"mal4019-16","status":"publish","type":"page","link":"http:\/\/mmstudies.com\/sallberg\/mal4019-16\/","title":{"rendered":"FALSKT \u00c5TAL F\u00d6R OLAGA F\u00d6RF\u00d6LJELSE I M\u00c5L B 4019-16"},"content":{"rendered":"\n\n\t\t\t\t<img loading=\"lazy\" decoding=\"async\" src=\"http:\/\/mmstudies.com\/sallberg\/wp-content\/uploads\/sites\/13\/2018\/08\/karntruppmedlem-i-1-6miljonerklubben-1.jpg\" alt=\"karntruppmedlem-i-1-6miljonerklubben\" itemprop=\"image\" height=\"733\" width=\"577\" title=\"karntruppmedlem-i-1-6miljonerklubben\" onerror=\"this.style.display='none'\"  \/>\n\t<p>Advokat Maria Fager Hohenthal<\/p>\n\t\t\t\t<img loading=\"lazy\" decoding=\"async\" src=\"http:\/\/mmstudies.com\/sallberg\/wp-content\/uploads\/sites\/13\/2018\/07\/0-1-2.jpeg\" alt=\"0-1\" itemprop=\"image\" height=\"768\" width=\"768\" title=\"0-1\" onerror=\"this.style.display='none'\"  \/>\n\t<p>Chefsr\u00e5dman Nicklas S\u00f6derberg<\/p>\n\t\t\t\t<img loading=\"lazy\" decoding=\"async\" src=\"http:\/\/mmstudies.com\/sallberg\/wp-content\/uploads\/sites\/13\/2018\/07\/5dcJw0ZN.jpg\" alt=\"5dcJw0ZN\" itemprop=\"image\" height=\"600\" width=\"600\" title=\"5dcJw0ZN\" onerror=\"this.style.display='none'\"  \/>\n\t<p>Ylva J\u00f6nsson Norlin, lagman, h\u00f6gsta chef f\u00f6r Helsingborgs tingsr\u00e4tt<\/p>\n\t\t\t\t<img loading=\"lazy\" decoding=\"async\" src=\"http:\/\/mmstudies.com\/sallberg\/wp-content\/uploads\/sites\/13\/2018\/08\/helene_eksederholm.jpg\" alt=\"helene_eksederholm\" itemprop=\"image\" height=\"600\" width=\"475\" title=\"helene_eksederholm\" onerror=\"this.style.display='none'\"  \/>\n\t<p>Advokat Helene Ek Sederholm<\/p>\n\t\t\t\t<img loading=\"lazy\" decoding=\"async\" src=\"http:\/\/mmstudies.com\/sallberg\/wp-content\/uploads\/sites\/13\/2018\/08\/johansederholm.jpg\" alt=\"johansederholm\" itemprop=\"image\" height=\"600\" width=\"434\" title=\"johansederholm\" onerror=\"this.style.display='none'\"  \/>\n\t<p>Advokat Johan Sederholm<\/p>\n\t<p>&nbsp;<\/p>\n<p>FALSKT \u00c5TAL F\u00d6R OLAGA F\u00d6RF\u00d6LJELSE, B 4019-16<\/p>\n<p>&nbsp;<\/p>\n<p>&nbsp;<\/p>\n<p><em>&#8221;Ingen \u00a0<strong>f\u00f6rs\u00f6ker<\/strong>\u00a0ens g\u00f6ra n\u00e5got r\u00e4tt&#8221;, var advokat Clas J\u00f6rgensens omd\u00f6me om r\u00e4ttens handhavande av m\u00e5let och domen B 6503-13 f\u00f6r &#8221;ofredande&#8221;. Men detsamma torde lika g\u00e4rna kunna g\u00e4lla f\u00f6r m\u00e5let B 4019-16 f\u00f6r &#8221;olaga f\u00f6rf\u00f6ljelse&#8221;, eftersom alla de r\u00e4tteg\u00e5ngsfel som han kunnat p\u00e5visa begicks i det f\u00f6rstn\u00e4mnda m\u00e5let upprepas i det sistn\u00e4mnda.<\/em><\/p>\n<p>&nbsp;<\/p>\n<p><a href=\"http:\/\/mmstudies.com\/sallberg\/stamningsansokan2017\/\">\u00c5klagarens st\u00e4mningsans\u00f6kan till m\u00e5l B 4019-16 f\u00f6r olaga f\u00f6rf\u00f6ljelse<\/a> inkom den 28 december 2017 och har legat till grund f\u00f6r det p\u00e5g\u00e5ende m\u00e5l, vari det fortfarande inte kommit till ett domslut och avser den kommunikation med m\u00e5ls\u00e4ganden, varmed den tilltalade \u00e5nyo falskeligen p\u00e5st\u00e5s ha &#8221;f\u00f6rf\u00f6ljt&#8221; honom med meddelanden riktade till honom och andra personer mellan den 14 januari och 30 juni 2016. (Senare \u00e4ndrat att g\u00e4lla fr\u00e5n den 7 februari till den 30 juni 2016)<\/p>\n<p>Allt har ist\u00e4llet lagts p\u00e5 is f\u00f6r att avvakta vad som kommer fram om Carina S\u00e4llbergs psykiska h\u00e4lsa i den r\u00e4ttspsykiatriska unders\u00f6kning<a href=\"http:\/\/mmstudies.com\/sallberg\/rattspsykiatri\/\">\u00a0som chefsr\u00e5dmannen Nicklas S\u00f6derberg<\/a> beordrade henne att genomg\u00e5 i tingsr\u00e4ttsf\u00f6rhandlingen den 28 juni 2018, vari den sk &#8221;p\u00e5f\u00f6ljdsfr\u00e5gan&#8221; skulle avg\u00f6ras. <\/p>\n<p>Ytterligare oklarheter tillkommer till m\u00e5let B 4019-16 vari \u00e4nnu inget domslut fattats \u00f6ver den tilltalades skuld och hur d\u00e5 <a href=\"http:\/\/mmstudies.com\/sallberg\/rattspsykiatri\/\">det kan anses vara befogat att f\u00f6rorda en utredning p\u00e5 r\u00e4ttspsyk<\/a>, eftersom det enbart <em>\u00e4r \u00a0psykiskt sjuka brottslingar<\/em>\u00a0av den gr\u00f6vre v\u00e5ldsben\u00e4gna kalibern, som det har relevans att uts\u00e4tta f\u00f6r s\u00e5dana ingripande \u00e5tg\u00e4rder. (Vilket dessutom <a href=\"http:\/\/mmstudies.com\/sallberg\/proportioner\/rattspsykiatri\/\">Ingrid Revhult s\u00e5 f\u00f6red\u00f6mligt kunnat visat p\u00e5 sin Facebook-sida<\/a> inte ens drabbar brottslingar som beg\u00e5r mord och \/ eller andra v\u00e5ldsbrott under synnerligen groteskt v\u00e5ldsamma former!)\u00a0<\/p>\n<p>Detta trots och att den h\u00e4r &#8221;brottslingen&#8221; m\u00e5ste anses friskare \u00e4n de flesta som klarat av fem \u00e5rs r\u00e4ttsliga trakasserier med en beundransv\u00e4rd fattning. Tiden som ursprungligen varit best\u00e4md f\u00f6r en stor utredning p\u00e5 r\u00e4ttspsyk sammanf\u00f6ll med f\u00f6rsta dagen p\u00e5 Carina S\u00e4llbergs tre veckor l\u00e5nga semester, men blev uppskjuten pga hennes \u00f6verklagande till Hovr\u00e4tten.<\/p>\n<p>I den \u00a7 7-unders\u00f6kning \u00a0som utf\u00e4rdades vid bes\u00f6ket \u00a0p\u00e5 r\u00e4ttsmedicinalverket i GTBRG \u00a0den 20 juni 2018 till <a href=\"http:\/\/mmstudies.com\/sallberg\/polishamtning\/\">vilket som Carina S\u00e4llberg h\u00e4mtades medelst en brutal polishandr\u00e4ckning<\/a>, h\u00e4nvisar psykiatern Pernilla Gullander till de sk <strong><em>&#8221;g\u00e4rningarna&#8221;<\/em> <\/strong>utan att av f\u00f6rklarliga sk\u00e4l specificera vilka de skulle vara, d\u00e5 inga bevis f\u00f6r att dessa g\u00e4rningar faktiskt har beg\u00e5tts, \u00e4nnu efter flera \u00e5rs processande lagts fram i dagen.<\/p>\n<p>Trots att dom \u00e4nnu inte fallit, konstateras dock vid ovan n\u00e4mnda r\u00e4ttsliga f\u00f6rhandling \u00a0<a href=\"http:\/\/mmstudies.com\/sallberg\/pafoljdsfragan\/\">den 28 juni 2018 vid f\u00f6rhandlingen i Helsingborgs tingsr\u00e4tt \u00a0enligt aktbilaga 100 i ml nr \u00a04019-16 i B 4628-17 och B 4628-17 att:\u00a0<\/a><\/p>\n\t<p><em>&#8221;Det har lagst fram \u00f6vertygande bevisning f\u00f6r att Carina S\u00e4llberg har beg\u00e5tt de \u00e5talade g\u00e4rningarna. P\u00e5f\u00f6ljden kan inte antas stanna vid b\u00f6ter. En r\u00e4ttspsykiatrisk unders\u00f6kning kan antas f\u00e5 betydelse f\u00f6r tingsr\u00e4ttens slutgiltiga st\u00e4llningstagande.&#8221;<\/em><\/p>\n\t<p>Den &#8221;\u00f6vertygande bevisningen&#8221; lyser dock lika mycket med sin fr\u00e5nvaro i det nuvarande och \u00e4nnu in avslutade m\u00e5let B 4019-16 som i det f\u00f6rsta \u00e5talet 6503-13 och den dom som f\u00f6ll 2015, och som best\u00e5r av en h\u00e4rva av manipulationer av fakta och l\u00f6gner fr\u00e5n b\u00e5de polis \/ \u00e5klagare och m\u00e5ls\u00e4gandes sida, s\u00e5 tilltrasslad att den hart n\u00e4r \u00e4r om\u00f6jlig att nysta upp, men som inte minst advokat Clas J\u00f6rgensen lagt ner oerh\u00f6rt stor m\u00f6da p\u00e5 att reda ut i sin <a href=\"http:\/\/mmstudies.com\/sallberg\/mal6503-13\/rattegangshinder\/\">Anm\u00e4lan om r\u00e4tteg\u00e5ngshinder.<\/a><\/p>\n\t<p><em>Det h\u00f6gst anm\u00e4rkningsv\u00e4rda \u00e4r att den tilltalade \u00e4ven i detta senare m\u00e5l B 4019-16 nekas alla former av f\u00f6rsvar, varvid bla <a href=\"http:\/\/mmstudies.com\/sallberg\/mal4019-16\/avvisadevittnen\/\">chefsr\u00e5dmannen Nicklas S\u00f6derberg tar sig r\u00e4tten att utan annan motivering att &#8221;de inte beh\u00f6vs&#8221; avvisa inalles 21 av hennes vittnen,<\/a>\u00a0sammanr\u00e4knat med de b\u00e5da nuvarande m\u00e5len f\u00f6r g<a href=\"http:\/\/mmstudies.com\/sallberg\/intervju\/\">rovt f\u00f6rtal av reportern Robert Dujmovic,<\/a> (f\u00f6r sina <a href=\"http:\/\/mmstudies.com\/sallberg\/intervju\/satir1\/\">satirer ett<\/a> och <a href=\"http:\/\/mmstudies.com\/sallberg\/intervju\/satir2\/\">tv\u00e5 p\u00e5 Facebook)<\/a> och m\u00e5let 4019-16 f\u00f6r olaga f\u00f6rf\u00f6ljelse av sin ex-sambo:<\/em><\/p>\n<p>&nbsp;<\/p>\n\t<p>Sidor under denna huvudrubrik i menyn:\u00a0<\/p>\n\t<blockquote data-secret=\"DFDMnVcIw1\"><p><a href=\"http:\/\/mmstudies.com\/sallberg\/mal4019-16\/\">FALSKT \u00c5TAL F\u00d6R OLAGA F\u00d6RF\u00d6LJELSE I M\u00c5L B 4019-16<\/a><\/p><\/blockquote>\n<p><iframe loading=\"lazy\" sandbox=\"allow-scripts\" security=\"restricted\" src=\"http:\/\/mmstudies.com\/sallberg\/mal4019-16\/embed\/#?secret=DFDMnVcIw1\" data-secret=\"DFDMnVcIw1\" width=\"600\" height=\"338\" title=\"&#8221;FALSKT \u00c5TAL F\u00d6R OLAGA F\u00d6RF\u00d6LJELSE I M\u00c5L B 4019-16&#8221; &#8212; JUSTITIEMORDET P\u00c5 CARINA S\u00c4LLBERG\" frameborder=\"0\" marginwidth=\"0\" marginheight=\"0\" scrolling=\"no\"><\/iframe><\/p>\n<blockquote data-secret=\"4HKFr4wIGq\"><p><a href=\"http:\/\/mmstudies.com\/sallberg\/mal4019-16\/avvisadevittnen\/\">Chefsr\u00e5dman Nicklas S\u00f6derberg avvisar utan motivering Carinas 13 vittnen<\/a><\/p><\/blockquote>\n<p><iframe loading=\"lazy\" sandbox=\"allow-scripts\" security=\"restricted\" src=\"http:\/\/mmstudies.com\/sallberg\/mal4019-16\/avvisadevittnen\/embed\/#?secret=4HKFr4wIGq\" data-secret=\"4HKFr4wIGq\" width=\"600\" height=\"338\" title=\"&#8221;Chefsr\u00e5dman Nicklas S\u00f6derberg avvisar utan motivering Carinas 13 vittnen&#8221; &#8212; JUSTITIEMORDET P\u00c5 CARINA S\u00c4LLBERG\" frameborder=\"0\" marginwidth=\"0\" marginheight=\"0\" scrolling=\"no\"><\/iframe><\/p>\n<blockquote data-secret=\"n0qtFtPUpy\"><p><a href=\"http:\/\/mmstudies.com\/sallberg\/mal4019-16\/rekonventionstalan\/\">Carina S\u00e4llbergs rekonventionstalan om f\u00f6r falskt \u00e5tal mot \u00e5klagare i m\u00e5l B 4019-16 f\u00f6r olaga f\u00f6rf\u00f6ljelse<\/a><\/p><\/blockquote>\n<p><iframe loading=\"lazy\" sandbox=\"allow-scripts\" security=\"restricted\" src=\"http:\/\/mmstudies.com\/sallberg\/mal4019-16\/rekonventionstalan\/embed\/#?secret=n0qtFtPUpy\" data-secret=\"n0qtFtPUpy\" width=\"600\" height=\"338\" title=\"&#8221;Carina S\u00e4llbergs rekonventionstalan om f\u00f6r falskt \u00e5tal mot \u00e5klagare i m\u00e5l B 4019-16 f\u00f6r olaga f\u00f6rf\u00f6ljelse&#8221; &#8212; JUSTITIEMORDET P\u00c5 CARINA S\u00c4LLBERG\" frameborder=\"0\" marginwidth=\"0\" marginheight=\"0\" scrolling=\"no\"><\/iframe><\/p>\n<blockquote data-secret=\"LSnIgDGQty\"><p><a href=\"http:\/\/mmstudies.com\/sallberg\/mal4019-16\/atal-aklagare\/\">Carina S\u00e4llbergs st\u00e4mningsans\u00f6kan mot \u00e5klagare om falskt \u00e5tal i m\u00e5l B 4019-16 f\u00f6r olaga f\u00f6rf\u00f6ljelse<\/a><\/p><\/blockquote>\n<p><iframe loading=\"lazy\" sandbox=\"allow-scripts\" security=\"restricted\" src=\"http:\/\/mmstudies.com\/sallberg\/mal4019-16\/atal-aklagare\/embed\/#?secret=LSnIgDGQty\" data-secret=\"LSnIgDGQty\" width=\"600\" height=\"338\" title=\"&#8221;Carina S\u00e4llbergs st\u00e4mningsans\u00f6kan mot \u00e5klagare om falskt \u00e5tal i m\u00e5l B 4019-16 f\u00f6r olaga f\u00f6rf\u00f6ljelse&#8221; &#8212; JUSTITIEMORDET P\u00c5 CARINA S\u00c4LLBERG\" frameborder=\"0\" marginwidth=\"0\" marginheight=\"0\" scrolling=\"no\"><\/iframe><\/p>\n<blockquote data-secret=\"l41FanlYy0\"><p><a href=\"http:\/\/mmstudies.com\/sallberg\/mal4019-16\/pafoljdsfragan\/\">Huvudf\u00f6rhandling om p\u00e5f\u00f6ljdsfr\u00e5gan \/ beslut om r\u00e4ttspsykiatrisk utredning  den 28 juni 2018<\/a><\/p><\/blockquote>\n<p><iframe loading=\"lazy\" sandbox=\"allow-scripts\" security=\"restricted\" src=\"http:\/\/mmstudies.com\/sallberg\/mal4019-16\/pafoljdsfragan\/embed\/#?secret=l41FanlYy0\" data-secret=\"l41FanlYy0\" width=\"600\" height=\"338\" title=\"&#8221;Huvudf\u00f6rhandling om p\u00e5f\u00f6ljdsfr\u00e5gan \/ beslut om r\u00e4ttspsykiatrisk utredning  den 28 juni 2018&#8221; &#8212; JUSTITIEMORDET P\u00c5 CARINA S\u00c4LLBERG\" frameborder=\"0\" marginwidth=\"0\" marginheight=\"0\" scrolling=\"no\"><\/iframe><\/p>\n\t<p>Men det mest godtyckligt lagvidriga i detta skandal\u00f6sa r\u00e4ttshaveri, best\u00e5r dock kanske i det faktum, att trots att Carina S\u00e4llberg kan l\u00e4gga fram \u00f6vertygande bevisning f\u00f6r att hennes ex-sambo, m\u00e5ls\u00e4ganden NN vid upprepade tillf\u00e4llen gjort sig skyldig till b\u00e5de falsk tillvitelse att ha f\u00f6rfalskat urkunder i sitt sk &#8221;bevismaterial&#8221;, r\u00e4tten \u00e4nd\u00e5 v\u00e4ljer att h\u00e5lla sig till <strong>hans<\/strong> ord, utan att heller i detta andra m\u00e5l B 4019 -16, lika litet som i det f\u00f6rra B 6503-13, kontrollera autenticiteten i det sk &#8221;bevismaterial&#8221; som uteslutande best\u00e5r av m\u00e5ls\u00e4gandens kopierade, utklippta och inklistrade meddelanden i Worddokument, inl\u00e4mnade till r\u00e4tten i USB-stickor:<\/p>\n\t<blockquote data-secret=\"oPVuc9Vyme\"><p><a href=\"http:\/\/mmstudies.com\/sallberg\/carinas-motbevis\/\">CARINA S\u00c4LLBERGS NEGLIGERADE MOTBEVIS<\/a><\/p><\/blockquote>\n<p><iframe loading=\"lazy\" sandbox=\"allow-scripts\" security=\"restricted\" src=\"http:\/\/mmstudies.com\/sallberg\/carinas-motbevis\/embed\/#?secret=oPVuc9Vyme\" data-secret=\"oPVuc9Vyme\" width=\"600\" height=\"338\" title=\"&#8221;CARINA S\u00c4LLBERGS NEGLIGERADE MOTBEVIS&#8221; &#8212; JUSTITIEMORDET P\u00c5 CARINA S\u00c4LLBERG\" frameborder=\"0\" marginwidth=\"0\" marginheight=\"0\" scrolling=\"no\"><\/iframe><\/p>\n\n","protected":false},"excerpt":{"rendered":"<p>Advokat Maria Fager Hohenthal Chefsr\u00e5dman Nicklas S\u00f6derberg Ylva J\u00f6nsson Norlin, lagman, h\u00f6gsta chef f\u00f6r Helsingborgs tingsr\u00e4tt Advokat Helene Ek Sederholm Advokat Johan Sederholm &nbsp; FALSKT \u00c5TAL F\u00d6R OLAGA F\u00d6RF\u00d6LJELSE, B 4019-16 &nbsp; &nbsp; &#8221;Ingen \u00a0f\u00f6rs\u00f6ker\u00a0ens g\u00f6ra n\u00e5got r\u00e4tt&#8221;, var advokat Clas J\u00f6rgensens omd\u00f6me om r\u00e4ttens handhavande av m\u00e5let och domen B 6503-13 f\u00f6r &#8221;ofredande&#8221;. Men&#8230;<\/p>\n","protected":false},"author":1,"featured_media":0,"parent":0,"menu_order":0,"comment_status":"closed","ping_status":"closed","template":"full-width-page.php","meta":{"footnotes":""},"class_list":["post-1160","page","type-page","status-publish","hentry"],"_links":{"self":[{"href":"http:\/\/mmstudies.com\/sallberg\/wp-json\/wp\/v2\/pages\/1160","targetHints":{"allow":["GET"]}}],"collection":[{"href":"http:\/\/mmstudies.com\/sallberg\/wp-json\/wp\/v2\/pages"}],"about":[{"href":"http:\/\/mmstudies.com\/sallberg\/wp-json\/wp\/v2\/types\/page"}],"author":[{"embeddable":true,"href":"http:\/\/mmstudies.com\/sallberg\/wp-json\/wp\/v2\/users\/1"}],"replies":[{"embeddable":true,"href":"http:\/\/mmstudies.com\/sallberg\/wp-json\/wp\/v2\/comments?post=1160"}],"version-history":[{"count":19,"href":"http:\/\/mmstudies.com\/sallberg\/wp-json\/wp\/v2\/pages\/1160\/revisions"}],"predecessor-version":[{"id":3180,"href":"http:\/\/mmstudies.com\/sallberg\/wp-json\/wp\/v2\/pages\/1160\/revisions\/3180"}],"wp:attachment":[{"href":"http:\/\/mmstudies.com\/sallberg\/wp-json\/wp\/v2\/media?parent=1160"}],"curies":[{"name":"wp","href":"https:\/\/api.w.org\/{rel}","templated":true}]}}