{"id":129,"date":"2018-07-09T05:05:29","date_gmt":"2018-07-09T05:05:29","guid":{"rendered":"http:\/\/mmstudies.com\/sallberg\/?page_id=129"},"modified":"2023-08-09T12:13:50","modified_gmt":"2023-08-09T12:13:50","slug":"satir1","status":"publish","type":"page","link":"http:\/\/mmstudies.com\/sallberg\/intervju\/satir1\/","title":{"rendered":"F\u00f6rsta \u00e5talspunkten: Satir med Pendang"},"content":{"rendered":"\n\n\tF\u00d6RSTA \u00c5TALSPUNKTEN F\u00d6R GROVT F\u00d6RTAL:<br \/>\nIRONISK SATIR MED PENDANG\n<p>&nbsp;<\/p>\n<em>&#8221;S\u00e4llberg h\u00e4vdade ocks\u00e5 att Helsingborgs Dagblad ville att reportern skulle l\u00e4mna sin tj\u00e4nst p\u00e5 tidningen. Denna uppgift har avf\u00e4rdats av chefredakt\u00f6r Jonas Kanje, som \u00e4ven vittnar i \u00e4rendet.&#8221; <\/em><br \/>\n\n<p>S\u00e5 st\u00e5r det att l\u00e4sa vitt och brett i Helsingborgs Dagblad. Och ut\u00f6ver brudkl\u00e4nnings-satiren tycks allts\u00e5 \u00e5talet \u00a0f\u00f6r &#8221;grovt f\u00f6rtal&#8221; mot HD-reportern Robert Dujmovic inrymma \u00e4ven denna spetsfundigt kluriga lilla satir som av allt att d\u00f6ma g\u00e5tt r\u00e4tten litet \u00f6ver huvudet.<\/p>\n<p><strong>Carina<\/strong>:\u00a0 Det klagades p\u00e5 att jag vid publiceringen p\u00e5 min FB hade 652 v\u00e4nner som kunde ha l\u00e4st att jag skrivit att tidningen t\u00e4nkte avskeda Robert. Jag svarade att jag inte skrivit s\u00e5. \u00c5klagaren skrek:<\/p>\n<p>-Jo! Det har du!<\/p>\n<p>Jag bad dem ta fram texten. Jag f\u00f6rklarar att jag skrivit en pendang till Roberts artiklar och alluderar p\u00e5 dem genom mina ordval och att jag anger en sk etisk k\u00e4lla precis som han gjort f\u00f6r en vittg\u00e5ende slutsats. Jag anv\u00e4nder Roberts eget ord: avg\u00e5.<\/p>\n<p><strong>Jag: <\/strong>Vad \u00e4r en &#8221;pendang&#8221; Carina?<\/p>\n<p><strong>Carina: <\/strong>Pendang betyder spegelbild, tvillingbild eller motstycke. Det \u00e4r som en allusion men mer. Som en kopia av en annans verk.\u00a0Jag anv\u00e4nde medvetet samma koncept som Robert Dujmovic och valde medvetet ordet &#8221;avg\u00e5&#8221;. Journalister avg\u00e5r inte, det g\u00f6r politiker.\u00a0Det ing\u00e5r i en ber\u00e4ttelse. Den delen av \u00e5talet \u00e4r direkt kopplat till Robert Dujmovics p\u00e5st\u00e5enden om mig.<\/p>\n<p>Jag skriver som en liten saga att jag tr\u00e4ffar reportern i en m\u00f6rk gr\u00e4nd n\u00e4r jag precis kommit fin fr\u00e5n fris\u00f6ren och att hans blick under neddragen m\u00f6ssa skr\u00e4mde mig. S\u00e5 l\u00e5ngt var sagan baserad p\u00e5 verklighet.<\/p>\n<p>Sedan avslutade\u00a0jag jag sagan med en knorr med satir\/allusion\/pendang om att tidningen ville att han skulle avg\u00e5, f\u00f6r att man tr\u00f6ttnat.<\/p>\n<p>F\u00f6rklarade detta i tingsr\u00e4tten den 30 maj och reportern blev lite blek n\u00e4r han fattade att jag drivit med honom genom att anv\u00e4nda de ord han anv\u00e4nt mot mig som en spegel. Det var s\u00e5 mycket smartare t\u00e4nkt \u00e4n han fattat.<\/p>\n\t\t\t\t<img loading=\"lazy\" decoding=\"async\" src=\"http:\/\/mmstudies.com\/sallberg\/wp-content\/uploads\/sites\/13\/2018\/07\/Sk\u00e4rmavbild-2018-07-08-kl.-19.43.38.png\" alt=\"Sk\u00e4rmavbild 2018-07-08 kl. 19.43.38\" itemprop=\"image\" height=\"703\" width=\"516\" title=\"Sk\u00e4rmavbild 2018-07-08 kl. 19.43.38\" onerror=\"this.style.display='none'\"  \/>\n\t\t\t\t<img loading=\"lazy\" decoding=\"async\" src=\"http:\/\/mmstudies.com\/sallberg\/wp-content\/uploads\/sites\/13\/2018\/07\/Sk\u00e4rmavbild-2018-07-08-kl.-19.45.30.png\" alt=\"Sk\u00e4rmavbild 2018-07-08 kl. 19.45.30\" itemprop=\"image\" height=\"484\" width=\"504\" title=\"Sk\u00e4rmavbild 2018-07-08 kl. 19.45.30\" onerror=\"this.style.display='none'\"  \/>\n\t\t\t\t<img loading=\"lazy\" decoding=\"async\" src=\"http:\/\/mmstudies.com\/sallberg\/wp-content\/uploads\/sites\/13\/2018\/07\/Sk\u00e4rmavbild-2018-07-08-kl.-19.45.53.png\" alt=\"Sk\u00e4rmavbild 2018-07-08 kl. 19.45.53\" itemprop=\"image\" height=\"822\" width=\"509\" title=\"Sk\u00e4rmavbild 2018-07-08 kl. 19.45.53\" onerror=\"this.style.display='none'\"  \/>\n\t\t\t\t<img loading=\"lazy\" decoding=\"async\" src=\"http:\/\/mmstudies.com\/sallberg\/wp-content\/uploads\/sites\/13\/2018\/07\/Sk\u00e4rmavbild-2018-07-08-kl.-19.45.38-2.png\" alt=\"Sk\u00e4rmavbild-2018-07-08-kl.-19.45.38\" itemprop=\"image\" height=\"130\" width=\"503\" title=\"Sk\u00e4rmavbild-2018-07-08-kl.-19.45.38\" onerror=\"this.style.display='none'\"  \/>\n\t\t\t\t<img loading=\"lazy\" decoding=\"async\" src=\"http:\/\/mmstudies.com\/sallberg\/wp-content\/uploads\/sites\/13\/2018\/07\/Sk\u00e4rmavbild-2018-07-08-kl.-19.45.46-1.png\" alt=\"Sk\u00e4rmavbild-2018-07-08-kl.-19.45.46\" itemprop=\"image\" height=\"814\" width=\"493\" title=\"Sk\u00e4rmavbild-2018-07-08-kl.-19.45.46\" onerror=\"this.style.display='none'\"  \/>\n\t<p>L\u00c4S MER OM ADVOKAT HELENE EK SEDERHOLMS \u00d6VRIGA BEDRIFTER I R\u00c4TTEN SOM F\u00d6RSVARE AV F\u00d6R\u00d6VARE OCH V\u00c5LDT\u00c4KTSM\u00c4N MM OCH ANM\u00c4LD TILL ADVOKATSAMFUNDET F\u00d6R ATT HA KR\u00c4NKT ETT V\u00c5LDT\u00c4KTSOFFER!<\/p>\n<p>&nbsp;<\/p>\n\t<h2>F\u00f6rsvarsadvokaten anm\u00e4ls f\u00f6r att ha n\u00e4mnt offrets identitet<\/h2>\n<p>Carl Troilius advokat Helene Ek Sederholm anm\u00e4ls till advokatsamfundet f\u00f6r smutskastning av v\u00e5ldt\u00e4ktsoffret. Och f\u00f6r brott mot sekretessreglerna.<\/p>\n<img decoding=\"async\" src=\"https:\/\/hds.imgix.net\/IhNuHxS5NO5c3jGI0_NBH1Imxjw.png?w=200&amp;fit=crop&amp;crop=faces%2Centropy&amp;h=200&amp;auto=format&amp;q=60\" sizes=\"(max-width: 980px) 100vw, 200px\" srcset=\"\/\/hds.imgix.net\/IhNuHxS5NO5c3jGI0_NBH1Imxjw.png?w=63&amp;fit=crop&amp;crop=faces%2Centropy&amp;h=63&amp;auto=format&amp;q=60 63w, \/\/hds.imgix.net\/IhNuHxS5NO5c3jGI0_NBH1Imxjw.png?w=126&amp;fit=crop&amp;crop=faces%2Centropy&amp;h=126&amp;auto=format&amp;q=60 126w, \/\/hds.imgix.net\/IhNuHxS5NO5c3jGI0_NBH1Imxjw.png?w=200&amp;fit=crop&amp;crop=faces%2Centropy&amp;h=200&amp;auto=format&amp;q=60 200w, \/\/hds.imgix.net\/IhNuHxS5NO5c3jGI0_NBH1Imxjw.png?w=400&amp;fit=crop&amp;crop=faces%2Centropy&amp;h=400&amp;auto=format&amp;q=60 400w\" alt=\"\" data-sizes=\"(max-width: 980px) 100vw, 200px\" data-srcset=\"\/\/hds.imgix.net\/IhNuHxS5NO5c3jGI0_NBH1Imxjw.png?w=63&amp;fit=crop&amp;crop=faces%2Centropy&amp;h=63&amp;auto=format&amp;q=60 63w, \/\/hds.imgix.net\/IhNuHxS5NO5c3jGI0_NBH1Imxjw.png?w=126&amp;fit=crop&amp;crop=faces%2Centropy&amp;h=126&amp;auto=format&amp;q=60 126w, \/\/hds.imgix.net\/IhNuHxS5NO5c3jGI0_NBH1Imxjw.png?w=200&amp;fit=crop&amp;crop=faces%2Centropy&amp;h=200&amp;auto=format&amp;q=60 200w, \/\/hds.imgix.net\/IhNuHxS5NO5c3jGI0_NBH1Imxjw.png?w=400&amp;fit=crop&amp;crop=faces%2Centropy&amp;h=400&amp;auto=format&amp;q=60 400w\" data-src=\"\/\/hds.imgix.net\/IhNuHxS5NO5c3jGI0_NBH1Imxjw.png?w=200&amp;fit=crop&amp;crop=faces%2Centropy&amp;h=200&amp;auto=format&amp;q=60\" \/>\n<a href=\"https:\/\/www.sydsvenskan.se\/skribent\/joakim-palmkvist\">Joakim Palmkvist<\/a>\nhttps:\/\/www.sydsvenskan.se\/2007-11-27\/forsvarsadvokaten-anmals-for-att-ha-namnt-offrets-identitet\n\t<p>&nbsp;<\/p>\n<a href=\"https:\/\/www.expressen.se\/kvallsposten\/troilius-advokat-han-ar-oerhort-besviken\/\">Troilius advokat: Han \u00e4r oerh\u00f6rt besviken<\/a><br \/>\nPublicerad 11 dec 2007 kl 11.25\nCarl Troilius advokat Helene Ek-Segerholm.<br \/>\nFoto: WAHLGREN CHRISTER<br \/>\n\u00c5klagaren ville ha sex \u00e5rs f\u00e4ngelse &#8211; advokaten ville att Carl Trolius helt skulle frias. Hovr\u00e4tten valde att h\u00f6ja tingsr\u00e4ttens straff med ett halv\u00e5r.<br \/>\n&#8211; Min klient \u00e4r oerh\u00f6rt besviken, s\u00e4ger Carl Troilius advokat Helene Ek-Segerholm.\n<p>https:\/\/www.expressen.se\/kvallsposten\/aklagaren-vill-hoja-straffet\/<\/p>\n\t<p>&nbsp;<\/p>\n<p>https:\/\/www.expressen.se\/kvallsposten\/carl-troilius-byter-advokat\/<\/p>\n<p>https:\/\/www.metro.se\/artikel\/vill-ha-350-000-i-skadest\u00e5nd-xr<\/p>\n<p>https:\/\/www.hd.se\/2013-05-07\/jag-har-spelat-ratt-sa-bra<\/p>\n\t<p>DOKUMENT FR\u00c5N DEN KRIMINALTEKNISKA UTREDNING SOM GJORTS GENOM ATT MED LJUS OCH LYKTA S\u00d6KA EFTER SK &#8221;BEVIS&#8221; \u00a0P\u00c5 &#8221;GROVT F\u00d6RTAL&#8221; P\u00c5 CARINA S\u00c4LLBERGS FACEBOOK-LINJE:<\/p>\n<p>&nbsp;<\/p>\n<p>H\u00e4r kommer nu en radda dokument fr\u00e5n den kriminaltekniska utredning som polisen f\u00f6retagit p\u00e5 Carina S\u00e4llbergs FB-sida f\u00f6r att ligga till grund f\u00f6r \u00e5talet &#8221;grovt f\u00f6rtal&#8221; gentemot HD-reportern Robert Dujmovic:<\/p>\n<p>F\u00f6rst kommer hennes skriverier om advokaten Helen Ek Sederholms mindre nogr\u00e4knade f\u00f6rehavanden och hennes och Robert Dujmovics samarbete om att framst\u00e4lla v\u00e5ld i n\u00e4ra relationer som stormigt &#8221;konfliktfyllda&#8221; \u00a0osv och hur skadlig en s\u00e5dan rubriks\u00e4ttning m\u00e5ste anses vara.<\/p>\n<p>D\u00e4refter dokument \u00f6ver satir nr 1 med pendang, samt \u00f6ver hennes \u00f6vriga allm\u00e4nna kritik gentemot HD:s brist p\u00e5 en relevant k\u00e4llkritisk \/ press-etisk h\u00e5llning, riktad mot dess chefredakt\u00f6r Johan Kanje.<\/p>\n<p>Och sist men inte minst ett inl\u00e4gg hon gjort p\u00e5 Facebook om hur dess \u00e4gare har planer p\u00e5 att f\u00f6rb\u00e4ttra dess standard.<\/p>\n\t\t\t\t<img loading=\"lazy\" decoding=\"async\" src=\"http:\/\/mmstudies.com\/sallberg\/wp-content\/uploads\/sites\/13\/2018\/07\/36888016_2258086837539951_106805584564584448_n-1.jpg\" alt=\"36888016_2258086837539951_106805584564584448_n-1\" itemprop=\"image\" height=\"960\" width=\"720\" title=\"36888016_2258086837539951_106805584564584448_n-1\" onerror=\"this.style.display='none'\"  \/>\n\t\t\t\t<img loading=\"lazy\" decoding=\"async\" src=\"http:\/\/mmstudies.com\/sallberg\/wp-content\/uploads\/sites\/13\/2018\/07\/36813483_2258087057539929_2721283942941458432_n.jpg\" alt=\"36813483_2258087057539929_2721283942941458432_n\" itemprop=\"image\" height=\"960\" width=\"720\" title=\"36813483_2258087057539929_2721283942941458432_n\" onerror=\"this.style.display='none'\"  \/>\n\t\t\t\t<img loading=\"lazy\" decoding=\"async\" src=\"http:\/\/mmstudies.com\/sallberg\/wp-content\/uploads\/sites\/13\/2018\/07\/36789522_2258091674206134_7667982405503811584_n-1.jpg\" alt=\"36789522_2258091674206134_7667982405503811584_n-1\" itemprop=\"image\" height=\"720\" width=\"960\" title=\"36789522_2258091674206134_7667982405503811584_n-1\" onerror=\"this.style.display='none'\"  \/>\n\t\t\t\t<img loading=\"lazy\" decoding=\"async\" src=\"http:\/\/mmstudies.com\/sallberg\/wp-content\/uploads\/sites\/13\/2018\/07\/36857621_2258091454206156_652524086244671488_n-1.jpg\" alt=\"36857621_2258091454206156_652524086244671488_n\" itemprop=\"image\" height=\"720\" width=\"960\" title=\"36857621_2258091454206156_652524086244671488_n\" onerror=\"this.style.display='none'\"  \/>\n\t\t\t\t<img loading=\"lazy\" decoding=\"async\" src=\"http:\/\/mmstudies.com\/sallberg\/wp-content\/uploads\/sites\/13\/2018\/07\/36826844_2258076720874296_1190392963960668160_n.jpg\" alt=\"36826844_2258076720874296_1190392963960668160_n\" itemprop=\"image\" height=\"720\" width=\"960\" title=\"36826844_2258076720874296_1190392963960668160_n\" onerror=\"this.style.display='none'\"  \/>\n\t\t\t\t<img loading=\"lazy\" decoding=\"async\" src=\"http:\/\/mmstudies.com\/sallberg\/wp-content\/uploads\/sites\/13\/2018\/07\/36876756_2258087257539909_8866673894820413440_n.jpg\" alt=\"36876756_2258087257539909_8866673894820413440_n\" itemprop=\"image\" height=\"960\" width=\"720\" title=\"36876756_2258087257539909_8866673894820413440_n\" onerror=\"this.style.display='none'\"  \/>\n\t\t\t\t<img loading=\"lazy\" decoding=\"async\" src=\"http:\/\/mmstudies.com\/sallberg\/wp-content\/uploads\/sites\/13\/2018\/07\/36765345_2258098300872138_3452030322927992832_n.jpg\" alt=\"36765345_2258098300872138_3452030322927992832_n\" itemprop=\"image\" height=\"720\" width=\"960\" title=\"36765345_2258098300872138_3452030322927992832_n\" onerror=\"this.style.display='none'\"  \/>\n\t\t\t\t<img loading=\"lazy\" decoding=\"async\" src=\"http:\/\/mmstudies.com\/sallberg\/wp-content\/uploads\/sites\/13\/2018\/07\/36880709_2258097247538910_3569139529740713984_n.jpg\" alt=\"36880709_2258097247538910_3569139529740713984_n\" itemprop=\"image\" height=\"720\" width=\"960\" title=\"36880709_2258097247538910_3569139529740713984_n\" onerror=\"this.style.display='none'\"  \/>\n\t\t\t\t<img loading=\"lazy\" decoding=\"async\" src=\"http:\/\/mmstudies.com\/sallberg\/wp-content\/uploads\/sites\/13\/2018\/07\/36862006_2258097867538848_6494931699145637888_n.jpg\" alt=\"36862006_2258097867538848_6494931699145637888_n\" itemprop=\"image\" height=\"720\" width=\"960\" title=\"36862006_2258097867538848_6494931699145637888_n\" onerror=\"this.style.display='none'\"  \/>\n\n","protected":false},"excerpt":{"rendered":"<p>F\u00d6RSTA \u00c5TALSPUNKTEN F\u00d6R GROVT F\u00d6RTAL: IRONISK SATIR MED PENDANG &nbsp; &#8221;S\u00e4llberg h\u00e4vdade ocks\u00e5 att Helsingborgs Dagblad ville att reportern skulle l\u00e4mna sin tj\u00e4nst p\u00e5 tidningen. Denna uppgift har avf\u00e4rdats av chefredakt\u00f6r Jonas Kanje, som \u00e4ven vittnar i \u00e4rendet.&#8221; S\u00e5 st\u00e5r det att l\u00e4sa vitt och brett i Helsingborgs Dagblad. Och ut\u00f6ver brudkl\u00e4nnings-satiren tycks allts\u00e5 \u00e5talet&#8230;<\/p>\n","protected":false},"author":1,"featured_media":0,"parent":120,"menu_order":0,"comment_status":"closed","ping_status":"closed","template":"full-width-page.php","meta":{"footnotes":""},"class_list":["post-129","page","type-page","status-publish","hentry"],"_links":{"self":[{"href":"http:\/\/mmstudies.com\/sallberg\/wp-json\/wp\/v2\/pages\/129","targetHints":{"allow":["GET"]}}],"collection":[{"href":"http:\/\/mmstudies.com\/sallberg\/wp-json\/wp\/v2\/pages"}],"about":[{"href":"http:\/\/mmstudies.com\/sallberg\/wp-json\/wp\/v2\/types\/page"}],"author":[{"embeddable":true,"href":"http:\/\/mmstudies.com\/sallberg\/wp-json\/wp\/v2\/users\/1"}],"replies":[{"embeddable":true,"href":"http:\/\/mmstudies.com\/sallberg\/wp-json\/wp\/v2\/comments?post=129"}],"version-history":[{"count":17,"href":"http:\/\/mmstudies.com\/sallberg\/wp-json\/wp\/v2\/pages\/129\/revisions"}],"predecessor-version":[{"id":3227,"href":"http:\/\/mmstudies.com\/sallberg\/wp-json\/wp\/v2\/pages\/129\/revisions\/3227"}],"up":[{"embeddable":true,"href":"http:\/\/mmstudies.com\/sallberg\/wp-json\/wp\/v2\/pages\/120"}],"wp:attachment":[{"href":"http:\/\/mmstudies.com\/sallberg\/wp-json\/wp\/v2\/media?parent=129"}],"curies":[{"name":"wp","href":"https:\/\/api.w.org\/{rel}","templated":true}]}}