{"id":1467,"date":"2018-08-11T22:47:42","date_gmt":"2018-08-11T22:47:42","guid":{"rendered":"http:\/\/mmstudies.com\/sallberg\/?page_id=1467"},"modified":"2023-08-09T12:09:07","modified_gmt":"2023-08-09T12:09:07","slug":"urkundsforf-fup","status":"publish","type":"page","link":"http:\/\/mmstudies.com\/sallberg\/carinas-motbevis\/urkundsforf-fup\/","title":{"rendered":"Urkundsf\u00f6rfalskning i polisens \/ \u00e5klagarens f\u00f6runders\u00f6kningsprotokoll?"},"content":{"rendered":"\n\n\t<h1><em>URKUNDSF\u00d6RFALSKNING I POLISENS \/ \u00c5KLAGARENS F\u00d6RUNDERS\u00d6KNINGSPROTOKOLL?<\/em><\/h1>\n<p><em>En stor del av den information som polisen delgavs i det f\u00f6rh\u00f6r som h\u00f6lls med Carina S\u00e4llberg den 13 okt 2017 och som talar till \u00a0hennes f\u00f6rdel och m\u00e5ls\u00e4gandens nackdel \u00e4r strukna fr\u00e5n det ursprungliga f\u00f6runders\u00f6kningsprotokollet. N\u00e4r \u00a0Carina S\u00e4llberg genom sin advokat kr\u00e4vde att det skulle \u00e5terst\u00e4llas i sin ursprungliga form, h\u00f6rsammades inte hennes beg\u00e4ran, utan ist\u00e4llet sammanst\u00e4lldes de i en s\u00e4rskild punktlista, i form av ett till\u00e4gg till det ursprungliga f\u00f6rh\u00f6rsprotokollet. Jag vet inte om det i juridisk mening kan rubriceras som &#8221;urkundsf\u00f6rfalskning&#8221; men st\u00e4ller iaf fr\u00e5gan h\u00e4r.<\/em><\/p>\n\t<p><strong><em>Urkundsf\u00f6rfalskning eller ej?<\/em><\/strong><\/p>\n<p><em>H\u00e4r nedan framg\u00e5r ur aktbilaga 40 &#8211; 43 i B 4019 -16 \u00a0hur polisen och \/ eller \u00e5klagaren strukit delar i f\u00f6rh\u00f6rsprotokollet, som talar f\u00f6r den anklagade Carinas egen sak och emot m\u00e5ls\u00e4gandes, dvs hennes ex-sambo NN, trots att det m\u00e5ste anses anm\u00e4rkningsv\u00e4rt att hans redbarhet och trov\u00e4rdighet aldrig ifr\u00e5gas\u00e4tts med\u00a0avseende p\u00e5 \u00a0alla de tillf\u00e4llen under den fem\u00e5riga processens g\u00e5ng som han lyckats vilseleda r\u00e4tten att ta felaktiga beslut med sina falska anklagelser och urkundsf\u00f6rfalskningar \u00c4n mindre blir han \u00e5talad eller d\u00f6md d\u00e4rf\u00f6r.<\/em><\/p>\n<p><em>Tv\u00e4rtom forts\u00e4tter r\u00e4ttens f\u00f6retr\u00e4dare som om ingenting hade h\u00e4nt att \u00e5r efter \u00e5r begagna sig av hans fortfarande lika ostyrkta &#8221;bevismaterial&#8221;, f\u00f6r att ist\u00e4llet \u00e5tala och d\u00f6ma Carina S\u00e4llberg f\u00f6r brott hon inte har beg\u00e5tt.<\/em><\/p>\n\t<p><strong><em>Lagar om sekretess och skydd av den personliga integriteten s\u00e4tter munkavle p\u00e5 offren till de f\u00f6r\u00f6vare som r\u00e4ttsv\u00e4sendet h\u00e5ller om ryggen<\/em><\/strong><\/p>\n<p><em>N\u00e4r det g\u00e4ller redovisningen av den information som Carina l\u00e4mnade in efter att hon uppt\u00e4ckt att de strukits ur det ursprungliga f\u00f6rh\u00f6rsprotokollet, uppst\u00e5r det problem som v\u00e5ldsutsatta kvinnor \/ mammor drabbas av n\u00e4r de vill f\u00e4sta omgivningens uppm\u00e4rksamhet p\u00e5 de r\u00e4tts\u00f6vergrepp de och deras barn blivit utsatta f\u00f6r; n\u00e4mligen att de inte kan l\u00e4mna ut vare sig de inblandade f\u00f6r\u00f6varnas namn i offentligheten, eftersom de s\u00e5 ytterst s\u00e4llan blir d\u00f6mda f\u00f6r sina brott, och inte heller namnge deras offer.<\/em><\/p>\n<p><em>D\u00e4rmed riskerar de n\u00e4mligen att g\u00f6ra sig skyldiga till f\u00f6rtal och integritetskr\u00e4nkning. Och pga dessa omst\u00e4ndigheter tvingas \u00e4ven jag nu utel\u00e4mna ett antal punkter i Carinas till\u00e4gg, eftersom de redog\u00f6r f\u00f6r tidigare v\u00e5ldsbrott mot de kvinnor som tagit kontakt med Carina f\u00f6r att delge henne k\u00e4nnedom om de brott som hennes ex-sambo gjort sig skyldig till. Och inte heller kan jag utel\u00e4mna namnen p\u00e5 de tv\u00e5 s\u00f6ner till NN , h\u00e4r kallade AA (den \u00e4ldsta sonen i ett f\u00f6rsta f\u00f6rh\u00e5llande) och CC (=sonen till BB i ett senare f\u00f6rh\u00e5llande) som \u00e4ven de vittnat om faderns ober\u00e4knerlighet och v\u00e5ldsanv\u00e4ndning; inte minst AA som var den som anm\u00e4lde NN f\u00f6r hans misshandel av Carina S\u00e4llberg och vittnade i ett misshandelsm\u00e5l gentemot honom.<\/em><\/p>\n<p><em>I detta d\u00f6mdes dock NN inte f\u00f6r de senare brott han begick under p\u00e5verkan av en personlighetsf\u00f6r\u00e4ndring, som skr\u00e4mde Carina och barnen och \u00e4ven skadade Carina sv\u00e5rt genom en brutal misshandel. D\u00e4rmed verkar det r\u00e5da tabu i de f\u00f6ljande m\u00e5len att n\u00e4mna n\u00e5got \u00f6ht om denna \u00f6desdigra utveckling f\u00f6r Carinas och hennes barns fortsatta livs\u00f6den.<\/em><\/p>\n<p><em>Och eftersom NN inte heller l\u00e4t sig \u00f6vertalas att upps\u00f6ka v\u00e5rd f\u00f6r de \u00a0personlighetsf\u00f6r\u00e4ndringar som tog sig uttryck i \u00a0aggressiva och v\u00e5ldsamma utbrott gentemot Carina och upplevelsen av att vara f\u00f6rf\u00f6ljd av henne i deras gemensamma hem, varf\u00f6r\u00a0inte heller dessa synnerligen relevanta omst\u00e4ndigheter till\u00e5ts komma till tals, f\u00f6r att ligga till grund f\u00f6r tolkningen av hans fortsatta \u00f6vertygelse om dessa f\u00f6rf\u00f6ljelser, trots alla dess bisarra inslag i hans &#8221;bevismaterial&#8221;, s\u00e5v\u00e4l som flertaliga inslag av uppenbart f\u00f6rfalskad dokumentation, som antingen talar f\u00f6r att han inte \u00e4r vid sina sinnens fulla bruk och \/ eller att han medvetet tillverkar sina egna &#8221;bevis&#8221; f\u00f6r den p\u00e5st\u00e5dda f\u00f6rf\u00f6ljelsen.<\/em><\/p>\n\t<p><strong><em>Skuld\u00f6verf\u00f6ring fr\u00e5n f\u00f6r\u00f6varens till offrets konto<\/em><\/strong><\/p>\n<p><em>Det \u00e4r allts\u00e5 f\u00f6ljdriktigt\u00a0hon,\u00a0som \u00e4r fullt ut psykiskt frisk och aldrig har gjort en fluga f\u00f6rn\u00e4r, och inte han,\u00a0som m\u00e5ngomvittnat lider av livsfarliga tendenser att projicera sin egna f\u00f6rehavanden p\u00e5 andra &#8211; \u00a0som ska tvingas in p\u00e5 <a href=\"http:\/\/mmstudies.com\/sallberg\/polishamtning\">r\u00e4ttspsykiatrisk utredning \u00a0<\/a>efter att hon anm\u00e4lt dem som missbrukat makten. Hon \u00e4r inte ens till\u00e5ten att n\u00e4mna hans psykiska problem vid namn utan att det i s\u00e5 fall \u00a0rubriceras som &#8221;olaga f\u00f6rf\u00f6ljelse&#8221; eller &#8221;ofredande&#8221; och \/ alltefter unders\u00f6kningarna lagts ner omv\u00e4xlande med att de \u00e5terupptagits under ny brottsrubricering, och \/ eller enbart stannat vid att f\u00f6rd\u00f6mas som &#8221;ol\u00e4mpligt beteende&#8221; i st\u00f6rsta allm\u00e4nhet.<\/em><\/p>\n\t\t\t\t<img loading=\"lazy\" decoding=\"async\" src=\"http:\/\/mmstudies.com\/sallberg\/wp-content\/uploads\/sites\/13\/2018\/08\/Polisfg\u00f6rh\u00f6r-22a.jpeg\" alt=\"Polisfg\u00f6rh\u00f6r a\" itemprop=\"image\" height=\"267\" width=\"640\" title=\"Polisfg\u00f6rh\u00f6r a\" onerror=\"this.style.display='none'\"  \/>\n\t\t\t\t<img loading=\"lazy\" decoding=\"async\" src=\"http:\/\/mmstudies.com\/sallberg\/wp-content\/uploads\/sites\/13\/2018\/07\/Carinas-f\u00f6rh\u00f6rstill\u00e4gg-s-53-1-1.jpeg\" alt=\"Carinas-f\u00f6rh\u00f6rstill\u00e4gg-s-53-1\" itemprop=\"image\" height=\"916\" width=\"642\" title=\"Carinas-f\u00f6rh\u00f6rstill\u00e4gg-s-53-1\" onerror=\"this.style.display='none'\"  \/>\n\t<p><em>EX-SAMBONS ST\u00c4NDIGT \u00c5TERKOMMANDE HOT, \u00a0BARN &#8211; OCH KVINNOMISSHANDEL \u00c4R \u00a0REDAN V\u00c4L K\u00c4ND HOS POLISEN<\/em><\/p>\n<p>&nbsp;<\/p>\n<p><em>I det f\u00f6ljande har jag valt att utesluta de punkter vari Carina omn\u00e4mner en tidigare sambo till NN, BB och \u00f6ven hennes son CC, och som \u00e4ven ing\u00e5r bland <a href=\"http:\/\/mmstudies.com\/sallberg\/avvisadevittnen\">de tretton vittnen som avvisades av chefsr\u00e5dmannen Niklas S\u00f6dersberg.<\/a> Enligt hennes vittnesm\u00e5l misshandlade NN henne (m\u00e4rkligt nog samma datum som den v\u00e4rsta misshandeln av Carina skedde 15 \u00e5r senare!) den 17 mars 1998, varvid han greps och anh\u00f6lls.<\/em><\/p>\n<p><em>BB uppger att hon sedan dess har varit mycket r\u00e4dd f\u00f6r NN och beskriver honom som en psykopat utrustad med en dubbelnatur.<\/em><\/p>\n<p><em>Denna polisanm\u00e4lan och f\u00f6rh\u00f6ren med NN och BB \u00e4r inl\u00e4mnade till polisen f\u00f6r att visa hur NN upprepar ett tidigare beteende.<\/em><\/p>\n<p><em>En annan kvinna har tagit brevledes kontakt med Carina S\u00e4llberg ang\u00e5ende hennes erfarenheter av NN:s v\u00e5ld och hennes brev \u00e4r inl\u00e4mnat till polisen.<a href=\"http:\/\/mmstudies.com\/sallberg\/carinas-motbevis\/hotfulla-strategier\/\"> Han har \u00e4ven hotat henne med ett mail som Carina inl\u00e4mnat till tingsr\u00e4tten,<\/a><\/em><\/p>\n<p><em>Ytterligare en annan kvinna kan vittna om att NN upptr\u00e4dde gentemot henne p\u00e5 samma s\u00e4tt som gentemot Carina S\u00e4llbergs, genom att spara ned meddelanden p\u00e5 en USB-sticka och inl\u00e4mnad till polisen, med anm\u00e4la om f\u00f6rtal, ofredande och f\u00f6rf\u00f6ljelse samt beg\u00e4ran om kontaktf\u00f6rbud f\u00f6r hennes del. (Vilket han \u00e4ven beg\u00e4rt f\u00f6r Carina S\u00e4llbergs vidkommande vid tv\u00e5 olika tillf\u00e4llen!)<\/em><\/p>\n<p><em>S\u00e5 \u00e4ven i detta avseende upprepar NN ett tidigare beteende som redan \u00e4r k\u00e4nt inom polisen, \u00a0men som i det avseendet l\u00e5tsas som om det regnar.<\/em><\/p>\n<p>&nbsp;<\/p>\n<p>&nbsp;<\/p>\n\t\t\t\t<img loading=\"lazy\" decoding=\"async\" src=\"http:\/\/mmstudies.com\/sallberg\/wp-content\/uploads\/sites\/13\/2018\/08\/Carinas-f\u00f6rh\u00f6rstill\u00e4gg-s-54-5-2.jpeg\" alt=\"Carinas-f\u00f6rh\u00f6rstill\u00e4gg-s-54-5-2\" itemprop=\"image\" height=\"638\" width=\"637\" title=\"Carinas-f\u00f6rh\u00f6rstill\u00e4gg-s-54-5-2\" onerror=\"this.style.display='none'\"  \/>\n\t\t\t\t<img loading=\"lazy\" decoding=\"async\" src=\"http:\/\/mmstudies.com\/sallberg\/wp-content\/uploads\/sites\/13\/2018\/08\/Carinas-f\u00f6rh\u00f6rstill\u00e4gg-s.-55-1-1.jpeg\" alt=\"Carinas-f\u00f6rh\u00f6rstill\u00e4gg-s.-55-1\" itemprop=\"image\" height=\"333\" width=\"636\" title=\"Carinas-f\u00f6rh\u00f6rstill\u00e4gg-s.-55-1\" onerror=\"this.style.display='none'\"  \/>\n\t\t\t\t<img loading=\"lazy\" decoding=\"async\" src=\"http:\/\/mmstudies.com\/sallberg\/wp-content\/uploads\/sites\/13\/2018\/07\/Carinas-f\u00f6rh\u00f6rstill\u00e4gg-sid-56-1.jpeg\" alt=\"Carinas f\u00f6rh\u00f6rstill\u00e4gg sid 56\" itemprop=\"image\" height=\"940\" width=\"638\" title=\"Carinas f\u00f6rh\u00f6rstill\u00e4gg sid 56\" onerror=\"this.style.display='none'\"  \/>\n\t\t\t\t<img loading=\"lazy\" decoding=\"async\" src=\"http:\/\/mmstudies.com\/sallberg\/wp-content\/uploads\/sites\/13\/2018\/08\/Carinas-f\u00f6rh\u00f6rstill\u00e4gg-s-57-1.jpeg\" alt=\"Carinas f\u00f6rh\u00f6rstill\u00e4gg s 57\" itemprop=\"image\" height=\"370\" width=\"640\" title=\"Carinas f\u00f6rh\u00f6rstill\u00e4gg s 57\" onerror=\"this.style.display='none'\"  \/>\n\n","protected":false},"excerpt":{"rendered":"<p>URKUNDSF\u00d6RFALSKNING I POLISENS \/ \u00c5KLAGARENS F\u00d6RUNDERS\u00d6KNINGSPROTOKOLL? En stor del av den information som polisen delgavs i det f\u00f6rh\u00f6r som h\u00f6lls med Carina S\u00e4llberg den 13 okt 2017 och som talar till \u00a0hennes f\u00f6rdel och m\u00e5ls\u00e4gandens nackdel \u00e4r strukna fr\u00e5n det ursprungliga f\u00f6runders\u00f6kningsprotokollet. N\u00e4r \u00a0Carina S\u00e4llberg genom sin advokat kr\u00e4vde att det skulle \u00e5terst\u00e4llas i sin&#8230;<\/p>\n","protected":false},"author":1,"featured_media":0,"parent":1526,"menu_order":0,"comment_status":"closed","ping_status":"closed","template":"full-width-page.php","meta":{"footnotes":""},"class_list":["post-1467","page","type-page","status-publish","hentry"],"_links":{"self":[{"href":"http:\/\/mmstudies.com\/sallberg\/wp-json\/wp\/v2\/pages\/1467","targetHints":{"allow":["GET"]}}],"collection":[{"href":"http:\/\/mmstudies.com\/sallberg\/wp-json\/wp\/v2\/pages"}],"about":[{"href":"http:\/\/mmstudies.com\/sallberg\/wp-json\/wp\/v2\/types\/page"}],"author":[{"embeddable":true,"href":"http:\/\/mmstudies.com\/sallberg\/wp-json\/wp\/v2\/users\/1"}],"replies":[{"embeddable":true,"href":"http:\/\/mmstudies.com\/sallberg\/wp-json\/wp\/v2\/comments?post=1467"}],"version-history":[{"count":21,"href":"http:\/\/mmstudies.com\/sallberg\/wp-json\/wp\/v2\/pages\/1467\/revisions"}],"predecessor-version":[{"id":3223,"href":"http:\/\/mmstudies.com\/sallberg\/wp-json\/wp\/v2\/pages\/1467\/revisions\/3223"}],"up":[{"embeddable":true,"href":"http:\/\/mmstudies.com\/sallberg\/wp-json\/wp\/v2\/pages\/1526"}],"wp:attachment":[{"href":"http:\/\/mmstudies.com\/sallberg\/wp-json\/wp\/v2\/media?parent=1467"}],"curies":[{"name":"wp","href":"https:\/\/api.w.org\/{rel}","templated":true}]}}