{"id":148,"date":"2018-07-09T05:35:44","date_gmt":"2018-07-09T05:35:44","guid":{"rendered":"http:\/\/mmstudies.com\/sallberg\/?page_id=148"},"modified":"2018-08-14T02:52:28","modified_gmt":"2018-08-14T02:52:28","slug":"satir2","status":"publish","type":"page","link":"http:\/\/mmstudies.com\/sallberg\/intervju\/satir2\/","title":{"rendered":"Andra \u00e5talspunken; Satir med brudkl\u00e4nning"},"content":{"rendered":"\n<p>SATIR MED BRUDKL\u00c4NNING\u00a0<\/p>\n<p><strong>P\u00e5 Carina S\u00e4llbergs FB-sida fr\u00e5n den 25 juni st\u00e5r f\u00f6ljande att l\u00e4sa:<\/strong><\/p>\n<p>\u201dEftersom nu s\u00e5 m\u00e5nga undrar \u00f6ver vad jag \u00e4r \u00e5talad f\u00f6r och varf\u00f6r jag utsattes f\u00f6r en brutal polish\u00e4mtning i onsdags den 20 juni kl 07:20 s\u00e5 t\u00e4nkte jag b\u00f6rja l\u00e4gga ut \u00e5talens inneh\u00e5ll.<\/p>\n<p>Detta p\u00e5 bild 1 och 2 (scrolla nederst p\u00e5 sidan) \u00e4r ett helt eget \u00e5tal rubricerat grovt f\u00f6rtal. M\u00e5ls\u00e4gande \u00e4r kriminalreporter Robert Dujmovic vid Helsingborgs Dagblad. Han k\u00e4nner i princip alla poliser, \u00e5klagare och domare efter 28 \u00e5r som kriminalreporter p\u00e5 tidningen.<\/p>\n<p>D\u00e4rf\u00f6r fick han sju poliser till sitt f\u00f6rfogande och dubbel upps\u00e4ttning \u00e5klagare. Det \u00e4r en kriminaltekniker p\u00e5 Polisen Hbg som samma dag som han anm\u00e4lde &#8221;s\u00e4krade bevisningen&#8221;. Detta framg\u00e5r av f\u00f6runders\u00f6kningen.<\/p>\n<p>Polisen har markerat det som anses vara grovt f\u00f6rtal &#8211; n\u00e5got som aldrig f\u00e5r \u00e5talas av \u00e5klagare annat om det \u00e4r p\u00e5kallat ut allm\u00e4n synpunkt. M\u00e5ls\u00e4gande f\u00e5r sj\u00e4lv i normalfallet v\u00e4cka enskilt \u00e5tal, st\u00e5 f\u00f6r advokat och riskera h\u00f6ga r\u00e4tteg\u00e5ngskostnader.<\/p>\n<p>Robert slapp detta och tingsr\u00e4tten f\u00f6rordnade en advokat till honom ocks\u00e5. Hela \u00e5talet utg\u00f6rs av den gulmarkerade texten &#8211; de b\u00e5da styckena. F\u00f6rst omfattade \u00e5talet \u00e4ven fotot p\u00e5 mig i brudkl\u00e4nning men i denna del justerades \u00e5talet.<\/p>\n<p>Bild 3 (l\u00e4ngst ner p\u00e5 sidan!) ing\u00e5r i det andra \u00e5talet mot samma reporter. Fotot visades under en l\u00e4ngre tid upp p\u00e5 storbildssk\u00e4rmen. Fotot f\u00f6rest\u00e4ller Skalman och Lille Skutt.\u201dJag har under lagt en kommentar om vikten av k\u00e4llkritik. Den ing\u00e5r i \u00e5talet ocks\u00e5.\u201d<\/p>\n<p>F\u00f6rst kommer h\u00e4r nu den autentiska diskussionen fr\u00e5n Facebook den 17 nov 2017 i sin helhet, med vidh\u00e4ngande \u00a0kommentarer, vari sk\u00e4mtlynnet och den sarkastiska ironin tar vid.<\/p>\n<p><strong>Carina S\u00e4llberg 25 juni 2018<\/strong><\/p>\n<p>\t\t\t\t<img loading=\"lazy\" decoding=\"async\" src=\"http:\/\/mmstudies.com\/sallberg\/wp-content\/uploads\/sites\/13\/2018\/07\/Sk\u00e4rmavbild-2018-07-07-kl.-22.19.00.png\" alt=\"Sk\u00e4rmavbild 2018-07-07 kl. 22.19.00\" itemprop=\"image\" height=\"873\" width=\"502\" title=\"Sk\u00e4rmavbild 2018-07-07 kl. 22.19.00\"  \/><br \/>\n\t\t\t\t<img loading=\"lazy\" decoding=\"async\" src=\"http:\/\/mmstudies.com\/sallberg\/wp-content\/uploads\/sites\/13\/2018\/07\/Sk\u00e4rmavbild-2018-07-07-kl.-22.19.43.png\" alt=\"Sk\u00e4rmavbild 2018-07-07 kl. 22.19.43\" itemprop=\"image\" height=\"671\" width=\"498\" title=\"Sk\u00e4rmavbild 2018-07-07 kl. 22.19.43\"  \/><br \/>\n\t\t\t\t<img loading=\"lazy\" decoding=\"async\" src=\"http:\/\/mmstudies.com\/sallberg\/wp-content\/uploads\/sites\/13\/2018\/07\/Sk\u00e4rmavbild-2018-07-07-kl.-22.19.08.png\" alt=\"Sk\u00e4rmavbild 2018-07-07 kl. 22.19.08\" itemprop=\"image\" height=\"870\" width=\"497\" title=\"Sk\u00e4rmavbild 2018-07-07 kl. 22.19.08\"  \/><br \/>\n\t\t\t\t<img loading=\"lazy\" decoding=\"async\" src=\"http:\/\/mmstudies.com\/sallberg\/wp-content\/uploads\/sites\/13\/2018\/07\/Sk\u00e4rmavbild-2018-07-07-kl.-22.19.19.png\" alt=\"Sk\u00e4rmavbild 2018-07-07 kl. 22.19.19\" itemprop=\"image\" height=\"868\" width=\"496\" title=\"Sk\u00e4rmavbild 2018-07-07 kl. 22.19.19\"  \/><br \/>\n\t\t\t\t<a href=\"http:\/\/mmstudies.com\/sallberg\/dujmovic\/\" target=\"_self\" itemprop=\"url\"><br \/>\n\t\t\t\t<img loading=\"lazy\" decoding=\"async\" src=\"http:\/\/mmstudies.com\/sallberg\/wp-content\/uploads\/sites\/13\/2018\/07\/25498024_2010332072315430_7403789182460665753_n.jpg\" alt=\"25498024_2010332072315430_7403789182460665753_n\" itemprop=\"image\" height=\"558\" width=\"960\" title=\"25498024_2010332072315430_7403789182460665753_n\"  \/><br \/>\n\t\t\t\t<\/a><\/p>\n<h2><strong>H\u00e4r finns \u00e5klagarens hela st\u00e4mnigsans\u00f6kan\u00a0<\/strong>\u00bb<\/h2>\n<p>\t\t\t\t<img loading=\"lazy\" decoding=\"async\" src=\"http:\/\/mmstudies.com\/sallberg\/wp-content\/uploads\/sites\/13\/2018\/07\/36088379_2236732613008707_3021800725878407168_n.jpg\" alt=\"36088379_2236732613008707_3021800725878407168_n\" itemprop=\"image\" height=\"960\" width=\"720\" title=\"36088379_2236732613008707_3021800725878407168_n\"  \/><br \/>\n\t\t\t\t<img loading=\"lazy\" decoding=\"async\" src=\"http:\/\/mmstudies.com\/sallberg\/wp-content\/uploads\/sites\/13\/2018\/07\/36189153_2236732663008702_4423020496094756864_n.jpg\" alt=\"36189153_2236732663008702_4423020496094756864_n\" itemprop=\"image\" height=\"960\" width=\"806\" title=\"36189153_2236732663008702_4423020496094756864_n\"  \/><br \/>\n\t\t\t\t<img loading=\"lazy\" decoding=\"async\" src=\"http:\/\/mmstudies.com\/sallberg\/wp-content\/uploads\/sites\/13\/2018\/07\/36277984_2236732749675360_5157460285962846208_n.jpg\" alt=\"36277984_2236732749675360_5157460285962846208_n\" itemprop=\"image\" height=\"800\" width=\"960\" title=\"36277984_2236732749675360_5157460285962846208_n\"  \/><br \/>\n\t\t\t\t<img loading=\"lazy\" decoding=\"async\" src=\"http:\/\/mmstudies.com\/sallberg\/wp-content\/uploads\/sites\/13\/2018\/07\/36121370_2236755576339744_2799955533212155904_n.jpg\" alt=\"36121370_2236755576339744_2799955533212155904_n\" itemprop=\"image\" height=\"679\" width=\"960\" title=\"36121370_2236755576339744_2799955533212155904_n\"  \/><br \/>\n\t\t\t\t<img loading=\"lazy\" decoding=\"async\" src=\"http:\/\/mmstudies.com\/sallberg\/wp-content\/uploads\/sites\/13\/2018\/07\/36902146_2258098520872116_798389791321227264_n.jpg\" alt=\"36902146_2258098520872116_798389791321227264_n\" itemprop=\"image\" height=\"720\" width=\"960\" title=\"36902146_2258098520872116_798389791321227264_n\"  \/><\/p>\n","protected":false},"excerpt":{"rendered":"<p>SATIR MED BRUDKL\u00c4NNING\u00a0 P\u00e5 Carina S\u00e4llbergs FB-sida fr\u00e5n den 25 juni st\u00e5r f\u00f6ljande att l\u00e4sa: \u201dEftersom nu s\u00e5 m\u00e5nga undrar \u00f6ver vad jag \u00e4r \u00e5talad f\u00f6r och varf\u00f6r jag utsattes f\u00f6r en brutal polish\u00e4mtning i onsdags den 20 juni kl 07:20 s\u00e5 t\u00e4nkte jag b\u00f6rja l\u00e4gga ut \u00e5talens inneh\u00e5ll. Detta p\u00e5 bild 1 och 2&#8230;<\/p>\n","protected":false},"author":1,"featured_media":0,"parent":120,"menu_order":0,"comment_status":"closed","ping_status":"closed","template":"full-width-page.php","meta":{"footnotes":""},"class_list":["post-148","page","type-page","status-publish","hentry"],"_links":{"self":[{"href":"http:\/\/mmstudies.com\/sallberg\/wp-json\/wp\/v2\/pages\/148","targetHints":{"allow":["GET"]}}],"collection":[{"href":"http:\/\/mmstudies.com\/sallberg\/wp-json\/wp\/v2\/pages"}],"about":[{"href":"http:\/\/mmstudies.com\/sallberg\/wp-json\/wp\/v2\/types\/page"}],"author":[{"embeddable":true,"href":"http:\/\/mmstudies.com\/sallberg\/wp-json\/wp\/v2\/users\/1"}],"replies":[{"embeddable":true,"href":"http:\/\/mmstudies.com\/sallberg\/wp-json\/wp\/v2\/comments?post=148"}],"version-history":[{"count":8,"href":"http:\/\/mmstudies.com\/sallberg\/wp-json\/wp\/v2\/pages\/148\/revisions"}],"predecessor-version":[{"id":319,"href":"http:\/\/mmstudies.com\/sallberg\/wp-json\/wp\/v2\/pages\/148\/revisions\/319"}],"up":[{"embeddable":true,"href":"http:\/\/mmstudies.com\/sallberg\/wp-json\/wp\/v2\/pages\/120"}],"wp:attachment":[{"href":"http:\/\/mmstudies.com\/sallberg\/wp-json\/wp\/v2\/media?parent=148"}],"curies":[{"name":"wp","href":"https:\/\/api.w.org\/{rel}","templated":true}]}}