{"id":154,"date":"2018-07-09T06:38:26","date_gmt":"2018-07-09T06:38:26","guid":{"rendered":"http:\/\/mmstudies.com\/sallberg\/?page_id=154"},"modified":"2023-06-17T15:27:21","modified_gmt":"2023-06-17T15:27:21","slug":"omvarldens","status":"publish","type":"page","link":"http:\/\/mmstudies.com\/sallberg\/omvarldens\/","title":{"rendered":"Omv\u00e4rldens syn p\u00e5 fallet Carina S\u00e4llberg"},"content":{"rendered":"\n\n\t<h2>OMV\u00c4RLDENS SYN P\u00c5 FALLET CARINA S\u00c4LLBERG<\/h2>\n\t\t\t\t<img loading=\"lazy\" decoding=\"async\" src=\"http:\/\/mmstudies.com\/sallberg\/wp-content\/uploads\/sites\/13\/2018\/07\/Sk\u00e4rmavbild-2018-07-10-kl.-07.48.34.png\" alt=\"Sk\u00e4rmavbild 2018-07-10 kl. 07.48.34\" itemprop=\"image\" height=\"353\" width=\"850\" title=\"Sk\u00e4rmavbild 2018-07-10 kl. 07.48.34\" onerror=\"this.style.display='none'\"  \/>\n\t<p>&nbsp;<\/p>\n<p><strong><a href=\"https:\/\/www.facebook.com\/ake.danerek\">\u00c5ke Danerek\u00a0 Skriver p\u00e5 Facebook den 9 juli 2018<\/a><\/strong><\/p>\n<p>Liberalt hyckleri, v\u00e4nskapskorruption och r\u00e4ttsr\u00f6ta i syfte att oskadligg\u00f6ra en politisk motst\u00e5ndare som visat ett osedvanligt stort m\u00e5tt av civilkurage och k\u00e4nsla f\u00f6r r\u00e4ttvisa. Sk\u00e5deplats: Helsingborg, Huvudroll: <a href=\"https:\/\/www.facebook.com\/carina.sallberg\"><strong>Carina S\u00e4llberg<\/strong><\/a><\/p>\n<p>\u00c5ke Danarek 9 juli 2018<\/p>\n\t<h5 id=\"js_7mp\" data-ft=\"{&quot;tn&quot;:&quot;C&quot;}\"><a href=\"https:\/\/www.facebook.com\/ake.danerek?hc_ref=ARR7Kw3Zwxt5-dLauTEy5ogVbS8O3QIBgqYHO9wOm0h9RZZxSuul-38pBQ9p81_BLgw\" data-ft=\"{&quot;tn&quot;:&quot;l&quot;}\" data-hovercard=\"\/ajax\/hovercard\/user.php?id=100002963131793&amp;extragetparams=%7B%22hc_ref%22%3A%22ARR7Kw3Zwxt5-dLauTEy5ogVbS8O3QIBgqYHO9wOm0h9RZZxSuul-38pBQ9p81_BLgw%22%7D\" data-hovercard-prefer-more-content-show=\"1\" data-hovercard-referer=\"ARR7Kw3Zwxt5-dLauTEy5ogVbS8O3QIBgqYHO9wOm0h9RZZxSuul-38pBQ9p81_BLgw\"><strong>\u00c5ke Danerek<\/strong><\/a><strong>\u00a0skriver p\u00e5 Facebook 11 juli 2018<\/strong><\/h5>\n<p>Visst \u00e4r det sk\u00f6nt att ibland st\u00e4nga av oljudet och bara h\u00e5lla f\u00f6r \u00f6ronen liksom apan p\u00e5 bilden. Men i det h\u00e4r fallet borde man ist\u00e4llet ha spetsat dem ordentligt och reagerat p\u00e5 de grymheter och r\u00e4tts\u00f6vergrepp som <a href=\"https:\/\/www.facebook.com\/carina.sallberg?fref=mentions\" data-hovercard=\"\/ajax\/hovercard\/user.php?id=100000159695347&amp;extragetparams=%7B%22fref%22%3A%22mentions%22%7D\" data-hovercard-prefer-more-content-show=\"1\">Carina S\u00e4llberg<\/a> har utsatts f\u00f6r och som forts\u00e4tter trots 5 \u00e5rs l\u00e5ng kamp f\u00f6r att bli h\u00f6rd. F\u00f6lj hennes vidare \u00f6de p\u00e5 hennes FB sida och st\u00f6d hennes fortsatta kamp f\u00f6r r\u00e4ttvisa!<\/p>\n\u00c5ke Danarek 11 juli 2018\n<h5 id=\"js_42n\" data-ft=\"{&quot;tn&quot;:&quot;C&quot;}\"><strong><a id=\"js_6uw\" href=\"https:\/\/www.facebook.com\/ake.danerek?hc_ref=ARTISOQHYiK6CKbi3pmvm82DeeOwx-GQkgyAXPQxHmLPgP2lEBaOQPOyBvaHPg_keBU&amp;fref=nf\" data-hovercard=\"\/ajax\/hovercard\/user.php?id=100002963131793&amp;extragetparams=%7B%22hc_ref%22%3A%22ARTISOQHYiK6CKbi3pmvm82DeeOwx-GQkgyAXPQxHmLPgP2lEBaOQPOyBvaHPg_keBU%22%2C%22fref%22%3A%22nf%22%7D\" data-hovercard-prefer-more-content-show=\"1\" data-hovercard-referer=\"ARTISOQHYiK6CKbi3pmvm82DeeOwx-GQkgyAXPQxHmLPgP2lEBaOQPOyBvaHPg_keBU\" aria-describedby=\"js_6uv\" aria-owns=\"\">\u00c5ke Danerek\u00a0<\/a><a href=\"https:\/\/www.facebook.com\/ake.danerek\/posts\/1669893049786117\" target=\"\" rel=\"noopener\"><abbr title=\"2018-07-30 12:43\" data-utime=\"1532979803\" data-shorten=\"1\">30 juli kl. 12:43<\/abbr><\/a> \u00b7 <\/strong><\/h5>\n<p>P\u00e5g\u00e5ende H\u00e4xprocess mot <a href=\"https:\/\/www.facebook.com\/carina.sallberg?fref=mentions\" data-hovercard=\"\/ajax\/hovercard\/user.php?id=100000159695347&amp;extragetparams=%7B%22fref%22%3A%22mentions%22%7D\" data-hovercard-prefer-more-content-show=\"1\">Carina S\u00e4llberg<\/a> i Helsingborgs Tingsr\u00e4tt:<\/p>\n<p>Finns det n\u00e5gon politiker i Helsingborg som v\u00e4rnar mer om r\u00e4ttvisa och frihet \u00e4n sin egen plats i partihierarkin? D\u00e5 tycker jag ni ska tr\u00e4da fram och ge er tillk\u00e4nna i fallet Carina S\u00e4llberg som utsatts f\u00f6r mycket grava r\u00e4tts\u00f6vergrepp av Helsingborgs Tingsr\u00e4tt med tydliga kopplingar till politiken i staden. Tror v\u00e4ljarna vore betj\u00e4nta av att f\u00e5 den h\u00e4r v\u00e4gledningen inf\u00f6r h\u00f6stens val.<\/p>\n<h5 id=\"js_30j\" data-ft=\"{&quot;tn&quot;:&quot;C&quot;}\"><a id=\"js_7qi\" href=\"https:\/\/www.facebook.com\/ake.danerek?hc_ref=ARSvujQgJuF7QRX34py9KsyXHJL-cIr0k9r3Q89Hr9G1hD62nrSgpjmZwpl6tNVb6cE\" data-ft=\"{&quot;tn&quot;:&quot;l&quot;}\" data-hovercard=\"\/ajax\/hovercard\/user.php?id=100002963131793&amp;extragetparams=%7B%22hc_ref%22%3A%22ARSvujQgJuF7QRX34py9KsyXHJL-cIr0k9r3Q89Hr9G1hD62nrSgpjmZwpl6tNVb6cE%22%7D\" data-hovercard-prefer-more-content-show=\"1\" data-hovercard-referer=\"ARSvujQgJuF7QRX34py9KsyXHJL-cIr0k9r3Q89Hr9G1hD62nrSgpjmZwpl6tNVb6cE\" aria-describedby=\"js_7qh\" aria-owns=\"\"><strong>\u00c5ke Danerek<\/strong><\/a><strong>\u00a0 har delat ett <a href=\"https:\/\/www.facebook.com\/carina.sallberg\/posts\/2300931573255477\">inl\u00e4gg\u00a0<\/a><\/strong><strong><a href=\"https:\/\/www.facebook.com\/ake.danerek\/posts\/1676368389138583\" target=\"\" rel=\"noopener\"><abbr title=\"2018-08-3 10:54\" data-utime=\"1533318862\" data-shorten=\"1\">3 augusti kl. 10:54<\/abbr><\/a> \u00b7 <\/strong><\/h5>\n<p>&#8221;N\u00e4r lammen tystnar&#8221; s\u00e5 \u00e4r det pga en skr\u00e4ckupplevelse, n\u00e4r v\u00e4nner och bekanta tystnar \u00e4r det oftast pga en k\u00e4nsla av obehag f\u00f6r att ta st\u00e4llning eller att man t\u00e4nker, det kan inte vara sant men det h\u00e4r vidriga r\u00e4ttsfallet som terroriserat <a href=\"https:\/\/www.facebook.com\/carina.sallberg?fref=mentions\" data-hovercard=\"\/ajax\/hovercard\/user.php?id=100000159695347&amp;extragetparams=%7B%22fref%22%3A%22mentions%22%7D\" data-hovercard-prefer-more-content-show=\"1\">Carina S\u00e4llberg<\/a> i 5 l\u00e5nga \u00e5r, infekterat av en mycket smittosam v\u00e4nskapskorruption med potitiska motiv i bakgrunden, \u00e4r sant hur ofattbart det \u00e4n kan f\u00f6refalla. F\u00f6lj g\u00e4rna fallet vidare, det \u00e4r av stort intresse f\u00f6r alla som vill v\u00e4rna om r\u00e4ttss\u00e4kerheten i landet.<\/p>\n\t\t\t\t<img loading=\"lazy\" decoding=\"async\" src=\"http:\/\/mmstudies.com\/sallberg\/wp-content\/uploads\/sites\/13\/2018\/08\/38405521_2303747939640507_9206431156830994432_n.jpg\" alt=\"38405521_2303747939640507_9206431156830994432_n\" itemprop=\"image\" height=\"960\" width=\"733\" title=\"38405521_2303747939640507_9206431156830994432_n\" onerror=\"this.style.display='none'\"  \/>\n<h5 id=\"js_30g\" data-ft=\"{&quot;tn&quot;:&quot;C&quot;}\"><strong><a id=\"js_8a8\" href=\"https:\/\/www.facebook.com\/ake.danerek?hc_ref=ARR0XioGIsjJrgTqGUsLcuoRkJYXGVVXdzRicZnVn7qsSw_O1gj2PBMmUOX3Zw4cbBk&amp;fref=nf\" data-hovercard=\"\/ajax\/hovercard\/user.php?id=100002963131793&amp;extragetparams=%7B%22hc_ref%22%3A%22ARR0XioGIsjJrgTqGUsLcuoRkJYXGVVXdzRicZnVn7qsSw_O1gj2PBMmUOX3Zw4cbBk%22%2C%22fref%22%3A%22nf%22%7D\" data-hovercard-prefer-more-content-show=\"1\" data-hovercard-referer=\"ARR0XioGIsjJrgTqGUsLcuoRkJYXGVVXdzRicZnVn7qsSw_O1gj2PBMmUOX3Zw4cbBk\" aria-describedby=\"js_8a7\" aria-owns=\"\">\u00c5ke Danerek\u00a0<\/a><a href=\"https:\/\/www.facebook.com\/ake.danerek\/posts\/1679918102116945\" target=\"\" rel=\"noopener\"><abbr title=\"2018-08-5 14:45\" data-utime=\"1533505539\" data-shorten=\"1\">5 augusti kl. 14:45<\/abbr><\/a> \u00b7 <\/strong><\/h5>\n<p>Det h\u00e4r \u00e4r Davids kamp mot Goljat och som alla vet vann till slut David denna oj\u00e4mna kamp mot alla odds. Historien upprepar sig i olika skepnader. Den kamp som nu <a href=\"https:\/\/www.facebook.com\/carina.sallberg?fref=mentions\" data-hovercard=\"\/ajax\/hovercard\/user.php?id=100000159695347&amp;extragetparams=%7B%22fref%22%3A%22mentions%22%7D\" data-hovercard-prefer-more-content-show=\"1\">Carina S\u00e4llberg<\/a> utk\u00e4mpar mot en genomkorrupt Tingsr\u00e4tt i Helsingborg inneh\u00e5ller m\u00e5nga likheter. Carinas enorma research arbete och dokumentation av de \u00f6vergrepp i r\u00e4ttssak som Helsingborgs Tingsr\u00e4tt gjort sig skyldig till i fallet och hennes belysning av fallet i sociala media bidrar till det underlag som kr\u00e4vs f\u00f6r att hon med framg\u00e5ng skall kunna f\u00e4lla den stora ojusta j\u00e4tten till marken n\u00e4r de s\u00e5 sm\u00e5ningom m\u00f6ts i Hovr\u00e4tten.<\/p>\n\t\t\t\t<img decoding=\"async\" src=\"http:\/\/mmstudies.com\/sallberg\/wp-content\/plugins\/beaver-builder-lite-version\/img\/pixel.png\" alt=\"\" itemprop=\"image\" onerror=\"this.style.display='none'\"  \/>\n\t\t\t\t<img loading=\"lazy\" decoding=\"async\" src=\"http:\/\/mmstudies.com\/sallberg\/wp-content\/uploads\/sites\/13\/2018\/07\/Sk\u00e4rmavbild-2018-07-17-kl.-12.10.39.png\" alt=\"Sk\u00e4rmavbild 2018-07-17 kl. 12.10.39\" itemprop=\"image\" height=\"354\" width=\"852\" title=\"Sk\u00e4rmavbild 2018-07-17 kl. 12.10.39\" onerror=\"this.style.display='none'\"  \/>\n<h5 id=\"js_n\" data-ft=\"{&quot;tn&quot;:&quot;C&quot;}\"><a href=\"https:\/\/www.facebook.com\/ingrid.revhult?sk=wall&amp;hc_ref=ARSjqT0B5_j6ZTQXIa2Cq5o3TjYXUvPq8JY3cBf3SlHvgcb8Ps27po-hBI4txtHJsvU&amp;fref=nf\" data-hovercard=\"\/ajax\/hovercard\/user.php?id=1709700577&amp;extragetparams=%7B%22hc_ref%22%3A%22ARSjqT0B5_j6ZTQXIa2Cq5o3TjYXUvPq8JY3cBf3SlHvgcb8Ps27po-hBI4txtHJsvU%22%2C%22fref%22%3A%22nf%22%7D\" data-hovercard-prefer-more-content-show=\"1\" data-hovercard-referer=\"ARSjqT0B5_j6ZTQXIa2Cq5o3TjYXUvPq8JY3cBf3SlHvgcb8Ps27po-hBI4txtHJsvU\">Ingrid Revhult skriver p\u00e5 sin Facebooksida\u00a0<\/a><\/h5>\n<p><a href=\"https:\/\/www.facebook.com\/ingrid.revhult\/posts\/10205084153859385\" target=\"\" rel=\"noopener\"><abbr title=\"2018-07-19 09:41\" data-utime=\"1532018504\" data-shorten=\"1\">\u00a0den 19 juli kl. 09:41<\/abbr><\/a> \u00b7 <\/p>\n<p>TV\u00c5 \u00c5KLAGARE HAR TID ATT GRANSKA L-POLITIKERS FB-SIDA<\/p>\n<p>N\u00e5gon som s\u00e5g inslaget p\u00e5 TV vad som v\u00e4ntar den kinesiska befolkningen? Ansiktsavl\u00e4sning oavsett var du befinner dig &#8211; s\u00e5ledes \u00e4ven inom hemmets fyra v\u00e4ggar. S\u00e5 l\u00e5ngt har vi f\u00f6rhoppningsvis inte kommit i v\u00e5rt demokratiska land &#8211; men vi har juridiskt och polisi\u00e4rt utbildade spejare p\u00e5 FB. Antalet v\u00e4nner r\u00e4knas och granskas, \u00e5sikter registreras och &#8211; vad v\u00e4rre \u00e4r &#8211; i r\u00e4tten uppmanas den anklagade att inte skriva politiskt p\u00e5 FB. <\/p>\nMed andra ord: i valtider ska inte en fritidspolitiker ha friheten att yppa sina politiska \u00e5sikter!<br \/>\nKan det bli mer galet?\nCarina S\u00e4llberg:<br \/>\nJa, f\u00f6r att bekr\u00e4fta fick jag exakt den fr\u00e5gan av \u00e5klagare:<br \/>\n&#8221;Varf\u00f6r skriver du p\u00e5 Facebook?&#8221;<br \/>\n&#8221;Vad har du f\u00f6r syfte med att skriva p\u00e5 Facebook?&#8221;<br \/>\n&#8221;Du har sagt att du \u00e4ven t\u00e4nker skriva en bok?&#8221;<br \/>\n&#8221;Varf\u00f6r slutar du inte skriva efter att du till och med har kallats till polisf\u00f6rh\u00f6r?&#8221;\n<p>Jag tittare p\u00e5 domaren och sade att fr\u00e5gorna var absurda. Men domare Nicklas S\u00f6derberg uppmanade mig att besvara dem.<\/p>\n<p>Dessa fr\u00e5gor st\u00e4lldes efter att tv\u00e5 \u00e5klagare ber\u00e4ttat att de g\u00e5tt igenom hela min Facebook och analyserat dess inneh\u00e5ll till i f\u00f6rsta hand politiskt.<\/p>\n<p>De h\u00e4vdade d\u00e4rf\u00f6r att min sida inte var privat utan politisk, vilket medf\u00f6rde att mina satirer ans\u00e5gs v\u00e4rre.<\/p>\n<p>Detta har h\u00e4nt i verkligheten \u00e5r 2018 &#8211; i Sverige &#8211; i Helsingborg &#8211; i en svensk domstol.<\/p>\n<p>Enbart denna lilla sk\u00e4rva av monumentala r\u00e4tts\u00f6vergrepp borde ha gett genljud \u00f6ver landet och framf\u00f6r allt borde de politiker som p\u00e5st\u00e5r sig v\u00e4rna frihet reagera ordentligt. Men det \u00e4r tyst som i graven.<\/p>\n<p>S\u00e5 h\u00e4r formulerar sig det politiska partiet Liberalerna p\u00e5 sin hemsida:<\/p>\n<p>Kom ut som liberal &#8211; du kan f\u00f6r\u00e4ndra v\u00e4rlden<\/p>\n<p>Du \u00e4r den viktigaste budb\u00e4raren f\u00f6r liberala id\u00e9er. Genom att vara tydlig med dina \u00e5sikter och prata politik med dem du har omkring dig kan du f\u00f6r\u00e4ndra v\u00e4rlden. Dina v\u00e4nner kommer alltid att lyssna mer p\u00e5 dig \u00e4n p\u00e5 n\u00e5gon politiker i TV eller radio.<\/p>\n<p><strong>Ingrid Revhult 19 juli<\/strong><\/p>\n<p>&nbsp;<\/p>\n\t<a dir=\"ltr\" href=\"https:\/\/www.facebook.com\/bert.hansson.10?fref=ufi\" target=\"_self\" data-ft=\"{&quot;tn&quot;:&quot;;&quot;}\" data-hovercard=\"\/ajax\/hovercard\/hovercard.php?id=100001079785714&amp;extragetparams=%7B%22is_public%22%3Afalse%2C%22hc_location%22%3A%22ufi%22%7D\" rel=\"noopener\"><strong>Bert Hansson<\/strong><\/a><strong>\u00a0 komenterar\u00a0<\/strong>Ingrid Revhult &#8211; s\u00e5 bra inl\u00e4gg<br \/>\noch s\u00e5 inlysande.Det som just nu p\u00e5g\u00e5r i Hbg:s Tingsr\u00e4tt \u00e4r ett \u00f6vergrepp &#8211; inte bara mot Carina S\u00e4llberg utan mot demokrati, yttrandefrihet och r\u00e4tten att fritt framf\u00f6ra sina \u00e5sikter utan ocks\u00e5 genom patriakala h\u00e4rskartekniker g\u00e5 m\u00e5ls\u00e4gande fjuttiga \u00e4renden-usch! Fick stark k\u00e4nsla att alla \u00e5klagare,<br \/>\nm\u00e5ls\u00e4gande bitr\u00e4den och domare Nicklas S\u00f6derberg i<br \/>\nspetsen ins\u00e5g att svarande<br \/>\nmitt emot dom var intelligentare,modigare och friare \u00e4n de n\u00e5gonsin kommer att bli &#8211; att hon dessutom \u00e4r tilldragande blir lite f\u00f6r mycket f\u00f6r dessa &#8221;r\u00e4ttvisans riddare&#8221;\n\t\t\t\t<img loading=\"lazy\" decoding=\"async\" src=\"http:\/\/mmstudies.com\/sallberg\/wp-content\/uploads\/sites\/13\/2018\/07\/Sk\u00e4rmavbild-2018-07-09-kl.-09.01.25-1.png\" alt=\"Sk\u00e4rmavbild 2018-07-09 kl. 09.01.25\" itemprop=\"image\" height=\"686\" width=\"592\" title=\"Sk\u00e4rmavbild 2018-07-09 kl. 09.01.25\" onerror=\"this.style.display='none'\"  \/>\n\t\t\t\t<img loading=\"lazy\" decoding=\"async\" src=\"http:\/\/mmstudies.com\/sallberg\/wp-content\/uploads\/sites\/13\/2018\/07\/Sk\u00e4rmavbild-2018-07-09-kl.-08.40.08.png\" alt=\"Sk\u00e4rmavbild 2018-07-09 kl. 08.40.08\" itemprop=\"image\" height=\"569\" width=\"517\" title=\"Sk\u00e4rmavbild 2018-07-09 kl. 08.40.08\" onerror=\"this.style.display='none'\"  \/>\n\t\t\t\t<img loading=\"lazy\" decoding=\"async\" src=\"http:\/\/mmstudies.com\/sallberg\/wp-content\/uploads\/sites\/13\/2018\/07\/Sk\u00e4rmavbild-2018-07-09-kl.-08.40.23.png\" alt=\"Sk\u00e4rmavbild 2018-07-09 kl. 08.40.23\" itemprop=\"image\" height=\"603\" width=\"515\" title=\"Sk\u00e4rmavbild 2018-07-09 kl. 08.40.23\" onerror=\"this.style.display='none'\"  \/>\n\t\t\t\t<img loading=\"lazy\" decoding=\"async\" src=\"http:\/\/mmstudies.com\/sallberg\/wp-content\/uploads\/sites\/13\/2018\/07\/36672341_2254525564562745_2988947893966077952_n-1.jpg\" alt=\"36672341_2254525564562745_2988947893966077952_n\" itemprop=\"image\" height=\"504\" width=\"921\" title=\"36672341_2254525564562745_2988947893966077952_n\" onerror=\"this.style.display='none'\"  \/>\n\t\t\t\t<img loading=\"lazy\" decoding=\"async\" src=\"http:\/\/mmstudies.com\/sallberg\/wp-content\/uploads\/sites\/13\/2018\/10\/Sk\u00e4rmklipp-2018-10-14-10.52.51.png\" alt=\"Sk\u00e4rmklipp 2018-10-14 10.52.51\" itemprop=\"image\" height=\"402\" width=\"1024\" title=\"Sk\u00e4rmklipp 2018-10-14 10.52.51\" onerror=\"this.style.display='none'\"  \/>\n\t<strong>Tasso Stafilidis<\/strong> har delat ett inl\u00e4gg.<br \/>\n25 augusti \u00b7\nUnder en l\u00e4ngre tid har en av de modigaste personer jag k\u00e4nner utsatts f\u00f6r det vidrigaste r\u00e4tts\u00f6vergrepp i modern svensk historia. Det b\u00f6rjade med en barnr\u00e4ttsfr\u00e5ga d\u00e4r Carina S\u00e4llberg tog barnperspektivet p\u00e5 allvar n\u00e4r alla andra verkade strunta i riskbed\u00f6mningarna och nu har det utvecklats till en r\u00e4ttsskandal d\u00e4r v\u00e4nskapskorruption, makt- och r\u00e4tts\u00f6vergrepp, vidriga trakasserier samt inskr\u00e4nkningar av yttrandefriheten anv\u00e4nds mot Carina f\u00f6r att tysta henne! Det \u00e4r dessutom en politisk vendetta i dessa valtider som lett till att L i Helsingborg\/Sk\u00e5ne inte till\u00e5tit Carina att kandidera till valet. Det \u00e4r b\u00e5de med sm\u00e4rta och vrede jag har f\u00f6ljt h\u00e4ndelseutvecklingen! Det h\u00e4r \u00e4r inte v\u00e4rdigt den svenska r\u00e4ttss\u00e4kerheten! Det \u00e4r inte v\u00e4rdigt Liberalerna som parti och helt r\u00e4ttsvidrigt mot v\u00e5r demokrati! Carina, vi \u00e4r m\u00e5nga som st\u00e5r bakom dig\u2764\ufe0f<br \/>\n#backacarinas\u00e4llberg #uppdraggranskning #svt #ug #jo #domstolsverket #dn #gp #svd\n\t\t\t\t<img loading=\"lazy\" decoding=\"async\" src=\"http:\/\/mmstudies.com\/sallberg\/wp-content\/uploads\/sites\/13\/2018\/07\/Sk\u00e4rmavbild-2018-07-10-kl.-08.00.06.png\" alt=\"Sk\u00e4rmavbild 2018-07-10 kl. 08.00.06\" itemprop=\"image\" height=\"350\" width=\"847\" title=\"Sk\u00e4rmavbild 2018-07-10 kl. 08.00.06\" onerror=\"this.style.display='none'\"  \/>\n\t<p><a href=\"https:\/\/www.facebook.com\/maybritt.ohman?fref=nf\"><strong>M Tuohea Rim<\/strong> har delat ett inl\u00e4gg. p\u00e5 Facebook\u00a0<\/a>7 juli 2018\u00b7<\/p>\n<p>Fortfarande inte h\u00f6rt ett ljud fr\u00e5n n\u00e5gon av mina FB v\u00e4nner i Liberalerna om detta. Sk\u00e4mmes ta mig f*n! Och \u00e4ven ni andra som \u00e4r med i partier som trakasserar en kvinna p\u00e5 detta s\u00e4tt utan att s\u00e4ga ifr\u00e5n! Man skulle tro att v\u00e5rt v\u00e4rsta hot \u00e4r nazister. Men jag m\u00e5ste s\u00e4ga att nazister vet man var man har i alla fall.<\/p>\nAtt moderater nu f\u00f6rs\u00f6ker f\u00e5 in en politisk motst\u00e5ndare i Helsingborg i sluten psykiatrisk v\u00e5rd f\u00f6r att hon opponerar sig mot ett naturf\u00f6rst\u00f6rande projekt &#8211; \u00e4r bortom all demokrati. Eller hur?! Var \u00e4r Liberalerna s st\u00f6d? Var \u00e4r \u00f6vriga partiers st\u00f6d?! Var \u00e4r rubrikerna?<br \/>\nNi kan g\u00e4rna l\u00e4sa p\u00e5 <strong><a href=\"https:\/\/www.facebook.com\/carina.sallberg\">Carina S\u00e4llberg<\/a>s<\/strong> egen FB.\n<p>Ps. SJ\u00c4LVKLART ska man inte r\u00f6sta p\u00e5 nazister i n\u00e5gon form. Min uppmaning \u00e4r till alla v\u00e4ljare att h\u00e5lla \u00f6gonen p\u00e5 personerna de r\u00f6star p\u00e5. Innan och efter valet! De som kan framst\u00e5 som att de \u00e4r f\u00f6r demokrati och frihet kan i sj\u00e4lva verket vara diktatorer. H\u00e5ll koll! R\u00f6sta bort dessa! Kryssa in vettiga personer!<\/p>\n<p><a href=\"https:\/\/www.facebook.com\/maybritt.ohman?fref=nf\">M Tuohea Rim\u00a0<\/a>7 juli 2018\u00b7<\/p>\n\t\t\t\t<img loading=\"lazy\" decoding=\"async\" src=\"http:\/\/mmstudies.com\/sallberg\/wp-content\/uploads\/sites\/13\/2018\/07\/36965601_2264044983610803_2252150772642873344_n.jpg\" alt=\"36965601_2264044983610803_2252150772642873344_n\" itemprop=\"image\" height=\"698\" width=\"505\" title=\"36965601_2264044983610803_2252150772642873344_n\" onerror=\"this.style.display='none'\"  \/>\n\t\t\t\t<img loading=\"lazy\" decoding=\"async\" src=\"http:\/\/mmstudies.com\/sallberg\/wp-content\/uploads\/sites\/13\/2018\/07\/Sk\u00e4rmavbild-2018-07-12-kl.-17.26.16.png\" alt=\"Sk\u00e4rmavbild 2018-07-12 kl. 17.26.16\" itemprop=\"image\" height=\"358\" width=\"852\" title=\"Sk\u00e4rmavbild 2018-07-12 kl. 17.26.16\" onerror=\"this.style.display='none'\"  \/>\n\t<p><a href=\"https:\/\/www.facebook.com\/search\/str\/Daniel+Alexander+Sebastian+Anderson\/keywords_search\"><strong>Daniel Alexander Sebastian Anderson har delat ett inl\u00e4gg p\u00e5 Facebook\u00a05 juli kl. 2018<\/strong><\/a><\/p>\n<p>Jag st\u00f6djer Carina S\u00e4llberg fullt ut. Definitivt en skandal med inslag av r\u00e4tts\u00f6vergrepp. Bidrag till insamlingen f\u00f6r hennes r\u00e4tteg\u00e5ngskostnader p\u00e5g\u00e5r. Bidrag kan s\u00e4ttas in p\u00e5 SEB 5699-0144203. Kontot granskas av revisorer. Just nu ganska f\u00f6rbannad f\u00f6r av de som s\u00e4ger sig st\u00f6dja henne, s\u00e5 \u00e4r det ett f\u00e5tal som bidragit. Bidragen och belopp \u00e4r anonyma f\u00f6r mig och revisorerna. I \u00f6vrigt om du vill st\u00f6dja henne ekonomiskt i detta r\u00e4tts\u00f6vergrepp, s\u00e5 bidra till hennes f\u00f6rsvar. Alla bidrag mottages tacksamt. Det r\u00e4cker inte med att trycka gilla eller \u00e4lska. Ge ett bidrag utifr\u00e5n din pl\u00e5nbok. Insamlat belopp hittills \u00e4r bedr\u00f6vligt och av den summan st\u00e5r jag och revisorerna f\u00f6r 20 procent. F\u00f6rv\u00e4ntar mig att ni st\u00f6djer Carina S\u00e4llberg.Carina har 820 v\u00e4nner och det \u00e4r 15 bara som bidragit.<\/p>\n<p><strong>Daniel Alexander Sebastian Anderson 5 juli kl. 2018<\/strong><\/p>\n\n","protected":false},"excerpt":{"rendered":"<p>OMV\u00c4RLDENS SYN P\u00c5 FALLET CARINA S\u00c4LLBERG &nbsp; \u00c5ke Danerek\u00a0 Skriver p\u00e5 Facebook den 9 juli 2018 Liberalt hyckleri, v\u00e4nskapskorruption och r\u00e4ttsr\u00f6ta i syfte att oskadligg\u00f6ra en politisk motst\u00e5ndare som visat ett osedvanligt stort m\u00e5tt av civilkurage och k\u00e4nsla f\u00f6r r\u00e4ttvisa. Sk\u00e5deplats: Helsingborg, Huvudroll: Carina S\u00e4llberg \u00c5ke Danarek 9 juli 2018 \u00c5ke Danerek\u00a0skriver p\u00e5 Facebook 11&#8230;<\/p>\n","protected":false},"author":1,"featured_media":0,"parent":0,"menu_order":0,"comment_status":"closed","ping_status":"closed","template":"full-width-page.php","meta":{"footnotes":""},"class_list":["post-154","page","type-page","status-publish","hentry"],"_links":{"self":[{"href":"http:\/\/mmstudies.com\/sallberg\/wp-json\/wp\/v2\/pages\/154","targetHints":{"allow":["GET"]}}],"collection":[{"href":"http:\/\/mmstudies.com\/sallberg\/wp-json\/wp\/v2\/pages"}],"about":[{"href":"http:\/\/mmstudies.com\/sallberg\/wp-json\/wp\/v2\/types\/page"}],"author":[{"embeddable":true,"href":"http:\/\/mmstudies.com\/sallberg\/wp-json\/wp\/v2\/users\/1"}],"replies":[{"embeddable":true,"href":"http:\/\/mmstudies.com\/sallberg\/wp-json\/wp\/v2\/comments?post=154"}],"version-history":[{"count":19,"href":"http:\/\/mmstudies.com\/sallberg\/wp-json\/wp\/v2\/pages\/154\/revisions"}],"predecessor-version":[{"id":3187,"href":"http:\/\/mmstudies.com\/sallberg\/wp-json\/wp\/v2\/pages\/154\/revisions\/3187"}],"wp:attachment":[{"href":"http:\/\/mmstudies.com\/sallberg\/wp-json\/wp\/v2\/media?parent=154"}],"curies":[{"name":"wp","href":"https:\/\/api.w.org\/{rel}","templated":true}]}}