{"id":1573,"date":"2018-08-14T08:23:00","date_gmt":"2018-08-14T08:23:00","guid":{"rendered":"http:\/\/mmstudies.com\/sallberg\/?page_id=1573"},"modified":"2019-01-23T19:10:25","modified_gmt":"2019-01-23T19:10:25","slug":"carinas-yttrande","status":"publish","type":"page","link":"http:\/\/mmstudies.com\/sallberg\/carinas-motbevis\/carinas-yttrande\/","title":{"rendered":"Carinas yttrande ang r\u00e4ttens undanh\u00e5llande av hennes motbevis via sin advokat Maria F Hohenthal"},"content":{"rendered":"\n\t\t\t\t<img decoding=\"async\" src=\"http:\/\/mmstudies.com\/sallberg\/wp-content\/plugins\/beaver-builder-lite-version\/img\/pixel.png\" alt=\"\" itemprop=\"image\"  \/>\n\t<h1>CARINAS YTTRANDE\u00a0ANG\u00c5ENDE R\u00c4TTENS UNDANH\u00c5LLANDE AV HENNES MOTBEVIS<br \/>\nVIA SIN ADVOKAT MARIA FAGER HOHENTHAL<\/h1>\n\t\t\t\t<img loading=\"lazy\" decoding=\"async\" src=\"http:\/\/mmstudies.com\/sallberg\/wp-content\/uploads\/sites\/13\/2018\/07\/Sk\u00e4rmavbild-2018-07-30-kl.-19.49.02.png\" alt=\"Sk\u00e4rmavbild 2018-07-30 kl. 19.49.02\" itemprop=\"image\" height=\"762\" width=\"975\" title=\"Sk\u00e4rmavbild 2018-07-30 kl. 19.49.02\"  \/>\n\t\t\t\t<img loading=\"lazy\" decoding=\"async\" src=\"http:\/\/mmstudies.com\/sallberg\/wp-content\/uploads\/sites\/13\/2018\/07\/Sk\u00e4rmavbild-2018-07-30-kl.-19.53.58.png\" alt=\"Sk\u00e4rmavbild 2018-07-30 kl. 19.53.58\" itemprop=\"image\" height=\"520\" width=\"1024\" title=\"Sk\u00e4rmavbild 2018-07-30 kl. 19.53.58\"  \/>\n\t\t\t\t<img loading=\"lazy\" decoding=\"async\" src=\"http:\/\/mmstudies.com\/sallberg\/wp-content\/uploads\/sites\/13\/2018\/07\/Sk\u00e4rmavbild-2018-07-30-kl.-19.40.27.png\" alt=\"Sk\u00e4rmavbild 2018-07-30 kl. 19.40.27\" itemprop=\"image\" height=\"303\" width=\"1024\" title=\"Sk\u00e4rmavbild 2018-07-30 kl. 19.40.27\"  \/>\n\t\t\t\t<img loading=\"lazy\" decoding=\"async\" src=\"http:\/\/mmstudies.com\/sallberg\/wp-content\/uploads\/sites\/13\/2018\/07\/Sk\u00e4rmavbild-2018-07-30-kl.-19.40.36.png\" alt=\"Sk\u00e4rmavbild 2018-07-30 kl. 19.40.36\" itemprop=\"image\" height=\"768\" width=\"977\" title=\"Sk\u00e4rmavbild 2018-07-30 kl. 19.40.36\"  \/>\n\t\t\t\t<img loading=\"lazy\" decoding=\"async\" src=\"http:\/\/mmstudies.com\/sallberg\/wp-content\/uploads\/sites\/13\/2018\/07\/Sk\u00e4rmavbild-2018-07-30-kl.-19.56.41.png\" alt=\"Sk\u00e4rmavbild 2018-07-30 kl. 19.56.41\" itemprop=\"image\" height=\"768\" width=\"968\" title=\"Sk\u00e4rmavbild 2018-07-30 kl. 19.56.41\"  \/>\n\t\t\t\t<img loading=\"lazy\" decoding=\"async\" src=\"http:\/\/mmstudies.com\/sallberg\/wp-content\/uploads\/sites\/13\/2018\/07\/Sk\u00e4rmavbild-2018-07-30-kl.-20.01.32.png\" alt=\"Sk\u00e4rmavbild 2018-07-30 kl. 20.01.32\" itemprop=\"image\" height=\"760\" width=\"966\" title=\"Sk\u00e4rmavbild 2018-07-30 kl. 20.01.32\"  \/>\n\t\t\t\t<img loading=\"lazy\" decoding=\"async\" src=\"http:\/\/mmstudies.com\/sallberg\/wp-content\/uploads\/sites\/13\/2018\/07\/Sk\u00e4rmavbild-2018-07-30-kl.-20.35.08.png\" alt=\"Sk\u00e4rmavbild 2018-07-30 kl. 20.35.08\" itemprop=\"image\" height=\"768\" width=\"967\" title=\"Sk\u00e4rmavbild 2018-07-30 kl. 20.35.08\"  \/>\n\t\t\t\t<img loading=\"lazy\" decoding=\"async\" src=\"http:\/\/mmstudies.com\/sallberg\/wp-content\/uploads\/sites\/13\/2018\/07\/Sk\u00e4rmavbild-2018-07-30-kl.-21.18.33.png\" alt=\"Sk\u00e4rmavbild 2018-07-30 kl. 21.18.33\" itemprop=\"image\" height=\"403\" width=\"1024\" title=\"Sk\u00e4rmavbild 2018-07-30 kl. 21.18.33\"  \/>\n\t<blockquote data-secret=\"0NhCB52g1u\"><p><a href=\"http:\/\/mmstudies.com\/sallberg\/carinas-motbevis\/carinas-yttrande\/\">Carinas yttrande ang r\u00e4ttens undanh\u00e5llande av hennes motbevis via sin advokat Maria F Hohenthal<\/a><\/p><\/blockquote>\n<p><iframe loading=\"lazy\" sandbox=\"allow-scripts\" security=\"restricted\" src=\"http:\/\/mmstudies.com\/sallberg\/carinas-motbevis\/carinas-yttrande\/embed\/#?secret=0NhCB52g1u\" data-secret=\"0NhCB52g1u\" width=\"600\" height=\"338\" title=\"&#8221;Carinas yttrande ang r\u00e4ttens undanh\u00e5llande av hennes motbevis via sin advokat Maria F Hohenthal&#8221; &#8212; JUSTITIEMORDET P\u00c5 CARINA S\u00c4LLBERG\" frameborder=\"0\" marginwidth=\"0\" marginheight=\"0\" scrolling=\"no\"><\/iframe><\/p>\n<blockquote data-secret=\"T9cKcQxDhH\"><p><a href=\"http:\/\/mmstudies.com\/sallberg\/carinas-motbevis\/urkunder\/\">F\u00f6rfalskade urkunder och falska tillvitelser till grund f\u00f6r fem \u00e5rs r\u00e4ttslig terror<\/a><\/p><\/blockquote>\n<p><iframe loading=\"lazy\" sandbox=\"allow-scripts\" security=\"restricted\" src=\"http:\/\/mmstudies.com\/sallberg\/carinas-motbevis\/urkunder\/embed\/#?secret=T9cKcQxDhH\" data-secret=\"T9cKcQxDhH\" width=\"600\" height=\"338\" title=\"&#8221;F\u00f6rfalskade urkunder och falska tillvitelser till grund f\u00f6r fem \u00e5rs r\u00e4ttslig terror&#8221; &#8212; JUSTITIEMORDET P\u00c5 CARINA S\u00c4LLBERG\" frameborder=\"0\" marginwidth=\"0\" marginheight=\"0\" scrolling=\"no\"><\/iframe><\/p>\n<blockquote data-secret=\"E23UUI5dPb\"><p><a href=\"http:\/\/mmstudies.com\/sallberg\/carinas-motbevis\/urkundsforf-fup\/\">Urkundsf\u00f6rfalskning i polisens \/ \u00e5klagarens f\u00f6runders\u00f6kningsprotokoll?<\/a><\/p><\/blockquote>\n<p><iframe loading=\"lazy\" sandbox=\"allow-scripts\" security=\"restricted\" src=\"http:\/\/mmstudies.com\/sallberg\/carinas-motbevis\/urkundsforf-fup\/embed\/#?secret=E23UUI5dPb\" data-secret=\"E23UUI5dPb\" width=\"600\" height=\"338\" title=\"&#8221;Urkundsf\u00f6rfalskning i polisens \/ \u00e5klagarens f\u00f6runders\u00f6kningsprotokoll?&#8221; &#8212; JUSTITIEMORDET P\u00c5 CARINA S\u00c4LLBERG\" frameborder=\"0\" marginwidth=\"0\" marginheight=\"0\" scrolling=\"no\"><\/iframe><\/p>\n<blockquote data-secret=\"VgsX9xA31B\"><p><a href=\"http:\/\/mmstudies.com\/sallberg\/carinas-motbevis\/slutgiltigt-beslut\/\">SLUTGILTIGT BESLUT \/ kontaktf\u00f6rbud nr 2 upph\u00e4vt enligt dom av r\u00e5dman Karoline Fridolf<\/a><\/p><\/blockquote>\n<p><iframe loading=\"lazy\" sandbox=\"allow-scripts\" security=\"restricted\" src=\"http:\/\/mmstudies.com\/sallberg\/carinas-motbevis\/slutgiltigt-beslut\/embed\/#?secret=VgsX9xA31B\" data-secret=\"VgsX9xA31B\" width=\"600\" height=\"338\" title=\"&#8221;SLUTGILTIGT BESLUT \/ kontaktf\u00f6rbud nr 2 upph\u00e4vt enligt dom av r\u00e5dman Karoline Fridolf&#8221; &#8212; JUSTITIEMORDET P\u00c5 CARINA S\u00c4LLBERG\" frameborder=\"0\" marginwidth=\"0\" marginheight=\"0\" scrolling=\"no\"><\/iframe><\/p>\n<blockquote data-secret=\"L2cdoJPacf\"><p><a href=\"http:\/\/mmstudies.com\/sallberg\/carinas-motbevis\/forovartekniker\/\">M\u00c5LS\u00c4GANDENS KLASSISKT SKULD\u00d6VERSKRIVANDE F\u00d6R\u00d6VARTEKNIKER  &#8211; TIDIGARE K\u00c4NDA AV POLIS &#038; \u00c5KLAGARE<\/a><\/p><\/blockquote>\n<p><iframe loading=\"lazy\" sandbox=\"allow-scripts\" security=\"restricted\" src=\"http:\/\/mmstudies.com\/sallberg\/carinas-motbevis\/forovartekniker\/embed\/#?secret=L2cdoJPacf\" data-secret=\"L2cdoJPacf\" width=\"600\" height=\"338\" title=\"&#8221;M\u00c5LS\u00c4GANDENS KLASSISKT SKULD\u00d6VERSKRIVANDE F\u00d6R\u00d6VARTEKNIKER  &#8211; TIDIGARE K\u00c4NDA AV POLIS &#038; \u00c5KLAGARE&#8221; &#8212; JUSTITIEMORDET P\u00c5 CARINA S\u00c4LLBERG\" frameborder=\"0\" marginwidth=\"0\" marginheight=\"0\" scrolling=\"no\"><\/iframe><\/p>\n<blockquote data-secret=\"NsjmM5iipr\"><p><a href=\"http:\/\/mmstudies.com\/sallberg\/carinas-motbevis\/studsmattan\/\">Konversation om studsmattan i repris<\/a><\/p><\/blockquote>\n<p><iframe loading=\"lazy\" sandbox=\"allow-scripts\" security=\"restricted\" src=\"http:\/\/mmstudies.com\/sallberg\/carinas-motbevis\/studsmattan\/embed\/#?secret=NsjmM5iipr\" data-secret=\"NsjmM5iipr\" width=\"600\" height=\"338\" title=\"&#8221;Konversation om studsmattan i repris&#8221; &#8212; JUSTITIEMORDET P\u00c5 CARINA S\u00c4LLBERG\" frameborder=\"0\" marginwidth=\"0\" marginheight=\"0\" scrolling=\"no\"><\/iframe><\/p>\n<blockquote data-secret=\"nBOnfxRrAo\"><p><a href=\"http:\/\/mmstudies.com\/sallberg\/carinas-motbevis\/motbevis-studsmattan\/\">Carinas motbevis g\u00e4llande konversationen om studsmattan<\/a><\/p><\/blockquote>\n<p><iframe loading=\"lazy\" sandbox=\"allow-scripts\" security=\"restricted\" src=\"http:\/\/mmstudies.com\/sallberg\/carinas-motbevis\/motbevis-studsmattan\/embed\/#?secret=nBOnfxRrAo\" data-secret=\"nBOnfxRrAo\" width=\"600\" height=\"338\" title=\"&#8221;Carinas motbevis g\u00e4llande konversationen om studsmattan&#8221; &#8212; JUSTITIEMORDET P\u00c5 CARINA S\u00c4LLBERG\" frameborder=\"0\" marginwidth=\"0\" marginheight=\"0\" scrolling=\"no\"><\/iframe><\/p>\n","protected":false},"excerpt":{"rendered":"<p>CARINAS YTTRANDE\u00a0ANG\u00c5ENDE R\u00c4TTENS UNDANH\u00c5LLANDE AV HENNES MOTBEVIS VIA SIN ADVOKAT MARIA FAGER HOHENTHAL Carinas yttrande ang r\u00e4ttens undanh\u00e5llande av hennes motbevis via sin advokat Maria F Hohenthal F\u00f6rfalskade urkunder och falska tillvitelser till grund f\u00f6r fem \u00e5rs r\u00e4ttslig terror Urkundsf\u00f6rfalskning i polisens \/ \u00e5klagarens f\u00f6runders\u00f6kningsprotokoll? SLUTGILTIGT BESLUT \/ kontaktf\u00f6rbud nr 2 upph\u00e4vt enligt dom av&#8230;<\/p>\n","protected":false},"author":1,"featured_media":0,"parent":1526,"menu_order":0,"comment_status":"closed","ping_status":"closed","template":"full-width-page.php","meta":{"footnotes":""},"class_list":["post-1573","page","type-page","status-publish","hentry"],"_links":{"self":[{"href":"http:\/\/mmstudies.com\/sallberg\/wp-json\/wp\/v2\/pages\/1573","targetHints":{"allow":["GET"]}}],"collection":[{"href":"http:\/\/mmstudies.com\/sallberg\/wp-json\/wp\/v2\/pages"}],"about":[{"href":"http:\/\/mmstudies.com\/sallberg\/wp-json\/wp\/v2\/types\/page"}],"author":[{"embeddable":true,"href":"http:\/\/mmstudies.com\/sallberg\/wp-json\/wp\/v2\/users\/1"}],"replies":[{"embeddable":true,"href":"http:\/\/mmstudies.com\/sallberg\/wp-json\/wp\/v2\/comments?post=1573"}],"version-history":[{"count":4,"href":"http:\/\/mmstudies.com\/sallberg\/wp-json\/wp\/v2\/pages\/1573\/revisions"}],"predecessor-version":[{"id":2759,"href":"http:\/\/mmstudies.com\/sallberg\/wp-json\/wp\/v2\/pages\/1573\/revisions\/2759"}],"up":[{"embeddable":true,"href":"http:\/\/mmstudies.com\/sallberg\/wp-json\/wp\/v2\/pages\/1526"}],"wp:attachment":[{"href":"http:\/\/mmstudies.com\/sallberg\/wp-json\/wp\/v2\/media?parent=1573"}],"curies":[{"name":"wp","href":"https:\/\/api.w.org\/{rel}","templated":true}]}}