{"id":1616,"date":"2018-08-15T00:03:15","date_gmt":"2018-08-15T00:03:15","guid":{"rendered":"http:\/\/mmstudies.com\/sallberg\/?page_id=1616"},"modified":"2023-06-17T15:31:00","modified_gmt":"2023-06-17T15:31:00","slug":"protokollbilaga-satir","status":"publish","type":"page","link":"http:\/\/mmstudies.com\/sallberg\/proportioner\/protokollbilaga-satir\/","title":{"rendered":"Polisens ambiti\u00f6sa protokollbilaga med f\u00f6rh\u00f6r och yttrande av Carina ang\u00e5ende hennes brottsutpekade FB-satirer"},"content":{"rendered":"\n\n\t<h1>TIDERNAS FARS!\u00a0<\/h1>\n<p><em>Det utg\u00f6r en sann fr\u00f6jd att sk\u00e5da hur idogt de flitiga kvinnsen jobbar och st\u00e5r i p\u00e5 polismyndigheten i Helsingborg!<\/em><\/p>\n\t\t\t\t<img loading=\"lazy\" decoding=\"async\" src=\"http:\/\/mmstudies.com\/sallberg\/wp-content\/uploads\/sites\/13\/2018\/08\/Sk\u00e4rmavbild-2018-08-15-kl.-01.45.43-1.png\" alt=\"Sk\u00e4rmavbild 2018-08-15 kl. 01.45.43\" itemprop=\"image\" height=\"671\" width=\"1280\" title=\"Sk\u00e4rmavbild 2018-08-15 kl. 01.45.43\" onerror=\"this.style.display='none'\"  \/>\n\t\t\t\t<img loading=\"lazy\" decoding=\"async\" src=\"http:\/\/mmstudies.com\/sallberg\/wp-content\/uploads\/sites\/13\/2018\/08\/Sk\u00e4rmavbild-2018-08-15-kl.-01.45.52.png\" alt=\"Sk\u00e4rmavbild 2018-08-15 kl. 01.45.52\" itemprop=\"image\" height=\"676\" width=\"1280\" title=\"Sk\u00e4rmavbild 2018-08-15 kl. 01.45.52\" onerror=\"this.style.display='none'\"  \/>\n\t\t\t\t<img loading=\"lazy\" decoding=\"async\" src=\"http:\/\/mmstudies.com\/sallberg\/wp-content\/uploads\/sites\/13\/2018\/08\/Sk\u00e4rmavbild-2018-08-15-kl.-01.46.07.png\" alt=\"Sk\u00e4rmavbild 2018-08-15 kl. 01.46.07\" itemprop=\"image\" height=\"674\" width=\"1280\" title=\"Sk\u00e4rmavbild 2018-08-15 kl. 01.46.07\" onerror=\"this.style.display='none'\"  \/>\n\t\t\t\t<img loading=\"lazy\" decoding=\"async\" src=\"http:\/\/mmstudies.com\/sallberg\/wp-content\/uploads\/sites\/13\/2018\/08\/Sk\u00e4rmavbild-2018-08-15-kl.-01.46.33.png\" alt=\"Sk\u00e4rmavbild 2018-08-15 kl. 01.46.33\" itemprop=\"image\" height=\"653\" width=\"1280\" title=\"Sk\u00e4rmavbild 2018-08-15 kl. 01.46.33\" onerror=\"this.style.display='none'\"  \/>\n\t\t\t\t<img loading=\"lazy\" decoding=\"async\" src=\"http:\/\/mmstudies.com\/sallberg\/wp-content\/uploads\/sites\/13\/2018\/08\/Sk\u00e4rmavbild-2018-08-15-kl.-01.46.47.png\" alt=\"Sk\u00e4rmavbild 2018-08-15 kl. 01.46.47\" itemprop=\"image\" height=\"652\" width=\"1280\" title=\"Sk\u00e4rmavbild 2018-08-15 kl. 01.46.47\" onerror=\"this.style.display='none'\"  \/>\n\t\t\t\t<img loading=\"lazy\" decoding=\"async\" src=\"http:\/\/mmstudies.com\/sallberg\/wp-content\/uploads\/sites\/13\/2018\/08\/Sk\u00e4rmavbild-2018-08-15-kl.-01.46.59-1.png\" alt=\"Sk\u00e4rmavbild 2018-08-15 kl. 01.46.59\" itemprop=\"image\" height=\"673\" width=\"1280\" title=\"Sk\u00e4rmavbild 2018-08-15 kl. 01.46.59\" onerror=\"this.style.display='none'\"  \/>\n\t\t\t\t<img loading=\"lazy\" decoding=\"async\" src=\"http:\/\/mmstudies.com\/sallberg\/wp-content\/uploads\/sites\/13\/2018\/08\/Sk\u00e4rmavbild-2018-08-15-kl.-01.47.06.png\" alt=\"Sk\u00e4rmavbild 2018-08-15 kl. 01.47.06\" itemprop=\"image\" height=\"676\" width=\"1280\" title=\"Sk\u00e4rmavbild 2018-08-15 kl. 01.47.06\" onerror=\"this.style.display='none'\"  \/>\n\t\t\t\t<img loading=\"lazy\" decoding=\"async\" src=\"http:\/\/mmstudies.com\/sallberg\/wp-content\/uploads\/sites\/13\/2018\/08\/Sk\u00e4rmavbild-2018-08-15-kl.-01.47.20.png\" alt=\"Sk\u00e4rmavbild 2018-08-15 kl. 01.47.20\" itemprop=\"image\" height=\"627\" width=\"1280\" title=\"Sk\u00e4rmavbild 2018-08-15 kl. 01.47.20\" onerror=\"this.style.display='none'\"  \/>\n\t\t\t\t<img loading=\"lazy\" decoding=\"async\" src=\"http:\/\/mmstudies.com\/sallberg\/wp-content\/uploads\/sites\/13\/2018\/08\/Sk\u00e4rmavbild-2018-08-15-kl.-01.47.36.png\" alt=\"Sk\u00e4rmavbild 2018-08-15 kl. 01.47.36\" itemprop=\"image\" height=\"679\" width=\"1280\" title=\"Sk\u00e4rmavbild 2018-08-15 kl. 01.47.36\" onerror=\"this.style.display='none'\"  \/>\n\t\t\t\t<img loading=\"lazy\" decoding=\"async\" src=\"http:\/\/mmstudies.com\/sallberg\/wp-content\/uploads\/sites\/13\/2018\/08\/Sk\u00e4rmavbild-2018-08-15-kl.-01.47.48.png\" alt=\"Sk\u00e4rmavbild 2018-08-15 kl. 01.47.48\" itemprop=\"image\" height=\"678\" width=\"1280\" title=\"Sk\u00e4rmavbild 2018-08-15 kl. 01.47.48\" onerror=\"this.style.display='none'\"  \/>\n\t\t\t\t<img loading=\"lazy\" decoding=\"async\" src=\"http:\/\/mmstudies.com\/sallberg\/wp-content\/uploads\/sites\/13\/2018\/08\/Sk\u00e4rmavbild-2018-08-15-kl.-01.47.59.png\" alt=\"Sk\u00e4rmavbild 2018-08-15 kl. 01.47.59\" itemprop=\"image\" height=\"680\" width=\"1280\" title=\"Sk\u00e4rmavbild 2018-08-15 kl. 01.47.59\" onerror=\"this.style.display='none'\"  \/>\n\t\t\t\t<img loading=\"lazy\" decoding=\"async\" src=\"http:\/\/mmstudies.com\/sallberg\/wp-content\/uploads\/sites\/13\/2018\/08\/Sk\u00e4rmavbild-2018-08-15-kl.-01.48.19.png\" alt=\"Sk\u00e4rmavbild 2018-08-15 kl. 01.48.19\" itemprop=\"image\" height=\"676\" width=\"1280\" title=\"Sk\u00e4rmavbild 2018-08-15 kl. 01.48.19\" onerror=\"this.style.display='none'\"  \/>\n\n","protected":false},"excerpt":{"rendered":"<p>TIDERNAS FARS!\u00a0 Det utg\u00f6r en sann fr\u00f6jd att sk\u00e5da hur idogt de flitiga kvinnsen jobbar och st\u00e5r i p\u00e5 polismyndigheten i Helsingborg!<\/p>\n","protected":false},"author":1,"featured_media":0,"parent":261,"menu_order":0,"comment_status":"closed","ping_status":"closed","template":"full-width-page.php","meta":{"footnotes":""},"class_list":["post-1616","page","type-page","status-publish","hentry"],"_links":{"self":[{"href":"http:\/\/mmstudies.com\/sallberg\/wp-json\/wp\/v2\/pages\/1616","targetHints":{"allow":["GET"]}}],"collection":[{"href":"http:\/\/mmstudies.com\/sallberg\/wp-json\/wp\/v2\/pages"}],"about":[{"href":"http:\/\/mmstudies.com\/sallberg\/wp-json\/wp\/v2\/types\/page"}],"author":[{"embeddable":true,"href":"http:\/\/mmstudies.com\/sallberg\/wp-json\/wp\/v2\/users\/1"}],"replies":[{"embeddable":true,"href":"http:\/\/mmstudies.com\/sallberg\/wp-json\/wp\/v2\/comments?post=1616"}],"version-history":[{"count":9,"href":"http:\/\/mmstudies.com\/sallberg\/wp-json\/wp\/v2\/pages\/1616\/revisions"}],"predecessor-version":[{"id":3191,"href":"http:\/\/mmstudies.com\/sallberg\/wp-json\/wp\/v2\/pages\/1616\/revisions\/3191"}],"up":[{"embeddable":true,"href":"http:\/\/mmstudies.com\/sallberg\/wp-json\/wp\/v2\/pages\/261"}],"wp:attachment":[{"href":"http:\/\/mmstudies.com\/sallberg\/wp-json\/wp\/v2\/media?parent=1616"}],"curies":[{"name":"wp","href":"https:\/\/api.w.org\/{rel}","templated":true}]}}