{"id":1668,"date":"2018-08-17T16:46:27","date_gmt":"2018-08-17T16:46:27","guid":{"rendered":"http:\/\/mmstudies.com\/sallberg\/?page_id=1668"},"modified":"2019-02-27T17:30:30","modified_gmt":"2019-02-27T17:30:30","slug":"tidslinje","status":"publish","type":"page","link":"http:\/\/mmstudies.com\/sallberg\/historia\/oversiktlig\/tidslinje\/","title":{"rendered":"\u00d6VERSIKTLIG TIDSLINJE SEDAN 2008"},"content":{"rendered":"\n\t\t\t\t<img loading=\"lazy\" decoding=\"async\" src=\"http:\/\/mmstudies.com\/sallberg\/wp-content\/uploads\/sites\/13\/2018\/08\/Sk\u00e4rmavbild-2018-08-17-kl.-18.35.42-1.png\" alt=\"Sk\u00e4rmavbild-2018-08-17-kl.-18.35.42\" itemprop=\"image\" height=\"871\" width=\"1197\" title=\"Sk\u00e4rmavbild-2018-08-17-kl.-18.35.42\" onerror=\"this.style.display='none'\"  \/>\n\t\t\t\t<img decoding=\"async\" src=\"http:\/\/mmstudies.com\/sallberg\/wp-content\/plugins\/beaver-builder-lite-version\/img\/pixel.png\" alt=\"\" itemprop=\"image\" onerror=\"this.style.display='none'\"  \/>\n\t\t\t\t<img loading=\"lazy\" decoding=\"async\" src=\"http:\/\/mmstudies.com\/sallberg\/wp-content\/uploads\/sites\/13\/2018\/08\/Sk\u00e4rmavbild-2018-08-17-kl.-18.43.34.png\" alt=\"Sk\u00e4rmavbild 2018-08-17 kl. 18.43.34\" itemprop=\"image\" height=\"1024\" width=\"1074\" title=\"Sk\u00e4rmavbild 2018-08-17 kl. 18.43.34\" onerror=\"this.style.display='none'\"  \/>\n\t\t\t\t<img loading=\"lazy\" decoding=\"async\" src=\"http:\/\/mmstudies.com\/sallberg\/wp-content\/uploads\/sites\/13\/2018\/08\/TIDSLINJE-KORT-BAKGRUND-1.png\" alt=\"TIDSLINJE-KORT-BAKGRUND\" itemprop=\"image\" height=\"1080\" width=\"1504\" title=\"TIDSLINJE-KORT-BAKGRUND\" onerror=\"this.style.display='none'\"  \/>\n\t\t\t\t<img decoding=\"async\" src=\"http:\/\/mmstudies.com\/sallberg\/wp-content\/plugins\/beaver-builder-lite-version\/img\/pixel.png\" alt=\"\" itemprop=\"image\" onerror=\"this.style.display='none'\"  \/>\n\t\t\t\t<img loading=\"lazy\" decoding=\"async\" src=\"http:\/\/mmstudies.com\/sallberg\/wp-content\/uploads\/sites\/13\/2018\/08\/TIDSLINJE.png\" alt=\"TIDSLINJE\" itemprop=\"image\" height=\"907\" width=\"1280\" title=\"TIDSLINJE\" onerror=\"this.style.display='none'\"  \/>\n\t\t\t\t<img loading=\"lazy\" decoding=\"async\" src=\"http:\/\/mmstudies.com\/sallberg\/wp-content\/uploads\/sites\/13\/2018\/08\/Tidslinje-kort-bakgrund-3-.png\" alt=\"Tidslinje kort bakgrund 3\" itemprop=\"image\" height=\"734\" width=\"1024\" title=\"Tidslinje kort bakgrund 3\" onerror=\"this.style.display='none'\"  \/>\n\t\t\t\t<img loading=\"lazy\" decoding=\"async\" src=\"http:\/\/mmstudies.com\/sallberg\/wp-content\/uploads\/sites\/13\/2018\/08\/ITIDSLINJE-NV\u00c4NDNINGAR-I-SAK.png\" alt=\"ITIDSLINJE NV\u00c4NDNINGAR I SAK\" itemprop=\"image\" height=\"922\" width=\"1280\" title=\"ITIDSLINJE NV\u00c4NDNINGAR I SAK\" onerror=\"this.style.display='none'\"  \/>\n\t\t\t\t<img loading=\"lazy\" decoding=\"async\" src=\"http:\/\/mmstudies.com\/sallberg\/wp-content\/uploads\/sites\/13\/2018\/08\/TIDSLINJE-HUVUDINV\u00c4NDNINGAR.png\" alt=\"TIDSLINJE HUVUDINV\u00c4NDNINGAR\" itemprop=\"image\" height=\"892\" width=\"1278\" title=\"TIDSLINJE HUVUDINV\u00c4NDNINGAR\" onerror=\"this.style.display='none'\"  \/>\n\t\t\t\t<img loading=\"lazy\" decoding=\"async\" src=\"http:\/\/mmstudies.com\/sallberg\/wp-content\/uploads\/sites\/13\/2018\/08\/TIDSLINJE-S\u00c4KRA-delen.png\" alt=\"TIDSLINJE S\u00c4KRA-delen\" itemprop=\"image\" height=\"903\" width=\"1271\" title=\"TIDSLINJE S\u00c4KRA-delen\" onerror=\"this.style.display='none'\"  \/>\n\t\t\t\t<img decoding=\"async\" src=\"http:\/\/mmstudies.com\/sallberg\/wp-content\/plugins\/beaver-builder-lite-version\/img\/pixel.png\" alt=\"\" itemprop=\"image\" onerror=\"this.style.display='none'\"  \/>\n\t\t\t\t<img loading=\"lazy\" decoding=\"async\" src=\"http:\/\/mmstudies.com\/sallberg\/wp-content\/uploads\/sites\/13\/2018\/08\/TIDSLINJE-STUDSMATTAN.png\" alt=\"TIDSLINJE STUDSMATTAN\" itemprop=\"image\" height=\"905\" width=\"1280\" title=\"TIDSLINJE STUDSMATTAN\" onerror=\"this.style.display='none'\"  \/>\n\t\t\t\t<img loading=\"lazy\" decoding=\"async\" src=\"http:\/\/mmstudies.com\/sallberg\/wp-content\/uploads\/sites\/13\/2018\/08\/TIDSLINJE-MARTINE.png\" alt=\"TIDSLINJE MARTINE\" itemprop=\"image\" height=\"924\" width=\"1280\" title=\"TIDSLINJE MARTINE\" onerror=\"this.style.display='none'\"  \/>\n\t\t\t\t<img loading=\"lazy\" decoding=\"async\" src=\"http:\/\/mmstudies.com\/sallberg\/wp-content\/uploads\/sites\/13\/2018\/08\/Sk\u00e4rmavbild-2018-08-17-kl.-18.21.15.png\" alt=\"Sk\u00e4rmavbild 2018-08-17 kl. 18.21.15\" itemprop=\"image\" height=\"907\" width=\"1280\" title=\"Sk\u00e4rmavbild 2018-08-17 kl. 18.21.15\" onerror=\"this.style.display='none'\"  \/>\n\t\t\t\t<img loading=\"lazy\" decoding=\"async\" src=\"http:\/\/mmstudies.com\/sallberg\/wp-content\/uploads\/sites\/13\/2018\/08\/Sk\u00e4rmavbild-2018-08-17-kl.-18.35.42.png\" alt=\"Sk\u00e4rmavbild 2018-08-17 kl. 18.35.42\" itemprop=\"image\" height=\"871\" width=\"1197\" title=\"Sk\u00e4rmavbild 2018-08-17 kl. 18.35.42\" onerror=\"this.style.display='none'\"  \/>\n\t<blockquote data-secret=\"71P1pC61G1\"><p><a href=\"http:\/\/mmstudies.com\/sallberg\/carinas-motbevis\/\">CARINA S\u00c4LLBERGS NEGLIGERADE MOTBEVIS<\/a><\/p><\/blockquote>\n<p><iframe loading=\"lazy\" sandbox=\"allow-scripts\" security=\"restricted\" src=\"http:\/\/mmstudies.com\/sallberg\/carinas-motbevis\/embed\/#?secret=71P1pC61G1\" data-secret=\"71P1pC61G1\" width=\"600\" height=\"338\" title=\"&#8221;CARINA S\u00c4LLBERGS NEGLIGERADE MOTBEVIS&#8221; &#8212; JUSTITIEMORDET P\u00c5 CARINA S\u00c4LLBERG\" frameborder=\"0\" marginwidth=\"0\" marginheight=\"0\" scrolling=\"no\"><\/iframe><\/p>\n\t<blockquote data-secret=\"l7EhfDnBwM\"><p><a href=\"http:\/\/mmstudies.com\/sallberg\/historia\/\">R\u00e4ttshaveriets fem\u00e5riga historia<\/a><\/p><\/blockquote>\n<p><iframe loading=\"lazy\" sandbox=\"allow-scripts\" security=\"restricted\" src=\"http:\/\/mmstudies.com\/sallberg\/historia\/embed\/#?secret=l7EhfDnBwM\" data-secret=\"l7EhfDnBwM\" width=\"600\" height=\"338\" title=\"&#8221;R\u00e4ttshaveriets fem\u00e5riga historia&#8221; &#8212; JUSTITIEMORDET P\u00c5 CARINA S\u00c4LLBERG\" frameborder=\"0\" marginwidth=\"0\" marginheight=\"0\" scrolling=\"no\"><\/iframe><\/p>\n<blockquote data-secret=\"U52wsDGBHX\"><p><a href=\"http:\/\/mmstudies.com\/sallberg\/historia\/oversiktlig\/\">\u00d6versiktlig sammanfattning av de juridiska turerna i den fem\u00e5riga processen<\/a><\/p><\/blockquote>\n<p><iframe loading=\"lazy\" sandbox=\"allow-scripts\" security=\"restricted\" src=\"http:\/\/mmstudies.com\/sallberg\/historia\/oversiktlig\/embed\/#?secret=U52wsDGBHX\" data-secret=\"U52wsDGBHX\" width=\"600\" height=\"338\" title=\"&#8221;\u00d6versiktlig sammanfattning av de juridiska turerna i den fem\u00e5riga processen&#8221; &#8212; JUSTITIEMORDET P\u00c5 CARINA S\u00c4LLBERG\" frameborder=\"0\" marginwidth=\"0\" marginheight=\"0\" scrolling=\"no\"><\/iframe><\/p>\n<blockquote data-secret=\"wGD70oejqC\"><p><a href=\"http:\/\/mmstudies.com\/sallberg\/historia\/oversiktlig\/tidslinje\/\">\u00d6VERSIKTLIG TIDSLINJE SEDAN 2008<\/a><\/p><\/blockquote>\n<p><iframe loading=\"lazy\" sandbox=\"allow-scripts\" security=\"restricted\" src=\"http:\/\/mmstudies.com\/sallberg\/historia\/oversiktlig\/tidslinje\/embed\/#?secret=wGD70oejqC\" data-secret=\"wGD70oejqC\" width=\"600\" height=\"338\" title=\"&#8221;\u00d6VERSIKTLIG TIDSLINJE SEDAN 2008&#8221; &#8212; JUSTITIEMORDET P\u00c5 CARINA S\u00c4LLBERG\" frameborder=\"0\" marginwidth=\"0\" marginheight=\"0\" scrolling=\"no\"><\/iframe><\/p>\n<blockquote data-secret=\"Dypx46g7MQ\"><p><a href=\"http:\/\/mmstudies.com\/sallberg\/historia\/oversiktlig\/ordstaremotord\/\">N\u00e4r ord st\u00e5r mot ord &#8211; vems g\u00e4ller?<\/a><\/p><\/blockquote>\n<p><iframe loading=\"lazy\" sandbox=\"allow-scripts\" security=\"restricted\" src=\"http:\/\/mmstudies.com\/sallberg\/historia\/oversiktlig\/ordstaremotord\/embed\/#?secret=Dypx46g7MQ\" data-secret=\"Dypx46g7MQ\" width=\"600\" height=\"338\" title=\"&#8221;N\u00e4r ord st\u00e5r mot ord &#8211; vems g\u00e4ller?&#8221; &#8212; JUSTITIEMORDET P\u00c5 CARINA S\u00c4LLBERG\" frameborder=\"0\" marginwidth=\"0\" marginheight=\"0\" scrolling=\"no\"><\/iframe><\/p>\n<blockquote data-secret=\"bUqWThhU0L\"><p><a href=\"http:\/\/mmstudies.com\/sallberg\/historia\/oversiktlig\/kronofogdemyndigheten\/\">M\u00e5ls\u00e4gandens osk\u00e4liga krav p\u00e5 Carina genom Kronofogdemyndigheten<\/a><\/p><\/blockquote>\n<p><iframe loading=\"lazy\" sandbox=\"allow-scripts\" security=\"restricted\" src=\"http:\/\/mmstudies.com\/sallberg\/historia\/oversiktlig\/kronofogdemyndigheten\/embed\/#?secret=bUqWThhU0L\" data-secret=\"bUqWThhU0L\" width=\"600\" height=\"338\" title=\"&#8221;M\u00e5ls\u00e4gandens osk\u00e4liga krav p\u00e5 Carina genom Kronofogdemyndigheten&#8221; &#8212; JUSTITIEMORDET P\u00c5 CARINA S\u00c4LLBERG\" frameborder=\"0\" marginwidth=\"0\" marginheight=\"0\" scrolling=\"no\"><\/iframe><\/p>\n<blockquote data-secret=\"qWSd8KQs2T\"><p><a href=\"http:\/\/mmstudies.com\/sallberg\/historia\/oversiktlig\/kontaktforbud1\/\">KONTAKTF\u00d6RBUD NR 1 \/ mars 2014<\/a><\/p><\/blockquote>\n<p><iframe loading=\"lazy\" sandbox=\"allow-scripts\" security=\"restricted\" src=\"http:\/\/mmstudies.com\/sallberg\/historia\/oversiktlig\/kontaktforbud1\/embed\/#?secret=qWSd8KQs2T\" data-secret=\"qWSd8KQs2T\" width=\"600\" height=\"338\" title=\"&#8221;KONTAKTF\u00d6RBUD NR 1 \/ mars 2014&#8221; &#8212; JUSTITIEMORDET P\u00c5 CARINA S\u00c4LLBERG\" frameborder=\"0\" marginwidth=\"0\" marginheight=\"0\" scrolling=\"no\"><\/iframe><\/p>\n<blockquote data-secret=\"UnoPSatArh\"><p><a href=\"http:\/\/mmstudies.com\/sallberg\/historia\/oversiktlig\/malsagandens-anmalningar\/\">M\u00c5LS\u00c4GANDENS BROTTSANM\u00c4LNINGAR &#038; BEG\u00c4RAN OM KONTAKTF\u00d6RBUD 2013<\/a><\/p><\/blockquote>\n<p><iframe loading=\"lazy\" sandbox=\"allow-scripts\" security=\"restricted\" src=\"http:\/\/mmstudies.com\/sallberg\/historia\/oversiktlig\/malsagandens-anmalningar\/embed\/#?secret=UnoPSatArh\" data-secret=\"UnoPSatArh\" width=\"600\" height=\"338\" title=\"&#8221;M\u00c5LS\u00c4GANDENS BROTTSANM\u00c4LNINGAR &#038; BEG\u00c4RAN OM KONTAKTF\u00d6RBUD 2013&#8221; &#8212; JUSTITIEMORDET P\u00c5 CARINA S\u00c4LLBERG\" frameborder=\"0\" marginwidth=\"0\" marginheight=\"0\" scrolling=\"no\"><\/iframe><\/p>\n<blockquote data-secret=\"xVa7njXPET\"><p><a href=\"http:\/\/mmstudies.com\/sallberg\/historia\/oversiktlig\/sg-erinran\/\">ADVOKAT SERPIL G\u00fcNG\u00d6RS ERINRAN<\/a><\/p><\/blockquote>\n<p><iframe loading=\"lazy\" sandbox=\"allow-scripts\" security=\"restricted\" src=\"http:\/\/mmstudies.com\/sallberg\/historia\/oversiktlig\/sg-erinran\/embed\/#?secret=xVa7njXPET\" data-secret=\"xVa7njXPET\" width=\"600\" height=\"338\" title=\"&#8221;ADVOKAT SERPIL G\u00fcNG\u00d6RS ERINRAN&#8221; &#8212; JUSTITIEMORDET P\u00c5 CARINA S\u00c4LLBERG\" frameborder=\"0\" marginwidth=\"0\" marginheight=\"0\" scrolling=\"no\"><\/iframe><\/p>\n<blockquote data-secret=\"vwRhKo6mUt\"><p><a href=\"http:\/\/mmstudies.com\/sallberg\/historia\/oversiktlig\/kontakt-sakra\/\">NN:s Brottsanm\u00e4lan den 21 november 2013 ang. Carinas kontakt med S\u00e4kra AB<\/a><\/p><\/blockquote>\n<p><iframe loading=\"lazy\" sandbox=\"allow-scripts\" security=\"restricted\" src=\"http:\/\/mmstudies.com\/sallberg\/historia\/oversiktlig\/kontakt-sakra\/embed\/#?secret=vwRhKo6mUt\" data-secret=\"vwRhKo6mUt\" width=\"600\" height=\"338\" title=\"&#8221;NN:s Brottsanm\u00e4lan den 21 november 2013 ang. Carinas kontakt med S\u00e4kra AB&#8221; &#8212; JUSTITIEMORDET P\u00c5 CARINA S\u00c4LLBERG\" frameborder=\"0\" marginwidth=\"0\" marginheight=\"0\" scrolling=\"no\"><\/iframe><\/p>\n<blockquote data-secret=\"fJhumfS66l\"><p><a href=\"http:\/\/mmstudies.com\/sallberg\/historia\/oversiktlig\/adoptionsskandalen\/\">ADOPTIONSSKANDALEN 2013<\/a><\/p><\/blockquote>\n<p><iframe loading=\"lazy\" sandbox=\"allow-scripts\" security=\"restricted\" src=\"http:\/\/mmstudies.com\/sallberg\/historia\/oversiktlig\/adoptionsskandalen\/embed\/#?secret=fJhumfS66l\" data-secret=\"fJhumfS66l\" width=\"600\" height=\"338\" title=\"&#8221;ADOPTIONSSKANDALEN 2013&#8221; &#8212; JUSTITIEMORDET P\u00c5 CARINA S\u00c4LLBERG\" frameborder=\"0\" marginwidth=\"0\" marginheight=\"0\" scrolling=\"no\"><\/iframe><\/p>\n<blockquote data-secret=\"lquISqOxIm\"><p><a href=\"http:\/\/mmstudies.com\/sallberg\/historia\/oversiktlig\/jo-anmalan\/\">JK- och JO &#8211; ANM\u00c4LAN OM J\u00c4V OCH ALLVARLIGA R\u00c4TTS\u00d6VERGREPP VID HELSINGBORGS TINGSR\u00c4TT\u00a0<\/a><\/p><\/blockquote>\n<p><iframe loading=\"lazy\" sandbox=\"allow-scripts\" security=\"restricted\" src=\"http:\/\/mmstudies.com\/sallberg\/historia\/oversiktlig\/jo-anmalan\/embed\/#?secret=lquISqOxIm\" data-secret=\"lquISqOxIm\" width=\"600\" height=\"338\" title=\"&#8221;JK- och JO &#8211; ANM\u00c4LAN OM J\u00c4V OCH ALLVARLIGA R\u00c4TTS\u00d6VERGREPP VID HELSINGBORGS TINGSR\u00c4TT\u00a0&#8221; &#8212; JUSTITIEMORDET P\u00c5 CARINA S\u00c4LLBERG\" frameborder=\"0\" marginwidth=\"0\" marginheight=\"0\" scrolling=\"no\"><\/iframe><\/p>\n","protected":false},"excerpt":{"rendered":"<p>CARINA S\u00c4LLBERGS NEGLIGERADE MOTBEVIS R\u00e4ttshaveriets fem\u00e5riga historia \u00d6versiktlig sammanfattning av de juridiska turerna i den fem\u00e5riga processen \u00d6VERSIKTLIG TIDSLINJE SEDAN 2008 N\u00e4r ord st\u00e5r mot ord &#8211; vems g\u00e4ller? M\u00e5ls\u00e4gandens osk\u00e4liga krav p\u00e5 Carina genom Kronofogdemyndigheten KONTAKTF\u00d6RBUD NR 1 \/ mars 2014 M\u00c5LS\u00c4GANDENS BROTTSANM\u00c4LNINGAR &#038; BEG\u00c4RAN OM KONTAKTF\u00d6RBUD 2013 ADVOKAT SERPIL G\u00fcNG\u00d6RS ERINRAN NN:s Brottsanm\u00e4lan&#8230;<\/p>\n","protected":false},"author":1,"featured_media":0,"parent":172,"menu_order":0,"comment_status":"closed","ping_status":"closed","template":"full-width-page.php","meta":{"footnotes":""},"class_list":["post-1668","page","type-page","status-publish","hentry"],"_links":{"self":[{"href":"http:\/\/mmstudies.com\/sallberg\/wp-json\/wp\/v2\/pages\/1668","targetHints":{"allow":["GET"]}}],"collection":[{"href":"http:\/\/mmstudies.com\/sallberg\/wp-json\/wp\/v2\/pages"}],"about":[{"href":"http:\/\/mmstudies.com\/sallberg\/wp-json\/wp\/v2\/types\/page"}],"author":[{"embeddable":true,"href":"http:\/\/mmstudies.com\/sallberg\/wp-json\/wp\/v2\/users\/1"}],"replies":[{"embeddable":true,"href":"http:\/\/mmstudies.com\/sallberg\/wp-json\/wp\/v2\/comments?post=1668"}],"version-history":[{"count":11,"href":"http:\/\/mmstudies.com\/sallberg\/wp-json\/wp\/v2\/pages\/1668\/revisions"}],"predecessor-version":[{"id":2855,"href":"http:\/\/mmstudies.com\/sallberg\/wp-json\/wp\/v2\/pages\/1668\/revisions\/2855"}],"up":[{"embeddable":true,"href":"http:\/\/mmstudies.com\/sallberg\/wp-json\/wp\/v2\/pages\/172"}],"wp:attachment":[{"href":"http:\/\/mmstudies.com\/sallberg\/wp-json\/wp\/v2\/media?parent=1668"}],"curies":[{"name":"wp","href":"https:\/\/api.w.org\/{rel}","templated":true}]}}