{"id":1913,"date":"2018-08-28T15:34:10","date_gmt":"2018-08-28T15:34:10","guid":{"rendered":"http:\/\/mmstudies.com\/sallberg\/?page_id=1913"},"modified":"2019-12-11T01:40:00","modified_gmt":"2019-12-11T01:40:00","slug":"rambrottet-olagaforfoljelse","status":"publish","type":"page","link":"http:\/\/mmstudies.com\/sallberg\/bevismaterialet\/rambrottet-olagaforfoljelse\/","title":{"rendered":"REKVISITEN F\u00d6R RAMBROTTET OLAGA F\u00d6RF\u00d6LJELSE"},"content":{"rendered":"\n<h1>DEFINITION AV RAMBROTTET OLAGA F\u00d6RF\u00d6LJELSE<\/h1>\n\t<h2>RAMBROTTET OLAGA F\u00d6RF\u00d6LJELSE<\/h2>\n<p>Advokat Clas J\u00f6rgensen kritiserar det faktum i sin <a href=\"http:\/\/mmstudies.com\/sallberg\/mal6503-13\/rattegangshinder\/\">Anm\u00e4lan om R\u00e4tteg\u00e5ngshinder<\/a>&nbsp;f\u00f6r M\u00e5l B 6503-13 att:<\/p>\n<h3>&#8221;1. \u00c5TALET HAR V\u00c4CKTS ANG\u00c5ENDE BROTT SOM OMFATTAS AV NEDLAGDA F\u00d6RUNDERS\u00d6KNINGAR SAMT F\u00d6R BROTT SOM INTE ANGETTS AV NN<\/h3>\n<p><strong>Rambrottet olaga f\u00f6rf\u00f6ljelse<\/strong> best\u00e5r av en serie i och f\u00f6r sig straffbara handlingar. S\u00e5lunda \u00e4r inte brottet ett perdurerande brott dvs en enda fortl\u00f6pande g\u00e4rning, som i sig utg\u00f6r ett brott. Domstolen m\u00e5ste, som vid brott i allm\u00e4nhet, ta st\u00e4llning till om varje g\u00e4rning \u00e4r styrkt (Jfr prop 2010 11:45 s 77) Det \u00e4r inte m\u00f6jligt att inom ramen f\u00f6r brottet pr\u00f6va flera anm\u00e4lningar om olaga f\u00f6rf\u00f6ljelse. Olaga f\u00f6rf\u00f6ljelse inneb\u00e4r att flera sj\u00e4lvst\u00e4ndiga g\u00e4rningar beg\u00e5tts.&nbsp;<\/p>\n<p>S\u00e5dana g\u00e4rningar (som tex brottet ofredande) har inte konkretiserats eller utretts under f\u00f6runders\u00f6kningen. \u00c4ven om de fyra st\u00e4mningsans\u00f6kningarna f\u00f6rsetts med beteckningen olaga f\u00f6rf\u00f6ljelse har f\u00f6runders\u00f6kningen aldrig bedrivits mot brottskonstruktionen olaga f\u00f6rf\u00f6ljelse.&#8221;<\/p>\n<p>Den skiljaktiga <a href=\"http:\/\/mmstudies.com\/sallberg\/mal6503-13\/namndemannen\/\">N\u00e4mndemannen Fredrik Holmberg<\/a> finner heller inte att brottsrekvisiten f\u00f6r <strong>olaga f\u00f6rf\u00f6ljelse<\/strong> eller<strong> ofredande<\/strong> \u00e4r uppfylld, i de g\u00e4rningar som Carina S\u00e4llberg \u00e5talades och d\u00f6mdes f\u00f6r i m\u00e5let B 6503-13. Meddelandena till ex-sambon kunde, enligt hans skiljaktiga mening, inte definieras som h\u00e4nsynsl\u00f6sa eftersom:<\/p>\n\t<p><em>\u201dG\u00e4llande m\u00e4ngden av meddelandena s\u00e5 g\u00e4ller en del av meddelandena fr\u00e5n Carina S\u00e4llberg till NN endast saker som ska utv\u00e4xlas dem emellan pga flytt \/ separation. Ingen av bilderna som skickats \u00e4r negativa eller kr\u00e4nkande. Carina S\u00e4llberg har blivit misshandlad av NN vilket kan r\u00e4ttf\u00e4rdiga att skicka en del meddelanden som \u00e4r negativa g\u00e4llande det.<\/em><\/p>\n<p><em>Syftet med de negativa meddelandena fr\u00e5n Carina S\u00e4llberg till NN \u00e4r delvis att hon vill f\u00e5 honom att g\u00f6ra bot och b\u00e4ttring och f\u00e5 honom att inse att han egentligen \u00e4r en b\u00e4ttre m\u00e4nniska. Carina S\u00e4llberg \u00e4r \u00f6vertygad om att NN har minnesluckor vilket motiverar henne att skicka mail, SMS och bilder p\u00e5 positiva minnen f\u00f6r att hj\u00e4lpa honom att fylla minnesluckorna. \u00c4ven om dessa syften kan tyckas m\u00e4rkliga v\u00e4cker det tvivel om Carina S\u00e4llberg verkligen haft upps\u00e5t att kr\u00e4nka och ofreda NN p\u00e5 ett h\u00e4nsynsl\u00f6st s\u00e4tt\u201d<\/em><\/p>\n\t<p>\u201dOlaga f\u00f6rf\u00f6ljelse\u201d utg\u00f6r en brottsrubricering f\u00f6r s\u00e4rskilt allvarliga brott och samlingsnamnet f\u00f6r tio andra brott:<\/p>\n<p><a href=\"http:\/\/www.diva-portal.org\/smash\/get\/diva2:656876\/FULLTEXT01.pdf\">Fridskr\u00e4nkningsbrott eller olaga f\u00f6rf\u00f6ljelse?<\/a><\/p>\n<p>4.3 Rekvisit och lagteknik &#8211; 4 kap. 4 b \u00a7 BrB f\u00f6r olaga f\u00f6rf\u00f6ljelse<\/p>\nDen som f\u00f6rf\u00f6ljer en person genom brottsliga g\u00e4rningar som utg\u00f6r<br>\n1. misshandel enligt 3 kap. 5 \u00a7 eller f\u00f6rs\u00f6k till s\u00e5dant brott som inte \u00e4r<br>\nringa,<br>\n2. olaga tv\u00e5ng enligt 4 kap. 4 \u00a7 f\u00f6rsta stycket,<br>\n3. olaga hot enligt 4 kap. 5 \u00a7 f\u00f6rsta stycket,<br>\n4. hemfridsbrott eller olaga intr\u00e5ng enligt 4 kap. 6 \u00a7,<br>\n5. ofredande enligt 4 kap. 7 \u00a7,<br>\n6. sexuellt ofredande enligt 6 kap. 10 \u00a7,<br>\n7. skadeg\u00f6relse enligt 12 kap. 1 \u00a7 eller f\u00f6rs\u00f6k till s\u00e5dant brott,<br>\n8. \u00e5verkan enligt 12 kap. 2 \u00a7 f\u00f6rsta stycket, eller<br>\n9. \u00f6vertr\u00e4delse av kontaktf\u00f6rbud enligt 24 \u00a7 lagen (1988:688) om<br>\nkontaktf\u00f6rbud d\u00f6ms, om var och en av g\u00e4rningarna har utgjort led i en upprepad kr\u00e4nkning av personens integritet, f\u00f6r olaga f\u00f6rf\u00f6ljelse till f\u00e4ngelse i h\u00f6gst fyra \u00e5r.\n<p>&#8211; En analys av gr\u00e4nsdragningen mellan 4 kap. 4 a och 4 b \u00a7 \u00a7 BrB<\/p>\n<p>&nbsp;<\/p>\n<p>Carina S\u00e4llberg delgavs i f\u00f6rra m\u00e5let B 6503-13 misstanke om fyra olaga f\u00f6rf\u00f6ljelse, trots att det \u00e4r juridiskt om\u00f6jligt att anklaga n\u00e5gon f\u00f6r mer \u00e4n ett d\u00e5 brottsrubriceringen \u201dolaga f\u00f6rf\u00f6ljelse utg\u00f6r ett samlingsnamn &#8211; eller ett sk rambrott.<\/p>\n<p>F\u00f6rtal ing\u00e5r inte i det rambrottet, men det var det som NN anm\u00e4lde.<\/p>\n<p>Ingen av ansvarig polis eller \u00e5klagare hade kunskap om detta d\u00e5 m\u00e5let 6503-13 p\u00e5gick, m\u00f6jligtvis p\u00e5 grund av att brottskonstruktione d\u00e5 var t\u00e4mligen ny. Ist\u00e4llet r\u00e5dde massiv okunskap p\u00e5 den punkten, vilket dock borde vara \u00e5tg\u00e4rdat vid det h\u00e4r laget d\u00e5 b\u00e5de Carina S\u00e4llbergs d\u00e5varande advokat Clas J\u00f6rgensen och Carina sj\u00e4lv nogsamt tvingats underr\u00e4tta dem om saken.<\/p>\n<p>Och n\u00e4r de s\u00e5 blev upplysta om hur lagen ser ut i det avseendet, valde de ist\u00e4llet att l\u00e4gga ner alla de tidigare fyra utredningar som legat till grund f\u00f6r \u00e5talet \u201dolaga f\u00f6rf\u00f6ljelse\u201d f\u00f6r att ist\u00e4llet p\u00e5 grundval av NN:s inl\u00e4mnade USB-sticka snickra ihop ett \u00e5tal med en ny brottsrubricering; n\u00e4mligen \u201dofredande\u201d.<\/p>\n<p>NNS \u00f6vertygelse och vanf\u00f6rest\u00e4llningar fick styra, trots att <a href=\"http:\/\/mmstudies.com\/sallberg\/historia\/ordstaremotord\/\">han redan i det f\u00f6rsta m\u00e5let 6503-13 och i sin beg\u00e4ran om kontaktf\u00f6rbud<\/a> ertappades med att ha riktat ett stort antal falska tillvitelser gentemot den tilltalade Carina S\u00e4llberg. Efter tretton m\u00e5nader fann man att all bevisning saknades D\u00e5 hade hela hennes tillvaro redan slagits i spillror.<\/p>\n<p>&nbsp;<\/p>\n\t\t\t\t<img loading=\"lazy\" decoding=\"async\" src=\"http:\/\/mmstudies.com\/sallberg\/wp-content\/uploads\/sites\/13\/2018\/09\/Clas-J\u00f6rgensens-HD-sid-11-\u00e5klagarens-beslut-om-nedl\u00e4ggning.jpeg\" alt=\"Clas J\u00f6rgensens HD sid 11 \u00e5klagarens beslut om nedl\u00e4ggning\" itemprop=\"image\" height=\"1024\" width=\"658\" title=\"Clas J\u00f6rgensens HD sid 11 \u00e5klagarens beslut om nedl\u00e4ggning\" onerror=\"this.style.display='none'\">\n","protected":false},"excerpt":{"rendered":"<p>DEFINITION AV RAMBROTTET OLAGA F\u00d6RF\u00d6LJELSE RAMBROTTET OLAGA F\u00d6RF\u00d6LJELSE Advokat Clas J\u00f6rgensen kritiserar det faktum i sin Anm\u00e4lan om R\u00e4tteg\u00e5ngshinder&nbsp;f\u00f6r M\u00e5l B 6503-13 att: &#8221;1. \u00c5TALET HAR V\u00c4CKTS ANG\u00c5ENDE BROTT SOM OMFATTAS AV NEDLAGDA F\u00d6RUNDERS\u00d6KNINGAR SAMT F\u00d6R BROTT SOM INTE ANGETTS AV NN Rambrottet olaga f\u00f6rf\u00f6ljelse best\u00e5r av en serie i och f\u00f6r sig straffbara handlingar&#8230;.<\/p>\n","protected":false},"author":1,"featured_media":0,"parent":1519,"menu_order":0,"comment_status":"closed","ping_status":"closed","template":"full-width-page.php","meta":{"footnotes":""},"class_list":["post-1913","page","type-page","status-publish","hentry"],"_links":{"self":[{"href":"http:\/\/mmstudies.com\/sallberg\/wp-json\/wp\/v2\/pages\/1913","targetHints":{"allow":["GET"]}}],"collection":[{"href":"http:\/\/mmstudies.com\/sallberg\/wp-json\/wp\/v2\/pages"}],"about":[{"href":"http:\/\/mmstudies.com\/sallberg\/wp-json\/wp\/v2\/types\/page"}],"author":[{"embeddable":true,"href":"http:\/\/mmstudies.com\/sallberg\/wp-json\/wp\/v2\/users\/1"}],"replies":[{"embeddable":true,"href":"http:\/\/mmstudies.com\/sallberg\/wp-json\/wp\/v2\/comments?post=1913"}],"version-history":[{"count":39,"href":"http:\/\/mmstudies.com\/sallberg\/wp-json\/wp\/v2\/pages\/1913\/revisions"}],"predecessor-version":[{"id":3069,"href":"http:\/\/mmstudies.com\/sallberg\/wp-json\/wp\/v2\/pages\/1913\/revisions\/3069"}],"up":[{"embeddable":true,"href":"http:\/\/mmstudies.com\/sallberg\/wp-json\/wp\/v2\/pages\/1519"}],"wp:attachment":[{"href":"http:\/\/mmstudies.com\/sallberg\/wp-json\/wp\/v2\/media?parent=1913"}],"curies":[{"name":"wp","href":"https:\/\/api.w.org\/{rel}","templated":true}]}}