{"id":1925,"date":"2018-08-29T11:01:47","date_gmt":"2018-08-29T11:01:47","guid":{"rendered":"http:\/\/mmstudies.com\/sallberg\/?page_id=1925"},"modified":"2018-08-29T17:40:36","modified_gmt":"2018-08-29T17:40:36","slug":"anteckningar-hufmaj","status":"publish","type":"page","link":"http:\/\/mmstudies.com\/sallberg\/mal4019-16\/anteckningar-hufmaj\/","title":{"rendered":"Anteckningar fr\u00e5n Huvudf\u00f6rhandling i m\u00e5l B 4019-16 \/ maj 2018"},"content":{"rendered":"<h1>ANTECKNINGAR FR\u00c5N HUVUDF\u00d6RHANDLING I M\u00c5L<br \/>\nB 4019-16<\/h1>\n<h2>\u00a021 maj-31 maj 2018<\/h2>\n<p>\t\t\t\t<img loading=\"lazy\" decoding=\"async\" src=\"http:\/\/mmstudies.com\/sallberg\/wp-content\/uploads\/sites\/13\/2018\/08\/Sk\u00e4rmavbild-2018-08-29-kl.-12.40.41.png\" alt=\"Sk\u00e4rmavbild 2018-08-29 kl. 12.40.41\" itemprop=\"image\" height=\"746\" width=\"1175\" title=\"Sk\u00e4rmavbild 2018-08-29 kl. 12.40.41\"  \/><br \/>\n\t\t\t\t<img loading=\"lazy\" decoding=\"async\" src=\"http:\/\/mmstudies.com\/sallberg\/wp-content\/uploads\/sites\/13\/2018\/08\/Sk\u00e4rmavbild-2018-08-29-kl.-12.38.25.png\" alt=\"Sk\u00e4rmavbild 2018-08-29 kl. 12.38.25\" itemprop=\"image\" height=\"954\" width=\"1280\" title=\"Sk\u00e4rmavbild 2018-08-29 kl. 12.38.25\"  \/><br \/>\n\t\t\t\t<img loading=\"lazy\" decoding=\"async\" src=\"http:\/\/mmstudies.com\/sallberg\/wp-content\/uploads\/sites\/13\/2018\/08\/Sk\u00e4rmavbild-2018-08-29-kl.-12.39.00.png\" alt=\"Sk\u00e4rmavbild 2018-08-29 kl. 12.39.00\" itemprop=\"image\" height=\"912\" width=\"1280\" title=\"Sk\u00e4rmavbild 2018-08-29 kl. 12.39.00\"  \/><br \/>\n\t\t\t\t<img loading=\"lazy\" decoding=\"async\" src=\"http:\/\/mmstudies.com\/sallberg\/wp-content\/uploads\/sites\/13\/2018\/08\/Sk\u00e4rmavbild-2018-08-29-kl.-12.39.18-1.png\" alt=\"Sk\u00e4rmavbild 2018-08-29 kl. 12.39.18\" itemprop=\"image\" height=\"778\" width=\"1266\" title=\"Sk\u00e4rmavbild 2018-08-29 kl. 12.39.18\"  \/><br \/>\n\t\t\t\t<img loading=\"lazy\" decoding=\"async\" src=\"http:\/\/mmstudies.com\/sallberg\/wp-content\/uploads\/sites\/13\/2018\/08\/Sk\u00e4rmavbild-2018-08-29-kl.-12.39.32.png\" alt=\"Sk\u00e4rmavbild 2018-08-29 kl. 12.39.32\" itemprop=\"image\" height=\"1024\" width=\"1188\" title=\"Sk\u00e4rmavbild 2018-08-29 kl. 12.39.32\"  \/><br \/>\n\t\t\t\t<img loading=\"lazy\" decoding=\"async\" src=\"http:\/\/mmstudies.com\/sallberg\/wp-content\/uploads\/sites\/13\/2018\/08\/Sk\u00e4rmavbild-2018-08-29-kl.-12.39.42.png\" alt=\"Sk\u00e4rmavbild 2018-08-29 kl. 12.39.42\" itemprop=\"image\" height=\"1024\" width=\"1183\" title=\"Sk\u00e4rmavbild 2018-08-29 kl. 12.39.42\"  \/><br \/>\n\t\t\t\t<img loading=\"lazy\" decoding=\"async\" src=\"http:\/\/mmstudies.com\/sallberg\/wp-content\/uploads\/sites\/13\/2018\/08\/Sk\u00e4rmavbild-2018-08-29-kl.-12.39.50.png\" alt=\"Sk\u00e4rmavbild 2018-08-29 kl. 12.39.50\" itemprop=\"image\" height=\"1024\" width=\"1234\" title=\"Sk\u00e4rmavbild 2018-08-29 kl. 12.39.50\"  \/><br \/>\n\t\t\t\t<img loading=\"lazy\" decoding=\"async\" src=\"http:\/\/mmstudies.com\/sallberg\/wp-content\/uploads\/sites\/13\/2018\/08\/Sk\u00e4rmavbild-2018-08-29-kl.-12.39.59.png\" alt=\"Sk\u00e4rmavbild 2018-08-29 kl. 12.39.59\" itemprop=\"image\" height=\"964\" width=\"1280\" title=\"Sk\u00e4rmavbild 2018-08-29 kl. 12.39.59\"  \/><\/p>\n","protected":false},"excerpt":{"rendered":"<p>ANTECKNINGAR FR\u00c5N HUVUDF\u00d6RHANDLING I M\u00c5L B 4019-16 \u00a021 maj-31 maj 2018<\/p>\n","protected":false},"author":1,"featured_media":0,"parent":1160,"menu_order":0,"comment_status":"closed","ping_status":"closed","template":"full-width-page.php","meta":{"footnotes":""},"class_list":["post-1925","page","type-page","status-publish","hentry"],"_links":{"self":[{"href":"http:\/\/mmstudies.com\/sallberg\/wp-json\/wp\/v2\/pages\/1925","targetHints":{"allow":["GET"]}}],"collection":[{"href":"http:\/\/mmstudies.com\/sallberg\/wp-json\/wp\/v2\/pages"}],"about":[{"href":"http:\/\/mmstudies.com\/sallberg\/wp-json\/wp\/v2\/types\/page"}],"author":[{"embeddable":true,"href":"http:\/\/mmstudies.com\/sallberg\/wp-json\/wp\/v2\/users\/1"}],"replies":[{"embeddable":true,"href":"http:\/\/mmstudies.com\/sallberg\/wp-json\/wp\/v2\/comments?post=1925"}],"version-history":[{"count":4,"href":"http:\/\/mmstudies.com\/sallberg\/wp-json\/wp\/v2\/pages\/1925\/revisions"}],"predecessor-version":[{"id":1944,"href":"http:\/\/mmstudies.com\/sallberg\/wp-json\/wp\/v2\/pages\/1925\/revisions\/1944"}],"up":[{"embeddable":true,"href":"http:\/\/mmstudies.com\/sallberg\/wp-json\/wp\/v2\/pages\/1160"}],"wp:attachment":[{"href":"http:\/\/mmstudies.com\/sallberg\/wp-json\/wp\/v2\/media?parent=1925"}],"curies":[{"name":"wp","href":"https:\/\/api.w.org\/{rel}","templated":true}]}}