{"id":1964,"date":"2018-08-31T13:41:48","date_gmt":"2018-08-31T13:41:48","guid":{"rendered":"http:\/\/mmstudies.com\/sallberg\/?page_id=1964"},"modified":"2019-02-27T17:39:00","modified_gmt":"2019-02-27T17:39:00","slug":"malsagandens-anmalningar","status":"publish","type":"page","link":"http:\/\/mmstudies.com\/sallberg\/historia\/oversiktlig\/malsagandens-anmalningar\/","title":{"rendered":"M\u00c5LS\u00c4GANDENS BROTTSANM\u00c4LNINGAR &#038; BEG\u00c4RAN OM KONTAKTF\u00d6RBUD 2013"},"content":{"rendered":"\n\t<h1>M\u00c5LS\u00c4GANDENS BROTTSANM\u00c4LNINGAR &amp; BEG\u00c4RAN OM KONTAKTF\u00d6RBUD 2013<\/h1>\n\t<p><em>Med anledning av att advokat <a href=\"http:\/\/mmstudies.com\/sallberg\/mal6503-13\/jorgensens-overklagande\/\">Clas J\u00f6rgensen i sin beg\u00e4ran om \u00f6verpr\u00f6vning till H\u00f6gsta Domstolen \u00a0<\/a>f\u00e4ster uppm\u00e4rksamhet p\u00e5 det faktum att det uppr\u00e4ttats fyra olika sk &#8221;Ursprunglig Anm\u00e4lan&#8221;, st\u00e4ller man sig fr\u00e5gan vilken av dem som ska antas vara den mest ursprungliga. <\/em><\/p>\n<p><em>Men det f\u00f6rt\u00e4ljer dessv\u00e4rre inte historien. Inte heller varf\u00f6r just denna anm\u00e4lan fr\u00e5n den 30 okt 2013 rubriceras som &#8221;Ursprunglig anm\u00e4lan&#8221; \u00f6ht d\u00e5 den tidsperiod f\u00f6r brottet som anges \u00a0str\u00e4cker sig fr\u00e5n den 1 juli till den 18 september 2013. S\u00e5 varf\u00f6r \u00e4r det d\u00e5 inte den brottsanm\u00e4lan som m\u00e5ls\u00e4ganden inkom med till polisen den 1 juli 2013, dagen efter att Carina S\u00e4llberg lagts in p\u00e5 sjukhus f\u00f6r dokumentering av skador av hans misshandel, eller den senare som gjordes n\u00e5gon g\u00e5ng i september, som anges som &#8221;Ursprunglig brottsanm\u00e4lan&#8221; \u00e4ven om omfattningen av brottstiden senare \u00e4ndrats att g\u00e4lla fr\u00e5n den 7 juli 2013?<\/em><\/p>\n\t\t\t\t<img loading=\"lazy\" decoding=\"async\" src=\"http:\/\/mmstudies.com\/sallberg\/wp-content\/uploads\/sites\/13\/2018\/09\/Clas-J\u00f6rgensens-HD-sid-21-bilaga-12.jpeg\" alt=\"Clas J\u00f6rgensens HD sid 21: bilaga 12\" itemprop=\"image\" height=\"1024\" width=\"775\" title=\"Clas J\u00f6rgensens HD sid 21: bilaga 12\" onerror=\"this.style.display='none'\"  \/>\n\t<p><em>Notera dessutom att <strong>loggan<\/strong> i dessa tv\u00e5 &#8221;Ursprunglig anm\u00e4lan&#8221; \u00a0\u00e4r <strong>olika<\/strong>: i den \u00f6versta st\u00e5r det &#8221;Polismyndighet Sk\u00e5ne enhet 02FAM; Familjev\u00e5ldssektionen.\u00a0<\/em><\/p>\n<p><em>&#8230; och i den understa: &#8221;Polisen, 02PONV, Po Nordv\u00e4stra Sk\u00e5ne, Familjev\u00e5ldssektionen, men b\u00e5da har de samma f\u00f6rh\u00f6rsledare Malin Augustinsson.<\/em><\/p>\n<p><em>Denna senare \u00a0logga forts\u00e4tter sedan att g\u00e4lla \u00e4ven f\u00f6r f\u00f6ljande tv\u00e5 olika \u00a0&#8221;Ursprunglig anm\u00e4lan i bilaga 4 och 5.<\/em><\/p>\n\t\t\t\t<img loading=\"lazy\" decoding=\"async\" src=\"http:\/\/mmstudies.com\/sallberg\/wp-content\/uploads\/sites\/13\/2018\/09\/Clas-J\u00f6rgensens-HD-sid-22-bilaga-3jpeg-1.jpeg\" alt=\"Clas J\u00f6rgensens HD sid 22: bilaga 3jpeg\" itemprop=\"image\" height=\"1024\" width=\"825\" title=\"Clas J\u00f6rgensens HD sid 22: bilaga 3jpeg\" onerror=\"this.style.display='none'\"  \/>\n\t\t\t\t<img loading=\"lazy\" decoding=\"async\" src=\"http:\/\/mmstudies.com\/sallberg\/wp-content\/uploads\/sites\/13\/2018\/09\/Clas-J\u00f6rgensens-HD-sid-23-bilaga-4-1.jpeg\" alt=\"Clas J\u00f6rgensens HD sid 23: bilaga 4\" itemprop=\"image\" height=\"1024\" width=\"764\" title=\"Clas J\u00f6rgensens HD sid 23: bilaga 4\" onerror=\"this.style.display='none'\"  \/>\n\t\t\t\t<img loading=\"lazy\" decoding=\"async\" src=\"http:\/\/mmstudies.com\/sallberg\/wp-content\/uploads\/sites\/13\/2018\/09\/Clas-J\u00f6rgensens-HD-sid-24-bilaga-5-1.jpeg\" alt=\"Clas J\u00f6rgensens HD sid 24: bilaga 5\" itemprop=\"image\" height=\"1024\" width=\"749\" title=\"Clas J\u00f6rgensens HD sid 24: bilaga 5\" onerror=\"this.style.display='none'\"  \/>\n\t\t\t\t<img loading=\"lazy\" decoding=\"async\" src=\"http:\/\/mmstudies.com\/sallberg\/wp-content\/uploads\/sites\/13\/2018\/09\/Sk\u00e4rmavbild-2018-09-05-kl.-21.25.25.png\" alt=\"Sk\u00e4rmavbild 2018-09-05 kl. 21.25.25\" itemprop=\"image\" height=\"770\" width=\"1280\" title=\"Sk\u00e4rmavbild 2018-09-05 kl. 21.25.25\" onerror=\"this.style.display='none'\"  \/>\n\t<p><em>I den brottsanm\u00e4lan som m\u00e5ls\u00e4ganden inkommer med till familjev\u00e5ldssektionen p\u00e5 polismyndigheten i Sk\u00e5ne den 30 okt 2013, (Se aktbilaga 16 i m\u00e5l B 6503-13) uppges allts\u00e5 att \u00a0Carina S\u00e4llberg dels skulle ha gjort sig skyldig till olaga <strong>f\u00f6rf\u00f6ljelse mot man<\/strong> som fyllt 18 \u00e5r (BrB 4 kap. 7\u00a7) <strong>dels kvinna<\/strong>\u00a0som fyllt 18 \u00e5r (BrB 4 kap. 7\u00a7) eller<strong> ofredande<\/strong> genom att vid ett flertal tillf\u00e4llen skicka e-mail till <strong>en<\/strong> person relaterad till m\u00e5ls\u00e4ganden, trots att de i ett av dem <strong>anges vara fem och i ett annat sex.<\/strong><\/em><\/p>\n<p><em>Observera dessutom att dessa \u00a0fyra brottsanm\u00e4lningars \u00a0inb\u00f6rdes t\u00e4mligen radikalt divergerande utformning, \u00e4nd\u00e5 har samma utredare: Malin Augustinsson och diarienummer; n\u00e4mligen 1200-K173498-13 och att ingen ansvarig polis eller \u00e5klagare har gett sig till k\u00e4nna ang\u00e5ende n\u00e4r var hur, och av vem dessa inb\u00f6rdes justeringar i ett och samma dokument har vidtagits<\/em><\/p>\n<p><em>Dagen efter att denna anm\u00e4lan inkommit; den 31 okt 2013 l\u00e4mnade m\u00e5ls\u00e4ganden in en <strong>till\u00e4ggsanm\u00e4lan<\/strong> vari han meddelar att tidsperioden f\u00f6r brottet ska ut\u00f6kas fr\u00e5n att i anm\u00e4lan fr\u00e5n den 30 okt g\u00e4lla fr\u00e5n den 1 juli 2013- 18 sept 2013, nu ist\u00e4llet enligt hans tidigare brottsam\u00e4lan 1200-K102428-13 ska ut\u00f6kas att g\u00e4lla <strong>from den 4 mars 2013, (dvs den tid fram tom juni 2013 som paret fortfarande \u00a0bodde i samma hem)<\/strong>\u00a0till den 18 september 2013 om jag fattat saken r\u00e4tt. Meddelandet \u00e4r n\u00e4mligen litet kryptiskt formulerat p\u00e5 f\u00f6ljande vis:<\/em><\/p>\n\t\t\t\t<img loading=\"lazy\" decoding=\"async\" src=\"http:\/\/mmstudies.com\/sallberg\/wp-content\/uploads\/sites\/13\/2018\/09\/Sk\u00e4rmavbild-2018-09-05-kl.-21.13.16.png\" alt=\"Sk\u00e4rmavbild 2018-09-05 kl. 21.13.16\" itemprop=\"image\" height=\"1024\" width=\"1154\" title=\"Sk\u00e4rmavbild 2018-09-05 kl. 21.13.16\" onerror=\"this.style.display='none'\"  \/>\n\t<p><em>Av ovanst\u00e5ende till\u00e4ggsanm\u00e4lan framg\u00e5r allts\u00e5 att m\u00e5ls\u00e4ganden redan l\u00e5ngt innan parets separation den 30 juni anm\u00e4lt Carina S\u00e4llberg f\u00f6r olaga f\u00f6rf\u00f6ljelse alternativt ofredande. Dessv\u00e4rre har jag inte lyckats hitta denna brottsanm\u00e4lan i n\u00e5gon av akterna.<\/em><\/p>\n<p><em>Om man ist\u00e4llet g\u00e5r till f\u00f6rh\u00f6rsprotokollet i \u00c4rende \u00a02016-14, inl\u00e4mnat till r\u00e4tten den 1 april 2014, och handhar m\u00e5ls\u00e4gandens beg\u00e4ran om kontaktf\u00f6rbud och <a href=\"http:\/\/mmstudies.com\/sallberg\/historia\/kontaktforbud1\/\">beslut om ett s\u00e5dant fr\u00e5n den 5 mars 2014,<\/a> blir man dock varse att &#8221;ursprunglig anm\u00e4lan&#8221; fr\u00e5n den 30 okt 2013 \u00e4r identiskt med det ovan i bilaga 5 &#8211; dvs det sista av de fyra ovanst\u00e5ende, vilket ju ocks\u00e5 verkar mest rimligt eftersom m\u00e5ls\u00e4ganden i den enbart <strong>n\u00e4mner en person<\/strong> varigenom han menar sig vara f\u00f6rf\u00f6ljd av Carina S\u00e4llberg.<\/em><\/p>\n\t<h2>BROTTSANM\u00c4LAN FR\u00c5N DEN 8 NOVEMBER 2013 1200-K180096-13<\/h2>\n<p>&nbsp;<\/p>\n<p><em>I denna anm\u00e4lan handlar det fortfarande bara om en person, varigenom m\u00e5ls\u00e4ganden uppger sig vara f\u00f6rf\u00f6ljd av Carina S\u00e4llberg, dock icke angivet\u00a0n\u00e4rmare best\u00e4mt <strong>vem<\/strong>.\u00a0<\/em><\/p>\n<p><em>Och nu dyker dessutom beg\u00e4ran om kontaktf\u00f6rbud upp f\u00f6r f\u00f6rsta g\u00e5ngen.<\/em><\/p>\n<p><em>Brottsrubriceringen \u00e4r dock densamma som i den mest ursprungliga av fyra olika &#8221;Ursprunglig Anm\u00e4lan&#8221;; N\u00e4mligen <strong>olaga f\u00f6rf\u00f6ljelse.<\/strong><\/em><\/p>\n\t\t\t\t<img loading=\"lazy\" decoding=\"async\" src=\"http:\/\/mmstudies.com\/sallberg\/wp-content\/uploads\/sites\/13\/2018\/09\/Sk\u00e4rmavbild-2018-09-07-kl.-21.58.04.png\" alt=\"Sk\u00e4rmavbild 2018-09-07 kl. 21.58.04\" itemprop=\"image\" height=\"1024\" width=\"1115\" title=\"Sk\u00e4rmavbild 2018-09-07 kl. 21.58.04\" onerror=\"this.style.display='none'\"  \/>\n\t\t\t\t<img loading=\"lazy\" decoding=\"async\" src=\"http:\/\/mmstudies.com\/sallberg\/wp-content\/uploads\/sites\/13\/2018\/09\/Sk\u00e4rmavbild-2018-09-07-kl.-21.58.16.png\" alt=\"Sk\u00e4rmavbild 2018-09-07 kl. 21.58.16\" itemprop=\"image\" height=\"811\" width=\"1280\" title=\"Sk\u00e4rmavbild 2018-09-07 kl. 21.58.16\" onerror=\"this.style.display='none'\"  \/>\n\t<h2><em>Ut\u00f6ver alla ovan n\u00e4mna oegentligheter tillkommer det h\u00f6gst anm\u00e4rkningsv\u00e4rda faktum att i denna brottsanm\u00e4lan fr\u00e5n den 14 nov 2013 har <strong>brottstiden f\u00f6rl\u00e4ngts att g\u00e4lla in i framtiden<\/strong> fr\u00e5n den 7 juli till den 10 februari<\/em><\/h2>\n\t<h2>BROTTSANM\u00c4LAN FR\u00c5N DEN 14 NOVEMBER 2013 \u00a01200-K181893-13<\/h2>\n\t\t\t\t<img loading=\"lazy\" decoding=\"async\" src=\"http:\/\/mmstudies.com\/sallberg\/wp-content\/uploads\/sites\/13\/2018\/09\/Sk\u00e4rmklipp-2018-09-16-15.31.57.png\" alt=\"Sk\u00e4rmklipp 2018-09-16 15.31.57\" itemprop=\"image\" height=\"1024\" width=\"1140\" title=\"Sk\u00e4rmklipp 2018-09-16 15.31.57\" onerror=\"this.style.display='none'\"  \/>\n\t\t\t\t<img loading=\"lazy\" decoding=\"async\" src=\"http:\/\/mmstudies.com\/sallberg\/wp-content\/uploads\/sites\/13\/2018\/09\/Sk\u00e4rmklipp-2018-09-16-15.32.08-1.png\" alt=\"Sk\u00e4rmklipp 2018-09-16 15.32.08\" itemprop=\"image\" height=\"509\" width=\"1280\" title=\"Sk\u00e4rmklipp 2018-09-16 15.32.08\" onerror=\"this.style.display='none'\"  \/>\n\t\t\t\t<img decoding=\"async\" src=\"http:\/\/mmstudies.com\/sallberg\/wp-content\/plugins\/beaver-builder-lite-version\/img\/pixel.png\" alt=\"\" itemprop=\"image\" onerror=\"this.style.display='none'\"  \/>\n\t\t\t\t<img loading=\"lazy\" decoding=\"async\" src=\"http:\/\/mmstudies.com\/sallberg\/wp-content\/uploads\/sites\/13\/2018\/09\/Sk\u00e4rmklipp-2018-09-16-14.25.36.png\" alt=\"Sk\u00e4rmklipp 2018-09-16 14.25.36\" itemprop=\"image\" height=\"197\" width=\"1280\" title=\"Sk\u00e4rmklipp 2018-09-16 14.25.36\" onerror=\"this.style.display='none'\"  \/>\n\t<h2><a href=\"http:\/\/mmstudies.com\/sallberg\/historia\/kontakt-sakra\/\">BROTTSANM\u00c4LAN fr\u00e5n den 21 november 2013 1200-K186267-13\u00a0\u00bb<\/a><\/h2>\n<p>&nbsp;<\/p>\n\t<blockquote data-secret=\"x4DZiOkChM\"><p><a href=\"http:\/\/mmstudies.com\/sallberg\/historia\/kontakt-sakra\/\">NN:s Brottsanm\u00e4lan den 21 november 2013 ang. Carinas kontakt med S\u00e4kra AB<\/a><\/p><\/blockquote>\n<p><iframe loading=\"lazy\" sandbox=\"allow-scripts\" security=\"restricted\" src=\"http:\/\/mmstudies.com\/sallberg\/historia\/kontakt-sakra\/embed\/#?secret=x4DZiOkChM\" data-secret=\"x4DZiOkChM\" width=\"600\" height=\"338\" title=\"&#8221;NN:s Brottsanm\u00e4lan den 21 november 2013 ang. Carinas kontakt med S\u00e4kra AB&#8221; &#8212; JUSTITIEMORDET P\u00c5 CARINA S\u00c4LLBERG\" frameborder=\"0\" marginwidth=\"0\" marginheight=\"0\" scrolling=\"no\"><\/iframe><\/p>\n\t\t\t\t<img loading=\"lazy\" decoding=\"async\" src=\"http:\/\/mmstudies.com\/sallberg\/wp-content\/uploads\/sites\/13\/2018\/08\/Sk\u00e4rmavbild-2018-08-31-kl.-13.05.12.png\" alt=\"Sk\u00e4rmavbild 2018-08-31 kl. 13.05.12\" itemprop=\"image\" height=\"1024\" width=\"1226\" title=\"Sk\u00e4rmavbild 2018-08-31 kl. 13.05.12\" onerror=\"this.style.display='none'\"  \/>\n\t\t\t\t<img loading=\"lazy\" decoding=\"async\" src=\"http:\/\/mmstudies.com\/sallberg\/wp-content\/uploads\/sites\/13\/2018\/08\/Sk\u00e4rmavbild-2018-08-31-kl.-13.09.00.png\" alt=\"Sk\u00e4rmavbild 2018-08-31 kl. 13.09.00\" itemprop=\"image\" height=\"726\" width=\"1280\" title=\"Sk\u00e4rmavbild 2018-08-31 kl. 13.09.00\" onerror=\"this.style.display='none'\"  \/>\n\t\t\t\t<img loading=\"lazy\" decoding=\"async\" src=\"http:\/\/mmstudies.com\/sallberg\/wp-content\/uploads\/sites\/13\/2018\/08\/Sk\u00e4rmavbild-2018-08-31-kl.-13.14.41.png\" alt=\"Sk\u00e4rmavbild 2018-08-31 kl. 13.14.41\" itemprop=\"image\" height=\"695\" width=\"1280\" title=\"Sk\u00e4rmavbild 2018-08-31 kl. 13.14.41\" onerror=\"this.style.display='none'\"  \/>\n\t\t\t\t<img decoding=\"async\" src=\"http:\/\/mmstudies.com\/sallberg\/wp-content\/plugins\/beaver-builder-lite-version\/img\/pixel.png\" alt=\"\" itemprop=\"image\" onerror=\"this.style.display='none'\"  \/>\n\t<blockquote data-secret=\"No8rheV85h\"><p><a href=\"http:\/\/mmstudies.com\/sallberg\/historia\/\">R\u00e4ttshaveriets 5-\u00e5riga historia<\/a><\/p><\/blockquote>\n<p><iframe loading=\"lazy\" sandbox=\"allow-scripts\" security=\"restricted\" src=\"http:\/\/mmstudies.com\/sallberg\/historia\/embed\/#?secret=No8rheV85h\" data-secret=\"No8rheV85h\" width=\"600\" height=\"338\" title=\"&#8221;R\u00e4ttshaveriets 5-\u00e5riga historia&#8221; &#8212; JUSTITIEMORDET P\u00c5 CARINA S\u00c4LLBERG\" frameborder=\"0\" marginwidth=\"0\" marginheight=\"0\" scrolling=\"no\"><\/iframe><\/p>\n<blockquote data-secret=\"073l6G3twN\"><p><a href=\"http:\/\/mmstudies.com\/sallberg\/historia\/oversiktlig\/\">\u00d6versiktlig sammanfattning av de juridiska turerna i den fem\u00e5riga processen<\/a><\/p><\/blockquote>\n<p><iframe loading=\"lazy\" sandbox=\"allow-scripts\" security=\"restricted\" src=\"http:\/\/mmstudies.com\/sallberg\/historia\/oversiktlig\/embed\/#?secret=073l6G3twN\" data-secret=\"073l6G3twN\" width=\"600\" height=\"338\" title=\"&#8221;\u00d6versiktlig sammanfattning av de juridiska turerna i den fem\u00e5riga processen&#8221; &#8212; JUSTITIEMORDET P\u00c5 CARINA S\u00c4LLBERG\" frameborder=\"0\" marginwidth=\"0\" marginheight=\"0\" scrolling=\"no\"><\/iframe><\/p>\n<blockquote data-secret=\"zPDqvanlSj\"><p><a href=\"http:\/\/mmstudies.com\/sallberg\/historia\/oversiktlig\/tidslinje\/\">\u00d6VERSIKTLIG TIDSLINJE SEDAN 2008<\/a><\/p><\/blockquote>\n<p><iframe loading=\"lazy\" sandbox=\"allow-scripts\" security=\"restricted\" src=\"http:\/\/mmstudies.com\/sallberg\/historia\/oversiktlig\/tidslinje\/embed\/#?secret=zPDqvanlSj\" data-secret=\"zPDqvanlSj\" width=\"600\" height=\"338\" title=\"&#8221;\u00d6VERSIKTLIG TIDSLINJE SEDAN 2008&#8221; &#8212; JUSTITIEMORDET P\u00c5 CARINA S\u00c4LLBERG\" frameborder=\"0\" marginwidth=\"0\" marginheight=\"0\" scrolling=\"no\"><\/iframe><\/p>\n<blockquote data-secret=\"mSdLjEgvA9\"><p><a href=\"http:\/\/mmstudies.com\/sallberg\/historia\/oversiktlig\/ordstaremotord\/\">N\u00e4r ord st\u00e5r mot ord &#8211; vems g\u00e4ller?<\/a><\/p><\/blockquote>\n<p><iframe loading=\"lazy\" sandbox=\"allow-scripts\" security=\"restricted\" src=\"http:\/\/mmstudies.com\/sallberg\/historia\/oversiktlig\/ordstaremotord\/embed\/#?secret=mSdLjEgvA9\" data-secret=\"mSdLjEgvA9\" width=\"600\" height=\"338\" title=\"&#8221;N\u00e4r ord st\u00e5r mot ord &#8211; vems g\u00e4ller?&#8221; &#8212; JUSTITIEMORDET P\u00c5 CARINA S\u00c4LLBERG\" frameborder=\"0\" marginwidth=\"0\" marginheight=\"0\" scrolling=\"no\"><\/iframe><\/p>\n<blockquote data-secret=\"ceyizVGdmb\"><p><a href=\"http:\/\/mmstudies.com\/sallberg\/historia\/oversiktlig\/kronofogdemyndigheten\/\">M\u00e5ls\u00e4gandens osk\u00e4liga krav p\u00e5 Carina genom Kronofogdemyndigheten<\/a><\/p><\/blockquote>\n<p><iframe loading=\"lazy\" sandbox=\"allow-scripts\" security=\"restricted\" src=\"http:\/\/mmstudies.com\/sallberg\/historia\/oversiktlig\/kronofogdemyndigheten\/embed\/#?secret=ceyizVGdmb\" data-secret=\"ceyizVGdmb\" width=\"600\" height=\"338\" title=\"&#8221;M\u00e5ls\u00e4gandens osk\u00e4liga krav p\u00e5 Carina genom Kronofogdemyndigheten&#8221; &#8212; JUSTITIEMORDET P\u00c5 CARINA S\u00c4LLBERG\" frameborder=\"0\" marginwidth=\"0\" marginheight=\"0\" scrolling=\"no\"><\/iframe><\/p>\n<blockquote data-secret=\"QF5uzlxjLB\"><p><a href=\"http:\/\/mmstudies.com\/sallberg\/historia\/oversiktlig\/kontaktforbud1\/\">KONTAKTF\u00d6RBUD NR 1 \/ mars 2014<\/a><\/p><\/blockquote>\n<p><iframe loading=\"lazy\" sandbox=\"allow-scripts\" security=\"restricted\" src=\"http:\/\/mmstudies.com\/sallberg\/historia\/oversiktlig\/kontaktforbud1\/embed\/#?secret=QF5uzlxjLB\" data-secret=\"QF5uzlxjLB\" width=\"600\" height=\"338\" title=\"&#8221;KONTAKTF\u00d6RBUD NR 1 \/ mars 2014&#8221; &#8212; JUSTITIEMORDET P\u00c5 CARINA S\u00c4LLBERG\" frameborder=\"0\" marginwidth=\"0\" marginheight=\"0\" scrolling=\"no\"><\/iframe><\/p>\n<blockquote data-secret=\"1GSyM5iMGC\"><p><a href=\"http:\/\/mmstudies.com\/sallberg\/historia\/oversiktlig\/malsagandens-anmalningar\/\">M\u00c5LS\u00c4GANDENS BROTTSANM\u00c4LNINGAR &#038; BEG\u00c4RAN OM KONTAKTF\u00d6RBUD 2013<\/a><\/p><\/blockquote>\n<p><iframe loading=\"lazy\" sandbox=\"allow-scripts\" security=\"restricted\" src=\"http:\/\/mmstudies.com\/sallberg\/historia\/oversiktlig\/malsagandens-anmalningar\/embed\/#?secret=1GSyM5iMGC\" data-secret=\"1GSyM5iMGC\" width=\"600\" height=\"338\" title=\"&#8221;M\u00c5LS\u00c4GANDENS BROTTSANM\u00c4LNINGAR &#038; BEG\u00c4RAN OM KONTAKTF\u00d6RBUD 2013&#8221; &#8212; JUSTITIEMORDET P\u00c5 CARINA S\u00c4LLBERG\" frameborder=\"0\" marginwidth=\"0\" marginheight=\"0\" scrolling=\"no\"><\/iframe><\/p>\n<blockquote data-secret=\"f5xNJ6wphI\"><p><a href=\"http:\/\/mmstudies.com\/sallberg\/historia\/oversiktlig\/sg-erinran\/\">ADVOKAT SERPIL G\u00fcNG\u00d6RS ERINRAN<\/a><\/p><\/blockquote>\n<p><iframe loading=\"lazy\" sandbox=\"allow-scripts\" security=\"restricted\" src=\"http:\/\/mmstudies.com\/sallberg\/historia\/oversiktlig\/sg-erinran\/embed\/#?secret=f5xNJ6wphI\" data-secret=\"f5xNJ6wphI\" width=\"600\" height=\"338\" title=\"&#8221;ADVOKAT SERPIL G\u00fcNG\u00d6RS ERINRAN&#8221; &#8212; JUSTITIEMORDET P\u00c5 CARINA S\u00c4LLBERG\" frameborder=\"0\" marginwidth=\"0\" marginheight=\"0\" scrolling=\"no\"><\/iframe><\/p>\n<blockquote data-secret=\"ll1QAaXlZh\"><p><a href=\"http:\/\/mmstudies.com\/sallberg\/historia\/oversiktlig\/kontakt-sakra\/\">NN:s Brottsanm\u00e4lan den 21 november 2013 ang. Carinas kontakt med S\u00e4kra AB<\/a><\/p><\/blockquote>\n<p><iframe loading=\"lazy\" sandbox=\"allow-scripts\" security=\"restricted\" src=\"http:\/\/mmstudies.com\/sallberg\/historia\/oversiktlig\/kontakt-sakra\/embed\/#?secret=ll1QAaXlZh\" data-secret=\"ll1QAaXlZh\" width=\"600\" height=\"338\" title=\"&#8221;NN:s Brottsanm\u00e4lan den 21 november 2013 ang. Carinas kontakt med S\u00e4kra AB&#8221; &#8212; JUSTITIEMORDET P\u00c5 CARINA S\u00c4LLBERG\" frameborder=\"0\" marginwidth=\"0\" marginheight=\"0\" scrolling=\"no\"><\/iframe><\/p>\n<blockquote data-secret=\"gUPnfCSmtu\"><p><a href=\"http:\/\/mmstudies.com\/sallberg\/historia\/oversiktlig\/adoptionsskandalen\/\">ADOPTIONSSKANDALEN 2013<\/a><\/p><\/blockquote>\n<p><iframe loading=\"lazy\" sandbox=\"allow-scripts\" security=\"restricted\" src=\"http:\/\/mmstudies.com\/sallberg\/historia\/oversiktlig\/adoptionsskandalen\/embed\/#?secret=gUPnfCSmtu\" data-secret=\"gUPnfCSmtu\" width=\"600\" height=\"338\" title=\"&#8221;ADOPTIONSSKANDALEN 2013&#8221; &#8212; JUSTITIEMORDET P\u00c5 CARINA S\u00c4LLBERG\" frameborder=\"0\" marginwidth=\"0\" marginheight=\"0\" scrolling=\"no\"><\/iframe><\/p>\n<blockquote data-secret=\"exNtM3Jns1\"><p><a href=\"http:\/\/mmstudies.com\/sallberg\/historia\/oversiktlig\/jo-anmalan\/\">JK- och JO &#8211; ANM\u00c4LAN OM J\u00c4V OCH ALLVARLIGA R\u00c4TTS\u00d6VERGREPP VID HELSINGBORGS TINGSR\u00c4TT\u00a0<\/a><\/p><\/blockquote>\n<p><iframe loading=\"lazy\" sandbox=\"allow-scripts\" security=\"restricted\" src=\"http:\/\/mmstudies.com\/sallberg\/historia\/oversiktlig\/jo-anmalan\/embed\/#?secret=exNtM3Jns1\" data-secret=\"exNtM3Jns1\" width=\"600\" height=\"338\" title=\"&#8221;JK- och JO &#8211; ANM\u00c4LAN OM J\u00c4V OCH ALLVARLIGA R\u00c4TTS\u00d6VERGREPP VID HELSINGBORGS TINGSR\u00c4TT\u00a0&#8221; &#8212; JUSTITIEMORDET P\u00c5 CARINA S\u00c4LLBERG\" frameborder=\"0\" marginwidth=\"0\" marginheight=\"0\" scrolling=\"no\"><\/iframe><\/p>\n","protected":false},"excerpt":{"rendered":"<p>M\u00c5LS\u00c4GANDENS BROTTSANM\u00c4LNINGAR &amp; BEG\u00c4RAN OM KONTAKTF\u00d6RBUD 2013 Med anledning av att advokat Clas J\u00f6rgensen i sin beg\u00e4ran om \u00f6verpr\u00f6vning till H\u00f6gsta Domstolen \u00a0f\u00e4ster uppm\u00e4rksamhet p\u00e5 det faktum att det uppr\u00e4ttats fyra olika sk &#8221;Ursprunglig Anm\u00e4lan&#8221;, st\u00e4ller man sig fr\u00e5gan vilken av dem som ska antas vara den mest ursprungliga. Men det f\u00f6rt\u00e4ljer dessv\u00e4rre inte historien&#8230;.<\/p>\n","protected":false},"author":1,"featured_media":0,"parent":172,"menu_order":0,"comment_status":"closed","ping_status":"closed","template":"full-width-page.php","meta":{"footnotes":""},"class_list":["post-1964","page","type-page","status-publish","hentry"],"_links":{"self":[{"href":"http:\/\/mmstudies.com\/sallberg\/wp-json\/wp\/v2\/pages\/1964","targetHints":{"allow":["GET"]}}],"collection":[{"href":"http:\/\/mmstudies.com\/sallberg\/wp-json\/wp\/v2\/pages"}],"about":[{"href":"http:\/\/mmstudies.com\/sallberg\/wp-json\/wp\/v2\/types\/page"}],"author":[{"embeddable":true,"href":"http:\/\/mmstudies.com\/sallberg\/wp-json\/wp\/v2\/users\/1"}],"replies":[{"embeddable":true,"href":"http:\/\/mmstudies.com\/sallberg\/wp-json\/wp\/v2\/comments?post=1964"}],"version-history":[{"count":40,"href":"http:\/\/mmstudies.com\/sallberg\/wp-json\/wp\/v2\/pages\/1964\/revisions"}],"predecessor-version":[{"id":2859,"href":"http:\/\/mmstudies.com\/sallberg\/wp-json\/wp\/v2\/pages\/1964\/revisions\/2859"}],"up":[{"embeddable":true,"href":"http:\/\/mmstudies.com\/sallberg\/wp-json\/wp\/v2\/pages\/172"}],"wp:attachment":[{"href":"http:\/\/mmstudies.com\/sallberg\/wp-json\/wp\/v2\/media?parent=1964"}],"curies":[{"name":"wp","href":"https:\/\/api.w.org\/{rel}","templated":true}]}}