{"id":1975,"date":"2018-09-03T08:08:50","date_gmt":"2018-09-03T08:08:50","guid":{"rendered":"http:\/\/mmstudies.com\/sallberg\/?page_id=1975"},"modified":"2018-09-03T09:24:10","modified_gmt":"2018-09-03T09:24:10","slug":"forts-overklagande12-27","status":"publish","type":"page","link":"http:\/\/mmstudies.com\/sallberg\/mal6503-13\/forts-overklagande12-27\/","title":{"rendered":"Forts\u00e4ttn. p\u00e5 adv Clas J\u00f6rgensens \u00f6verklagande till HD sid 12-27"},"content":{"rendered":"<h1>FORTS\u00c4TTNING P\u00c5 ADVOKAT CLAS J\u00d6RGENSENS \u00d6VERKLAGANDE TILL H\u00d6GSTA DOMSTOLEN sid 12 &#8211; 27<\/h1>\n<p>\t\t\t\t<img loading=\"lazy\" decoding=\"async\" src=\"http:\/\/mmstudies.com\/sallberg\/wp-content\/uploads\/sites\/13\/2018\/09\/Clas-J\u00f6rgensens-HD-sid-12.jpeg\" alt=\"Clas J\u00f6rgensens HD sid 12\" itemprop=\"image\" height=\"1024\" width=\"675\" title=\"Clas J\u00f6rgensens HD sid 12\"  \/><br \/>\n\t\t\t\t<img loading=\"lazy\" decoding=\"async\" src=\"http:\/\/mmstudies.com\/sallberg\/wp-content\/uploads\/sites\/13\/2018\/09\/Clas-J\u00f6rgensens-HD-sid-13-1.jpeg\" alt=\"Clas J\u00f6rgensens HD sid 13 1\" itemprop=\"image\" height=\"1024\" width=\"702\" title=\"Clas J\u00f6rgensens HD sid 13 1\"  \/><br \/>\n\t\t\t\t<img loading=\"lazy\" decoding=\"async\" src=\"http:\/\/mmstudies.com\/sallberg\/wp-content\/uploads\/sites\/13\/2018\/09\/Clas-J\u00f6rgensens-HD-sid-14.jpeg\" alt=\"Clas J\u00f6rgensens HD sid 14\" itemprop=\"image\" height=\"1024\" width=\"697\" title=\"Clas J\u00f6rgensens HD sid 14\"  \/><br \/>\n\t\t\t\t<img loading=\"lazy\" decoding=\"async\" src=\"http:\/\/mmstudies.com\/sallberg\/wp-content\/uploads\/sites\/13\/2018\/09\/Clas-J\u00f6rgensens-HD-sid-15.jpeg\" alt=\"Clas J\u00f6rgensens HD sid 15\" itemprop=\"image\" height=\"1024\" width=\"716\" title=\"Clas J\u00f6rgensens HD sid 15\"  \/><br \/>\n\t\t\t\t<img loading=\"lazy\" decoding=\"async\" src=\"http:\/\/mmstudies.com\/sallberg\/wp-content\/uploads\/sites\/13\/2018\/09\/Clas-J\u00f6rgensens-HD-sid-16.jpeg\" alt=\"Clas J\u00f6rgensens HD sid 16\" itemprop=\"image\" height=\"1024\" width=\"690\" title=\"Clas J\u00f6rgensens HD sid 16\"  \/><br \/>\n\t\t\t\t<img loading=\"lazy\" decoding=\"async\" src=\"http:\/\/mmstudies.com\/sallberg\/wp-content\/uploads\/sites\/13\/2018\/09\/Clas-J\u00f6rgensens-HD-sid-17.jpeg\" alt=\"Clas J\u00f6rgensens HD sid 17\" itemprop=\"image\" height=\"768\" width=\"908\" title=\"Clas J\u00f6rgensens HD sid 17\"  \/><br \/>\n\t\t\t\t<img loading=\"lazy\" decoding=\"async\" src=\"http:\/\/mmstudies.com\/sallberg\/wp-content\/uploads\/sites\/13\/2018\/09\/Clas-J\u00f6rgensens-HD-sid-18-bilaga-1.jpeg\" alt=\"Clas J\u00f6rgensens HD sid 18 : bilaga 1\" itemprop=\"image\" height=\"1024\" width=\"652\" title=\"Clas J\u00f6rgensens HD sid 18 : bilaga 1\"  \/><br \/>\n\t\t\t\t<img loading=\"lazy\" decoding=\"async\" src=\"http:\/\/mmstudies.com\/sallberg\/wp-content\/uploads\/sites\/13\/2018\/09\/Clas-J\u00f6rgensens-HD-sid-19-bilaga-1.jpeg\" alt=\"Clas J\u00f6rgensens HD sid 19 : bilaga 1\" itemprop=\"image\" height=\"1024\" width=\"738\" title=\"Clas J\u00f6rgensens HD sid 19 : bilaga 1\"  \/><br \/>\n\t\t\t\t<img loading=\"lazy\" decoding=\"async\" src=\"http:\/\/mmstudies.com\/sallberg\/wp-content\/uploads\/sites\/13\/2018\/09\/Clas-J\u00f6rgensens-HD-sid-20-bilaga-1-motivering.jpeg\" alt=\"Clas J\u00f6rgensens HD sid 20: bilaga 1 motivering\" itemprop=\"image\" height=\"1024\" width=\"782\" title=\"Clas J\u00f6rgensens HD sid 20: bilaga 1 motivering\"  \/><br \/>\n\t\t\t\t<img decoding=\"async\" src=\"http:\/\/mmstudies.com\/sallberg\/wp-content\/plugins\/beaver-builder-lite-version\/img\/pixel.png\" alt=\"\" itemprop=\"image\"  \/><br \/>\n\t\t\t\t<img loading=\"lazy\" decoding=\"async\" src=\"http:\/\/mmstudies.com\/sallberg\/wp-content\/uploads\/sites\/13\/2018\/09\/Clas-J\u00f6rgensens-HD-sid-21-bilaga-12-1.jpeg\" alt=\"Clas J\u00f6rgensens HD sid 21: bilaga 12\" itemprop=\"image\" height=\"1024\" width=\"775\" title=\"Clas J\u00f6rgensens HD sid 21: bilaga 12\"  \/><br \/>\n\t\t\t\t<img loading=\"lazy\" decoding=\"async\" src=\"http:\/\/mmstudies.com\/sallberg\/wp-content\/uploads\/sites\/13\/2018\/09\/Clas-J\u00f6rgensens-HD-sid-22-bilaga-3jpeg-1.jpeg\" alt=\"Clas J\u00f6rgensens HD sid 22: bilaga 3jpeg\" itemprop=\"image\" height=\"1024\" width=\"825\" title=\"Clas J\u00f6rgensens HD sid 22: bilaga 3jpeg\"  \/><br \/>\n\t\t\t\t<img loading=\"lazy\" decoding=\"async\" src=\"http:\/\/mmstudies.com\/sallberg\/wp-content\/uploads\/sites\/13\/2018\/09\/Clas-J\u00f6rgensens-HD-sid-23-bilaga-4-1.jpeg\" alt=\"Clas J\u00f6rgensens HD sid 23: bilaga 4\" itemprop=\"image\" height=\"1024\" width=\"764\" title=\"Clas J\u00f6rgensens HD sid 23: bilaga 4\"  \/><br \/>\n\t\t\t\t<img loading=\"lazy\" decoding=\"async\" src=\"http:\/\/mmstudies.com\/sallberg\/wp-content\/uploads\/sites\/13\/2018\/09\/Clas-J\u00f6rgensens-HD-sid-24-bilaga-5-1.jpeg\" alt=\"Clas J\u00f6rgensens HD sid 24: bilaga 5\" itemprop=\"image\" height=\"1024\" width=\"749\" title=\"Clas J\u00f6rgensens HD sid 24: bilaga 5\"  \/><br \/>\n\t\t\t\t<img loading=\"lazy\" decoding=\"async\" src=\"http:\/\/mmstudies.com\/sallberg\/wp-content\/uploads\/sites\/13\/2018\/09\/Clas-J\u00f6rgensens-HD-sid-25-polisanm\u00e4lan-1.jpeg\" alt=\"Clas J\u00f6rgensens HD sid 25 polisanm\u00e4lan\" itemprop=\"image\" height=\"1024\" width=\"699\" title=\"Clas J\u00f6rgensens HD sid 25 polisanm\u00e4lan\"  \/><br \/>\n\t\t\t\t<img loading=\"lazy\" decoding=\"async\" src=\"http:\/\/mmstudies.com\/sallberg\/wp-content\/uploads\/sites\/13\/2018\/09\/Clas-J\u00f6rgensens-HD-sid-26-polisanm\u00e4lan.jpeg\" alt=\"Clas J\u00f6rgensens HD sid 26 polisanm\u00e4lan\" itemprop=\"image\" height=\"1024\" width=\"736\" title=\"Clas J\u00f6rgensens HD sid 26 polisanm\u00e4lan\"  \/><br \/>\n\t\t\t\t<img loading=\"lazy\" decoding=\"async\" src=\"http:\/\/mmstudies.com\/sallberg\/wp-content\/uploads\/sites\/13\/2018\/09\/Clas-J\u00f6rgensens-HD-sid-27-\u00e5klagarens-avslag.jpeg\" alt=\"Clas J\u00f6rgensens HD sid 27 \u00e5klagarens avslag\" itemprop=\"image\" height=\"1024\" width=\"676\" title=\"Clas J\u00f6rgensens HD sid 27 \u00e5klagarens avslag\"  \/><br \/>\n\t\t\t\t<img loading=\"lazy\" decoding=\"async\" src=\"http:\/\/mmstudies.com\/sallberg\/wp-content\/uploads\/sites\/13\/2018\/09\/Clas-J\u00f6rgensens-HD-sid-28-kl-avslag-\u00e5klagarens-avslag.jpeg\" alt=\"Clas J\u00f6rgensens HD sid 28 :kl avslag \u00e5klagarens avslag\" itemprop=\"image\" height=\"1024\" width=\"861\" title=\"Clas J\u00f6rgensens HD sid 28 :kl avslag \u00e5klagarens avslag\"  \/><br \/>\n\t\t\t\t<img loading=\"lazy\" decoding=\"async\" src=\"http:\/\/mmstudies.com\/sallberg\/wp-content\/uploads\/sites\/13\/2018\/09\/Clas-J\u00f6rgensens-HD-sid-11-\u00e5klagarens-beslut-om-nedl\u00e4ggning.jpeg\" alt=\"Clas J\u00f6rgensens HD sid 11 \u00e5klagarens beslut om nedl\u00e4ggning\" itemprop=\"image\" height=\"1024\" width=\"658\" title=\"Clas J\u00f6rgensens HD sid 11 \u00e5klagarens beslut om nedl\u00e4ggning\"  \/><\/p>\n","protected":false},"excerpt":{"rendered":"<p>FORTS\u00c4TTNING P\u00c5 ADVOKAT CLAS J\u00d6RGENSENS \u00d6VERKLAGANDE TILL H\u00d6GSTA DOMSTOLEN sid 12 &#8211; 27<\/p>\n","protected":false},"author":1,"featured_media":0,"parent":244,"menu_order":0,"comment_status":"closed","ping_status":"closed","template":"full-width-page.php","meta":{"footnotes":""},"class_list":["post-1975","page","type-page","status-publish","hentry"],"_links":{"self":[{"href":"http:\/\/mmstudies.com\/sallberg\/wp-json\/wp\/v2\/pages\/1975","targetHints":{"allow":["GET"]}}],"collection":[{"href":"http:\/\/mmstudies.com\/sallberg\/wp-json\/wp\/v2\/pages"}],"about":[{"href":"http:\/\/mmstudies.com\/sallberg\/wp-json\/wp\/v2\/types\/page"}],"author":[{"embeddable":true,"href":"http:\/\/mmstudies.com\/sallberg\/wp-json\/wp\/v2\/users\/1"}],"replies":[{"embeddable":true,"href":"http:\/\/mmstudies.com\/sallberg\/wp-json\/wp\/v2\/comments?post=1975"}],"version-history":[{"count":3,"href":"http:\/\/mmstudies.com\/sallberg\/wp-json\/wp\/v2\/pages\/1975\/revisions"}],"predecessor-version":[{"id":2004,"href":"http:\/\/mmstudies.com\/sallberg\/wp-json\/wp\/v2\/pages\/1975\/revisions\/2004"}],"up":[{"embeddable":true,"href":"http:\/\/mmstudies.com\/sallberg\/wp-json\/wp\/v2\/pages\/244"}],"wp:attachment":[{"href":"http:\/\/mmstudies.com\/sallberg\/wp-json\/wp\/v2\/media?parent=1975"}],"curies":[{"name":"wp","href":"https:\/\/api.w.org\/{rel}","templated":true}]}}