{"id":2101,"date":"2018-09-07T09:57:01","date_gmt":"2018-09-07T09:57:01","guid":{"rendered":"http:\/\/mmstudies.com\/sallberg\/?page_id=2101"},"modified":"2019-06-08T08:33:24","modified_gmt":"2019-06-08T08:33:24","slug":"ordstaremotord","status":"publish","type":"page","link":"http:\/\/mmstudies.com\/sallberg\/historia\/oversiktlig\/ordstaremotord\/","title":{"rendered":"N\u00e4r ord st\u00e5r mot ord &#8211; vems g\u00e4ller?"},"content":{"rendered":"\n\t<h1>N\u00c4R ORD ST\u00c5R EMOT ORD &#8211; VEMS G\u00c4LLER?<\/h1>\n\t<p><em>Som redan konstaterats av ett flertal tidigare partners till m\u00e5ls\u00e4ganden, Carina S\u00e4llbergs exsambo, \u00a0\u00e4r han en skicklig manipulat\u00f6r och bedragare och har en gedigen karri\u00e4r bakom sig som sol-och v\u00e5rare \/ kvinnomisshandlare och f\u00f6rs\u00e4ljare i f\u00f6rs\u00e4kringsbranchen mm.<\/em><\/p>\n<p><em>Och redan efter de f\u00f6rsta turerna under 2013- 2014 st\u00e5r det klart att han ljuger v\u00e4rre \u00e4n en h\u00e4st travar, vilket dock aldrig f\u00f6ranleder polis och \/ eller \u00e5klagare att granska giltigheten i de uppgifter, varp\u00e5 han grundar sina st\u00e4ndigt \u00e5terkommande brottsanm\u00e4lningar gentemot Carina S\u00e4llberg.\u00a0<\/em><\/p>\n<p><em>I detta f\u00f6rh\u00f6r som h\u00f6lls efter att han den 8 november 2013 l\u00e4mnat in ytterligare en <a href=\"http:\/\/mmstudies.com\/sallberg\/historia\/malsagandens-anmalningar\/\">polisanm\u00e4lan om olaga f\u00f6rf\u00f6ljelse<\/a> och nu dessutom yrkar p\u00e5 ett<a href=\"http:\/\/mmstudies.com\/sallberg\/historia\/kontaktforbud1\/\">\u00a0kontaktf\u00f6rbud<\/a> f\u00f6r Carina S\u00e4llberg,, bygger hans uppgifter p\u00e5 ren och sk\u00e4r l\u00f6gn i samtliga av de utpekanden han g\u00f6r av de personer som han p\u00e5st\u00e5r att Carina S\u00e4llberg skulle ha tagit kontakt med i avsikten att svartm\u00e5la och f\u00f6rtala honom.<\/em><\/p>\n<p><em>Detta till trots har r\u00e4tten d\u00e4refter l\u00e5tit honom forts\u00e4tta driva sina processer under fem \u00e5rs tid, utan att n\u00e5gon av de ansvariga \u00e4nnu vidtagit den pr\u00f6vning av hans sk &#8221;bevismaterial&#8221; som erfordras f\u00f6r att utom rimligt tvivel kunna s\u00e4kerst\u00e4lla den brottsutpekades skuld.\u00a0<\/em><\/p>\n<p><em>Lika litet har ngn av de ansvariga kunnat motivera \u00a0brottsrubriceringen utefter den rekvisit som ligger till grund f\u00f6r vare sig <strong>olaga f\u00f6rf\u00f6ljelse<\/strong> eller <strong>ofredande.<\/strong><\/em><\/p>\n<p><em>Lika litet i det nu <a href=\"http:\/\/mmstudies.com\/sallberg\/mal4019-16\/\">p\u00e5g\u00e5ende m\u00e5let 4019-16<\/a> som i det f\u00f6rra <a href=\"http:\/\/mmstudies.com\/sallberg\/mal6503-13\/\">6503-13<\/a> uppfyller de p\u00e5st\u00e5dda g\u00e4rningarna rekvisiten f\u00f6r de brott som \u00e5klagaren valt att \u00e5tala den brottsutpekade f\u00f6r, utan snarare brottsrubriceringen f\u00f6rtal, vilket utg\u00f6rs av ett angivelsem\u00e5l som m\u00e5ls\u00e4ganden sj\u00e4lv f\u00e5r driva p\u00e5 egen vinst och f\u00f6rlust.\u00a0<\/em><\/p>\n\t<p><strong><em>F\u00f6ljande dokument \u00e4r h\u00e4mtade ur m\u00e5l B 6503-13 aktbilaga 16<\/em><\/strong><\/p>\n\t\t\t\t<img loading=\"lazy\" decoding=\"async\" src=\"http:\/\/mmstudies.com\/sallberg\/wp-content\/uploads\/sites\/13\/2018\/09\/Sk\u00e4rmavbild-2018-09-07-kl.-10.06.06.png\" alt=\"Sk\u00e4rmavbild 2018-09-07 kl. 10.06.06\" itemprop=\"image\" height=\"1024\" width=\"1141\" title=\"Sk\u00e4rmavbild 2018-09-07 kl. 10.06.06\" onerror=\"this.style.display='none'\"  \/>\n\t\t\t\t<img loading=\"lazy\" decoding=\"async\" src=\"http:\/\/mmstudies.com\/sallberg\/wp-content\/uploads\/sites\/13\/2018\/09\/Sk\u00e4rmavbild-2018-09-07-kl.-10.06.16.png\" alt=\"Sk\u00e4rmavbild 2018-09-07 kl. 10.06.16\" itemprop=\"image\" height=\"1024\" width=\"1108\" title=\"Sk\u00e4rmavbild 2018-09-07 kl. 10.06.16\" onerror=\"this.style.display='none'\"  \/>\n\t\t\t\t<img loading=\"lazy\" decoding=\"async\" src=\"http:\/\/mmstudies.com\/sallberg\/wp-content\/uploads\/sites\/13\/2018\/09\/Sk\u00e4rmavbild-2018-09-07-kl.-10.06.30.png\" alt=\"Sk\u00e4rmavbild 2018-09-07 kl. 10.06.30\" itemprop=\"image\" height=\"1024\" width=\"1070\" title=\"Sk\u00e4rmavbild 2018-09-07 kl. 10.06.30\" onerror=\"this.style.display='none'\"  \/>\n\t\t\t\t<img loading=\"lazy\" decoding=\"async\" src=\"http:\/\/mmstudies.com\/sallberg\/wp-content\/uploads\/sites\/13\/2018\/09\/Sk\u00e4rmavbild-2018-09-07-kl.-10.06.43.png\" alt=\"Sk\u00e4rmavbild 2018-09-07 kl. 10.06.43\" itemprop=\"image\" height=\"1015\" width=\"1153\" title=\"Sk\u00e4rmavbild 2018-09-07 kl. 10.06.43\" onerror=\"this.style.display='none'\"  \/>\n\t\t\t\t<img loading=\"lazy\" decoding=\"async\" src=\"http:\/\/mmstudies.com\/sallberg\/wp-content\/uploads\/sites\/13\/2018\/09\/Sk\u00e4rmavbild-2018-09-07-kl.-10.07.11.png\" alt=\"Sk\u00e4rmavbild 2018-09-07 kl. 10.07.11\" itemprop=\"image\" height=\"991\" width=\"1280\" title=\"Sk\u00e4rmavbild 2018-09-07 kl. 10.07.11\" onerror=\"this.style.display='none'\"  \/>\n\t<h2><em>TYDLIGA TECKEN P\u00c5 BRISTANDE PSYKISK H\u00c4LSA, TILLF\u00d6RLITLIGHET OCH TROV\u00c4RDIGHET\u00a0HOS M\u00c5LS\u00c4GANDEN<\/em><\/h2>\n<p><em>Som framg\u00e5r av Carinas samlade dokumentation av sina kontakter med de m\u00e5nga kvinnor som m\u00e5ls\u00e4ganden antingen v\u00e4nsterprasslat med under deras fem\u00e5riga relation, eller dem som han haft relationer med f\u00f6re och efter den, \u00e4r han notoriskt otrogen, ocks\u00e5 strax efter att han firat till synes lyckligt harmoniska semesterresor tillsammans med Carina, vari han just gett uttryck \u00e5t en passionerad f\u00f6r\u00e4lskelse. F\u00f6r mer info se <a href=\"..\/kontaktforbud1\/\">Kontaktf\u00f6rbud nr 1\/mars 2013\u00a0<\/a><\/em>och\u00a0<em><a href=\"..\/..\/carinas-motbevis\/forovartrix\/\">M\u00c5LS\u00c4GANDENS TIDIGARE POLISANM\u00c4LDA &amp; DOKUMENTERADE F\u00d6R\u00d6VARTRIX<\/a><\/em><\/p>\n<p><em>Och efter att Carina avsl\u00f6jat \u00a0honom med ytterligare snedspr\u00e5ng, har hans beteende drastiskt f\u00f6r\u00e4ndrats fr\u00e5n en k\u00e4rleksfullt omt\u00e4nksam \u00e4lskare till en empatibefriad v\u00e5ldsverkare med bristande impulskontroll och ofta i samband d\u00e4rmed kr\u00e4vt att hon d\u00e4rf\u00f6r ska flytta ut ur deras gemensamma hem &#8211; ett \u00e5terkommande m\u00f6nster i hans <a href=\"..\/..\/carinas-motbevis\/forovartrix\/\">beteende som \u00e4ven hans tidigare sambo BB kunnat bekr\u00e4fta.<\/a><\/em><\/p>\n<p><em>Vad g\u00e4ller hans psykiska h\u00e4lsa \u00e4r det av naturliga sk\u00e4l ett k\u00e4nsligt kapitel, d\u00e5 m\u00e5ls\u00e4ganden sj\u00e4lv h\u00f6gst troligtvis \u00e4r v\u00e4l medveten om <strong>den \u00e4rftliga belastning av schizofreni,<\/strong> som p\u00e5 Carina S\u00e4llbergs uppgift, b\u00e5de hans mamma och systrar lider av och som ger sig uttryck i hans eget drastiska beteende av empatibefriade aggressiva utbrott mot sina n\u00e4rst\u00e5ende, \u00e4ven gentemot hans egna s\u00f6ner, som b\u00e5da varit beredda att vittna i r\u00e4tten mot sin egen sin egen pappa som de uppger att de under sin barndom k\u00e4nt stor r\u00e4dsla inf\u00f6r. <\/em><\/p>\n<p><em>Det \u00e4r inte sv\u00e5rt att f\u00f6rst\u00e5 att det g\u00f6r honom betryckt och dyster till sinnes, att bli p\u00e5mind om hur mycket av sitt liv han har f\u00f6rst\u00f6rt genom att inte ta sina psykiska problem p\u00e5 allvar och s\u00f6ka bot och b\u00e4ttring f\u00f6r dem, n\u00e4r s\u00e5dan faktiskt finns. Det \u00e4r uppenbart att m\u00e5ls\u00e4ganden ist\u00e4llet valt en livstil av <strong>verklighetsflykt<\/strong> som till varje pris ska skydda honom fr\u00e5n att m\u00f6ta \u00a0sin inre skugga, genom aktiviteter som tex sexmissbruk, kvinnoer\u00f6vringar, t\u00e4vling och tr\u00e4ning och allm\u00e4nt l\u00e4ttsamma f\u00f6rstr\u00f6elser i form av resor och annat, <a href=\"http:\/\/mmstudies.com\/sallberg\/carinas-motbevis\/forovartrix\/\">vilket hans tidigare kvinna YY kan vittna om.<\/a><\/em><\/p>\n<p><em>Det \u00e4r lika uppenbart som att hans <strong>minne<\/strong>, <strong>normala omd\u00f6me<\/strong> och <strong>konsekvenst\u00e4nkande<\/strong> sviktar h\u00f6gst bet\u00e4nkligt ocks\u00e5 i det beteende han \u00f6ppet ger uttryck \u00e5t i de r\u00e4ttsliga f\u00f6rhandlingarna, utan att l\u00e5ta avsl\u00f6ja n\u00e5gon f\u00f6rm\u00e5ga till sj\u00e4lvkritik. Inte minst i den r\u00e4ttsliga f\u00f6rhandling som blev f\u00f6ljden av hans indrivningsf\u00f6rs\u00f6k genom kronofogden, vari han st\u00e4mde Carina S\u00e4llberg p\u00e5 betalningen f\u00f6r hans eget medlemskap i en golfklubb och en \u00e5rsprenumeration av DN g\u00e4llande \u00e5ret efter deras separation. Ett \u00a0handling, som han sedan beklagade sig \u00f6ver inf\u00f6r Carina, att det skulle vara hon som hade gjort sig skyldig till, genom att framst\u00e4llt honom i ett sn\u00e5l och girig.<\/em><\/p>\n\t<blockquote data-secret=\"PzzNhM6h2y\"><p><a href=\"http:\/\/mmstudies.com\/sallberg\/historia\/\">SAMMANFATTNING AV R\u00c4TTSHAVERIETS 5-\u00c5RIGA HISTORIA<\/a><\/p><\/blockquote>\n<p><iframe loading=\"lazy\" sandbox=\"allow-scripts\" security=\"restricted\" src=\"http:\/\/mmstudies.com\/sallberg\/historia\/embed\/#?secret=PzzNhM6h2y\" data-secret=\"PzzNhM6h2y\" width=\"600\" height=\"338\" title=\"&#8221;SAMMANFATTNING AV R\u00c4TTSHAVERIETS 5-\u00c5RIGA HISTORIA&#8221; &#8212; JUSTITIEMORDET P\u00c5 CARINA S\u00c4LLBERG\" frameborder=\"0\" marginwidth=\"0\" marginheight=\"0\" scrolling=\"no\"><\/iframe><\/p>\n<blockquote data-secret=\"M77T1tkwA2\"><p><a href=\"http:\/\/mmstudies.com\/sallberg\/historia\/oversiktlig\/\">\u00d6versiktlig sammanfattning av de juridiska turerna i den fem\u00e5riga processen<\/a><\/p><\/blockquote>\n<p><iframe loading=\"lazy\" sandbox=\"allow-scripts\" security=\"restricted\" src=\"http:\/\/mmstudies.com\/sallberg\/historia\/oversiktlig\/embed\/#?secret=M77T1tkwA2\" data-secret=\"M77T1tkwA2\" width=\"600\" height=\"338\" title=\"&#8221;\u00d6versiktlig sammanfattning av de juridiska turerna i den fem\u00e5riga processen&#8221; &#8212; JUSTITIEMORDET P\u00c5 CARINA S\u00c4LLBERG\" frameborder=\"0\" marginwidth=\"0\" marginheight=\"0\" scrolling=\"no\"><\/iframe><\/p>\n<blockquote data-secret=\"k4GIYDSjRr\"><p><a href=\"http:\/\/mmstudies.com\/sallberg\/historia\/oversiktlig\/tidslinje\/\">\u00d6VERSIKTLIG TIDSLINJE SEDAN 2008<\/a><\/p><\/blockquote>\n<p><iframe loading=\"lazy\" sandbox=\"allow-scripts\" security=\"restricted\" src=\"http:\/\/mmstudies.com\/sallberg\/historia\/oversiktlig\/tidslinje\/embed\/#?secret=k4GIYDSjRr\" data-secret=\"k4GIYDSjRr\" width=\"600\" height=\"338\" title=\"&#8221;\u00d6VERSIKTLIG TIDSLINJE SEDAN 2008&#8221; &#8212; JUSTITIEMORDET P\u00c5 CARINA S\u00c4LLBERG\" frameborder=\"0\" marginwidth=\"0\" marginheight=\"0\" scrolling=\"no\"><\/iframe><\/p>\n<blockquote data-secret=\"UD7JqUsuEI\"><p><a href=\"http:\/\/mmstudies.com\/sallberg\/historia\/oversiktlig\/ordstaremotord\/\">N\u00e4r ord st\u00e5r mot ord &#8211; vems g\u00e4ller?<\/a><\/p><\/blockquote>\n<p><iframe loading=\"lazy\" sandbox=\"allow-scripts\" security=\"restricted\" src=\"http:\/\/mmstudies.com\/sallberg\/historia\/oversiktlig\/ordstaremotord\/embed\/#?secret=UD7JqUsuEI\" data-secret=\"UD7JqUsuEI\" width=\"600\" height=\"338\" title=\"&#8221;N\u00e4r ord st\u00e5r mot ord &#8211; vems g\u00e4ller?&#8221; &#8212; JUSTITIEMORDET P\u00c5 CARINA S\u00c4LLBERG\" frameborder=\"0\" marginwidth=\"0\" marginheight=\"0\" scrolling=\"no\"><\/iframe><\/p>\n<blockquote data-secret=\"xwlrlYt5oH\"><p><a href=\"http:\/\/mmstudies.com\/sallberg\/historia\/oversiktlig\/kronofogdemyndigheten\/\">M\u00e5ls\u00e4gandens osk\u00e4liga krav p\u00e5 Carina genom Kronofogdemyndigheten<\/a><\/p><\/blockquote>\n<p><iframe loading=\"lazy\" sandbox=\"allow-scripts\" security=\"restricted\" src=\"http:\/\/mmstudies.com\/sallberg\/historia\/oversiktlig\/kronofogdemyndigheten\/embed\/#?secret=xwlrlYt5oH\" data-secret=\"xwlrlYt5oH\" width=\"600\" height=\"338\" title=\"&#8221;M\u00e5ls\u00e4gandens osk\u00e4liga krav p\u00e5 Carina genom Kronofogdemyndigheten&#8221; &#8212; JUSTITIEMORDET P\u00c5 CARINA S\u00c4LLBERG\" frameborder=\"0\" marginwidth=\"0\" marginheight=\"0\" scrolling=\"no\"><\/iframe><\/p>\n<blockquote data-secret=\"UQCIs9izbJ\"><p><a href=\"http:\/\/mmstudies.com\/sallberg\/historia\/oversiktlig\/kontaktforbud1\/\">KONTAKTF\u00d6RBUD NR 1 \/ mars 2014<\/a><\/p><\/blockquote>\n<p><iframe loading=\"lazy\" sandbox=\"allow-scripts\" security=\"restricted\" src=\"http:\/\/mmstudies.com\/sallberg\/historia\/oversiktlig\/kontaktforbud1\/embed\/#?secret=UQCIs9izbJ\" data-secret=\"UQCIs9izbJ\" width=\"600\" height=\"338\" title=\"&#8221;KONTAKTF\u00d6RBUD NR 1 \/ mars 2014&#8221; &#8212; JUSTITIEMORDET P\u00c5 CARINA S\u00c4LLBERG\" frameborder=\"0\" marginwidth=\"0\" marginheight=\"0\" scrolling=\"no\"><\/iframe><\/p>\n<blockquote data-secret=\"leOlyz0IEE\"><p><a href=\"http:\/\/mmstudies.com\/sallberg\/historia\/oversiktlig\/malsagandens-anmalningar\/\">M\u00c5LS\u00c4GANDENS BROTTSANM\u00c4LNINGAR &#038; BEG\u00c4RAN OM KONTAKTF\u00d6RBUD 2013<\/a><\/p><\/blockquote>\n<p><iframe loading=\"lazy\" sandbox=\"allow-scripts\" security=\"restricted\" src=\"http:\/\/mmstudies.com\/sallberg\/historia\/oversiktlig\/malsagandens-anmalningar\/embed\/#?secret=leOlyz0IEE\" data-secret=\"leOlyz0IEE\" width=\"600\" height=\"338\" title=\"&#8221;M\u00c5LS\u00c4GANDENS BROTTSANM\u00c4LNINGAR &#038; BEG\u00c4RAN OM KONTAKTF\u00d6RBUD 2013&#8221; &#8212; JUSTITIEMORDET P\u00c5 CARINA S\u00c4LLBERG\" frameborder=\"0\" marginwidth=\"0\" marginheight=\"0\" scrolling=\"no\"><\/iframe><\/p>\n<blockquote data-secret=\"2exxwrTOEs\"><p><a href=\"http:\/\/mmstudies.com\/sallberg\/historia\/oversiktlig\/sg-erinran\/\">ADVOKAT SERPIL G\u00fcNG\u00d6RS ERINRAN<\/a><\/p><\/blockquote>\n<p><iframe loading=\"lazy\" sandbox=\"allow-scripts\" security=\"restricted\" src=\"http:\/\/mmstudies.com\/sallberg\/historia\/oversiktlig\/sg-erinran\/embed\/#?secret=2exxwrTOEs\" data-secret=\"2exxwrTOEs\" width=\"600\" height=\"338\" title=\"&#8221;ADVOKAT SERPIL G\u00fcNG\u00d6RS ERINRAN&#8221; &#8212; JUSTITIEMORDET P\u00c5 CARINA S\u00c4LLBERG\" frameborder=\"0\" marginwidth=\"0\" marginheight=\"0\" scrolling=\"no\"><\/iframe><\/p>\n<blockquote data-secret=\"iZFxH6uHWE\"><p><a href=\"http:\/\/mmstudies.com\/sallberg\/historia\/oversiktlig\/kontakt-sakra\/\">NN:s Brottsanm\u00e4lan den 21 november 2013 ang. Carinas kontakt med S\u00e4kra AB<\/a><\/p><\/blockquote>\n<p><iframe loading=\"lazy\" sandbox=\"allow-scripts\" security=\"restricted\" src=\"http:\/\/mmstudies.com\/sallberg\/historia\/oversiktlig\/kontakt-sakra\/embed\/#?secret=iZFxH6uHWE\" data-secret=\"iZFxH6uHWE\" width=\"600\" height=\"338\" title=\"&#8221;NN:s Brottsanm\u00e4lan den 21 november 2013 ang. Carinas kontakt med S\u00e4kra AB&#8221; &#8212; JUSTITIEMORDET P\u00c5 CARINA S\u00c4LLBERG\" frameborder=\"0\" marginwidth=\"0\" marginheight=\"0\" scrolling=\"no\"><\/iframe><\/p>\n<blockquote data-secret=\"ZbbtEZss7U\"><p><a href=\"http:\/\/mmstudies.com\/sallberg\/historia\/oversiktlig\/adoptionsskandalen\/\">ADOPTIONSSKANDALEN 2013<\/a><\/p><\/blockquote>\n<p><iframe loading=\"lazy\" sandbox=\"allow-scripts\" security=\"restricted\" src=\"http:\/\/mmstudies.com\/sallberg\/historia\/oversiktlig\/adoptionsskandalen\/embed\/#?secret=ZbbtEZss7U\" data-secret=\"ZbbtEZss7U\" width=\"600\" height=\"338\" title=\"&#8221;ADOPTIONSSKANDALEN 2013&#8221; &#8212; JUSTITIEMORDET P\u00c5 CARINA S\u00c4LLBERG\" frameborder=\"0\" marginwidth=\"0\" marginheight=\"0\" scrolling=\"no\"><\/iframe><\/p>\n<blockquote data-secret=\"2zJQDt0pwE\"><p><a href=\"http:\/\/mmstudies.com\/sallberg\/historia\/oversiktlig\/jo-anmalan\/\">JK- och JO &#8211; ANM\u00c4LAN OM J\u00c4V OCH ALLVARLIGA R\u00c4TTS\u00d6VERGREPP VID HELSINGBORGS TINGSR\u00c4TT\u00a0<\/a><\/p><\/blockquote>\n<p><iframe loading=\"lazy\" sandbox=\"allow-scripts\" security=\"restricted\" src=\"http:\/\/mmstudies.com\/sallberg\/historia\/oversiktlig\/jo-anmalan\/embed\/#?secret=2zJQDt0pwE\" data-secret=\"2zJQDt0pwE\" width=\"600\" height=\"338\" title=\"&#8221;JK- och JO &#8211; ANM\u00c4LAN OM J\u00c4V OCH ALLVARLIGA R\u00c4TTS\u00d6VERGREPP VID HELSINGBORGS TINGSR\u00c4TT\u00a0&#8221; &#8212; JUSTITIEMORDET P\u00c5 CARINA S\u00c4LLBERG\" frameborder=\"0\" marginwidth=\"0\" marginheight=\"0\" scrolling=\"no\"><\/iframe><\/p>\n","protected":false},"excerpt":{"rendered":"<p>N\u00c4R ORD ST\u00c5R EMOT ORD &#8211; VEMS G\u00c4LLER? Som redan konstaterats av ett flertal tidigare partners till m\u00e5ls\u00e4ganden, Carina S\u00e4llbergs exsambo, \u00a0\u00e4r han en skicklig manipulat\u00f6r och bedragare och har en gedigen karri\u00e4r bakom sig som sol-och v\u00e5rare \/ kvinnomisshandlare och f\u00f6rs\u00e4ljare i f\u00f6rs\u00e4kringsbranchen mm. Och redan efter de f\u00f6rsta turerna under 2013- 2014 st\u00e5r&#8230;<\/p>\n","protected":false},"author":1,"featured_media":0,"parent":172,"menu_order":0,"comment_status":"closed","ping_status":"closed","template":"full-width-page.php","meta":{"footnotes":""},"class_list":["post-2101","page","type-page","status-publish","hentry"],"_links":{"self":[{"href":"http:\/\/mmstudies.com\/sallberg\/wp-json\/wp\/v2\/pages\/2101","targetHints":{"allow":["GET"]}}],"collection":[{"href":"http:\/\/mmstudies.com\/sallberg\/wp-json\/wp\/v2\/pages"}],"about":[{"href":"http:\/\/mmstudies.com\/sallberg\/wp-json\/wp\/v2\/types\/page"}],"author":[{"embeddable":true,"href":"http:\/\/mmstudies.com\/sallberg\/wp-json\/wp\/v2\/users\/1"}],"replies":[{"embeddable":true,"href":"http:\/\/mmstudies.com\/sallberg\/wp-json\/wp\/v2\/comments?post=2101"}],"version-history":[{"count":13,"href":"http:\/\/mmstudies.com\/sallberg\/wp-json\/wp\/v2\/pages\/2101\/revisions"}],"predecessor-version":[{"id":2946,"href":"http:\/\/mmstudies.com\/sallberg\/wp-json\/wp\/v2\/pages\/2101\/revisions\/2946"}],"up":[{"embeddable":true,"href":"http:\/\/mmstudies.com\/sallberg\/wp-json\/wp\/v2\/pages\/172"}],"wp:attachment":[{"href":"http:\/\/mmstudies.com\/sallberg\/wp-json\/wp\/v2\/media?parent=2101"}],"curies":[{"name":"wp","href":"https:\/\/api.w.org\/{rel}","templated":true}]}}