{"id":244,"date":"2018-07-09T20:17:50","date_gmt":"2018-07-09T20:17:50","guid":{"rendered":"http:\/\/mmstudies.com\/sallberg\/?page_id=244"},"modified":"2023-06-17T15:34:32","modified_gmt":"2023-06-17T15:34:32","slug":"mal6503-13","status":"publish","type":"page","link":"http:\/\/mmstudies.com\/sallberg\/mal6503-13\/","title":{"rendered":"FALSKT \u00c5TAL OCH DOM I M\u00c5L 6503-13 F\u00d6R OFREDANDE"},"content":{"rendered":"\n\n\t\t\t\t<img loading=\"lazy\" decoding=\"async\" src=\"http:\/\/mmstudies.com\/sallberg\/wp-content\/uploads\/sites\/13\/2018\/08\/helene_eksederholm.jpg\" alt=\"helene_eksederholm\" itemprop=\"image\" height=\"600\" width=\"475\" title=\"helene_eksederholm\" onerror=\"this.style.display='none'\"  \/>\n\t<p>Advokat Helene Ek Sederholm<\/p>\n<p>&nbsp;<\/p>\n\n\t\t\t\t<img loading=\"lazy\" decoding=\"async\" src=\"http:\/\/mmstudies.com\/sallberg\/wp-content\/uploads\/sites\/13\/2018\/07\/0-1-2.jpeg\" alt=\"0-1\" itemprop=\"image\" height=\"768\" width=\"768\" title=\"0-1\" onerror=\"this.style.display='none'\"  \/>\n\t<p>Chefsr\u00e5dman Nicklas S\u00f6derberg<\/p>\n\t\t\t\t<img loading=\"lazy\" decoding=\"async\" src=\"http:\/\/mmstudies.com\/sallberg\/wp-content\/uploads\/sites\/13\/2018\/07\/5dcJw0ZN.jpg\" alt=\"5dcJw0ZN\" itemprop=\"image\" height=\"600\" width=\"600\" title=\"5dcJw0ZN\" onerror=\"this.style.display='none'\"  \/>\n\t<p>Ylva J\u00f6nsson Norlin, lagman, h\u00f6gsta chef f\u00f6r Helsingborgs tingsr\u00e4tt<\/p>\n\t\t\t\t<img loading=\"lazy\" decoding=\"async\" src=\"http:\/\/mmstudies.com\/sallberg\/wp-content\/uploads\/sites\/13\/2018\/08\/johansederholm.jpg\" alt=\"johansederholm\" itemprop=\"image\" height=\"600\" width=\"434\" title=\"johansederholm\" onerror=\"this.style.display='none'\"  \/>\n\t<p>Johan Sederholm<\/p>\n\t\t\t\t<img loading=\"lazy\" decoding=\"async\" src=\"http:\/\/mmstudies.com\/sallberg\/wp-content\/uploads\/sites\/13\/2018\/08\/411fd141-127a-477c-b71b-2f00c4e70abe.jpeg\" alt=\"411fd141-127a-477c-b71b-2f00c4e70abe\" itemprop=\"image\" height=\"778\" width=\"609\" title=\"411fd141-127a-477c-b71b-2f00c4e70abe\" onerror=\"this.style.display='none'\"  \/>\n\t<p>\u00c5klagare Carolina Diaz Bernal<\/p>\n\t\t\t\t<img loading=\"lazy\" decoding=\"async\" src=\"http:\/\/mmstudies.com\/sallberg\/wp-content\/uploads\/sites\/13\/2018\/08\/helsingborg-tingsratt-jpg.jpeg\" alt=\"helsingborg-tingsratt-jpg\" itemprop=\"image\" height=\"558\" width=\"992\" title=\"helsingborg-tingsratt-jpg\" onerror=\"this.style.display='none'\"  \/>\n\t<h1>FALSKT \u00c5TAL OCH DOM I M\u00c5LET 6503-13 F\u00d6R OFREDANDE<\/h1>\n<p>&nbsp;<\/p>\n<p><a href=\"http:\/\/mmstudies.com\/sallberg\/upprattelse\"><em>&#8221;Det h\u00e4r \u00e4r ett m\u00e5l i vilket ingen ens <strong>f\u00f6rs\u00f6ker<\/strong> g\u00f6ra r\u00e4tt!&#8221;,<\/em><\/a><\/p>\n<p>&nbsp;<\/p>\n<p>Det \u00e4r advokat Clas J\u00f6rgensen sammanfattning i ett n\u00f6tskal av m\u00e5let f\u00f6r ofredande 2015; B 6503-13, vari Carina \u00a0S\u00e4llberg blev \u00e5talad och d\u00f6md p\u00e5 falska grunder.<\/p>\n<p>Och hade vi levt i ett land med ett normalt fungerande r\u00e4ttsv\u00e4sende hade det kunnat stanna d\u00e4rvid och inte yttrats ett enda ord mer om den intrasslade h\u00e4rva av juridiska \u00f6vergrepp och listigt ihopkomna spetsfundigheter, som tvingar den \u00e5talade att \u00e5r ut och \u00e5r in under en tidsperiod av fem, leva under en press, st\u00e4ndigt p\u00e5 helsp\u00e4nn och att syssels\u00e4tta sig med drivor av pappersbr\u00e5te kring brottm\u00e5l som saknar all form av inneh\u00e5llsm\u00e4ssig relevans, substans och bevisv\u00e4rde.<\/p>\n<p>Men \u00e4ndock g\u00e5r allt i repris, p\u00e5 ett n\u00e4rmast pinsamt l\u00f6jev\u00e4ckande och amat\u00f6rm\u00e4ssigt vis, <a href=\"http:\/\/mmstudies.com\/sallberg\/mal4019-16\/\">i det senaste m\u00e5let B 4019-16 p<\/a>\u00e5 \u00a0samma godtyckliga premisser som i det f\u00f6rsta, vilket talar f\u00f6r att ber\u00f6rda ansvariga inom det svenska r\u00e4ttsv\u00e4sendet ger sitt godk\u00e4nnande \u00e5t att lagvidriga medel f\u00f6r utomr\u00e4ttsliga \u00e4ndam\u00e5l i form av h\u00e4mndaktioner mm liknande, ligger till grund f\u00f6r den &#8221;r\u00e4ttsskipningen&#8221; av idag.<\/p>\n<p>I tr\u00e5den under denna huvudrubrik i menyn (FALSKT \u00c5TAL OCH DOM I M\u00c5LET B 6503-13 F\u00d6R OFREDANDE) \u00a0har jag lagt ut ett antal olika r\u00e4tteg\u00e5ngsfel med vidh\u00e4ngande dokument, vari det med \u00f6nskv\u00e4rd tydlighet framg\u00e5r hur Carina S\u00e4llberg \u00e5talats och d\u00f6mts utan sk\u00e4lig bevispr\u00f6vning eller en adekvat brottsrubricering. <\/p>\n<p>Under den andra rubriken <a href=\"http:\/\/mmstudies.com\/sallberg\/mal4019-16\/\">(FALSKT \u00c5TAL F\u00d6R OLAGA F\u00d6RF\u00d6LJELSE, B 4019-16)<\/a> \u00a0som \u00e4r det p\u00e5g\u00e5ende, vari det fortfarande inte kommit till ett domslut, utan allt lagts p\u00e5 is f\u00f6r att avvakta vad som framkommer om Carina S\u00e4llbergs psykiska h\u00e4lsa i den <a href=\"http:\/\/mmstudies.com\/sallberg\/rattspsykiatri\/\">r\u00e4ttspsykiatriska utredning som chefsr\u00e5dmannen Nicklas S\u00f6derberg,<\/a>\u00a0l\u00e4gger jag ut de uppgifter och dokument som \u00e4r aktuella f\u00f6r det m\u00e5let, och g\u00e5r i repris fr\u00e5n det f\u00f6rsta m\u00e5let och domen 6503-13, med <a href=\"http:\/\/mmstudies.com\/sallberg\/mal6503-13\/rattegangshinder\/\">advokat Clas J\u00f6rgensens omsorgsfullt utf\u00f6rda n\u00e4rgranskning som mall<\/a> f\u00f6r bed\u00f6mningen.<\/p>\n<p>B\u00e5da dessa tr\u00e5dar kommer fortl\u00f6pande att fyllas p\u00e5 med information och r\u00e4ttsliga dokument i takt med att jag \u00a0(och \/ eller \u00f6vriga hugade privatdetektiver) \u00a0hinner beta av \u00e4n mer av den v\u00e4ldiga m\u00e4ngd aktbilagor som fyller dagboksbladen i evighetsl\u00e5nga listor och kan best\u00e4llas hem fr\u00e5n Helsingborgs tingsr\u00e4tt.<\/p>\n\t\t\t\t<img loading=\"lazy\" decoding=\"async\" src=\"http:\/\/mmstudies.com\/sallberg\/wp-content\/uploads\/sites\/13\/2018\/07\/matz-jpg.jpeg\" alt=\"matz-jpg\" itemprop=\"image\" height=\"600\" width=\"600\" title=\"matz-jpg\" onerror=\"this.style.display='none'\"  \/>\n\t<p>F\u00f6rh\u00f6rsledare poliskommissarie Matz H\u00e4rle<\/p>\n\t<p>KOMMANDE PLANERADE PROJEKT:<\/p>\n<p>Om jag hinner och har ork till det \u00e4r min plan att komplettera listan h\u00e4r under med information om hur f\u00f6ga seri\u00f6st f\u00f6rh\u00f6rsprotokollen hanterades av f\u00f6rh\u00f6rsledaren poliskommisarie Matz H\u00e4rle, med flera.<\/p>\n<p>Och inte minst de fyra olika sk <strong><em>&#8221;ursprungliga anm\u00e4lningar&#8221;<\/em><\/strong> (som Clas J\u00f6rgensen ifr\u00e5gas\u00e4tter som urkundsf\u00f6rfalskningar i sitt \u00f6verklagande till HD) ) vari den \u00e5talade f\u00f6rst och fr\u00e4mst anklagas f\u00f6r <em><strong>olaga f\u00f6rf\u00f6ljelse<\/strong><\/em> genom att ha tagit kontakt med diverse personer i NN:s umg\u00e4ngeskrets, sl\u00e4ktingar och arbetskamrater, s\u00e5v\u00e4l som bland hennes egna sl\u00e4ktingar, varvid hon, utan att polisen f\u00f6rst kontrollerat sanningshalten NN:s p\u00e5st\u00e5enden, anklagades f\u00f6r ha f\u00f6rf\u00f6ljt NN genom sin egen kusins man. NN h\u00e4vdade felaktigt att densamma utgjorde en kollega till honom p\u00e5 hans arbetsplats S\u00e4kra, vilket var l\u00f6gn, eftersom han ist\u00e4llet innehar en anst\u00e4llning som chef p\u00e5 IKEA och dessutom aldrig varit i kontakt med NN \u00f6ht. Carina anklagades tom f\u00f6r att ha f\u00f6rf\u00f6ljt NN genom kontakten med sin egen kusin Jannice, och likas\u00e5 med sina barns Gud-f\u00f6r\u00e4ldrar, vilket n\u00e4rmast s\u00e4ger sig sj\u00e4lvt \u00e4r rena rama d\u00e5rskapen, inte minst ocks\u00e5 i beaktande av att brottsrekvisiten f\u00f6r olaga f\u00f6rf\u00f6ljelse inte enligt lagen anses vara uppfylld enbart genom att ta kontakt med personer i en annan m\u00e4nniskas umg\u00e4ngeskrets, sl\u00e4ktingar och arbetskamrater.<\/p>\n<p><a href=\"http:\/\/mmstudies.com\/sallberg\/proportioner\/besinningslost-sloseri\/\">Matz H\u00e4rle tog dessutom omedelbart kontakt med kriminalreportern Robert Dujmovic<\/a> p\u00e5 Helsingborgs Dagblad f\u00f6r att se till att nyheten basunerades ut i ortspressen trots att han d\u00e4rmed gjorde sig skyldig till brott mot sekretessen s\u00e5v\u00e4l som oskuldspresumption, d\u00e5 \u00e4rendet utgjordes av en p\u00e5g\u00e5ende utredning.<\/p>\n<p>N\u00e4r Carina S\u00e4llberg p\u00e5talade dessa lag\u00f6vertr\u00e4delser och polisanm\u00e4lde Matz H\u00e4rle, retirerade han med en n\u00f6dl\u00f6gn som d\u00e4refter hemligst\u00e4mplades.<\/p>\n<p>Sist och slutligen kommer jag ocks\u00e5 att l\u00e4gga till en sida om de ytterst m\u00e4rkliga turer i Helsingborgs tingsr\u00e4tt, som helt \u00f6ppet ogenerat redog\u00f6rs f\u00f6r i domslutet B 6503-13, vari det utan prut framg\u00e5r att det \u00e4r m\u00e5ls\u00e4gande NN:s advokat Helene Ek Sederholm som sj\u00e4lvsv\u00e5ldigt agerar domare genom att tillm\u00e4ta Carina S\u00e4llberg en straffavgift p\u00e5 10 000 kr f\u00f6r sin <strong><em>&#8221;vidlyftighet med ovidkommande ting&#8221;<\/em><\/strong> och hennes s\u00e4rdeles kvalificerade och ambiti\u00f6sa advokat Clas J\u00f6rgensen ocks\u00e5 fick en sl\u00e4ng av sleven, om \u00e4n han med n\u00f6d och n\u00e4ppe undslapp straffet att f\u00e5 sitt arvode naggat i kanten.<\/p>\n<p>Listan med felaktigheter som g\u00e5r i repris fr\u00e5n det f\u00f6rsta m\u00e5let i det andra, skulle kunna g\u00f6ras l\u00e5ng och f\u00e5r fyllas p\u00e5 allteftersom. Inte minst genom att vid tv\u00e5 tillf\u00e4llen utf\u00e4rda kontaktf\u00f6rbud gentemot Carina S\u00e4llberg, innan ngn ens (fortfarande efter fem \u00e5rs tid) utf\u00f6rt en adekvat forensisk pr\u00f6vning av det bristf\u00e4lliga &#8221;bevismaterial&#8221; som legat till grund f\u00f6r deras beslut.<\/p>\n\t<h2>LISTA P\u00c5 SIDOR UNDER DENNA HUVUDRUBIK:<\/h2>\n\t<p><em>I denna intervju med advokat Clas J\u00f6rgensen och Carinas tidigare partikollega i L; Maria Winberg Nordstr\u00f6m som gjordes i SVT \u00a0i juli 2013, framkommer en helt annan bild av hur det st\u00e5r till med den &#8221;r\u00e4ttvisa&#8221; som skipas vid Helsingborgs tingsr\u00e4tt \u00a0\u00e4n vad som f\u00f6respeglas i <a href=\"http:\/\/mmstudies.com\/sallberg\/dujmovic-press\/\">kriminalreportern Robert Dujmovics falska uth\u00e4ngningar av Carina S\u00e4llberg<\/a> som en brottsling \u00a0Helsingborgs Dagblad,\u00a0l\u00e5ngt innan dom ens fallit.<\/em><\/p>\n<p>&nbsp;<\/p>\n<blockquote data-secret=\"UsEADJy8rZ\"><p><a href=\"http:\/\/mmstudies.com\/sallberg\/mal6503-13\/jorgenssen\/\">Advokat Clas J\u00f6rgenssens kritik av skenr\u00e4tteg\u00e5ngen 2015<\/a><\/p><\/blockquote>\n<p><iframe loading=\"lazy\" sandbox=\"allow-scripts\" security=\"restricted\" src=\"http:\/\/mmstudies.com\/sallberg\/mal6503-13\/jorgenssen\/embed\/#?secret=UsEADJy8rZ\" data-secret=\"UsEADJy8rZ\" width=\"600\" height=\"338\" title=\"&#8221;Advokat Clas J\u00f6rgenssens kritik av skenr\u00e4tteg\u00e5ngen 2015&#8221; &#8212; JUSTITIEMORDET P\u00c5 CARINA S\u00c4LLBERG\" frameborder=\"0\" marginwidth=\"0\" marginheight=\"0\" scrolling=\"no\"><\/iframe><\/p>\n\t<p><em>\u00c4ven den skiljaktige n\u00e4mndemannen Fredrik Holmberg \u00e4r av samma uppfattning som advokat Clas J\u00f6rgensen att \u00e5talet och domen B 6503-13 mot Carina S\u00e4llberg f\u00f6r ofredande av sin exsambo saknar grund d\u00e5 det\/den inte \u00e4r styrkt med bevisning.<\/em><\/p>\n<p>&nbsp;<\/p>\n\t<blockquote data-secret=\"9uf6jTWz4O\"><p><a href=\"http:\/\/mmstudies.com\/sallberg\/mal6503-13\/namndemannen\/\">N\u00e4mndemannen Fredrik Holmbergs skiljaktiga mening i m\u00e5let\/domen B 6503-13<\/a><\/p><\/blockquote>\n<p><iframe loading=\"lazy\" sandbox=\"allow-scripts\" security=\"restricted\" src=\"http:\/\/mmstudies.com\/sallberg\/mal6503-13\/namndemannen\/embed\/#?secret=9uf6jTWz4O\" data-secret=\"9uf6jTWz4O\" width=\"600\" height=\"338\" title=\"&#8221;N\u00e4mndemannen Fredrik Holmbergs skiljaktiga mening i m\u00e5let\/domen B 6503-13&#8221; &#8212; JUSTITIEMORDET P\u00c5 CARINA S\u00c4LLBERG\" frameborder=\"0\" marginwidth=\"0\" marginheight=\"0\" scrolling=\"no\"><\/iframe><\/p>\n\t<p><em>Carina S\u00e4llbergs advokat i det f\u00f6rsta m\u00e5let \/domen 6503-13, den samvetsgrant omutlige och s\u00e4rdeles kvalificerade Clas J\u00f6rgensen, \u00e5tog sig en omfattande och imponerande n\u00e4rgranskning av m\u00e5lets bristande grund i svensk lagstiftning, i sin Anm\u00e4lan om r\u00e4tteg\u00e5ngshinder och \u00a0\u00f6verklagande med beg\u00e4ran om pr\u00f6vningstillst\u00e5nd till H\u00f6gsta Domstolen, som finns att tillg\u00e5 h\u00e4r:<\/em><\/p>\n<p>&nbsp;<\/p>\n<blockquote data-secret=\"MmLBNdX49J\"><p><a href=\"http:\/\/mmstudies.com\/sallberg\/mal6503-13\/rattegangshinder\/\">Advokat Clas J\u00f6rgensens anm\u00e4lan om r\u00e4tteg\u00e5ngshinder i m\u00e5l B 6503-13<\/a><\/p><\/blockquote>\n<p><iframe loading=\"lazy\" sandbox=\"allow-scripts\" security=\"restricted\" src=\"http:\/\/mmstudies.com\/sallberg\/mal6503-13\/rattegangshinder\/embed\/#?secret=MmLBNdX49J\" data-secret=\"MmLBNdX49J\" width=\"600\" height=\"338\" title=\"&#8221;Advokat Clas J\u00f6rgensens anm\u00e4lan om r\u00e4tteg\u00e5ngshinder i m\u00e5l B 6503-13&#8221; &#8212; JUSTITIEMORDET P\u00c5 CARINA S\u00c4LLBERG\" frameborder=\"0\" marginwidth=\"0\" marginheight=\"0\" scrolling=\"no\"><\/iframe><\/p>\n<blockquote data-secret=\"nahqmsibqJ\"><p><a href=\"http:\/\/mmstudies.com\/sallberg\/mal6503-13\/jorgensens-overklagande\/\">ADVOKAT CLAS J\u00d6RGENSENS \u00d6VERKLAGANDE AV M\u00c5LET F\u00d6R OFREDANDE 2015 (B 6503-13) TILL H\u00d6GSTA DOMSTOLEN<\/a><\/p><\/blockquote>\n<p><iframe loading=\"lazy\" sandbox=\"allow-scripts\" security=\"restricted\" src=\"http:\/\/mmstudies.com\/sallberg\/mal6503-13\/jorgensens-overklagande\/embed\/#?secret=nahqmsibqJ\" data-secret=\"nahqmsibqJ\" width=\"600\" height=\"338\" title=\"&#8221;ADVOKAT CLAS J\u00d6RGENSENS \u00d6VERKLAGANDE AV M\u00c5LET F\u00d6R OFREDANDE 2015 (B 6503-13) TILL H\u00d6GSTA DOMSTOLEN&#8221; &#8212; JUSTITIEMORDET P\u00c5 CARINA S\u00c4LLBERG\" frameborder=\"0\" marginwidth=\"0\" marginheight=\"0\" scrolling=\"no\"><\/iframe><\/p>\n\t<h2>CARINA S\u00c4LLBERGS REDOG\u00d6RELSE F\u00d6R SIN EX-SAMBOS PL\u00d6TSLIGA OCH SKR\u00c4MMANDE PERSONLIGHETSF\u00d6R\u00c4NDRING DEN 17 MARS 2013:\u00a0<\/h2>\nBl\u00e4ddrar i alla v\u00e4djanden om hj\u00e4lp jag skickade 2013 till alla jag kunde komma p\u00e5. Detta skickade jag till en gemensam v\u00e4n som vi inte tr\u00e4ffade s\u00e5 ofta men som jag bed\u00f6mde skulle kunna g\u00f6ra n\u00e5got eftersom han hade k\u00e4nt NN i m\u00e5nga \u00e5r. Han svarade aldrig. De flesta reagerade likadant, man drog sig undan och hoppas p\u00e5 att jag skulle l\u00f6sa det man inte begrep men felaktigt bed\u00f6mde varandes en &#8221;relationskonflikt&#8221;. Det var inte det. NN hade f\u00e5tt f\u00f6rf\u00f6ljelsemani av v\u00e4rsta slag. Och nu har det g\u00e5tt fem \u00e5r och fyra m\u00e5nader och han h\u00e4vdar fortfarande att han \u00e4r f\u00f6rf\u00f6ljd. Detta skrev jag sommaren 2013:\n<p>&#8221;<strong>Om du inte tror mig s\u00e5 kommer n\u00e5gra exempel av det som NN l\u00e4mnat in skriftligt tll domstolen; anteckningar till sitt f\u00f6rsvar<\/strong><\/p>\n<p>&nbsp;<\/p>\n\t<p><em>&#8221;Tanken att hon skulle smyga in i sovrummet med mig sovande \u00e4r skr\u00e4mmande och fullt m\u00f6jlig&#8221;,<\/em><\/p>\n<p><em>&#8221;Hon f\u00f6rf\u00f6ljer mig rent fysiskt n\u00e4r jag \u00e4r hemma&#8221;,<\/em><\/p>\n<p><em>&#8221;Hon varnade och hotade lugnt stilla och metodiskt&#8221;<\/em><\/p>\n<p><em>&#8221;Eftersom hon inte slutar flyr jag till k\u00e4llarrummet&#8221;, &#8221;Det h\u00f6rs tydligt dit ner n\u00e4r hon g\u00e5r omkring i huset&#8221; ,<\/em><\/p>\n<p><em>&#8221;Hennes steg h\u00f6rs n\u00e4r hon g\u00e5r runt i hela huset.&#8221;<\/em><\/p>\n<p><em>&#8221;Jag bjuder in Carina till samtal, min avsikt \u00e4r d\u00e4refter att beg\u00e4ra avhysning om hon stannar kvar&#8221;,<\/em><\/p>\n<p><em>&#8221;Hon attackerar mig direkt&#8221;<\/em><\/p>\n<p><em>&#8221;Jag avv\u00e4pnar henne, v\u00e4lter omkull henne och s\u00e4tter mig grensle \u00f6ver henne och h\u00e5ller om hennes handleder&#8221;.<\/em><\/p>\n\t<h2>EXEMPEL P\u00c5 SK &#8221;BEVISMATERIAL&#8221; SOM LEGAT TILL GRUND F\u00d6R DOMEN MOT CARINA S\u00c4LLBERG F\u00d6R OFREDANDE I M\u00c5L B 6503-13<\/h2>\n<p>Listan p\u00e5 liknande absurditeter kan g\u00f6ras l\u00e5ng och kommer i m\u00e5n av tid och ork att kompletteras med fler.<\/p>\n\t\t\t\t<img loading=\"lazy\" decoding=\"async\" src=\"http:\/\/mmstudies.com\/sallberg\/wp-content\/uploads\/sites\/13\/2018\/07\/36761823_2257921130889855_3275132826302808064_n-1.jpg\" alt=\"36761823_2257921130889855_3275132826302808064_n-1\" itemprop=\"image\" height=\"960\" width=\"717\" title=\"36761823_2257921130889855_3275132826302808064_n-1\" onerror=\"this.style.display='none'\"  \/>\n\t\t\t\t<img loading=\"lazy\" decoding=\"async\" src=\"http:\/\/mmstudies.com\/sallberg\/wp-content\/uploads\/sites\/13\/2018\/07\/36772295_2257921454223156_9103137068808142848_n.jpg\" alt=\"36772295_2257921454223156_9103137068808142848_n\" itemprop=\"image\" height=\"866\" width=\"750\" title=\"36772295_2257921454223156_9103137068808142848_n\" onerror=\"this.style.display='none'\"  \/>\n\t\t\t\t<img loading=\"lazy\" decoding=\"async\" src=\"http:\/\/mmstudies.com\/sallberg\/wp-content\/uploads\/sites\/13\/2018\/07\/36795516_2257921354223166_4640852814917009408_n.jpg\" alt=\"36795516_2257921354223166_4640852814917009408_n\" itemprop=\"image\" height=\"958\" width=\"749\" title=\"36795516_2257921354223166_4640852814917009408_n\" onerror=\"this.style.display='none'\"  \/>\n\t\t\t\t<img loading=\"lazy\" decoding=\"async\" src=\"http:\/\/mmstudies.com\/sallberg\/wp-content\/uploads\/sites\/13\/2018\/07\/36819768_2257921250889843_7169855839430246400_n.jpg\" alt=\"36819768_2257921250889843_7169855839430246400_n\" itemprop=\"image\" height=\"900\" width=\"750\" title=\"36819768_2257921250889843_7169855839430246400_n\" onerror=\"this.style.display='none'\"  \/>\n\t\t\t\t<img loading=\"lazy\" decoding=\"async\" src=\"http:\/\/mmstudies.com\/sallberg\/wp-content\/uploads\/sites\/13\/2018\/07\/36854503_2257921007556534_3672065444577017856_n.jpg\" alt=\"36854503_2257921007556534_3672065444577017856_n\" itemprop=\"image\" height=\"935\" width=\"750\" title=\"36854503_2257921007556534_3672065444577017856_n\" onerror=\"this.style.display='none'\"  \/>\n\t\t\t\t<img loading=\"lazy\" decoding=\"async\" src=\"http:\/\/mmstudies.com\/sallberg\/wp-content\/uploads\/sites\/13\/2018\/07\/matz-jpg.jpeg\" alt=\"matz-jpg\" itemprop=\"image\" height=\"600\" width=\"600\" title=\"matz-jpg\" onerror=\"this.style.display='none'\"  \/>\n\t<p>Poliskommissarie Matz H\u00e4rle<\/p>\n<p>&nbsp;<\/p>\n<img decoding=\"async\" role=\"img\" src=\"https:\/\/scontent-arn2-1.xx.fbcdn.net\/v\/t1.0-1\/c133.3.827.827\/s50x50\/10653801_967251173290197_127560049943607494_n.jpg?_nc_cat=0&amp;oh=04fd36a3913b01cbe7faa8c60513dbcd&amp;oe=5BA23621\" alt=\"\" aria-label=\"Carina S\u00e4llberg\" \/>\n<a href=\"https:\/\/www.facebook.com\/carina.sallberg\" data-hovercard=\"\/ajax\/hovercard\/user.php?id=100000159695347\" data-hovercard-prefer-more-content-show=\"1\">Carina S\u00e4llberg<\/a>\n<p><a id=\"u_jsonp_12_3\" role=\"button\" href=\"https:\/\/www.facebook.com\/photo.php?fbid=2246426275372674&amp;set=a.861876433827672.1073741826.100000159695347&amp;type=3&amp;theater#\"><\/a><a href=\"https:\/\/www.facebook.com\/photo.php?fbid=2246426275372674&amp;set=a.861876433827672.1073741826.100000159695347&amp;type=3&amp;permPage=1\"><abbr title=\"S\u00f6ndag 1 juli 2018 kl. 23:29\" data-utime=\"1530480565\" data-shorten=\"1\">1 juli<\/abbr><\/a>\u00a02018<\/p>\n<p>Eftersom det finns ett oerh\u00f6rt intresse f\u00f6r det mycket uppm\u00e4rksammade \u00e5talet mot mig om olaga f\u00f6rf\u00f6ljelse av min tidigare partner NNN och d\u00e5 m\u00e5nga har h\u00e4ngt p\u00e5 l\u00e5set f\u00f6r att f\u00e5 handlingar av tingsr\u00e4tten och upprepat \u00e4ven har beg\u00e4rt underlag\/bevis av mig t\u00e4nkte jag att det kunde vara dags att hj\u00e4lpa till lite.<\/p>\n<p>Materialet \u00e4r ytterligt sv\u00e5rt att navigera i eftersom det inneh\u00e5ller m\u00e5nga sidor med inneh\u00e5ll av skiftande slag. NNN har till polisen l\u00e4mnat allt som avser styrka att jag f\u00f6rf\u00f6ljt honom v\u00e5ren 2016.<\/p>\n<p>D\u00e4rf\u00f6r har han l\u00e4mnat sina l\u00f6nespecifikationer \u00e5r 2013 f\u00f6r styrelseuppdraget i S\u00e4kra AB som bevis f\u00f6r att han utsattes f\u00f6r f\u00f6rf\u00f6ljelse av mig 2016. Associationen till mig kan vara att vi separerade 2013.<\/p>\n<p>\u00c5klagaren hanterade f\u00f6runders\u00f6kningen som s\u00e5 att allt som NNN menade utgjorde bevis p\u00e5 att han var f\u00f6rf\u00f6ljd h\u00e4lldes in i den. N\u00e5gon analys av materialet och motiven har aldrig gjorts.<\/p>\n<p>I polisf\u00f6rh\u00f6ren med mig meddelades att \u00e5klagare Per Axel Ros\u00e9n Beck hade fattat beslut att inte \u00e5tala mig f\u00f6r S\u00e4kras l\u00f6nespecifikationer fr\u00e5n varken 2013 eller 2014, vilket jag tackade f\u00f6r.<\/p>\n<p>Aktbilaga 11 C, s 315, K681494-16, registrerat av Polisen Helsingborg genom poliskommissarie Matz H\u00e4rle den 1 september 2017.<\/p>\n<a href=\"https:\/\/www.facebook.com\/carina.sallberg\" data-hovercard=\"\/ajax\/hovercard\/user.php?id=100000159695347\" data-hovercard-prefer-more-content-show=\"1\">Carina S\u00e4llberg<\/a><a href=\"https:\/\/www.facebook.com\/photo.php?fbid=2246426275372674&amp;set=a.861876433827672.1073741826.100000159695347&amp;type=3&amp;permPage=1\"><abbr title=\"S\u00f6ndag 1 juli 2018 kl. 23:29\" data-utime=\"1530480565\" data-shorten=\"1\">1 juli<\/abbr><\/a>\u00a02018\n\t\t\t\t<img loading=\"lazy\" decoding=\"async\" src=\"http:\/\/mmstudies.com\/sallberg\/wp-content\/uploads\/sites\/13\/2018\/07\/36434333_2246426282039340_3500771836596060160_n.jpg\" alt=\"36434333_2246426282039340_3500771836596060160_n\" itemprop=\"image\" height=\"960\" width=\"720\" title=\"36434333_2246426282039340_3500771836596060160_n\" onerror=\"this.style.display='none'\"  \/>\n\n","protected":false},"excerpt":{"rendered":"<p>Advokat Helene Ek Sederholm &nbsp; Chefsr\u00e5dman Nicklas S\u00f6derberg Ylva J\u00f6nsson Norlin, lagman, h\u00f6gsta chef f\u00f6r Helsingborgs tingsr\u00e4tt Johan Sederholm \u00c5klagare Carolina Diaz Bernal FALSKT \u00c5TAL OCH DOM I M\u00c5LET 6503-13 F\u00d6R OFREDANDE &nbsp; &#8221;Det h\u00e4r \u00e4r ett m\u00e5l i vilket ingen ens f\u00f6rs\u00f6ker g\u00f6ra r\u00e4tt!&#8221;, &nbsp; Det \u00e4r advokat Clas J\u00f6rgensen sammanfattning i ett n\u00f6tskal&#8230;<\/p>\n","protected":false},"author":1,"featured_media":0,"parent":0,"menu_order":0,"comment_status":"closed","ping_status":"closed","template":"full-width-page.php","meta":{"footnotes":""},"class_list":["post-244","page","type-page","status-publish","hentry"],"_links":{"self":[{"href":"http:\/\/mmstudies.com\/sallberg\/wp-json\/wp\/v2\/pages\/244","targetHints":{"allow":["GET"]}}],"collection":[{"href":"http:\/\/mmstudies.com\/sallberg\/wp-json\/wp\/v2\/pages"}],"about":[{"href":"http:\/\/mmstudies.com\/sallberg\/wp-json\/wp\/v2\/types\/page"}],"author":[{"embeddable":true,"href":"http:\/\/mmstudies.com\/sallberg\/wp-json\/wp\/v2\/users\/1"}],"replies":[{"embeddable":true,"href":"http:\/\/mmstudies.com\/sallberg\/wp-json\/wp\/v2\/comments?post=244"}],"version-history":[{"count":55,"href":"http:\/\/mmstudies.com\/sallberg\/wp-json\/wp\/v2\/pages\/244\/revisions"}],"predecessor-version":[{"id":3193,"href":"http:\/\/mmstudies.com\/sallberg\/wp-json\/wp\/v2\/pages\/244\/revisions\/3193"}],"wp:attachment":[{"href":"http:\/\/mmstudies.com\/sallberg\/wp-json\/wp\/v2\/media?parent=244"}],"curies":[{"name":"wp","href":"https:\/\/api.w.org\/{rel}","templated":true}]}}