{"id":2531,"date":"2018-10-14T09:59:53","date_gmt":"2018-10-14T09:59:53","guid":{"rendered":"http:\/\/mmstudies.com\/sallberg\/?page_id=2531"},"modified":"2023-08-09T12:03:54","modified_gmt":"2023-08-09T12:03:54","slug":"javsinvandning-domare","status":"publish","type":"page","link":"http:\/\/mmstudies.com\/sallberg\/mal4019-16\/javsinvandning-domare\/","title":{"rendered":"CARINAS J\u00c4VSINV\u00c4NDNING MOT DOMARE NICKLAS S\u00d6DERBERG I M\u00c5L 4019-16 och B4628-17"},"content":{"rendered":"\n\n\t<h1>CARINAS J\u00c4VSINV\u00c4NDNING MOT DOMARE NICKLAS S\u00d6DERBERG I M\u00c5L 4019-16 och B4628-17<\/h1>\n\t\t\t\t<img loading=\"lazy\" decoding=\"async\" src=\"http:\/\/mmstudies.com\/sallberg\/wp-content\/uploads\/sites\/13\/2018\/10\/39496833_2330477750300859_4824992871943766016_n.jpg\" alt=\"39496833_2330477750300859_4824992871943766016_n\" itemprop=\"image\" height=\"960\" width=\"688\" title=\"39496833_2330477750300859_4824992871943766016_n\" onerror=\"this.style.display='none'\"  \/>\n\t\t\t\t<img loading=\"lazy\" decoding=\"async\" src=\"http:\/\/mmstudies.com\/sallberg\/wp-content\/uploads\/sites\/13\/2018\/10\/39572429_2330477820300852_3768785247634718720_n-1-1.jpg\" alt=\"39572429_2330477820300852_3768785247634718720_n-1\" itemprop=\"image\" height=\"587\" width=\"696\" title=\"39572429_2330477820300852_3768785247634718720_n-1\" onerror=\"this.style.display='none'\"  \/>\n\t\t\t\t<img loading=\"lazy\" decoding=\"async\" src=\"http:\/\/mmstudies.com\/sallberg\/wp-content\/uploads\/sites\/13\/2018\/10\/Sk\u00e4rmklipp-2018-10-16-09.42.49.png\" alt=\"Sk\u00e4rmklipp 2018-10-16 09.42.49\" itemprop=\"image\" height=\"768\" width=\"664\" title=\"Sk\u00e4rmklipp 2018-10-16 09.42.49\" onerror=\"this.style.display='none'\"  \/>\n\t\t\t\t<img loading=\"lazy\" decoding=\"async\" src=\"http:\/\/mmstudies.com\/sallberg\/wp-content\/uploads\/sites\/13\/2018\/10\/39467442_2330477946967506_7088863111393837056_n.jpg\" alt=\"39467442_2330477946967506_7088863111393837056_n\" itemprop=\"image\" height=\"246\" width=\"649\" title=\"39467442_2330477946967506_7088863111393837056_n\" onerror=\"this.style.display='none'\"  \/>\n\t\t\t\t<img loading=\"lazy\" decoding=\"async\" src=\"http:\/\/mmstudies.com\/sallberg\/wp-content\/uploads\/sites\/13\/2018\/10\/39610588_2330478003634167_1472802443950555136_n.jpg\" alt=\"39610588_2330478003634167_1472802443950555136_n\" itemprop=\"image\" height=\"407\" width=\"653\" title=\"39610588_2330478003634167_1472802443950555136_n\" onerror=\"this.style.display='none'\"  \/>\n\t\t\t\t<img loading=\"lazy\" decoding=\"async\" src=\"http:\/\/mmstudies.com\/sallberg\/wp-content\/uploads\/sites\/13\/2018\/10\/39453648_2330478060300828_7292361977593069568_n.jpg\" alt=\"39453648_2330478060300828_7292361977593069568_n\" itemprop=\"image\" height=\"675\" width=\"699\" title=\"39453648_2330478060300828_7292361977593069568_n\" onerror=\"this.style.display='none'\"  \/>\n\n","protected":false},"excerpt":{"rendered":"<p>CARINAS J\u00c4VSINV\u00c4NDNING MOT DOMARE NICKLAS S\u00d6DERBERG I M\u00c5L 4019-16 och B4628-17<\/p>\n","protected":false},"author":1,"featured_media":0,"parent":1160,"menu_order":0,"comment_status":"closed","ping_status":"closed","template":"full-width-page.php","meta":{"footnotes":""},"class_list":["post-2531","page","type-page","status-publish","hentry"],"_links":{"self":[{"href":"http:\/\/mmstudies.com\/sallberg\/wp-json\/wp\/v2\/pages\/2531","targetHints":{"allow":["GET"]}}],"collection":[{"href":"http:\/\/mmstudies.com\/sallberg\/wp-json\/wp\/v2\/pages"}],"about":[{"href":"http:\/\/mmstudies.com\/sallberg\/wp-json\/wp\/v2\/types\/page"}],"author":[{"embeddable":true,"href":"http:\/\/mmstudies.com\/sallberg\/wp-json\/wp\/v2\/users\/1"}],"replies":[{"embeddable":true,"href":"http:\/\/mmstudies.com\/sallberg\/wp-json\/wp\/v2\/comments?post=2531"}],"version-history":[{"count":17,"href":"http:\/\/mmstudies.com\/sallberg\/wp-json\/wp\/v2\/pages\/2531\/revisions"}],"predecessor-version":[{"id":3218,"href":"http:\/\/mmstudies.com\/sallberg\/wp-json\/wp\/v2\/pages\/2531\/revisions\/3218"}],"up":[{"embeddable":true,"href":"http:\/\/mmstudies.com\/sallberg\/wp-json\/wp\/v2\/pages\/1160"}],"wp:attachment":[{"href":"http:\/\/mmstudies.com\/sallberg\/wp-json\/wp\/v2\/media?parent=2531"}],"curies":[{"name":"wp","href":"https:\/\/api.w.org\/{rel}","templated":true}]}}