{"id":2575,"date":"2018-10-20T16:40:56","date_gmt":"2018-10-20T16:40:56","guid":{"rendered":"http:\/\/mmstudies.com\/sallberg\/?page_id=2575"},"modified":"2020-01-22T13:18:16","modified_gmt":"2020-01-22T13:18:16","slug":"korrigering","status":"publish","type":"page","link":"http:\/\/mmstudies.com\/sallberg\/mal4019-16\/korrigering\/","title":{"rendered":"CARINAS KORRIGERING AV F\u00d6RH\u00d6R DEN 17 okt 2017"},"content":{"rendered":"\n\t<h1>CARINAS KORRIGERING AV UTSKRIFT AV F\u00d6RH\u00d6R den 17 okt 2017, VARI F\u00d6LJANDE UPPGIFTER SOM HON UPPGAV UTEL\u00c4MNATS.<\/h1>\n\t\t\t\t<img loading=\"lazy\" decoding=\"async\" src=\"http:\/\/mmstudies.com\/sallberg\/wp-content\/uploads\/sites\/13\/2019\/06\/Sk\u00e4rmklipp-2019-05-23-15.42.37.png\" alt=\"Sk\u00e4rmklipp-2019-05-23-15.42.37\" itemprop=\"image\" height=\"571\" width=\"858\" title=\"Sk\u00e4rmklipp-2019-05-23-15.42.37\" onerror=\"this.style.display='none'\"  \/>\n\t<p><a href=\"http:\/\/mmstudies.com\/sallberg\/mal4019-16\/malsag-brottsanmal\/\">I det stasiliknande f\u00f6rh\u00f6r som h\u00f6lls med Carina den 13 okt 2017<\/a> p\u00e5 samma &#8221;bevismaterial&#8221; som legat till grund f\u00f6r Per Erik Ros\u00e9n Becks misslyckade f\u00f6rs\u00f6k den 6 augusti 2016 att f\u00f6r andra andra g\u00e5ngen p\u00e5dyvla Carina S\u00e4llberg <a href=\"http:\/\/mmstudies.com\/sallberg\/historia\/oversiktlig\/kontaktforbud1\/\">ett osk\u00e4ligt kontaktf\u00f6rbud,<\/a> som m\u00e5naden d\u00e4refter <a href=\"http:\/\/mmstudies.com\/sallberg\/carinas-motbevis\/slutgiltigt-beslut\/\">upph\u00e4vdes av tingsr\u00e4tten pga att bevismaterialet befanns vara underm\u00e5ligt<\/a>, kom dessa uppgifter som Carina S\u00e4llberg att utel\u00e4mnas ur protokollet.<\/p>\n<p>&nbsp;<\/p>\n<p>N\u00e4r hon uppt\u00e4ckte det kr\u00e4vde hon att uppgifterna skulle \u00e5terinf\u00f6ras i protokollet. Men s\u00e5 gjordes aldrig utan de h\u00f6lls vid sidan om p\u00e5 detta s\u00e4tt i ett eget till\u00e4ggsprotokoll som uppenbarligen inte r\u00f6nt n\u00e5gon uppm\u00e4rksamhet i den fortsatta processen. H\u00f6gst troligtvis alldeles avsiktligt s\u00e5. Ingen har haft intresse av att m\u00e5ls\u00e4gandens r\u00e4tta natur och bristande trov\u00e4rdighet l\u00e4ggs i dagen. Det kallas f\u00f6r &#8221;ovidkommande&#8221; och i f\u00f6rsta m\u00e5let B 6503-13 belades Carina S\u00e4llberg med ett vite om 10 000 kr f\u00f6r att ha uppeh\u00e5llit sig vid s\u00e5dana &#8221;d\u00e5-h\u00e4ndelser&#8221; som avsl\u00f6jar <a href=\"http:\/\/mmstudies.com\/sallberg\/carinas-motbevis\/forovartekniker\/\">det stora kontrollbehov och den manipulativt f\u00f6rljugna och skuld\u00f6verskrivande taktik,<\/a> som m\u00e5ls\u00e4ganden satt i system \u00e4ven i de n\u00e4ra relationer han haft tidigare i sitt liv och hur han \u00e4ven utsatt m\u00e5nga av dem f\u00f6r hot och v\u00e5ld p\u00e5 n\u00e4rmast identiskt liknande s\u00e4tt som han gjort mot Carina S\u00e4llberg, och m\u00e5ste anses utg\u00f6ra en farlig man.<\/p>\n\t\t\t\t<img loading=\"lazy\" decoding=\"async\" src=\"http:\/\/mmstudies.com\/sallberg\/wp-content\/uploads\/sites\/13\/2018\/10\/Sk\u00e4rmklipp-2018-10-20-18.58.41.png\" alt=\"Sk\u00e4rmklipp 2018-10-20 18.58.41\" itemprop=\"image\" height=\"1024\" width=\"694\" title=\"Sk\u00e4rmklipp 2018-10-20 18.58.41\" onerror=\"this.style.display='none'\"  \/>\n\t\t\t\t<img loading=\"lazy\" decoding=\"async\" src=\"http:\/\/mmstudies.com\/sallberg\/wp-content\/uploads\/sites\/13\/2018\/10\/Sk\u00e4rmklipp-2018-10-20-18.58.56.png\" alt=\"Sk\u00e4rmklipp 2018-10-20 18.58.56\" itemprop=\"image\" height=\"1024\" width=\"715\" title=\"Sk\u00e4rmklipp 2018-10-20 18.58.56\" onerror=\"this.style.display='none'\"  \/>\n\t\t\t\t<img loading=\"lazy\" decoding=\"async\" src=\"http:\/\/mmstudies.com\/sallberg\/wp-content\/uploads\/sites\/13\/2018\/10\/Sk\u00e4rmklipp-2018-10-20-18.59.11-1.png\" alt=\"Sk\u00e4rmklipp-2018-10-20-18.59.11\" itemprop=\"image\" height=\"1024\" width=\"778\" title=\"Sk\u00e4rmklipp-2018-10-20-18.59.11\" onerror=\"this.style.display='none'\"  \/>\n\t\t\t\t<img loading=\"lazy\" decoding=\"async\" src=\"http:\/\/mmstudies.com\/sallberg\/wp-content\/uploads\/sites\/13\/2018\/10\/Sk\u00e4rmklipp-2018-10-20-19.26.58-1.png\" alt=\"Sk\u00e4rmklipp 2018-10-20 19.26.58\" itemprop=\"image\" height=\"1024\" width=\"761\" title=\"Sk\u00e4rmklipp 2018-10-20 19.26.58\" onerror=\"this.style.display='none'\"  \/>\n\t\t\t\t<img loading=\"lazy\" decoding=\"async\" src=\"http:\/\/mmstudies.com\/sallberg\/wp-content\/uploads\/sites\/13\/2018\/10\/Sk\u00e4rmklipp-2018-10-20-19.27.11.png\" alt=\"Sk\u00e4rmklipp 2018-10-20 19.27.11\" itemprop=\"image\" height=\"1024\" width=\"759\" title=\"Sk\u00e4rmklipp 2018-10-20 19.27.11\" onerror=\"this.style.display='none'\"  \/>\n\t<p>&nbsp;<\/p>\n<blockquote data-secret=\"yGwEDarM77\"><p><a href=\"http:\/\/mmstudies.com\/sallberg\/mal4019-16\/malsag-brottsanmal\/\">HANTERING AV M\u00c5LS\u00c4GANDENS &#8221;BEVISMATERIAL&#8221; I M\u00c5L 4019-16 \/ STASILIKNANDE F\u00d6RH\u00d6R MED CARINA<\/a><\/p><\/blockquote>\n<p><iframe loading=\"lazy\" title=\"&#8221;HANTERING AV M\u00c5LS\u00c4GANDENS &#8221;BEVISMATERIAL&#8221; I M\u00c5L 4019-16 \/ STASILIKNANDE F\u00d6RH\u00d6R MED CARINA&#8221; &#8212; JUSTITIEMORDET P\u00c5 CARINA S\u00c4LLBERG\" sandbox=\"allow-scripts\" security=\"restricted\" src=\"http:\/\/mmstudies.com\/sallberg\/mal4019-16\/malsag-brottsanmal\/embed\/#?secret=yGwEDarM77\" data-secret=\"yGwEDarM77\" width=\"600\" height=\"338\" frameborder=\"0\" marginwidth=\"0\" marginheight=\"0\" scrolling=\"no\"><\/iframe><\/p>\n<p>&nbsp;<\/p>\n<p>http:\/\/mmstudies.com\/sallberg\/historia\/kontaktf\u00f6rbud1<\/p>\n<p>&nbsp;<\/p>\n<blockquote data-secret=\"TB1TQd3xlI\"><p><a href=\"http:\/\/mmstudies.com\/sallberg\/carinas-motbevis\/slutgiltigt-beslut\/\">SLUTGILTIGT BESLUT \/ kontaktf\u00f6rbud nr 2 upph\u00e4vt enligt dom av r\u00e5dman Karoline Fridolf<\/a><\/p><\/blockquote>\n<p><iframe loading=\"lazy\" title=\"&#8221;SLUTGILTIGT BESLUT \/ kontaktf\u00f6rbud nr 2 upph\u00e4vt enligt dom av r\u00e5dman Karoline Fridolf&#8221; &#8212; JUSTITIEMORDET P\u00c5 CARINA S\u00c4LLBERG\" sandbox=\"allow-scripts\" security=\"restricted\" src=\"http:\/\/mmstudies.com\/sallberg\/carinas-motbevis\/slutgiltigt-beslut\/embed\/#?secret=TB1TQd3xlI\" data-secret=\"TB1TQd3xlI\" width=\"600\" height=\"338\" frameborder=\"0\" marginwidth=\"0\" marginheight=\"0\" scrolling=\"no\"><\/iframe><\/p>\n<p>&nbsp;<\/p>\n<blockquote data-secret=\"p8wCMY53sP\"><p><a href=\"http:\/\/mmstudies.com\/sallberg\/carinas-motbevis\/urkunder\/\">F\u00f6rfalskade urkunder och falska tillvitelser till grund f\u00f6r fem \u00e5rs r\u00e4ttslig terror<\/a><\/p><\/blockquote>\n<p><iframe loading=\"lazy\" title=\"&#8221;F\u00f6rfalskade urkunder och falska tillvitelser till grund f\u00f6r fem \u00e5rs r\u00e4ttslig terror&#8221; &#8212; JUSTITIEMORDET P\u00c5 CARINA S\u00c4LLBERG\" sandbox=\"allow-scripts\" security=\"restricted\" src=\"http:\/\/mmstudies.com\/sallberg\/carinas-motbevis\/urkunder\/embed\/#?secret=p8wCMY53sP\" data-secret=\"p8wCMY53sP\" width=\"600\" height=\"338\" frameborder=\"0\" marginwidth=\"0\" marginheight=\"0\" scrolling=\"no\"><\/iframe><\/p>\n<p>&nbsp;<\/p>\n<p>&nbsp;<\/p>\n<blockquote data-secret=\"ZGN55bfAhw\"><p><a href=\"http:\/\/mmstudies.com\/sallberg\/carinas-motbevis\/forovartekniker\/\">M\u00c5LS\u00c4GANDENS KLASSISKT SKULD\u00d6VERSKRIVANDE F\u00d6R\u00d6VARTEKNIKER  &#8211; TIDIGARE K\u00c4NDA AV POLIS &#038; \u00c5KLAGARE<\/a><\/p><\/blockquote>\n<p><iframe loading=\"lazy\" title=\"&#8221;M\u00c5LS\u00c4GANDENS KLASSISKT SKULD\u00d6VERSKRIVANDE F\u00d6R\u00d6VARTEKNIKER  &#8211; TIDIGARE K\u00c4NDA AV POLIS &#038; \u00c5KLAGARE&#8221; &#8212; JUSTITIEMORDET P\u00c5 CARINA S\u00c4LLBERG\" sandbox=\"allow-scripts\" security=\"restricted\" src=\"http:\/\/mmstudies.com\/sallberg\/carinas-motbevis\/forovartekniker\/embed\/#?secret=ZGN55bfAhw\" data-secret=\"ZGN55bfAhw\" width=\"600\" height=\"338\" frameborder=\"0\" marginwidth=\"0\" marginheight=\"0\" scrolling=\"no\"><\/iframe><\/p>\n<p>&nbsp;<\/p>\n<blockquote data-secret=\"fN0Ww4hqtb\"><p><a href=\"http:\/\/mmstudies.com\/sallberg\/historia\/\">R\u00c4TTSHAVERIETS FEM\u00c5RIGA HISTORIA<\/a><\/p><\/blockquote>\n<p><iframe loading=\"lazy\" title=\"&#8221;R\u00c4TTSHAVERIETS FEM\u00c5RIGA HISTORIA&#8221; &#8212; JUSTITIEMORDET P\u00c5 CARINA S\u00c4LLBERG\" sandbox=\"allow-scripts\" security=\"restricted\" src=\"http:\/\/mmstudies.com\/sallberg\/historia\/embed\/#?secret=fN0Ww4hqtb\" data-secret=\"fN0Ww4hqtb\" width=\"600\" height=\"338\" frameborder=\"0\" marginwidth=\"0\" marginheight=\"0\" scrolling=\"no\"><\/iframe><\/p>\n<p>&nbsp;<\/p>\n","protected":false},"excerpt":{"rendered":"<p>CARINAS KORRIGERING AV UTSKRIFT AV F\u00d6RH\u00d6R den 17 okt 2017, VARI F\u00d6LJANDE UPPGIFTER SOM HON UPPGAV UTEL\u00c4MNATS. I det stasiliknande f\u00f6rh\u00f6r som h\u00f6lls med Carina den 13 okt 2017 p\u00e5 samma &#8221;bevismaterial&#8221; som legat till grund f\u00f6r Per Erik Ros\u00e9n Becks misslyckade f\u00f6rs\u00f6k den 6 augusti 2016 att f\u00f6r andra andra g\u00e5ngen p\u00e5dyvla Carina S\u00e4llberg&#8230;<\/p>\n","protected":false},"author":1,"featured_media":0,"parent":1160,"menu_order":0,"comment_status":"closed","ping_status":"closed","template":"full-width-page.php","meta":{"footnotes":""},"class_list":["post-2575","page","type-page","status-publish","hentry"],"_links":{"self":[{"href":"http:\/\/mmstudies.com\/sallberg\/wp-json\/wp\/v2\/pages\/2575","targetHints":{"allow":["GET"]}}],"collection":[{"href":"http:\/\/mmstudies.com\/sallberg\/wp-json\/wp\/v2\/pages"}],"about":[{"href":"http:\/\/mmstudies.com\/sallberg\/wp-json\/wp\/v2\/types\/page"}],"author":[{"embeddable":true,"href":"http:\/\/mmstudies.com\/sallberg\/wp-json\/wp\/v2\/users\/1"}],"replies":[{"embeddable":true,"href":"http:\/\/mmstudies.com\/sallberg\/wp-json\/wp\/v2\/comments?post=2575"}],"version-history":[{"count":17,"href":"http:\/\/mmstudies.com\/sallberg\/wp-json\/wp\/v2\/pages\/2575\/revisions"}],"predecessor-version":[{"id":3165,"href":"http:\/\/mmstudies.com\/sallberg\/wp-json\/wp\/v2\/pages\/2575\/revisions\/3165"}],"up":[{"embeddable":true,"href":"http:\/\/mmstudies.com\/sallberg\/wp-json\/wp\/v2\/pages\/1160"}],"wp:attachment":[{"href":"http:\/\/mmstudies.com\/sallberg\/wp-json\/wp\/v2\/media?parent=2575"}],"curies":[{"name":"wp","href":"https:\/\/api.w.org\/{rel}","templated":true}]}}