{"id":284,"date":"2018-07-10T09:12:41","date_gmt":"2018-07-10T09:12:41","guid":{"rendered":"http:\/\/mmstudies.com\/sallberg\/?page_id=284"},"modified":"2023-06-17T15:29:34","modified_gmt":"2023-06-17T15:29:34","slug":"polishamtning","status":"publish","type":"page","link":"http:\/\/mmstudies.com\/sallberg\/proportioner\/polishamtning\/","title":{"rendered":"POLISH\u00c4MTNING TILL R\u00c4TTSPSYK I GTBRG"},"content":{"rendered":"\n\n\t\t\t\t<img loading=\"lazy\" decoding=\"async\" src=\"http:\/\/mmstudies.com\/sallberg\/wp-content\/uploads\/sites\/13\/2018\/07\/35963825_2228566940491941_7164135630186741760_n.jpg\" alt=\"35963825_2228566940491941_7164135630186741760_n\" itemprop=\"image\" height=\"548\" width=\"750\" title=\"35963825_2228566940491941_7164135630186741760_n\" onerror=\"this.style.display='none'\"  \/>\n<img decoding=\"async\" role=\"img\" src=\"https:\/\/scontent-arn2-1.xx.fbcdn.net\/v\/t1.0-1\/c133.3.827.827\/s50x50\/10653801_967251173290197_127560049943607494_n.jpg?_nc_cat=0&amp;oh=04fd36a3913b01cbe7faa8c60513dbcd&amp;oe=5BA23621\" alt=\"\" aria-label=\"Carina S\u00e4llberg\" \/>\n<h5 data-ft=\"{&quot;tn&quot;:&quot;C&quot;}\"><a href=\"https:\/\/www.facebook.com\/carina.sallberg?hc_ref=ARQvBNUt6uYAfZ9fWPfBrGMCuDS9Dly3v7SB2k435q4ssDWH128siugumlxrR7wyo1g&amp;fref=nf\" data-hovercard=\"\/ajax\/hovercard\/user.php?id=100000159695347&amp;extragetparams=%7B%22hc_ref%22%3A%22ARQvBNUt6uYAfZ9fWPfBrGMCuDS9Dly3v7SB2k435q4ssDWH128siugumlxrR7wyo1g%22%2C%22fref%22%3A%22nf%22%7D\" data-hovercard-prefer-more-content-show=\"1\" data-hovercard-referer=\"ARQvBNUt6uYAfZ9fWPfBrGMCuDS9Dly3v7SB2k435q4ssDWH128siugumlxrR7wyo1g\">Carina S\u00e4llberg<\/a><\/h5>\n<p><a href=\"https:\/\/www.facebook.com\/carina.sallberg\/posts\/2228567153825253\" target=\"\" rel=\"noopener\"><abbr title=\"2018-06-20 23:35\" data-utime=\"1529530553\" data-shorten=\"1\">20 juni kl. 23:35<\/abbr><\/a> \u00b7 <\/p>\n<p>Mina v\u00e4nner.<\/p>\n<p>Jag har l\u00e4nge f\u00f6rs\u00f6kt ber\u00e4tta. Jag har f\u00f6rklarat, beskrivit, understrukit, betonat. Jag \u00e4r l\u00e4rare i svenska och journalist och lyckas i min undervisning f\u00f6rklara och n\u00e5 fram med det mesta, men jag har f\u00f6r min omgivning misslyckats med att f\u00f6rklara detta som sker mot mig. Jag har inte n\u00e5tt fram med allvaret och jag k\u00e4nner mig uppgiven. Min k\u00e4nsla \u00e4r att folk st\u00e5r och ser p\u00e5 hur en tidigare stark och stolt kvinna bryts ned och f\u00f6rvandlas till stoft.<\/p>\n<p>Jag har utt\u00f6mt mina ord. Jag har i fyra och ett halvt \u00e5r utsatts p\u00e5 ett h\u00e4nsynsl\u00f6st s\u00e4tt av r\u00e4ttsv\u00e4sendets representanter: polis, \u00e5klagare, domare. Ordet h\u00e4nsynsl\u00f6st \u00e4r ingen \u00f6verdrift. Jag ogillar \u00f6verdrifter. Jag ogillar \u00e4nnu mer or\u00e4ttvisor. Mest av allt ogillar jag maktmissbruk. Jag \u00e4r inte den som st\u00e4ller mig och ser p\u00e5 n\u00e4r fel beg\u00e5s. Det har haft sitt pris.<\/p>\n<p>Allt b\u00f6rjade med en politisk skandal, adoptionsskandalen i socialn\u00e4mnden. Orkar inte dra det igen. L\u00e4s bak\u00e5t p\u00e5 min sida. Allt ni beh\u00f6ver veta f\u00f6r framtiden finns p\u00e5 min sida h\u00e4r och det som inte finns full\u00f6digt h\u00e4r g\u00e5r enkelt att inh\u00e4mta i form av offentlig handling. Orka! V\u00e5ga! T\u00e4nk! Handla!<\/p>\n<p>I morse n\u00e4r jag klivit ur duschen och precis f\u00e5tt p\u00e5 mig byxor och ett linne bankade det pl\u00f6tsligt p\u00e5 min d\u00f6rr, p\u00e5 mitt sovrumsf\u00f6nster, p\u00e5 mitt barns f\u00f6nster, p\u00e5 mitt k\u00f6ksf\u00f6nster, p\u00e5 min altand\u00f6rr. Huset med min markl\u00e4genhet var omringat av tre uniformerade poliser. De bankade h\u00e5rt med knytn\u00e4varna. Det k\u00e4ndes som om bostaden vibrerade. Min son och hans \u00f6vernattande kompis for vettskr\u00e4mda och stumma upp ur s\u00e4ngen. Jag t\u00e4nkte: &#8221;Ja, han genomf\u00f6rde det verkligen.&#8221;<\/p>\n<p>Domaren Niklas S\u00f6derberg, vilken jag den 22 maj och den 30 maj under p\u00e5g\u00e5ende femdagarsr\u00e4tteg\u00e5ng mot mig &#8211; grundad p\u00e5 falska anklagelser i tre konstruerade m\u00e5l &#8211; anm\u00e4lde f\u00f6r domarj\u00e4v beslutade som h\u00e4mnd den 31 maj att jag skulle tvingas till en &#8221;utvidgad paragraf-7-utredning&#8221;.<\/p>\n<p>Jag meddelade att jag inte avs\u00e5g medverka i n\u00e5got som var uppenbara repressalier och fick veta att d\u00e5 kunde jag r\u00e4kna med att han skulle beg\u00e4ra handr\u00e4ckning medelst polish\u00e4mtning.<\/p>\n<p>Jag fortsatte jobba p\u00e5 som vanligt p\u00e5 komvux d\u00e4r jag \u00e4r f\u00f6rstel\u00e4rare. Skyndade mig att jobba ikapp en f\u00f6rlorad arbetsvecka, skyndade mig f\u00f6r att f\u00e5 alla betyg inskrivna, alla elevsamtal genomf\u00f6rda, alla nationella prov f\u00e4rdigredovisade till Skolverket. Planerade mina sommarkurser i svenska, startade upp dem, m\u00f6ttes av fina och engagerade vuxenstuderande.<\/p>\n<p>Ig\u00e5r gick jag igenom vikten av k\u00e4llkritik, hur man anv\u00e4nder k\u00e4llor, g\u00f6r referatmarkeringar och annat bra att kunna. Jag kom sent hem efter en l\u00e5ng och bra arbetsdag, men jag k\u00e4nde p\u00e5 mig att n\u00e5got skulle h\u00e4nda.<\/p>\n<p>I morse, 20 dagar efter femte dagens r\u00e4tteg\u00e5ng mot mig, med det avslutande hotet om r\u00e4tts\u00f6vergrepp mot en samvetsgrann medborgare, vilken har anv\u00e4nt de medel som lagen erbjuder n\u00e4r fel har beg\u00e5tts (i detta: anm\u00e4lan om domarj\u00e4v om domaren \u00e4r j\u00e4vig, enskilt v\u00e4ckt \u00e5tal &#8211; rekonventionstalan &#8211; mot \u00e5klagaren om denne har v\u00e4ckt ett falskt \u00e5tal och anm\u00e4lan mot poliser som har beg\u00e5tt tj\u00e4nstefel) &#8211; slets jag brutalt fr\u00e5n mitt hem av tre poliser som beordrats att k\u00f6ra mig till R\u00e4ttsmedicinalverket f\u00f6r personutredning i brottm\u00e5l.<\/p>\n<p>Klockan var 07.20.<\/p>\n<p>Jag \u00f6ppnade d\u00f6rren och en polis skrek: &#8221;Carina S\u00e4llberg, du \u00e4r omh\u00e4ndertagen&#8221;. Han tog mig h\u00e5rt i min arm och b\u00f6rjade dra i mig samtidigt som de b\u00e5da andra poliserna tr\u00e4ngde sig in i min bostad.<\/p>\n<p>&#8221;Du ska f\u00f6lja med oss nu direkt. Vi har f\u00e5tt order fr\u00e5n tingsr\u00e4tten att k\u00f6ra dig till R\u00e4ttspsyk.&#8221;<\/p>\n<p>&#8221;Men jag \u00e4r inte f\u00e4rdigkl\u00e4dd&#8221;, sade jag.<\/p>\n<p>&#8221;Det beh\u00f6vs inte.&#8221;<\/p>\n<p>&#8221;Jag vill ta p\u00e5 mig en blus. &#8221;<\/p>\n<p>&#8221;Det beh\u00f6vs inte.&#8221;<\/p>\n<p>&#8221;Jag \u00e4r barfota, jag m\u00e5ste ha skor.&#8221;<\/p>\n<p>De h\u00f6ll fast mig.<\/p>\n<p>&#8221;Var st\u00e5r skorna? Vi h\u00e4mtar dem&#8221;<\/p>\n<p>&#8221;Jag m\u00e5ste st\u00e4nga av kaffekokaren.&#8221;<\/p>\n<p>&#8221;Nej, det g\u00f6r vi.&#8221;<\/p>\n<p>Jag tog min portf\u00f6lj i handen. Jag kramade min son och hans kompis som tysta bevittnade allt.<\/p>\n<p>Jag sl\u00e4pades med ett h\u00e5rt tag i min arm ut till en parkerad polisbuss. Jag var lugn. Jag f\u00f6rs\u00f6kte g\u00e5 som jag brukar g\u00e5, trots det obehagliga greppet om min arm.<\/p>\n<p>Jag fick veta att jag p\u00e5 tingsr\u00e4tten i Helsingborgs beg\u00e4ran skulle transporteras \u00e4nda till G\u00f6teborg. Resan tog ett par timmar. Jag fr\u00e5gade efter polisernas namn. Endast den kvinnliga svarade att hon hette Hanna. Den ena manliga var mycket respektl\u00f6s och f\u00f6rol\u00e4mpande. Han ville inte s\u00e4ga sitt namn: &#8221;Vad spelar det f\u00f6r roll?&#8221;, sade han.<\/p>\n<p>Jag bem\u00f6ttes hemskt. Bortom all v\u00e4rdighet.<\/p>\n<p>Polisen stannade f\u00f6r att de beh\u00f6vde tanka, k\u00f6pa dricka till sig sj\u00e4lva och g\u00e5 p\u00e5 toaletten.<\/p>\n<p>&#8221;Jag beh\u00f6ver ocks\u00e5 g\u00e5 p\u00e5 toaletten&#8221;, sade jag.<\/p>\n<p>&#8221;Det f\u00e5r du inte. Du kan v\u00e4nta&#8221;, sade polisen.<\/p>\n<p>Jag bad sju g\u00e5nger om att f\u00e5 ringa min advokat. Det fick jag inte.<\/p>\n<p>Jag bad att f\u00e5 ringa en kollega eftersom jag hade elever som v\u00e4ntade. Det fick jag inte.<\/p>\nJag nekades alla samtal.<br \/>\n&#8221;Du har inte r\u00e4tt till det&#8221;<br \/>\n&#8221;Vi beh\u00f6ver inte svara p\u00e5 n\u00e5gra fr\u00e5gor fr\u00e5n dig.&#8221;\n<p>&#8221;Ni medverkar just nu i Sveriges st\u00f6rsta p\u00e5g\u00e5ende r\u00e4ttsskandal&#8221;, sade jag.<\/p>\n<p>&#8221;Ja, det kan du ju ber\u00e4tta f\u00f6r l\u00e4karen sedan. Vi g\u00f6r bara v\u00e5rt jobb.&#8221;<\/p>\n<p>Mest satt jag tyst, tittade ut genom polisbilens f\u00f6nster, p\u00e5 tr\u00e4den vi k\u00f6rde f\u00f6rbi, p\u00e5 himlen som inte var oskyldigt bl\u00e5 och jag funderade \u00f6ver vad som f\u00e5r utbildade poliser att tro att de m\u00e5ste bete sig s\u00e5 illa. Jag f\u00f6rs\u00f6kte samla tankarna.<\/p>\n<p>Anl\u00e4nde till ett st\u00e4lle ute i skogen bakom l\u00e5sta grindar utanf\u00f6r G\u00f6teborg.<\/p>\n<p>Visiterades. Fick ta av mig b\u00e4ltet. \u00d6vervakades av de tre poliserna i ett kalt mycket smutsigt rum. Jag satte mig i en stol. De stod runt mig. Fr\u00e5gade om jag fick putsa mina glas\u00f6gon. Fick till\u00e5telse under \u00f6vervakning.<\/p>\nPsykiatrikern i mjuka innetofflor anl\u00e4nde och log mjukt. Jag fick till\u00e5telse att g\u00e5 p\u00e5 toaletten.<br \/>\nPolisen \u00e5kte. Ingen sade hejd\u00e5. De bara f\u00f6rsvann. De hade bara gjort sitt jobb, lytt order.\n<p>Chefen f\u00f6r R\u00e4ttsmedicinalverket kom och h\u00e4lsade, en mycket stilig man som jag tror presenterade sig som William.<\/p>\n<p>&#8221;Jag heter Carina. Att jag \u00e4r h\u00e4r \u00e4r politiskt&#8221;, sade jag.<\/p>\n<p>&#8221;Jaja&#8221;, sade han. &#8221;Du f\u00e5r snart ber\u00e4tta det f\u00f6r en l\u00e4kare.&#8221;<\/p>\n<p>Samtal med en psykiatriker en timme. Hon ville veta vad mina f\u00f6r\u00e4ldrar arbetade med n\u00e4r jag v\u00e4xte upp, vilken linje jag gick p\u00e5 gymnasiet f\u00f6r evigheter sedan (samh\u00e4llsvetenskaplig med 4,8 i betyg antecknades), hur m\u00e5nga \u00e5r det var mellan mina syskon, vem Niklas \u00e4r (som jag \u00e4r anklagad f\u00f6r att f\u00f6rf\u00f6lja trots att han bor i Frankrike sedan ett par \u00e5r och som i fem \u00e5r varit \u00f6vertygad om att vara f\u00f6rf\u00f6ljd), vem journalisten Robert Dujmovic \u00e4r som jag har f\u00f6rtalat p\u00e5 min Facebook, om jag tror att jag var f\u00f6rf\u00f6ljd (!) och om jag har haft overklighetsk\u00e4nslor.<\/p>\n<p>Jag f\u00f6rs\u00f6kte ber\u00e4tta om advokat Helene Ek Sederholm, vad hon st\u00e4llt till med, hur hon fr\u00e4mjar or\u00e4tt. Att hela denna soppa har politiska motiv och inleddes f\u00f6r snart fem \u00e5r sedan. Det kommer sannolikt att formuleras som &#8221;konspirationstankeg\u00e5ng&#8221;.<\/p>\n<p>Efter samtalet sade hon tack och hej.<\/p>\n<p>&#8221;Men hur ska jag komma hem?&#8221;<\/p>\n<p>&#8221;Det har vi h\u00e4r inget ansvar f\u00f6r.&#8221;<\/p>\n<p>&#8221;Jag har varken mobil eller kontokort. Vad ska jag g\u00f6ra?&#8221;<\/p>\n<p>Hon gick.<\/p>\n<p>Det regnade.<\/p>\n<p>Jag inledde ett samtal med killen i receptionen. Martin hette han. Jag fick l\u00e5na telefonen och visste inte vem jag skulle ringa.<\/p>\n<p>Vem ringer man om man \u00e4r i G\u00f6teborg p\u00e5 ett v\u00e4ldigt annorlunda st\u00e4lle som man aldrig i sin vildaste fantasi hade trott att man skulle bes\u00f6ka under s\u00e5dana h\u00e4r omst\u00e4ndigheter? Vem skulle kunna t\u00e4nka sig att hj\u00e4lpa mig att ta mig fr\u00e5n G\u00f6teborgs utkant hem igen till Helsingborg? Jag kom inte p\u00e5 n\u00e5gon.<\/p>\n<p>Jag v\u00e4ntade. Visste inte hur jag skulle komma hem. Utan mobil, utan bankkort, utan tillh\u00f6righeter.<\/p>\n<p>Jag ringde via receptionen min advokat <a href=\"https:\/\/www.facebook.com\/maria.f.hohenthal?fref=mentions\" data-hovercard=\"\/ajax\/hovercard\/user.php?id=737237179&amp;extragetparams=%7B%22fref%22%3A%22mentions%22%7D\" data-hovercard-prefer-more-content-show=\"1\">Maria Fager Hohenthal<\/a> som bor i Enk\u00f6ping. Hon kontaktade tingsr\u00e4tten som ju hade ansvar f\u00f6r hela situationen och hon fr\u00e5gade hur de t\u00e4nkte l\u00f6sa min hemresa. Domaren svarade goddag yxskaft.<\/p>\n<p>Timmarna gick.<\/p>\n<p>Chefen som jag tror heter William kom f\u00f6rbi receptionen. Fast det kallas nog inte reception utan inpassering eller n\u00e5got liknande. Martin sade att han var portvakt. Jag bad att de skulle ringa Roks.<\/p>\n<p>&#8221;\u00c4r det ett f\u00f6retag?&#8221;<\/p>\n<p>&#8221;Nej. Det \u00e4r Riksorganisationen f\u00f6r kvinnojourer och tjejjourer i Sverige.&#8221;<\/p>\n<p>Jag pratade med <a href=\"https:\/\/www.facebook.com\/jenny.westerstrand?fref=mentions\" data-hovercard=\"\/ajax\/hovercard\/user.php?id=752496563&amp;extragetparams=%7B%22fref%22%3A%22mentions%22%7D\" data-hovercard-prefer-more-content-show=\"1\">Jenny Westerstrand<\/a> som ordnade logistiken till mig.<\/p>\n<p>Det tog n\u00e5gra timmar. Jenny \u00e4ngel bokade ett t\u00e5g till mig. <a href=\"https:\/\/www.facebook.com\/hans.ekbrand?fref=mentions\" data-hovercard=\"\/ajax\/hovercard\/user.php?id=557488453&amp;extragetparams=%7B%22fref%22%3A%22mentions%22%7D\" data-hovercard-prefer-more-content-show=\"1\">Hans Ekbrand<\/a>, en forskare p\u00e5 G\u00f6teborgs universitet l\u00e4ste vad Jenny skrev p\u00e5 Facebook om situationen och l\u00e4mnade sitt arbete f\u00f6r att k\u00f6ra och h\u00e4mta mig.<\/p>\n<p>Jag hade inte f\u00e5tt n\u00e5got att \u00e4ta under hela dagen. Martin portvakts kollega Shanj kom med kaffe till mig. Tv\u00e5 trevliga sympatiska killar som verkade fatta att jag inte borde vara d\u00e4r \u00f6verhuvud taget. Jag och Shanj bytte kontaktuppgifter, han ber\u00e4ttade att han studerar juridik.<\/p>\n<p>I f\u00f6nstret i det lilla v\u00e4ntrummet stod tv\u00e5 krukv\u00e4xter med helt torr jord och bredvid en vit plastkanna med vatten. Jag vattnade de torra blommorna och s\u00e5g symboliken i det.<\/p>\n<p>&#8221;Jag har vattnat era blommor&#8221;, sade jag till Martin. Han h\u00e4mtade en stor fruktkorg och jag fick v\u00e4lja vilken frukt jag ville. Jag tog honom och Shanj i hand med en \u00f6nskan om att ses en annan g\u00e5ng i ett annat sammanhang.<\/p>\n<p>Hans Ekbrand kom, befriade mig och tog p\u00e5 mitt \u00f6nskem\u00e5l ett foto av mig innanf\u00f6r gallret innan vi var ute i friheten igen.<\/p>\n<p>Hans k\u00f6rde mig till Centralen och han bj\u00f6d mig p\u00e5 mat, vatten, kaffe och f\u00f6ljde mig till t\u00e5get. Hur ska jag kunna tacka dig Hans?<\/p>\n<p>Sent p\u00e5 kv\u00e4llen kom jag tillbaka till mitt hem. H\u00e4r l\u00e5g min mobil som jag inte fick med mig och nu kan jag kommunicera med omv\u00e4rlden igen.<\/p>\n<p>Funderar p\u00e5 om jag imorgon ska ringa psykiatrikern igen och be att f\u00e5 komplettera intervjun. Hon fr\u00e5gade om mina fritidsintressen och jag svarade l\u00e4sa och skriva. Jag gl\u00f6mde politiken, att mitt allt uppslukande fritidsintresse har varit att jobba h\u00e5rt politiskt f\u00f6r en b\u00e4ttre v\u00e4rld.<\/p>\nKom ih\u00e5g detta v\u00e4nner:<br \/>\nDet h\u00e4r mot mig har p\u00e5g\u00e5tt f\u00f6r l\u00e4nge nu. Minns vad jag st\u00e5tt f\u00f6r och vad jag har st\u00e5tt upp f\u00f6r.\n\n","protected":false},"excerpt":{"rendered":"<p>Carina S\u00e4llberg 20 juni kl. 23:35 \u00b7 Mina v\u00e4nner. Jag har l\u00e4nge f\u00f6rs\u00f6kt ber\u00e4tta. Jag har f\u00f6rklarat, beskrivit, understrukit, betonat. Jag \u00e4r l\u00e4rare i svenska och journalist och lyckas i min undervisning f\u00f6rklara och n\u00e5 fram med det mesta, men jag har f\u00f6r min omgivning misslyckats med att f\u00f6rklara detta som sker mot mig. Jag&#8230;<\/p>\n","protected":false},"author":1,"featured_media":0,"parent":261,"menu_order":0,"comment_status":"closed","ping_status":"closed","template":"full-width-page.php","meta":{"footnotes":""},"class_list":["post-284","page","type-page","status-publish","hentry"],"_links":{"self":[{"href":"http:\/\/mmstudies.com\/sallberg\/wp-json\/wp\/v2\/pages\/284","targetHints":{"allow":["GET"]}}],"collection":[{"href":"http:\/\/mmstudies.com\/sallberg\/wp-json\/wp\/v2\/pages"}],"about":[{"href":"http:\/\/mmstudies.com\/sallberg\/wp-json\/wp\/v2\/types\/page"}],"author":[{"embeddable":true,"href":"http:\/\/mmstudies.com\/sallberg\/wp-json\/wp\/v2\/users\/1"}],"replies":[{"embeddable":true,"href":"http:\/\/mmstudies.com\/sallberg\/wp-json\/wp\/v2\/comments?post=284"}],"version-history":[{"count":4,"href":"http:\/\/mmstudies.com\/sallberg\/wp-json\/wp\/v2\/pages\/284\/revisions"}],"predecessor-version":[{"id":3189,"href":"http:\/\/mmstudies.com\/sallberg\/wp-json\/wp\/v2\/pages\/284\/revisions\/3189"}],"up":[{"embeddable":true,"href":"http:\/\/mmstudies.com\/sallberg\/wp-json\/wp\/v2\/pages\/261"}],"wp:attachment":[{"href":"http:\/\/mmstudies.com\/sallberg\/wp-json\/wp\/v2\/media?parent=284"}],"curies":[{"name":"wp","href":"https:\/\/api.w.org\/{rel}","templated":true}]}}