{"id":297,"date":"2018-07-10T12:16:37","date_gmt":"2018-07-10T12:16:37","guid":{"rendered":"http:\/\/mmstudies.com\/sallberg\/?page_id=297"},"modified":"2023-08-09T12:14:35","modified_gmt":"2023-08-09T12:14:35","slug":"dujmovic","status":"publish","type":"page","link":"http:\/\/mmstudies.com\/sallberg\/intervju\/dujmovic\/","title":{"rendered":"\u00c5klagarens st\u00e4mningsans\u00f6kan f\u00f6r &#8221;grovt f\u00f6rtal&#8221; mot Robert Dujmovic"},"content":{"rendered":"\n\n\t<p>\u00c5KLAGARENS \u00a0ST\u00c4MNINGSANS\u00d6KAN F\u00d6R &#8221;GROVT F\u00d6RTAL&#8221; GENTEMOT\u00a0HD-REPORTERN\u00a0ROBERT DUJMOVIC<\/p>\n\t\t\t\t<img loading=\"lazy\" decoding=\"async\" src=\"http:\/\/mmstudies.com\/sallberg\/wp-content\/uploads\/sites\/13\/2018\/08\/36859037_2258071964208105_7816684738910879744_n.jpg\" alt=\"36859037_2258071964208105_7816684738910879744_n\" itemprop=\"image\" height=\"960\" width=\"720\" title=\"36859037_2258071964208105_7816684738910879744_n\" onerror=\"this.style.display='none'\"  \/>\n\t\t\t\t<img loading=\"lazy\" decoding=\"async\" src=\"http:\/\/mmstudies.com\/sallberg\/wp-content\/uploads\/sites\/13\/2018\/07\/36800254_2258072190874749_5100784142337966080_n.jpg\" alt=\"36800254_2258072190874749_5100784142337966080_n\" itemprop=\"image\" height=\"960\" width=\"720\" title=\"36800254_2258072190874749_5100784142337966080_n\" onerror=\"this.style.display='none'\"  \/>\nCARINA S\u00c4LLBERGS DEMENTI P\u00c5 INSTAGRAM OCH FACEBOOK \u00a01 december 2017\n<a title=\"jesuiscarina\" href=\"https:\/\/www.instagram.com\/jesuiscarina\/\">jesuiscarina<\/a>\nTrots denna min dementi p\u00e5 b\u00e5de Facebook och Instagram den 1 december har jag ig\u00e5r \u00e5talats f\u00f6r att grovt ha f\u00f6rtalat HD:s reporter Robert Dujmovic, vilken i flera \u00e5r p\u00e5 ett maniskt s\u00e4tt har smutskastat mitt namn. Jag \u00e4r \u00e5talad f\u00f6r min satir, n\u00e5gra rader i kommentarsf\u00e4lten d\u00e4r jag driver med honom, p\u00e5 min egen Facebook-sida den 17 november f\u00f6rra \u00e5ret. En sida som flitigt l\u00e4ses av samma Robert. Alla utom Robert f\u00f6rstod att det var satir. Nu \u00e4r han kr\u00e4nkt man och vill ha skadest\u00e5nd.\n<ul>\n<li>\n<a title=\"madya_se_\" href=\"https:\/\/www.instagram.com\/madya_se_\/\">madya_se_<\/a>En stor \u00e4ra skulle ha varit f\u00f6r honom om han hade en s\u00e5 vacker kvinna som du! Han \u00e4r idiot! Du \u00e4r s\u00e5 snygg! \ud83d\ude0d\n<\/li>\n<li>\n<a title=\"minime8501\" href=\"https:\/\/www.instagram.com\/minime8501\/\">minime8501<\/a>M\u00e4n \u00e4r l\u00e4ttkr\u00e4nkta idag. Folk hade skakat p\u00e5 huvudet om det varit tv\u00e4rt om. Dvs en kvinnlig journalist o en man hade skojat som du gjorde\n<\/li>\n<\/ul>\n\t\t\t\t<a href=\"https:\/\/www.instagram.com\/p\/BhKd7G_hjWf\/?hl=en&#038;taken-by=jesuiscarina\" target=\"_self\" itemprop=\"url\" rel=\"noopener\">\n\t\t\t\t<img loading=\"lazy\" decoding=\"async\" src=\"http:\/\/mmstudies.com\/sallberg\/wp-content\/uploads\/sites\/13\/2018\/08\/Sk\u00e4rmavbild-2018-08-02-kl.-00.42.45.png\" alt=\"Sk\u00e4rmavbild 2018-08-02 kl. 00.42.45\" itemprop=\"image\" height=\"988\" width=\"1280\" title=\"Sk\u00e4rmavbild 2018-08-02 kl. 00.42.45\" onerror=\"this.style.display='none'\"  \/>\n\t\t\t\t<\/a>\n\n","protected":false},"excerpt":{"rendered":"<p>\u00c5KLAGARENS \u00a0ST\u00c4MNINGSANS\u00d6KAN F\u00d6R &#8221;GROVT F\u00d6RTAL&#8221; GENTEMOT\u00a0HD-REPORTERN\u00a0ROBERT DUJMOVIC CARINA S\u00c4LLBERGS DEMENTI P\u00c5 INSTAGRAM OCH FACEBOOK \u00a01 december 2017 jesuiscarina Trots denna min dementi p\u00e5 b\u00e5de Facebook och Instagram den 1 december har jag ig\u00e5r \u00e5talats f\u00f6r att grovt ha f\u00f6rtalat HD:s reporter Robert Dujmovic, vilken i flera \u00e5r p\u00e5 ett maniskt s\u00e4tt har smutskastat mitt namn&#8230;.<\/p>\n","protected":false},"author":1,"featured_media":0,"parent":120,"menu_order":0,"comment_status":"closed","ping_status":"closed","template":"full-width-page.php","meta":{"footnotes":""},"class_list":["post-297","page","type-page","status-publish","hentry"],"_links":{"self":[{"href":"http:\/\/mmstudies.com\/sallberg\/wp-json\/wp\/v2\/pages\/297","targetHints":{"allow":["GET"]}}],"collection":[{"href":"http:\/\/mmstudies.com\/sallberg\/wp-json\/wp\/v2\/pages"}],"about":[{"href":"http:\/\/mmstudies.com\/sallberg\/wp-json\/wp\/v2\/types\/page"}],"author":[{"embeddable":true,"href":"http:\/\/mmstudies.com\/sallberg\/wp-json\/wp\/v2\/users\/1"}],"replies":[{"embeddable":true,"href":"http:\/\/mmstudies.com\/sallberg\/wp-json\/wp\/v2\/comments?post=297"}],"version-history":[{"count":17,"href":"http:\/\/mmstudies.com\/sallberg\/wp-json\/wp\/v2\/pages\/297\/revisions"}],"predecessor-version":[{"id":3228,"href":"http:\/\/mmstudies.com\/sallberg\/wp-json\/wp\/v2\/pages\/297\/revisions\/3228"}],"up":[{"embeddable":true,"href":"http:\/\/mmstudies.com\/sallberg\/wp-json\/wp\/v2\/pages\/120"}],"wp:attachment":[{"href":"http:\/\/mmstudies.com\/sallberg\/wp-json\/wp\/v2\/media?parent=297"}],"curies":[{"name":"wp","href":"https:\/\/api.w.org\/{rel}","templated":true}]}}