{"id":405,"date":"2018-07-13T14:51:43","date_gmt":"2018-07-13T14:51:43","guid":{"rendered":"http:\/\/mmstudies.com\/sallberg\/?page_id=405"},"modified":"2019-01-09T21:03:43","modified_gmt":"2019-01-09T21:03:43","slug":"atal-aklagare","status":"publish","type":"page","link":"http:\/\/mmstudies.com\/sallberg\/mal4019-16\/atal-aklagare\/","title":{"rendered":"Carina S\u00e4llbergs st\u00e4mningsans\u00f6kan mot \u00e5klagare om falskt \u00e5tal i m\u00e5l B 4019-16 f\u00f6r olaga f\u00f6rf\u00f6ljelse"},"content":{"rendered":"\n\t<p>&nbsp;<\/p>\n<p>CARINA S\u00c4LLBERGS ST\u00c4MNINGSANS\u00d6KAN MOT \u00c5KLAGARE OM FALSKT \u00c5TAL I M\u00c5L B \u00a04019 &#8211; 13 F\u00d6R OLAGA F\u00d6RF\u00d6LJELSE<\/p>\n\t<h2>CARINA F\u00d6RKLARAR:<\/h2>\n<p>Tingsr\u00e4tten r\u00e4knar mitt f\u00f6rsta mail, som ni ser h\u00e4r nedan fr\u00e5n den 18 maj 2018, om att det har v\u00e4ckts ett falskt \u00e5tal som min st\u00e4mningsans\u00f6kan mot \u00e5klagaren. Jag ville f\u00f6rst p\u00e5tala tingsr\u00e4ttens m\u00f6jlighet att sj\u00e4lv agera mot \u00e5klagare Per Axel Ros\u00e9n Beck som l\u00e4mnat in en st\u00e4mning om grovt brott p\u00e5 dokument som han mycket v\u00e4l k\u00e4nde till var producerade av m\u00e5ls\u00e4gande Niklas sj\u00e4lv och manipulerade.<\/p>\n<p>Den 22 maj 2018 skickade jag in st\u00e4mningsans\u00f6kan med formell och korrekt uppst\u00e4llning, det vill s\u00e4ga inneh\u00e5llande ansvarsyrkanden, g\u00e4rningsbeskrivning, lagrum samt muntlig och skriftlig bevisning.<\/p>\n<p>R\u00e4tteg\u00e5ngen p\u00e5b\u00f6rjades den 21 maj 2018. Tingsr\u00e4tten var skyldig att hantera min talan om falskt \u00e5tal, vilket i detta fall kallas <strong><a href=\"http:\/\/mmstudies.com\/sallberg\/mal4019-16\/rekonventionstalan\/\">rekonventionstalan. (Scrolla \u00e4ven l\u00e4ngst ner p\u00e5 sidan!) <\/a><\/strong><\/p>\n<p>Rekonventionstalan \u00e4r mycket ovanligt f\u00f6rekommande. Man m\u00e5ste vara s\u00e4ker p\u00e5 sin sak, ha god bevisning, kunna lag och juridik, kunna processordning, kunna uttrycka sig, kunna f\u00f6ra sin egen talan.<\/p>\n<p>Hanteringen hittills har inte varit den b\u00e4sta av tingsr\u00e4tten. M\u00e5let \u00e4r registrerat som falskt \u00e5tal och falsk tillvitelse under m\u00e5lnr B 2977-18. Tilltalad \u00e4r kammar\u00e5klagare Per Axel Ros\u00e9n Beck och eftersom rollerna h\u00e4r \u00e4r ombytta \u00e4r jag m\u00e5ls\u00e4gande.<\/p>\n<p>\u00c5klagare Per Axel Ros\u00e9n Beck som allts\u00e5 nu fick rollen som tilltalad i m\u00e5l B 2977-18 fick fr\u00e5gan om han erk\u00e4nde eller f\u00f6rnekade brott. Han f\u00f6rnekade brott, men f\u00f6ref\u00f6ll stressad \u00f6ver en situation han inte alls hade r\u00e4knat med n\u00e4r han missbrukade sin makt.<\/p>\n<p>Domare Nicklas S\u00f6derberg gav honom all hj\u00e4lp som br\u00f6der i patriarkatet kan ge i en s\u00e5dan situation. Domaren behandlade m\u00e5let genom att omg\u00e5ende meddela att alla mina vittnen i m\u00e5let avvisades.<\/p>\n<p>D\u00e4refter l\u00e4t han inte mig sk\u00f6ta sakframst\u00e4llan utan l\u00e4ste sj\u00e4lv upp de ansvarsyrkanden jag angett och delar av den f\u00f6rsta g\u00e4rningsbeskrivningen. Detta skedde p\u00e5 ett sl\u00e4ngigt och arrogant s\u00e4tt med inskjutna nedl\u00e5tande kommentarer. N\u00e4r jag bad om att f\u00e5 ordet ombads jag att vara tyst.<\/p>\n<p>Jag fick till sist st\u00e4lla n\u00e5gra fr\u00e5gor till \u00e5klagare Per Axel Ros\u00e9n Beck i ett framstressat partsf\u00f6rh\u00f6r d\u00e4r domaren kommenterade mina fr\u00e5gor eller avbr\u00f6t. Detta f\u00f6rh\u00f6r finns inspelat och kan best\u00e4llas fr\u00e5n tingsr\u00e4tten. Per Axel Ros\u00e9n Beck ersattes i r\u00e4tteg\u00e5ngen av sin n\u00e4rmaste chef, vice chefs\u00e5klagare Tomas Elofsson och en extra \u00e5klagare Emma Adolfsson, vilken domare Nicklas S\u00f6derberg ben\u00e4mnde &#8221;sidekick&#8221;.<\/p>\n<p>Rekonventionstalan sk\u00f6ts in i den andra r\u00e4tteg\u00e5ngen mot mig och man f\u00f6rs\u00f6kte f\u00e5 denna del undanst\u00f6kad s\u00e5 fort som m\u00f6jligt och osynliggjord. Jag tror detta \u00e5tal mot \u00e5klagaren fick cirka femton minuter totalt.<\/p>\n<p>R\u00e4tteg\u00e5ngen mot mig fick sex heldagar: 21, 22, 23, 30, 31 maj, 28 juni och \u00e4r \u00e4nnu inte avslutad.<\/p>\n<p>Jag behandlades under r\u00e4tteg\u00e5ngen fullst\u00e4ndigt h\u00e4nsynsl\u00f6st av \u00e5klagarna och domaren i m\u00e5let.<\/p>\n<p>Av den muntliga bevisning som avvisades, dvs vittnena, framg\u00e5r vad jag ville f\u00e5 fram i min talan om att det har v\u00e4ckts ett falskt \u00e5tal.<\/p>\n<p>\u00c5talet \u00e4r falskt och det \u00f6vergripande motivet \u00e4r politiskt.<\/p>\n\t<h2><a href=\"http:\/\/mmstudies.com\/sallberg\/rekonventionstalan-olaga-forfoljelse\/\">Carina S\u00e4llbegs rekonventionstalan finner ni h\u00e4r\u00a0\u00bb<\/a><\/h2>\n\t\t\t\t<img loading=\"lazy\" decoding=\"async\" src=\"http:\/\/mmstudies.com\/sallberg\/wp-content\/uploads\/sites\/13\/2018\/08\/Sk\u00e4rmavbild-2018-08-17-kl.-17.34.24.png\" alt=\"Sk\u00e4rmavbild 2018-08-17 kl. 17.34.24\" itemprop=\"image\" height=\"855\" width=\"1280\" title=\"Sk\u00e4rmavbild 2018-08-17 kl. 17.34.24\"  \/>\n\t\t\t\t<img loading=\"lazy\" decoding=\"async\" src=\"http:\/\/mmstudies.com\/sallberg\/wp-content\/uploads\/sites\/13\/2018\/08\/Sk\u00e4rmavbild-2018-08-17-kl.-17.34.40.png\" alt=\"Sk\u00e4rmavbild 2018-08-17 kl. 17.34.40\" itemprop=\"image\" height=\"900\" width=\"1280\" title=\"Sk\u00e4rmavbild 2018-08-17 kl. 17.34.40\"  \/>\n\t\t\t\t<img loading=\"lazy\" decoding=\"async\" src=\"http:\/\/mmstudies.com\/sallberg\/wp-content\/uploads\/sites\/13\/2018\/08\/Sk\u00e4rmavbild-2018-08-17-kl.-17.36.01.png\" alt=\"Sk\u00e4rmavbild 2018-08-17 kl. 17.36.01\" itemprop=\"image\" height=\"873\" width=\"1280\" title=\"Sk\u00e4rmavbild 2018-08-17 kl. 17.36.01\"  \/>\n\t\t\t\t<img loading=\"lazy\" decoding=\"async\" src=\"http:\/\/mmstudies.com\/sallberg\/wp-content\/uploads\/sites\/13\/2018\/08\/Sk\u00e4rmavbild-2018-08-17-kl.-17.36.08.png\" alt=\"Sk\u00e4rmavbild 2018-08-17 kl. 17.36.08\" itemprop=\"image\" height=\"539\" width=\"1280\" title=\"Sk\u00e4rmavbild 2018-08-17 kl. 17.36.08\"  \/>\n\t\t\t\t<img loading=\"lazy\" decoding=\"async\" src=\"http:\/\/mmstudies.com\/sallberg\/wp-content\/uploads\/sites\/13\/2018\/07\/Sk\u00e4rmavbild-2018-07-13-kl.-16.47.18.png\" alt=\"Sk\u00e4rmavbild 2018-07-13 kl. 16.47.18\" itemprop=\"image\" height=\"457\" width=\"899\" title=\"Sk\u00e4rmavbild 2018-07-13 kl. 16.47.18\"  \/>\n\t\t\t\t<img loading=\"lazy\" decoding=\"async\" src=\"http:\/\/mmstudies.com\/sallberg\/wp-content\/uploads\/sites\/13\/2018\/08\/Sk\u00e4rmavbild-2018-08-17-kl.-17.03.00.png\" alt=\"Sk\u00e4rmavbild 2018-08-17 kl. 17.03.00\" itemprop=\"image\" height=\"672\" width=\"1266\" title=\"Sk\u00e4rmavbild 2018-08-17 kl. 17.03.00\"  \/>\n\t\t\t\t<img loading=\"lazy\" decoding=\"async\" src=\"http:\/\/mmstudies.com\/sallberg\/wp-content\/uploads\/sites\/13\/2018\/08\/Sk\u00e4rmavbild-2018-08-17-kl.-17.03.12.png\" alt=\"Sk\u00e4rmavbild 2018-08-17 kl. 17.03.12\" itemprop=\"image\" height=\"651\" width=\"1280\" title=\"Sk\u00e4rmavbild 2018-08-17 kl. 17.03.12\"  \/>\n\t\t\t\t<img loading=\"lazy\" decoding=\"async\" src=\"http:\/\/mmstudies.com\/sallberg\/wp-content\/uploads\/sites\/13\/2018\/08\/Sk\u00e4rmavbild-2018-08-17-kl.-17.03.22.png\" alt=\"Sk\u00e4rmavbild 2018-08-17 kl. 17.03.22\" itemprop=\"image\" height=\"678\" width=\"1280\" title=\"Sk\u00e4rmavbild 2018-08-17 kl. 17.03.22\"  \/>\n\t\t\t\t<img loading=\"lazy\" decoding=\"async\" src=\"http:\/\/mmstudies.com\/sallberg\/wp-content\/uploads\/sites\/13\/2018\/07\/Sk\u00e4rmavbild-2018-07-13-kl.-17.20.56.png\" alt=\"Sk\u00e4rmavbild 2018-07-13 kl. 17.20.56\" itemprop=\"image\" height=\"376\" width=\"888\" title=\"Sk\u00e4rmavbild 2018-07-13 kl. 17.20.56\"  \/>\n\t\t\t\t<img loading=\"lazy\" decoding=\"async\" src=\"http:\/\/mmstudies.com\/sallberg\/wp-content\/uploads\/sites\/13\/2018\/07\/Sk\u00e4rmavbild-2018-07-13-kl.-17.24.26-1.png\" alt=\"Sk\u00e4rmavbild 2018-07-13 kl. 17.24.26\" itemprop=\"image\" height=\"477\" width=\"888\" title=\"Sk\u00e4rmavbild 2018-07-13 kl. 17.24.26\"  \/>\n\t<h1><b>Carina S\u00e4llbergs rekonventionstalan om f\u00f6r falskt \u00e5tal mot \u00e5klagare i m\u00e5l B 4019-16 f\u00f6r olaga f\u00f6rf\u00f6ljelse<\/b><\/h1>\n\t\t\t\t<img loading=\"lazy\" decoding=\"async\" src=\"http:\/\/mmstudies.com\/sallberg\/wp-content\/uploads\/sites\/13\/2019\/01\/Sk\u00e4rmavbild-2018-07-13-kl.-17.35.21-1.png\" alt=\"Sk\u00e4rmavbild-2018-07-13-kl.-17.35.21-1\" itemprop=\"image\" height=\"458\" width=\"854\" title=\"Sk\u00e4rmavbild-2018-07-13-kl.-17.35.21-1\"  \/>\n\t\t\t\t<img loading=\"lazy\" decoding=\"async\" src=\"http:\/\/mmstudies.com\/sallberg\/wp-content\/uploads\/sites\/13\/2019\/01\/Sk\u00e4rmavbild-2018-07-13-kl.-17.35.30.png\" alt=\"Sk\u00e4rmavbild-2018-07-13-kl.-17.35.30\" itemprop=\"image\" height=\"477\" width=\"855\" title=\"Sk\u00e4rmavbild-2018-07-13-kl.-17.35.30\"  \/>\n\t\t\t\t<img loading=\"lazy\" decoding=\"async\" src=\"http:\/\/mmstudies.com\/sallberg\/wp-content\/uploads\/sites\/13\/2019\/01\/Sk\u00e4rmavbild-2018-07-13-kl.-17.36.02.png\" alt=\"Sk\u00e4rmavbild-2018-07-13-kl.-17.36.02\" itemprop=\"image\" height=\"447\" width=\"857\" title=\"Sk\u00e4rmavbild-2018-07-13-kl.-17.36.02\"  \/>\n\t\t\t\t<img loading=\"lazy\" decoding=\"async\" src=\"http:\/\/mmstudies.com\/sallberg\/wp-content\/uploads\/sites\/13\/2019\/01\/Sk\u00e4rmavbild-2018-07-13-kl.-17.36.23.png\" alt=\"Sk\u00e4rmavbild-2018-07-13-kl.-17.36.23\" itemprop=\"image\" height=\"471\" width=\"854\" title=\"Sk\u00e4rmavbild-2018-07-13-kl.-17.36.23\"  \/>\n\t\t\t\t<img decoding=\"async\" src=\"http:\/\/mmstudies.com\/sallberg\/wp-content\/plugins\/beaver-builder-lite-version\/img\/pixel.png\" alt=\"\" itemprop=\"image\"  \/>\n","protected":false},"excerpt":{"rendered":"<p>&nbsp; CARINA S\u00c4LLBERGS ST\u00c4MNINGSANS\u00d6KAN MOT \u00c5KLAGARE OM FALSKT \u00c5TAL I M\u00c5L B \u00a04019 &#8211; 13 F\u00d6R OLAGA F\u00d6RF\u00d6LJELSE CARINA F\u00d6RKLARAR: Tingsr\u00e4tten r\u00e4knar mitt f\u00f6rsta mail, som ni ser h\u00e4r nedan fr\u00e5n den 18 maj 2018, om att det har v\u00e4ckts ett falskt \u00e5tal som min st\u00e4mningsans\u00f6kan mot \u00e5klagaren. Jag ville f\u00f6rst p\u00e5tala tingsr\u00e4ttens m\u00f6jlighet att&#8230;<\/p>\n","protected":false},"author":1,"featured_media":0,"parent":1160,"menu_order":0,"comment_status":"closed","ping_status":"closed","template":"full-width-page.php","meta":{"footnotes":""},"class_list":["post-405","page","type-page","status-publish","hentry"],"_links":{"self":[{"href":"http:\/\/mmstudies.com\/sallberg\/wp-json\/wp\/v2\/pages\/405","targetHints":{"allow":["GET"]}}],"collection":[{"href":"http:\/\/mmstudies.com\/sallberg\/wp-json\/wp\/v2\/pages"}],"about":[{"href":"http:\/\/mmstudies.com\/sallberg\/wp-json\/wp\/v2\/types\/page"}],"author":[{"embeddable":true,"href":"http:\/\/mmstudies.com\/sallberg\/wp-json\/wp\/v2\/users\/1"}],"replies":[{"embeddable":true,"href":"http:\/\/mmstudies.com\/sallberg\/wp-json\/wp\/v2\/comments?post=405"}],"version-history":[{"count":15,"href":"http:\/\/mmstudies.com\/sallberg\/wp-json\/wp\/v2\/pages\/405\/revisions"}],"predecessor-version":[{"id":2609,"href":"http:\/\/mmstudies.com\/sallberg\/wp-json\/wp\/v2\/pages\/405\/revisions\/2609"}],"up":[{"embeddable":true,"href":"http:\/\/mmstudies.com\/sallberg\/wp-json\/wp\/v2\/pages\/1160"}],"wp:attachment":[{"href":"http:\/\/mmstudies.com\/sallberg\/wp-json\/wp\/v2\/media?parent=405"}],"curies":[{"name":"wp","href":"https:\/\/api.w.org\/{rel}","templated":true}]}}