{"id":425,"date":"2018-07-13T15:39:50","date_gmt":"2018-07-13T15:39:50","guid":{"rendered":"http:\/\/mmstudies.com\/sallberg\/?page_id=425"},"modified":"2019-01-20T18:43:35","modified_gmt":"2019-01-20T18:43:35","slug":"rekonventionstalan","status":"publish","type":"page","link":"http:\/\/mmstudies.com\/sallberg\/mal4019-16\/rekonventionstalan\/","title":{"rendered":"Carina S\u00e4llbergs rekonventionstalan om f\u00f6r falskt \u00e5tal mot \u00e5klagare i m\u00e5l B 4019-16 f\u00f6r olaga f\u00f6rf\u00f6ljelse"},"content":{"rendered":"\n\t<h1>Carina S\u00e4llbergs rekonventionstalan om f\u00f6r falskt \u00e5tal mot \u00e5klagare i m\u00e5l B 4019-16 f\u00f6r olaga f\u00f6rf\u00f6ljelse<\/h1>\n\t\t\t\t<img loading=\"lazy\" decoding=\"async\" src=\"http:\/\/mmstudies.com\/sallberg\/wp-content\/uploads\/sites\/13\/2018\/07\/Sk\u00e4rmavbild-2018-07-13-kl.-17.35.21-1.png\" alt=\"Sk\u00e4rmavbild 2018-07-13 kl. 17.35.21\" itemprop=\"image\" height=\"458\" width=\"854\" title=\"Sk\u00e4rmavbild 2018-07-13 kl. 17.35.21\"  \/>\n\t\t\t\t<img loading=\"lazy\" decoding=\"async\" src=\"http:\/\/mmstudies.com\/sallberg\/wp-content\/uploads\/sites\/13\/2018\/07\/Sk\u00e4rmavbild-2018-07-13-kl.-17.35.30.png\" alt=\"Sk\u00e4rmavbild 2018-07-13 kl. 17.35.30\" itemprop=\"image\" height=\"477\" width=\"855\" title=\"Sk\u00e4rmavbild 2018-07-13 kl. 17.35.30\"  \/>\n\t\t\t\t<img loading=\"lazy\" decoding=\"async\" src=\"http:\/\/mmstudies.com\/sallberg\/wp-content\/uploads\/sites\/13\/2018\/07\/Sk\u00e4rmavbild-2018-07-13-kl.-19.28.41.png\" alt=\"Sk\u00e4rmavbild 2018-07-13 kl. 19.28.41\" itemprop=\"image\" height=\"331\" width=\"1024\" title=\"Sk\u00e4rmavbild 2018-07-13 kl. 19.28.41\"  \/>\n\t\t\t\t<img loading=\"lazy\" decoding=\"async\" src=\"http:\/\/mmstudies.com\/sallberg\/wp-content\/uploads\/sites\/13\/2018\/07\/Sk\u00e4rmavbild-2018-07-13-kl.-17.36.02.png\" alt=\"Sk\u00e4rmavbild 2018-07-13 kl. 17.36.02\" itemprop=\"image\" height=\"447\" width=\"857\" title=\"Sk\u00e4rmavbild 2018-07-13 kl. 17.36.02\"  \/>\n\t\t\t\t<img loading=\"lazy\" decoding=\"async\" src=\"http:\/\/mmstudies.com\/sallberg\/wp-content\/uploads\/sites\/13\/2018\/07\/Sk\u00e4rmavbild-2018-07-13-kl.-17.36.23.png\" alt=\"Sk\u00e4rmavbild 2018-07-13 kl. 17.36.23\" itemprop=\"image\" height=\"471\" width=\"854\" title=\"Sk\u00e4rmavbild 2018-07-13 kl. 17.36.23\"  \/>\n","protected":false},"excerpt":{"rendered":"<p>Carina S\u00e4llbergs rekonventionstalan om f\u00f6r falskt \u00e5tal mot \u00e5klagare i m\u00e5l B 4019-16 f\u00f6r olaga f\u00f6rf\u00f6ljelse<\/p>\n","protected":false},"author":1,"featured_media":0,"parent":1160,"menu_order":0,"comment_status":"closed","ping_status":"closed","template":"full-width-page.php","meta":{"footnotes":""},"class_list":["post-425","page","type-page","status-publish","hentry"],"_links":{"self":[{"href":"http:\/\/mmstudies.com\/sallberg\/wp-json\/wp\/v2\/pages\/425","targetHints":{"allow":["GET"]}}],"collection":[{"href":"http:\/\/mmstudies.com\/sallberg\/wp-json\/wp\/v2\/pages"}],"about":[{"href":"http:\/\/mmstudies.com\/sallberg\/wp-json\/wp\/v2\/types\/page"}],"author":[{"embeddable":true,"href":"http:\/\/mmstudies.com\/sallberg\/wp-json\/wp\/v2\/users\/1"}],"replies":[{"embeddable":true,"href":"http:\/\/mmstudies.com\/sallberg\/wp-json\/wp\/v2\/comments?post=425"}],"version-history":[{"count":11,"href":"http:\/\/mmstudies.com\/sallberg\/wp-json\/wp\/v2\/pages\/425\/revisions"}],"predecessor-version":[{"id":2642,"href":"http:\/\/mmstudies.com\/sallberg\/wp-json\/wp\/v2\/pages\/425\/revisions\/2642"}],"up":[{"embeddable":true,"href":"http:\/\/mmstudies.com\/sallberg\/wp-json\/wp\/v2\/pages\/1160"}],"wp:attachment":[{"href":"http:\/\/mmstudies.com\/sallberg\/wp-json\/wp\/v2\/media?parent=425"}],"curies":[{"name":"wp","href":"https:\/\/api.w.org\/{rel}","templated":true}]}}