{"id":462,"date":"2018-07-14T13:47:11","date_gmt":"2018-07-14T13:47:11","guid":{"rendered":"http:\/\/mmstudies.com\/sallberg\/?page_id=462"},"modified":"2019-02-28T13:59:38","modified_gmt":"2019-02-28T13:59:38","slug":"kvinnorattskampe","status":"publish","type":"page","link":"http:\/\/mmstudies.com\/sallberg\/about\/kvinnorattskampe\/","title":{"rendered":"Carinas tidigare politiska engagemang som barn &#8211; och kvinnor\u00e4ttsk\u00e4mpe"},"content":{"rendered":"\n\t<h1>BARN &#8211; OCH \u00a0KVINNOR\u00c4TTSK\u00c4MPEN CARINA S\u00c4LLBERG<\/h1>\n\t\t\t\t<img loading=\"lazy\" decoding=\"async\" src=\"http:\/\/mmstudies.com\/sallberg\/wp-content\/uploads\/sites\/13\/2018\/10\/43195760_2396958910319409_8253625999749545984_n.jpg\" alt=\"43195760_2396958910319409_8253625999749545984_n\" itemprop=\"image\" height=\"960\" width=\"666\" title=\"43195760_2396958910319409_8253625999749545984_n\" onerror=\"this.style.display='none'\"  \/>\n\t<p>Tidigare omskriven som en eldsj\u00e4l \u00a0i Helsingborgs Dagblad, men de senaste fem \u00e5ren ist\u00e4llet av samma tidning osk\u00e4ligen uth\u00e4ngd som en &#8221;brottsling&#8221;.\u00a0<\/p>\n<p>Inte tu tal om saken att barns &#8211; och kvinnor\u00e4ttsk\u00e4mpar lever farligt i detta land. Och det \u00e4r jag, hemsidans innehavare som h\u00e4vdar det och inte Carina S\u00e4llberg sj\u00e4lv, och hoppas att inte \u00e4ven jag blir insp\u00e4rrad p\u00e5 r\u00e4ttsspsyk som &#8221;paranoid&#8221; f\u00f6r att jag h\u00e4vdar det.<\/p>\n\t<h2><a href=\"https:\/\/www.hd.se\/helsingborg\">HELSINGBORGS DAGBLAD \u00a0<\/a><time datetime=\"2005-03-18T10:46:53.000Z\">18 mars 2005 11:46<\/time><\/h2>\n<h2><\/h2>\n<h2><a href=\"https:\/\/www.hd.se\/2005-03-18\/hon-kampar-for-barnens-rattsakerhet\">Hon k\u00e4mpar f\u00f6r barnens r\u00e4tts\u00e4kerhet<\/a><\/h2>\n<p>Kvinnor som misshandlas. Barn som uts\u00e4tts f\u00f6r sexuella \u00f6vergrepp. Det \u00e4r i sv\u00e5ra, livsavg\u00f6rande situationer Carina S\u00e4llberg finner en uppgift.<\/p>\n<p>Av:<\/p>\n<a href=\"https:\/\/www.hd.se\/skribent\/peter-carlson\">Peter Carlson<\/a>\n\t\t\t\t<img loading=\"lazy\" decoding=\"async\" src=\"http:\/\/mmstudies.com\/sallberg\/wp-content\/uploads\/sites\/13\/2018\/07\/O0l6iynaAgmxVPrcx4cP5Ht7gfk.jpg\" alt=\"O0l6iynaAgmxVPrcx4cP5Ht7gfk\" itemprop=\"image\" height=\"588\" width=\"980\" title=\"O0l6iynaAgmxVPrcx4cP5Ht7gfk\" onerror=\"this.style.display='none'\"  \/>\n\t<p>Citat ur artikeln om barns &#8211; kvinnor\u00e4ttsk\u00e4mpen Carina S\u00e4llberg i Helsingborgs Dagblad:<\/p>\n<p>&nbsp;<\/p>\n<p><em>\u2014 Jag tycker att man ska ha civilkurage och v\u00e5ga k\u00e4mpa f\u00f6r r\u00e4ttvisa. M\u00e5nga sk\u00e4nker pengar till v\u00e4lg\u00f6renhet, men det \u00e4r ocks\u00e5 viktigt att k\u00e4nna ett personligt ansvar f\u00f6r medm\u00e4nniskor som far illa. Det finns en r\u00e4dsla f\u00f6r att engagera sig i andras lidande, man s\u00e4tter upp skygglappar.<\/em><\/p>\n\t<p><strong>Carina S\u00e4llberg kommenterar artikeln den 14 juli 2018 p\u00e5 sin Facebooksida med f\u00f6ljande:<\/strong><\/p>\n<p>&nbsp;<\/p>\n<p><em>J\u00e4mst\u00e4lldhet, r\u00e4ttss\u00e4kerhet och ett kunskapssamh\u00e4lle fritt fr\u00e5n maktmissbruk &#8211; det angav jag som mina tre hj\u00e4rtefr\u00e5gor n\u00e4r jag f\u00f6r andra g\u00e5ngen kandiderade till riksdagen 2014.<\/em><\/p>\n<p>&nbsp;<\/p>\n<p>Jag hittade en artikel som ingick i en serie om <strong><a href=\"https:\/\/www.hd.se\/2005-03-18\/hon-kampar-for-barnens-rattsakerhet\">&#8221;eldsj\u00e4lar&#8221; i Helsingborgs Dagblad<\/a><a href=\"https:\/\/www.hd.se\/2005-03-18\/hon-kampar-for-barnens-rattsakerhet\">,\u00a0<\/a><\/strong>2005. Journalisten Peter Carlsson skrev efter att ha f\u00e5tt n\u00e5gons f\u00f6rslag att intervjua mig.<\/p>\n<p>&nbsp;<\/p>\n<p>I slutet av det \u00e5ret tryckte jag min bok om FN:s konvention om barnets r\u00e4ttigheter. I b\u00f6rjan av 2006 k\u00f6ptes stor del av upplagan av R\u00e4dda Barnen som sedan s\u00e5lde den i sin bokhandel. Boken anv\u00e4ndes \u00e4ven p\u00e5 rektorsutbildningen i Malm\u00f6. Jag b\u00f6rjade engagera mig politiskt och blev aktiv i Folkpartiet 2006. Samma \u00e5r valdes jag in i den lokala partistyrelsen och valdes ocks\u00e5 till n\u00e4mndeman i Helsingborgs tingsr\u00e4tt. Det uppdraget hade jag i fyra \u00e5r och i partistyrelsen satt jag i \u00e5tta \u00e5r. I FP som blev L var jag ansvarig f\u00f6r den ut\u00e5triktade verksamheten, skrev handlingsprogram, satt i presidiet och var i \u00e5tta \u00e5r s\u00e4kerhetsansvarig f\u00f6r partiet och dess arrangemang. Det var jag \u00e4nda fram till 2017.<\/p>\n<p>&nbsp;<\/p>\n<p><strong>Barnr\u00e4ttsf\u00f6reningen Kobra lades ned efter att ha utsatts f\u00f6r trakasserier.<\/strong> <\/p>\n<p>&nbsp;<\/p>\n<p>Arbetet blev alltf\u00f6r tungt. Jag l\u00e4rde mig hur farligt det kan vara att st\u00f6dja kvinnor vars barn utsatts f\u00f6r sexuella \u00f6vergrepp. M\u00e4n utsatte f\u00f6reningen p\u00e5 diverse s\u00e4tt och till den jourtelefon vi bemannat med juridikstuderande ringde m\u00e4n f\u00f6r att anklaga kvinnorna de utsatt f\u00f6r v\u00e5ld. Innan f\u00f6reningen lade ned verksamheten arrangerades dock tv\u00e5 st\u00f6rre mycket v\u00e4lbes\u00f6kta seminarier i Helsingborg p\u00e5 Marina Plaza med professionella f\u00f6rel\u00e4sare, flera forskare. Det var 2008 och 2009. Det ena seminariet handlade om sexuella \u00f6vergrepp mot barn och det andra om barn som bevittnat v\u00e5ld.<\/p>\n<p>&nbsp;<\/p>\n<p><strong>Under 2005-2007 var jag styrelseledamot i Roks, Riksorganisationen f\u00f6r kvinnojourer och tjejjourer i Sverige<\/strong>. <\/p>\n<p>&nbsp;<\/p>\n<p>\u00c5ren d\u00e4r fick mig att inse vidden av problemet och att m\u00e4ns v\u00e5ld mot kvinnor och barn definitivt \u00e4r samh\u00e4llets viktigaste j\u00e4mst\u00e4lldhetsfr\u00e5ga.<\/p>\n<p>&nbsp;<\/p>\n<p>Detta gav mig politisk drivkraft att vilja f\u00f6r\u00e4ndra. J\u00e4mst\u00e4lldhet, r\u00e4ttss\u00e4kerhet och ett kunskapssamh\u00e4lle fritt fr\u00e5n maktmissbruk &#8211; det angav jag som mina tre hj\u00e4rtefr\u00e5gor n\u00e4r jag f\u00f6r andra g\u00e5ngen kandiderade till riksdagen 2014.<\/p>\n<p>&nbsp;<\/p>\n<p><strong>D\u00e4remellan kom adoptionsskandalen<\/strong>. <\/p>\n<p>&nbsp;<\/p>\n<p>I denna r\u00f6stade jag som enda politiker av elva i socialn\u00e4mnden nej till att en d\u00f6md pedofil skulle ges r\u00e4tt att adoptera barn. Jag anm\u00e4lde Helsingborgs stad till IVO och jag beg\u00e4rde att f\u00f6rvaltningsr\u00e4tten skulle g\u00f6ra en laglighetspr\u00f6vning av beslutet.<\/p>\n<p>&nbsp;<\/p>\n<p><strong>Helsingborgarna gav mig sitt st\u00f6d och kryssade mig till f\u00f6rstaplatsen p\u00e5 riksdagslistan.<\/strong><\/p>\n<p>&nbsp;<\/p>\n<p>Jag fick 235 kryss och Liberalernas givna &#8221;starke man&#8221; Torkild Strandberg fick endast 99 kryss.<\/p>\n<p>&nbsp;<\/p>\n<p>I valkretsen placerades jag p\u00e5 plats tre strax under nuvarande riksdagsledamot Tina Acketoft. B\u00e5de Torkild och Tina v\u00e4nde sig till Etiska r\u00e5det f\u00f6r att stoppa min politiska karri\u00e4r. Jag fick 2018 brev fr\u00e5n Etiska r\u00e5det om att ha &#8221;brustit i etisk f\u00f6ljsamhet 2013&#8221;. Jag till\u00e4ts inte kandidera 2018 trots att jag f\u00e5tt \u00f6verl\u00e4gset flest nomineringar, 30 g\u00e5nger fler \u00e4n \u00f6vriga.<\/p>\n<p>&nbsp;<\/p>\n<p>Men redan vid adoptionsskandalen hade jag b\u00f6rjat f\u00e5 problem och efter valresultatet blev det stopp. Jag b\u00f6rjade kallas frekvent till Polisen f\u00f6r delgivningar om allt m\u00f6jligt och m\u00e5nga dagsl\u00e5nga f\u00f6rh\u00f6r. (Torkild Strandberg satt d\u00e5 i Polisstyrelsen).<\/p>\n<p>&nbsp;<\/p>\n<p>Falska anm\u00e4lningar fr\u00e5n min ex-sambo som misshandlat mig, trots att han under fem \u00e5r dessf\u00f6rinnan g\u00e5ng p\u00e5 g\u00e5ng \u00f6ppet f\u00f6r alla deklarerat hur stolt han var \u00f6ver mitt viktiga kvinnofridsarbete, missbrukades f\u00f6r att hindra mig politiskt.<\/p>\n<p>&nbsp;<\/p>\n<p>De som drivit saken i m\u00e5l \u00e4r min <strong>exsambos advokat Helene Ek Sederholm<\/strong>, hopkopplad med politiken och tidigare anst\u00e4lld p\u00e5 b\u00e5de tingsr\u00e4tten och \u00e5klagarkammaren. Gift med <strong>advokaten och moderaten Johan<\/strong> <strong>Sederholm<\/strong>, stadsrevisionens ordf\u00f6rande vid den avsl\u00f6jade politiska pedofilhistorien d\u00e4r alla moderater gav st\u00f6d till pedofilens adoptionsans\u00f6kan och jag uppmanades ta timeout fr\u00e5n politiken. Hon fr\u00e4mjar or\u00e4tt i allt hon g\u00f6r och det s\u00e5g jag st\u00e4ndigt under mina \u00e5r som n\u00e4mndeman i tingsr\u00e4tten. Ingen v\u00e5gar ta i saken f\u00f6r alldeles f\u00f6r m\u00e5nga med makt \u00e4r inblandade.<\/p>\n<p>&nbsp;<\/p>\n<p><em>Ingen \u00e4r immun, ingen g\u00e5r fri n\u00e4r det g\u00e4ller m\u00e4ns v\u00e5ld, m\u00e4ns efterv\u00e5ld som ofta p\u00e5g\u00e5r i \u00e5ratal inte s\u00e4llan med falska anm\u00e4lningar mot den som de har skadat och samh\u00e4llets sanktioner av m\u00e4ns v\u00e5ld mot kvinnor, ingen, ingen g\u00e5r fri, gl\u00f6m inte det.<\/em><\/p>\n<p>&nbsp;<\/p>\n<p><strong>De v\u00e5ldsamma m\u00e4nnens b\u00e4sta v\u00e4n \u00e4r inte patriarkatets h\u00f6gborg, domstolen. Deras b\u00e4sta v\u00e4n \u00e4r medierna.<\/strong><\/p>\n<p>&nbsp;<\/p>\n<p>F\u00f6r medierna tiger och n\u00e5gon granskning av vad som egentligen sker inom r\u00e4ttsv\u00e4sendet (polis, \u00e5klagare, domstol) n\u00e4r kvinnor anm\u00e4ler har hittills aldrig gjorts.<\/p>\n<p>Det n\u00e4rmaste som presterats i den v\u00e4gen \u00e4r det s k Kvinnoregistret som avsl\u00f6jades f\u00f6r n\u00e5gra \u00e5r sedan. \u00c4ven denna enorma skandal inom Polismyndigheten gl\u00f6mdes snart, tystades ned och fr\u00e5gan \u00e4r om n\u00e5gon v\u00e5gat sig p\u00e5 att ens f\u00f6rs\u00f6ka f\u00f6lja upp.<\/p>\n<p>&nbsp;<\/p>\n<p><em>R\u00e4dsla, brist p\u00e5 kritiskt t\u00e4nkande, felriktad lojalitet, misogyni och auktoritetsbundenhet \u00e4r sv\u00e5ra hinder f\u00f6r ett j\u00e4mst\u00e4llt samh\u00e4lle. I sv\u00e5ra stunder k\u00e4nns de o\u00f6verstigliga.<\/em><\/p>\n\t\t\t\t<img loading=\"lazy\" decoding=\"async\" src=\"http:\/\/mmstudies.com\/sallberg\/wp-content\/uploads\/sites\/13\/2018\/10\/43284012_183402099223666_1524017506593800192_n.jpg\" alt=\"43284012_183402099223666_1524017506593800192_n\" itemprop=\"image\" height=\"939\" width=\"960\" title=\"43284012_183402099223666_1524017506593800192_n\" onerror=\"this.style.display='none'\"  \/>\n\t<p>Kobra var en aktiv f\u00f6rening f\u00f6r barns och kvinnors r\u00e4ttss\u00e4kerhet. F\u00f6reningen gav st\u00f6d till utsatta och verkade i upplysningsanda. Carina S\u00e4llberg var i sex \u00e5r dess drivande kraft.<\/p>\n\t<p><strong><em>&#8221;Jag gl\u00f6mmer dock aldrig hur enormt stark misogyni som ligger under ytan och puttrar beredd till omedelbar tsunami.&#8221;<\/em><\/strong><\/p>\n<p>&nbsp;<\/p>\n\t<h1>CARINA BER\u00c4TTAR OM SIN TID I F\u00d6RENINGEN KOBRA OCH SOM STYRELSELEDAMOT I ROKS<\/h1>\n<p>&nbsp;<\/p>\n<p><em>Tack till Stockholms tjejjour som p\u00e5mint om f\u00f6rel\u00e4sningar som jag brukade h\u00e5lla under min tid som aktiv ordf\u00f6rande i kvinnojouren och barnr\u00e4ttsf\u00f6reningen Kobra.<\/em><\/p>\n<p><em>Detta utg\u00f6rs av ett icke fungerande och icke ofarligt omr\u00e5de att r\u00f6ra sig i &#8211; s\u00e4rskilt om man inte n\u00f6jer sig med tystnad och konservering av de problem som existerar, vilket sker n\u00e4r samh\u00e4llet \u00f6verl\u00e5ter till ideella att ta hand om de utsatta och n\u00e4r det saknas verklig tillsyn \u00f6ver \u00e5klagarmyndigheten och domstolsv\u00e4sendet.<\/em><\/p>\n<p><strong><em>Bokst\u00e4verna i KOBRA stod f\u00f6r Kvinnors Och Barns R\u00e4tt &#8211; samh\u00e4llets Ansvar.<\/em><\/strong><\/p>\n<p><em>Kobra som var en aktiv liten f\u00f6rening spred information och kunskap, f\u00f6rs\u00f6kte f\u00f6r\u00e4ndra, gav st\u00f6d till m\u00e5nga utsatta kvinnor och blev utsatt. F\u00f6reningen lades ned.<\/em><\/p>\n<p><em>Jag <strong>f\u00f6rel\u00e4ste<\/strong> om barn som bevittnat v\u00e5ld, barn som utsatts f\u00f6r \u00f6vergrepp och <strong>om FN:s konvention om barnets r\u00e4ttigheter. Jag skrev \u00e4ven en bok om det sista.<\/strong> <\/em><\/p>\n<p><strong><em>Kobra arrangerade i dessa sv\u00e5ra \u00e4mnen tv\u00e5 st\u00f6rre seminarier med forskare i Helsingborg.<\/em><\/strong><\/p>\n\t\t\t\t<img loading=\"lazy\" decoding=\"async\" src=\"http:\/\/mmstudies.com\/sallberg\/wp-content\/uploads\/sites\/13\/2018\/10\/43313622_2396927040322596_6552051143525007360_n-1.jpg\" alt=\"43313622_2396927040322596_6552051143525007360_n\" itemprop=\"image\" height=\"757\" width=\"612\" title=\"43313622_2396927040322596_6552051143525007360_n\" onerror=\"this.style.display='none'\"  \/>\n\t<p>Jag f\u00f6rel\u00e4ser om barn som bevittnat v\u00e5ld p\u00e5 Marina Plaza i Helsingborg. Detta var ett st\u00f6rre seminarium som jag och f\u00f6reningen Kobra arrangerade.<\/p>\n<p>&nbsp;<\/p>\n\t<p><em>Jag f\u00f6rel\u00e4ste ofta under rubriken <strong>&#8221;Brott kan inte styrkas&#8221;<\/strong> eftersom det \u00e4r en s\u00e5 vanlig motivering n\u00e4r det g\u00e4ller nedl\u00e4ggningsbeslut f\u00f6r anm\u00e4lningar r\u00f6rande brott mot barn.<\/em><\/p>\n<p><em>Liksom n\u00e4r det g\u00e4ller v\u00e5ldsbrott mot kvinnor \u00e4r det mer regel \u00e4n undantag att \u00e5klagare <strong>negligerar anm\u00e4lningar sexualbrott mot barn<\/strong>. Jag kan inte se att det har h\u00e4nt s\u00e4rskilt mycket p\u00e5 den fronten och de <strong>eldsj\u00e4lar<\/strong> som f\u00f6rs\u00f6kt \u00e5stadkomma f\u00f6r\u00e4ndring har snabbt brunnit ut.<\/em><\/p>\n<p><em>Barnahusen var en god tanke att \u00f6ka r\u00e4ttss\u00e4kerheten och f\u00f6rb\u00e4ttra st\u00f6det till de utsatta barnen genom att samla resurser under ett tak, men det blev i praktiken inte s\u00e5 som det var t\u00e4nkt.<\/em><\/p>\n<p><em><strong>Det finns mycket starka motkrafter i samh\u00e4llet<\/strong>. T\u00e4nker p\u00e5 att tidigare justitieministern och advokaten <strong>Thomas Bodstr\u00f6m<\/strong> en g\u00e5ng skrev p\u00e5 sin blogg att han aldrig har f\u00e5tt s\u00e5 m\u00e5nga <strong>hatbrev<\/strong> som under de \u00e5r som han var ordf\u00f6rande f\u00f6r ECPAT och att han f\u00f6rv\u00e5nades \u00f6ver detta. <strong>ECPAT jobbar mot sexuell exploatering av barn och barnsexhandel<\/strong>, en av v\u00e4rldens fr\u00e4msta aff\u00e4rsverksamheter.<\/em><\/p>\n\t\t\t\t<img loading=\"lazy\" decoding=\"async\" src=\"http:\/\/mmstudies.com\/sallberg\/wp-content\/uploads\/sites\/13\/2018\/10\/43180661_2396932850322015_706921294452490240_n-1.jpg\" alt=\"43180661_2396932850322015_706921294452490240_n\" itemprop=\"image\" height=\"883\" width=\"648\" title=\"43180661_2396932850322015_706921294452490240_n\" onerror=\"this.style.display='none'\"  \/>\n\t\t\t\t<img loading=\"lazy\" decoding=\"async\" src=\"http:\/\/mmstudies.com\/sallberg\/wp-content\/uploads\/sites\/13\/2018\/10\/43201690_2396932590322041_3739501177063079936_n-1.jpg\" alt=\"43201690_2396932590322041_3739501177063079936_n\" itemprop=\"image\" height=\"821\" width=\"620\" title=\"43201690_2396932590322041_3739501177063079936_n\" onerror=\"this.style.display='none'\"  \/>\n\t<p>En annan f\u00f6rel\u00e4sare p\u00e5 det seminariet som Kobra arrangerade i Helsingborg var barn- och ungdomspsykiatrikern, \u00f6verl\u00e4karen p\u00e5 BUP Vasa, forskaren och f\u00f6rfattaren Christina Citron.<\/p>\n\t\t\t\t<img loading=\"lazy\" decoding=\"async\" src=\"http:\/\/mmstudies.com\/sallberg\/wp-content\/uploads\/sites\/13\/2018\/10\/43188721_2396935520321748_2606291802818347008_n-1.jpg\" alt=\"43188721_2396935520321748_2606291802818347008_n\" itemprop=\"image\" height=\"676\" width=\"901\" title=\"43188721_2396935520321748_2606291802818347008_n\" onerror=\"this.style.display='none'\"  \/>\n\t<p>Seminarierna som Kobra arrangerade i Helsingborg var fullsatta<\/p>\n\t\t\t\t<img loading=\"lazy\" decoding=\"async\" src=\"http:\/\/mmstudies.com\/sallberg\/wp-content\/uploads\/sites\/13\/2018\/10\/43331175_2396937160321584_1973922404660936704_n-1.jpg\" alt=\"43331175_2396937160321584_1973922404660936704_n\" itemprop=\"image\" height=\"890\" width=\"582\" title=\"43331175_2396937160321584_1973922404660936704_n\" onerror=\"this.style.display='none'\"  \/>\n\t<p>Kobra spred kunskap och upplysning genom bokbord<\/p>\n\t\t\t\t<img loading=\"lazy\" decoding=\"async\" src=\"http:\/\/mmstudies.com\/sallberg\/wp-content\/uploads\/sites\/13\/2018\/10\/43195837_2396938680321432_999385365896757248_n.jpg\" alt=\"43195837_2396938680321432_999385365896757248_n\" itemprop=\"image\" height=\"960\" width=\"720\" title=\"43195837_2396938680321432_999385365896757248_n\" onerror=\"this.style.display='none'\"  \/>\n\t<p>Kobras informationsbroschyr s\u00e5g ut s\u00e5 h\u00e4r<\/p>\n\t<p><em>Jag lade min tid p\u00e5 Kobra under sex \u00e5r. Jag brann f\u00f6r att f\u00f6rb\u00e4ttra kvinnors och barns r\u00e4ttss\u00e4kerhet. Jag ville g\u00f6ra skillnad.<\/em><\/p>\n<p><em>Under tv\u00e5 av dessa \u00e5r satt jag samtidigt som <strong>ledamot i styrelsen f\u00f6r ROKS &#8211; Riksorganisationen f\u00f6r kvinnojourer och tjejjourer<\/strong> i Sverige. Jag var en av tre precis nyinvalda ledam\u00f6ter n\u00e4r &#8221;dokument\u00e4ren&#8221; &#8221;K\u00f6nskriget&#8221; s\u00e4ndes p\u00e5 SVT.<\/em><\/p>\n<p><em>Jag hade blivit invald sex dagar innan det f\u00f6rsta programmet s\u00e4ndes, <strong>&#8221;K\u00f6nskriget del 1&#8221;<\/strong>, och jag kastades ut i ett inferno av HAT MOT KVINNOR. Det var en helt surrealistisk upplevelse.<\/em><\/p>\n<p><em>Vi som var nya i Roks styrelse tog det som h\u00e4nde mest kallt och med distans. Vi fick ta hand om telefonsamtalen. \u00d6vriga k\u00e4nde sig lurade och befann sig mer eller mindre i chock.<\/em><\/p>\n<p><em>Alla blev vi uppringda av journalister med fr\u00e5gan<strong> om vi tyckte m\u00e4n var djur<\/strong>. Vi fick bara svara ja eller nej. Det var s\u00e5 mycket sjukt som v\u00e4llde upp till ytan med de b\u00e5da program som s\u00e4ndes.<\/em><\/p>\n<p><em>Dessf\u00f6rinnan hade folk i allm\u00e4nhet och journalister i synnerhet inte k\u00e4nt till att det fanns \u00f6ver <strong>hundra kvinnojourer i Sverige.<\/strong> Nu utm\u00e5lades pl\u00f6tsligt 10 000 ideellt arbetande kvinnojourskvinnor som <strong>livsfarliga pansarfeminister<\/strong>, <strong>avgrundsfeminister<\/strong> och jag vet inte allt.<\/em><\/p>\n<p><em>Debatten som f\u00f6ljde var hatisk, v\u00e4llde ut \u00f6ver tidningssidor och var helt utan sans och balans.<\/em><\/p>\n<em>Sedan lugnade det s\u00e5 sm\u00e5ningom ned sig och det positiva f\u00f6r kvinnojourernas skull var att deras arbete i tysthet \u00e4ntligen hade uppt\u00e4ckts.<\/em><br \/>\n<em>De arbetade &#8211; allts\u00e5 fanns de &#8211; allts\u00e5 fanns problem.<\/em>\n<p><em><strong>Jag gl\u00f6mmer dock aldrig hur enormt stark misogyni som ligger under ytan och puttrar beredd till omedelbar tsunami.<\/strong><\/em><\/p>\n<p>&nbsp;<\/p>\n\t\t\t\t<img loading=\"lazy\" decoding=\"async\" src=\"http:\/\/mmstudies.com\/sallberg\/wp-content\/uploads\/sites\/13\/2018\/10\/43157242_2396941586987808_1654417880546017280_n.jpg\" alt=\"43157242_2396941586987808_1654417880546017280_n\" itemprop=\"image\" height=\"720\" width=\"960\" title=\"43157242_2396941586987808_1654417880546017280_n\" onerror=\"this.style.display='none'\"  \/>\n","protected":false},"excerpt":{"rendered":"<p>BARN &#8211; OCH \u00a0KVINNOR\u00c4TTSK\u00c4MPEN CARINA S\u00c4LLBERG Tidigare omskriven som en eldsj\u00e4l \u00a0i Helsingborgs Dagblad, men de senaste fem \u00e5ren ist\u00e4llet av samma tidning osk\u00e4ligen uth\u00e4ngd som en &#8221;brottsling&#8221;.\u00a0 Inte tu tal om saken att barns &#8211; och kvinnor\u00e4ttsk\u00e4mpar lever farligt i detta land. Och det \u00e4r jag, hemsidans innehavare som h\u00e4vdar det och inte Carina&#8230;<\/p>\n","protected":false},"author":1,"featured_media":0,"parent":2,"menu_order":0,"comment_status":"closed","ping_status":"closed","template":"full-width-page.php","meta":{"footnotes":""},"class_list":["post-462","page","type-page","status-publish","hentry"],"_links":{"self":[{"href":"http:\/\/mmstudies.com\/sallberg\/wp-json\/wp\/v2\/pages\/462","targetHints":{"allow":["GET"]}}],"collection":[{"href":"http:\/\/mmstudies.com\/sallberg\/wp-json\/wp\/v2\/pages"}],"about":[{"href":"http:\/\/mmstudies.com\/sallberg\/wp-json\/wp\/v2\/types\/page"}],"author":[{"embeddable":true,"href":"http:\/\/mmstudies.com\/sallberg\/wp-json\/wp\/v2\/users\/1"}],"replies":[{"embeddable":true,"href":"http:\/\/mmstudies.com\/sallberg\/wp-json\/wp\/v2\/comments?post=462"}],"version-history":[{"count":15,"href":"http:\/\/mmstudies.com\/sallberg\/wp-json\/wp\/v2\/pages\/462\/revisions"}],"predecessor-version":[{"id":2865,"href":"http:\/\/mmstudies.com\/sallberg\/wp-json\/wp\/v2\/pages\/462\/revisions\/2865"}],"up":[{"embeddable":true,"href":"http:\/\/mmstudies.com\/sallberg\/wp-json\/wp\/v2\/pages\/2"}],"wp:attachment":[{"href":"http:\/\/mmstudies.com\/sallberg\/wp-json\/wp\/v2\/media?parent=462"}],"curies":[{"name":"wp","href":"https:\/\/api.w.org\/{rel}","templated":true}]}}