{"id":587,"date":"2018-07-16T16:06:41","date_gmt":"2018-07-16T16:06:41","guid":{"rendered":"http:\/\/mmstudies.com\/sallberg\/?page_id=587"},"modified":"2023-08-09T11:58:49","modified_gmt":"2023-08-09T11:58:49","slug":"jorgenssen","status":"publish","type":"page","link":"http:\/\/mmstudies.com\/sallberg\/mal6503-13\/jorgenssen\/","title":{"rendered":"Advokat Clas J\u00f6rgenssens kritik av skenr\u00e4tteg\u00e5ngen 2015"},"content":{"rendered":"\n\n\t<h2>MIN KOMMENTAR:<\/h2>\n<p>Att bevis till grund f\u00f6r \u00e5talet f\u00f6r ofredande B 6503-13 ( s\u00e5v\u00e4l som det senare \u00e5talet mot olaga f\u00f6rf\u00f6ljelse \u00a0B 4019-17) \u00a0helt saknas, kan vem som helst kontrollera genom att best\u00e4lla ut ber\u00f6rda handlingar fr\u00e5n tingsr\u00e4tten. I den m\u00e5n Carin S\u00e4llberg verkligen har h\u00f6rt av sig till sin ex-sambo, finns det ingenting i hennes meddelanden som varit st\u00f6tande eller kr\u00e4nkande. Tv\u00e4rtom p\u00e5visar de snarare en omtanke om ex-sambon att ta sina psykiska problem p\u00e5 allvar genom att upps\u00f6ka adekvat l\u00e4karbehandling och att n\u00e5 f\u00f6rsoning genom att ansvar f\u00f6r den enorma skada han \u00e5samkat henne och hennes barn. \u00a0Ord som &#8221;att jag hatar dig&#8221; eller andra neds\u00e4ttande tillm\u00e4len lyser med sin totala fr\u00e5nvaro. <\/p>\n<p>Detta st\u00e5r sedan \u00a0i bj\u00e4rt kontrast gentemot ex-sambons \u00f6ppet exponerade hat och f\u00f6rakt, n\u00e4r han helt utan anm\u00e4rkningar eller inv\u00e4ndningar i r\u00e4tten kallar henne f\u00f6r &#8221;ett sockenluder&#8221;, &#8221;galenpanna&#8221; eller f\u00f6rser henne med liknande neds\u00e4ttande epitet och \/ eller f\u00f6rs\u00f6ker h\u00e4vda att hon skulle lida av psykisk sjukdom. Och ut\u00f6ver de 200 klipp &#8211; och klistra &#8211; meddelanden i hans Word-dokument, f\u00f6rmedlade i en USB-sticka till \u00a0polis och \u00e5klagare som &#8221;bevis&#8221;, d\u00f6mdes Carina S\u00e4llberg ocks\u00e5 f\u00f6r ytterligare 50 inl\u00e4gg \u00a0som ingen fick se, som inte finns i n\u00e5got material och som ingen \u00e4nnu sett. <\/p>\n<p>Detta m\u00e5ste anses utg\u00f6ra en r\u00e4ttsr\u00f6ta av ansenliga m\u00e5tt och Ylva J\u00f6nsson Norlin vet mycket v\u00e4l att saker inte har g\u00e5tt r\u00e4tt till. Men hon tar naturligtvis de domare och \u00e5klagare som beg\u00e5tt tj\u00e4nstefel i f\u00f6rsvar f\u00f6r att skydda tingsr\u00e4ttens rykte. Hon \u00e4r dessutom mycket v\u00e4l medveten om att Helene Ek Sederholm uppvaktar domare f\u00f6r att f\u00e5 avg\u00f6rande vittnen avvisade.<\/p>\n<p><em>Och ett s\u00e5dant lojalt men f\u00f6ga \u00e4rligt r\u00e4ttskaffens beteende l\u00f6nar sig av allt at d\u00f6ma. F\u00f6r nu har\u00a0Lagman Ylva J\u00f6nsson Norlin har ett prestigefyllt regeringsuppdrag att utreda varf\u00f6r mordutredningar tar s\u00e5 l\u00e5ng tid. Svaret \u00e4r ju att resurserna l\u00e4ggs p\u00e5 m\u00e5l som dessa med kr\u00e4nkta m\u00e4n.<\/em><\/p>\n<p>Man kan minst sagt undra hur m\u00e5nga miljoner, som den fem \u00e5r l\u00e5nga processen med m\u00e5ls\u00e4gandes \u00a0egenproducerade bevisning p\u00e5 att han \u00e4r f\u00f6rf\u00f6ljd av sina worddokument, har kostat.<\/p>\n\t<p>Hur logiskt kan det anses vara att dra slutsatsen att ex-sambon skulle vara f\u00f6rf\u00f6ljd\u00a0av n\u00e5gon som han sj\u00e4lv regelm\u00e4ssigt kontaktar och f\u00f6rf\u00f6ljer, vilket Carina S\u00e4llberg har gott om bevis f\u00f6r \u00e4r fallet. Fortfarande idag f\u00f6rs\u00f6ker han ofta komma i kontakt med henne per telefon. Bevis som sedan i r\u00e4tten avf\u00e4rdas som &#8221;vidlyftiga och ovidkommande&#8221;.\u00a0<\/p>\n<p>Man kan ocks\u00e5 fr\u00e5ga sig vad som h\u00e4nde med kommunalr\u00e5det Maria Winberg Nordstr\u00f6m, som strax efter att hon i denna intervju i SVT Helsingborg, vari hon konstaterar att det \u00e4gt rum en skenr\u00e4tteg\u00e5ng, f\u00f6rsvann f\u00f6r att saken inte skulle p\u00e5verka partiet\u00a0och hennes eget v\u00e4lavl\u00f6nade uppdrag i R\u00e5dhuset &#8211; och d\u00e4rmed i grunden svek b\u00e5de sina egna liberala ideal om r\u00e4ttss\u00e4kerheten som grunden f\u00f6r demokratins vara, s\u00e5v\u00e4l som\u00a0\u00a0sin partikollegas r\u00e4tt till frihet och m\u00e4nskliga r\u00e4ttigheter. \u00a0<\/p>\n\t<p>Ingen en annan &#8221;bevisning&#8221; \u00e4n exsambons egna uppgifter och egenproducerade worddokument har anv\u00e4nts av \u00e5klagaren, och det \u00e4r minst sagt \u00f6vermaga, att Carina S\u00e4llberg kan bli \u00e5talad, d\u00f6md och ber\u00f6vad fem \u00e5r av sitt liv p\u00e5 en &#8221;bevisning&#8221; som hennes ex-sambo, som blivit d\u00f6md f\u00f6r en mycket grov misshandel av henne, har \u00e5stadkommit med hj\u00e4lp av scrapebooking. <\/p>\n<p>Liberalernas kommunr\u00e5d Maria Winberg Nordstr\u00f6m har haft god k\u00e4nnedom om att Carinas ex-sambo fick sina f\u00f6rf\u00f6ljelsetankar i mars 2013 och att han d\u00e5 blev s\u00e5 v\u00e5ldsam mot henne, att hon tvingades flytta. <\/p>\n<p>Vad finns det f\u00f6r trov\u00e4rdighet hos en politiker som i det l\u00e4get sviker sin n\u00e4rmaste partikollega och som under fem \u00e5r inte lyft ett finger f\u00f6r att f\u00f6rhindra den \u00f6desdigra \u00a0h\u00e4ndelseutveckling som \u00a0f\u00f6rst\u00f6rt en m\u00e4nniskas hela liv, s\u00e5v\u00e4l som hela hennes barns?<\/p>\n\t<p>N\u00c4MNDEMAN FREDRIK HOLMBERGS SKILJAKTIGA MENING OM R\u00c4TTENS HANTERING AV \u00c5TALET OCH DOMEN \u00a0MOT CARINA S\u00c4LLBERG F\u00d6R OFREDANDE AV SIN EX-SAMBO 2015<\/p>\n<p>&nbsp;<\/p>\n<p><em>Oavsett vad lagman Ylva Norling J\u00f6nsson har f\u00f6r uppfattning om hur ofelbart korrekt r\u00e4ttens ledam\u00f6ter har agerat im\u00e5let B 6503-13, vari Carina S\u00e4llberg st\u00e5r \u00e5talad och d\u00f6md f\u00f6r ofredande av sin ex-sambo, och hur oanst\u00e4ndigt det ska antas vara att kommunpolitiker och advokater riktar kritik mot dess uppenbara brister, finns det dock ytterligare en r\u00e4ttens representant som verkar \u00f6verens med <a href=\"http:\/\/mmstudies.com\/sallberg\/jorgenssen\/\">advokat Clas J\u00f6rgensens kritik<\/a>; n\u00e4mligen n\u00e4mndemannen Fredrik Holmberg som \u00e4r skiljaktig i skuldfr\u00e5gan, och vars utl\u00e5tande i bilaga nr 3 till domen B \u00a06503-13 kan best\u00e4llas fr\u00e5n Helsingborgs tingsr\u00e4tt.<\/em><\/p>\n<p>&nbsp;<\/p>\n<p>Jag citerar n\u00e4mndeman Fredrik Holmbergs skiljaktiga mening h\u00e4r:<\/p>\n<p>&nbsp;<\/p>\n<p>&#8221;SMS , MMS och mail \u00e4r kopierat till ett Word-dokument av NN (Carina S\u00e4llbergs ex-sambo) sj\u00e4lv har lagt till fr\u00e5n vem och till vem och klockslag. D\u00e4r finns exempel i materialet p\u00e5 flera meddelanden samma minut fr\u00e5n b\u00e5da parter, som svarar p\u00e5 den andres vilket borde vara n\u00e4stan om\u00f6jlig att hinna med inom en minut. D\u00e4r finns uppenbara risker f\u00f6r att materialet inte \u00e4r korrekt \u00e5tergivet \u00e4ven i \u00f6vrigt d\u00e5 NN \u00e4r misst\u00e4nkt f\u00f6r misshandel av Carina S\u00e4llberg d\u00e5 han l\u00e4mnar in materialet till polisen. Materialet \u00e4r inte b\u00e4sta bevismaterialet. D\u00e4rut\u00f6ver g\u00f6rs ingen t\u00f6mning av hans telefon f\u00f6r att se vilka samtal som skett mellan parterna parallellt med sms, mms och mail vilket hade kunnat \u00e4ndra bilden av deras kontakter.<\/p>\n<p>&nbsp;<\/p>\n<p>NN hade relativt enkelt kunnat undvika det p\u00e5st\u00e5dda ofredandet genom exempelvis f\u00f6ljande \u00e5tg\u00e4rder; blockera Carina S\u00e4llbergs telefonnummer p\u00e5 hans telefon, l\u00e5ta Carina S\u00e4llbergs mail automatiskt komma till skr\u00e4pposten p\u00e5 hans mailadress samt att helt enkelt inte l\u00e4sa meddelandena. Han kunde ha l\u00e5tit en tredje part sk\u00f6ta bodelningsfr\u00e5gorna och det praktiska med saker som tillh\u00f6rde den andre och d\u00e4rigenom inte beh\u00f6vt ha n\u00e5gon direktkontakt med Carina S\u00e4llberg.<\/p>\n<p>&nbsp;<\/p>\nNN har under tidsperioden som \u00e5talet g\u00e4ller, den 23 sep tackat Carina f\u00f6r hennes g\u00e5vor och blomma p\u00e5 hans f\u00f6delsedag, skrivit senare samma dag &#8221;Blomman \u00e4r v\u00e4ldigt vacker, tack igen&#8221;, gratulerat henne p\u00e5 hennes f\u00f6delsedag den 12 okt och skrivit att han t\u00e4nker p\u00e5 henne varje dag. Dessa meddelanden fr\u00e5n NN har uppmuntrat Carina S\u00e4llberg till vidare kontakt och det \u00e4r sv\u00e5rt att tro att NN har k\u00e4nt sig ofredad n\u00e4r han v\u00e4ljer att skicka dessa meddelanden. NN har den 2 eller 3 nov bjudit in Carina S\u00e4llberg till sitt hem och d\u00e5 bjudit henne av hennes favoritte.<br \/>\nDen 25 augusti tr\u00e4ffas parterna och enligt Carina S\u00e4llberg har de sex och NN s\u00e4ger &#8221;S\u00e4g till om du vill ha en \u00e4lskare&#8221;. Uppgifterna fr\u00e5n Carina S\u00e4llberg kan inte l\u00e4mnas utan avseende och \u00e4r d\u00e5 sv\u00e5rf\u00f6renliga med att NN samtidigt har k\u00e4nt sig ofredad p\u00e5 ett h\u00e4nsynsl\u00f6st s\u00e4tt.\n<p>&nbsp;<\/p>\n<p>G\u00e4llande m\u00e4ngden s\u00e5 g\u00e4ller en del av meddelandena fr\u00e5n Carina S\u00e4llberg till NN endast saker som ska utv\u00e4xlas mellan dem pga flytt separation. Ingen av bilderna som skickats \u00e4r negativa eller kr\u00e4nkande. Carina S\u00e4llberg har blivit misshandlad av NN vilket kan r\u00e4ttf\u00e4rdiga Carina S\u00e4llberg att skicka en del meddelanden som \u00e4r negativa g\u00e4llande det. Barn har farit illa i samband med separationen och en del meddelanden kring det kan ocks\u00e5 ses som legitima. Det finns dock en hel del meddelanden som \u00e4r omotiverade men de uppg\u00e5r till f\u00e4rre \u00e4n ett meddelande per dag i genomsnitt under tidsperioden p\u00e5a fyra m\u00e5nader.<\/p>\n<p>&nbsp;<\/p>\n<p>De har anv\u00e4nt sms och mail i stor omfattning under hela deras f\u00f6rh\u00e5llande och de tr\u00e4ffades genom internet och skickade m\u00e5nga meddelanden mellan sig redan innan de tr\u00e4ffades.<\/p>\n<p>&nbsp;<\/p>\n<p>Syftet med de negativa meddelandena fr\u00e5n Carina S\u00e4llberg till NN \u00e4r delvis att hon vill f\u00e5 honom att g\u00f6ra r\u00e4tt f\u00f6r sig och f\u00e5 honom att inse att han egentligen \u00e4r en b\u00e4ttre m\u00e4nniska. Carina S\u00e4llberg \u00e4r \u00f6vertygad om att NN har minnesluckor vilket motiverar henne att skicka mail, sms och mms och bilder p\u00e5 positiva minnen f\u00f6r att hj\u00e4lpa honom att fylla minnesluckorna. \u00c4ven om dessa syften kan tyckas m\u00e4rkliga v\u00e4cker det tvivel om Carina S\u00e4llberg verkligen haft syftet att kr\u00e4nka och ofreda NN p\u00e5 ett h\u00e4nsynsl\u00f6st s\u00e4tt.<\/p>\n<p>&nbsp;<\/p>\n<p>Jag finner att \u00e5talet inte \u00e4r styrkt.<\/p>\n<p>I de andra fr\u00e5gorna \u00e4r jag \u00f6verens med de \u00f6vriga ledam\u00f6terna&#8221;<\/p>\n\n","protected":false},"excerpt":{"rendered":"<p>MIN KOMMENTAR: Att bevis till grund f\u00f6r \u00e5talet f\u00f6r ofredande B 6503-13 ( s\u00e5v\u00e4l som det senare \u00e5talet mot olaga f\u00f6rf\u00f6ljelse \u00a0B 4019-17) \u00a0helt saknas, kan vem som helst kontrollera genom att best\u00e4lla ut ber\u00f6rda handlingar fr\u00e5n tingsr\u00e4tten. I den m\u00e5n Carin S\u00e4llberg verkligen har h\u00f6rt av sig till sin ex-sambo, finns det ingenting i&#8230;<\/p>\n","protected":false},"author":1,"featured_media":0,"parent":244,"menu_order":0,"comment_status":"closed","ping_status":"closed","template":"full-width-page.php","meta":{"footnotes":""},"class_list":["post-587","page","type-page","status-publish","hentry"],"_links":{"self":[{"href":"http:\/\/mmstudies.com\/sallberg\/wp-json\/wp\/v2\/pages\/587","targetHints":{"allow":["GET"]}}],"collection":[{"href":"http:\/\/mmstudies.com\/sallberg\/wp-json\/wp\/v2\/pages"}],"about":[{"href":"http:\/\/mmstudies.com\/sallberg\/wp-json\/wp\/v2\/types\/page"}],"author":[{"embeddable":true,"href":"http:\/\/mmstudies.com\/sallberg\/wp-json\/wp\/v2\/users\/1"}],"replies":[{"embeddable":true,"href":"http:\/\/mmstudies.com\/sallberg\/wp-json\/wp\/v2\/comments?post=587"}],"version-history":[{"count":18,"href":"http:\/\/mmstudies.com\/sallberg\/wp-json\/wp\/v2\/pages\/587\/revisions"}],"predecessor-version":[{"id":3211,"href":"http:\/\/mmstudies.com\/sallberg\/wp-json\/wp\/v2\/pages\/587\/revisions\/3211"}],"up":[{"embeddable":true,"href":"http:\/\/mmstudies.com\/sallberg\/wp-json\/wp\/v2\/pages\/244"}],"wp:attachment":[{"href":"http:\/\/mmstudies.com\/sallberg\/wp-json\/wp\/v2\/media?parent=587"}],"curies":[{"name":"wp","href":"https:\/\/api.w.org\/{rel}","templated":true}]}}