{"id":603,"date":"2018-07-16T19:06:56","date_gmt":"2018-07-16T19:06:56","guid":{"rendered":"http:\/\/mmstudies.com\/sallberg\/?page_id=603"},"modified":"2023-08-09T11:59:14","modified_gmt":"2023-08-09T11:59:14","slug":"namndemannen","status":"publish","type":"page","link":"http:\/\/mmstudies.com\/sallberg\/mal6503-13\/namndemannen\/","title":{"rendered":"N\u00e4mndemannen Fredrik Holmbergs skiljaktiga mening i m\u00e5let\/domen B 6503-13"},"content":{"rendered":"\n\n\t\t\t\t<img decoding=\"async\" src=\"http:\/\/mmstudies.com\/sallberg\/wp-content\/plugins\/beaver-builder-lite-version\/img\/pixel.png\" alt=\"\" itemprop=\"image\" onerror=\"this.style.display='none'\"  \/>\n\t<p>N\u00c4MNDEMAN FREDRIK HOLMBERGS SKILJAKTIGA MENING OM R\u00c4TTENS HANTERING AV \u00c5TALET OCH DOMEN B 6503-13 MOT CARINA S\u00c4LLBERG F\u00d6R OFREDANDE AV SIN EX-SAMBO 2015, Bilaga 4.<\/p>\n<p>&nbsp;<\/p>\n<p><em>Oavsett vad lagman Ylva Norling J\u00f6nsson har f\u00f6r uppfattning om hur ofelbart korrekt r\u00e4ttens ledam\u00f6ter har agerat im\u00e5let B 6503-13, vari Carina S\u00e4llberg st\u00e5r \u00e5talad och d\u00f6md f\u00f6r ofredande av sin ex-sambo, och hur oanst\u00e4ndigt det ska antas vara att kommunpolitiker och advokater riktar kritik mot dess uppenbara brister, finns det dock ytterligare en r\u00e4ttens representant som verkar \u00f6verens med <a href=\"..\/..\/jorgenssen\/\">advokat Clas J\u00f6rgensens kritik<\/a>; n\u00e4mligen n\u00e4mndemannen Fredrik Holmberg som \u00e4r skiljaktig i skuldfr\u00e5gan, och vars utl\u00e5tande i bilaga nr 3 till domen B \u00a06503-13 kan best\u00e4llas fr\u00e5n Helsingborgs tingsr\u00e4tt.<\/em><\/p>\n<p>&nbsp;<\/p>\n<p>Jag citerar n\u00e4mndeman Fredrik Holmbergs skiljaktiga mening h\u00e4r:<\/p>\n<p>&nbsp;<\/p>\n<p>&#8221;SMS , MMS och mail \u00e4r kopierat till ett Word-dokument av NN (Carina S\u00e4llbergs ex-sambo) sj\u00e4lv har lagt till fr\u00e5n vem och till vem och klockslag. D\u00e4r finns exempel i materialet p\u00e5 flera meddelanden samma minut fr\u00e5n b\u00e5da parter, som svarar p\u00e5 den andres vilket borde vara n\u00e4stan om\u00f6jlig att hinna med inom en minut. D\u00e4r finns uppenbara risker f\u00f6r att materialet inte \u00e4r korrekt \u00e5tergivet \u00e4ven i \u00f6vrigt d\u00e5 NN \u00e4r misst\u00e4nkt f\u00f6r misshandel av Carina S\u00e4llberg d\u00e5 han l\u00e4mnar in materialet till polisen. Materialet \u00e4r inte b\u00e4sta bevismaterialet. D\u00e4rut\u00f6ver g\u00f6rs ingen t\u00f6mning av hans telefon f\u00f6r att se vilka samtal som skett mellan parterna parallellt med sms, mms och mail vilket hade kunnat \u00e4ndra bilden av deras kontakter.<\/p>\n<p>&nbsp;<\/p>\n<p>NN hade relativt enkelt kunnat undvika det p\u00e5st\u00e5dda ofredandet genom exempelvis f\u00f6ljande \u00e5tg\u00e4rder; blockera Carina S\u00e4llbergs telefonnummer p\u00e5 hans telefon, l\u00e5ta Carina S\u00e4llbergs mail automatiskt komma till skr\u00e4pposten p\u00e5 hans mailadress samt att helt enkelt inte l\u00e4sa meddelandena. Han kunde ha l\u00e5tit en tredje part sk\u00f6ta bodelningsfr\u00e5gorna och det praktiska med saker som tillh\u00f6rde den andre och d\u00e4rigenom inte beh\u00f6vt ha n\u00e5gon direktkontakt med Carina S\u00e4llberg.<\/p>\n<p>&nbsp;<\/p>\nNN har under tidsperioden som \u00e5talet g\u00e4ller, den 23 sep tackat Carina f\u00f6r hennes g\u00e5vor och blomma p\u00e5 hans f\u00f6delsedag, skrivit senare samma dag &#8221;Blomman \u00e4r v\u00e4ldigt vacker, tack igen&#8221;, gratulerat henne p\u00e5 hennes f\u00f6delsedag den 12 okt och skrivit att han t\u00e4nker p\u00e5 henne varje dag. Dessa meddelanden fr\u00e5n NN har uppmuntrat Carina S\u00e4llberg till vidare kontakt och det \u00e4r sv\u00e5rt att tro att NN har k\u00e4nt sig ofredad n\u00e4r han v\u00e4ljer att skicka dessa meddelanden. NN har den 2 eller 3 nov bjudit in Carina S\u00e4llberg till sitt hem och d\u00e5 bjudit henne av hennes favoritte.<br \/>\nDen 25 augusti tr\u00e4ffas parterna och enligt Carina S\u00e4llberg har de sex och NN s\u00e4ger &#8221;S\u00e4g till om du vill ha en \u00e4lskare&#8221;. Uppgifterna fr\u00e5n Carina S\u00e4llberg kan inte l\u00e4mnas utan avseende och \u00e4r d\u00e5 sv\u00e5rf\u00f6renliga med att NN samtidigt har k\u00e4nt sig ofredad p\u00e5 ett h\u00e4nsynsl\u00f6st s\u00e4tt.\n<p>&nbsp;<\/p>\n<p>G\u00e4llande m\u00e4ngden s\u00e5 g\u00e4ller en del av meddelandena fr\u00e5n Carina S\u00e4llberg till NN endast saker som ska utv\u00e4xlas mellan dem pga flytt separation. Ingen av bilderna som skickats \u00e4r negativa eller kr\u00e4nkande. Carina S\u00e4llberg har blivit misshandlad av NN vilket kan r\u00e4ttf\u00e4rdiga Carina S\u00e4llberg att skicka en del meddelanden som \u00e4r negativa g\u00e4llande det. Barn har farit illa i samband med separationen och en del meddelanden kring det kan ocks\u00e5 ses som legitima. Det finns dock en hel del meddelanden som \u00e4r omotiverade men de uppg\u00e5r till f\u00e4rre \u00e4n ett meddelande per dag i genomsmitt under tidsperioden p\u00e5a fyra m\u00e5nader.<\/p>\n<p>&nbsp;<\/p>\n<p>De har anv\u00e4nt sms och mail i stor omfattning under hela deras f\u00f6rh\u00e5llande och de tr\u00e4ffades genom internet och skickade m\u00e5nga meddelanden mellan sig redan innan de tr\u00e4ffades.<\/p>\n<p>&nbsp;<\/p>\n<p>Syftet med de negativa meddelandena fr\u00e5n Carina S\u00e4llberg till NN \u00e4r delvis att hon vill f\u00e5 honom att g\u00f6ra r\u00e4tt f\u00f6r sig och f\u00e5 honom att inse att han egentligen \u00e4r en b\u00e4ttre m\u00e4nniska. Carina S\u00e4llberg \u00e4r \u00f6vertygad om att NN har minnesluckor vilket motiverar henne att skicka mail, sms och mms och bilder p\u00e5 positiva minnen f\u00f6r att hj\u00e4lpa honom att fylla minnesluckorna. \u00c4ven om dessa syften kan tyckas m\u00e4rkliga v\u00e4cker det tvivel om Carina S\u00e4llberg verkligen haft syftet att kr\u00e4nka och ofreda NN p\u00e5 ett h\u00e4nsynsl\u00f6st s\u00e4tt.<\/p>\n<p>&nbsp;<\/p>\n<p>Jag finner att \u00e5talet inte \u00e4r styrkt.<\/p>\n<p>I de andra fr\u00e5gorna \u00e4r jag \u00f6verens med de \u00f6vriga ledam\u00f6terna&#8221;<\/p>\n\n","protected":false},"excerpt":{"rendered":"<p>N\u00c4MNDEMAN FREDRIK HOLMBERGS SKILJAKTIGA MENING OM R\u00c4TTENS HANTERING AV \u00c5TALET OCH DOMEN B 6503-13 MOT CARINA S\u00c4LLBERG F\u00d6R OFREDANDE AV SIN EX-SAMBO 2015, Bilaga 4. &nbsp; Oavsett vad lagman Ylva Norling J\u00f6nsson har f\u00f6r uppfattning om hur ofelbart korrekt r\u00e4ttens ledam\u00f6ter har agerat im\u00e5let B 6503-13, vari Carina S\u00e4llberg st\u00e5r \u00e5talad och d\u00f6md f\u00f6r ofredande&#8230;<\/p>\n","protected":false},"author":1,"featured_media":0,"parent":244,"menu_order":0,"comment_status":"closed","ping_status":"closed","template":"full-width-page.php","meta":{"footnotes":""},"class_list":["post-603","page","type-page","status-publish","hentry"],"_links":{"self":[{"href":"http:\/\/mmstudies.com\/sallberg\/wp-json\/wp\/v2\/pages\/603","targetHints":{"allow":["GET"]}}],"collection":[{"href":"http:\/\/mmstudies.com\/sallberg\/wp-json\/wp\/v2\/pages"}],"about":[{"href":"http:\/\/mmstudies.com\/sallberg\/wp-json\/wp\/v2\/types\/page"}],"author":[{"embeddable":true,"href":"http:\/\/mmstudies.com\/sallberg\/wp-json\/wp\/v2\/users\/1"}],"replies":[{"embeddable":true,"href":"http:\/\/mmstudies.com\/sallberg\/wp-json\/wp\/v2\/comments?post=603"}],"version-history":[{"count":10,"href":"http:\/\/mmstudies.com\/sallberg\/wp-json\/wp\/v2\/pages\/603\/revisions"}],"predecessor-version":[{"id":3212,"href":"http:\/\/mmstudies.com\/sallberg\/wp-json\/wp\/v2\/pages\/603\/revisions\/3212"}],"up":[{"embeddable":true,"href":"http:\/\/mmstudies.com\/sallberg\/wp-json\/wp\/v2\/pages\/244"}],"wp:attachment":[{"href":"http:\/\/mmstudies.com\/sallberg\/wp-json\/wp\/v2\/media?parent=603"}],"curies":[{"name":"wp","href":"https:\/\/api.w.org\/{rel}","templated":true}]}}