{"id":614,"date":"2018-07-17T09:40:10","date_gmt":"2018-07-17T09:40:10","guid":{"rendered":"http:\/\/mmstudies.com\/sallberg\/?page_id=614"},"modified":"2023-06-17T15:30:20","modified_gmt":"2023-06-17T15:30:20","slug":"rattspsykiatri","status":"publish","type":"page","link":"http:\/\/mmstudies.com\/sallberg\/proportioner\/rattspsykiatri\/","title":{"rendered":"Vem \u00e4r sjuk eller frisk nog f\u00f6r r\u00e4ttspsykiatrisk tv\u00e5ngsv\u00e5rd?"},"content":{"rendered":"\n\n\t\t\t\t<img loading=\"lazy\" decoding=\"async\" src=\"http:\/\/mmstudies.com\/sallberg\/wp-content\/uploads\/sites\/13\/2018\/07\/Sk\u00e4rmavbild-2018-07-17-kl.-12.10.39.png\" alt=\"Sk\u00e4rmavbild 2018-07-17 kl. 12.10.39\" itemprop=\"image\" height=\"354\" width=\"852\" title=\"Sk\u00e4rmavbild 2018-07-17 kl. 12.10.39\" onerror=\"this.style.display='none'\"  \/>\n\t<p><a href=\"https:\/\/www.facebook.com\/ingrid.revhult?hc_ref=ARS4czOWx77VRTfmSO4D5ICmmKGDk2hA_SEVtwR702WUCjBD6GAUDs4uIKKutDiW8QE&amp;fref=nf\"><strong>Ingrid Revhult skriver den 17 juli p\u00e5 sin Facebooksida:<\/strong><\/a><\/p>\n<p>&nbsp;<\/p>\n<p>FRISKA M\u00d6RDARE KONTRA P\u00c5ST\u00c5DD SJUK SKICKLIG SKRIBENT<\/p>\n<p>&nbsp;<\/p>\n<p><strong>Peter Madsen,<\/strong> m\u00f6rdade Kim Wall, lider inte av allvarlig psykisk st\u00f6rning<\/p>\n<p><strong>Martin Jonsson<\/strong>, m\u00f6rdade Lotta <\/p>\n<p>Rudholm, lider inte av allvarlig psykisk st\u00f6rning<\/p>\n<strong>Billy Fagerstr\u00f6m<\/strong>, m\u00f6rdade Tova Moberg, lider inte av allvarlig psykisk st\u00f6rning<br \/>\n\n<strong>Johanna M\u00f6ller<\/strong>, Arbogakvinnan, lider inte heller av allvarlig psykisk st\u00f6rning<br \/>\n\n<strong>Fouad Saleh<\/strong>, trippelm\u00f6rdade i Hallonbergen, lider inte av allvarlig psykisk st\u00f6rning<br \/>\n\n<strong>1<\/strong><strong>9-\u00e5rige toalettm\u00f6rdaden i \u00d6rebro<\/strong> lider inte av allvarlig psykisk st\u00f6rning<br \/>\n\n<p><strong>Ulf Borgstr\u00f6m<\/strong>, gryningspyromanen lider inte av allvarlig psykisk st\u00f6rning<\/p>\n<p>&nbsp;<\/p>\n<p><strong><em>I Helsingborgs Tingsr\u00e4tt \u00e4r ribban betydligt l\u00e4gre st\u00e4lld. En skribents harml\u00f6sa alster \u00e4r tillr\u00e4ckligt f\u00f6r att hon ska riskera insp\u00e4rrning och tv\u00e5ngsv\u00e5rd.<\/em><\/strong><\/p>\n<p>&nbsp;<\/p>\n<p>\u00c5klagare, domare, advokat och journalist har med of\u00f6rblommad tydlighet visat sin okunskap p\u00e5 det litter\u00e4ra omr\u00e5det. <strong>Tv\u00e5 satirer<\/strong> har snabbt &#8211; t o m alltf\u00f6r snabbt &#8211; f\u00f6rvandlats till <strong>\u00e5tal f\u00f6r Grovt f\u00f6rtal.<\/strong><\/p>\n<p>Att i r\u00e4tten bem\u00f6ta en falskt \u00e5talad &#8211; som f\u00f6rutom kunskaper inom litter\u00e4ra genrer, inom journalistyrket, inom det juridiska omr\u00e5det &#8211; klarar inte r\u00e4ttsv\u00e4sendets representanter av p\u00e5 ett yrkesetiskt och lagenligt s\u00e4tt som \u00e5ligger dem.<\/p>\n<p>Kunskap om <strong>proportionalitetsprincip<\/strong> och<strong> j\u00e4v<\/strong> tycks vara ok\u00e4nda begrepp f\u00f6r de ansvariga akt\u00f6rerna i<strong> Helsingborgs Tingsr\u00e4tt.<\/strong><\/p>\n<p>Historiens m\u00f6rka vingslag ekar orov\u00e4ckande i domstolsbyggnaden.<\/p>\n<p>&nbsp;<\/p>\n<p><strong>Carina S\u00e4llberg 28 juni kl. 21:03:<\/strong> <\/p>\n<p>&nbsp;<\/p>\n<p><em>&#8221;R\u00e4tteg\u00e5ngens faser som visar hur jag snabbt blev sjukare och sjukare ju mer anm\u00e4lningar om domarj\u00e4v jag framst\u00e4llde:<\/em><\/p>\n<p>&nbsp;<\/p>\n<p>1. F\u00f6rst var det diskussion om f\u00e4ngelse 21-22 maj. D\u00e5 hade mitt enskilda \u00e5tal mot \u00e5klagaren om falskt \u00e5tal inkommit och registrerats. (Not: Rekonventionstalan)<\/p>\n<p>&nbsp;<\/p>\n<p>2. Efter att jag anm\u00e4lt domarj\u00e4v blev det diskussion om paragraf 7. (Not: Enklare psykisk unders\u00f6kning)<\/p>\n<p>&nbsp;<\/p>\n<p>3. Efter min andra anm\u00e4lan om domarj\u00e4v den 30 maj blev det dagen efter den 31 maj diskussion om &#8221;utvidgad paragraf-7 med v\u00e5rdbed\u00f6mning&#8221;.<\/p>\n<p>&nbsp;<\/p>\n<p>4. Idag efter min tredje anm\u00e4lan om domarj\u00e4v blev det diskussion om stor r\u00e4ttspsykiatrisk utredning med r\u00e4ttspsykiatrisk v\u00e5rd utan s\u00e4rskild utskrivningspr\u00f6vning.<\/p>\n<p>&nbsp;<\/p>\n<p>5. Efter min fj\u00e4rde anm\u00e4lan om domarj\u00e4v, idag den 28 juni, som jag liksom tidigare konkretiserade i punkter f\u00f6r den domarkollega som hoppade in, antecknade och efter fem minuter avslog, s\u00e5 inleddes diskussion mellan \u00e5klagare och domare om det uppkomna behovet av r\u00e4ttspsykiatrisk v\u00e5rd MED s\u00e4rskild utskrivningspr\u00f6vning, dvs sluten tv\u00e5ngsv\u00e5rd\/insp\u00e4rrning.<\/p>\n<p>&nbsp;<\/p>\n<p>6. Motpartens advokat, som \u00e5ter har uppvaktat domare att avvisa alla mina vittnen, sade att hon inst\u00e4mde i den bed\u00f6mningen.&#8221;<\/p>\n\t<p><strong><a href=\"http:\/\/mmstudies.com\/sallberg\/intervju\/satir1\/\"><em>F\u00f6rsta \u00e5talspunkten: Satir med Pendang\u00a0\u00bb<\/em><\/a><\/strong><\/p>\n<p>&nbsp;<\/p>\n<p>&nbsp;<\/p>\n<p><em><strong><a href=\"http:\/\/mmstudies.com\/sallberg\/intervju\/satir2\/\">Andra \u00e5talspunken: Satir med brudkl\u00e4nning<\/a>\u00a0\u00bb<\/strong><\/em><\/p>\n<p><em><strong>\u00a0<\/strong><\/em><\/p>\n\n","protected":false},"excerpt":{"rendered":"<p>Ingrid Revhult skriver den 17 juli p\u00e5 sin Facebooksida: &nbsp; FRISKA M\u00d6RDARE KONTRA P\u00c5ST\u00c5DD SJUK SKICKLIG SKRIBENT &nbsp; Peter Madsen, m\u00f6rdade Kim Wall, lider inte av allvarlig psykisk st\u00f6rning Martin Jonsson, m\u00f6rdade Lotta Rudholm, lider inte av allvarlig psykisk st\u00f6rning Billy Fagerstr\u00f6m, m\u00f6rdade Tova Moberg, lider inte av allvarlig psykisk st\u00f6rning Johanna M\u00f6ller, Arbogakvinnan, lider&#8230;<\/p>\n","protected":false},"author":1,"featured_media":0,"parent":261,"menu_order":0,"comment_status":"closed","ping_status":"closed","template":"full-width-page.php","meta":{"footnotes":""},"class_list":["post-614","page","type-page","status-publish","hentry"],"_links":{"self":[{"href":"http:\/\/mmstudies.com\/sallberg\/wp-json\/wp\/v2\/pages\/614","targetHints":{"allow":["GET"]}}],"collection":[{"href":"http:\/\/mmstudies.com\/sallberg\/wp-json\/wp\/v2\/pages"}],"about":[{"href":"http:\/\/mmstudies.com\/sallberg\/wp-json\/wp\/v2\/types\/page"}],"author":[{"embeddable":true,"href":"http:\/\/mmstudies.com\/sallberg\/wp-json\/wp\/v2\/users\/1"}],"replies":[{"embeddable":true,"href":"http:\/\/mmstudies.com\/sallberg\/wp-json\/wp\/v2\/comments?post=614"}],"version-history":[{"count":5,"href":"http:\/\/mmstudies.com\/sallberg\/wp-json\/wp\/v2\/pages\/614\/revisions"}],"predecessor-version":[{"id":3190,"href":"http:\/\/mmstudies.com\/sallberg\/wp-json\/wp\/v2\/pages\/614\/revisions\/3190"}],"up":[{"embeddable":true,"href":"http:\/\/mmstudies.com\/sallberg\/wp-json\/wp\/v2\/pages\/261"}],"wp:attachment":[{"href":"http:\/\/mmstudies.com\/sallberg\/wp-json\/wp\/v2\/media?parent=614"}],"curies":[{"name":"wp","href":"https:\/\/api.w.org\/{rel}","templated":true}]}}