{"id":665,"date":"2018-07-19T07:32:35","date_gmt":"2018-07-19T07:32:35","guid":{"rendered":"http:\/\/mmstudies.com\/sallberg\/?page_id=665"},"modified":"2018-07-19T07:35:49","modified_gmt":"2018-07-19T07:35:49","slug":"2018-07-07-blogg","status":"publish","type":"page","link":"http:\/\/mmstudies.com\/sallberg\/2018-07-07-blogg\/","title":{"rendered":"Blogg"},"content":{"rendered":"<h1><a href=\"http:\/\/mmstudies.com\/sallberg\/2018\/07\/07\/blogg\/#comments\">Klicka p\u00e5 l\u00e4nken f\u00f6r att komma till bloggen\u00a0\u00bb<\/a><\/h1>\n","protected":false},"excerpt":{"rendered":"<p>Klicka p\u00e5 l\u00e4nken f\u00f6r att komma till bloggen\u00a0\u00bb<\/p>\n","protected":false},"author":1,"featured_media":0,"parent":0,"menu_order":0,"comment_status":"closed","ping_status":"closed","template":"full-width-page.php","meta":{"footnotes":""},"class_list":["post-665","page","type-page","status-publish","hentry"],"_links":{"self":[{"href":"http:\/\/mmstudies.com\/sallberg\/wp-json\/wp\/v2\/pages\/665","targetHints":{"allow":["GET"]}}],"collection":[{"href":"http:\/\/mmstudies.com\/sallberg\/wp-json\/wp\/v2\/pages"}],"about":[{"href":"http:\/\/mmstudies.com\/sallberg\/wp-json\/wp\/v2\/types\/page"}],"author":[{"embeddable":true,"href":"http:\/\/mmstudies.com\/sallberg\/wp-json\/wp\/v2\/users\/1"}],"replies":[{"embeddable":true,"href":"http:\/\/mmstudies.com\/sallberg\/wp-json\/wp\/v2\/comments?post=665"}],"version-history":[{"count":2,"href":"http:\/\/mmstudies.com\/sallberg\/wp-json\/wp\/v2\/pages\/665\/revisions"}],"predecessor-version":[{"id":667,"href":"http:\/\/mmstudies.com\/sallberg\/wp-json\/wp\/v2\/pages\/665\/revisions\/667"}],"wp:attachment":[{"href":"http:\/\/mmstudies.com\/sallberg\/wp-json\/wp\/v2\/media?parent=665"}],"curies":[{"name":"wp","href":"https:\/\/api.w.org\/{rel}","templated":true}]}}