{"id":888,"date":"2018-07-28T20:15:35","date_gmt":"2018-07-28T20:15:35","guid":{"rendered":"http:\/\/mmstudies.com\/sallberg\/?page_id=888"},"modified":"2023-08-09T12:02:44","modified_gmt":"2023-08-09T12:02:44","slug":"avvisadevittnen","status":"publish","type":"page","link":"http:\/\/mmstudies.com\/sallberg\/mal4019-16\/avvisadevittnen\/","title":{"rendered":"Chefsr\u00e5dman Nicklas S\u00f6derberg avvisar Carinas 13 vittnen, med &#8221;motiveringen&#8221; att de inte &#8221;beh\u00f6vs&#8221;"},"content":{"rendered":"\n\n\tCHEFSR\u00c5DMAN NICKLAS S\u00d6DERBERG AVVISAR<br \/>\nCARINAS 13 VITTNEN MED &#8221;MOTIVERINGEN&#8221; ATT DE INTE &#8221;BEH\u00d6VS&#8221;\n\t<p>Carina S\u00e4llberg i mail till chefsr\u00e5dmannen Nicklas S\u00f6derberg:<\/p>\n<p>&nbsp;<\/p>\n<p><em>&#8221;Varf\u00f6r har du avvisat mina 13 vittnen?<\/em><\/p>\n<p><em>Varf\u00f6r vill du inte ge mig r\u00e4tt att f\u00f6rsvara mig&#8221;<\/em><\/p>\n<p>&nbsp;<\/p>\n<p>De \u00f6vriga 8 vittnen som ing\u00e5r i de inalles 21, som Carina rapporterat om som avvisade, g\u00e4ller m\u00e5len om grovt f\u00f6rtal mot Robert Dujmovic.<\/p>\n<p>Se <a href=\"http:\/\/mmstudeis.com\/sallberg\/satir1\">Satir 1<\/a> och <a href=\"http:\/\/mmstudies.com\/sallberg\/satir2\">Satir 2<\/a><\/p>\n<p>&nbsp;<\/p>\n<p>OBS! K\u00e4nsliga sinnen varnas f\u00f6r h\u00f6ggradigt uppr\u00f6rande\u00a0l\u00e4sning!<\/p>\n<p>&nbsp;<\/p>\n<p>Ingen hade v\u00e4l i sin vildaste fantasi kunnat f\u00f6rest\u00e4lla sig att det \u00e4r s\u00e5 h\u00e4r det g\u00e5r till i en svensk domstol.<\/p>\n<p>&nbsp;<\/p>\n<p>Och inte ens advokat <a href=\"http:\/\/mmstudies.com\/sallberg\/jorgenssen\/\">Clas J\u00f6rgensen<\/a> sj\u00e4lv anses betrodd att vittna i r\u00e4tten f\u00f6r Carinas sak. \u00c4ven han str\u00f6ks n\u00e4mligen, tillsammans med de \u00f6vriga tolv, vars vittnesm\u00e5ls legitimitet redog\u00f6rs f\u00f6r mer i detalj h\u00e4r nedan av Carinas nuvarande advokat Maria Fager Hohenthal.<\/p>\n<p>&nbsp;<\/p>\n<p>Men alla dess sk &#8221;ovidkommande vidlyftigheter&#8221; avf\u00e4rdas med en l\u00e4tt handviftning av den maktfullkomligt env\u00e4ldige chefsr\u00e5dmannen\/diktatorn Nicklas \u00a0S\u00f6derberg.<\/p>\n\t\t\t\t<img loading=\"lazy\" decoding=\"async\" src=\"http:\/\/mmstudies.com\/sallberg\/wp-content\/uploads\/sites\/13\/2018\/07\/Nicklas-avslag-vittnen-1-1.jpeg\" alt=\"Nicklas avslag vittnen 1 1\" itemprop=\"image\" height=\"802\" width=\"723\" title=\"Nicklas avslag vittnen 1 1\" onerror=\"this.style.display='none'\"  \/>\n\t\t\t\t<img loading=\"lazy\" decoding=\"async\" src=\"http:\/\/mmstudies.com\/sallberg\/wp-content\/uploads\/sites\/13\/2018\/07\/Nicklas-avslag-vittnen-2-1-1.jpeg\" alt=\"Nicklas avslag vittnen 2 1\" itemprop=\"image\" height=\"913\" width=\"730\" title=\"Nicklas avslag vittnen 2 1\" onerror=\"this.style.display='none'\"  \/>\n\t\t\t\t<img loading=\"lazy\" decoding=\"async\" src=\"http:\/\/mmstudies.com\/sallberg\/wp-content\/uploads\/sites\/13\/2018\/07\/Advokatvittnanbevisavslag-1-1.jpeg\" alt=\"Advokat:vittnan:bevis:avslag 1 1\" itemprop=\"image\" height=\"1099\" width=\"720\" title=\"Advokat:vittnan:bevis:avslag 1 1\" onerror=\"this.style.display='none'\"  \/>\n\t\t\t\t<img loading=\"lazy\" decoding=\"async\" src=\"http:\/\/mmstudies.com\/sallberg\/wp-content\/uploads\/sites\/13\/2018\/08\/Advokatvittnanbevisavslag-2-1.jpeg\" alt=\"Advokatvittnanbevisavslag-2-1\" itemprop=\"image\" height=\"904\" width=\"691\" title=\"Advokatvittnanbevisavslag-2-1\" onerror=\"this.style.display='none'\"  \/>\n\t\t\t\t<img loading=\"lazy\" decoding=\"async\" src=\"http:\/\/mmstudies.com\/sallberg\/wp-content\/uploads\/sites\/13\/2018\/07\/Advokatvittnanbevisavslag-3.jpeg\" alt=\"Advokat:vittnan:bevis:avslag 3\" itemprop=\"image\" height=\"1099\" width=\"720\" title=\"Advokat:vittnan:bevis:avslag 3\" onerror=\"this.style.display='none'\"  \/>\n\t\t\t\t<img loading=\"lazy\" decoding=\"async\" src=\"http:\/\/mmstudies.com\/sallberg\/wp-content\/uploads\/sites\/13\/2018\/08\/Advokatvittnanbevisavslag-4-1.jpeg\" alt=\"Advokatvittnanbevisavslag-4\" itemprop=\"image\" height=\"1099\" width=\"720\" title=\"Advokatvittnanbevisavslag-4\" onerror=\"this.style.display='none'\"  \/>\n\t\t\t\t<img loading=\"lazy\" decoding=\"async\" src=\"http:\/\/mmstudies.com\/sallberg\/wp-content\/uploads\/sites\/13\/2018\/10\/Sk\u00e4rmklipp-2018-10-20-14.04.59.png\" alt=\"Sk\u00e4rmklipp 2018-10-20 14.04.59\" itemprop=\"image\" height=\"316\" width=\"1280\" title=\"Sk\u00e4rmklipp 2018-10-20 14.04.59\" onerror=\"this.style.display='none'\"  \/>\n\t\t\t\t<img loading=\"lazy\" decoding=\"async\" src=\"http:\/\/mmstudies.com\/sallberg\/wp-content\/uploads\/sites\/13\/2018\/10\/Sk\u00e4rmklipp-2018-10-20-13.31.41.png\" alt=\"Sk\u00e4rmklipp 2018-10-20 13.31.41\" itemprop=\"image\" height=\"1024\" width=\"859\" title=\"Sk\u00e4rmklipp 2018-10-20 13.31.41\" onerror=\"this.style.display='none'\"  \/>\n\t\t\t\t<img loading=\"lazy\" decoding=\"async\" src=\"http:\/\/mmstudies.com\/sallberg\/wp-content\/uploads\/sites\/13\/2018\/07\/Advokatvittnanbevisavslag-6.jpeg\" alt=\"Advokat:vittnan:bevis:avslag 6\" itemprop=\"image\" height=\"1099\" width=\"720\" title=\"Advokat:vittnan:bevis:avslag 6\" onerror=\"this.style.display='none'\"  \/>\n\t\t\t\t<img loading=\"lazy\" decoding=\"async\" src=\"http:\/\/mmstudies.com\/sallberg\/wp-content\/uploads\/sites\/13\/2018\/07\/Advokatvittnanbevisavslag-7-2.jpeg\" alt=\"Advokat:vittnan:bevis:avslag 7 2\" itemprop=\"image\" height=\"1099\" width=\"720\" title=\"Advokat:vittnan:bevis:avslag 7 2\" onerror=\"this.style.display='none'\"  \/>\n\t\t\t\t<img loading=\"lazy\" decoding=\"async\" src=\"http:\/\/mmstudies.com\/sallberg\/wp-content\/uploads\/sites\/13\/2018\/07\/Advokatvittnanbevisavslag-8.jpeg\" alt=\"Advokat:vittnan:bevis:avslag 8\" itemprop=\"image\" height=\"516\" width=\"769\" title=\"Advokat:vittnan:bevis:avslag 8\" onerror=\"this.style.display='none'\"  \/>\n\n","protected":false},"excerpt":{"rendered":"<p>CHEFSR\u00c5DMAN NICKLAS S\u00d6DERBERG AVVISAR CARINAS 13 VITTNEN MED &#8221;MOTIVERINGEN&#8221; ATT DE INTE &#8221;BEH\u00d6VS&#8221; Carina S\u00e4llberg i mail till chefsr\u00e5dmannen Nicklas S\u00f6derberg: &nbsp; &#8221;Varf\u00f6r har du avvisat mina 13 vittnen? Varf\u00f6r vill du inte ge mig r\u00e4tt att f\u00f6rsvara mig&#8221; &nbsp; De \u00f6vriga 8 vittnen som ing\u00e5r i de inalles 21, som Carina rapporterat om som&#8230;<\/p>\n","protected":false},"author":1,"featured_media":0,"parent":1160,"menu_order":0,"comment_status":"closed","ping_status":"closed","template":"full-width-page.php","meta":{"footnotes":""},"class_list":["post-888","page","type-page","status-publish","hentry"],"_links":{"self":[{"href":"http:\/\/mmstudies.com\/sallberg\/wp-json\/wp\/v2\/pages\/888","targetHints":{"allow":["GET"]}}],"collection":[{"href":"http:\/\/mmstudies.com\/sallberg\/wp-json\/wp\/v2\/pages"}],"about":[{"href":"http:\/\/mmstudies.com\/sallberg\/wp-json\/wp\/v2\/types\/page"}],"author":[{"embeddable":true,"href":"http:\/\/mmstudies.com\/sallberg\/wp-json\/wp\/v2\/users\/1"}],"replies":[{"embeddable":true,"href":"http:\/\/mmstudies.com\/sallberg\/wp-json\/wp\/v2\/comments?post=888"}],"version-history":[{"count":27,"href":"http:\/\/mmstudies.com\/sallberg\/wp-json\/wp\/v2\/pages\/888\/revisions"}],"predecessor-version":[{"id":3217,"href":"http:\/\/mmstudies.com\/sallberg\/wp-json\/wp\/v2\/pages\/888\/revisions\/3217"}],"up":[{"embeddable":true,"href":"http:\/\/mmstudies.com\/sallberg\/wp-json\/wp\/v2\/pages\/1160"}],"wp:attachment":[{"href":"http:\/\/mmstudies.com\/sallberg\/wp-json\/wp\/v2\/media?parent=888"}],"curies":[{"name":"wp","href":"https:\/\/api.w.org\/{rel}","templated":true}]}}